{"id":6261,"date":"2018-08-24T12:09:39","date_gmt":"2018-08-24T10:09:39","guid":{"rendered":"http:\/\/www.editorialjuventud.es\/la-seta\/"},"modified":"2021-10-22T14:32:45","modified_gmt":"2021-10-22T12:32:45","slug":"la-seta-9788426144171","status":"publish","type":"product","link":"https:\/\/www.editorialjuventud.es\/ca\/la-seta-9788426144171\/","title":{"rendered":"La seta"},"content":{"rendered":"<p>Este peque\u00f1o \u00e1lbum documental es el segundo t\u00edtulo de la serie dise\u00f1ada por Bernadette Gervais. La autora propone observar la naturaleza centr\u00e1ndose en un solo elemento, familiar para el ni\u00f1o. En este libro nos desvela los secretos de las setas y, a trav\u00e9s de ellas, nos damos cuenta de la diversidad, los recursos y los peligros que entra\u00f1a la naturaleza. \u00bfC\u00f3mo se reconoce una seta venenosa? \u00bfQui\u00e9n come setas? \u00bfC\u00f3mo nace un hongo?<br \/>\nPara que TODOS aprendan y comprendan esta maravilla de la naturaleza, la autora ha dise\u00f1ado solapas que se levantan para descubrir la evoluci\u00f3n de un fen\u00f3meno, o desvelar qu\u00e9 hay tras un escondite&#8230; Al final del libro encontraremos el cl\u00e1sico juego de los siete errores, recurso que se suma a los del resto del libro y que hacen del mismo una divertida manera de aprender jugando&#8230;<\/p>\n","protected":false},"excerpt":{"rendered":"Este peque\u00f1o \u00e1lbum documental es el segundo t\u00edtulo de la serie dise\u00f1ada por Bernadette Gervais. La autora propone observar la naturaleza centr\u00e1ndose en un solo elemento, familiar para el ni\u00f1o. En este libro nos desvela los secretos de las setas [&hellip;]","protected":false},"featured_media":17198,"template":"","meta":{"_acf_changed":false,"_exactmetrics_skip_tracking":false,"_exactmetrics_sitenote_active":false,"_exactmetrics_sitenote_note":"","_exactmetrics_sitenote_category":0},"product_brand":[],"product_cat":[900,1147,892,1115,1123,1210,1128],"product_tag":[],"coleccion":[928,916,987,1064],"class_list":{"0":"post-6261","1":"product","2":"type-product","3":"status-publish","4":"has-post-thumbnail","6":"product_cat-a-partir-de-5-anos","7":"product_cat-ciclo-de-la-vida","8":"product_cat-edades","9":"product_cat-generos","10":"product_cat-libros-informativos-infantil","11":"product_cat-plantas-bosques","12":"product_cat-tematica","13":"coleccion-albumes-ilustrados","14":"coleccion-castellano","15":"coleccion-conocer-y-comprender","16":"coleccion-maravillas-de-la-naturaleza","18":"first","19":"instock","20":"taxable","21":"shipping-taxable","22":"purchasable","23":"product-type-simple"},"acf":{"autor":"GERVAIS, BERNADETTE","codart":"4417","ediciones":"1","encuadernacion":"POP UPS","fecha_de_publicacion":"01\/07\/2017","novedad":"0","paginas":"24","subtitulo":"","texto_web_adicional":"","texto_web_novedad":"","orden":"999","portada":"0","texto_web_resaltado":"","indice":"","autores-libros":[16367],"ilustradores-libros":[16367],"traductores-libros":[30410],"descripcion_corta":"","recomendamos":"","mas_vendido":"","idioma-libro":"","color":false,"formato":"","mas_informacion_del_producto":false,"premios":false,"texto_enlace_cubierta":"","enlace_cubierta":false,"texto_enlace_ficha_tecnica":"","enlace_ficha_tecnica":{"ID":30414,"id":30414,"title":"La seta ficha","filename":"La-seta-ficha.pdf","filesize":328741,"url":"https:\/\/www.editorialjuventud.es\/wp-content\/uploads\/La-seta-ficha.pdf","link":"https:\/\/www.editorialjuventud.es\/ca\/?attachment_id=30414","alt":"","author":"47","description":"","caption":"","name":"la-seta-ficha","status":"inherit","uploaded_to":6261,"date":"2019-07-24 08:36:15","modified":"2019-07-24 08:36:15","menu_order":0,"mime_type":"application\/pdf","type":"application","subtype":"pdf","icon":"https:\/\/www.editorialjuventud.es\/wp-includes\/images\/media\/document.png"},"ficheros":false,"titulo-fr":"","texto-fr":""},"yoast_head":"<!-- This site is optimized with the Yoast SEO plugin v27.3 - https:\/\/yoast.com\/product\/yoast-seo-wordpress\/ -->\n<title>La seta - Editorial Juventud<\/title>\n<meta name=\"description\" content=\"Este peque\u00f1o \u00e1lbum documental es el segundo t\u00edtulo de la serie dise\u00f1ada por Bernadette Gervais. La autora propone observar la naturaleza centr\u00e1ndose en un\" \/>\n<meta name=\"robots\" content=\"index, follow, max-snippet:-1, max-image-preview:large, max-video-preview:-1\" \/>\n<link rel=\"canonical\" href=\"https:\/\/www.editorialjuventud.es\/la-seta-9788426144171\/\" \/>\n<meta property=\"og:locale\" content=\"ca_ES\" \/>\n<meta property=\"og:type\" content=\"article\" \/>\n<meta property=\"og:title\" content=\"La seta - Editorial Juventud\" \/>\n<meta property=\"og:description\" content=\"Este peque\u00f1o \u00e1lbum documental es el segundo t\u00edtulo de la serie dise\u00f1ada por Bernadette Gervais. La autora propone observar la naturaleza centr\u00e1ndose en un\" \/>\n<meta property=\"og:url\" content=\"https:\/\/www.editorialjuventud.es\/la-seta-9788426144171\/\" \/>\n<meta property=\"og:site_name\" content=\"Editorial Juventud\" \/>\n<meta property=\"article:modified_time\" content=\"2021-10-22T12:32:45+00:00\" \/>\n<meta property=\"og:image\" content=\"https:\/\/www.editorialjuventud.es\/wp-content\/uploads\/4417.jpg\" \/>\n\t<meta property=\"og:image:width\" content=\"403\" \/>\n\t<meta property=\"og:image:height\" content=\"450\" \/>\n\t<meta property=\"og:image:type\" content=\"image\/jpeg\" \/>\n<meta name=\"twitter:card\" content=\"summary_large_image\" \/>\n<meta name=\"twitter:label1\" content=\"Temps estimat de lectura\" \/>\n\t<meta name=\"twitter:data1\" content=\"1 minut\" \/>\n<script type=\"application\/ld+json\" class=\"yoast-schema-graph\">{\"@context\":\"https:\\\/\\\/schema.org\",\"@graph\":[{\"@type\":\"WebPage\",\"@id\":\"https:\\\/\\\/www.editorialjuventud.es\\\/la-seta-9788426144171\\\/\",\"url\":\"https:\\\/\\\/www.editorialjuventud.es\\\/la-seta-9788426144171\\\/\",\"name\":\"La seta - Editorial Juventud\",\"isPartOf\":{\"@id\":\"https:\\\/\\\/www.editorialjuventud.es\\\/#website\"},\"primaryImageOfPage\":{\"@id\":\"https:\\\/\\\/www.editorialjuventud.es\\\/la-seta-9788426144171\\\/#primaryimage\"},\"image\":{\"@id\":\"https:\\\/\\\/www.editorialjuventud.es\\\/la-seta-9788426144171\\\/#primaryimage\"},\"thumbnailUrl\":\"https:\\\/\\\/www.editorialjuventud.es\\\/wp-content\\\/uploads\\\/4417.jpg\",\"datePublished\":\"2018-08-24T10:09:39+00:00\",\"dateModified\":\"2021-10-22T12:32:45+00:00\",\"description\":\"Este peque\u00f1o \u00e1lbum documental es el segundo t\u00edtulo de la serie dise\u00f1ada por Bernadette Gervais. La autora propone observar la naturaleza centr\u00e1ndose en un\",\"breadcrumb\":{\"@id\":\"https:\\\/\\\/www.editorialjuventud.es\\\/la-seta-9788426144171\\\/#breadcrumb\"},\"inLanguage\":\"ca\",\"potentialAction\":[{\"@type\":\"ReadAction\",\"target\":[\"https:\\\/\\\/www.editorialjuventud.es\\\/la-seta-9788426144171\\\/\"]}]},{\"@type\":\"ImageObject\",\"inLanguage\":\"ca\",\"@id\":\"https:\\\/\\\/www.editorialjuventud.es\\\/la-seta-9788426144171\\\/#primaryimage\",\"url\":\"https:\\\/\\\/www.editorialjuventud.es\\\/wp-content\\\/uploads\\\/4417.jpg\",\"contentUrl\":\"https:\\\/\\\/www.editorialjuventud.es\\\/wp-content\\\/uploads\\\/4417.jpg\",\"width\":403,\"height\":450,\"caption\":\"4417.jpg\"},{\"@type\":\"BreadcrumbList\",\"@id\":\"https:\\\/\\\/www.editorialjuventud.es\\\/la-seta-9788426144171\\\/#breadcrumb\",\"itemListElement\":[{\"@type\":\"ListItem\",\"position\":1,\"name\":\"Portada\",\"item\":\"https:\\\/\\\/www.editorialjuventud.es\\\/\"},{\"@type\":\"ListItem\",\"position\":2,\"name\":\"cat\u00e1logo\",\"item\":\"https:\\\/\\\/www.editorialjuventud.es\\\/coleccion\\\/catalogo\\\/\"},{\"@type\":\"ListItem\",\"position\":3,\"name\":\"castellano\",\"item\":\"https:\\\/\\\/www.editorialjuventud.es\\\/coleccion\\\/castellano\\\/\"},{\"@type\":\"ListItem\",\"position\":4,\"name\":\"\u00c1lbumes Ilustrados\",\"item\":\"https:\\\/\\\/www.editorialjuventud.es\\\/coleccion\\\/albumes-ilustrados\\\/\"},{\"@type\":\"ListItem\",\"position\":5,\"name\":\"Conocer y Comprender\",\"item\":\"https:\\\/\\\/www.editorialjuventud.es\\\/coleccion\\\/conocer-y-comprender\\\/\"},{\"@type\":\"ListItem\",\"position\":6,\"name\":\"Maravillas de la Naturaleza\",\"item\":\"https:\\\/\\\/www.editorialjuventud.es\\\/coleccion\\\/maravillas-de-la-naturaleza\\\/\"},{\"@type\":\"ListItem\",\"position\":7,\"name\":\"La seta\"}]},{\"@type\":\"WebSite\",\"@id\":\"https:\\\/\\\/www.editorialjuventud.es\\\/#website\",\"url\":\"https:\\\/\\\/www.editorialjuventud.es\\\/\",\"name\":\"Editorial Juventud\",\"description\":\"\",\"potentialAction\":[{\"@type\":\"SearchAction\",\"target\":{\"@type\":\"EntryPoint\",\"urlTemplate\":\"https:\\\/\\\/www.editorialjuventud.es\\\/?s={search_term_string}\"},\"query-input\":{\"@type\":\"PropertyValueSpecification\",\"valueRequired\":true,\"valueName\":\"search_term_string\"}}],\"inLanguage\":\"ca\"}]}<\/script>\n<!-- \/ Yoast SEO plugin. -->","yoast_head_json":{"title":"La seta - Editorial Juventud","description":"Este peque\u00f1o \u00e1lbum documental es el segundo t\u00edtulo de la serie dise\u00f1ada por Bernadette Gervais. La autora propone observar la naturaleza centr\u00e1ndose en un","robots":{"index":"index","follow":"follow","max-snippet":"max-snippet:-1","max-image-preview":"max-image-preview:large","max-video-preview":"max-video-preview:-1"},"canonical":"https:\/\/www.editorialjuventud.es\/la-seta-9788426144171\/","og_locale":"ca_ES","og_type":"article","og_title":"La seta - Editorial Juventud","og_description":"Este peque\u00f1o \u00e1lbum documental es el segundo t\u00edtulo de la serie dise\u00f1ada por Bernadette Gervais. La autora propone observar la naturaleza centr\u00e1ndose en un","og_url":"https:\/\/www.editorialjuventud.es\/la-seta-9788426144171\/","og_site_name":"Editorial Juventud","article_modified_time":"2021-10-22T12:32:45+00:00","og_image":[{"width":403,"height":450,"url":"https:\/\/www.editorialjuventud.es\/wp-content\/uploads\/4417.jpg","type":"image\/jpeg"}],"twitter_card":"summary_large_image","twitter_misc":{"Temps estimat de lectura":"1 minut"},"schema":{"@context":"https:\/\/schema.org","@graph":[{"@type":"WebPage","@id":"https:\/\/www.editorialjuventud.es\/la-seta-9788426144171\/","url":"https:\/\/www.editorialjuventud.es\/la-seta-9788426144171\/","name":"La seta - Editorial Juventud","isPartOf":{"@id":"https:\/\/www.editorialjuventud.es\/#website"},"primaryImageOfPage":{"@id":"https:\/\/www.editorialjuventud.es\/la-seta-9788426144171\/#primaryimage"},"image":{"@id":"https:\/\/www.editorialjuventud.es\/la-seta-9788426144171\/#primaryimage"},"thumbnailUrl":"https:\/\/www.editorialjuventud.es\/wp-content\/uploads\/4417.jpg","datePublished":"2018-08-24T10:09:39+00:00","dateModified":"2021-10-22T12:32:45+00:00","description":"Este peque\u00f1o \u00e1lbum documental es el segundo t\u00edtulo de la serie dise\u00f1ada por Bernadette Gervais. La autora propone observar la naturaleza centr\u00e1ndose en un","breadcrumb":{"@id":"https:\/\/www.editorialjuventud.es\/la-seta-9788426144171\/#breadcrumb"},"inLanguage":"ca","potentialAction":[{"@type":"ReadAction","target":["https:\/\/www.editorialjuventud.es\/la-seta-9788426144171\/"]}]},{"@type":"ImageObject","inLanguage":"ca","@id":"https:\/\/www.editorialjuventud.es\/la-seta-9788426144171\/#primaryimage","url":"https:\/\/www.editorialjuventud.es\/wp-content\/uploads\/4417.jpg","contentUrl":"https:\/\/www.editorialjuventud.es\/wp-content\/uploads\/4417.jpg","width":403,"height":450,"caption":"4417.jpg"},{"@type":"BreadcrumbList","@id":"https:\/\/www.editorialjuventud.es\/la-seta-9788426144171\/#breadcrumb","itemListElement":[{"@type":"ListItem","position":1,"name":"Portada","item":"https:\/\/www.editorialjuventud.es\/"},{"@type":"ListItem","position":2,"name":"cat\u00e1logo","item":"https:\/\/www.editorialjuventud.es\/coleccion\/catalogo\/"},{"@type":"ListItem","position":3,"name":"castellano","item":"https:\/\/www.editorialjuventud.es\/coleccion\/castellano\/"},{"@type":"ListItem","position":4,"name":"\u00c1lbumes Ilustrados","item":"https:\/\/www.editorialjuventud.es\/coleccion\/albumes-ilustrados\/"},{"@type":"ListItem","position":5,"name":"Conocer y Comprender","item":"https:\/\/www.editorialjuventud.es\/coleccion\/conocer-y-comprender\/"},{"@type":"ListItem","position":6,"name":"Maravillas de la Naturaleza","item":"https:\/\/www.editorialjuventud.es\/coleccion\/maravillas-de-la-naturaleza\/"},{"@type":"ListItem","position":7,"name":"La seta"}]},{"@type":"WebSite","@id":"https:\/\/www.editorialjuventud.es\/#website","url":"https:\/\/www.editorialjuventud.es\/","name":"Editorial Juventud","description":"","potentialAction":[{"@type":"SearchAction","target":{"@type":"EntryPoint","urlTemplate":"https:\/\/www.editorialjuventud.es\/?s={search_term_string}"},"query-input":{"@type":"PropertyValueSpecification","valueRequired":true,"valueName":"search_term_string"}}],"inLanguage":"ca"}]}},"_links":{"self":[{"href":"https:\/\/www.editorialjuventud.es\/ca\/wp-json\/wp\/v2\/product\/6261","targetHints":{"allow":["GET"]}}],"collection":[{"href":"https:\/\/www.editorialjuventud.es\/ca\/wp-json\/wp\/v2\/product"}],"about":[{"href":"https:\/\/www.editorialjuventud.es\/ca\/wp-json\/wp\/v2\/types\/product"}],"wp:featuredmedia":[{"embeddable":true,"href":"https:\/\/www.editorialjuventud.es\/ca\/wp-json\/wp\/v2\/media\/17198"}],"wp:attachment":[{"href":"https:\/\/www.editorialjuventud.es\/ca\/wp-json\/wp\/v2\/media?parent=6261"}],"wp:term":[{"taxonomy":"product_brand","embeddable":true,"href":"https:\/\/www.editorialjuventud.es\/ca\/wp-json\/wp\/v2\/product_brand?post=6261"},{"taxonomy":"product_cat","embeddable":true,"href":"https:\/\/www.editorialjuventud.es\/ca\/wp-json\/wp\/v2\/product_cat?post=6261"},{"taxonomy":"product_tag","embeddable":true,"href":"https:\/\/www.editorialjuventud.es\/ca\/wp-json\/wp\/v2\/product_tag?post=6261"},{"taxonomy":"coleccion","embeddable":true,"href":"https:\/\/www.editorialjuventud.es\/ca\/wp-json\/wp\/v2\/coleccion?post=6261"}],"curies":[{"name":"wp","href":"https:\/\/api.w.org\/{rel}","templated":true}]}}