{"id":6256,"date":"2018-08-24T14:09:19","date_gmt":"2018-08-24T10:09:19","guid":{"rendered":"http:\/\/www.editorialjuventud.es\/el-gran-llibre-de-les-besties\/"},"modified":"2023-04-03T11:27:50","modified_gmt":"2023-04-03T09:27:50","slug":"el-gran-llibre-de-les-besties-9788426144126","status":"publish","type":"product","link":"https:\/\/www.editorialjuventud.es\/ca\/el-gran-llibre-de-les-besties-9788426144126\/","title":{"rendered":"El gran llibre de les b\u00e8sties"},"content":{"rendered":"<p>Per qu\u00e8 els llops udolen a la lluna? \u00c9s cert que les hienes riuen? Per qu\u00e8 els agrada el fang als hipop\u00f2tams?<br \/>\nTroba les respostes a aquestes preguntes bestials, i moltes m\u00e9s, a dins del llibre.<br \/>\nDescobreix tota mena de b\u00e8sties brunes, peludes, salvatges i meravelloses d&#8217;arreu del m\u00f3n en el primer llibre d&#8217;animals per gaudir llegint amb els m\u00e9s joves.<\/p>\n","protected":false},"excerpt":{"rendered":"Per qu\u00e8 els llops udolen a la lluna? \u00c9s cert que les hienes riuen? Per qu\u00e8 els agrada el fang als hipop\u00f2tams? Troba les respostes a aquestes preguntes bestials, i moltes m\u00e9s, a dins del llibre. Descobreix tota mena de [&hellip;]","protected":false},"featured_media":36355,"template":"","meta":{"_acf_changed":false,"_exactmetrics_skip_tracking":false,"_exactmetrics_sitenote_active":false,"_exactmetrics_sitenote_note":"","_exactmetrics_sitenote_category":0},"product_brand":[],"product_cat":[900,1138,892,1115,1123,1201,1128],"product_tag":[],"coleccion":[917,915,946,1032],"class_list":{"0":"post-6256","1":"product","2":"type-product","3":"status-publish","4":"has-post-thumbnail","6":"product_cat-a-partir-de-5-anos","7":"product_cat-animales","8":"product_cat-edades","9":"product_cat-generos","10":"product_cat-libros-informativos-infantil","11":"product_cat-naturaleza-biodiversidad","12":"product_cat-tematica","13":"coleccion-albums-illustrats","14":"coleccion-catala","15":"coleccion-com-i-per-que","16":"coleccion-fauna-i-flora","18":"first","19":"instock","20":"taxable","21":"shipping-taxable","22":"purchasable","23":"product-type-simple"},"acf":{"autor":"ZOMMER, YUVAL","codart":"4412","ediciones":"5","encuadernacion":"Carton\u00e9","fecha_de_publicacion":"01\/03\/2017","novedad":"0","paginas":"64","subtitulo":"","texto_web_adicional":"","texto_web_novedad":"","orden":"999","portada":"0","texto_web_resaltado":"","indice":"","autores-libros":[16700],"ilustradores-libros":[16700],"traductores-libros":[18265],"descripcion_corta":"","recomendamos":"","mas_vendido":"","idioma-libro":"","color":false,"formato":"","mas_informacion_del_producto":false,"premios":[{"premio":"The English Association's Nonfiction Award","anyo_del_premio":" 2017","pais_del_premio":""},{"premio":"Medalla de Oro de Made for Moms (Serie Bicharracos)","anyo_del_premio":"2019","pais_del_premio":""}],"texto_enlace_cubierta":"","enlace_cubierta":{"ID":36524,"id":36524,"title":"CO_LlibreDeLesBesties_cover ORANGE_CAT.indd","filename":"ElGranLlibreDeLesBesties_Cover_300px_CAT.jpg","filesize":1444811,"url":"https:\/\/www.editorialjuventud.es\/wp-content\/uploads\/ElGranLlibreDeLesBesties_Cover_300px_CAT.jpg","link":"https:\/\/www.editorialjuventud.es\/ca\/?attachment_id=36524","alt":"","author":"50","description":"","caption":"","name":"co_llibredelesbesties_cover-orange_cat-indd","status":"inherit","uploaded_to":6256,"date":"2020-01-16 09:47:19","modified":"2020-01-16 09:47:19","menu_order":0,"mime_type":"image\/jpeg","type":"image","subtype":"jpeg","icon":"https:\/\/www.editorialjuventud.es\/wp-includes\/images\/media\/default.png","width":2799,"height":4086,"sizes":{"thumbnail":"https:\/\/www.editorialjuventud.es\/wp-content\/uploads\/ElGranLlibreDeLesBesties_Cover_300px_CAT-200x200.jpg","thumbnail-width":200,"thumbnail-height":200,"medium":"https:\/\/www.editorialjuventud.es\/wp-content\/uploads\/ElGranLlibreDeLesBesties_Cover_300px_CAT.jpg","medium-width":2799,"medium-height":4086,"medium_large":"https:\/\/www.editorialjuventud.es\/wp-content\/uploads\/ElGranLlibreDeLesBesties_Cover_300px_CAT-768x1121.jpg","medium_large-width":768,"medium_large-height":1121,"large":"https:\/\/www.editorialjuventud.es\/wp-content\/uploads\/ElGranLlibreDeLesBesties_Cover_300px_CAT.jpg","large-width":2799,"large-height":4086,"1536x1536":"https:\/\/www.editorialjuventud.es\/wp-content\/uploads\/ElGranLlibreDeLesBesties_Cover_300px_CAT.jpg","1536x1536-width":1052,"1536x1536-height":1536,"2048x2048":"https:\/\/www.editorialjuventud.es\/wp-content\/uploads\/ElGranLlibreDeLesBesties_Cover_300px_CAT.jpg","2048x2048-width":1403,"2048x2048-height":2048,"woocommerce_thumbnail":"https:\/\/www.editorialjuventud.es\/wp-content\/uploads\/ElGranLlibreDeLesBesties_Cover_300px_CAT-350x511.jpg","woocommerce_thumbnail-width":350,"woocommerce_thumbnail-height":511,"woocommerce_single":"https:\/\/www.editorialjuventud.es\/wp-content\/uploads\/ElGranLlibreDeLesBesties_Cover_300px_CAT-900x1314.jpg","woocommerce_single-width":900,"woocommerce_single-height":1314,"woocommerce_gallery_thumbnail":"https:\/\/www.editorialjuventud.es\/wp-content\/uploads\/ElGranLlibreDeLesBesties_Cover_300px_CAT-100x100.jpg","woocommerce_gallery_thumbnail-width":100,"woocommerce_gallery_thumbnail-height":100,"ppec_logo_image_size":"https:\/\/www.editorialjuventud.es\/wp-content\/uploads\/ElGranLlibreDeLesBesties_Cover_300px_CAT.jpg","ppec_logo_image_size-width":41,"ppec_logo_image_size-height":60,"ppec_header_image_size":"https:\/\/www.editorialjuventud.es\/wp-content\/uploads\/ElGranLlibreDeLesBesties_Cover_300px_CAT.jpg","ppec_header_image_size-width":62,"ppec_header_image_size-height":90}},"texto_enlace_ficha_tecnica":"","enlace_ficha_tecnica":false,"ficheros":false,"titulo-fr":"","texto-fr":"","fecha_de_reimpresion":"01\/09\/2022"},"yoast_head":"<!-- This site is optimized with the Yoast SEO plugin v27.3 - https:\/\/yoast.com\/product\/yoast-seo-wordpress\/ -->\n<title>El gran llibre de les b\u00e8sties - Editorial Juventud<\/title>\n<meta name=\"description\" content=\"Per qu\u00e8 els llops udolen a la lluna? \u00c9s cert que les hienes riuen? Per qu\u00e8 els agrada el fang als hipop\u00f2tams? Troba les respostes a aquestes preguntes\" \/>\n<meta name=\"robots\" content=\"index, follow, max-snippet:-1, max-image-preview:large, max-video-preview:-1\" \/>\n<link rel=\"canonical\" href=\"https:\/\/www.editorialjuventud.es\/el-gran-llibre-de-les-besties-9788426144126\/\" \/>\n<meta property=\"og:locale\" content=\"ca_ES\" \/>\n<meta property=\"og:type\" content=\"article\" \/>\n<meta property=\"og:title\" content=\"El gran llibre de les b\u00e8sties - Editorial Juventud\" \/>\n<meta property=\"og:description\" content=\"Per qu\u00e8 els llops udolen a la lluna? \u00c9s cert que les hienes riuen? Per qu\u00e8 els agrada el fang als hipop\u00f2tams? Troba les respostes a aquestes preguntes\" \/>\n<meta property=\"og:url\" content=\"https:\/\/www.editorialjuventud.es\/el-gran-llibre-de-les-besties-9788426144126\/\" \/>\n<meta property=\"og:site_name\" content=\"Editorial Juventud\" \/>\n<meta property=\"article:modified_time\" content=\"2023-04-03T09:27:50+00:00\" \/>\n<meta property=\"og:image\" content=\"https:\/\/www.editorialjuventud.es\/wp-content\/uploads\/9788426144126-2.jpg\" \/>\n\t<meta property=\"og:image:width\" content=\"540\" \/>\n\t<meta property=\"og:image:height\" content=\"788\" \/>\n\t<meta property=\"og:image:type\" content=\"image\/jpeg\" \/>\n<meta name=\"twitter:card\" content=\"summary_large_image\" \/>\n<script type=\"application\/ld+json\" class=\"yoast-schema-graph\">{\"@context\":\"https:\\\/\\\/schema.org\",\"@graph\":[{\"@type\":\"WebPage\",\"@id\":\"https:\\\/\\\/www.editorialjuventud.es\\\/el-gran-llibre-de-les-besties-9788426144126\\\/\",\"url\":\"https:\\\/\\\/www.editorialjuventud.es\\\/el-gran-llibre-de-les-besties-9788426144126\\\/\",\"name\":\"El gran llibre de les b\u00e8sties - Editorial Juventud\",\"isPartOf\":{\"@id\":\"https:\\\/\\\/www.editorialjuventud.es\\\/#website\"},\"primaryImageOfPage\":{\"@id\":\"https:\\\/\\\/www.editorialjuventud.es\\\/el-gran-llibre-de-les-besties-9788426144126\\\/#primaryimage\"},\"image\":{\"@id\":\"https:\\\/\\\/www.editorialjuventud.es\\\/el-gran-llibre-de-les-besties-9788426144126\\\/#primaryimage\"},\"thumbnailUrl\":\"https:\\\/\\\/www.editorialjuventud.es\\\/wp-content\\\/uploads\\\/9788426144126-2.jpg\",\"datePublished\":\"2018-08-24T10:09:19+00:00\",\"dateModified\":\"2023-04-03T09:27:50+00:00\",\"description\":\"Per qu\u00e8 els llops udolen a la lluna? \u00c9s cert que les hienes riuen? Per qu\u00e8 els agrada el fang als hipop\u00f2tams? Troba les respostes a aquestes preguntes\",\"breadcrumb\":{\"@id\":\"https:\\\/\\\/www.editorialjuventud.es\\\/el-gran-llibre-de-les-besties-9788426144126\\\/#breadcrumb\"},\"inLanguage\":\"ca\",\"potentialAction\":[{\"@type\":\"ReadAction\",\"target\":[\"https:\\\/\\\/www.editorialjuventud.es\\\/el-gran-llibre-de-les-besties-9788426144126\\\/\"]}]},{\"@type\":\"ImageObject\",\"inLanguage\":\"ca\",\"@id\":\"https:\\\/\\\/www.editorialjuventud.es\\\/el-gran-llibre-de-les-besties-9788426144126\\\/#primaryimage\",\"url\":\"https:\\\/\\\/www.editorialjuventud.es\\\/wp-content\\\/uploads\\\/9788426144126-2.jpg\",\"contentUrl\":\"https:\\\/\\\/www.editorialjuventud.es\\\/wp-content\\\/uploads\\\/9788426144126-2.jpg\",\"width\":540,\"height\":788,\"caption\":\"9788426144126.jpg\"},{\"@type\":\"BreadcrumbList\",\"@id\":\"https:\\\/\\\/www.editorialjuventud.es\\\/el-gran-llibre-de-les-besties-9788426144126\\\/#breadcrumb\",\"itemListElement\":[{\"@type\":\"ListItem\",\"position\":1,\"name\":\"Portada\",\"item\":\"https:\\\/\\\/www.editorialjuventud.es\\\/\"},{\"@type\":\"ListItem\",\"position\":2,\"name\":\"cat\u00e1logo\",\"item\":\"https:\\\/\\\/www.editorialjuventud.es\\\/coleccion\\\/catalogo\\\/\"},{\"@type\":\"ListItem\",\"position\":3,\"name\":\"catal\u00e0\",\"item\":\"https:\\\/\\\/www.editorialjuventud.es\\\/coleccion\\\/catala\\\/\"},{\"@type\":\"ListItem\",\"position\":4,\"name\":\"\u00c0lbums Il\u00b7lustrats\",\"item\":\"https:\\\/\\\/www.editorialjuventud.es\\\/coleccion\\\/albums-il%c2%b7lustrats\\\/\"},{\"@type\":\"ListItem\",\"position\":5,\"name\":\"Com i Per qu\u00e8\",\"item\":\"https:\\\/\\\/www.editorialjuventud.es\\\/coleccion\\\/com-i-per-que\\\/\"},{\"@type\":\"ListItem\",\"position\":6,\"name\":\"Fauna i Flora\",\"item\":\"https:\\\/\\\/www.editorialjuventud.es\\\/coleccion\\\/fauna-i-flora\\\/\"},{\"@type\":\"ListItem\",\"position\":7,\"name\":\"El gran llibre de les b\u00e8sties\"}]},{\"@type\":\"WebSite\",\"@id\":\"https:\\\/\\\/www.editorialjuventud.es\\\/#website\",\"url\":\"https:\\\/\\\/www.editorialjuventud.es\\\/\",\"name\":\"Editorial Juventud\",\"description\":\"\",\"potentialAction\":[{\"@type\":\"SearchAction\",\"target\":{\"@type\":\"EntryPoint\",\"urlTemplate\":\"https:\\\/\\\/www.editorialjuventud.es\\\/?s={search_term_string}\"},\"query-input\":{\"@type\":\"PropertyValueSpecification\",\"valueRequired\":true,\"valueName\":\"search_term_string\"}}],\"inLanguage\":\"ca\"}]}<\/script>\n<!-- \/ Yoast SEO plugin. -->","yoast_head_json":{"title":"El gran llibre de les b\u00e8sties - Editorial Juventud","description":"Per qu\u00e8 els llops udolen a la lluna? \u00c9s cert que les hienes riuen? Per qu\u00e8 els agrada el fang als hipop\u00f2tams? Troba les respostes a aquestes preguntes","robots":{"index":"index","follow":"follow","max-snippet":"max-snippet:-1","max-image-preview":"max-image-preview:large","max-video-preview":"max-video-preview:-1"},"canonical":"https:\/\/www.editorialjuventud.es\/el-gran-llibre-de-les-besties-9788426144126\/","og_locale":"ca_ES","og_type":"article","og_title":"El gran llibre de les b\u00e8sties - Editorial Juventud","og_description":"Per qu\u00e8 els llops udolen a la lluna? \u00c9s cert que les hienes riuen? Per qu\u00e8 els agrada el fang als hipop\u00f2tams? Troba les respostes a aquestes preguntes","og_url":"https:\/\/www.editorialjuventud.es\/el-gran-llibre-de-les-besties-9788426144126\/","og_site_name":"Editorial Juventud","article_modified_time":"2023-04-03T09:27:50+00:00","og_image":[{"width":540,"height":788,"url":"https:\/\/www.editorialjuventud.es\/wp-content\/uploads\/9788426144126-2.jpg","type":"image\/jpeg"}],"twitter_card":"summary_large_image","schema":{"@context":"https:\/\/schema.org","@graph":[{"@type":"WebPage","@id":"https:\/\/www.editorialjuventud.es\/el-gran-llibre-de-les-besties-9788426144126\/","url":"https:\/\/www.editorialjuventud.es\/el-gran-llibre-de-les-besties-9788426144126\/","name":"El gran llibre de les b\u00e8sties - Editorial Juventud","isPartOf":{"@id":"https:\/\/www.editorialjuventud.es\/#website"},"primaryImageOfPage":{"@id":"https:\/\/www.editorialjuventud.es\/el-gran-llibre-de-les-besties-9788426144126\/#primaryimage"},"image":{"@id":"https:\/\/www.editorialjuventud.es\/el-gran-llibre-de-les-besties-9788426144126\/#primaryimage"},"thumbnailUrl":"https:\/\/www.editorialjuventud.es\/wp-content\/uploads\/9788426144126-2.jpg","datePublished":"2018-08-24T10:09:19+00:00","dateModified":"2023-04-03T09:27:50+00:00","description":"Per qu\u00e8 els llops udolen a la lluna? \u00c9s cert que les hienes riuen? Per qu\u00e8 els agrada el fang als hipop\u00f2tams? Troba les respostes a aquestes preguntes","breadcrumb":{"@id":"https:\/\/www.editorialjuventud.es\/el-gran-llibre-de-les-besties-9788426144126\/#breadcrumb"},"inLanguage":"ca","potentialAction":[{"@type":"ReadAction","target":["https:\/\/www.editorialjuventud.es\/el-gran-llibre-de-les-besties-9788426144126\/"]}]},{"@type":"ImageObject","inLanguage":"ca","@id":"https:\/\/www.editorialjuventud.es\/el-gran-llibre-de-les-besties-9788426144126\/#primaryimage","url":"https:\/\/www.editorialjuventud.es\/wp-content\/uploads\/9788426144126-2.jpg","contentUrl":"https:\/\/www.editorialjuventud.es\/wp-content\/uploads\/9788426144126-2.jpg","width":540,"height":788,"caption":"9788426144126.jpg"},{"@type":"BreadcrumbList","@id":"https:\/\/www.editorialjuventud.es\/el-gran-llibre-de-les-besties-9788426144126\/#breadcrumb","itemListElement":[{"@type":"ListItem","position":1,"name":"Portada","item":"https:\/\/www.editorialjuventud.es\/"},{"@type":"ListItem","position":2,"name":"cat\u00e1logo","item":"https:\/\/www.editorialjuventud.es\/coleccion\/catalogo\/"},{"@type":"ListItem","position":3,"name":"catal\u00e0","item":"https:\/\/www.editorialjuventud.es\/coleccion\/catala\/"},{"@type":"ListItem","position":4,"name":"\u00c0lbums Il\u00b7lustrats","item":"https:\/\/www.editorialjuventud.es\/coleccion\/albums-il%c2%b7lustrats\/"},{"@type":"ListItem","position":5,"name":"Com i Per qu\u00e8","item":"https:\/\/www.editorialjuventud.es\/coleccion\/com-i-per-que\/"},{"@type":"ListItem","position":6,"name":"Fauna i Flora","item":"https:\/\/www.editorialjuventud.es\/coleccion\/fauna-i-flora\/"},{"@type":"ListItem","position":7,"name":"El gran llibre de les b\u00e8sties"}]},{"@type":"WebSite","@id":"https:\/\/www.editorialjuventud.es\/#website","url":"https:\/\/www.editorialjuventud.es\/","name":"Editorial Juventud","description":"","potentialAction":[{"@type":"SearchAction","target":{"@type":"EntryPoint","urlTemplate":"https:\/\/www.editorialjuventud.es\/?s={search_term_string}"},"query-input":{"@type":"PropertyValueSpecification","valueRequired":true,"valueName":"search_term_string"}}],"inLanguage":"ca"}]}},"_links":{"self":[{"href":"https:\/\/www.editorialjuventud.es\/ca\/wp-json\/wp\/v2\/product\/6256","targetHints":{"allow":["GET"]}}],"collection":[{"href":"https:\/\/www.editorialjuventud.es\/ca\/wp-json\/wp\/v2\/product"}],"about":[{"href":"https:\/\/www.editorialjuventud.es\/ca\/wp-json\/wp\/v2\/types\/product"}],"wp:featuredmedia":[{"embeddable":true,"href":"https:\/\/www.editorialjuventud.es\/ca\/wp-json\/wp\/v2\/media\/36355"}],"wp:attachment":[{"href":"https:\/\/www.editorialjuventud.es\/ca\/wp-json\/wp\/v2\/media?parent=6256"}],"wp:term":[{"taxonomy":"product_brand","embeddable":true,"href":"https:\/\/www.editorialjuventud.es\/ca\/wp-json\/wp\/v2\/product_brand?post=6256"},{"taxonomy":"product_cat","embeddable":true,"href":"https:\/\/www.editorialjuventud.es\/ca\/wp-json\/wp\/v2\/product_cat?post=6256"},{"taxonomy":"product_tag","embeddable":true,"href":"https:\/\/www.editorialjuventud.es\/ca\/wp-json\/wp\/v2\/product_tag?post=6256"},{"taxonomy":"coleccion","embeddable":true,"href":"https:\/\/www.editorialjuventud.es\/ca\/wp-json\/wp\/v2\/coleccion?post=6256"}],"curies":[{"name":"wp","href":"https:\/\/api.w.org\/{rel}","templated":true}]}}