{"id":6246,"date":"2018-08-24T12:08:37","date_gmt":"2018-08-24T10:08:37","guid":{"rendered":"http:\/\/www.editorialjuventud.es\/donde-esta-karl\/"},"modified":"2025-01-22T13:04:40","modified_gmt":"2025-01-22T12:04:40","slug":"donde-esta-karl-9788426144027","status":"publish","type":"product","link":"https:\/\/www.editorialjuventud.es\/ca\/donde-esta-karl-9788426144027\/","title":{"rendered":"\u00bfD\u00f3nde est\u00e1 Karl?"},"content":{"rendered":"<p>Siempre de un lado a otro, Karl est\u00e1 en todas partes y en ninguna parte al mismo tiempo. La bloguera de moda Florence de la Sabine (puedes llamarla Fleur) tiene que encontrarle. Si logra entrevistarle, seguramente su blog destacar\u00e1 del resto&#8230; \u00bfPero d\u00f3nde aparecer\u00e1 Karl? \u00bfEn una sesi\u00f3n fotogr\u00e1fica en Dub\u00e1i? \u00bfEn las laderas de St. Moritz? \u00bfEn la Gala del Met en Nueva York? S\u00fabete las mangas de calaveras de tu Alexander McQueen y empieza a ayudar a Fleur a responder la pregunta&#8230; \u00bfD\u00f3nde est\u00e1 Karl? Como si se tratara de uno de los m\u00edticos libros de D\u00f3nde est\u00e1 Wally, en este libro podr\u00e1s acompa\u00f1ar a Fleur, una blogger que quiere hacerse un lugar en el panorama internacional de la moda, en su obsesiva b\u00fasqueda de la ic\u00f3nica leyenda de la moda Karl Lagerfeld. Para conseguir encontrarse t\u00eate-\u00e0-t\u00eate con Karl, Fleur viajar\u00e1 a los lugares m\u00e1s glamurosos del mundo, como la f\u00eate Baguette Fendi de Mil\u00e1n, el Royal Ascot de Londres o la Fashion&#8217;s Night Out de Tokio. En estos escenarios repletos de celebrities, Fleur necesitar\u00e1 tu ayuda para encontrar al K\u00e1iser de la moda.<\/p>\n","protected":false},"excerpt":{"rendered":"Siempre de un lado a otro, Karl est\u00e1 en todas partes y en ninguna parte al mismo tiempo. La bloguera de moda Florence de la Sabine (puedes llamarla Fleur) tiene que encontrarle. Si logra entrevistarle, seguramente su blog destacar\u00e1 del [&hellip;]","protected":false},"featured_media":17174,"template":"","meta":{"_acf_changed":false,"_exactmetrics_skip_tracking":false,"_exactmetrics_sitenote_active":false,"_exactmetrics_sitenote_note":"","_exactmetrics_sitenote_category":0},"product_brand":[],"product_cat":[1121,892,1291,1207,1128,908],"product_tag":[],"coleccion":[940],"class_list":{"0":"post-6246","1":"product","2":"type-product","3":"status-publish","4":"has-post-thumbnail","6":"product_cat-albumes-ilustrados","7":"product_cat-edades","8":"product_cat-libro-juego","9":"product_cat-personajes-reales","10":"product_cat-tematica","11":"product_cat-todas-las-edades","12":"coleccion-manos-creativas","14":"first","15":"outofstock","16":"taxable","17":"shipping-taxable","18":"purchasable","19":"product-type-simple"},"acf":{"autor":"Caldwell - A. Aki","codart":"4402","ediciones":"2","encuadernacion":"Carton\u00e9","fecha_de_publicacion":"01\/11\/2016","novedad":"0","paginas":"48","subtitulo":"","texto_web_adicional":"","texto_web_novedad":"","orden":"999","portada":"0","texto_web_resaltado":"","indice":"","autores-libros":[16181,16259],"ilustradores-libros":[17387],"traductores-libros":[58414],"descripcion_corta":"","recomendamos":"","mas_vendido":"","idioma-libro":"","color":false,"formato":"","mas_informacion_del_producto":false,"premios":false,"texto_enlace_cubierta":"","enlace_cubierta":{"ID":21413,"id":21413,"title":"cover Do\u0301nde esta\u0301 Karl","filename":"cover-Do\u0301nde-esta\u0301-Karl.jpg","filesize":1127560,"url":"https:\/\/www.editorialjuventud.es\/wp-content\/uploads\/cover-Do\u0301nde-esta\u0301-Karl.jpg","link":"https:\/\/www.editorialjuventud.es\/ca\/?attachment_id=21413","alt":"","author":"47","description":"","caption":"","name":"cover-donde-esta-karl","status":"inherit","uploaded_to":6246,"date":"2019-02-20 11:14:19","modified":"2019-02-20 11:14:19","menu_order":0,"mime_type":"image\/jpeg","type":"image","subtype":"jpeg","icon":"https:\/\/www.editorialjuventud.es\/wp-includes\/images\/media\/default.png","width":2475,"height":3075,"sizes":{"thumbnail":"https:\/\/www.editorialjuventud.es\/wp-content\/uploads\/cover-Do\u0301nde-esta\u0301-Karl-200x200.jpg","thumbnail-width":200,"thumbnail-height":200,"medium":"https:\/\/www.editorialjuventud.es\/wp-content\/uploads\/cover-Do\u0301nde-esta\u0301-Karl.jpg","medium-width":2475,"medium-height":3075,"medium_large":"https:\/\/www.editorialjuventud.es\/wp-content\/uploads\/cover-Do\u0301nde-esta\u0301-Karl-768x954.jpg","medium_large-width":768,"medium_large-height":954,"large":"https:\/\/www.editorialjuventud.es\/wp-content\/uploads\/cover-Do\u0301nde-esta\u0301-Karl.jpg","large-width":2475,"large-height":3075,"1536x1536":"https:\/\/www.editorialjuventud.es\/wp-content\/uploads\/cover-Do\u0301nde-esta\u0301-Karl.jpg","1536x1536-width":1236,"1536x1536-height":1536,"2048x2048":"https:\/\/www.editorialjuventud.es\/wp-content\/uploads\/cover-Do\u0301nde-esta\u0301-Karl.jpg","2048x2048-width":1648,"2048x2048-height":2048,"woocommerce_thumbnail":"https:\/\/www.editorialjuventud.es\/wp-content\/uploads\/cover-Do\u0301nde-esta\u0301-Karl-350x435.jpg","woocommerce_thumbnail-width":350,"woocommerce_thumbnail-height":435,"woocommerce_single":"https:\/\/www.editorialjuventud.es\/wp-content\/uploads\/cover-Do\u0301nde-esta\u0301-Karl-900x1118.jpg","woocommerce_single-width":900,"woocommerce_single-height":1118,"woocommerce_gallery_thumbnail":"https:\/\/www.editorialjuventud.es\/wp-content\/uploads\/cover-Do\u0301nde-esta\u0301-Karl-100x100.jpg","woocommerce_gallery_thumbnail-width":100,"woocommerce_gallery_thumbnail-height":100,"ppec_logo_image_size":"https:\/\/www.editorialjuventud.es\/wp-content\/uploads\/cover-Do\u0301nde-esta\u0301-Karl.jpg","ppec_logo_image_size-width":48,"ppec_logo_image_size-height":60,"ppec_header_image_size":"https:\/\/www.editorialjuventud.es\/wp-content\/uploads\/cover-Do\u0301nde-esta\u0301-Karl.jpg","ppec_header_image_size-width":72,"ppec_header_image_size-height":90}},"texto_enlace_ficha_tecnica":"","enlace_ficha_tecnica":{"ID":21411,"id":21411,"title":"Do\u0301nde esta\u0301 Karl","filename":"Do\u0301nde-esta\u0301-Karl.pdf","filesize":788327,"url":"https:\/\/www.editorialjuventud.es\/wp-content\/uploads\/Do\u0301nde-esta\u0301-Karl.pdf","link":"https:\/\/www.editorialjuventud.es\/ca\/?attachment_id=21411","alt":"","author":"47","description":"","caption":"","name":"donde-esta-karl","status":"inherit","uploaded_to":6246,"date":"2019-02-20 11:03:41","modified":"2019-02-20 11:03:41","menu_order":0,"mime_type":"application\/pdf","type":"application","subtype":"pdf","icon":"https:\/\/www.editorialjuventud.es\/wp-includes\/images\/media\/document.png"},"ficheros":false,"titulo-fr":"","texto-fr":""},"yoast_head":"<!-- This site is optimized with the Yoast SEO plugin v27.3 - https:\/\/yoast.com\/product\/yoast-seo-wordpress\/ -->\n<title>\u00bfD\u00f3nde est\u00e1 Karl? - Editorial Juventud - Karl Lagerfeld<\/title>\n<meta name=\"description\" content=\"Siempre de un lado a otro, Karl Lagerfeld est\u00e1 en todas partes y en ninguna parte al mismo tiempo. La bloguera de moda Florence de la Sabine tiene que encontrarle. Si logra entrevistarle, seguramente su blog destacar\u00e1 del resto... \u00bfPero d\u00f3nde est\u00e1 Karl? \u00bfEn un shooting en Dub\u00e1i? \u00bfEn St. Moritz? \u00bfEn Nueva York?\" \/>\n<meta name=\"robots\" content=\"index, follow, max-snippet:-1, max-image-preview:large, max-video-preview:-1\" \/>\n<link rel=\"canonical\" href=\"https:\/\/www.editorialjuventud.es\/donde-esta-karl-9788426144027\/\" \/>\n<meta property=\"og:locale\" content=\"ca_ES\" \/>\n<meta property=\"og:type\" content=\"article\" \/>\n<meta property=\"og:title\" content=\"\u00bfD\u00f3nde est\u00e1 Karl? - Editorial Juventud - Karl Lagerfeld\" \/>\n<meta property=\"og:description\" content=\"Siempre de un lado a otro, Karl Lagerfeld est\u00e1 en todas partes y en ninguna parte al mismo tiempo. La bloguera de moda Florence de la Sabine tiene que encontrarle. Si logra entrevistarle, seguramente su blog destacar\u00e1 del resto... \u00bfPero d\u00f3nde est\u00e1 Karl? \u00bfEn un shooting en Dub\u00e1i? \u00bfEn St. Moritz? \u00bfEn Nueva York?\" \/>\n<meta property=\"og:url\" content=\"https:\/\/www.editorialjuventud.es\/donde-esta-karl-9788426144027\/\" \/>\n<meta property=\"og:site_name\" content=\"Editorial Juventud\" \/>\n<meta property=\"article:modified_time\" content=\"2025-01-22T12:04:40+00:00\" \/>\n<meta property=\"og:image\" content=\"https:\/\/www.editorialjuventud.es\/wp-content\/uploads\/4402.jpg\" \/>\n\t<meta property=\"og:image:width\" content=\"404\" \/>\n\t<meta property=\"og:image:height\" content=\"500\" \/>\n\t<meta property=\"og:image:type\" content=\"image\/jpeg\" \/>\n<meta name=\"twitter:card\" content=\"summary_large_image\" \/>\n<meta name=\"twitter:label1\" content=\"Temps estimat de lectura\" \/>\n\t<meta name=\"twitter:data1\" content=\"1 minut\" \/>\n<script type=\"application\/ld+json\" class=\"yoast-schema-graph\">{\"@context\":\"https:\\\/\\\/schema.org\",\"@graph\":[{\"@type\":\"WebPage\",\"@id\":\"https:\\\/\\\/www.editorialjuventud.es\\\/donde-esta-karl-9788426144027\\\/\",\"url\":\"https:\\\/\\\/www.editorialjuventud.es\\\/donde-esta-karl-9788426144027\\\/\",\"name\":\"\u00bfD\u00f3nde est\u00e1 Karl? - Editorial Juventud - Karl Lagerfeld\",\"isPartOf\":{\"@id\":\"https:\\\/\\\/www.editorialjuventud.es\\\/#website\"},\"primaryImageOfPage\":{\"@id\":\"https:\\\/\\\/www.editorialjuventud.es\\\/donde-esta-karl-9788426144027\\\/#primaryimage\"},\"image\":{\"@id\":\"https:\\\/\\\/www.editorialjuventud.es\\\/donde-esta-karl-9788426144027\\\/#primaryimage\"},\"thumbnailUrl\":\"https:\\\/\\\/www.editorialjuventud.es\\\/wp-content\\\/uploads\\\/4402.jpg\",\"datePublished\":\"2018-08-24T10:08:37+00:00\",\"dateModified\":\"2025-01-22T12:04:40+00:00\",\"description\":\"Siempre de un lado a otro, Karl Lagerfeld est\u00e1 en todas partes y en ninguna parte al mismo tiempo. La bloguera de moda Florence de la Sabine tiene que encontrarle. Si logra entrevistarle, seguramente su blog destacar\u00e1 del resto... \u00bfPero d\u00f3nde est\u00e1 Karl? \u00bfEn un shooting en Dub\u00e1i? \u00bfEn St. Moritz? \u00bfEn Nueva York?\",\"breadcrumb\":{\"@id\":\"https:\\\/\\\/www.editorialjuventud.es\\\/donde-esta-karl-9788426144027\\\/#breadcrumb\"},\"inLanguage\":\"ca\",\"potentialAction\":[{\"@type\":\"ReadAction\",\"target\":[\"https:\\\/\\\/www.editorialjuventud.es\\\/donde-esta-karl-9788426144027\\\/\"]}]},{\"@type\":\"ImageObject\",\"inLanguage\":\"ca\",\"@id\":\"https:\\\/\\\/www.editorialjuventud.es\\\/donde-esta-karl-9788426144027\\\/#primaryimage\",\"url\":\"https:\\\/\\\/www.editorialjuventud.es\\\/wp-content\\\/uploads\\\/4402.jpg\",\"contentUrl\":\"https:\\\/\\\/www.editorialjuventud.es\\\/wp-content\\\/uploads\\\/4402.jpg\",\"width\":404,\"height\":500,\"caption\":\"4402.jpg\"},{\"@type\":\"BreadcrumbList\",\"@id\":\"https:\\\/\\\/www.editorialjuventud.es\\\/donde-esta-karl-9788426144027\\\/#breadcrumb\",\"itemListElement\":[{\"@type\":\"ListItem\",\"position\":1,\"name\":\"Portada\",\"item\":\"https:\\\/\\\/www.editorialjuventud.es\\\/\"},{\"@type\":\"ListItem\",\"position\":2,\"name\":\"cat\u00e1logo\",\"item\":\"https:\\\/\\\/www.editorialjuventud.es\\\/coleccion\\\/catalogo\\\/\"},{\"@type\":\"ListItem\",\"position\":3,\"name\":\"castellano\",\"item\":\"https:\\\/\\\/www.editorialjuventud.es\\\/coleccion\\\/castellano\\\/\"},{\"@type\":\"ListItem\",\"position\":4,\"name\":\"Manos Creativas\",\"item\":\"https:\\\/\\\/www.editorialjuventud.es\\\/coleccion\\\/manos-creativas\\\/\"},{\"@type\":\"ListItem\",\"position\":5,\"name\":\"\u00bfD\u00f3nde est\u00e1 Karl?\"}]},{\"@type\":\"WebSite\",\"@id\":\"https:\\\/\\\/www.editorialjuventud.es\\\/#website\",\"url\":\"https:\\\/\\\/www.editorialjuventud.es\\\/\",\"name\":\"Editorial Juventud\",\"description\":\"\",\"potentialAction\":[{\"@type\":\"SearchAction\",\"target\":{\"@type\":\"EntryPoint\",\"urlTemplate\":\"https:\\\/\\\/www.editorialjuventud.es\\\/?s={search_term_string}\"},\"query-input\":{\"@type\":\"PropertyValueSpecification\",\"valueRequired\":true,\"valueName\":\"search_term_string\"}}],\"inLanguage\":\"ca\"}]}<\/script>\n<!-- \/ Yoast SEO plugin. -->","yoast_head_json":{"title":"\u00bfD\u00f3nde est\u00e1 Karl? - Editorial Juventud - Karl Lagerfeld","description":"Siempre de un lado a otro, Karl Lagerfeld est\u00e1 en todas partes y en ninguna parte al mismo tiempo. La bloguera de moda Florence de la Sabine tiene que encontrarle. Si logra entrevistarle, seguramente su blog destacar\u00e1 del resto... \u00bfPero d\u00f3nde est\u00e1 Karl? \u00bfEn un shooting en Dub\u00e1i? \u00bfEn St. Moritz? \u00bfEn Nueva York?","robots":{"index":"index","follow":"follow","max-snippet":"max-snippet:-1","max-image-preview":"max-image-preview:large","max-video-preview":"max-video-preview:-1"},"canonical":"https:\/\/www.editorialjuventud.es\/donde-esta-karl-9788426144027\/","og_locale":"ca_ES","og_type":"article","og_title":"\u00bfD\u00f3nde est\u00e1 Karl? - Editorial Juventud - Karl Lagerfeld","og_description":"Siempre de un lado a otro, Karl Lagerfeld est\u00e1 en todas partes y en ninguna parte al mismo tiempo. La bloguera de moda Florence de la Sabine tiene que encontrarle. Si logra entrevistarle, seguramente su blog destacar\u00e1 del resto... \u00bfPero d\u00f3nde est\u00e1 Karl? \u00bfEn un shooting en Dub\u00e1i? \u00bfEn St. Moritz? \u00bfEn Nueva York?","og_url":"https:\/\/www.editorialjuventud.es\/donde-esta-karl-9788426144027\/","og_site_name":"Editorial Juventud","article_modified_time":"2025-01-22T12:04:40+00:00","og_image":[{"width":404,"height":500,"url":"https:\/\/www.editorialjuventud.es\/wp-content\/uploads\/4402.jpg","type":"image\/jpeg"}],"twitter_card":"summary_large_image","twitter_misc":{"Temps estimat de lectura":"1 minut"},"schema":{"@context":"https:\/\/schema.org","@graph":[{"@type":"WebPage","@id":"https:\/\/www.editorialjuventud.es\/donde-esta-karl-9788426144027\/","url":"https:\/\/www.editorialjuventud.es\/donde-esta-karl-9788426144027\/","name":"\u00bfD\u00f3nde est\u00e1 Karl? - Editorial Juventud - Karl Lagerfeld","isPartOf":{"@id":"https:\/\/www.editorialjuventud.es\/#website"},"primaryImageOfPage":{"@id":"https:\/\/www.editorialjuventud.es\/donde-esta-karl-9788426144027\/#primaryimage"},"image":{"@id":"https:\/\/www.editorialjuventud.es\/donde-esta-karl-9788426144027\/#primaryimage"},"thumbnailUrl":"https:\/\/www.editorialjuventud.es\/wp-content\/uploads\/4402.jpg","datePublished":"2018-08-24T10:08:37+00:00","dateModified":"2025-01-22T12:04:40+00:00","description":"Siempre de un lado a otro, Karl Lagerfeld est\u00e1 en todas partes y en ninguna parte al mismo tiempo. La bloguera de moda Florence de la Sabine tiene que encontrarle. Si logra entrevistarle, seguramente su blog destacar\u00e1 del resto... \u00bfPero d\u00f3nde est\u00e1 Karl? \u00bfEn un shooting en Dub\u00e1i? \u00bfEn St. Moritz? \u00bfEn Nueva York?","breadcrumb":{"@id":"https:\/\/www.editorialjuventud.es\/donde-esta-karl-9788426144027\/#breadcrumb"},"inLanguage":"ca","potentialAction":[{"@type":"ReadAction","target":["https:\/\/www.editorialjuventud.es\/donde-esta-karl-9788426144027\/"]}]},{"@type":"ImageObject","inLanguage":"ca","@id":"https:\/\/www.editorialjuventud.es\/donde-esta-karl-9788426144027\/#primaryimage","url":"https:\/\/www.editorialjuventud.es\/wp-content\/uploads\/4402.jpg","contentUrl":"https:\/\/www.editorialjuventud.es\/wp-content\/uploads\/4402.jpg","width":404,"height":500,"caption":"4402.jpg"},{"@type":"BreadcrumbList","@id":"https:\/\/www.editorialjuventud.es\/donde-esta-karl-9788426144027\/#breadcrumb","itemListElement":[{"@type":"ListItem","position":1,"name":"Portada","item":"https:\/\/www.editorialjuventud.es\/"},{"@type":"ListItem","position":2,"name":"cat\u00e1logo","item":"https:\/\/www.editorialjuventud.es\/coleccion\/catalogo\/"},{"@type":"ListItem","position":3,"name":"castellano","item":"https:\/\/www.editorialjuventud.es\/coleccion\/castellano\/"},{"@type":"ListItem","position":4,"name":"Manos Creativas","item":"https:\/\/www.editorialjuventud.es\/coleccion\/manos-creativas\/"},{"@type":"ListItem","position":5,"name":"\u00bfD\u00f3nde est\u00e1 Karl?"}]},{"@type":"WebSite","@id":"https:\/\/www.editorialjuventud.es\/#website","url":"https:\/\/www.editorialjuventud.es\/","name":"Editorial Juventud","description":"","potentialAction":[{"@type":"SearchAction","target":{"@type":"EntryPoint","urlTemplate":"https:\/\/www.editorialjuventud.es\/?s={search_term_string}"},"query-input":{"@type":"PropertyValueSpecification","valueRequired":true,"valueName":"search_term_string"}}],"inLanguage":"ca"}]}},"_links":{"self":[{"href":"https:\/\/www.editorialjuventud.es\/ca\/wp-json\/wp\/v2\/product\/6246","targetHints":{"allow":["GET"]}}],"collection":[{"href":"https:\/\/www.editorialjuventud.es\/ca\/wp-json\/wp\/v2\/product"}],"about":[{"href":"https:\/\/www.editorialjuventud.es\/ca\/wp-json\/wp\/v2\/types\/product"}],"wp:featuredmedia":[{"embeddable":true,"href":"https:\/\/www.editorialjuventud.es\/ca\/wp-json\/wp\/v2\/media\/17174"}],"wp:attachment":[{"href":"https:\/\/www.editorialjuventud.es\/ca\/wp-json\/wp\/v2\/media?parent=6246"}],"wp:term":[{"taxonomy":"product_brand","embeddable":true,"href":"https:\/\/www.editorialjuventud.es\/ca\/wp-json\/wp\/v2\/product_brand?post=6246"},{"taxonomy":"product_cat","embeddable":true,"href":"https:\/\/www.editorialjuventud.es\/ca\/wp-json\/wp\/v2\/product_cat?post=6246"},{"taxonomy":"product_tag","embeddable":true,"href":"https:\/\/www.editorialjuventud.es\/ca\/wp-json\/wp\/v2\/product_tag?post=6246"},{"taxonomy":"coleccion","embeddable":true,"href":"https:\/\/www.editorialjuventud.es\/ca\/wp-json\/wp\/v2\/coleccion?post=6246"}],"curies":[{"name":"wp","href":"https:\/\/api.w.org\/{rel}","templated":true}]}}