{"id":62431,"date":"2022-02-01T09:19:27","date_gmt":"2022-02-01T08:19:27","guid":{"rendered":"https:\/\/www.editorialjuventud.es\/lexpedicio-arc-iris-9788426147585\/"},"modified":"2025-01-22T12:42:51","modified_gmt":"2025-01-22T11:42:51","slug":"lexpedicio-arc-iris-9788426147585","status":"publish","type":"product","link":"https:\/\/www.editorialjuventud.es\/ca\/lexpedicio-arc-iris-9788426147585\/","title":{"rendered":"L&#8217;expedici\u00f3 Arc Iris"},"content":{"rendered":"<p>L&#8217;ornit\u00f2loga Ava Pigot necessita ajuda! Duu molt de temps cercant l&#8217;ocell arc iris, per\u00f2 no el troba enlloc. La Kim i en Carl volen ajudar-la, i salpen a una aventura que els dur\u00e0 a trobar-se amb les m\u00e9s meravelloses aus de tot el m\u00f3n: els ocells paraigua, els matrioixca, els del jazz&#8230; Per\u00f2, i l&#8217;ocell arc iris? El trobaran?<\/p>\n<p>Brech construeix un m\u00f3n ple de fantasia al m\u00e9s pur estil Al\u00edcia en Terra de Meravelles. Les seves espectaculars il\u00b7lustracions s\u00f3n un arc iris de colors per als nostres ulls. Una hist\u00f2ria fascinant, que captivar\u00e0 els seus lectors. <\/p>\n","protected":false},"excerpt":{"rendered":"L&#8217;ornit\u00f2loga Ava Pigot necessita ajuda! Duu molt de temps cercant l&#8217;ocell arc iris, per\u00f2 no el troba enlloc. La Kim i en Carl volen ajudar-la, i salpen a una aventura que els dur\u00e0 a trobar-se amb les m\u00e9s meravelloses aus [&hellip;]","protected":false},"featured_media":62432,"template":"","meta":{"_acf_changed":false,"_exactmetrics_skip_tracking":false,"_exactmetrics_sitenote_active":false,"_exactmetrics_sitenote_note":"","_exactmetrics_sitenote_category":0},"product_brand":[],"product_cat":[899,1121,1138,1142,1143,892,1115,1201,893,1128],"product_tag":[],"coleccion":[917,915,951],"class_list":{"0":"post-62431","1":"product","2":"type-product","3":"status-publish","4":"has-post-thumbnail","6":"product_cat-a-partir-de-3-anos","7":"product_cat-albumes-ilustrados","8":"product_cat-animales","9":"product_cat-aventura","10":"product_cat-barcos","11":"product_cat-edades","12":"product_cat-generos","13":"product_cat-naturaleza-biodiversidad","14":"product_cat-novedades","15":"product_cat-tematica","16":"coleccion-albums-illustrats","17":"coleccion-catala","18":"coleccion-els-meus-primers-contes","20":"first","21":"instock","22":"taxable","23":"shipping-taxable","24":"purchasable","25":"product-type-simple"},"acf":{"indice":"","autor":"Brech , Nora","codart":"4758","ediciones":"2","encuadernacion":"Carton\u00e9","fecha_de_publicacion":"01\/02\/2022","fecha_de_reimpresion":"01\/07\/2022","novedad":"0","paginas":"56","subtitulo":"","texto_web_adicional":"","autores-libros":[62959],"ilustradores-libros":[62959],"texto_web_novedad":"","orden":"999","portada":"0","texto_web_resaltado":"","traductores-libros":[64883],"descripcion_corta":"Aus de tot el m\u00f3n","recomendamos":"","mas_vendido":"","idioma-libro":"","color":false,"formato":"","mas_informacion_del_producto":false,"premios":false,"deshabilitar_compra":[],"texto_enlace_cubierta":"","enlace_cubierta":{"ID":62432,"id":62432,"title":"9788426147585.jpg","filename":"9788426147585.jpg","filesize":68944,"url":"https:\/\/www.editorialjuventud.es\/wp-content\/uploads\/9788426147585.jpg","link":"https:\/\/www.editorialjuventud.es\/ca\/?attachment_id=62432","alt":"9788426147585.jpg","author":"13","description":"","caption":"","name":"cover-la-expedicion-arco-iris-2-idiomas-indd-2","status":"inherit","uploaded_to":62431,"date":"2022-02-01 08:19:29","modified":"2022-02-01 08:19:29","menu_order":0,"mime_type":"image\/jpeg","type":"image","subtype":"jpeg","icon":"https:\/\/www.editorialjuventud.es\/wp-includes\/images\/media\/default.png","width":410,"height":534,"sizes":{"thumbnail":"https:\/\/www.editorialjuventud.es\/wp-content\/uploads\/9788426147585-200x200.jpg","thumbnail-width":200,"thumbnail-height":200,"medium":"https:\/\/www.editorialjuventud.es\/wp-content\/uploads\/9788426147585.jpg","medium-width":410,"medium-height":534,"medium_large":"https:\/\/www.editorialjuventud.es\/wp-content\/uploads\/9788426147585.jpg","medium_large-width":410,"medium_large-height":534,"large":"https:\/\/www.editorialjuventud.es\/wp-content\/uploads\/9788426147585.jpg","large-width":410,"large-height":534,"1536x1536":"https:\/\/www.editorialjuventud.es\/wp-content\/uploads\/9788426147585.jpg","1536x1536-width":410,"1536x1536-height":534,"2048x2048":"https:\/\/www.editorialjuventud.es\/wp-content\/uploads\/9788426147585.jpg","2048x2048-width":410,"2048x2048-height":534,"woocommerce_thumbnail":"https:\/\/www.editorialjuventud.es\/wp-content\/uploads\/9788426147585-350x456.jpg","woocommerce_thumbnail-width":350,"woocommerce_thumbnail-height":456,"woocommerce_single":"https:\/\/www.editorialjuventud.es\/wp-content\/uploads\/9788426147585.jpg","woocommerce_single-width":410,"woocommerce_single-height":534,"woocommerce_gallery_thumbnail":"https:\/\/www.editorialjuventud.es\/wp-content\/uploads\/9788426147585-100x100.jpg","woocommerce_gallery_thumbnail-width":100,"woocommerce_gallery_thumbnail-height":100,"ppec_logo_image_size":"https:\/\/www.editorialjuventud.es\/wp-content\/uploads\/9788426147585.jpg","ppec_logo_image_size-width":46,"ppec_logo_image_size-height":60,"ppec_header_image_size":"https:\/\/www.editorialjuventud.es\/wp-content\/uploads\/9788426147585.jpg","ppec_header_image_size-width":69,"ppec_header_image_size-height":90}},"texto_enlace_ficha_tecnica":"","enlace_ficha_tecnica":{"ID":62658,"id":62658,"title":"Expedicio Arc Iris_Fitxe","filename":"Expedicio-Arc-Iris_Fitxe.pdf","filesize":1421873,"url":"https:\/\/www.editorialjuventud.es\/wp-content\/uploads\/Expedicio-Arc-Iris_Fitxe.pdf","link":"https:\/\/www.editorialjuventud.es\/ca\/?attachment_id=62658","alt":"","author":"50","description":"","caption":"","name":"expedicio-arc-iris_fitxe","status":"inherit","uploaded_to":62431,"date":"2022-02-07 10:13:30","modified":"2022-02-07 10:13:30","menu_order":0,"mime_type":"application\/pdf","type":"application","subtype":"pdf","icon":"https:\/\/www.editorialjuventud.es\/wp-includes\/images\/media\/document.png"},"ficheros":false,"titulo-fr":"","texto-fr":""},"yoast_head":"<!-- This site is optimized with the Yoast SEO plugin v27.5 - https:\/\/yoast.com\/product\/yoast-seo-wordpress\/ -->\n<title>L&#039;expedici\u00f3 Arc Iris - Editorial Juventud<\/title>\n<meta name=\"description\" content=\"L&#039;ornit\u00f2loga Ava Pigot necessita ajuda! Duu molt de temps cercant l&#039;ocell arc iris, per\u00f2 no el troba enlloc. La Kim i en Carl volen ajudar-la, i salpen a\" \/>\n<meta name=\"robots\" content=\"index, follow, max-snippet:-1, max-image-preview:large, max-video-preview:-1\" \/>\n<link rel=\"canonical\" href=\"https:\/\/www.editorialjuventud.es\/lexpedicio-arc-iris-9788426147585\/\" \/>\n<meta property=\"og:locale\" content=\"ca_ES\" \/>\n<meta property=\"og:type\" content=\"article\" \/>\n<meta property=\"og:title\" content=\"L&#039;expedici\u00f3 Arc Iris - Editorial Juventud\" \/>\n<meta property=\"og:description\" content=\"L&#039;ornit\u00f2loga Ava Pigot necessita ajuda! Duu molt de temps cercant l&#039;ocell arc iris, per\u00f2 no el troba enlloc. La Kim i en Carl volen ajudar-la, i salpen a\" \/>\n<meta property=\"og:url\" content=\"https:\/\/www.editorialjuventud.es\/lexpedicio-arc-iris-9788426147585\/\" \/>\n<meta property=\"og:site_name\" content=\"Editorial Juventud\" \/>\n<meta property=\"article:modified_time\" content=\"2025-01-22T11:42:51+00:00\" \/>\n<meta property=\"og:image\" content=\"https:\/\/www.editorialjuventud.es\/wp-content\/uploads\/9788426147585.jpg\" \/>\n\t<meta property=\"og:image:width\" content=\"410\" \/>\n\t<meta property=\"og:image:height\" content=\"534\" \/>\n\t<meta property=\"og:image:type\" content=\"image\/jpeg\" \/>\n<meta name=\"twitter:card\" content=\"summary_large_image\" \/>\n<meta name=\"twitter:label1\" content=\"Temps estimat de lectura\" \/>\n\t<meta name=\"twitter:data1\" content=\"1 minut\" \/>\n<script type=\"application\/ld+json\" class=\"yoast-schema-graph\">{\"@context\":\"https:\\\/\\\/schema.org\",\"@graph\":[{\"@type\":\"WebPage\",\"@id\":\"https:\\\/\\\/www.editorialjuventud.es\\\/lexpedicio-arc-iris-9788426147585\\\/\",\"url\":\"https:\\\/\\\/www.editorialjuventud.es\\\/lexpedicio-arc-iris-9788426147585\\\/\",\"name\":\"L'expedici\u00f3 Arc Iris - Editorial Juventud\",\"isPartOf\":{\"@id\":\"https:\\\/\\\/www.editorialjuventud.es\\\/#website\"},\"primaryImageOfPage\":{\"@id\":\"https:\\\/\\\/www.editorialjuventud.es\\\/lexpedicio-arc-iris-9788426147585\\\/#primaryimage\"},\"image\":{\"@id\":\"https:\\\/\\\/www.editorialjuventud.es\\\/lexpedicio-arc-iris-9788426147585\\\/#primaryimage\"},\"thumbnailUrl\":\"https:\\\/\\\/www.editorialjuventud.es\\\/wp-content\\\/uploads\\\/9788426147585.jpg\",\"datePublished\":\"2022-02-01T08:19:27+00:00\",\"dateModified\":\"2025-01-22T11:42:51+00:00\",\"description\":\"L'ornit\u00f2loga Ava Pigot necessita ajuda! Duu molt de temps cercant l'ocell arc iris, per\u00f2 no el troba enlloc. La Kim i en Carl volen ajudar-la, i salpen a\",\"breadcrumb\":{\"@id\":\"https:\\\/\\\/www.editorialjuventud.es\\\/lexpedicio-arc-iris-9788426147585\\\/#breadcrumb\"},\"inLanguage\":\"ca\",\"potentialAction\":[{\"@type\":\"ReadAction\",\"target\":[\"https:\\\/\\\/www.editorialjuventud.es\\\/lexpedicio-arc-iris-9788426147585\\\/\"]}]},{\"@type\":\"ImageObject\",\"inLanguage\":\"ca\",\"@id\":\"https:\\\/\\\/www.editorialjuventud.es\\\/lexpedicio-arc-iris-9788426147585\\\/#primaryimage\",\"url\":\"https:\\\/\\\/www.editorialjuventud.es\\\/wp-content\\\/uploads\\\/9788426147585.jpg\",\"contentUrl\":\"https:\\\/\\\/www.editorialjuventud.es\\\/wp-content\\\/uploads\\\/9788426147585.jpg\",\"width\":410,\"height\":534,\"caption\":\"9788426147585.jpg\"},{\"@type\":\"BreadcrumbList\",\"@id\":\"https:\\\/\\\/www.editorialjuventud.es\\\/lexpedicio-arc-iris-9788426147585\\\/#breadcrumb\",\"itemListElement\":[{\"@type\":\"ListItem\",\"position\":1,\"name\":\"Portada\",\"item\":\"https:\\\/\\\/www.editorialjuventud.es\\\/\"},{\"@type\":\"ListItem\",\"position\":2,\"name\":\"cat\u00e1logo\",\"item\":\"https:\\\/\\\/www.editorialjuventud.es\\\/coleccion\\\/catalogo\\\/\"},{\"@type\":\"ListItem\",\"position\":3,\"name\":\"catal\u00e0\",\"item\":\"https:\\\/\\\/www.editorialjuventud.es\\\/coleccion\\\/catala\\\/\"},{\"@type\":\"ListItem\",\"position\":4,\"name\":\"\u00c0lbums Il\u00b7lustrats\",\"item\":\"https:\\\/\\\/www.editorialjuventud.es\\\/coleccion\\\/albums-il%c2%b7lustrats\\\/\"},{\"@type\":\"ListItem\",\"position\":5,\"name\":\"Els Meus Primers Contes\",\"item\":\"https:\\\/\\\/www.editorialjuventud.es\\\/coleccion\\\/els-meus-primers-contes\\\/\"},{\"@type\":\"ListItem\",\"position\":6,\"name\":\"L'expedici\u00f3 Arc Iris\"}]},{\"@type\":\"WebSite\",\"@id\":\"https:\\\/\\\/www.editorialjuventud.es\\\/#website\",\"url\":\"https:\\\/\\\/www.editorialjuventud.es\\\/\",\"name\":\"Editorial Juventud\",\"description\":\"\",\"potentialAction\":[{\"@type\":\"SearchAction\",\"target\":{\"@type\":\"EntryPoint\",\"urlTemplate\":\"https:\\\/\\\/www.editorialjuventud.es\\\/?s={search_term_string}\"},\"query-input\":{\"@type\":\"PropertyValueSpecification\",\"valueRequired\":true,\"valueName\":\"search_term_string\"}}],\"inLanguage\":\"ca\"}]}<\/script>\n<!-- \/ Yoast SEO plugin. -->","yoast_head_json":{"title":"L'expedici\u00f3 Arc Iris - Editorial Juventud","description":"L'ornit\u00f2loga Ava Pigot necessita ajuda! Duu molt de temps cercant l'ocell arc iris, per\u00f2 no el troba enlloc. La Kim i en Carl volen ajudar-la, i salpen a","robots":{"index":"index","follow":"follow","max-snippet":"max-snippet:-1","max-image-preview":"max-image-preview:large","max-video-preview":"max-video-preview:-1"},"canonical":"https:\/\/www.editorialjuventud.es\/lexpedicio-arc-iris-9788426147585\/","og_locale":"ca_ES","og_type":"article","og_title":"L'expedici\u00f3 Arc Iris - Editorial Juventud","og_description":"L'ornit\u00f2loga Ava Pigot necessita ajuda! Duu molt de temps cercant l'ocell arc iris, per\u00f2 no el troba enlloc. La Kim i en Carl volen ajudar-la, i salpen a","og_url":"https:\/\/www.editorialjuventud.es\/lexpedicio-arc-iris-9788426147585\/","og_site_name":"Editorial Juventud","article_modified_time":"2025-01-22T11:42:51+00:00","og_image":[{"width":410,"height":534,"url":"https:\/\/www.editorialjuventud.es\/wp-content\/uploads\/9788426147585.jpg","type":"image\/jpeg"}],"twitter_card":"summary_large_image","twitter_misc":{"Temps estimat de lectura":"1 minut"},"schema":{"@context":"https:\/\/schema.org","@graph":[{"@type":"WebPage","@id":"https:\/\/www.editorialjuventud.es\/lexpedicio-arc-iris-9788426147585\/","url":"https:\/\/www.editorialjuventud.es\/lexpedicio-arc-iris-9788426147585\/","name":"L'expedici\u00f3 Arc Iris - Editorial Juventud","isPartOf":{"@id":"https:\/\/www.editorialjuventud.es\/#website"},"primaryImageOfPage":{"@id":"https:\/\/www.editorialjuventud.es\/lexpedicio-arc-iris-9788426147585\/#primaryimage"},"image":{"@id":"https:\/\/www.editorialjuventud.es\/lexpedicio-arc-iris-9788426147585\/#primaryimage"},"thumbnailUrl":"https:\/\/www.editorialjuventud.es\/wp-content\/uploads\/9788426147585.jpg","datePublished":"2022-02-01T08:19:27+00:00","dateModified":"2025-01-22T11:42:51+00:00","description":"L'ornit\u00f2loga Ava Pigot necessita ajuda! Duu molt de temps cercant l'ocell arc iris, per\u00f2 no el troba enlloc. La Kim i en Carl volen ajudar-la, i salpen a","breadcrumb":{"@id":"https:\/\/www.editorialjuventud.es\/lexpedicio-arc-iris-9788426147585\/#breadcrumb"},"inLanguage":"ca","potentialAction":[{"@type":"ReadAction","target":["https:\/\/www.editorialjuventud.es\/lexpedicio-arc-iris-9788426147585\/"]}]},{"@type":"ImageObject","inLanguage":"ca","@id":"https:\/\/www.editorialjuventud.es\/lexpedicio-arc-iris-9788426147585\/#primaryimage","url":"https:\/\/www.editorialjuventud.es\/wp-content\/uploads\/9788426147585.jpg","contentUrl":"https:\/\/www.editorialjuventud.es\/wp-content\/uploads\/9788426147585.jpg","width":410,"height":534,"caption":"9788426147585.jpg"},{"@type":"BreadcrumbList","@id":"https:\/\/www.editorialjuventud.es\/lexpedicio-arc-iris-9788426147585\/#breadcrumb","itemListElement":[{"@type":"ListItem","position":1,"name":"Portada","item":"https:\/\/www.editorialjuventud.es\/"},{"@type":"ListItem","position":2,"name":"cat\u00e1logo","item":"https:\/\/www.editorialjuventud.es\/coleccion\/catalogo\/"},{"@type":"ListItem","position":3,"name":"catal\u00e0","item":"https:\/\/www.editorialjuventud.es\/coleccion\/catala\/"},{"@type":"ListItem","position":4,"name":"\u00c0lbums Il\u00b7lustrats","item":"https:\/\/www.editorialjuventud.es\/coleccion\/albums-il%c2%b7lustrats\/"},{"@type":"ListItem","position":5,"name":"Els Meus Primers Contes","item":"https:\/\/www.editorialjuventud.es\/coleccion\/els-meus-primers-contes\/"},{"@type":"ListItem","position":6,"name":"L'expedici\u00f3 Arc Iris"}]},{"@type":"WebSite","@id":"https:\/\/www.editorialjuventud.es\/#website","url":"https:\/\/www.editorialjuventud.es\/","name":"Editorial Juventud","description":"","potentialAction":[{"@type":"SearchAction","target":{"@type":"EntryPoint","urlTemplate":"https:\/\/www.editorialjuventud.es\/?s={search_term_string}"},"query-input":{"@type":"PropertyValueSpecification","valueRequired":true,"valueName":"search_term_string"}}],"inLanguage":"ca"}]}},"_links":{"self":[{"href":"https:\/\/www.editorialjuventud.es\/ca\/wp-json\/wp\/v2\/product\/62431","targetHints":{"allow":["GET"]}}],"collection":[{"href":"https:\/\/www.editorialjuventud.es\/ca\/wp-json\/wp\/v2\/product"}],"about":[{"href":"https:\/\/www.editorialjuventud.es\/ca\/wp-json\/wp\/v2\/types\/product"}],"wp:featuredmedia":[{"embeddable":true,"href":"https:\/\/www.editorialjuventud.es\/ca\/wp-json\/wp\/v2\/media\/62432"}],"wp:attachment":[{"href":"https:\/\/www.editorialjuventud.es\/ca\/wp-json\/wp\/v2\/media?parent=62431"}],"wp:term":[{"taxonomy":"product_brand","embeddable":true,"href":"https:\/\/www.editorialjuventud.es\/ca\/wp-json\/wp\/v2\/product_brand?post=62431"},{"taxonomy":"product_cat","embeddable":true,"href":"https:\/\/www.editorialjuventud.es\/ca\/wp-json\/wp\/v2\/product_cat?post=62431"},{"taxonomy":"product_tag","embeddable":true,"href":"https:\/\/www.editorialjuventud.es\/ca\/wp-json\/wp\/v2\/product_tag?post=62431"},{"taxonomy":"coleccion","embeddable":true,"href":"https:\/\/www.editorialjuventud.es\/ca\/wp-json\/wp\/v2\/coleccion?post=62431"}],"curies":[{"name":"wp","href":"https:\/\/api.w.org\/{rel}","templated":true}]}}