{"id":62427,"date":"2022-02-01T10:17:58","date_gmt":"2022-02-01T08:17:58","guid":{"rendered":"https:\/\/www.editorialjuventud.es\/el-gran-llibre-de-la-mare-terra-9788426147349\/"},"modified":"2024-03-20T07:45:01","modified_gmt":"2024-03-20T06:45:01","slug":"el-gran-llibre-de-la-mare-terra-9788426147349","status":"publish","type":"product","link":"https:\/\/www.editorialjuventud.es\/ca\/el-gran-llibre-de-la-mare-terra-9788426147349\/","title":{"rendered":"El gran llibre de la Mare Terra"},"content":{"rendered":"<p>Sabies que les ll\u00fadrigues s&#8217;agafen de la m\u00e0 com nosaltres? O que els bernats ermitans tenen casa? I que les papallones tenen una hora d&#8217;anar a dormir? <em>El gran llibre de la Mare Terra<\/em> \u00e9s una forma de celebrar les meravelloses connexions entre nosaltres els humans i la Natura. Perqu\u00e8 tots som part de la Natura o Mare Terra, i la Natura \u00e9s part de tots.<\/p>\n<p>La nova entrega de la popular s\u00e8rie Grans Llibres de Yuval Zommer connecta als joves lectors de tot el m\u00f3n emfatitzant que tots pertanyem a la Mare Terra. Amb els nens al centre de cada p\u00e0gina, incre\u00efblement il\u00b7lustrada, aquest llibre estableix paral\u00b7lels entre la manera en qu\u00e8 humans, plantes i animals vivim i ens interrelacionem. Tots respirem el mateix aire i ens escalfem amb el mateix sol, creixem, ens adaptem a les estacions i convivim amb grups familiars.<br \/>\nL&#8217;amable missatge del llibre sobre tenir cura de la natura inspirar\u00e0 els lectors de totes les edats i animar\u00e0 a brotar una nova generaci\u00f3 d&#8217;ecologistes.<\/p>\n<p>&nbsp;<\/p>\n<p>Aquest llibre ha estat publicat amb el suport de:<\/p>\n<p><img loading=\"lazy\" decoding=\"async\" class=\"alignnone size-full wp-image-76274\" src=\"https:\/\/www.editorialjuventud.es\/wp-content\/uploads\/unnamed.png\" alt=\"\" width=\"405\" height=\"35\" srcset=\"https:\/\/www.editorialjuventud.es\/wp-content\/uploads\/unnamed.png 405w, https:\/\/www.editorialjuventud.es\/wp-content\/uploads\/unnamed-350x30.png 350w, https:\/\/www.editorialjuventud.es\/wp-content\/uploads\/unnamed-190x16.png 190w\" sizes=\"auto, (max-width: 405px) 100vw, 405px\" \/><\/p>\n","protected":false},"excerpt":{"rendered":"Sabies que les ll\u00fadrigues s&#8217;agafen de la m\u00e0 com nosaltres? O que els bernats ermitans tenen casa? I que les papallones tenen una hora d&#8217;anar a dormir? El gran llibre de la Mare Terra \u00e9s una forma de celebrar les [&hellip;]","protected":false},"featured_media":62428,"template":"","meta":{"_acf_changed":false,"_exactmetrics_skip_tracking":false,"_exactmetrics_sitenote_active":false,"_exactmetrics_sitenote_note":"","_exactmetrics_sitenote_category":0},"product_brand":[],"product_cat":[900,1121,1138,1167,892,1115,1123,1201,893,1128],"product_tag":[],"coleccion":[917,915,946,1032],"class_list":{"0":"post-62427","1":"product","2":"type-product","3":"status-publish","4":"has-post-thumbnail","6":"product_cat-a-partir-de-5-anos","7":"product_cat-albumes-ilustrados","8":"product_cat-animales","9":"product_cat-ecologia-medio-ambiente","10":"product_cat-edades","11":"product_cat-generos","12":"product_cat-libros-informativos-infantil","13":"product_cat-naturaleza-biodiversidad","14":"product_cat-novedades","15":"product_cat-tematica","16":"coleccion-albums-illustrats","17":"coleccion-catala","18":"coleccion-com-i-per-que","19":"coleccion-fauna-i-flora","21":"first","22":"instock","23":"taxable","24":"shipping-taxable","25":"purchasable","26":"product-type-simple"},"acf":{"indice":"","autor":"ZOMMER, YUVAL","codart":"4734","ediciones":"1","encuadernacion":"Carton\u00e9","fecha_de_publicacion":"01\/02\/2022","fecha_de_reimpresion":"","novedad":"0","paginas":"64","subtitulo":"","texto_web_adicional":"","autores-libros":[16700],"ilustradores-libros":"","texto_web_novedad":"","orden":"999","portada":"0","texto_web_resaltado":"","traductores-libros":[18265],"descripcion_corta":"El gran llibre de la Mare Terra","recomendamos":"","mas_vendido":"","idioma-libro":"","color":false,"formato":"","mas_informacion_del_producto":false,"premios":false,"deshabilitar_compra":["deshabilitar"],"texto_enlace_cubierta":"","enlace_cubierta":{"ID":62906,"id":62906,"title":"cover CAT_Big_Book_Belonging_PLC.indd","filename":"GRAN-LLIBRE-DE-LA-MARE-TERRA_CAT_Cover.jpg","filesize":4847972,"url":"https:\/\/www.editorialjuventud.es\/wp-content\/uploads\/GRAN-LLIBRE-DE-LA-MARE-TERRA_CAT_Cover.jpg","link":"https:\/\/www.editorialjuventud.es\/ca\/?attachment_id=62906","alt":"","author":"50","description":"","caption":"","name":"cover-cat_big_book_belonging_plc-indd-2","status":"inherit","uploaded_to":62427,"date":"2022-02-14 10:54:19","modified":"2022-02-14 10:54:19","menu_order":0,"mime_type":"image\/jpeg","type":"image","subtype":"jpeg","icon":"https:\/\/www.editorialjuventud.es\/wp-includes\/images\/media\/default.png","width":2800,"height":4085,"sizes":{"thumbnail":"https:\/\/www.editorialjuventud.es\/wp-content\/uploads\/GRAN-LLIBRE-DE-LA-MARE-TERRA_CAT_Cover-200x200.jpg","thumbnail-width":200,"thumbnail-height":200,"medium":"https:\/\/www.editorialjuventud.es\/wp-content\/uploads\/GRAN-LLIBRE-DE-LA-MARE-TERRA_CAT_Cover.jpg","medium-width":2800,"medium-height":4085,"medium_large":"https:\/\/www.editorialjuventud.es\/wp-content\/uploads\/GRAN-LLIBRE-DE-LA-MARE-TERRA_CAT_Cover-768x1120.jpg","medium_large-width":768,"medium_large-height":1120,"large":"https:\/\/www.editorialjuventud.es\/wp-content\/uploads\/GRAN-LLIBRE-DE-LA-MARE-TERRA_CAT_Cover.jpg","large-width":2800,"large-height":4085,"1536x1536":"https:\/\/www.editorialjuventud.es\/wp-content\/uploads\/GRAN-LLIBRE-DE-LA-MARE-TERRA_CAT_Cover.jpg","1536x1536-width":1053,"1536x1536-height":1536,"2048x2048":"https:\/\/www.editorialjuventud.es\/wp-content\/uploads\/GRAN-LLIBRE-DE-LA-MARE-TERRA_CAT_Cover.jpg","2048x2048-width":1404,"2048x2048-height":2048,"woocommerce_thumbnail":"https:\/\/www.editorialjuventud.es\/wp-content\/uploads\/GRAN-LLIBRE-DE-LA-MARE-TERRA_CAT_Cover-350x511.jpg","woocommerce_thumbnail-width":350,"woocommerce_thumbnail-height":511,"woocommerce_single":"https:\/\/www.editorialjuventud.es\/wp-content\/uploads\/GRAN-LLIBRE-DE-LA-MARE-TERRA_CAT_Cover-900x1313.jpg","woocommerce_single-width":900,"woocommerce_single-height":1313,"woocommerce_gallery_thumbnail":"https:\/\/www.editorialjuventud.es\/wp-content\/uploads\/GRAN-LLIBRE-DE-LA-MARE-TERRA_CAT_Cover-100x100.jpg","woocommerce_gallery_thumbnail-width":100,"woocommerce_gallery_thumbnail-height":100,"ppec_logo_image_size":"https:\/\/www.editorialjuventud.es\/wp-content\/uploads\/GRAN-LLIBRE-DE-LA-MARE-TERRA_CAT_Cover.jpg","ppec_logo_image_size-width":41,"ppec_logo_image_size-height":60,"ppec_header_image_size":"https:\/\/www.editorialjuventud.es\/wp-content\/uploads\/GRAN-LLIBRE-DE-LA-MARE-TERRA_CAT_Cover.jpg","ppec_header_image_size-width":62,"ppec_header_image_size-height":90}},"texto_enlace_ficha_tecnica":"","enlace_ficha_tecnica":{"ID":62908,"id":62908,"title":"cover CAT_Big_Book_Belonging_PLC.indd","filename":"GRAN-LLIBRE-DE-LA-MARE-TERRA_CAT_Cover-1.jpg","filesize":1702899,"url":"https:\/\/www.editorialjuventud.es\/wp-content\/uploads\/GRAN-LLIBRE-DE-LA-MARE-TERRA_CAT_Cover-1.jpg","link":"https:\/\/www.editorialjuventud.es\/ca\/?attachment_id=62908","alt":"","author":"50","description":"","caption":"","name":"cover-cat_big_book_belonging_plc-indd-3","status":"inherit","uploaded_to":62427,"date":"2022-02-14 10:55:26","modified":"2022-02-14 10:55:26","menu_order":0,"mime_type":"image\/jpeg","type":"image","subtype":"jpeg","icon":"https:\/\/www.editorialjuventud.es\/wp-includes\/images\/media\/default.png","width":2800,"height":4085,"sizes":{"thumbnail":"https:\/\/www.editorialjuventud.es\/wp-content\/uploads\/GRAN-LLIBRE-DE-LA-MARE-TERRA_CAT_Cover-1-200x200.jpg","thumbnail-width":200,"thumbnail-height":200,"medium":"https:\/\/www.editorialjuventud.es\/wp-content\/uploads\/GRAN-LLIBRE-DE-LA-MARE-TERRA_CAT_Cover-1.jpg","medium-width":2800,"medium-height":4085,"medium_large":"https:\/\/www.editorialjuventud.es\/wp-content\/uploads\/GRAN-LLIBRE-DE-LA-MARE-TERRA_CAT_Cover-1-768x1120.jpg","medium_large-width":768,"medium_large-height":1120,"large":"https:\/\/www.editorialjuventud.es\/wp-content\/uploads\/GRAN-LLIBRE-DE-LA-MARE-TERRA_CAT_Cover-1.jpg","large-width":2800,"large-height":4085,"1536x1536":"https:\/\/www.editorialjuventud.es\/wp-content\/uploads\/GRAN-LLIBRE-DE-LA-MARE-TERRA_CAT_Cover-1.jpg","1536x1536-width":1053,"1536x1536-height":1536,"2048x2048":"https:\/\/www.editorialjuventud.es\/wp-content\/uploads\/GRAN-LLIBRE-DE-LA-MARE-TERRA_CAT_Cover-1.jpg","2048x2048-width":1404,"2048x2048-height":2048,"woocommerce_thumbnail":"https:\/\/www.editorialjuventud.es\/wp-content\/uploads\/GRAN-LLIBRE-DE-LA-MARE-TERRA_CAT_Cover-1-350x511.jpg","woocommerce_thumbnail-width":350,"woocommerce_thumbnail-height":511,"woocommerce_single":"https:\/\/www.editorialjuventud.es\/wp-content\/uploads\/GRAN-LLIBRE-DE-LA-MARE-TERRA_CAT_Cover-1-900x1313.jpg","woocommerce_single-width":900,"woocommerce_single-height":1313,"woocommerce_gallery_thumbnail":"https:\/\/www.editorialjuventud.es\/wp-content\/uploads\/GRAN-LLIBRE-DE-LA-MARE-TERRA_CAT_Cover-1-100x100.jpg","woocommerce_gallery_thumbnail-width":100,"woocommerce_gallery_thumbnail-height":100,"ppec_logo_image_size":"https:\/\/www.editorialjuventud.es\/wp-content\/uploads\/GRAN-LLIBRE-DE-LA-MARE-TERRA_CAT_Cover-1.jpg","ppec_logo_image_size-width":41,"ppec_logo_image_size-height":60,"ppec_header_image_size":"https:\/\/www.editorialjuventud.es\/wp-content\/uploads\/GRAN-LLIBRE-DE-LA-MARE-TERRA_CAT_Cover-1.jpg","ppec_header_image_size-width":62,"ppec_header_image_size-height":90}},"ficheros":false,"titulo-fr":"","texto-fr":""},"yoast_head":"<!-- This site is optimized with the Yoast SEO plugin v27.3 - https:\/\/yoast.com\/product\/yoast-seo-wordpress\/ -->\n<title>El gran llibre de la Mare Terra - Editorial Juventud<\/title>\n<meta name=\"description\" content=\"Sabies que les ll\u00fadrigues s&#039;agafen de la m\u00e0 com nosaltres? O que els bernats ermitans tenen casa? I que les papallones tenen una hora d&#039;anar a dormir? El\" \/>\n<meta name=\"robots\" content=\"index, follow, max-snippet:-1, max-image-preview:large, max-video-preview:-1\" \/>\n<link rel=\"canonical\" href=\"https:\/\/www.editorialjuventud.es\/ca\/el-gran-llibre-de-la-mare-terra-9788426147349\/\" \/>\n<meta property=\"og:locale\" content=\"ca_ES\" \/>\n<meta property=\"og:type\" content=\"article\" \/>\n<meta property=\"og:title\" content=\"El gran llibre de la Mare Terra - Editorial Juventud\" \/>\n<meta property=\"og:description\" content=\"Sabies que les ll\u00fadrigues s&#039;agafen de la m\u00e0 com nosaltres? O que els bernats ermitans tenen casa? I que les papallones tenen una hora d&#039;anar a dormir? El\" \/>\n<meta property=\"og:url\" content=\"https:\/\/www.editorialjuventud.es\/ca\/el-gran-llibre-de-la-mare-terra-9788426147349\/\" \/>\n<meta property=\"og:site_name\" content=\"Editorial Juventud\" \/>\n<meta property=\"article:modified_time\" content=\"2024-03-20T06:45:01+00:00\" \/>\n<meta property=\"og:image\" content=\"https:\/\/www.editorialjuventud.es\/wp-content\/uploads\/9788426147349.jpg\" \/>\n\t<meta property=\"og:image:width\" content=\"410\" \/>\n\t<meta property=\"og:image:height\" content=\"598\" \/>\n\t<meta property=\"og:image:type\" content=\"image\/jpeg\" \/>\n<meta name=\"twitter:card\" content=\"summary_large_image\" \/>\n<meta name=\"twitter:label1\" content=\"Temps estimat de lectura\" \/>\n\t<meta name=\"twitter:data1\" content=\"1 minut\" \/>\n<script type=\"application\/ld+json\" class=\"yoast-schema-graph\">{\"@context\":\"https:\\\/\\\/schema.org\",\"@graph\":[{\"@type\":\"WebPage\",\"@id\":\"https:\\\/\\\/www.editorialjuventud.es\\\/ca\\\/el-gran-llibre-de-la-mare-terra-9788426147349\\\/\",\"url\":\"https:\\\/\\\/www.editorialjuventud.es\\\/ca\\\/el-gran-llibre-de-la-mare-terra-9788426147349\\\/\",\"name\":\"El gran llibre de la Mare Terra - Editorial Juventud\",\"isPartOf\":{\"@id\":\"https:\\\/\\\/www.editorialjuventud.es\\\/#website\"},\"primaryImageOfPage\":{\"@id\":\"https:\\\/\\\/www.editorialjuventud.es\\\/ca\\\/el-gran-llibre-de-la-mare-terra-9788426147349\\\/#primaryimage\"},\"image\":{\"@id\":\"https:\\\/\\\/www.editorialjuventud.es\\\/ca\\\/el-gran-llibre-de-la-mare-terra-9788426147349\\\/#primaryimage\"},\"thumbnailUrl\":\"https:\\\/\\\/www.editorialjuventud.es\\\/wp-content\\\/uploads\\\/9788426147349.jpg\",\"datePublished\":\"2022-02-01T08:17:58+00:00\",\"dateModified\":\"2024-03-20T06:45:01+00:00\",\"description\":\"Sabies que les ll\u00fadrigues s'agafen de la m\u00e0 com nosaltres? O que els bernats ermitans tenen casa? I que les papallones tenen una hora d'anar a dormir? El\",\"breadcrumb\":{\"@id\":\"https:\\\/\\\/www.editorialjuventud.es\\\/ca\\\/el-gran-llibre-de-la-mare-terra-9788426147349\\\/#breadcrumb\"},\"inLanguage\":\"ca\",\"potentialAction\":[{\"@type\":\"ReadAction\",\"target\":[\"https:\\\/\\\/www.editorialjuventud.es\\\/ca\\\/el-gran-llibre-de-la-mare-terra-9788426147349\\\/\"]}]},{\"@type\":\"ImageObject\",\"inLanguage\":\"ca\",\"@id\":\"https:\\\/\\\/www.editorialjuventud.es\\\/ca\\\/el-gran-llibre-de-la-mare-terra-9788426147349\\\/#primaryimage\",\"url\":\"https:\\\/\\\/www.editorialjuventud.es\\\/wp-content\\\/uploads\\\/9788426147349.jpg\",\"contentUrl\":\"https:\\\/\\\/www.editorialjuventud.es\\\/wp-content\\\/uploads\\\/9788426147349.jpg\",\"width\":410,\"height\":598,\"caption\":\"9788426147349.jpg\"},{\"@type\":\"BreadcrumbList\",\"@id\":\"https:\\\/\\\/www.editorialjuventud.es\\\/ca\\\/el-gran-llibre-de-la-mare-terra-9788426147349\\\/#breadcrumb\",\"itemListElement\":[{\"@type\":\"ListItem\",\"position\":1,\"name\":\"Portada\",\"item\":\"https:\\\/\\\/www.editorialjuventud.es\\\/\"},{\"@type\":\"ListItem\",\"position\":2,\"name\":\"cat\u00e1logo\",\"item\":\"https:\\\/\\\/www.editorialjuventud.es\\\/coleccion\\\/catalogo\\\/\"},{\"@type\":\"ListItem\",\"position\":3,\"name\":\"catal\u00e0\",\"item\":\"https:\\\/\\\/www.editorialjuventud.es\\\/coleccion\\\/catala\\\/\"},{\"@type\":\"ListItem\",\"position\":4,\"name\":\"\u00c0lbums Il\u00b7lustrats\",\"item\":\"https:\\\/\\\/www.editorialjuventud.es\\\/coleccion\\\/albums-il%c2%b7lustrats\\\/\"},{\"@type\":\"ListItem\",\"position\":5,\"name\":\"Com i Per qu\u00e8\",\"item\":\"https:\\\/\\\/www.editorialjuventud.es\\\/coleccion\\\/com-i-per-que\\\/\"},{\"@type\":\"ListItem\",\"position\":6,\"name\":\"Fauna i Flora\",\"item\":\"https:\\\/\\\/www.editorialjuventud.es\\\/coleccion\\\/fauna-i-flora\\\/\"},{\"@type\":\"ListItem\",\"position\":7,\"name\":\"El gran llibre de la Mare Terra\"}]},{\"@type\":\"WebSite\",\"@id\":\"https:\\\/\\\/www.editorialjuventud.es\\\/#website\",\"url\":\"https:\\\/\\\/www.editorialjuventud.es\\\/\",\"name\":\"Editorial Juventud\",\"description\":\"\",\"potentialAction\":[{\"@type\":\"SearchAction\",\"target\":{\"@type\":\"EntryPoint\",\"urlTemplate\":\"https:\\\/\\\/www.editorialjuventud.es\\\/?s={search_term_string}\"},\"query-input\":{\"@type\":\"PropertyValueSpecification\",\"valueRequired\":true,\"valueName\":\"search_term_string\"}}],\"inLanguage\":\"ca\"}]}<\/script>\n<!-- \/ Yoast SEO plugin. -->","yoast_head_json":{"title":"El gran llibre de la Mare Terra - Editorial Juventud","description":"Sabies que les ll\u00fadrigues s'agafen de la m\u00e0 com nosaltres? O que els bernats ermitans tenen casa? I que les papallones tenen una hora d'anar a dormir? El","robots":{"index":"index","follow":"follow","max-snippet":"max-snippet:-1","max-image-preview":"max-image-preview:large","max-video-preview":"max-video-preview:-1"},"canonical":"https:\/\/www.editorialjuventud.es\/ca\/el-gran-llibre-de-la-mare-terra-9788426147349\/","og_locale":"ca_ES","og_type":"article","og_title":"El gran llibre de la Mare Terra - Editorial Juventud","og_description":"Sabies que les ll\u00fadrigues s'agafen de la m\u00e0 com nosaltres? O que els bernats ermitans tenen casa? I que les papallones tenen una hora d'anar a dormir? El","og_url":"https:\/\/www.editorialjuventud.es\/ca\/el-gran-llibre-de-la-mare-terra-9788426147349\/","og_site_name":"Editorial Juventud","article_modified_time":"2024-03-20T06:45:01+00:00","og_image":[{"width":410,"height":598,"url":"https:\/\/www.editorialjuventud.es\/wp-content\/uploads\/9788426147349.jpg","type":"image\/jpeg"}],"twitter_card":"summary_large_image","twitter_misc":{"Temps estimat de lectura":"1 minut"},"schema":{"@context":"https:\/\/schema.org","@graph":[{"@type":"WebPage","@id":"https:\/\/www.editorialjuventud.es\/ca\/el-gran-llibre-de-la-mare-terra-9788426147349\/","url":"https:\/\/www.editorialjuventud.es\/ca\/el-gran-llibre-de-la-mare-terra-9788426147349\/","name":"El gran llibre de la Mare Terra - Editorial Juventud","isPartOf":{"@id":"https:\/\/www.editorialjuventud.es\/#website"},"primaryImageOfPage":{"@id":"https:\/\/www.editorialjuventud.es\/ca\/el-gran-llibre-de-la-mare-terra-9788426147349\/#primaryimage"},"image":{"@id":"https:\/\/www.editorialjuventud.es\/ca\/el-gran-llibre-de-la-mare-terra-9788426147349\/#primaryimage"},"thumbnailUrl":"https:\/\/www.editorialjuventud.es\/wp-content\/uploads\/9788426147349.jpg","datePublished":"2022-02-01T08:17:58+00:00","dateModified":"2024-03-20T06:45:01+00:00","description":"Sabies que les ll\u00fadrigues s'agafen de la m\u00e0 com nosaltres? O que els bernats ermitans tenen casa? I que les papallones tenen una hora d'anar a dormir? El","breadcrumb":{"@id":"https:\/\/www.editorialjuventud.es\/ca\/el-gran-llibre-de-la-mare-terra-9788426147349\/#breadcrumb"},"inLanguage":"ca","potentialAction":[{"@type":"ReadAction","target":["https:\/\/www.editorialjuventud.es\/ca\/el-gran-llibre-de-la-mare-terra-9788426147349\/"]}]},{"@type":"ImageObject","inLanguage":"ca","@id":"https:\/\/www.editorialjuventud.es\/ca\/el-gran-llibre-de-la-mare-terra-9788426147349\/#primaryimage","url":"https:\/\/www.editorialjuventud.es\/wp-content\/uploads\/9788426147349.jpg","contentUrl":"https:\/\/www.editorialjuventud.es\/wp-content\/uploads\/9788426147349.jpg","width":410,"height":598,"caption":"9788426147349.jpg"},{"@type":"BreadcrumbList","@id":"https:\/\/www.editorialjuventud.es\/ca\/el-gran-llibre-de-la-mare-terra-9788426147349\/#breadcrumb","itemListElement":[{"@type":"ListItem","position":1,"name":"Portada","item":"https:\/\/www.editorialjuventud.es\/"},{"@type":"ListItem","position":2,"name":"cat\u00e1logo","item":"https:\/\/www.editorialjuventud.es\/coleccion\/catalogo\/"},{"@type":"ListItem","position":3,"name":"catal\u00e0","item":"https:\/\/www.editorialjuventud.es\/coleccion\/catala\/"},{"@type":"ListItem","position":4,"name":"\u00c0lbums Il\u00b7lustrats","item":"https:\/\/www.editorialjuventud.es\/coleccion\/albums-il%c2%b7lustrats\/"},{"@type":"ListItem","position":5,"name":"Com i Per qu\u00e8","item":"https:\/\/www.editorialjuventud.es\/coleccion\/com-i-per-que\/"},{"@type":"ListItem","position":6,"name":"Fauna i Flora","item":"https:\/\/www.editorialjuventud.es\/coleccion\/fauna-i-flora\/"},{"@type":"ListItem","position":7,"name":"El gran llibre de la Mare Terra"}]},{"@type":"WebSite","@id":"https:\/\/www.editorialjuventud.es\/#website","url":"https:\/\/www.editorialjuventud.es\/","name":"Editorial Juventud","description":"","potentialAction":[{"@type":"SearchAction","target":{"@type":"EntryPoint","urlTemplate":"https:\/\/www.editorialjuventud.es\/?s={search_term_string}"},"query-input":{"@type":"PropertyValueSpecification","valueRequired":true,"valueName":"search_term_string"}}],"inLanguage":"ca"}]}},"_links":{"self":[{"href":"https:\/\/www.editorialjuventud.es\/ca\/wp-json\/wp\/v2\/product\/62427","targetHints":{"allow":["GET"]}}],"collection":[{"href":"https:\/\/www.editorialjuventud.es\/ca\/wp-json\/wp\/v2\/product"}],"about":[{"href":"https:\/\/www.editorialjuventud.es\/ca\/wp-json\/wp\/v2\/types\/product"}],"wp:featuredmedia":[{"embeddable":true,"href":"https:\/\/www.editorialjuventud.es\/ca\/wp-json\/wp\/v2\/media\/62428"}],"wp:attachment":[{"href":"https:\/\/www.editorialjuventud.es\/ca\/wp-json\/wp\/v2\/media?parent=62427"}],"wp:term":[{"taxonomy":"product_brand","embeddable":true,"href":"https:\/\/www.editorialjuventud.es\/ca\/wp-json\/wp\/v2\/product_brand?post=62427"},{"taxonomy":"product_cat","embeddable":true,"href":"https:\/\/www.editorialjuventud.es\/ca\/wp-json\/wp\/v2\/product_cat?post=62427"},{"taxonomy":"product_tag","embeddable":true,"href":"https:\/\/www.editorialjuventud.es\/ca\/wp-json\/wp\/v2\/product_tag?post=62427"},{"taxonomy":"coleccion","embeddable":true,"href":"https:\/\/www.editorialjuventud.es\/ca\/wp-json\/wp\/v2\/coleccion?post=62427"}],"curies":[{"name":"wp","href":"https:\/\/api.w.org\/{rel}","templated":true}]}}