{"id":62424,"date":"2022-02-01T10:16:11","date_gmt":"2022-02-01T08:16:11","guid":{"rendered":"https:\/\/www.editorialjuventud.es\/el-gran-libro-de-la-madre-tierra-9788426147332\/"},"modified":"2025-02-26T12:24:16","modified_gmt":"2025-02-26T11:24:16","slug":"el-gran-libro-de-la-madre-tierra-9788426147332","status":"publish","type":"product","link":"https:\/\/www.editorialjuventud.es\/ca\/el-gran-libro-de-la-madre-tierra-9788426147332\/","title":{"rendered":"El gran libro de la Madre Tierra"},"content":{"rendered":"<p>\u00bfSab\u00edas que las nutrias se dan la mano como nosotros? \u00bfO que los cangrejos ermita\u00f1os tienen casa? \u00bfY que las mariposas tienen hora de ir a dormir? <em>El Gran Libro de la Madre Tierra<\/em> es un libro para celebrar las maravillosas conexiones entre los humanos y la Naturaleza. Porque todos somos parte de la Naturaleza o Madre Tierra, y la Naturaleza es parte de todos.<\/p>\n<p>La nueva entrega de la popular serie Grandes Libros de Yuval Zommer conecta a los j\u00f3venes lectores de todo el mundo enfatizando que todos pertenecemos a la Madre Tierra. Con los ni\u00f1os en el coraz\u00f3n de cada p\u00e1gina, incre\u00edblemente ilustrada, este libro establece paralelos entre la forma en que los humanos, las plantas y los animales vivimos y nos interrelacionamos. Todos respiramos el mismo aire y nos calentamos con el mismo sol, crecemos, nos adaptamos a las estaciones y convivimos en grupos familiares.<\/p>\n<p>El amable mensaje del libro sobre el cuidado de la naturaleza inspirar\u00e1 a los lectores de todas las edades y animar\u00e1 a una nueva generaci\u00f3n de ecologistas a florecer.<\/p>\n<p>&nbsp;<\/p>\n<p>Este libro ha sido publicado con el apoyo de:<\/p>\n<p><img loading=\"lazy\" decoding=\"async\" class=\"alignnone size-full wp-image-76274\" src=\"https:\/\/www.editorialjuventud.es\/wp-content\/uploads\/unnamed.png\" alt=\"\" width=\"405\" height=\"35\" srcset=\"https:\/\/www.editorialjuventud.es\/wp-content\/uploads\/unnamed.png 405w, https:\/\/www.editorialjuventud.es\/wp-content\/uploads\/unnamed-350x30.png 350w, https:\/\/www.editorialjuventud.es\/wp-content\/uploads\/unnamed-190x16.png 190w\" sizes=\"auto, (max-width: 405px) 100vw, 405px\" \/><\/p>\n","protected":false},"excerpt":{"rendered":"\u00bfSab\u00edas que las nutrias se dan la mano como nosotros? \u00bfO que los cangrejos ermita\u00f1os tienen casa? \u00bfY que las mariposas tienen hora de ir a dormir? El Gran Libro de la Madre Tierra es un libro para celebrar las [&hellip;]","protected":false},"featured_media":62425,"template":"","meta":{"_acf_changed":false,"_exactmetrics_skip_tracking":false,"_exactmetrics_sitenote_active":false,"_exactmetrics_sitenote_note":"","_exactmetrics_sitenote_category":0},"product_brand":[],"product_cat":[900,1121,1138,1167,892,1115,1123,1201,893,1128],"product_tag":[],"coleccion":[928,916,987,1055],"class_list":{"0":"post-62424","1":"product","2":"type-product","3":"status-publish","4":"has-post-thumbnail","6":"product_cat-a-partir-de-5-anos","7":"product_cat-albumes-ilustrados","8":"product_cat-animales","9":"product_cat-ecologia-medio-ambiente","10":"product_cat-edades","11":"product_cat-generos","12":"product_cat-libros-informativos-infantil","13":"product_cat-naturaleza-biodiversidad","14":"product_cat-novedades","15":"product_cat-tematica","16":"coleccion-albumes-ilustrados","17":"coleccion-castellano","18":"coleccion-conocer-y-comprender","19":"coleccion-fauna-y-flora","21":"first","22":"instock","23":"taxable","24":"shipping-taxable","25":"purchasable","26":"product-type-simple"},"acf":{"indice":"","autor":"ZOMMER, YUVAL","codart":"4733","ediciones":"1","encuadernacion":"Carton\u00e9","fecha_de_publicacion":"01\/02\/2022","fecha_de_reimpresion":"","novedad":"0","paginas":"64","subtitulo":"","texto_web_adicional":"","autores-libros":[16700],"ilustradores-libros":"","texto_web_novedad":"","orden":"999","portada":"0","texto_web_resaltado":"","traductores-libros":[18265],"descripcion_corta":"","recomendamos":"","mas_vendido":"","idioma-libro":"","color":false,"formato":"","mas_informacion_del_producto":false,"premios":false,"deshabilitar_compra":["deshabilitar"],"texto_enlace_cubierta":"","enlace_cubierta":{"ID":62693,"id":62693,"title":"cover_Big_Book_Belonging_PLC.indd","filename":"GRAN-LIBRO-DE-LA-MADRE-TIERRA_CAST_Cover-1.jpg","filesize":1706054,"url":"https:\/\/www.editorialjuventud.es\/wp-content\/uploads\/GRAN-LIBRO-DE-LA-MADRE-TIERRA_CAST_Cover-1.jpg","link":"https:\/\/www.editorialjuventud.es\/ca\/?attachment_id=62693","alt":"","author":"50","description":"","caption":"","name":"cover_big_book_belonging_plc-indd-3","status":"inherit","uploaded_to":62424,"date":"2022-02-08 07:41:06","modified":"2022-02-08 07:41:06","menu_order":0,"mime_type":"image\/jpeg","type":"image","subtype":"jpeg","icon":"https:\/\/www.editorialjuventud.es\/wp-includes\/images\/media\/default.png","width":2798,"height":4083,"sizes":{"thumbnail":"https:\/\/www.editorialjuventud.es\/wp-content\/uploads\/GRAN-LIBRO-DE-LA-MADRE-TIERRA_CAST_Cover-1-200x200.jpg","thumbnail-width":200,"thumbnail-height":200,"medium":"https:\/\/www.editorialjuventud.es\/wp-content\/uploads\/GRAN-LIBRO-DE-LA-MADRE-TIERRA_CAST_Cover-1.jpg","medium-width":2798,"medium-height":4083,"medium_large":"https:\/\/www.editorialjuventud.es\/wp-content\/uploads\/GRAN-LIBRO-DE-LA-MADRE-TIERRA_CAST_Cover-1-768x1121.jpg","medium_large-width":768,"medium_large-height":1121,"large":"https:\/\/www.editorialjuventud.es\/wp-content\/uploads\/GRAN-LIBRO-DE-LA-MADRE-TIERRA_CAST_Cover-1.jpg","large-width":2798,"large-height":4083,"1536x1536":"https:\/\/www.editorialjuventud.es\/wp-content\/uploads\/GRAN-LIBRO-DE-LA-MADRE-TIERRA_CAST_Cover-1.jpg","1536x1536-width":1053,"1536x1536-height":1536,"2048x2048":"https:\/\/www.editorialjuventud.es\/wp-content\/uploads\/GRAN-LIBRO-DE-LA-MADRE-TIERRA_CAST_Cover-1.jpg","2048x2048-width":1403,"2048x2048-height":2048,"woocommerce_thumbnail":"https:\/\/www.editorialjuventud.es\/wp-content\/uploads\/GRAN-LIBRO-DE-LA-MADRE-TIERRA_CAST_Cover-1-350x511.jpg","woocommerce_thumbnail-width":350,"woocommerce_thumbnail-height":511,"woocommerce_single":"https:\/\/www.editorialjuventud.es\/wp-content\/uploads\/GRAN-LIBRO-DE-LA-MADRE-TIERRA_CAST_Cover-1-900x1313.jpg","woocommerce_single-width":900,"woocommerce_single-height":1313,"woocommerce_gallery_thumbnail":"https:\/\/www.editorialjuventud.es\/wp-content\/uploads\/GRAN-LIBRO-DE-LA-MADRE-TIERRA_CAST_Cover-1-100x100.jpg","woocommerce_gallery_thumbnail-width":100,"woocommerce_gallery_thumbnail-height":100,"ppec_logo_image_size":"https:\/\/www.editorialjuventud.es\/wp-content\/uploads\/GRAN-LIBRO-DE-LA-MADRE-TIERRA_CAST_Cover-1.jpg","ppec_logo_image_size-width":41,"ppec_logo_image_size-height":60,"ppec_header_image_size":"https:\/\/www.editorialjuventud.es\/wp-content\/uploads\/GRAN-LIBRO-DE-LA-MADRE-TIERRA_CAST_Cover-1.jpg","ppec_header_image_size-width":62,"ppec_header_image_size-height":90}},"texto_enlace_ficha_tecnica":"","enlace_ficha_tecnica":{"ID":62902,"id":62902,"title":"GRAN LIBRO MADRE TIERRA__Fichas","filename":"GRAN-LIBRO-MADRE-TIERRA__Fichas.pdf","filesize":739225,"url":"https:\/\/www.editorialjuventud.es\/wp-content\/uploads\/GRAN-LIBRO-MADRE-TIERRA__Fichas.pdf","link":"https:\/\/www.editorialjuventud.es\/ca\/?attachment_id=62902","alt":"","author":"50","description":"","caption":"","name":"gran-libro-madre-tierra__fichas","status":"inherit","uploaded_to":62424,"date":"2022-02-14 10:50:55","modified":"2022-02-14 10:50:55","menu_order":0,"mime_type":"application\/pdf","type":"application","subtype":"pdf","icon":"https:\/\/www.editorialjuventud.es\/wp-includes\/images\/media\/document.png"},"ficheros":false,"titulo-fr":"","texto-fr":""},"yoast_head":"<!-- This site is optimized with the Yoast SEO plugin v27.3 - https:\/\/yoast.com\/product\/yoast-seo-wordpress\/ -->\n<title>El gran libro de la Madre Tierra - Editorial Juventud<\/title>\n<meta name=\"description\" content=\"\u00bfSab\u00edas que las nutrias se dan la mano como nosotros? \u00bfO que los cangrejos ermita\u00f1os tienen casa? \u00bfY que las mariposas tienen hora de ir a dormir? El Gran\" \/>\n<meta name=\"robots\" content=\"index, follow, max-snippet:-1, max-image-preview:large, max-video-preview:-1\" \/>\n<link rel=\"canonical\" href=\"https:\/\/www.editorialjuventud.es\/el-gran-libro-de-la-madre-tierra-9788426147332\/\" \/>\n<meta property=\"og:locale\" content=\"ca_ES\" \/>\n<meta property=\"og:type\" content=\"article\" \/>\n<meta property=\"og:title\" content=\"El gran libro de la Madre Tierra - Editorial Juventud\" \/>\n<meta property=\"og:description\" content=\"\u00bfSab\u00edas que las nutrias se dan la mano como nosotros? \u00bfO que los cangrejos ermita\u00f1os tienen casa? \u00bfY que las mariposas tienen hora de ir a dormir? El Gran\" \/>\n<meta property=\"og:url\" content=\"https:\/\/www.editorialjuventud.es\/el-gran-libro-de-la-madre-tierra-9788426147332\/\" \/>\n<meta property=\"og:site_name\" content=\"Editorial Juventud\" \/>\n<meta property=\"article:modified_time\" content=\"2025-02-26T11:24:16+00:00\" \/>\n<meta property=\"og:image\" content=\"https:\/\/www.editorialjuventud.es\/wp-content\/uploads\/9788426147332.jpg\" \/>\n\t<meta property=\"og:image:width\" content=\"410\" \/>\n\t<meta property=\"og:image:height\" content=\"598\" \/>\n\t<meta property=\"og:image:type\" content=\"image\/jpeg\" \/>\n<meta name=\"twitter:card\" content=\"summary_large_image\" \/>\n<meta name=\"twitter:label1\" content=\"Temps estimat de lectura\" \/>\n\t<meta name=\"twitter:data1\" content=\"2 minuts\" \/>\n<script type=\"application\/ld+json\" class=\"yoast-schema-graph\">{\"@context\":\"https:\\\/\\\/schema.org\",\"@graph\":[{\"@type\":\"WebPage\",\"@id\":\"https:\\\/\\\/www.editorialjuventud.es\\\/el-gran-libro-de-la-madre-tierra-9788426147332\\\/\",\"url\":\"https:\\\/\\\/www.editorialjuventud.es\\\/el-gran-libro-de-la-madre-tierra-9788426147332\\\/\",\"name\":\"El gran libro de la Madre Tierra - Editorial Juventud\",\"isPartOf\":{\"@id\":\"https:\\\/\\\/www.editorialjuventud.es\\\/#website\"},\"primaryImageOfPage\":{\"@id\":\"https:\\\/\\\/www.editorialjuventud.es\\\/el-gran-libro-de-la-madre-tierra-9788426147332\\\/#primaryimage\"},\"image\":{\"@id\":\"https:\\\/\\\/www.editorialjuventud.es\\\/el-gran-libro-de-la-madre-tierra-9788426147332\\\/#primaryimage\"},\"thumbnailUrl\":\"https:\\\/\\\/www.editorialjuventud.es\\\/wp-content\\\/uploads\\\/9788426147332.jpg\",\"datePublished\":\"2022-02-01T08:16:11+00:00\",\"dateModified\":\"2025-02-26T11:24:16+00:00\",\"description\":\"\u00bfSab\u00edas que las nutrias se dan la mano como nosotros? \u00bfO que los cangrejos ermita\u00f1os tienen casa? \u00bfY que las mariposas tienen hora de ir a dormir? El Gran\",\"breadcrumb\":{\"@id\":\"https:\\\/\\\/www.editorialjuventud.es\\\/el-gran-libro-de-la-madre-tierra-9788426147332\\\/#breadcrumb\"},\"inLanguage\":\"ca\",\"potentialAction\":[{\"@type\":\"ReadAction\",\"target\":[\"https:\\\/\\\/www.editorialjuventud.es\\\/el-gran-libro-de-la-madre-tierra-9788426147332\\\/\"]}]},{\"@type\":\"ImageObject\",\"inLanguage\":\"ca\",\"@id\":\"https:\\\/\\\/www.editorialjuventud.es\\\/el-gran-libro-de-la-madre-tierra-9788426147332\\\/#primaryimage\",\"url\":\"https:\\\/\\\/www.editorialjuventud.es\\\/wp-content\\\/uploads\\\/9788426147332.jpg\",\"contentUrl\":\"https:\\\/\\\/www.editorialjuventud.es\\\/wp-content\\\/uploads\\\/9788426147332.jpg\",\"width\":410,\"height\":598,\"caption\":\"9788426147332.jpg\"},{\"@type\":\"BreadcrumbList\",\"@id\":\"https:\\\/\\\/www.editorialjuventud.es\\\/el-gran-libro-de-la-madre-tierra-9788426147332\\\/#breadcrumb\",\"itemListElement\":[{\"@type\":\"ListItem\",\"position\":1,\"name\":\"Portada\",\"item\":\"https:\\\/\\\/www.editorialjuventud.es\\\/\"},{\"@type\":\"ListItem\",\"position\":2,\"name\":\"cat\u00e1logo\",\"item\":\"https:\\\/\\\/www.editorialjuventud.es\\\/coleccion\\\/catalogo\\\/\"},{\"@type\":\"ListItem\",\"position\":3,\"name\":\"castellano\",\"item\":\"https:\\\/\\\/www.editorialjuventud.es\\\/coleccion\\\/castellano\\\/\"},{\"@type\":\"ListItem\",\"position\":4,\"name\":\"\u00c1lbumes Ilustrados\",\"item\":\"https:\\\/\\\/www.editorialjuventud.es\\\/coleccion\\\/albumes-ilustrados\\\/\"},{\"@type\":\"ListItem\",\"position\":5,\"name\":\"Conocer y Comprender\",\"item\":\"https:\\\/\\\/www.editorialjuventud.es\\\/coleccion\\\/conocer-y-comprender\\\/\"},{\"@type\":\"ListItem\",\"position\":6,\"name\":\"Fauna y Flora\",\"item\":\"https:\\\/\\\/www.editorialjuventud.es\\\/coleccion\\\/fauna-y-flora\\\/\"},{\"@type\":\"ListItem\",\"position\":7,\"name\":\"El gran libro de la Madre Tierra\"}]},{\"@type\":\"WebSite\",\"@id\":\"https:\\\/\\\/www.editorialjuventud.es\\\/#website\",\"url\":\"https:\\\/\\\/www.editorialjuventud.es\\\/\",\"name\":\"Editorial Juventud\",\"description\":\"\",\"potentialAction\":[{\"@type\":\"SearchAction\",\"target\":{\"@type\":\"EntryPoint\",\"urlTemplate\":\"https:\\\/\\\/www.editorialjuventud.es\\\/?s={search_term_string}\"},\"query-input\":{\"@type\":\"PropertyValueSpecification\",\"valueRequired\":true,\"valueName\":\"search_term_string\"}}],\"inLanguage\":\"ca\"}]}<\/script>\n<!-- \/ Yoast SEO plugin. -->","yoast_head_json":{"title":"El gran libro de la Madre Tierra - Editorial Juventud","description":"\u00bfSab\u00edas que las nutrias se dan la mano como nosotros? \u00bfO que los cangrejos ermita\u00f1os tienen casa? \u00bfY que las mariposas tienen hora de ir a dormir? El Gran","robots":{"index":"index","follow":"follow","max-snippet":"max-snippet:-1","max-image-preview":"max-image-preview:large","max-video-preview":"max-video-preview:-1"},"canonical":"https:\/\/www.editorialjuventud.es\/el-gran-libro-de-la-madre-tierra-9788426147332\/","og_locale":"ca_ES","og_type":"article","og_title":"El gran libro de la Madre Tierra - Editorial Juventud","og_description":"\u00bfSab\u00edas que las nutrias se dan la mano como nosotros? \u00bfO que los cangrejos ermita\u00f1os tienen casa? \u00bfY que las mariposas tienen hora de ir a dormir? El Gran","og_url":"https:\/\/www.editorialjuventud.es\/el-gran-libro-de-la-madre-tierra-9788426147332\/","og_site_name":"Editorial Juventud","article_modified_time":"2025-02-26T11:24:16+00:00","og_image":[{"width":410,"height":598,"url":"https:\/\/www.editorialjuventud.es\/wp-content\/uploads\/9788426147332.jpg","type":"image\/jpeg"}],"twitter_card":"summary_large_image","twitter_misc":{"Temps estimat de lectura":"2 minuts"},"schema":{"@context":"https:\/\/schema.org","@graph":[{"@type":"WebPage","@id":"https:\/\/www.editorialjuventud.es\/el-gran-libro-de-la-madre-tierra-9788426147332\/","url":"https:\/\/www.editorialjuventud.es\/el-gran-libro-de-la-madre-tierra-9788426147332\/","name":"El gran libro de la Madre Tierra - Editorial Juventud","isPartOf":{"@id":"https:\/\/www.editorialjuventud.es\/#website"},"primaryImageOfPage":{"@id":"https:\/\/www.editorialjuventud.es\/el-gran-libro-de-la-madre-tierra-9788426147332\/#primaryimage"},"image":{"@id":"https:\/\/www.editorialjuventud.es\/el-gran-libro-de-la-madre-tierra-9788426147332\/#primaryimage"},"thumbnailUrl":"https:\/\/www.editorialjuventud.es\/wp-content\/uploads\/9788426147332.jpg","datePublished":"2022-02-01T08:16:11+00:00","dateModified":"2025-02-26T11:24:16+00:00","description":"\u00bfSab\u00edas que las nutrias se dan la mano como nosotros? \u00bfO que los cangrejos ermita\u00f1os tienen casa? \u00bfY que las mariposas tienen hora de ir a dormir? El Gran","breadcrumb":{"@id":"https:\/\/www.editorialjuventud.es\/el-gran-libro-de-la-madre-tierra-9788426147332\/#breadcrumb"},"inLanguage":"ca","potentialAction":[{"@type":"ReadAction","target":["https:\/\/www.editorialjuventud.es\/el-gran-libro-de-la-madre-tierra-9788426147332\/"]}]},{"@type":"ImageObject","inLanguage":"ca","@id":"https:\/\/www.editorialjuventud.es\/el-gran-libro-de-la-madre-tierra-9788426147332\/#primaryimage","url":"https:\/\/www.editorialjuventud.es\/wp-content\/uploads\/9788426147332.jpg","contentUrl":"https:\/\/www.editorialjuventud.es\/wp-content\/uploads\/9788426147332.jpg","width":410,"height":598,"caption":"9788426147332.jpg"},{"@type":"BreadcrumbList","@id":"https:\/\/www.editorialjuventud.es\/el-gran-libro-de-la-madre-tierra-9788426147332\/#breadcrumb","itemListElement":[{"@type":"ListItem","position":1,"name":"Portada","item":"https:\/\/www.editorialjuventud.es\/"},{"@type":"ListItem","position":2,"name":"cat\u00e1logo","item":"https:\/\/www.editorialjuventud.es\/coleccion\/catalogo\/"},{"@type":"ListItem","position":3,"name":"castellano","item":"https:\/\/www.editorialjuventud.es\/coleccion\/castellano\/"},{"@type":"ListItem","position":4,"name":"\u00c1lbumes Ilustrados","item":"https:\/\/www.editorialjuventud.es\/coleccion\/albumes-ilustrados\/"},{"@type":"ListItem","position":5,"name":"Conocer y Comprender","item":"https:\/\/www.editorialjuventud.es\/coleccion\/conocer-y-comprender\/"},{"@type":"ListItem","position":6,"name":"Fauna y Flora","item":"https:\/\/www.editorialjuventud.es\/coleccion\/fauna-y-flora\/"},{"@type":"ListItem","position":7,"name":"El gran libro de la Madre Tierra"}]},{"@type":"WebSite","@id":"https:\/\/www.editorialjuventud.es\/#website","url":"https:\/\/www.editorialjuventud.es\/","name":"Editorial Juventud","description":"","potentialAction":[{"@type":"SearchAction","target":{"@type":"EntryPoint","urlTemplate":"https:\/\/www.editorialjuventud.es\/?s={search_term_string}"},"query-input":{"@type":"PropertyValueSpecification","valueRequired":true,"valueName":"search_term_string"}}],"inLanguage":"ca"}]}},"_links":{"self":[{"href":"https:\/\/www.editorialjuventud.es\/ca\/wp-json\/wp\/v2\/product\/62424","targetHints":{"allow":["GET"]}}],"collection":[{"href":"https:\/\/www.editorialjuventud.es\/ca\/wp-json\/wp\/v2\/product"}],"about":[{"href":"https:\/\/www.editorialjuventud.es\/ca\/wp-json\/wp\/v2\/types\/product"}],"wp:featuredmedia":[{"embeddable":true,"href":"https:\/\/www.editorialjuventud.es\/ca\/wp-json\/wp\/v2\/media\/62425"}],"wp:attachment":[{"href":"https:\/\/www.editorialjuventud.es\/ca\/wp-json\/wp\/v2\/media?parent=62424"}],"wp:term":[{"taxonomy":"product_brand","embeddable":true,"href":"https:\/\/www.editorialjuventud.es\/ca\/wp-json\/wp\/v2\/product_brand?post=62424"},{"taxonomy":"product_cat","embeddable":true,"href":"https:\/\/www.editorialjuventud.es\/ca\/wp-json\/wp\/v2\/product_cat?post=62424"},{"taxonomy":"product_tag","embeddable":true,"href":"https:\/\/www.editorialjuventud.es\/ca\/wp-json\/wp\/v2\/product_tag?post=62424"},{"taxonomy":"coleccion","embeddable":true,"href":"https:\/\/www.editorialjuventud.es\/ca\/wp-json\/wp\/v2\/coleccion?post=62424"}],"curies":[{"name":"wp","href":"https:\/\/api.w.org\/{rel}","templated":true}]}}