{"id":62421,"date":"2022-02-01T09:14:51","date_gmt":"2022-02-01T08:14:51","guid":{"rendered":"https:\/\/www.editorialjuventud.es\/la-expedicion-arcoiris-9788426147578\/"},"modified":"2025-01-22T12:42:46","modified_gmt":"2025-01-22T11:42:46","slug":"la-expedicion-arcoiris-9788426147578","status":"publish","type":"product","link":"https:\/\/www.editorialjuventud.es\/ca\/la-expedicion-arcoiris-9788426147578\/","title":{"rendered":"La expedici\u00f3n Arco\u00edris"},"content":{"rendered":"<p>La ornit\u00f3loga Ava Plumas remueve cielo y tierra en busca de un ejemplar del p\u00e1jaro arco\u00edris, el ave m\u00e1s rara y hermosa que existe. Kim y Carl deciden ayudarla. \u00a1La expedici\u00f3n arco\u00edris est\u00e1 a punto de empezar!<\/p>\n<p>\u00a1La ornit\u00f3loga Ava Plumas necesita ayuda! Lleva mucho tiempo buscando un p\u00e1jaro arco\u00edris, pero no logra dar con \u00e9l. Carl y Kim quieren ayudarla y zarpan hacia una aventura que los llevar\u00e1 a encontrarse con las m\u00e1s maravillosas aves del mundo: los p\u00e1jaros caseros, los paraguas, los subacu\u00e1ticos&#8230; Pero, \u00bfy al p\u00e1jaro arco\u00edris? \u00bfLo encontrar\u00e1n? <\/p>\n<p>Brech construye un mundo lleno de fantas\u00eda al m\u00e1s puro estilo Alicia en el Pa\u00eds de las Maravillas. Sus espectaculares ilustraciones son un arco\u00edris de colores para nuestros ojos. Una historia fascinante, que cautivar\u00e1 a sus lectores. <\/p>\n","protected":false},"excerpt":{"rendered":"La ornit\u00f3loga Ava Plumas remueve cielo y tierra en busca de un ejemplar del p\u00e1jaro arco\u00edris, el ave m\u00e1s rara y hermosa que existe. Kim y Carl deciden ayudarla. \u00a1La expedici\u00f3n arco\u00edris est\u00e1 a punto de empezar! \u00a1La ornit\u00f3loga Ava [&hellip;]","protected":false},"featured_media":62422,"template":"","meta":{"_acf_changed":false,"_exactmetrics_skip_tracking":false,"_exactmetrics_sitenote_active":false,"_exactmetrics_sitenote_note":"","_exactmetrics_sitenote_category":0},"product_brand":[],"product_cat":[899,1121,1138,1142,1143,892,1115,1201,893,1128],"product_tag":[],"coleccion":[928,916,997],"class_list":{"0":"post-62421","1":"product","2":"type-product","3":"status-publish","4":"has-post-thumbnail","6":"product_cat-a-partir-de-3-anos","7":"product_cat-albumes-ilustrados","8":"product_cat-animales","9":"product_cat-aventura","10":"product_cat-barcos","11":"product_cat-edades","12":"product_cat-generos","13":"product_cat-naturaleza-biodiversidad","14":"product_cat-novedades","15":"product_cat-tematica","16":"coleccion-albumes-ilustrados","17":"coleccion-castellano","18":"coleccion-mis-primeros-cuentos","20":"first","21":"instock","22":"taxable","23":"shipping-taxable","24":"purchasable","25":"product-type-simple"},"acf":{"indice":"","autor":"Brech , Nora","codart":"4757","ediciones":"1","encuadernacion":"Carton\u00e9","fecha_de_publicacion":"01\/02\/2022","fecha_de_reimpresion":"","novedad":"0","paginas":"56","subtitulo":"","texto_web_adicional":"","autores-libros":[62959],"ilustradores-libros":[62959],"texto_web_novedad":"","orden":"999","portada":"0","texto_web_resaltado":"","traductores-libros":[62960],"descripcion_corta":"Aves del mundo","recomendamos":"","mas_vendido":"","idioma-libro":"","color":false,"formato":"","mas_informacion_del_producto":false,"premios":false,"deshabilitar_compra":[],"texto_enlace_cubierta":"","enlace_cubierta":{"ID":62656,"id":62656,"title":"cover LA EXPEDICION ARCO IRIS (2 idiomas).indd","filename":"LA-EXPEDICION-ARCOIRIS_CAST_Cover.jpg","filesize":1380040,"url":"https:\/\/www.editorialjuventud.es\/wp-content\/uploads\/LA-EXPEDICION-ARCOIRIS_CAST_Cover.jpg","link":"https:\/\/www.editorialjuventud.es\/ca\/?attachment_id=62656","alt":"","author":"50","description":"","caption":"","name":"cover-la-expedicion-arco-iris-2-idiomas-indd-3","status":"inherit","uploaded_to":62421,"date":"2022-02-07 10:11:02","modified":"2022-02-07 10:11:02","menu_order":0,"mime_type":"image\/jpeg","type":"image","subtype":"jpeg","icon":"https:\/\/www.editorialjuventud.es\/wp-includes\/images\/media\/default.png","width":2596,"height":3377,"sizes":{"thumbnail":"https:\/\/www.editorialjuventud.es\/wp-content\/uploads\/LA-EXPEDICION-ARCOIRIS_CAST_Cover-200x200.jpg","thumbnail-width":200,"thumbnail-height":200,"medium":"https:\/\/www.editorialjuventud.es\/wp-content\/uploads\/LA-EXPEDICION-ARCOIRIS_CAST_Cover.jpg","medium-width":2596,"medium-height":3377,"medium_large":"https:\/\/www.editorialjuventud.es\/wp-content\/uploads\/LA-EXPEDICION-ARCOIRIS_CAST_Cover-768x999.jpg","medium_large-width":768,"medium_large-height":999,"large":"https:\/\/www.editorialjuventud.es\/wp-content\/uploads\/LA-EXPEDICION-ARCOIRIS_CAST_Cover.jpg","large-width":2596,"large-height":3377,"1536x1536":"https:\/\/www.editorialjuventud.es\/wp-content\/uploads\/LA-EXPEDICION-ARCOIRIS_CAST_Cover.jpg","1536x1536-width":1181,"1536x1536-height":1536,"2048x2048":"https:\/\/www.editorialjuventud.es\/wp-content\/uploads\/LA-EXPEDICION-ARCOIRIS_CAST_Cover.jpg","2048x2048-width":1574,"2048x2048-height":2048,"woocommerce_thumbnail":"https:\/\/www.editorialjuventud.es\/wp-content\/uploads\/LA-EXPEDICION-ARCOIRIS_CAST_Cover-350x455.jpg","woocommerce_thumbnail-width":350,"woocommerce_thumbnail-height":455,"woocommerce_single":"https:\/\/www.editorialjuventud.es\/wp-content\/uploads\/LA-EXPEDICION-ARCOIRIS_CAST_Cover-900x1171.jpg","woocommerce_single-width":900,"woocommerce_single-height":1171,"woocommerce_gallery_thumbnail":"https:\/\/www.editorialjuventud.es\/wp-content\/uploads\/LA-EXPEDICION-ARCOIRIS_CAST_Cover-100x100.jpg","woocommerce_gallery_thumbnail-width":100,"woocommerce_gallery_thumbnail-height":100,"ppec_logo_image_size":"https:\/\/www.editorialjuventud.es\/wp-content\/uploads\/LA-EXPEDICION-ARCOIRIS_CAST_Cover.jpg","ppec_logo_image_size-width":46,"ppec_logo_image_size-height":60,"ppec_header_image_size":"https:\/\/www.editorialjuventud.es\/wp-content\/uploads\/LA-EXPEDICION-ARCOIRIS_CAST_Cover.jpg","ppec_header_image_size-width":69,"ppec_header_image_size-height":90}},"texto_enlace_ficha_tecnica":"","enlace_ficha_tecnica":{"ID":62654,"id":62654,"title":"LaExpedicion Arcoiris_Fichas","filename":"LaExpedicion-Arcoiris_Fichas.pdf","filesize":1432972,"url":"https:\/\/www.editorialjuventud.es\/wp-content\/uploads\/LaExpedicion-Arcoiris_Fichas.pdf","link":"https:\/\/www.editorialjuventud.es\/ca\/?attachment_id=62654","alt":"","author":"50","description":"","caption":"","name":"laexpedicion-arcoiris_fichas","status":"inherit","uploaded_to":62421,"date":"2022-02-07 10:10:31","modified":"2022-02-07 10:10:31","menu_order":0,"mime_type":"application\/pdf","type":"application","subtype":"pdf","icon":"https:\/\/www.editorialjuventud.es\/wp-includes\/images\/media\/document.png"},"ficheros":false,"titulo-fr":"","texto-fr":""},"yoast_head":"<!-- This site is optimized with the Yoast SEO plugin v27.5 - https:\/\/yoast.com\/product\/yoast-seo-wordpress\/ -->\n<title>La expedici\u00f3n Arco\u00edris - Editorial Juventud<\/title>\n<meta name=\"description\" content=\"La ornit\u00f3loga Ava Plumas remueve cielo y tierra en busca de un ejemplar del p\u00e1jaro arco\u00edris, el ave m\u00e1s rara y hermosa que existe. Kim y Carl deciden\" \/>\n<meta name=\"robots\" content=\"index, follow, max-snippet:-1, max-image-preview:large, max-video-preview:-1\" \/>\n<link rel=\"canonical\" href=\"https:\/\/www.editorialjuventud.es\/la-expedicion-arcoiris-9788426147578\/\" \/>\n<meta property=\"og:locale\" content=\"ca_ES\" \/>\n<meta property=\"og:type\" content=\"article\" \/>\n<meta property=\"og:title\" content=\"La expedici\u00f3n Arco\u00edris - Editorial Juventud\" \/>\n<meta property=\"og:description\" content=\"La ornit\u00f3loga Ava Plumas remueve cielo y tierra en busca de un ejemplar del p\u00e1jaro arco\u00edris, el ave m\u00e1s rara y hermosa que existe. Kim y Carl deciden\" \/>\n<meta property=\"og:url\" content=\"https:\/\/www.editorialjuventud.es\/la-expedicion-arcoiris-9788426147578\/\" \/>\n<meta property=\"og:site_name\" content=\"Editorial Juventud\" \/>\n<meta property=\"article:modified_time\" content=\"2025-01-22T11:42:46+00:00\" \/>\n<meta property=\"og:image\" content=\"https:\/\/www.editorialjuventud.es\/wp-content\/uploads\/9788426147578.jpg\" \/>\n\t<meta property=\"og:image:width\" content=\"410\" \/>\n\t<meta property=\"og:image:height\" content=\"533\" \/>\n\t<meta property=\"og:image:type\" content=\"image\/jpeg\" \/>\n<meta name=\"twitter:card\" content=\"summary_large_image\" \/>\n<meta name=\"twitter:label1\" content=\"Temps estimat de lectura\" \/>\n\t<meta name=\"twitter:data1\" content=\"1 minut\" \/>\n<script type=\"application\/ld+json\" class=\"yoast-schema-graph\">{\"@context\":\"https:\\\/\\\/schema.org\",\"@graph\":[{\"@type\":\"WebPage\",\"@id\":\"https:\\\/\\\/www.editorialjuventud.es\\\/la-expedicion-arcoiris-9788426147578\\\/\",\"url\":\"https:\\\/\\\/www.editorialjuventud.es\\\/la-expedicion-arcoiris-9788426147578\\\/\",\"name\":\"La expedici\u00f3n Arco\u00edris - Editorial Juventud\",\"isPartOf\":{\"@id\":\"https:\\\/\\\/www.editorialjuventud.es\\\/#website\"},\"primaryImageOfPage\":{\"@id\":\"https:\\\/\\\/www.editorialjuventud.es\\\/la-expedicion-arcoiris-9788426147578\\\/#primaryimage\"},\"image\":{\"@id\":\"https:\\\/\\\/www.editorialjuventud.es\\\/la-expedicion-arcoiris-9788426147578\\\/#primaryimage\"},\"thumbnailUrl\":\"https:\\\/\\\/www.editorialjuventud.es\\\/wp-content\\\/uploads\\\/9788426147578.jpg\",\"datePublished\":\"2022-02-01T08:14:51+00:00\",\"dateModified\":\"2025-01-22T11:42:46+00:00\",\"description\":\"La ornit\u00f3loga Ava Plumas remueve cielo y tierra en busca de un ejemplar del p\u00e1jaro arco\u00edris, el ave m\u00e1s rara y hermosa que existe. Kim y Carl deciden\",\"breadcrumb\":{\"@id\":\"https:\\\/\\\/www.editorialjuventud.es\\\/la-expedicion-arcoiris-9788426147578\\\/#breadcrumb\"},\"inLanguage\":\"ca\",\"potentialAction\":[{\"@type\":\"ReadAction\",\"target\":[\"https:\\\/\\\/www.editorialjuventud.es\\\/la-expedicion-arcoiris-9788426147578\\\/\"]}]},{\"@type\":\"ImageObject\",\"inLanguage\":\"ca\",\"@id\":\"https:\\\/\\\/www.editorialjuventud.es\\\/la-expedicion-arcoiris-9788426147578\\\/#primaryimage\",\"url\":\"https:\\\/\\\/www.editorialjuventud.es\\\/wp-content\\\/uploads\\\/9788426147578.jpg\",\"contentUrl\":\"https:\\\/\\\/www.editorialjuventud.es\\\/wp-content\\\/uploads\\\/9788426147578.jpg\",\"width\":410,\"height\":533,\"caption\":\"9788426147578.jpg\"},{\"@type\":\"BreadcrumbList\",\"@id\":\"https:\\\/\\\/www.editorialjuventud.es\\\/la-expedicion-arcoiris-9788426147578\\\/#breadcrumb\",\"itemListElement\":[{\"@type\":\"ListItem\",\"position\":1,\"name\":\"Portada\",\"item\":\"https:\\\/\\\/www.editorialjuventud.es\\\/\"},{\"@type\":\"ListItem\",\"position\":2,\"name\":\"cat\u00e1logo\",\"item\":\"https:\\\/\\\/www.editorialjuventud.es\\\/coleccion\\\/catalogo\\\/\"},{\"@type\":\"ListItem\",\"position\":3,\"name\":\"castellano\",\"item\":\"https:\\\/\\\/www.editorialjuventud.es\\\/coleccion\\\/castellano\\\/\"},{\"@type\":\"ListItem\",\"position\":4,\"name\":\"\u00c1lbumes Ilustrados\",\"item\":\"https:\\\/\\\/www.editorialjuventud.es\\\/coleccion\\\/albumes-ilustrados\\\/\"},{\"@type\":\"ListItem\",\"position\":5,\"name\":\"Mis Primeros Cuentos\",\"item\":\"https:\\\/\\\/www.editorialjuventud.es\\\/coleccion\\\/mis-primeros-cuentos\\\/\"},{\"@type\":\"ListItem\",\"position\":6,\"name\":\"La expedici\u00f3n Arco\u00edris\"}]},{\"@type\":\"WebSite\",\"@id\":\"https:\\\/\\\/www.editorialjuventud.es\\\/#website\",\"url\":\"https:\\\/\\\/www.editorialjuventud.es\\\/\",\"name\":\"Editorial Juventud\",\"description\":\"\",\"potentialAction\":[{\"@type\":\"SearchAction\",\"target\":{\"@type\":\"EntryPoint\",\"urlTemplate\":\"https:\\\/\\\/www.editorialjuventud.es\\\/?s={search_term_string}\"},\"query-input\":{\"@type\":\"PropertyValueSpecification\",\"valueRequired\":true,\"valueName\":\"search_term_string\"}}],\"inLanguage\":\"ca\"}]}<\/script>\n<!-- \/ Yoast SEO plugin. -->","yoast_head_json":{"title":"La expedici\u00f3n Arco\u00edris - Editorial Juventud","description":"La ornit\u00f3loga Ava Plumas remueve cielo y tierra en busca de un ejemplar del p\u00e1jaro arco\u00edris, el ave m\u00e1s rara y hermosa que existe. Kim y Carl deciden","robots":{"index":"index","follow":"follow","max-snippet":"max-snippet:-1","max-image-preview":"max-image-preview:large","max-video-preview":"max-video-preview:-1"},"canonical":"https:\/\/www.editorialjuventud.es\/la-expedicion-arcoiris-9788426147578\/","og_locale":"ca_ES","og_type":"article","og_title":"La expedici\u00f3n Arco\u00edris - Editorial Juventud","og_description":"La ornit\u00f3loga Ava Plumas remueve cielo y tierra en busca de un ejemplar del p\u00e1jaro arco\u00edris, el ave m\u00e1s rara y hermosa que existe. Kim y Carl deciden","og_url":"https:\/\/www.editorialjuventud.es\/la-expedicion-arcoiris-9788426147578\/","og_site_name":"Editorial Juventud","article_modified_time":"2025-01-22T11:42:46+00:00","og_image":[{"width":410,"height":533,"url":"https:\/\/www.editorialjuventud.es\/wp-content\/uploads\/9788426147578.jpg","type":"image\/jpeg"}],"twitter_card":"summary_large_image","twitter_misc":{"Temps estimat de lectura":"1 minut"},"schema":{"@context":"https:\/\/schema.org","@graph":[{"@type":"WebPage","@id":"https:\/\/www.editorialjuventud.es\/la-expedicion-arcoiris-9788426147578\/","url":"https:\/\/www.editorialjuventud.es\/la-expedicion-arcoiris-9788426147578\/","name":"La expedici\u00f3n Arco\u00edris - Editorial Juventud","isPartOf":{"@id":"https:\/\/www.editorialjuventud.es\/#website"},"primaryImageOfPage":{"@id":"https:\/\/www.editorialjuventud.es\/la-expedicion-arcoiris-9788426147578\/#primaryimage"},"image":{"@id":"https:\/\/www.editorialjuventud.es\/la-expedicion-arcoiris-9788426147578\/#primaryimage"},"thumbnailUrl":"https:\/\/www.editorialjuventud.es\/wp-content\/uploads\/9788426147578.jpg","datePublished":"2022-02-01T08:14:51+00:00","dateModified":"2025-01-22T11:42:46+00:00","description":"La ornit\u00f3loga Ava Plumas remueve cielo y tierra en busca de un ejemplar del p\u00e1jaro arco\u00edris, el ave m\u00e1s rara y hermosa que existe. Kim y Carl deciden","breadcrumb":{"@id":"https:\/\/www.editorialjuventud.es\/la-expedicion-arcoiris-9788426147578\/#breadcrumb"},"inLanguage":"ca","potentialAction":[{"@type":"ReadAction","target":["https:\/\/www.editorialjuventud.es\/la-expedicion-arcoiris-9788426147578\/"]}]},{"@type":"ImageObject","inLanguage":"ca","@id":"https:\/\/www.editorialjuventud.es\/la-expedicion-arcoiris-9788426147578\/#primaryimage","url":"https:\/\/www.editorialjuventud.es\/wp-content\/uploads\/9788426147578.jpg","contentUrl":"https:\/\/www.editorialjuventud.es\/wp-content\/uploads\/9788426147578.jpg","width":410,"height":533,"caption":"9788426147578.jpg"},{"@type":"BreadcrumbList","@id":"https:\/\/www.editorialjuventud.es\/la-expedicion-arcoiris-9788426147578\/#breadcrumb","itemListElement":[{"@type":"ListItem","position":1,"name":"Portada","item":"https:\/\/www.editorialjuventud.es\/"},{"@type":"ListItem","position":2,"name":"cat\u00e1logo","item":"https:\/\/www.editorialjuventud.es\/coleccion\/catalogo\/"},{"@type":"ListItem","position":3,"name":"castellano","item":"https:\/\/www.editorialjuventud.es\/coleccion\/castellano\/"},{"@type":"ListItem","position":4,"name":"\u00c1lbumes Ilustrados","item":"https:\/\/www.editorialjuventud.es\/coleccion\/albumes-ilustrados\/"},{"@type":"ListItem","position":5,"name":"Mis Primeros Cuentos","item":"https:\/\/www.editorialjuventud.es\/coleccion\/mis-primeros-cuentos\/"},{"@type":"ListItem","position":6,"name":"La expedici\u00f3n Arco\u00edris"}]},{"@type":"WebSite","@id":"https:\/\/www.editorialjuventud.es\/#website","url":"https:\/\/www.editorialjuventud.es\/","name":"Editorial Juventud","description":"","potentialAction":[{"@type":"SearchAction","target":{"@type":"EntryPoint","urlTemplate":"https:\/\/www.editorialjuventud.es\/?s={search_term_string}"},"query-input":{"@type":"PropertyValueSpecification","valueRequired":true,"valueName":"search_term_string"}}],"inLanguage":"ca"}]}},"_links":{"self":[{"href":"https:\/\/www.editorialjuventud.es\/ca\/wp-json\/wp\/v2\/product\/62421","targetHints":{"allow":["GET"]}}],"collection":[{"href":"https:\/\/www.editorialjuventud.es\/ca\/wp-json\/wp\/v2\/product"}],"about":[{"href":"https:\/\/www.editorialjuventud.es\/ca\/wp-json\/wp\/v2\/types\/product"}],"wp:featuredmedia":[{"embeddable":true,"href":"https:\/\/www.editorialjuventud.es\/ca\/wp-json\/wp\/v2\/media\/62422"}],"wp:attachment":[{"href":"https:\/\/www.editorialjuventud.es\/ca\/wp-json\/wp\/v2\/media?parent=62421"}],"wp:term":[{"taxonomy":"product_brand","embeddable":true,"href":"https:\/\/www.editorialjuventud.es\/ca\/wp-json\/wp\/v2\/product_brand?post=62421"},{"taxonomy":"product_cat","embeddable":true,"href":"https:\/\/www.editorialjuventud.es\/ca\/wp-json\/wp\/v2\/product_cat?post=62421"},{"taxonomy":"product_tag","embeddable":true,"href":"https:\/\/www.editorialjuventud.es\/ca\/wp-json\/wp\/v2\/product_tag?post=62421"},{"taxonomy":"coleccion","embeddable":true,"href":"https:\/\/www.editorialjuventud.es\/ca\/wp-json\/wp\/v2\/coleccion?post=62421"}],"curies":[{"name":"wp","href":"https:\/\/api.w.org\/{rel}","templated":true}]}}