{"id":6240,"date":"2018-08-24T12:08:12","date_gmt":"2018-08-24T10:08:12","guid":{"rendered":"http:\/\/www.editorialjuventud.es\/esperat-miyuki\/"},"modified":"2025-01-22T13:05:12","modified_gmt":"2025-01-22T12:05:12","slug":"esperat-miyuki-9788426143976","status":"publish","type":"product","link":"https:\/\/www.editorialjuventud.es\/ca\/esperat-miyuki-9788426143976\/","title":{"rendered":"Espera&#8217;t Miyuki"},"content":{"rendered":"<p>\u00c9s el primer dia de la primavera i la Miyuki vol veure com floreix el jard\u00ed del seu avi. Per\u00f2 una de les flors triga massa a obrir-se, segons la Miyuki&#8230; Llavors decideix sortir a buscar l\u2019aigua m\u00e9s pura per ajudar-la a obrir-se. La Miyuki es passa el dia corrent impacient, en una recerca desesperada, i es perd l\u2019espectacle de la primavera&#8230;<br \/>Un bell conte per aprendre l\u2019art de la paci\u00e8ncia i de la contemplaci\u00f3.<br \/>Un text po\u00e8tic i subtil acompanyat per unes meravelloses il\u00b7lustracions de l\u2019elegant tra\u00e7 de la Seng Soun Ratavanah.<\/p>\n<p>Seleccionat per al Premi al Millor \u00c0lbum Il\u00b7lustrat per N\u00e9nuphar (Fran\u00e7a)<\/p>\n","protected":false},"excerpt":{"rendered":"\u00c9s el primer dia de la primavera i la Miyuki vol veure com floreix el jard\u00ed del seu avi. Per\u00f2 una de les flors triga massa a obrir-se, segons la Miyuki&#8230; Llavors decideix sortir a buscar l\u2019aigua m\u00e9s pura per [&hellip;]","protected":false},"featured_media":17164,"template":"","meta":{"_acf_changed":false,"_exactmetrics_skip_tracking":false,"_exactmetrics_sitenote_active":false,"_exactmetrics_sitenote_note":"","_exactmetrics_sitenote_category":0},"product_brand":[],"product_cat":[902,1121,1204,1128],"product_tag":[],"coleccion":[949],"class_list":{"0":"post-6240","1":"product","2":"type-product","3":"status-publish","4":"has-post-thumbnail","6":"product_cat-a-partir-de-7-anos","7":"product_cat-albumes-ilustrados","8":"product_cat-paciencia","9":"product_cat-tematica","10":"coleccion-creixer-en-valors","12":"first","13":"instock","14":"taxable","15":"shipping-taxable","16":"purchasable","17":"product-type-simple"},"acf":{"autor":"Galliez - Ratanavanh","codart":"4397","ediciones":"1","encuadernacion":"Carton\u00e9","fecha_de_publicacion":"01\/10\/2016","novedad":"0","paginas":"32","subtitulo":"","texto_web_adicional":"","texto_web_novedad":"","orden":"999","portada":"0","texto_web_resaltado":"","indice":"","autores-libros":[16362],"ilustradores-libros":[18003],"traductores-libros":[17773],"descripcion_corta":"","recomendamos":"","mas_vendido":"","idioma-libro":"","color":false,"formato":"","mas_informacion_del_producto":false,"premios":[{"premio":"Seleccionat per al Premi al Millor \u00c0lbum Il\u00b7lustrat per N\u00e9nuphar ","anyo_del_premio":"","pais_del_premio":"Fran\u00e7a"},{"premio":"","anyo_del_premio":"","pais_del_premio":""}],"texto_enlace_cubierta":"","enlace_cubierta":false,"texto_enlace_ficha_tecnica":"","enlace_ficha_tecnica":{"ID":25604,"id":25604,"title":"Espera't, Miyuki","filename":"Esperat-Miyuki.pdf","filesize":626650,"url":"https:\/\/www.editorialjuventud.es\/wp-content\/uploads\/Esperat-Miyuki.pdf","link":"https:\/\/www.editorialjuventud.es\/ca\/?attachment_id=25604","alt":"","author":"47","description":"","caption":"","name":"esperat-miyuki","status":"inherit","uploaded_to":6240,"date":"2019-05-17 09:30:37","modified":"2019-05-17 09:30:37","menu_order":0,"mime_type":"application\/pdf","type":"application","subtype":"pdf","icon":"https:\/\/www.editorialjuventud.es\/wp-includes\/images\/media\/document.png"},"ficheros":false,"titulo-fr":"","texto-fr":""},"yoast_head":"<!-- This site is optimized with the Yoast SEO plugin v27.5 - https:\/\/yoast.com\/product\/yoast-seo-wordpress\/ -->\n<title>Espera&#039;t Miyuki - Editorial Juventud<\/title>\n<meta name=\"description\" content=\"\u00c9s el primer dia de la primavera i la Miyuki vol veure com floreix el jard\u00ed del seu avi. Per\u00f2 una de les flors triga massa a obrir-se, segons la Miyuki...\" \/>\n<meta name=\"robots\" content=\"index, follow, max-snippet:-1, max-image-preview:large, max-video-preview:-1\" \/>\n<link rel=\"canonical\" href=\"https:\/\/www.editorialjuventud.es\/esperat-miyuki-9788426143976\/\" \/>\n<meta property=\"og:locale\" content=\"ca_ES\" \/>\n<meta property=\"og:type\" content=\"article\" \/>\n<meta property=\"og:title\" content=\"Espera&#039;t Miyuki - Editorial Juventud\" \/>\n<meta property=\"og:description\" content=\"\u00c9s el primer dia de la primavera i la Miyuki vol veure com floreix el jard\u00ed del seu avi. Per\u00f2 una de les flors triga massa a obrir-se, segons la Miyuki...\" \/>\n<meta property=\"og:url\" content=\"https:\/\/www.editorialjuventud.es\/esperat-miyuki-9788426143976\/\" \/>\n<meta property=\"og:site_name\" content=\"Editorial Juventud\" \/>\n<meta property=\"article:modified_time\" content=\"2025-01-22T12:05:12+00:00\" \/>\n<meta property=\"og:image\" content=\"https:\/\/www.editorialjuventud.es\/wp-content\/uploads\/4397.jpg\" \/>\n\t<meta property=\"og:image:width\" content=\"333\" \/>\n\t<meta property=\"og:image:height\" content=\"450\" \/>\n\t<meta property=\"og:image:type\" content=\"image\/jpeg\" \/>\n<meta name=\"twitter:card\" content=\"summary_large_image\" \/>\n<meta name=\"twitter:label1\" content=\"Temps estimat de lectura\" \/>\n\t<meta name=\"twitter:data1\" content=\"1 minut\" \/>\n<script type=\"application\/ld+json\" class=\"yoast-schema-graph\">{\"@context\":\"https:\\\/\\\/schema.org\",\"@graph\":[{\"@type\":\"WebPage\",\"@id\":\"https:\\\/\\\/www.editorialjuventud.es\\\/esperat-miyuki-9788426143976\\\/\",\"url\":\"https:\\\/\\\/www.editorialjuventud.es\\\/esperat-miyuki-9788426143976\\\/\",\"name\":\"Espera't Miyuki - Editorial Juventud\",\"isPartOf\":{\"@id\":\"https:\\\/\\\/www.editorialjuventud.es\\\/#website\"},\"primaryImageOfPage\":{\"@id\":\"https:\\\/\\\/www.editorialjuventud.es\\\/esperat-miyuki-9788426143976\\\/#primaryimage\"},\"image\":{\"@id\":\"https:\\\/\\\/www.editorialjuventud.es\\\/esperat-miyuki-9788426143976\\\/#primaryimage\"},\"thumbnailUrl\":\"https:\\\/\\\/www.editorialjuventud.es\\\/wp-content\\\/uploads\\\/4397.jpg\",\"datePublished\":\"2018-08-24T10:08:12+00:00\",\"dateModified\":\"2025-01-22T12:05:12+00:00\",\"description\":\"\u00c9s el primer dia de la primavera i la Miyuki vol veure com floreix el jard\u00ed del seu avi. Per\u00f2 una de les flors triga massa a obrir-se, segons la Miyuki...\",\"breadcrumb\":{\"@id\":\"https:\\\/\\\/www.editorialjuventud.es\\\/esperat-miyuki-9788426143976\\\/#breadcrumb\"},\"inLanguage\":\"ca\",\"potentialAction\":[{\"@type\":\"ReadAction\",\"target\":[\"https:\\\/\\\/www.editorialjuventud.es\\\/esperat-miyuki-9788426143976\\\/\"]}]},{\"@type\":\"ImageObject\",\"inLanguage\":\"ca\",\"@id\":\"https:\\\/\\\/www.editorialjuventud.es\\\/esperat-miyuki-9788426143976\\\/#primaryimage\",\"url\":\"https:\\\/\\\/www.editorialjuventud.es\\\/wp-content\\\/uploads\\\/4397.jpg\",\"contentUrl\":\"https:\\\/\\\/www.editorialjuventud.es\\\/wp-content\\\/uploads\\\/4397.jpg\",\"width\":333,\"height\":450,\"caption\":\"4397.jpg\"},{\"@type\":\"BreadcrumbList\",\"@id\":\"https:\\\/\\\/www.editorialjuventud.es\\\/esperat-miyuki-9788426143976\\\/#breadcrumb\",\"itemListElement\":[{\"@type\":\"ListItem\",\"position\":1,\"name\":\"Portada\",\"item\":\"https:\\\/\\\/www.editorialjuventud.es\\\/\"},{\"@type\":\"ListItem\",\"position\":2,\"name\":\"cat\u00e1logo\",\"item\":\"https:\\\/\\\/www.editorialjuventud.es\\\/coleccion\\\/catalogo\\\/\"},{\"@type\":\"ListItem\",\"position\":3,\"name\":\"catal\u00e0\",\"item\":\"https:\\\/\\\/www.editorialjuventud.es\\\/coleccion\\\/catala\\\/\"},{\"@type\":\"ListItem\",\"position\":4,\"name\":\"\u00c0lbums Il\u00b7lustrats\",\"item\":\"https:\\\/\\\/www.editorialjuventud.es\\\/coleccion\\\/albums-il%c2%b7lustrats\\\/\"},{\"@type\":\"ListItem\",\"position\":5,\"name\":\"Cr\u00e9ixer en Valors\",\"item\":\"https:\\\/\\\/www.editorialjuventud.es\\\/ca\\\/coleccion\\\/creixer-en-valors\\\/\"},{\"@type\":\"ListItem\",\"position\":6,\"name\":\"Espera't Miyuki\"}]},{\"@type\":\"WebSite\",\"@id\":\"https:\\\/\\\/www.editorialjuventud.es\\\/#website\",\"url\":\"https:\\\/\\\/www.editorialjuventud.es\\\/\",\"name\":\"Editorial Juventud\",\"description\":\"\",\"potentialAction\":[{\"@type\":\"SearchAction\",\"target\":{\"@type\":\"EntryPoint\",\"urlTemplate\":\"https:\\\/\\\/www.editorialjuventud.es\\\/?s={search_term_string}\"},\"query-input\":{\"@type\":\"PropertyValueSpecification\",\"valueRequired\":true,\"valueName\":\"search_term_string\"}}],\"inLanguage\":\"ca\"}]}<\/script>\n<!-- \/ Yoast SEO plugin. -->","yoast_head_json":{"title":"Espera't Miyuki - Editorial Juventud","description":"\u00c9s el primer dia de la primavera i la Miyuki vol veure com floreix el jard\u00ed del seu avi. Per\u00f2 una de les flors triga massa a obrir-se, segons la Miyuki...","robots":{"index":"index","follow":"follow","max-snippet":"max-snippet:-1","max-image-preview":"max-image-preview:large","max-video-preview":"max-video-preview:-1"},"canonical":"https:\/\/www.editorialjuventud.es\/esperat-miyuki-9788426143976\/","og_locale":"ca_ES","og_type":"article","og_title":"Espera't Miyuki - Editorial Juventud","og_description":"\u00c9s el primer dia de la primavera i la Miyuki vol veure com floreix el jard\u00ed del seu avi. Per\u00f2 una de les flors triga massa a obrir-se, segons la Miyuki...","og_url":"https:\/\/www.editorialjuventud.es\/esperat-miyuki-9788426143976\/","og_site_name":"Editorial Juventud","article_modified_time":"2025-01-22T12:05:12+00:00","og_image":[{"width":333,"height":450,"url":"https:\/\/www.editorialjuventud.es\/wp-content\/uploads\/4397.jpg","type":"image\/jpeg"}],"twitter_card":"summary_large_image","twitter_misc":{"Temps estimat de lectura":"1 minut"},"schema":{"@context":"https:\/\/schema.org","@graph":[{"@type":"WebPage","@id":"https:\/\/www.editorialjuventud.es\/esperat-miyuki-9788426143976\/","url":"https:\/\/www.editorialjuventud.es\/esperat-miyuki-9788426143976\/","name":"Espera't Miyuki - Editorial Juventud","isPartOf":{"@id":"https:\/\/www.editorialjuventud.es\/#website"},"primaryImageOfPage":{"@id":"https:\/\/www.editorialjuventud.es\/esperat-miyuki-9788426143976\/#primaryimage"},"image":{"@id":"https:\/\/www.editorialjuventud.es\/esperat-miyuki-9788426143976\/#primaryimage"},"thumbnailUrl":"https:\/\/www.editorialjuventud.es\/wp-content\/uploads\/4397.jpg","datePublished":"2018-08-24T10:08:12+00:00","dateModified":"2025-01-22T12:05:12+00:00","description":"\u00c9s el primer dia de la primavera i la Miyuki vol veure com floreix el jard\u00ed del seu avi. Per\u00f2 una de les flors triga massa a obrir-se, segons la Miyuki...","breadcrumb":{"@id":"https:\/\/www.editorialjuventud.es\/esperat-miyuki-9788426143976\/#breadcrumb"},"inLanguage":"ca","potentialAction":[{"@type":"ReadAction","target":["https:\/\/www.editorialjuventud.es\/esperat-miyuki-9788426143976\/"]}]},{"@type":"ImageObject","inLanguage":"ca","@id":"https:\/\/www.editorialjuventud.es\/esperat-miyuki-9788426143976\/#primaryimage","url":"https:\/\/www.editorialjuventud.es\/wp-content\/uploads\/4397.jpg","contentUrl":"https:\/\/www.editorialjuventud.es\/wp-content\/uploads\/4397.jpg","width":333,"height":450,"caption":"4397.jpg"},{"@type":"BreadcrumbList","@id":"https:\/\/www.editorialjuventud.es\/esperat-miyuki-9788426143976\/#breadcrumb","itemListElement":[{"@type":"ListItem","position":1,"name":"Portada","item":"https:\/\/www.editorialjuventud.es\/"},{"@type":"ListItem","position":2,"name":"cat\u00e1logo","item":"https:\/\/www.editorialjuventud.es\/coleccion\/catalogo\/"},{"@type":"ListItem","position":3,"name":"catal\u00e0","item":"https:\/\/www.editorialjuventud.es\/coleccion\/catala\/"},{"@type":"ListItem","position":4,"name":"\u00c0lbums Il\u00b7lustrats","item":"https:\/\/www.editorialjuventud.es\/coleccion\/albums-il%c2%b7lustrats\/"},{"@type":"ListItem","position":5,"name":"Cr\u00e9ixer en Valors","item":"https:\/\/www.editorialjuventud.es\/ca\/coleccion\/creixer-en-valors\/"},{"@type":"ListItem","position":6,"name":"Espera't Miyuki"}]},{"@type":"WebSite","@id":"https:\/\/www.editorialjuventud.es\/#website","url":"https:\/\/www.editorialjuventud.es\/","name":"Editorial Juventud","description":"","potentialAction":[{"@type":"SearchAction","target":{"@type":"EntryPoint","urlTemplate":"https:\/\/www.editorialjuventud.es\/?s={search_term_string}"},"query-input":{"@type":"PropertyValueSpecification","valueRequired":true,"valueName":"search_term_string"}}],"inLanguage":"ca"}]}},"_links":{"self":[{"href":"https:\/\/www.editorialjuventud.es\/ca\/wp-json\/wp\/v2\/product\/6240","targetHints":{"allow":["GET"]}}],"collection":[{"href":"https:\/\/www.editorialjuventud.es\/ca\/wp-json\/wp\/v2\/product"}],"about":[{"href":"https:\/\/www.editorialjuventud.es\/ca\/wp-json\/wp\/v2\/types\/product"}],"wp:featuredmedia":[{"embeddable":true,"href":"https:\/\/www.editorialjuventud.es\/ca\/wp-json\/wp\/v2\/media\/17164"}],"wp:attachment":[{"href":"https:\/\/www.editorialjuventud.es\/ca\/wp-json\/wp\/v2\/media?parent=6240"}],"wp:term":[{"taxonomy":"product_brand","embeddable":true,"href":"https:\/\/www.editorialjuventud.es\/ca\/wp-json\/wp\/v2\/product_brand?post=6240"},{"taxonomy":"product_cat","embeddable":true,"href":"https:\/\/www.editorialjuventud.es\/ca\/wp-json\/wp\/v2\/product_cat?post=6240"},{"taxonomy":"product_tag","embeddable":true,"href":"https:\/\/www.editorialjuventud.es\/ca\/wp-json\/wp\/v2\/product_tag?post=6240"},{"taxonomy":"coleccion","embeddable":true,"href":"https:\/\/www.editorialjuventud.es\/ca\/wp-json\/wp\/v2\/coleccion?post=6240"}],"curies":[{"name":"wp","href":"https:\/\/api.w.org\/{rel}","templated":true}]}}