{"id":6233,"date":"2018-08-24T12:07:43","date_gmt":"2018-08-24T10:07:43","guid":{"rendered":"http:\/\/www.editorialjuventud.es\/las-maravillas-de-alicia\/"},"modified":"2019-10-12T21:35:03","modified_gmt":"2019-10-12T19:35:03","slug":"las-maravillas-de-alicia-9788426143907","status":"publish","type":"product","link":"https:\/\/www.editorialjuventud.es\/ca\/las-maravillas-de-alicia-9788426143907\/","title":{"rendered":"Las maravillas de Alicia"},"content":{"rendered":"<p>\u00a1Sum\u00e9rgete en el mundo m\u00e1gico de Las maravillas de Alicia, donde nada es lo que parece! Las aventuras de Alicia en el Pa\u00eds de las Maravillas son la inspiraci\u00f3n para una original colecci\u00f3n de 50 proyectos creativos, desde un adorable conejo de trapo hasta unas zapatillas decoradas con pompones, pasando por unas invitaciones de cartulina en forma de juego de t\u00e9 o unos mu\u00f1ecos recortables con sus vestidos de papel. Confecciona tu propio delantal del Pa\u00eds de las Maravillas para lucirlo mientras preparas deliciosos dulces dignos de un rey, o un mullido tabl\u00f3n en forma de coraz\u00f3n para guardar tus recuerdos m\u00e1s preciados. Un libro imprescindible para toda mente creativa entusiasta de Alicia, de cualquier edad.<\/p>\n","protected":false},"excerpt":{"rendered":"\u00a1Sum\u00e9rgete en el mundo m\u00e1gico de Las maravillas de Alicia, donde nada es lo que parece! Las aventuras de Alicia en el Pa\u00eds de las Maravillas son la inspiraci\u00f3n para una original colecci\u00f3n de 50 proyectos creativos, desde un adorable [&hellip;]","protected":false},"featured_media":17150,"template":"","meta":{"_acf_changed":false,"_exactmetrics_skip_tracking":false,"_exactmetrics_sitenote_active":false,"_exactmetrics_sitenote_note":"","_exactmetrics_sitenote_category":0},"product_brand":[],"product_cat":[892,1115,1126,1192,1128,908],"product_tag":[],"coleccion":[916,940],"class_list":{"0":"post-6233","1":"product","2":"type-product","3":"status-publish","4":"has-post-thumbnail","6":"product_cat-edades","7":"product_cat-generos","8":"product_cat-manualidades","9":"product_cat-manualidades-tematica","10":"product_cat-tematica","11":"product_cat-todas-las-edades","12":"coleccion-castellano","13":"coleccion-manos-creativas","15":"first","16":"instock","17":"taxable","18":"shipping-taxable","19":"purchasable","20":"product-type-simple"},"acf":{"autor":"READ-BLADREY, HANNAH","codart":"4390","ediciones":"1","encuadernacion":"R\u00fastica","fecha_de_publicacion":"10\/01\/2016","novedad":"0","paginas":"144","subtitulo":"","texto_web_adicional":"","texto_web_novedad":"","orden":"999","portada":"0","texto_web_resaltado":"","indice":"","autores-libros":[16458,16576],"ilustradores-libros":"","traductores-libros":[18265],"descripcion_corta":"","recomendamos":"","mas_vendido":"","idioma-libro":"","color":false,"formato":"","mas_informacion_del_producto":false,"premios":false,"texto_enlace_cubierta":"","enlace_cubierta":false,"texto_enlace_ficha_tecnica":"","enlace_ficha_tecnica":false,"ficheros":false,"titulo-fr":"","texto-fr":""},"yoast_head":"<!-- This site is optimized with the Yoast SEO plugin v27.3 - https:\/\/yoast.com\/product\/yoast-seo-wordpress\/ -->\n<title>Las maravillas de Alicia - Editorial Juventud<\/title>\n<meta name=\"description\" content=\"\u00a1Sum\u00e9rgete en el mundo m\u00e1gico de Las maravillas de Alicia, donde nada es lo que parece! Las aventuras de Alicia en el Pa\u00eds de las Maravillas son la\" \/>\n<meta name=\"robots\" content=\"index, follow, max-snippet:-1, max-image-preview:large, max-video-preview:-1\" \/>\n<link rel=\"canonical\" href=\"https:\/\/www.editorialjuventud.es\/las-maravillas-de-alicia-9788426143907\/\" \/>\n<meta property=\"og:locale\" content=\"ca_ES\" \/>\n<meta property=\"og:type\" content=\"article\" \/>\n<meta property=\"og:title\" content=\"Las maravillas de Alicia - Editorial Juventud\" \/>\n<meta property=\"og:description\" content=\"\u00a1Sum\u00e9rgete en el mundo m\u00e1gico de Las maravillas de Alicia, donde nada es lo que parece! Las aventuras de Alicia en el Pa\u00eds de las Maravillas son la\" \/>\n<meta property=\"og:url\" content=\"https:\/\/www.editorialjuventud.es\/las-maravillas-de-alicia-9788426143907\/\" \/>\n<meta property=\"og:site_name\" content=\"Editorial Juventud\" \/>\n<meta property=\"article:modified_time\" content=\"2019-10-12T19:35:03+00:00\" \/>\n<meta property=\"og:image\" content=\"https:\/\/www.editorialjuventud.es\/wp-content\/uploads\/4390.jpg\" \/>\n\t<meta property=\"og:image:width\" content=\"368\" \/>\n\t<meta property=\"og:image:height\" content=\"450\" \/>\n\t<meta property=\"og:image:type\" content=\"image\/jpeg\" \/>\n<meta name=\"twitter:card\" content=\"summary_large_image\" \/>\n<meta name=\"twitter:label1\" content=\"Temps estimat de lectura\" \/>\n\t<meta name=\"twitter:data1\" content=\"1 minut\" \/>\n<script type=\"application\/ld+json\" class=\"yoast-schema-graph\">{\"@context\":\"https:\\\/\\\/schema.org\",\"@graph\":[{\"@type\":\"WebPage\",\"@id\":\"https:\\\/\\\/www.editorialjuventud.es\\\/las-maravillas-de-alicia-9788426143907\\\/\",\"url\":\"https:\\\/\\\/www.editorialjuventud.es\\\/las-maravillas-de-alicia-9788426143907\\\/\",\"name\":\"Las maravillas de Alicia - Editorial Juventud\",\"isPartOf\":{\"@id\":\"https:\\\/\\\/www.editorialjuventud.es\\\/#website\"},\"primaryImageOfPage\":{\"@id\":\"https:\\\/\\\/www.editorialjuventud.es\\\/las-maravillas-de-alicia-9788426143907\\\/#primaryimage\"},\"image\":{\"@id\":\"https:\\\/\\\/www.editorialjuventud.es\\\/las-maravillas-de-alicia-9788426143907\\\/#primaryimage\"},\"thumbnailUrl\":\"https:\\\/\\\/www.editorialjuventud.es\\\/wp-content\\\/uploads\\\/4390.jpg\",\"datePublished\":\"2018-08-24T10:07:43+00:00\",\"dateModified\":\"2019-10-12T19:35:03+00:00\",\"description\":\"\u00a1Sum\u00e9rgete en el mundo m\u00e1gico de Las maravillas de Alicia, donde nada es lo que parece! Las aventuras de Alicia en el Pa\u00eds de las Maravillas son la\",\"breadcrumb\":{\"@id\":\"https:\\\/\\\/www.editorialjuventud.es\\\/las-maravillas-de-alicia-9788426143907\\\/#breadcrumb\"},\"inLanguage\":\"ca\",\"potentialAction\":[{\"@type\":\"ReadAction\",\"target\":[\"https:\\\/\\\/www.editorialjuventud.es\\\/las-maravillas-de-alicia-9788426143907\\\/\"]}]},{\"@type\":\"ImageObject\",\"inLanguage\":\"ca\",\"@id\":\"https:\\\/\\\/www.editorialjuventud.es\\\/las-maravillas-de-alicia-9788426143907\\\/#primaryimage\",\"url\":\"https:\\\/\\\/www.editorialjuventud.es\\\/wp-content\\\/uploads\\\/4390.jpg\",\"contentUrl\":\"https:\\\/\\\/www.editorialjuventud.es\\\/wp-content\\\/uploads\\\/4390.jpg\",\"width\":368,\"height\":450,\"caption\":\"9788426143907.jpg\"},{\"@type\":\"BreadcrumbList\",\"@id\":\"https:\\\/\\\/www.editorialjuventud.es\\\/las-maravillas-de-alicia-9788426143907\\\/#breadcrumb\",\"itemListElement\":[{\"@type\":\"ListItem\",\"position\":1,\"name\":\"Portada\",\"item\":\"https:\\\/\\\/www.editorialjuventud.es\\\/\"},{\"@type\":\"ListItem\",\"position\":2,\"name\":\"cat\u00e1logo\",\"item\":\"https:\\\/\\\/www.editorialjuventud.es\\\/coleccion\\\/catalogo\\\/\"},{\"@type\":\"ListItem\",\"position\":3,\"name\":\"castellano\",\"item\":\"https:\\\/\\\/www.editorialjuventud.es\\\/coleccion\\\/castellano\\\/\"},{\"@type\":\"ListItem\",\"position\":4,\"name\":\"Manos Creativas\",\"item\":\"https:\\\/\\\/www.editorialjuventud.es\\\/coleccion\\\/manos-creativas\\\/\"},{\"@type\":\"ListItem\",\"position\":5,\"name\":\"Las maravillas de Alicia\"}]},{\"@type\":\"WebSite\",\"@id\":\"https:\\\/\\\/www.editorialjuventud.es\\\/#website\",\"url\":\"https:\\\/\\\/www.editorialjuventud.es\\\/\",\"name\":\"Editorial Juventud\",\"description\":\"\",\"potentialAction\":[{\"@type\":\"SearchAction\",\"target\":{\"@type\":\"EntryPoint\",\"urlTemplate\":\"https:\\\/\\\/www.editorialjuventud.es\\\/?s={search_term_string}\"},\"query-input\":{\"@type\":\"PropertyValueSpecification\",\"valueRequired\":true,\"valueName\":\"search_term_string\"}}],\"inLanguage\":\"ca\"}]}<\/script>\n<!-- \/ Yoast SEO plugin. -->","yoast_head_json":{"title":"Las maravillas de Alicia - Editorial Juventud","description":"\u00a1Sum\u00e9rgete en el mundo m\u00e1gico de Las maravillas de Alicia, donde nada es lo que parece! Las aventuras de Alicia en el Pa\u00eds de las Maravillas son la","robots":{"index":"index","follow":"follow","max-snippet":"max-snippet:-1","max-image-preview":"max-image-preview:large","max-video-preview":"max-video-preview:-1"},"canonical":"https:\/\/www.editorialjuventud.es\/las-maravillas-de-alicia-9788426143907\/","og_locale":"ca_ES","og_type":"article","og_title":"Las maravillas de Alicia - Editorial Juventud","og_description":"\u00a1Sum\u00e9rgete en el mundo m\u00e1gico de Las maravillas de Alicia, donde nada es lo que parece! Las aventuras de Alicia en el Pa\u00eds de las Maravillas son la","og_url":"https:\/\/www.editorialjuventud.es\/las-maravillas-de-alicia-9788426143907\/","og_site_name":"Editorial Juventud","article_modified_time":"2019-10-12T19:35:03+00:00","og_image":[{"width":368,"height":450,"url":"https:\/\/www.editorialjuventud.es\/wp-content\/uploads\/4390.jpg","type":"image\/jpeg"}],"twitter_card":"summary_large_image","twitter_misc":{"Temps estimat de lectura":"1 minut"},"schema":{"@context":"https:\/\/schema.org","@graph":[{"@type":"WebPage","@id":"https:\/\/www.editorialjuventud.es\/las-maravillas-de-alicia-9788426143907\/","url":"https:\/\/www.editorialjuventud.es\/las-maravillas-de-alicia-9788426143907\/","name":"Las maravillas de Alicia - Editorial Juventud","isPartOf":{"@id":"https:\/\/www.editorialjuventud.es\/#website"},"primaryImageOfPage":{"@id":"https:\/\/www.editorialjuventud.es\/las-maravillas-de-alicia-9788426143907\/#primaryimage"},"image":{"@id":"https:\/\/www.editorialjuventud.es\/las-maravillas-de-alicia-9788426143907\/#primaryimage"},"thumbnailUrl":"https:\/\/www.editorialjuventud.es\/wp-content\/uploads\/4390.jpg","datePublished":"2018-08-24T10:07:43+00:00","dateModified":"2019-10-12T19:35:03+00:00","description":"\u00a1Sum\u00e9rgete en el mundo m\u00e1gico de Las maravillas de Alicia, donde nada es lo que parece! Las aventuras de Alicia en el Pa\u00eds de las Maravillas son la","breadcrumb":{"@id":"https:\/\/www.editorialjuventud.es\/las-maravillas-de-alicia-9788426143907\/#breadcrumb"},"inLanguage":"ca","potentialAction":[{"@type":"ReadAction","target":["https:\/\/www.editorialjuventud.es\/las-maravillas-de-alicia-9788426143907\/"]}]},{"@type":"ImageObject","inLanguage":"ca","@id":"https:\/\/www.editorialjuventud.es\/las-maravillas-de-alicia-9788426143907\/#primaryimage","url":"https:\/\/www.editorialjuventud.es\/wp-content\/uploads\/4390.jpg","contentUrl":"https:\/\/www.editorialjuventud.es\/wp-content\/uploads\/4390.jpg","width":368,"height":450,"caption":"9788426143907.jpg"},{"@type":"BreadcrumbList","@id":"https:\/\/www.editorialjuventud.es\/las-maravillas-de-alicia-9788426143907\/#breadcrumb","itemListElement":[{"@type":"ListItem","position":1,"name":"Portada","item":"https:\/\/www.editorialjuventud.es\/"},{"@type":"ListItem","position":2,"name":"cat\u00e1logo","item":"https:\/\/www.editorialjuventud.es\/coleccion\/catalogo\/"},{"@type":"ListItem","position":3,"name":"castellano","item":"https:\/\/www.editorialjuventud.es\/coleccion\/castellano\/"},{"@type":"ListItem","position":4,"name":"Manos Creativas","item":"https:\/\/www.editorialjuventud.es\/coleccion\/manos-creativas\/"},{"@type":"ListItem","position":5,"name":"Las maravillas de Alicia"}]},{"@type":"WebSite","@id":"https:\/\/www.editorialjuventud.es\/#website","url":"https:\/\/www.editorialjuventud.es\/","name":"Editorial Juventud","description":"","potentialAction":[{"@type":"SearchAction","target":{"@type":"EntryPoint","urlTemplate":"https:\/\/www.editorialjuventud.es\/?s={search_term_string}"},"query-input":{"@type":"PropertyValueSpecification","valueRequired":true,"valueName":"search_term_string"}}],"inLanguage":"ca"}]}},"_links":{"self":[{"href":"https:\/\/www.editorialjuventud.es\/ca\/wp-json\/wp\/v2\/product\/6233","targetHints":{"allow":["GET"]}}],"collection":[{"href":"https:\/\/www.editorialjuventud.es\/ca\/wp-json\/wp\/v2\/product"}],"about":[{"href":"https:\/\/www.editorialjuventud.es\/ca\/wp-json\/wp\/v2\/types\/product"}],"wp:featuredmedia":[{"embeddable":true,"href":"https:\/\/www.editorialjuventud.es\/ca\/wp-json\/wp\/v2\/media\/17150"}],"wp:attachment":[{"href":"https:\/\/www.editorialjuventud.es\/ca\/wp-json\/wp\/v2\/media?parent=6233"}],"wp:term":[{"taxonomy":"product_brand","embeddable":true,"href":"https:\/\/www.editorialjuventud.es\/ca\/wp-json\/wp\/v2\/product_brand?post=6233"},{"taxonomy":"product_cat","embeddable":true,"href":"https:\/\/www.editorialjuventud.es\/ca\/wp-json\/wp\/v2\/product_cat?post=6233"},{"taxonomy":"product_tag","embeddable":true,"href":"https:\/\/www.editorialjuventud.es\/ca\/wp-json\/wp\/v2\/product_tag?post=6233"},{"taxonomy":"coleccion","embeddable":true,"href":"https:\/\/www.editorialjuventud.es\/ca\/wp-json\/wp\/v2\/coleccion?post=6233"}],"curies":[{"name":"wp","href":"https:\/\/api.w.org\/{rel}","templated":true}]}}