{"id":6231,"date":"2018-08-24T12:07:35","date_gmt":"2018-08-24T10:07:35","guid":{"rendered":"http:\/\/www.editorialjuventud.es\/el-cami-a-lescola\/"},"modified":"2025-01-22T13:05:52","modified_gmt":"2025-01-22T12:05:52","slug":"el-cami-a-lescola-9788426143891","status":"publish","type":"product","link":"https:\/\/www.editorialjuventud.es\/ca\/el-cami-a-lescola-9788426143891\/","title":{"rendered":"El cam\u00ed a l&#8217;escola"},"content":{"rendered":"<p>Qu\u00e8 fas per arribar a escola?<br \/>Si t\u2019agradaria que el teu cam\u00ed cap a l\u2019escola a peu o en autob\u00fas no fos tan llarg, mira com van a escola cada dia molts nens de tot el m\u00f3n. N\u2019hi ha milers que ni tan sols tindran mai l\u2019oportunitat d\u2019anar a escola. Per als que s\u00f3n prou afortunats com per poder-hi anar, el cam\u00ed a l\u2019escola sovint\u00e9s llarg i perill\u00f3s. Alguns nens fins i tot han de dur els seus pupitres, o b\u00e9 carregar recipients feixucs plens d\u2019aigua potable!<\/p>\n<p>Totes aquestes fotos sorprenents de nens enfrontant desastres naturals, creuant rius, ports de muntanya i cims vertiginosos subratllen el mateix: no importa com vagis a l\u2019escola, el m\u00e9s important \u00e9s arribar.<br \/>Cada imatge d\u2019aquest bonic llibre de fotos per a joves lectors ens parla de la import\u00e0ncia de l\u2019educaci\u00f3 i del comprom\u00eds f\u00edsic que els nens estan disposats a realitzar cada dia per aconseguir-la.<\/p>\n","protected":false},"excerpt":{"rendered":"Qu\u00e8 fas per arribar a escola?Si t\u2019agradaria que el teu cam\u00ed cap a l\u2019escola a peu o en autob\u00fas no fos tan llarg, mira com van a escola cada dia molts nens de tot el m\u00f3n. N\u2019hi ha milers que [&hellip;]","protected":false},"featured_media":17148,"template":"","meta":{"_acf_changed":false,"_exactmetrics_skip_tracking":false,"_exactmetrics_sitenote_active":false,"_exactmetrics_sitenote_note":"","_exactmetrics_sitenote_category":0},"product_brand":[],"product_cat":[902,1121,1158,1181,1123],"product_tag":[],"coleccion":[948,1045],"class_list":{"0":"post-6231","1":"product","2":"type-product","3":"status-publish","4":"has-post-thumbnail","6":"product_cat-a-partir-de-7-anos","7":"product_cat-albumes-ilustrados","8":"product_cat-critica-social","9":"product_cat-habitos","10":"product_cat-libros-informativos-infantil","11":"coleccion-convivencia-i-multiculturalitat","12":"coleccion-petits-herois","14":"first","15":"instock","16":"taxable","17":"shipping-taxable","18":"purchasable","19":"product-type-simple"},"acf":{"autor":"McCarney, Rosemary","codart":"4389","ediciones":"1","encuadernacion":"Carton\u00e9","fecha_de_publicacion":"01\/09\/2016","novedad":"0","paginas":"32","subtitulo":"","texto_web_adicional":"","texto_web_novedad":"","orden":"999","portada":"0","texto_web_resaltado":"","indice":"","autores-libros":[16498],"ilustradores-libros":[17982],"traductores-libros":[18265],"descripcion_corta":"","recomendamos":"","mas_vendido":"","idioma-libro":"","color":false,"formato":"","mas_informacion_del_producto":false,"premios":false,"texto_enlace_cubierta":"","enlace_cubierta":false,"texto_enlace_ficha_tecnica":"","enlace_ficha_tecnica":false,"ficheros":false,"titulo-fr":"","texto-fr":""},"yoast_head":"<!-- This site is optimized with the Yoast SEO plugin v27.3 - https:\/\/yoast.com\/product\/yoast-seo-wordpress\/ -->\n<title>El cam\u00ed a l&#039;escola - Editorial Juventud<\/title>\n<meta name=\"description\" content=\"Qu\u00e8 fas per arribar a escola?Si t\u2019agradaria que el teu cam\u00ed cap a l\u2019escola a peu o en autob\u00fas no fos tan llarg, mira com van a escola cada dia molts nens\" \/>\n<meta name=\"robots\" content=\"index, follow, max-snippet:-1, max-image-preview:large, max-video-preview:-1\" \/>\n<link rel=\"canonical\" href=\"https:\/\/www.editorialjuventud.es\/el-cami-a-lescola-9788426143891\/\" \/>\n<meta property=\"og:locale\" content=\"ca_ES\" \/>\n<meta property=\"og:type\" content=\"article\" \/>\n<meta property=\"og:title\" content=\"El cam\u00ed a l&#039;escola - Editorial Juventud\" \/>\n<meta property=\"og:description\" content=\"Qu\u00e8 fas per arribar a escola?Si t\u2019agradaria que el teu cam\u00ed cap a l\u2019escola a peu o en autob\u00fas no fos tan llarg, mira com van a escola cada dia molts nens\" \/>\n<meta property=\"og:url\" content=\"https:\/\/www.editorialjuventud.es\/el-cami-a-lescola-9788426143891\/\" \/>\n<meta property=\"og:site_name\" content=\"Editorial Juventud\" \/>\n<meta property=\"article:modified_time\" content=\"2025-01-22T12:05:52+00:00\" \/>\n<meta property=\"og:image\" content=\"https:\/\/www.editorialjuventud.es\/wp-content\/uploads\/4389.jpg\" \/>\n\t<meta property=\"og:image:width\" content=\"656\" \/>\n\t<meta property=\"og:image:height\" content=\"500\" \/>\n\t<meta property=\"og:image:type\" content=\"image\/jpeg\" \/>\n<meta name=\"twitter:card\" content=\"summary_large_image\" \/>\n<meta name=\"twitter:label1\" content=\"Temps estimat de lectura\" \/>\n\t<meta name=\"twitter:data1\" content=\"1 minut\" \/>\n<script type=\"application\/ld+json\" class=\"yoast-schema-graph\">{\"@context\":\"https:\\\/\\\/schema.org\",\"@graph\":[{\"@type\":\"WebPage\",\"@id\":\"https:\\\/\\\/www.editorialjuventud.es\\\/el-cami-a-lescola-9788426143891\\\/\",\"url\":\"https:\\\/\\\/www.editorialjuventud.es\\\/el-cami-a-lescola-9788426143891\\\/\",\"name\":\"El cam\u00ed a l'escola - Editorial Juventud\",\"isPartOf\":{\"@id\":\"https:\\\/\\\/www.editorialjuventud.es\\\/#website\"},\"primaryImageOfPage\":{\"@id\":\"https:\\\/\\\/www.editorialjuventud.es\\\/el-cami-a-lescola-9788426143891\\\/#primaryimage\"},\"image\":{\"@id\":\"https:\\\/\\\/www.editorialjuventud.es\\\/el-cami-a-lescola-9788426143891\\\/#primaryimage\"},\"thumbnailUrl\":\"https:\\\/\\\/www.editorialjuventud.es\\\/wp-content\\\/uploads\\\/4389.jpg\",\"datePublished\":\"2018-08-24T10:07:35+00:00\",\"dateModified\":\"2025-01-22T12:05:52+00:00\",\"description\":\"Qu\u00e8 fas per arribar a escola?Si t\u2019agradaria que el teu cam\u00ed cap a l\u2019escola a peu o en autob\u00fas no fos tan llarg, mira com van a escola cada dia molts nens\",\"breadcrumb\":{\"@id\":\"https:\\\/\\\/www.editorialjuventud.es\\\/el-cami-a-lescola-9788426143891\\\/#breadcrumb\"},\"inLanguage\":\"ca\",\"potentialAction\":[{\"@type\":\"ReadAction\",\"target\":[\"https:\\\/\\\/www.editorialjuventud.es\\\/el-cami-a-lescola-9788426143891\\\/\"]}]},{\"@type\":\"ImageObject\",\"inLanguage\":\"ca\",\"@id\":\"https:\\\/\\\/www.editorialjuventud.es\\\/el-cami-a-lescola-9788426143891\\\/#primaryimage\",\"url\":\"https:\\\/\\\/www.editorialjuventud.es\\\/wp-content\\\/uploads\\\/4389.jpg\",\"contentUrl\":\"https:\\\/\\\/www.editorialjuventud.es\\\/wp-content\\\/uploads\\\/4389.jpg\",\"width\":656,\"height\":500,\"caption\":\"4389.jpg\"},{\"@type\":\"BreadcrumbList\",\"@id\":\"https:\\\/\\\/www.editorialjuventud.es\\\/el-cami-a-lescola-9788426143891\\\/#breadcrumb\",\"itemListElement\":[{\"@type\":\"ListItem\",\"position\":1,\"name\":\"Portada\",\"item\":\"https:\\\/\\\/www.editorialjuventud.es\\\/\"},{\"@type\":\"ListItem\",\"position\":2,\"name\":\"cat\u00e1logo\",\"item\":\"https:\\\/\\\/www.editorialjuventud.es\\\/coleccion\\\/catalogo\\\/\"},{\"@type\":\"ListItem\",\"position\":3,\"name\":\"catal\u00e0\",\"item\":\"https:\\\/\\\/www.editorialjuventud.es\\\/coleccion\\\/catala\\\/\"},{\"@type\":\"ListItem\",\"position\":4,\"name\":\"\u00c0lbums Il\u00b7lustrats\",\"item\":\"https:\\\/\\\/www.editorialjuventud.es\\\/coleccion\\\/albums-il%c2%b7lustrats\\\/\"},{\"@type\":\"ListItem\",\"position\":5,\"name\":\"Conviv\u00e8ncia i Multiculturalitat\",\"item\":\"https:\\\/\\\/www.editorialjuventud.es\\\/coleccion\\\/convivencia-i-multiculturalitat\\\/\"},{\"@type\":\"ListItem\",\"position\":6,\"name\":\"Petits Herois\",\"item\":\"https:\\\/\\\/www.editorialjuventud.es\\\/coleccion\\\/petits-herois\\\/\"},{\"@type\":\"ListItem\",\"position\":7,\"name\":\"El cam\u00ed a l'escola\"}]},{\"@type\":\"WebSite\",\"@id\":\"https:\\\/\\\/www.editorialjuventud.es\\\/#website\",\"url\":\"https:\\\/\\\/www.editorialjuventud.es\\\/\",\"name\":\"Editorial Juventud\",\"description\":\"\",\"potentialAction\":[{\"@type\":\"SearchAction\",\"target\":{\"@type\":\"EntryPoint\",\"urlTemplate\":\"https:\\\/\\\/www.editorialjuventud.es\\\/?s={search_term_string}\"},\"query-input\":{\"@type\":\"PropertyValueSpecification\",\"valueRequired\":true,\"valueName\":\"search_term_string\"}}],\"inLanguage\":\"ca\"}]}<\/script>\n<!-- \/ Yoast SEO plugin. -->","yoast_head_json":{"title":"El cam\u00ed a l'escola - Editorial Juventud","description":"Qu\u00e8 fas per arribar a escola?Si t\u2019agradaria que el teu cam\u00ed cap a l\u2019escola a peu o en autob\u00fas no fos tan llarg, mira com van a escola cada dia molts nens","robots":{"index":"index","follow":"follow","max-snippet":"max-snippet:-1","max-image-preview":"max-image-preview:large","max-video-preview":"max-video-preview:-1"},"canonical":"https:\/\/www.editorialjuventud.es\/el-cami-a-lescola-9788426143891\/","og_locale":"ca_ES","og_type":"article","og_title":"El cam\u00ed a l'escola - Editorial Juventud","og_description":"Qu\u00e8 fas per arribar a escola?Si t\u2019agradaria que el teu cam\u00ed cap a l\u2019escola a peu o en autob\u00fas no fos tan llarg, mira com van a escola cada dia molts nens","og_url":"https:\/\/www.editorialjuventud.es\/el-cami-a-lescola-9788426143891\/","og_site_name":"Editorial Juventud","article_modified_time":"2025-01-22T12:05:52+00:00","og_image":[{"width":656,"height":500,"url":"https:\/\/www.editorialjuventud.es\/wp-content\/uploads\/4389.jpg","type":"image\/jpeg"}],"twitter_card":"summary_large_image","twitter_misc":{"Temps estimat de lectura":"1 minut"},"schema":{"@context":"https:\/\/schema.org","@graph":[{"@type":"WebPage","@id":"https:\/\/www.editorialjuventud.es\/el-cami-a-lescola-9788426143891\/","url":"https:\/\/www.editorialjuventud.es\/el-cami-a-lescola-9788426143891\/","name":"El cam\u00ed a l'escola - Editorial Juventud","isPartOf":{"@id":"https:\/\/www.editorialjuventud.es\/#website"},"primaryImageOfPage":{"@id":"https:\/\/www.editorialjuventud.es\/el-cami-a-lescola-9788426143891\/#primaryimage"},"image":{"@id":"https:\/\/www.editorialjuventud.es\/el-cami-a-lescola-9788426143891\/#primaryimage"},"thumbnailUrl":"https:\/\/www.editorialjuventud.es\/wp-content\/uploads\/4389.jpg","datePublished":"2018-08-24T10:07:35+00:00","dateModified":"2025-01-22T12:05:52+00:00","description":"Qu\u00e8 fas per arribar a escola?Si t\u2019agradaria que el teu cam\u00ed cap a l\u2019escola a peu o en autob\u00fas no fos tan llarg, mira com van a escola cada dia molts nens","breadcrumb":{"@id":"https:\/\/www.editorialjuventud.es\/el-cami-a-lescola-9788426143891\/#breadcrumb"},"inLanguage":"ca","potentialAction":[{"@type":"ReadAction","target":["https:\/\/www.editorialjuventud.es\/el-cami-a-lescola-9788426143891\/"]}]},{"@type":"ImageObject","inLanguage":"ca","@id":"https:\/\/www.editorialjuventud.es\/el-cami-a-lescola-9788426143891\/#primaryimage","url":"https:\/\/www.editorialjuventud.es\/wp-content\/uploads\/4389.jpg","contentUrl":"https:\/\/www.editorialjuventud.es\/wp-content\/uploads\/4389.jpg","width":656,"height":500,"caption":"4389.jpg"},{"@type":"BreadcrumbList","@id":"https:\/\/www.editorialjuventud.es\/el-cami-a-lescola-9788426143891\/#breadcrumb","itemListElement":[{"@type":"ListItem","position":1,"name":"Portada","item":"https:\/\/www.editorialjuventud.es\/"},{"@type":"ListItem","position":2,"name":"cat\u00e1logo","item":"https:\/\/www.editorialjuventud.es\/coleccion\/catalogo\/"},{"@type":"ListItem","position":3,"name":"catal\u00e0","item":"https:\/\/www.editorialjuventud.es\/coleccion\/catala\/"},{"@type":"ListItem","position":4,"name":"\u00c0lbums Il\u00b7lustrats","item":"https:\/\/www.editorialjuventud.es\/coleccion\/albums-il%c2%b7lustrats\/"},{"@type":"ListItem","position":5,"name":"Conviv\u00e8ncia i Multiculturalitat","item":"https:\/\/www.editorialjuventud.es\/coleccion\/convivencia-i-multiculturalitat\/"},{"@type":"ListItem","position":6,"name":"Petits Herois","item":"https:\/\/www.editorialjuventud.es\/coleccion\/petits-herois\/"},{"@type":"ListItem","position":7,"name":"El cam\u00ed a l'escola"}]},{"@type":"WebSite","@id":"https:\/\/www.editorialjuventud.es\/#website","url":"https:\/\/www.editorialjuventud.es\/","name":"Editorial Juventud","description":"","potentialAction":[{"@type":"SearchAction","target":{"@type":"EntryPoint","urlTemplate":"https:\/\/www.editorialjuventud.es\/?s={search_term_string}"},"query-input":{"@type":"PropertyValueSpecification","valueRequired":true,"valueName":"search_term_string"}}],"inLanguage":"ca"}]}},"_links":{"self":[{"href":"https:\/\/www.editorialjuventud.es\/ca\/wp-json\/wp\/v2\/product\/6231","targetHints":{"allow":["GET"]}}],"collection":[{"href":"https:\/\/www.editorialjuventud.es\/ca\/wp-json\/wp\/v2\/product"}],"about":[{"href":"https:\/\/www.editorialjuventud.es\/ca\/wp-json\/wp\/v2\/types\/product"}],"wp:featuredmedia":[{"embeddable":true,"href":"https:\/\/www.editorialjuventud.es\/ca\/wp-json\/wp\/v2\/media\/17148"}],"wp:attachment":[{"href":"https:\/\/www.editorialjuventud.es\/ca\/wp-json\/wp\/v2\/media?parent=6231"}],"wp:term":[{"taxonomy":"product_brand","embeddable":true,"href":"https:\/\/www.editorialjuventud.es\/ca\/wp-json\/wp\/v2\/product_brand?post=6231"},{"taxonomy":"product_cat","embeddable":true,"href":"https:\/\/www.editorialjuventud.es\/ca\/wp-json\/wp\/v2\/product_cat?post=6231"},{"taxonomy":"product_tag","embeddable":true,"href":"https:\/\/www.editorialjuventud.es\/ca\/wp-json\/wp\/v2\/product_tag?post=6231"},{"taxonomy":"coleccion","embeddable":true,"href":"https:\/\/www.editorialjuventud.es\/ca\/wp-json\/wp\/v2\/coleccion?post=6231"}],"curies":[{"name":"wp","href":"https:\/\/api.w.org\/{rel}","templated":true}]}}