{"id":6229,"date":"2018-08-24T12:07:27","date_gmt":"2018-08-24T10:07:27","guid":{"rendered":"http:\/\/www.editorialjuventud.es\/la-marieta\/"},"modified":"2023-09-26T06:51:32","modified_gmt":"2023-09-26T04:51:32","slug":"la-marieta-9788426143877","status":"publish","type":"product","link":"https:\/\/www.editorialjuventud.es\/ca\/la-marieta-9788426143877\/","title":{"rendered":"La marieta"},"content":{"rendered":"<p>Un \u00e0lbum amb solapes per observar i descobrir un insecte molt apreciat tant per els nens com per els jardiners: la Marieta.<br \/>\nBernadette Gervais ens revela, en aquest llibre, tots els secrets de la marieta. On viuen, quants puntets negres t\u00e9, fins a quina altura poden volar, qu\u00e8 \u00e9s el que mengen, com s\u00f3n les seves larves&#8230; Moltes d&#8217;aquestes respostes sobre aquests beneficiosos i bonics insectes les descobrirem a l&#8217;aixecar les solapes. Al final del llibre hi trobem un joc de les 7 difer\u00e8ncies.<\/p>\n","protected":false},"excerpt":{"rendered":"Un \u00e0lbum amb solapes per observar i descobrir un insecte molt apreciat tant per els nens com per els jardiners: la Marieta. Bernadette Gervais ens revela, en aquest llibre, tots els secrets de la marieta. On viuen, quants puntets negres [&hellip;]","protected":false},"featured_media":17144,"template":"","meta":{"_acf_changed":false,"_exactmetrics_skip_tracking":false,"_exactmetrics_sitenote_active":false,"_exactmetrics_sitenote_note":"","_exactmetrics_sitenote_category":0},"product_brand":[],"product_cat":[900,1147,892,1115,1187,1123,1128],"product_tag":[],"coleccion":[917,915,946,1041],"class_list":{"0":"post-6229","1":"product","2":"type-product","3":"status-publish","4":"has-post-thumbnail","6":"product_cat-a-partir-de-5-anos","7":"product_cat-ciclo-de-la-vida","8":"product_cat-edades","9":"product_cat-generos","10":"product_cat-insectos","11":"product_cat-libros-informativos-infantil","12":"product_cat-tematica","13":"coleccion-albums-illustrats","14":"coleccion-catala","15":"coleccion-com-i-per-que","16":"coleccion-meravelles-de-la-natura","18":"first","19":"instock","20":"taxable","21":"shipping-taxable","22":"purchasable","23":"product-type-simple"},"acf":{"autor":"GERVAIS, BERNARDETTE","codart":"4387","ediciones":"1","encuadernacion":"POP UPS","fecha_de_publicacion":"01\/02\/2017","novedad":"0","paginas":"24","subtitulo":"","texto_web_adicional":"","texto_web_novedad":"","orden":"999","portada":"0","texto_web_resaltado":"","indice":"","autores-libros":[16367],"ilustradores-libros":[16367],"traductores-libros":[18265],"descripcion_corta":"","recomendamos":"","mas_vendido":"","idioma-libro":"","color":false,"formato":"","mas_informacion_del_producto":false,"premios":false,"texto_enlace_cubierta":"","enlace_cubierta":false,"texto_enlace_ficha_tecnica":"","enlace_ficha_tecnica":false,"ficheros":false,"titulo-fr":"","texto-fr":"","fecha_de_reimpresion":"","deshabilitar_compra":["deshabilitar"]},"yoast_head":"<!-- This site is optimized with the Yoast SEO plugin v27.3 - https:\/\/yoast.com\/product\/yoast-seo-wordpress\/ -->\n<title>La marieta - Editorial Juventud<\/title>\n<meta name=\"description\" content=\"Un \u00e0lbum amb solapes per observar i descobrir un insecte molt apreciat tant per els nens com per els jardiners: la Marieta. Bernadette Gervais ens revela,\" \/>\n<meta name=\"robots\" content=\"index, follow, max-snippet:-1, max-image-preview:large, max-video-preview:-1\" \/>\n<link rel=\"canonical\" href=\"https:\/\/www.editorialjuventud.es\/ca\/la-marieta-9788426143877\/\" \/>\n<meta property=\"og:locale\" content=\"ca_ES\" \/>\n<meta property=\"og:type\" content=\"article\" \/>\n<meta property=\"og:title\" content=\"La marieta - Editorial Juventud\" \/>\n<meta property=\"og:description\" content=\"Un \u00e0lbum amb solapes per observar i descobrir un insecte molt apreciat tant per els nens com per els jardiners: la Marieta. Bernadette Gervais ens revela,\" \/>\n<meta property=\"og:url\" content=\"https:\/\/www.editorialjuventud.es\/ca\/la-marieta-9788426143877\/\" \/>\n<meta property=\"og:site_name\" content=\"Editorial Juventud\" \/>\n<meta property=\"article:modified_time\" content=\"2023-09-26T04:51:32+00:00\" \/>\n<meta property=\"og:image\" content=\"https:\/\/www.editorialjuventud.es\/wp-content\/uploads\/4387.jpg\" \/>\n\t<meta property=\"og:image:width\" content=\"406\" \/>\n\t<meta property=\"og:image:height\" content=\"450\" \/>\n\t<meta property=\"og:image:type\" content=\"image\/jpeg\" \/>\n<meta name=\"twitter:card\" content=\"summary_large_image\" \/>\n<script type=\"application\/ld+json\" class=\"yoast-schema-graph\">{\"@context\":\"https:\\\/\\\/schema.org\",\"@graph\":[{\"@type\":\"WebPage\",\"@id\":\"https:\\\/\\\/www.editorialjuventud.es\\\/ca\\\/la-marieta-9788426143877\\\/\",\"url\":\"https:\\\/\\\/www.editorialjuventud.es\\\/ca\\\/la-marieta-9788426143877\\\/\",\"name\":\"La marieta - Editorial Juventud\",\"isPartOf\":{\"@id\":\"https:\\\/\\\/www.editorialjuventud.es\\\/#website\"},\"primaryImageOfPage\":{\"@id\":\"https:\\\/\\\/www.editorialjuventud.es\\\/ca\\\/la-marieta-9788426143877\\\/#primaryimage\"},\"image\":{\"@id\":\"https:\\\/\\\/www.editorialjuventud.es\\\/ca\\\/la-marieta-9788426143877\\\/#primaryimage\"},\"thumbnailUrl\":\"https:\\\/\\\/www.editorialjuventud.es\\\/wp-content\\\/uploads\\\/4387.jpg\",\"datePublished\":\"2018-08-24T10:07:27+00:00\",\"dateModified\":\"2023-09-26T04:51:32+00:00\",\"description\":\"Un \u00e0lbum amb solapes per observar i descobrir un insecte molt apreciat tant per els nens com per els jardiners: la Marieta. Bernadette Gervais ens revela,\",\"breadcrumb\":{\"@id\":\"https:\\\/\\\/www.editorialjuventud.es\\\/ca\\\/la-marieta-9788426143877\\\/#breadcrumb\"},\"inLanguage\":\"ca\",\"potentialAction\":[{\"@type\":\"ReadAction\",\"target\":[\"https:\\\/\\\/www.editorialjuventud.es\\\/ca\\\/la-marieta-9788426143877\\\/\"]}]},{\"@type\":\"ImageObject\",\"inLanguage\":\"ca\",\"@id\":\"https:\\\/\\\/www.editorialjuventud.es\\\/ca\\\/la-marieta-9788426143877\\\/#primaryimage\",\"url\":\"https:\\\/\\\/www.editorialjuventud.es\\\/wp-content\\\/uploads\\\/4387.jpg\",\"contentUrl\":\"https:\\\/\\\/www.editorialjuventud.es\\\/wp-content\\\/uploads\\\/4387.jpg\",\"width\":406,\"height\":450,\"caption\":\"4387.jpg\"},{\"@type\":\"BreadcrumbList\",\"@id\":\"https:\\\/\\\/www.editorialjuventud.es\\\/ca\\\/la-marieta-9788426143877\\\/#breadcrumb\",\"itemListElement\":[{\"@type\":\"ListItem\",\"position\":1,\"name\":\"Portada\",\"item\":\"https:\\\/\\\/www.editorialjuventud.es\\\/\"},{\"@type\":\"ListItem\",\"position\":2,\"name\":\"cat\u00e1logo\",\"item\":\"https:\\\/\\\/www.editorialjuventud.es\\\/coleccion\\\/catalogo\\\/\"},{\"@type\":\"ListItem\",\"position\":3,\"name\":\"catal\u00e0\",\"item\":\"https:\\\/\\\/www.editorialjuventud.es\\\/coleccion\\\/catala\\\/\"},{\"@type\":\"ListItem\",\"position\":4,\"name\":\"\u00c0lbums Il\u00b7lustrats\",\"item\":\"https:\\\/\\\/www.editorialjuventud.es\\\/coleccion\\\/albums-il%c2%b7lustrats\\\/\"},{\"@type\":\"ListItem\",\"position\":5,\"name\":\"Com i Per qu\u00e8\",\"item\":\"https:\\\/\\\/www.editorialjuventud.es\\\/coleccion\\\/com-i-per-que\\\/\"},{\"@type\":\"ListItem\",\"position\":6,\"name\":\"Meravelles de la Natura\",\"item\":\"https:\\\/\\\/www.editorialjuventud.es\\\/coleccion\\\/meravelles-de-la-natura\\\/\"},{\"@type\":\"ListItem\",\"position\":7,\"name\":\"La marieta\"}]},{\"@type\":\"WebSite\",\"@id\":\"https:\\\/\\\/www.editorialjuventud.es\\\/#website\",\"url\":\"https:\\\/\\\/www.editorialjuventud.es\\\/\",\"name\":\"Editorial Juventud\",\"description\":\"\",\"potentialAction\":[{\"@type\":\"SearchAction\",\"target\":{\"@type\":\"EntryPoint\",\"urlTemplate\":\"https:\\\/\\\/www.editorialjuventud.es\\\/?s={search_term_string}\"},\"query-input\":{\"@type\":\"PropertyValueSpecification\",\"valueRequired\":true,\"valueName\":\"search_term_string\"}}],\"inLanguage\":\"ca\"}]}<\/script>\n<!-- \/ Yoast SEO plugin. -->","yoast_head_json":{"title":"La marieta - Editorial Juventud","description":"Un \u00e0lbum amb solapes per observar i descobrir un insecte molt apreciat tant per els nens com per els jardiners: la Marieta. Bernadette Gervais ens revela,","robots":{"index":"index","follow":"follow","max-snippet":"max-snippet:-1","max-image-preview":"max-image-preview:large","max-video-preview":"max-video-preview:-1"},"canonical":"https:\/\/www.editorialjuventud.es\/ca\/la-marieta-9788426143877\/","og_locale":"ca_ES","og_type":"article","og_title":"La marieta - Editorial Juventud","og_description":"Un \u00e0lbum amb solapes per observar i descobrir un insecte molt apreciat tant per els nens com per els jardiners: la Marieta. Bernadette Gervais ens revela,","og_url":"https:\/\/www.editorialjuventud.es\/ca\/la-marieta-9788426143877\/","og_site_name":"Editorial Juventud","article_modified_time":"2023-09-26T04:51:32+00:00","og_image":[{"width":406,"height":450,"url":"https:\/\/www.editorialjuventud.es\/wp-content\/uploads\/4387.jpg","type":"image\/jpeg"}],"twitter_card":"summary_large_image","schema":{"@context":"https:\/\/schema.org","@graph":[{"@type":"WebPage","@id":"https:\/\/www.editorialjuventud.es\/ca\/la-marieta-9788426143877\/","url":"https:\/\/www.editorialjuventud.es\/ca\/la-marieta-9788426143877\/","name":"La marieta - Editorial Juventud","isPartOf":{"@id":"https:\/\/www.editorialjuventud.es\/#website"},"primaryImageOfPage":{"@id":"https:\/\/www.editorialjuventud.es\/ca\/la-marieta-9788426143877\/#primaryimage"},"image":{"@id":"https:\/\/www.editorialjuventud.es\/ca\/la-marieta-9788426143877\/#primaryimage"},"thumbnailUrl":"https:\/\/www.editorialjuventud.es\/wp-content\/uploads\/4387.jpg","datePublished":"2018-08-24T10:07:27+00:00","dateModified":"2023-09-26T04:51:32+00:00","description":"Un \u00e0lbum amb solapes per observar i descobrir un insecte molt apreciat tant per els nens com per els jardiners: la Marieta. Bernadette Gervais ens revela,","breadcrumb":{"@id":"https:\/\/www.editorialjuventud.es\/ca\/la-marieta-9788426143877\/#breadcrumb"},"inLanguage":"ca","potentialAction":[{"@type":"ReadAction","target":["https:\/\/www.editorialjuventud.es\/ca\/la-marieta-9788426143877\/"]}]},{"@type":"ImageObject","inLanguage":"ca","@id":"https:\/\/www.editorialjuventud.es\/ca\/la-marieta-9788426143877\/#primaryimage","url":"https:\/\/www.editorialjuventud.es\/wp-content\/uploads\/4387.jpg","contentUrl":"https:\/\/www.editorialjuventud.es\/wp-content\/uploads\/4387.jpg","width":406,"height":450,"caption":"4387.jpg"},{"@type":"BreadcrumbList","@id":"https:\/\/www.editorialjuventud.es\/ca\/la-marieta-9788426143877\/#breadcrumb","itemListElement":[{"@type":"ListItem","position":1,"name":"Portada","item":"https:\/\/www.editorialjuventud.es\/"},{"@type":"ListItem","position":2,"name":"cat\u00e1logo","item":"https:\/\/www.editorialjuventud.es\/coleccion\/catalogo\/"},{"@type":"ListItem","position":3,"name":"catal\u00e0","item":"https:\/\/www.editorialjuventud.es\/coleccion\/catala\/"},{"@type":"ListItem","position":4,"name":"\u00c0lbums Il\u00b7lustrats","item":"https:\/\/www.editorialjuventud.es\/coleccion\/albums-il%c2%b7lustrats\/"},{"@type":"ListItem","position":5,"name":"Com i Per qu\u00e8","item":"https:\/\/www.editorialjuventud.es\/coleccion\/com-i-per-que\/"},{"@type":"ListItem","position":6,"name":"Meravelles de la Natura","item":"https:\/\/www.editorialjuventud.es\/coleccion\/meravelles-de-la-natura\/"},{"@type":"ListItem","position":7,"name":"La marieta"}]},{"@type":"WebSite","@id":"https:\/\/www.editorialjuventud.es\/#website","url":"https:\/\/www.editorialjuventud.es\/","name":"Editorial Juventud","description":"","potentialAction":[{"@type":"SearchAction","target":{"@type":"EntryPoint","urlTemplate":"https:\/\/www.editorialjuventud.es\/?s={search_term_string}"},"query-input":{"@type":"PropertyValueSpecification","valueRequired":true,"valueName":"search_term_string"}}],"inLanguage":"ca"}]}},"_links":{"self":[{"href":"https:\/\/www.editorialjuventud.es\/ca\/wp-json\/wp\/v2\/product\/6229","targetHints":{"allow":["GET"]}}],"collection":[{"href":"https:\/\/www.editorialjuventud.es\/ca\/wp-json\/wp\/v2\/product"}],"about":[{"href":"https:\/\/www.editorialjuventud.es\/ca\/wp-json\/wp\/v2\/types\/product"}],"wp:featuredmedia":[{"embeddable":true,"href":"https:\/\/www.editorialjuventud.es\/ca\/wp-json\/wp\/v2\/media\/17144"}],"wp:attachment":[{"href":"https:\/\/www.editorialjuventud.es\/ca\/wp-json\/wp\/v2\/media?parent=6229"}],"wp:term":[{"taxonomy":"product_brand","embeddable":true,"href":"https:\/\/www.editorialjuventud.es\/ca\/wp-json\/wp\/v2\/product_brand?post=6229"},{"taxonomy":"product_cat","embeddable":true,"href":"https:\/\/www.editorialjuventud.es\/ca\/wp-json\/wp\/v2\/product_cat?post=6229"},{"taxonomy":"product_tag","embeddable":true,"href":"https:\/\/www.editorialjuventud.es\/ca\/wp-json\/wp\/v2\/product_tag?post=6229"},{"taxonomy":"coleccion","embeddable":true,"href":"https:\/\/www.editorialjuventud.es\/ca\/wp-json\/wp\/v2\/coleccion?post=6229"}],"curies":[{"name":"wp","href":"https:\/\/api.w.org\/{rel}","templated":true}]}}