{"id":6228,"date":"2018-08-24T12:07:24","date_gmt":"2018-08-24T10:07:24","guid":{"rendered":"http:\/\/www.editorialjuventud.es\/la-mariquita\/"},"modified":"2021-10-22T14:28:36","modified_gmt":"2021-10-22T12:28:36","slug":"la-mariquita-9788426143860","status":"publish","type":"product","link":"https:\/\/www.editorialjuventud.es\/ca\/la-mariquita-9788426143860\/","title":{"rendered":"La mariquita"},"content":{"rendered":"<p>Este \u00e1lbum inicia una serie documental que nos propone observar la naturaleza a partir de un elemento familiar en el universo de los ni\u00f1os. En esta ocasi\u00f3n la autora nos summerge en el mundo de una de las m\u00e1s apreciadas criaturas de los amantes de los bichos: la mariquita. Bernadette Gervais revela aqu\u00ed todos los secretos de las mariquitas: d\u00f3nde viven, qu\u00e9 comen, cu\u00e1ntos puntos negros tienen, c\u00f3mo son sus larvas&#8230; \u00a1Descubre las respuestas a estas preguntas levantando las solapas del libro y encuentra las siete diferencias en el juego que encontrar\u00e1s al final! Una manera sencilla, visual y divertida de saber m\u00e1s acerca del fascinante mundo de uno de los insectos m\u00e1s famosos del planeta.<\/p>\n","protected":false},"excerpt":{"rendered":"Este \u00e1lbum inicia una serie documental que nos propone observar la naturaleza a partir de un elemento familiar en el universo de los ni\u00f1os. En esta ocasi\u00f3n la autora nos summerge en el mundo de una de las m\u00e1s apreciadas [&hellip;]","protected":false},"featured_media":17142,"template":"","meta":{"_acf_changed":false,"_exactmetrics_skip_tracking":false,"_exactmetrics_sitenote_active":false,"_exactmetrics_sitenote_note":"","_exactmetrics_sitenote_category":0},"product_brand":[],"product_cat":[900,1147,892,1115,1187,1123,1128],"product_tag":[],"coleccion":[928,916,987,1064],"class_list":{"0":"post-6228","1":"product","2":"type-product","3":"status-publish","4":"has-post-thumbnail","6":"product_cat-a-partir-de-5-anos","7":"product_cat-ciclo-de-la-vida","8":"product_cat-edades","9":"product_cat-generos","10":"product_cat-insectos","11":"product_cat-libros-informativos-infantil","12":"product_cat-tematica","13":"coleccion-albumes-ilustrados","14":"coleccion-castellano","15":"coleccion-conocer-y-comprender","16":"coleccion-maravillas-de-la-naturaleza","18":"first","19":"instock","20":"taxable","21":"shipping-taxable","22":"purchasable","23":"product-type-simple"},"acf":{"autor":"GERVAIS, BERNADETTE","codart":"4386","ediciones":"1","encuadernacion":"POP UPS","fecha_de_publicacion":"01\/02\/2017","novedad":"0","paginas":"24","subtitulo":"","texto_web_adicional":"","texto_web_novedad":"","orden":"999","portada":"0","texto_web_resaltado":"","indice":"","autores-libros":[16367],"ilustradores-libros":[16367],"traductores-libros":[18265],"descripcion_corta":"","recomendamos":"","mas_vendido":"","idioma-libro":"","color":false,"formato":"","mas_informacion_del_producto":false,"premios":false,"texto_enlace_cubierta":"","enlace_cubierta":false,"texto_enlace_ficha_tecnica":"","enlace_ficha_tecnica":{"ID":30408,"id":30408,"title":"ficha La mariquita","filename":"ficha-La-mariquita.pdf","filesize":496798,"url":"https:\/\/www.editorialjuventud.es\/wp-content\/uploads\/ficha-La-mariquita.pdf","link":"https:\/\/www.editorialjuventud.es\/ca\/?attachment_id=30408","alt":"","author":"47","description":"","caption":"","name":"ficha-la-mariquita","status":"inherit","uploaded_to":6228,"date":"2019-07-24 08:08:46","modified":"2019-07-24 08:08:46","menu_order":0,"mime_type":"application\/pdf","type":"application","subtype":"pdf","icon":"https:\/\/www.editorialjuventud.es\/wp-includes\/images\/media\/document.png"},"ficheros":false,"titulo-fr":"","texto-fr":""},"yoast_head":"<!-- This site is optimized with the Yoast SEO plugin v27.3 - https:\/\/yoast.com\/product\/yoast-seo-wordpress\/ -->\n<title>La mariquita - Editorial Juventud<\/title>\n<meta name=\"description\" content=\"Este \u00e1lbum inicia una serie documental que nos propone observar la naturaleza a partir de un elemento familiar en el universo de los ni\u00f1os. En esta\" \/>\n<meta name=\"robots\" content=\"index, follow, max-snippet:-1, max-image-preview:large, max-video-preview:-1\" \/>\n<link rel=\"canonical\" href=\"https:\/\/www.editorialjuventud.es\/la-mariquita-9788426143860\/\" \/>\n<meta property=\"og:locale\" content=\"ca_ES\" \/>\n<meta property=\"og:type\" content=\"article\" \/>\n<meta property=\"og:title\" content=\"La mariquita - Editorial Juventud\" \/>\n<meta property=\"og:description\" content=\"Este \u00e1lbum inicia una serie documental que nos propone observar la naturaleza a partir de un elemento familiar en el universo de los ni\u00f1os. En esta\" \/>\n<meta property=\"og:url\" content=\"https:\/\/www.editorialjuventud.es\/la-mariquita-9788426143860\/\" \/>\n<meta property=\"og:site_name\" content=\"Editorial Juventud\" \/>\n<meta property=\"article:modified_time\" content=\"2021-10-22T12:28:36+00:00\" \/>\n<meta property=\"og:image\" content=\"https:\/\/www.editorialjuventud.es\/wp-content\/uploads\/4386.jpg\" \/>\n\t<meta property=\"og:image:width\" content=\"414\" \/>\n\t<meta property=\"og:image:height\" content=\"450\" \/>\n\t<meta property=\"og:image:type\" content=\"image\/jpeg\" \/>\n<meta name=\"twitter:card\" content=\"summary_large_image\" \/>\n<meta name=\"twitter:label1\" content=\"Temps estimat de lectura\" \/>\n\t<meta name=\"twitter:data1\" content=\"1 minut\" \/>\n<script type=\"application\/ld+json\" class=\"yoast-schema-graph\">{\"@context\":\"https:\\\/\\\/schema.org\",\"@graph\":[{\"@type\":\"WebPage\",\"@id\":\"https:\\\/\\\/www.editorialjuventud.es\\\/la-mariquita-9788426143860\\\/\",\"url\":\"https:\\\/\\\/www.editorialjuventud.es\\\/la-mariquita-9788426143860\\\/\",\"name\":\"La mariquita - Editorial Juventud\",\"isPartOf\":{\"@id\":\"https:\\\/\\\/www.editorialjuventud.es\\\/#website\"},\"primaryImageOfPage\":{\"@id\":\"https:\\\/\\\/www.editorialjuventud.es\\\/la-mariquita-9788426143860\\\/#primaryimage\"},\"image\":{\"@id\":\"https:\\\/\\\/www.editorialjuventud.es\\\/la-mariquita-9788426143860\\\/#primaryimage\"},\"thumbnailUrl\":\"https:\\\/\\\/www.editorialjuventud.es\\\/wp-content\\\/uploads\\\/4386.jpg\",\"datePublished\":\"2018-08-24T10:07:24+00:00\",\"dateModified\":\"2021-10-22T12:28:36+00:00\",\"description\":\"Este \u00e1lbum inicia una serie documental que nos propone observar la naturaleza a partir de un elemento familiar en el universo de los ni\u00f1os. En esta\",\"breadcrumb\":{\"@id\":\"https:\\\/\\\/www.editorialjuventud.es\\\/la-mariquita-9788426143860\\\/#breadcrumb\"},\"inLanguage\":\"ca\",\"potentialAction\":[{\"@type\":\"ReadAction\",\"target\":[\"https:\\\/\\\/www.editorialjuventud.es\\\/la-mariquita-9788426143860\\\/\"]}]},{\"@type\":\"ImageObject\",\"inLanguage\":\"ca\",\"@id\":\"https:\\\/\\\/www.editorialjuventud.es\\\/la-mariquita-9788426143860\\\/#primaryimage\",\"url\":\"https:\\\/\\\/www.editorialjuventud.es\\\/wp-content\\\/uploads\\\/4386.jpg\",\"contentUrl\":\"https:\\\/\\\/www.editorialjuventud.es\\\/wp-content\\\/uploads\\\/4386.jpg\",\"width\":414,\"height\":450,\"caption\":\"4386.jpg\"},{\"@type\":\"BreadcrumbList\",\"@id\":\"https:\\\/\\\/www.editorialjuventud.es\\\/la-mariquita-9788426143860\\\/#breadcrumb\",\"itemListElement\":[{\"@type\":\"ListItem\",\"position\":1,\"name\":\"Portada\",\"item\":\"https:\\\/\\\/www.editorialjuventud.es\\\/\"},{\"@type\":\"ListItem\",\"position\":2,\"name\":\"cat\u00e1logo\",\"item\":\"https:\\\/\\\/www.editorialjuventud.es\\\/coleccion\\\/catalogo\\\/\"},{\"@type\":\"ListItem\",\"position\":3,\"name\":\"castellano\",\"item\":\"https:\\\/\\\/www.editorialjuventud.es\\\/coleccion\\\/castellano\\\/\"},{\"@type\":\"ListItem\",\"position\":4,\"name\":\"\u00c1lbumes Ilustrados\",\"item\":\"https:\\\/\\\/www.editorialjuventud.es\\\/coleccion\\\/albumes-ilustrados\\\/\"},{\"@type\":\"ListItem\",\"position\":5,\"name\":\"Conocer y Comprender\",\"item\":\"https:\\\/\\\/www.editorialjuventud.es\\\/coleccion\\\/conocer-y-comprender\\\/\"},{\"@type\":\"ListItem\",\"position\":6,\"name\":\"Maravillas de la Naturaleza\",\"item\":\"https:\\\/\\\/www.editorialjuventud.es\\\/coleccion\\\/maravillas-de-la-naturaleza\\\/\"},{\"@type\":\"ListItem\",\"position\":7,\"name\":\"La mariquita\"}]},{\"@type\":\"WebSite\",\"@id\":\"https:\\\/\\\/www.editorialjuventud.es\\\/#website\",\"url\":\"https:\\\/\\\/www.editorialjuventud.es\\\/\",\"name\":\"Editorial Juventud\",\"description\":\"\",\"potentialAction\":[{\"@type\":\"SearchAction\",\"target\":{\"@type\":\"EntryPoint\",\"urlTemplate\":\"https:\\\/\\\/www.editorialjuventud.es\\\/?s={search_term_string}\"},\"query-input\":{\"@type\":\"PropertyValueSpecification\",\"valueRequired\":true,\"valueName\":\"search_term_string\"}}],\"inLanguage\":\"ca\"}]}<\/script>\n<!-- \/ Yoast SEO plugin. -->","yoast_head_json":{"title":"La mariquita - Editorial Juventud","description":"Este \u00e1lbum inicia una serie documental que nos propone observar la naturaleza a partir de un elemento familiar en el universo de los ni\u00f1os. En esta","robots":{"index":"index","follow":"follow","max-snippet":"max-snippet:-1","max-image-preview":"max-image-preview:large","max-video-preview":"max-video-preview:-1"},"canonical":"https:\/\/www.editorialjuventud.es\/la-mariquita-9788426143860\/","og_locale":"ca_ES","og_type":"article","og_title":"La mariquita - Editorial Juventud","og_description":"Este \u00e1lbum inicia una serie documental que nos propone observar la naturaleza a partir de un elemento familiar en el universo de los ni\u00f1os. En esta","og_url":"https:\/\/www.editorialjuventud.es\/la-mariquita-9788426143860\/","og_site_name":"Editorial Juventud","article_modified_time":"2021-10-22T12:28:36+00:00","og_image":[{"width":414,"height":450,"url":"https:\/\/www.editorialjuventud.es\/wp-content\/uploads\/4386.jpg","type":"image\/jpeg"}],"twitter_card":"summary_large_image","twitter_misc":{"Temps estimat de lectura":"1 minut"},"schema":{"@context":"https:\/\/schema.org","@graph":[{"@type":"WebPage","@id":"https:\/\/www.editorialjuventud.es\/la-mariquita-9788426143860\/","url":"https:\/\/www.editorialjuventud.es\/la-mariquita-9788426143860\/","name":"La mariquita - Editorial Juventud","isPartOf":{"@id":"https:\/\/www.editorialjuventud.es\/#website"},"primaryImageOfPage":{"@id":"https:\/\/www.editorialjuventud.es\/la-mariquita-9788426143860\/#primaryimage"},"image":{"@id":"https:\/\/www.editorialjuventud.es\/la-mariquita-9788426143860\/#primaryimage"},"thumbnailUrl":"https:\/\/www.editorialjuventud.es\/wp-content\/uploads\/4386.jpg","datePublished":"2018-08-24T10:07:24+00:00","dateModified":"2021-10-22T12:28:36+00:00","description":"Este \u00e1lbum inicia una serie documental que nos propone observar la naturaleza a partir de un elemento familiar en el universo de los ni\u00f1os. En esta","breadcrumb":{"@id":"https:\/\/www.editorialjuventud.es\/la-mariquita-9788426143860\/#breadcrumb"},"inLanguage":"ca","potentialAction":[{"@type":"ReadAction","target":["https:\/\/www.editorialjuventud.es\/la-mariquita-9788426143860\/"]}]},{"@type":"ImageObject","inLanguage":"ca","@id":"https:\/\/www.editorialjuventud.es\/la-mariquita-9788426143860\/#primaryimage","url":"https:\/\/www.editorialjuventud.es\/wp-content\/uploads\/4386.jpg","contentUrl":"https:\/\/www.editorialjuventud.es\/wp-content\/uploads\/4386.jpg","width":414,"height":450,"caption":"4386.jpg"},{"@type":"BreadcrumbList","@id":"https:\/\/www.editorialjuventud.es\/la-mariquita-9788426143860\/#breadcrumb","itemListElement":[{"@type":"ListItem","position":1,"name":"Portada","item":"https:\/\/www.editorialjuventud.es\/"},{"@type":"ListItem","position":2,"name":"cat\u00e1logo","item":"https:\/\/www.editorialjuventud.es\/coleccion\/catalogo\/"},{"@type":"ListItem","position":3,"name":"castellano","item":"https:\/\/www.editorialjuventud.es\/coleccion\/castellano\/"},{"@type":"ListItem","position":4,"name":"\u00c1lbumes Ilustrados","item":"https:\/\/www.editorialjuventud.es\/coleccion\/albumes-ilustrados\/"},{"@type":"ListItem","position":5,"name":"Conocer y Comprender","item":"https:\/\/www.editorialjuventud.es\/coleccion\/conocer-y-comprender\/"},{"@type":"ListItem","position":6,"name":"Maravillas de la Naturaleza","item":"https:\/\/www.editorialjuventud.es\/coleccion\/maravillas-de-la-naturaleza\/"},{"@type":"ListItem","position":7,"name":"La mariquita"}]},{"@type":"WebSite","@id":"https:\/\/www.editorialjuventud.es\/#website","url":"https:\/\/www.editorialjuventud.es\/","name":"Editorial Juventud","description":"","potentialAction":[{"@type":"SearchAction","target":{"@type":"EntryPoint","urlTemplate":"https:\/\/www.editorialjuventud.es\/?s={search_term_string}"},"query-input":{"@type":"PropertyValueSpecification","valueRequired":true,"valueName":"search_term_string"}}],"inLanguage":"ca"}]}},"_links":{"self":[{"href":"https:\/\/www.editorialjuventud.es\/ca\/wp-json\/wp\/v2\/product\/6228","targetHints":{"allow":["GET"]}}],"collection":[{"href":"https:\/\/www.editorialjuventud.es\/ca\/wp-json\/wp\/v2\/product"}],"about":[{"href":"https:\/\/www.editorialjuventud.es\/ca\/wp-json\/wp\/v2\/types\/product"}],"wp:featuredmedia":[{"embeddable":true,"href":"https:\/\/www.editorialjuventud.es\/ca\/wp-json\/wp\/v2\/media\/17142"}],"wp:attachment":[{"href":"https:\/\/www.editorialjuventud.es\/ca\/wp-json\/wp\/v2\/media?parent=6228"}],"wp:term":[{"taxonomy":"product_brand","embeddable":true,"href":"https:\/\/www.editorialjuventud.es\/ca\/wp-json\/wp\/v2\/product_brand?post=6228"},{"taxonomy":"product_cat","embeddable":true,"href":"https:\/\/www.editorialjuventud.es\/ca\/wp-json\/wp\/v2\/product_cat?post=6228"},{"taxonomy":"product_tag","embeddable":true,"href":"https:\/\/www.editorialjuventud.es\/ca\/wp-json\/wp\/v2\/product_tag?post=6228"},{"taxonomy":"coleccion","embeddable":true,"href":"https:\/\/www.editorialjuventud.es\/ca\/wp-json\/wp\/v2\/coleccion?post=6228"}],"curies":[{"name":"wp","href":"https:\/\/api.w.org\/{rel}","templated":true}]}}