{"id":6220,"date":"2018-08-24T14:06:52","date_gmt":"2018-08-24T10:06:52","guid":{"rendered":"http:\/\/www.editorialjuventud.es\/jugant\/"},"modified":"2024-09-01T19:01:36","modified_gmt":"2024-09-01T17:01:36","slug":"juguem-a-fet-i-amagar-9788426143761","status":"publish","type":"product","link":"https:\/\/www.editorialjuventud.es\/ca\/juguem-a-fet-i-amagar-9788426143761\/","title":{"rendered":"Juguem a fet i amagar"},"content":{"rendered":"<p>En aquest llibre l\u0092infant pot recon\u00e8ixer moltes de les joguines i dels objectes que li s\u00f3n familiars: els cubs de colors, el cotxet, una cassola, una capsa de cartr\u00f3, un llibre, un osset i la pilota. El petit comen\u00e7a a diferenciar-se de la resta del m\u00f3n, veient primer una imatge d\u0092aquests objectes per separat, i despr\u00e9s una imatge del beb\u00e8 amb ells.<\/p>\n","protected":false},"excerpt":{"rendered":"En aquest llibre l\u0092infant pot recon\u00e8ixer moltes de les joguines i dels objectes que li s\u00f3n familiars: els cubs de colors, el cotxet, una cassola, una capsa de cartr\u00f3, un llibre, un osset i la pilota. El petit comen\u00e7a a [&hellip;]","protected":false},"featured_media":17132,"template":"","meta":{"_acf_changed":false,"_exactmetrics_skip_tracking":false,"_exactmetrics_sitenote_active":false,"_exactmetrics_sitenote_note":"","_exactmetrics_sitenote_category":0},"product_brand":[],"product_cat":[898,1136,907,892,1115,1122,1211,1128],"product_tag":[],"coleccion":[915,963,920],"class_list":{"0":"post-6220","1":"product","2":"type-product","3":"status-publish","4":"has-post-thumbnail","6":"product_cat-a-partir-de-2-anos","7":"product_cat-amistad","8":"product_cat-de-0-a-2-anos","9":"product_cat-edades","10":"product_cat-generos","11":"product_cat-libros-de-carton","12":"product_cat-poesia-rimas","13":"product_cat-tematica","14":"coleccion-catala","15":"coleccion-contes-del-bosc-de-la-gla","16":"coleccion-els-meus-primers-llibres","18":"first","19":"instock","20":"taxable","21":"shipping-taxable","22":"purchasable","23":"product-type-simple"},"acf":{"autor":"Donaldson, Julia","codart":"4376","ediciones":"1","encuadernacion":"POP UPS","fecha_de_publicacion":"01\/01\/2017","novedad":"0","paginas":"14","subtitulo":"","texto_web_adicional":"","texto_web_novedad":"","orden":"999","portada":"0","texto_web_resaltado":"","indice":"","autores-libros":[16329],"ilustradores-libros":[18092],"traductores-libros":"","descripcion_corta":"","recomendamos":"","mas_vendido":"","idioma-libro":"","color":false,"formato":"","mas_informacion_del_producto":false,"premios":false,"texto_enlace_cubierta":"","enlace_cubierta":{"ID":24369,"id":24369,"title":"Exterior Hide and Seek Pig v4.indd","filename":"cover-Juguem-a-fet-i-amagar.jpg","filesize":369109,"url":"https:\/\/www.editorialjuventud.es\/wp-content\/uploads\/cover-Juguem-a-fet-i-amagar.jpg","link":"https:\/\/www.editorialjuventud.es\/ca\/?attachment_id=24369","alt":"","author":"47","description":"","caption":"","name":"exterior-hide-and-seek-pig-v4-indd-2","status":"inherit","uploaded_to":6220,"date":"2019-04-16 10:35:05","modified":"2019-04-16 10:35:05","menu_order":0,"mime_type":"image\/jpeg","type":"image","subtype":"jpeg","icon":"https:\/\/www.editorialjuventud.es\/wp-includes\/images\/media\/default.png","width":2362,"height":1919,"sizes":{"thumbnail":"https:\/\/www.editorialjuventud.es\/wp-content\/uploads\/cover-Juguem-a-fet-i-amagar-200x200.jpg","thumbnail-width":200,"thumbnail-height":200,"medium":"https:\/\/www.editorialjuventud.es\/wp-content\/uploads\/cover-Juguem-a-fet-i-amagar.jpg","medium-width":2362,"medium-height":1919,"medium_large":"https:\/\/www.editorialjuventud.es\/wp-content\/uploads\/cover-Juguem-a-fet-i-amagar-768x624.jpg","medium_large-width":768,"medium_large-height":624,"large":"https:\/\/www.editorialjuventud.es\/wp-content\/uploads\/cover-Juguem-a-fet-i-amagar.jpg","large-width":2362,"large-height":1919,"1536x1536":"https:\/\/www.editorialjuventud.es\/wp-content\/uploads\/cover-Juguem-a-fet-i-amagar.jpg","1536x1536-width":1536,"1536x1536-height":1248,"2048x2048":"https:\/\/www.editorialjuventud.es\/wp-content\/uploads\/cover-Juguem-a-fet-i-amagar.jpg","2048x2048-width":2048,"2048x2048-height":1664,"woocommerce_thumbnail":"https:\/\/www.editorialjuventud.es\/wp-content\/uploads\/cover-Juguem-a-fet-i-amagar-350x284.jpg","woocommerce_thumbnail-width":350,"woocommerce_thumbnail-height":284,"woocommerce_single":"https:\/\/www.editorialjuventud.es\/wp-content\/uploads\/cover-Juguem-a-fet-i-amagar-900x731.jpg","woocommerce_single-width":900,"woocommerce_single-height":731,"woocommerce_gallery_thumbnail":"https:\/\/www.editorialjuventud.es\/wp-content\/uploads\/cover-Juguem-a-fet-i-amagar-100x100.jpg","woocommerce_gallery_thumbnail-width":100,"woocommerce_gallery_thumbnail-height":100,"ppec_logo_image_size":"https:\/\/www.editorialjuventud.es\/wp-content\/uploads\/cover-Juguem-a-fet-i-amagar.jpg","ppec_logo_image_size-width":74,"ppec_logo_image_size-height":60,"ppec_header_image_size":"https:\/\/www.editorialjuventud.es\/wp-content\/uploads\/cover-Juguem-a-fet-i-amagar.jpg","ppec_header_image_size-width":111,"ppec_header_image_size-height":90}},"texto_enlace_ficha_tecnica":"","enlace_ficha_tecnica":false,"ficheros":false,"titulo-fr":"","texto-fr":"","fecha_de_reimpresion":"","deshabilitar_compra":["deshabilitar"]},"yoast_head":"<!-- This site is optimized with the Yoast SEO plugin v27.5 - https:\/\/yoast.com\/product\/yoast-seo-wordpress\/ -->\n<title>Juguem a fet i amagar - Editorial Juventud<\/title>\n<meta name=\"description\" content=\"En aquest llibre l\u0092infant pot recon\u00e8ixer moltes de les joguines i dels objectes que li s\u00f3n familiars: els cubs de colors, el cotxet, una cassola, una\" \/>\n<meta name=\"robots\" content=\"index, follow, max-snippet:-1, max-image-preview:large, max-video-preview:-1\" \/>\n<link rel=\"canonical\" href=\"https:\/\/www.editorialjuventud.es\/juguem-a-fet-i-amagar-9788426143761\/\" \/>\n<meta property=\"og:locale\" content=\"ca_ES\" \/>\n<meta property=\"og:type\" content=\"article\" \/>\n<meta property=\"og:title\" content=\"Juguem a fet i amagar - Editorial Juventud\" \/>\n<meta property=\"og:description\" content=\"En aquest llibre l\u0092infant pot recon\u00e8ixer moltes de les joguines i dels objectes que li s\u00f3n familiars: els cubs de colors, el cotxet, una cassola, una\" \/>\n<meta property=\"og:url\" content=\"https:\/\/www.editorialjuventud.es\/juguem-a-fet-i-amagar-9788426143761\/\" \/>\n<meta property=\"og:site_name\" content=\"Editorial Juventud\" \/>\n<meta property=\"article:modified_time\" content=\"2024-09-01T17:01:36+00:00\" \/>\n<meta property=\"og:image\" content=\"https:\/\/www.editorialjuventud.es\/wp-content\/uploads\/4376.jpg\" \/>\n\t<meta property=\"og:image:width\" content=\"554\" \/>\n\t<meta property=\"og:image:height\" content=\"450\" \/>\n\t<meta property=\"og:image:type\" content=\"image\/jpeg\" \/>\n<meta name=\"twitter:card\" content=\"summary_large_image\" \/>\n<script type=\"application\/ld+json\" class=\"yoast-schema-graph\">{\"@context\":\"https:\\\/\\\/schema.org\",\"@graph\":[{\"@type\":\"WebPage\",\"@id\":\"https:\\\/\\\/www.editorialjuventud.es\\\/juguem-a-fet-i-amagar-9788426143761\\\/\",\"url\":\"https:\\\/\\\/www.editorialjuventud.es\\\/juguem-a-fet-i-amagar-9788426143761\\\/\",\"name\":\"Juguem a fet i amagar - Editorial Juventud\",\"isPartOf\":{\"@id\":\"https:\\\/\\\/www.editorialjuventud.es\\\/#website\"},\"primaryImageOfPage\":{\"@id\":\"https:\\\/\\\/www.editorialjuventud.es\\\/juguem-a-fet-i-amagar-9788426143761\\\/#primaryimage\"},\"image\":{\"@id\":\"https:\\\/\\\/www.editorialjuventud.es\\\/juguem-a-fet-i-amagar-9788426143761\\\/#primaryimage\"},\"thumbnailUrl\":\"https:\\\/\\\/www.editorialjuventud.es\\\/wp-content\\\/uploads\\\/4376.jpg\",\"datePublished\":\"2018-08-24T10:06:52+00:00\",\"dateModified\":\"2024-09-01T17:01:36+00:00\",\"description\":\"En aquest llibre l\u0092infant pot recon\u00e8ixer moltes de les joguines i dels objectes que li s\u00f3n familiars: els cubs de colors, el cotxet, una cassola, una\",\"breadcrumb\":{\"@id\":\"https:\\\/\\\/www.editorialjuventud.es\\\/juguem-a-fet-i-amagar-9788426143761\\\/#breadcrumb\"},\"inLanguage\":\"ca\",\"potentialAction\":[{\"@type\":\"ReadAction\",\"target\":[\"https:\\\/\\\/www.editorialjuventud.es\\\/juguem-a-fet-i-amagar-9788426143761\\\/\"]}]},{\"@type\":\"ImageObject\",\"inLanguage\":\"ca\",\"@id\":\"https:\\\/\\\/www.editorialjuventud.es\\\/juguem-a-fet-i-amagar-9788426143761\\\/#primaryimage\",\"url\":\"https:\\\/\\\/www.editorialjuventud.es\\\/wp-content\\\/uploads\\\/4376.jpg\",\"contentUrl\":\"https:\\\/\\\/www.editorialjuventud.es\\\/wp-content\\\/uploads\\\/4376.jpg\",\"width\":554,\"height\":450,\"caption\":\"4376.jpg\"},{\"@type\":\"BreadcrumbList\",\"@id\":\"https:\\\/\\\/www.editorialjuventud.es\\\/juguem-a-fet-i-amagar-9788426143761\\\/#breadcrumb\",\"itemListElement\":[{\"@type\":\"ListItem\",\"position\":1,\"name\":\"Portada\",\"item\":\"https:\\\/\\\/www.editorialjuventud.es\\\/\"},{\"@type\":\"ListItem\",\"position\":2,\"name\":\"cat\u00e1logo\",\"item\":\"https:\\\/\\\/www.editorialjuventud.es\\\/coleccion\\\/catalogo\\\/\"},{\"@type\":\"ListItem\",\"position\":3,\"name\":\"catal\u00e0\",\"item\":\"https:\\\/\\\/www.editorialjuventud.es\\\/coleccion\\\/catala\\\/\"},{\"@type\":\"ListItem\",\"position\":4,\"name\":\"Els Meus Primers Llibres\",\"item\":\"https:\\\/\\\/www.editorialjuventud.es\\\/ca\\\/coleccion\\\/els-meus-primers-llibres\\\/\"},{\"@type\":\"ListItem\",\"position\":5,\"name\":\"Contes del Bosc de la Gla\",\"item\":\"https:\\\/\\\/www.editorialjuventud.es\\\/ca\\\/coleccion\\\/contes-del-bosc-de-la-gla\\\/\"},{\"@type\":\"ListItem\",\"position\":6,\"name\":\"Juguem a fet i amagar\"}]},{\"@type\":\"WebSite\",\"@id\":\"https:\\\/\\\/www.editorialjuventud.es\\\/#website\",\"url\":\"https:\\\/\\\/www.editorialjuventud.es\\\/\",\"name\":\"Editorial Juventud\",\"description\":\"\",\"potentialAction\":[{\"@type\":\"SearchAction\",\"target\":{\"@type\":\"EntryPoint\",\"urlTemplate\":\"https:\\\/\\\/www.editorialjuventud.es\\\/?s={search_term_string}\"},\"query-input\":{\"@type\":\"PropertyValueSpecification\",\"valueRequired\":true,\"valueName\":\"search_term_string\"}}],\"inLanguage\":\"ca\"}]}<\/script>\n<!-- \/ Yoast SEO plugin. -->","yoast_head_json":{"title":"Juguem a fet i amagar - Editorial Juventud","description":"En aquest llibre l\u0092infant pot recon\u00e8ixer moltes de les joguines i dels objectes que li s\u00f3n familiars: els cubs de colors, el cotxet, una cassola, una","robots":{"index":"index","follow":"follow","max-snippet":"max-snippet:-1","max-image-preview":"max-image-preview:large","max-video-preview":"max-video-preview:-1"},"canonical":"https:\/\/www.editorialjuventud.es\/juguem-a-fet-i-amagar-9788426143761\/","og_locale":"ca_ES","og_type":"article","og_title":"Juguem a fet i amagar - Editorial Juventud","og_description":"En aquest llibre l\u0092infant pot recon\u00e8ixer moltes de les joguines i dels objectes que li s\u00f3n familiars: els cubs de colors, el cotxet, una cassola, una","og_url":"https:\/\/www.editorialjuventud.es\/juguem-a-fet-i-amagar-9788426143761\/","og_site_name":"Editorial Juventud","article_modified_time":"2024-09-01T17:01:36+00:00","og_image":[{"width":554,"height":450,"url":"https:\/\/www.editorialjuventud.es\/wp-content\/uploads\/4376.jpg","type":"image\/jpeg"}],"twitter_card":"summary_large_image","schema":{"@context":"https:\/\/schema.org","@graph":[{"@type":"WebPage","@id":"https:\/\/www.editorialjuventud.es\/juguem-a-fet-i-amagar-9788426143761\/","url":"https:\/\/www.editorialjuventud.es\/juguem-a-fet-i-amagar-9788426143761\/","name":"Juguem a fet i amagar - Editorial Juventud","isPartOf":{"@id":"https:\/\/www.editorialjuventud.es\/#website"},"primaryImageOfPage":{"@id":"https:\/\/www.editorialjuventud.es\/juguem-a-fet-i-amagar-9788426143761\/#primaryimage"},"image":{"@id":"https:\/\/www.editorialjuventud.es\/juguem-a-fet-i-amagar-9788426143761\/#primaryimage"},"thumbnailUrl":"https:\/\/www.editorialjuventud.es\/wp-content\/uploads\/4376.jpg","datePublished":"2018-08-24T10:06:52+00:00","dateModified":"2024-09-01T17:01:36+00:00","description":"En aquest llibre l\u0092infant pot recon\u00e8ixer moltes de les joguines i dels objectes que li s\u00f3n familiars: els cubs de colors, el cotxet, una cassola, una","breadcrumb":{"@id":"https:\/\/www.editorialjuventud.es\/juguem-a-fet-i-amagar-9788426143761\/#breadcrumb"},"inLanguage":"ca","potentialAction":[{"@type":"ReadAction","target":["https:\/\/www.editorialjuventud.es\/juguem-a-fet-i-amagar-9788426143761\/"]}]},{"@type":"ImageObject","inLanguage":"ca","@id":"https:\/\/www.editorialjuventud.es\/juguem-a-fet-i-amagar-9788426143761\/#primaryimage","url":"https:\/\/www.editorialjuventud.es\/wp-content\/uploads\/4376.jpg","contentUrl":"https:\/\/www.editorialjuventud.es\/wp-content\/uploads\/4376.jpg","width":554,"height":450,"caption":"4376.jpg"},{"@type":"BreadcrumbList","@id":"https:\/\/www.editorialjuventud.es\/juguem-a-fet-i-amagar-9788426143761\/#breadcrumb","itemListElement":[{"@type":"ListItem","position":1,"name":"Portada","item":"https:\/\/www.editorialjuventud.es\/"},{"@type":"ListItem","position":2,"name":"cat\u00e1logo","item":"https:\/\/www.editorialjuventud.es\/coleccion\/catalogo\/"},{"@type":"ListItem","position":3,"name":"catal\u00e0","item":"https:\/\/www.editorialjuventud.es\/coleccion\/catala\/"},{"@type":"ListItem","position":4,"name":"Els Meus Primers Llibres","item":"https:\/\/www.editorialjuventud.es\/ca\/coleccion\/els-meus-primers-llibres\/"},{"@type":"ListItem","position":5,"name":"Contes del Bosc de la Gla","item":"https:\/\/www.editorialjuventud.es\/ca\/coleccion\/contes-del-bosc-de-la-gla\/"},{"@type":"ListItem","position":6,"name":"Juguem a fet i amagar"}]},{"@type":"WebSite","@id":"https:\/\/www.editorialjuventud.es\/#website","url":"https:\/\/www.editorialjuventud.es\/","name":"Editorial Juventud","description":"","potentialAction":[{"@type":"SearchAction","target":{"@type":"EntryPoint","urlTemplate":"https:\/\/www.editorialjuventud.es\/?s={search_term_string}"},"query-input":{"@type":"PropertyValueSpecification","valueRequired":true,"valueName":"search_term_string"}}],"inLanguage":"ca"}]}},"_links":{"self":[{"href":"https:\/\/www.editorialjuventud.es\/ca\/wp-json\/wp\/v2\/product\/6220","targetHints":{"allow":["GET"]}}],"collection":[{"href":"https:\/\/www.editorialjuventud.es\/ca\/wp-json\/wp\/v2\/product"}],"about":[{"href":"https:\/\/www.editorialjuventud.es\/ca\/wp-json\/wp\/v2\/types\/product"}],"wp:featuredmedia":[{"embeddable":true,"href":"https:\/\/www.editorialjuventud.es\/ca\/wp-json\/wp\/v2\/media\/17132"}],"wp:attachment":[{"href":"https:\/\/www.editorialjuventud.es\/ca\/wp-json\/wp\/v2\/media?parent=6220"}],"wp:term":[{"taxonomy":"product_brand","embeddable":true,"href":"https:\/\/www.editorialjuventud.es\/ca\/wp-json\/wp\/v2\/product_brand?post=6220"},{"taxonomy":"product_cat","embeddable":true,"href":"https:\/\/www.editorialjuventud.es\/ca\/wp-json\/wp\/v2\/product_cat?post=6220"},{"taxonomy":"product_tag","embeddable":true,"href":"https:\/\/www.editorialjuventud.es\/ca\/wp-json\/wp\/v2\/product_tag?post=6220"},{"taxonomy":"coleccion","embeddable":true,"href":"https:\/\/www.editorialjuventud.es\/ca\/wp-json\/wp\/v2\/coleccion?post=6220"}],"curies":[{"name":"wp","href":"https:\/\/api.w.org\/{rel}","templated":true}]}}