{"id":6214,"date":"2018-08-24T12:06:29","date_gmt":"2018-08-24T10:06:29","guid":{"rendered":"http:\/\/www.editorialjuventud.es\/el-llop-fa-vaga\/"},"modified":"2025-01-22T13:06:04","modified_gmt":"2025-01-22T12:06:04","slug":"el-llop-fa-vaga-9788426143709","status":"publish","type":"product","link":"https:\/\/www.editorialjuventud.es\/ca\/el-llop-fa-vaga-9788426143709\/","title":{"rendered":"El llop fa vaga"},"content":{"rendered":"<p>El llop ha desaparegut de tots els contes! Com pot ser? Qu\u00e8 est\u00e0 passant? Els tres porquets, la Caputxeta Vermella i la cabra del senyor Seguin convoquen una assemblea per buscar una soluci\u00f3. El llop ha decidit fer vaga perqu\u00e8 est\u00e0 cansat de fer sempre de dolent. <br \/>Tots els personatges dels contes tracten de conv\u00e8ncer- l o perqu\u00e8 torni: els contes el necessiten perqu\u00e8 les seves hist\u00f2ries tinguin sentit i, sobretot, e ls nens volen que sigui ell qui els espanti ! <br \/>Un \u00e0lbum que capgira les regles del joc dels contes tradicionals.<\/p>\n","protected":false},"excerpt":{"rendered":"El llop ha desaparegut de tots els contes! Com pot ser? Qu\u00e8 est\u00e0 passant? Els tres porquets, la Caputxeta Vermella i la cabra del senyor Seguin convoquen una assemblea per buscar una soluci\u00f3. El llop ha decidit fer vaga perqu\u00e8 [&hellip;]","protected":false},"featured_media":17122,"template":"","meta":{"_acf_changed":false,"_exactmetrics_skip_tracking":false,"_exactmetrics_sitenote_active":false,"_exactmetrics_sitenote_note":"","_exactmetrics_sitenote_category":0},"product_brand":[],"product_cat":[900,1121,1158,1184,1290,1128],"product_tag":[],"coleccion":[953],"class_list":{"0":"post-6214","1":"product","2":"type-product","3":"status-publish","4":"has-post-thumbnail","6":"product_cat-a-partir-de-5-anos","7":"product_cat-albumes-ilustrados","8":"product_cat-critica-social","9":"product_cat-humor","10":"product_cat-lobo","11":"product_cat-tematica","12":"coleccion-larca-dels-contes","14":"first","15":"outofstock","16":"taxable","17":"shipping-taxable","18":"purchasable","19":"product-type-simple"},"acf":{"autor":"Pernaudet, Christophe","codart":"4370","ediciones":"2","encuadernacion":"Carton\u00e9","fecha_de_publicacion":"01\/07\/2016","novedad":"0","paginas":"32","subtitulo":"","texto_web_adicional":"","texto_web_novedad":"","orden":"999","portada":"0","texto_web_resaltado":"","indice":"","autores-libros":[16546],"ilustradores-libros":[17464],"traductores-libros":[18265],"descripcion_corta":"","recomendamos":"","mas_vendido":"","idioma-libro":"","color":false,"formato":"","mas_informacion_del_producto":false,"premios":false,"texto_enlace_cubierta":"","enlace_cubierta":false,"texto_enlace_ficha_tecnica":"","enlace_ficha_tecnica":false,"ficheros":false,"titulo-fr":"","texto-fr":""},"yoast_head":"<!-- This site is optimized with the Yoast SEO plugin v27.3 - https:\/\/yoast.com\/product\/yoast-seo-wordpress\/ -->\n<title>El llop fa vaga - Editorial Juventud<\/title>\n<meta name=\"description\" content=\"El llop ha desaparegut de tots els contes! Com pot ser? Qu\u00e8 est\u00e0 passant? Els tres porquets, la Caputxeta Vermella i la cabra del senyor Seguin convoquen\" \/>\n<meta name=\"robots\" content=\"index, follow, max-snippet:-1, max-image-preview:large, max-video-preview:-1\" \/>\n<link rel=\"canonical\" href=\"https:\/\/www.editorialjuventud.es\/el-llop-fa-vaga-9788426143709\/\" \/>\n<meta property=\"og:locale\" content=\"ca_ES\" \/>\n<meta property=\"og:type\" content=\"article\" \/>\n<meta property=\"og:title\" content=\"El llop fa vaga - Editorial Juventud\" \/>\n<meta property=\"og:description\" content=\"El llop ha desaparegut de tots els contes! Com pot ser? Qu\u00e8 est\u00e0 passant? Els tres porquets, la Caputxeta Vermella i la cabra del senyor Seguin convoquen\" \/>\n<meta property=\"og:url\" content=\"https:\/\/www.editorialjuventud.es\/el-llop-fa-vaga-9788426143709\/\" \/>\n<meta property=\"og:site_name\" content=\"Editorial Juventud\" \/>\n<meta property=\"article:modified_time\" content=\"2025-01-22T12:06:04+00:00\" \/>\n<meta property=\"og:image\" content=\"https:\/\/www.editorialjuventud.es\/wp-content\/uploads\/4370.jpg\" \/>\n\t<meta property=\"og:image:width\" content=\"460\" \/>\n\t<meta property=\"og:image:height\" content=\"450\" \/>\n\t<meta property=\"og:image:type\" content=\"image\/jpeg\" \/>\n<meta name=\"twitter:card\" content=\"summary_large_image\" \/>\n<script type=\"application\/ld+json\" class=\"yoast-schema-graph\">{\"@context\":\"https:\\\/\\\/schema.org\",\"@graph\":[{\"@type\":\"WebPage\",\"@id\":\"https:\\\/\\\/www.editorialjuventud.es\\\/el-llop-fa-vaga-9788426143709\\\/\",\"url\":\"https:\\\/\\\/www.editorialjuventud.es\\\/el-llop-fa-vaga-9788426143709\\\/\",\"name\":\"El llop fa vaga - Editorial Juventud\",\"isPartOf\":{\"@id\":\"https:\\\/\\\/www.editorialjuventud.es\\\/#website\"},\"primaryImageOfPage\":{\"@id\":\"https:\\\/\\\/www.editorialjuventud.es\\\/el-llop-fa-vaga-9788426143709\\\/#primaryimage\"},\"image\":{\"@id\":\"https:\\\/\\\/www.editorialjuventud.es\\\/el-llop-fa-vaga-9788426143709\\\/#primaryimage\"},\"thumbnailUrl\":\"https:\\\/\\\/www.editorialjuventud.es\\\/wp-content\\\/uploads\\\/4370.jpg\",\"datePublished\":\"2018-08-24T10:06:29+00:00\",\"dateModified\":\"2025-01-22T12:06:04+00:00\",\"description\":\"El llop ha desaparegut de tots els contes! Com pot ser? Qu\u00e8 est\u00e0 passant? Els tres porquets, la Caputxeta Vermella i la cabra del senyor Seguin convoquen\",\"breadcrumb\":{\"@id\":\"https:\\\/\\\/www.editorialjuventud.es\\\/el-llop-fa-vaga-9788426143709\\\/#breadcrumb\"},\"inLanguage\":\"ca\",\"potentialAction\":[{\"@type\":\"ReadAction\",\"target\":[\"https:\\\/\\\/www.editorialjuventud.es\\\/el-llop-fa-vaga-9788426143709\\\/\"]}]},{\"@type\":\"ImageObject\",\"inLanguage\":\"ca\",\"@id\":\"https:\\\/\\\/www.editorialjuventud.es\\\/el-llop-fa-vaga-9788426143709\\\/#primaryimage\",\"url\":\"https:\\\/\\\/www.editorialjuventud.es\\\/wp-content\\\/uploads\\\/4370.jpg\",\"contentUrl\":\"https:\\\/\\\/www.editorialjuventud.es\\\/wp-content\\\/uploads\\\/4370.jpg\",\"width\":460,\"height\":450,\"caption\":\"4370.jpg\"},{\"@type\":\"BreadcrumbList\",\"@id\":\"https:\\\/\\\/www.editorialjuventud.es\\\/el-llop-fa-vaga-9788426143709\\\/#breadcrumb\",\"itemListElement\":[{\"@type\":\"ListItem\",\"position\":1,\"name\":\"Portada\",\"item\":\"https:\\\/\\\/www.editorialjuventud.es\\\/\"},{\"@type\":\"ListItem\",\"position\":2,\"name\":\"cat\u00e1logo\",\"item\":\"https:\\\/\\\/www.editorialjuventud.es\\\/coleccion\\\/catalogo\\\/\"},{\"@type\":\"ListItem\",\"position\":3,\"name\":\"catal\u00e0\",\"item\":\"https:\\\/\\\/www.editorialjuventud.es\\\/coleccion\\\/catala\\\/\"},{\"@type\":\"ListItem\",\"position\":4,\"name\":\"\u00c0lbums Il\u00b7lustrats\",\"item\":\"https:\\\/\\\/www.editorialjuventud.es\\\/coleccion\\\/albums-il%c2%b7lustrats\\\/\"},{\"@type\":\"ListItem\",\"position\":5,\"name\":\"L'Arca dels Contes\",\"item\":\"https:\\\/\\\/www.editorialjuventud.es\\\/coleccion\\\/larca-dels-contes\\\/\"},{\"@type\":\"ListItem\",\"position\":6,\"name\":\"El llop fa vaga\"}]},{\"@type\":\"WebSite\",\"@id\":\"https:\\\/\\\/www.editorialjuventud.es\\\/#website\",\"url\":\"https:\\\/\\\/www.editorialjuventud.es\\\/\",\"name\":\"Editorial Juventud\",\"description\":\"\",\"potentialAction\":[{\"@type\":\"SearchAction\",\"target\":{\"@type\":\"EntryPoint\",\"urlTemplate\":\"https:\\\/\\\/www.editorialjuventud.es\\\/?s={search_term_string}\"},\"query-input\":{\"@type\":\"PropertyValueSpecification\",\"valueRequired\":true,\"valueName\":\"search_term_string\"}}],\"inLanguage\":\"ca\"}]}<\/script>\n<!-- \/ Yoast SEO plugin. -->","yoast_head_json":{"title":"El llop fa vaga - Editorial Juventud","description":"El llop ha desaparegut de tots els contes! Com pot ser? Qu\u00e8 est\u00e0 passant? Els tres porquets, la Caputxeta Vermella i la cabra del senyor Seguin convoquen","robots":{"index":"index","follow":"follow","max-snippet":"max-snippet:-1","max-image-preview":"max-image-preview:large","max-video-preview":"max-video-preview:-1"},"canonical":"https:\/\/www.editorialjuventud.es\/el-llop-fa-vaga-9788426143709\/","og_locale":"ca_ES","og_type":"article","og_title":"El llop fa vaga - Editorial Juventud","og_description":"El llop ha desaparegut de tots els contes! Com pot ser? Qu\u00e8 est\u00e0 passant? Els tres porquets, la Caputxeta Vermella i la cabra del senyor Seguin convoquen","og_url":"https:\/\/www.editorialjuventud.es\/el-llop-fa-vaga-9788426143709\/","og_site_name":"Editorial Juventud","article_modified_time":"2025-01-22T12:06:04+00:00","og_image":[{"width":460,"height":450,"url":"https:\/\/www.editorialjuventud.es\/wp-content\/uploads\/4370.jpg","type":"image\/jpeg"}],"twitter_card":"summary_large_image","schema":{"@context":"https:\/\/schema.org","@graph":[{"@type":"WebPage","@id":"https:\/\/www.editorialjuventud.es\/el-llop-fa-vaga-9788426143709\/","url":"https:\/\/www.editorialjuventud.es\/el-llop-fa-vaga-9788426143709\/","name":"El llop fa vaga - Editorial Juventud","isPartOf":{"@id":"https:\/\/www.editorialjuventud.es\/#website"},"primaryImageOfPage":{"@id":"https:\/\/www.editorialjuventud.es\/el-llop-fa-vaga-9788426143709\/#primaryimage"},"image":{"@id":"https:\/\/www.editorialjuventud.es\/el-llop-fa-vaga-9788426143709\/#primaryimage"},"thumbnailUrl":"https:\/\/www.editorialjuventud.es\/wp-content\/uploads\/4370.jpg","datePublished":"2018-08-24T10:06:29+00:00","dateModified":"2025-01-22T12:06:04+00:00","description":"El llop ha desaparegut de tots els contes! Com pot ser? Qu\u00e8 est\u00e0 passant? Els tres porquets, la Caputxeta Vermella i la cabra del senyor Seguin convoquen","breadcrumb":{"@id":"https:\/\/www.editorialjuventud.es\/el-llop-fa-vaga-9788426143709\/#breadcrumb"},"inLanguage":"ca","potentialAction":[{"@type":"ReadAction","target":["https:\/\/www.editorialjuventud.es\/el-llop-fa-vaga-9788426143709\/"]}]},{"@type":"ImageObject","inLanguage":"ca","@id":"https:\/\/www.editorialjuventud.es\/el-llop-fa-vaga-9788426143709\/#primaryimage","url":"https:\/\/www.editorialjuventud.es\/wp-content\/uploads\/4370.jpg","contentUrl":"https:\/\/www.editorialjuventud.es\/wp-content\/uploads\/4370.jpg","width":460,"height":450,"caption":"4370.jpg"},{"@type":"BreadcrumbList","@id":"https:\/\/www.editorialjuventud.es\/el-llop-fa-vaga-9788426143709\/#breadcrumb","itemListElement":[{"@type":"ListItem","position":1,"name":"Portada","item":"https:\/\/www.editorialjuventud.es\/"},{"@type":"ListItem","position":2,"name":"cat\u00e1logo","item":"https:\/\/www.editorialjuventud.es\/coleccion\/catalogo\/"},{"@type":"ListItem","position":3,"name":"catal\u00e0","item":"https:\/\/www.editorialjuventud.es\/coleccion\/catala\/"},{"@type":"ListItem","position":4,"name":"\u00c0lbums Il\u00b7lustrats","item":"https:\/\/www.editorialjuventud.es\/coleccion\/albums-il%c2%b7lustrats\/"},{"@type":"ListItem","position":5,"name":"L'Arca dels Contes","item":"https:\/\/www.editorialjuventud.es\/coleccion\/larca-dels-contes\/"},{"@type":"ListItem","position":6,"name":"El llop fa vaga"}]},{"@type":"WebSite","@id":"https:\/\/www.editorialjuventud.es\/#website","url":"https:\/\/www.editorialjuventud.es\/","name":"Editorial Juventud","description":"","potentialAction":[{"@type":"SearchAction","target":{"@type":"EntryPoint","urlTemplate":"https:\/\/www.editorialjuventud.es\/?s={search_term_string}"},"query-input":{"@type":"PropertyValueSpecification","valueRequired":true,"valueName":"search_term_string"}}],"inLanguage":"ca"}]}},"_links":{"self":[{"href":"https:\/\/www.editorialjuventud.es\/ca\/wp-json\/wp\/v2\/product\/6214","targetHints":{"allow":["GET"]}}],"collection":[{"href":"https:\/\/www.editorialjuventud.es\/ca\/wp-json\/wp\/v2\/product"}],"about":[{"href":"https:\/\/www.editorialjuventud.es\/ca\/wp-json\/wp\/v2\/types\/product"}],"wp:featuredmedia":[{"embeddable":true,"href":"https:\/\/www.editorialjuventud.es\/ca\/wp-json\/wp\/v2\/media\/17122"}],"wp:attachment":[{"href":"https:\/\/www.editorialjuventud.es\/ca\/wp-json\/wp\/v2\/media?parent=6214"}],"wp:term":[{"taxonomy":"product_brand","embeddable":true,"href":"https:\/\/www.editorialjuventud.es\/ca\/wp-json\/wp\/v2\/product_brand?post=6214"},{"taxonomy":"product_cat","embeddable":true,"href":"https:\/\/www.editorialjuventud.es\/ca\/wp-json\/wp\/v2\/product_cat?post=6214"},{"taxonomy":"product_tag","embeddable":true,"href":"https:\/\/www.editorialjuventud.es\/ca\/wp-json\/wp\/v2\/product_tag?post=6214"},{"taxonomy":"coleccion","embeddable":true,"href":"https:\/\/www.editorialjuventud.es\/ca\/wp-json\/wp\/v2\/coleccion?post=6214"}],"curies":[{"name":"wp","href":"https:\/\/api.w.org\/{rel}","templated":true}]}}