{"id":6213,"date":"2018-08-24T14:06:25","date_gmt":"2018-08-24T10:06:25","guid":{"rendered":"http:\/\/www.editorialjuventud.es\/el-lobo-hace-huelga\/"},"modified":"2025-01-22T13:05:57","modified_gmt":"2025-01-22T12:05:57","slug":"el-lobo-hace-huelga-9788426143693","status":"publish","type":"product","link":"https:\/\/www.editorialjuventud.es\/ca\/el-lobo-hace-huelga-9788426143693\/","title":{"rendered":"El lobo hace huelga"},"content":{"rendered":"<p>Algo extra\u00f1o ocurre en el mundo de los cuentos de hadas: \u00a1el lobo ha desaparecido de todos los cuentos! \u00bfQu\u00e9 est\u00e1 pasando? Los tres cerditos, la Caperucita Roja y la cabra del se\u00f1or Seguin convocan una asamblea para buscar una soluci\u00f3n. El lobo ha decidido hacer huelga porque est\u00e1 cansado de ser siempre el malo. Todos los personajes de los cuentos tratan de convencerlo para que vuelva: \u00a1los cuentos lo necesitan para que sus historias tengan sentido y, sobre todo, a los ni\u00f1os les encanta tenerle miedo! Un \u00e1lbum que pone del rev\u00e9s las reglas del juego de los cuentos tradicionales.<\/p>\n","protected":false},"excerpt":{"rendered":"Algo extra\u00f1o ocurre en el mundo de los cuentos de hadas: \u00a1el lobo ha desaparecido de todos los cuentos! \u00bfQu\u00e9 est\u00e1 pasando? Los tres cerditos, la Caperucita Roja y la cabra del se\u00f1or Seguin convocan una asamblea para buscar una [&hellip;]","protected":false},"featured_media":17120,"template":"","meta":{"_acf_changed":false,"_exactmetrics_skip_tracking":false,"_exactmetrics_sitenote_active":false,"_exactmetrics_sitenote_note":"","_exactmetrics_sitenote_category":0},"product_brand":[],"product_cat":[900,1121,1158,1184,1290],"product_tag":[],"coleccion":[992],"class_list":{"0":"post-6213","1":"product","2":"type-product","3":"status-publish","4":"has-post-thumbnail","6":"product_cat-a-partir-de-5-anos","7":"product_cat-albumes-ilustrados","8":"product_cat-critica-social","9":"product_cat-humor","10":"product_cat-lobo","11":"coleccion-el-arca-de-los-cuentos","13":"first","14":"instock","15":"taxable","16":"shipping-taxable","17":"purchasable","18":"product-type-simple"},"acf":{"autor":"Pernaudet, Christophe","codart":"4369","ediciones":"2","encuadernacion":"Carton\u00e9","fecha_de_publicacion":"01\/07\/2016","novedad":"0","paginas":"32","subtitulo":"","texto_web_adicional":"","texto_web_novedad":"","orden":"999","portada":"0","texto_web_resaltado":"","indice":"","autores-libros":[16546],"ilustradores-libros":[17464],"traductores-libros":"","descripcion_corta":"","recomendamos":"","mas_vendido":"","idioma-libro":"","color":false,"formato":"","mas_informacion_del_producto":false,"premios":false,"texto_enlace_cubierta":"","enlace_cubierta":false,"texto_enlace_ficha_tecnica":"","enlace_ficha_tecnica":false,"ficheros":false,"titulo-fr":"","texto-fr":"","fecha_de_reimpresion":"01\/04\/2017","deshabilitar_compra":["deshabilitar"]},"yoast_head":"<!-- This site is optimized with the Yoast SEO plugin v27.5 - https:\/\/yoast.com\/product\/yoast-seo-wordpress\/ -->\n<title>El lobo hace huelga - Editorial Juventud<\/title>\n<meta name=\"description\" content=\"Algo extra\u00f1o ocurre en el mundo de los cuentos de hadas: \u00a1el lobo ha desaparecido de todos los cuentos! \u00bfQu\u00e9 est\u00e1 pasando? Los tres cerditos, la\" \/>\n<meta name=\"robots\" content=\"index, follow, max-snippet:-1, max-image-preview:large, max-video-preview:-1\" \/>\n<link rel=\"canonical\" href=\"https:\/\/www.editorialjuventud.es\/el-lobo-hace-huelga-9788426143693\/\" \/>\n<meta property=\"og:locale\" content=\"ca_ES\" \/>\n<meta property=\"og:type\" content=\"article\" \/>\n<meta property=\"og:title\" content=\"El lobo hace huelga - Editorial Juventud\" \/>\n<meta property=\"og:description\" content=\"Algo extra\u00f1o ocurre en el mundo de los cuentos de hadas: \u00a1el lobo ha desaparecido de todos los cuentos! \u00bfQu\u00e9 est\u00e1 pasando? Los tres cerditos, la\" \/>\n<meta property=\"og:url\" content=\"https:\/\/www.editorialjuventud.es\/el-lobo-hace-huelga-9788426143693\/\" \/>\n<meta property=\"og:site_name\" content=\"Editorial Juventud\" \/>\n<meta property=\"article:modified_time\" content=\"2025-01-22T12:05:57+00:00\" \/>\n<meta property=\"og:image\" content=\"https:\/\/www.editorialjuventud.es\/wp-content\/uploads\/4369.jpg\" \/>\n\t<meta property=\"og:image:width\" content=\"457\" \/>\n\t<meta property=\"og:image:height\" content=\"450\" \/>\n\t<meta property=\"og:image:type\" content=\"image\/jpeg\" \/>\n<meta name=\"twitter:card\" content=\"summary_large_image\" \/>\n<meta name=\"twitter:label1\" content=\"Temps estimat de lectura\" \/>\n\t<meta name=\"twitter:data1\" content=\"1 minut\" \/>\n<script type=\"application\/ld+json\" class=\"yoast-schema-graph\">{\"@context\":\"https:\\\/\\\/schema.org\",\"@graph\":[{\"@type\":\"WebPage\",\"@id\":\"https:\\\/\\\/www.editorialjuventud.es\\\/el-lobo-hace-huelga-9788426143693\\\/\",\"url\":\"https:\\\/\\\/www.editorialjuventud.es\\\/el-lobo-hace-huelga-9788426143693\\\/\",\"name\":\"El lobo hace huelga - Editorial Juventud\",\"isPartOf\":{\"@id\":\"https:\\\/\\\/www.editorialjuventud.es\\\/#website\"},\"primaryImageOfPage\":{\"@id\":\"https:\\\/\\\/www.editorialjuventud.es\\\/el-lobo-hace-huelga-9788426143693\\\/#primaryimage\"},\"image\":{\"@id\":\"https:\\\/\\\/www.editorialjuventud.es\\\/el-lobo-hace-huelga-9788426143693\\\/#primaryimage\"},\"thumbnailUrl\":\"https:\\\/\\\/www.editorialjuventud.es\\\/wp-content\\\/uploads\\\/4369.jpg\",\"datePublished\":\"2018-08-24T10:06:25+00:00\",\"dateModified\":\"2025-01-22T12:05:57+00:00\",\"description\":\"Algo extra\u00f1o ocurre en el mundo de los cuentos de hadas: \u00a1el lobo ha desaparecido de todos los cuentos! \u00bfQu\u00e9 est\u00e1 pasando? Los tres cerditos, la\",\"breadcrumb\":{\"@id\":\"https:\\\/\\\/www.editorialjuventud.es\\\/el-lobo-hace-huelga-9788426143693\\\/#breadcrumb\"},\"inLanguage\":\"ca\",\"potentialAction\":[{\"@type\":\"ReadAction\",\"target\":[\"https:\\\/\\\/www.editorialjuventud.es\\\/el-lobo-hace-huelga-9788426143693\\\/\"]}]},{\"@type\":\"ImageObject\",\"inLanguage\":\"ca\",\"@id\":\"https:\\\/\\\/www.editorialjuventud.es\\\/el-lobo-hace-huelga-9788426143693\\\/#primaryimage\",\"url\":\"https:\\\/\\\/www.editorialjuventud.es\\\/wp-content\\\/uploads\\\/4369.jpg\",\"contentUrl\":\"https:\\\/\\\/www.editorialjuventud.es\\\/wp-content\\\/uploads\\\/4369.jpg\",\"width\":457,\"height\":450,\"caption\":\"4369.jpg\"},{\"@type\":\"BreadcrumbList\",\"@id\":\"https:\\\/\\\/www.editorialjuventud.es\\\/el-lobo-hace-huelga-9788426143693\\\/#breadcrumb\",\"itemListElement\":[{\"@type\":\"ListItem\",\"position\":1,\"name\":\"Portada\",\"item\":\"https:\\\/\\\/www.editorialjuventud.es\\\/\"},{\"@type\":\"ListItem\",\"position\":2,\"name\":\"cat\u00e1logo\",\"item\":\"https:\\\/\\\/www.editorialjuventud.es\\\/coleccion\\\/catalogo\\\/\"},{\"@type\":\"ListItem\",\"position\":3,\"name\":\"castellano\",\"item\":\"https:\\\/\\\/www.editorialjuventud.es\\\/coleccion\\\/castellano\\\/\"},{\"@type\":\"ListItem\",\"position\":4,\"name\":\"El lobo hace huelga\"}]},{\"@type\":\"WebSite\",\"@id\":\"https:\\\/\\\/www.editorialjuventud.es\\\/#website\",\"url\":\"https:\\\/\\\/www.editorialjuventud.es\\\/\",\"name\":\"Editorial Juventud\",\"description\":\"\",\"potentialAction\":[{\"@type\":\"SearchAction\",\"target\":{\"@type\":\"EntryPoint\",\"urlTemplate\":\"https:\\\/\\\/www.editorialjuventud.es\\\/?s={search_term_string}\"},\"query-input\":{\"@type\":\"PropertyValueSpecification\",\"valueRequired\":true,\"valueName\":\"search_term_string\"}}],\"inLanguage\":\"ca\"}]}<\/script>\n<!-- \/ Yoast SEO plugin. -->","yoast_head_json":{"title":"El lobo hace huelga - Editorial Juventud","description":"Algo extra\u00f1o ocurre en el mundo de los cuentos de hadas: \u00a1el lobo ha desaparecido de todos los cuentos! \u00bfQu\u00e9 est\u00e1 pasando? Los tres cerditos, la","robots":{"index":"index","follow":"follow","max-snippet":"max-snippet:-1","max-image-preview":"max-image-preview:large","max-video-preview":"max-video-preview:-1"},"canonical":"https:\/\/www.editorialjuventud.es\/el-lobo-hace-huelga-9788426143693\/","og_locale":"ca_ES","og_type":"article","og_title":"El lobo hace huelga - Editorial Juventud","og_description":"Algo extra\u00f1o ocurre en el mundo de los cuentos de hadas: \u00a1el lobo ha desaparecido de todos los cuentos! \u00bfQu\u00e9 est\u00e1 pasando? Los tres cerditos, la","og_url":"https:\/\/www.editorialjuventud.es\/el-lobo-hace-huelga-9788426143693\/","og_site_name":"Editorial Juventud","article_modified_time":"2025-01-22T12:05:57+00:00","og_image":[{"width":457,"height":450,"url":"https:\/\/www.editorialjuventud.es\/wp-content\/uploads\/4369.jpg","type":"image\/jpeg"}],"twitter_card":"summary_large_image","twitter_misc":{"Temps estimat de lectura":"1 minut"},"schema":{"@context":"https:\/\/schema.org","@graph":[{"@type":"WebPage","@id":"https:\/\/www.editorialjuventud.es\/el-lobo-hace-huelga-9788426143693\/","url":"https:\/\/www.editorialjuventud.es\/el-lobo-hace-huelga-9788426143693\/","name":"El lobo hace huelga - Editorial Juventud","isPartOf":{"@id":"https:\/\/www.editorialjuventud.es\/#website"},"primaryImageOfPage":{"@id":"https:\/\/www.editorialjuventud.es\/el-lobo-hace-huelga-9788426143693\/#primaryimage"},"image":{"@id":"https:\/\/www.editorialjuventud.es\/el-lobo-hace-huelga-9788426143693\/#primaryimage"},"thumbnailUrl":"https:\/\/www.editorialjuventud.es\/wp-content\/uploads\/4369.jpg","datePublished":"2018-08-24T10:06:25+00:00","dateModified":"2025-01-22T12:05:57+00:00","description":"Algo extra\u00f1o ocurre en el mundo de los cuentos de hadas: \u00a1el lobo ha desaparecido de todos los cuentos! \u00bfQu\u00e9 est\u00e1 pasando? Los tres cerditos, la","breadcrumb":{"@id":"https:\/\/www.editorialjuventud.es\/el-lobo-hace-huelga-9788426143693\/#breadcrumb"},"inLanguage":"ca","potentialAction":[{"@type":"ReadAction","target":["https:\/\/www.editorialjuventud.es\/el-lobo-hace-huelga-9788426143693\/"]}]},{"@type":"ImageObject","inLanguage":"ca","@id":"https:\/\/www.editorialjuventud.es\/el-lobo-hace-huelga-9788426143693\/#primaryimage","url":"https:\/\/www.editorialjuventud.es\/wp-content\/uploads\/4369.jpg","contentUrl":"https:\/\/www.editorialjuventud.es\/wp-content\/uploads\/4369.jpg","width":457,"height":450,"caption":"4369.jpg"},{"@type":"BreadcrumbList","@id":"https:\/\/www.editorialjuventud.es\/el-lobo-hace-huelga-9788426143693\/#breadcrumb","itemListElement":[{"@type":"ListItem","position":1,"name":"Portada","item":"https:\/\/www.editorialjuventud.es\/"},{"@type":"ListItem","position":2,"name":"cat\u00e1logo","item":"https:\/\/www.editorialjuventud.es\/coleccion\/catalogo\/"},{"@type":"ListItem","position":3,"name":"castellano","item":"https:\/\/www.editorialjuventud.es\/coleccion\/castellano\/"},{"@type":"ListItem","position":4,"name":"El lobo hace huelga"}]},{"@type":"WebSite","@id":"https:\/\/www.editorialjuventud.es\/#website","url":"https:\/\/www.editorialjuventud.es\/","name":"Editorial Juventud","description":"","potentialAction":[{"@type":"SearchAction","target":{"@type":"EntryPoint","urlTemplate":"https:\/\/www.editorialjuventud.es\/?s={search_term_string}"},"query-input":{"@type":"PropertyValueSpecification","valueRequired":true,"valueName":"search_term_string"}}],"inLanguage":"ca"}]}},"_links":{"self":[{"href":"https:\/\/www.editorialjuventud.es\/ca\/wp-json\/wp\/v2\/product\/6213","targetHints":{"allow":["GET"]}}],"collection":[{"href":"https:\/\/www.editorialjuventud.es\/ca\/wp-json\/wp\/v2\/product"}],"about":[{"href":"https:\/\/www.editorialjuventud.es\/ca\/wp-json\/wp\/v2\/types\/product"}],"wp:featuredmedia":[{"embeddable":true,"href":"https:\/\/www.editorialjuventud.es\/ca\/wp-json\/wp\/v2\/media\/17120"}],"wp:attachment":[{"href":"https:\/\/www.editorialjuventud.es\/ca\/wp-json\/wp\/v2\/media?parent=6213"}],"wp:term":[{"taxonomy":"product_brand","embeddable":true,"href":"https:\/\/www.editorialjuventud.es\/ca\/wp-json\/wp\/v2\/product_brand?post=6213"},{"taxonomy":"product_cat","embeddable":true,"href":"https:\/\/www.editorialjuventud.es\/ca\/wp-json\/wp\/v2\/product_cat?post=6213"},{"taxonomy":"product_tag","embeddable":true,"href":"https:\/\/www.editorialjuventud.es\/ca\/wp-json\/wp\/v2\/product_tag?post=6213"},{"taxonomy":"coleccion","embeddable":true,"href":"https:\/\/www.editorialjuventud.es\/ca\/wp-json\/wp\/v2\/coleccion?post=6213"}],"curies":[{"name":"wp","href":"https:\/\/api.w.org\/{rel}","templated":true}]}}