{"id":6208,"date":"2018-08-24T14:06:05","date_gmt":"2018-08-24T10:06:05","guid":{"rendered":"http:\/\/www.editorialjuventud.es\/ein-spaziergang-mit-herrn-gaudi\/"},"modified":"2025-02-03T09:12:38","modified_gmt":"2025-02-03T08:12:38","slug":"ein-spaziergang-mit-herrn-gaudi-9788426143648","status":"publish","type":"product","link":"https:\/\/www.editorialjuventud.es\/ca\/ein-spaziergang-mit-herrn-gaudi-9788426143648\/","title":{"rendered":"Ein spaziergang mit herrn Gaud\u00ed"},"content":{"rendered":"<p>Herr Gaud\u00ef wohnt an einem besonderen Ort, im Park Guell, den er f\u00fcr den Grafen Guell gebaut hat. Jeden Morgen geht er aus dem Haus ,um die Bauarbeiten an den Geb\u00e4uden, die man ihm in Auftrag gegeben hat, zu \u00fcberwachen: la Pedrera, la Sagrada Familia, la casa Batll\u00f3&#8230; Wenn man ihn sieht, kann man sich nicht vorstellen, dass er einer der anerkanntesten Archtiketen seiner Zeit ist. Allerdings finden viele Leute seine Geb\u00e4ude auch etwas merkw\u00fcrdig&#8230;<\/p>\n","protected":false},"excerpt":{"rendered":"Herr Gaud\u00ef wohnt an einem besonderen Ort, im Park Guell, den er f\u00fcr den Grafen Guell gebaut hat. Jeden Morgen geht er aus dem Haus ,um die Bauarbeiten an den Geb\u00e4uden, die man ihm in Auftrag gegeben hat, zu \u00fcberwachen: [&hellip;]","protected":false},"featured_media":16896,"template":"","meta":{"_acf_changed":false,"_exactmetrics_skip_tracking":false,"_exactmetrics_sitenote_active":false,"_exactmetrics_sitenote_note":"","_exactmetrics_sitenote_category":0},"product_brand":[],"product_cat":[902,1121,1139,1125,1140,1123,1215],"product_tag":[],"coleccion":[928,986,916],"class_list":{"0":"post-6208","1":"product","2":"type-product","3":"status-publish","4":"has-post-thumbnail","6":"product_cat-a-partir-de-7-anos","7":"product_cat-albumes-ilustrados","8":"product_cat-arquitectura","9":"product_cat-arte","10":"product_cat-arte-y-creatividad","11":"product_cat-libros-informativos-infantil","12":"product_cat-profesiones-trabajo","13":"coleccion-albumes-ilustrados","14":"coleccion-arte-y-creatividad","15":"coleccion-castellano","17":"first","18":"instock","19":"taxable","20":"shipping-taxable","21":"purchasable","22":"product-type-simple"},"acf":{"autor":"Estrada, Pau","codart":"4364","ediciones":"4","encuadernacion":"Carton\u00e9","fecha_de_publicacion":"01\/07\/2016","novedad":"0","paginas":"40","subtitulo":"","texto_web_adicional":"","texto_web_novedad":"","orden":"999","portada":"0","texto_web_resaltado":"","indice":"","autores-libros":[16351],"ilustradores-libros":[16351],"traductores-libros":[33879],"descripcion_corta":"","recomendamos":"","mas_vendido":"","idioma-libro":"","color":false,"formato":"","mas_informacion_del_producto":false,"premios":false,"texto_enlace_cubierta":"","enlace_cubierta":{"ID":23915,"id":23915,"title":"COVER-UN-PASEO-CON-EL-SE\u00d1OR-GAUDI-ALEMAN-","filename":"COVER-UN-PASEO-CON-EL-SE\u00d1OR-GAUDI-ALEMAN-.jpg","filesize":287556,"url":"https:\/\/www.editorialjuventud.es\/wp-content\/uploads\/COVER-UN-PASEO-CON-EL-SE\u00d1OR-GAUDI-ALEMAN-.jpg","link":"https:\/\/www.editorialjuventud.es\/ca\/?attachment_id=23915","alt":"","author":"47","description":"","caption":"","name":"cover-un-paseo-con-el-senor-gaudi-aleman","status":"inherit","uploaded_to":6208,"date":"2019-04-12 06:47:30","modified":"2019-04-12 06:47:30","menu_order":0,"mime_type":"image\/jpeg","type":"image","subtype":"jpeg","icon":"https:\/\/www.editorialjuventud.es\/wp-includes\/images\/media\/default.png","width":933,"height":1200,"sizes":{"thumbnail":"https:\/\/www.editorialjuventud.es\/wp-content\/uploads\/COVER-UN-PASEO-CON-EL-SE\u00d1OR-GAUDI-ALEMAN--200x200.jpg","thumbnail-width":200,"thumbnail-height":200,"medium":"https:\/\/www.editorialjuventud.es\/wp-content\/uploads\/COVER-UN-PASEO-CON-EL-SE\u00d1OR-GAUDI-ALEMAN-.jpg","medium-width":933,"medium-height":1200,"medium_large":"https:\/\/www.editorialjuventud.es\/wp-content\/uploads\/COVER-UN-PASEO-CON-EL-SE\u00d1OR-GAUDI-ALEMAN--768x988.jpg","medium_large-width":768,"medium_large-height":988,"large":"https:\/\/www.editorialjuventud.es\/wp-content\/uploads\/COVER-UN-PASEO-CON-EL-SE\u00d1OR-GAUDI-ALEMAN-.jpg","large-width":933,"large-height":1200,"1536x1536":"https:\/\/www.editorialjuventud.es\/wp-content\/uploads\/COVER-UN-PASEO-CON-EL-SE\u00d1OR-GAUDI-ALEMAN-.jpg","1536x1536-width":933,"1536x1536-height":1200,"2048x2048":"https:\/\/www.editorialjuventud.es\/wp-content\/uploads\/COVER-UN-PASEO-CON-EL-SE\u00d1OR-GAUDI-ALEMAN-.jpg","2048x2048-width":933,"2048x2048-height":1200,"woocommerce_thumbnail":"https:\/\/www.editorialjuventud.es\/wp-content\/uploads\/COVER-UN-PASEO-CON-EL-SE\u00d1OR-GAUDI-ALEMAN--350x450.jpg","woocommerce_thumbnail-width":350,"woocommerce_thumbnail-height":450,"woocommerce_single":"https:\/\/www.editorialjuventud.es\/wp-content\/uploads\/COVER-UN-PASEO-CON-EL-SE\u00d1OR-GAUDI-ALEMAN--900x1158.jpg","woocommerce_single-width":900,"woocommerce_single-height":1158,"woocommerce_gallery_thumbnail":"https:\/\/www.editorialjuventud.es\/wp-content\/uploads\/COVER-UN-PASEO-CON-EL-SE\u00d1OR-GAUDI-ALEMAN--100x100.jpg","woocommerce_gallery_thumbnail-width":100,"woocommerce_gallery_thumbnail-height":100,"ppec_logo_image_size":"https:\/\/www.editorialjuventud.es\/wp-content\/uploads\/COVER-UN-PASEO-CON-EL-SE\u00d1OR-GAUDI-ALEMAN-.jpg","ppec_logo_image_size-width":47,"ppec_logo_image_size-height":60,"ppec_header_image_size":"https:\/\/www.editorialjuventud.es\/wp-content\/uploads\/COVER-UN-PASEO-CON-EL-SE\u00d1OR-GAUDI-ALEMAN-.jpg","ppec_header_image_size-width":70,"ppec_header_image_size-height":90}},"texto_enlace_ficha_tecnica":"","enlace_ficha_tecnica":{"ID":33877,"id":33877,"title":"Ficha Un paseo con el se\u00f1or Gaud\u00ed (nuevo)","filename":"Ficha-Un-paseo-con-el-se\u00f1or-Gaud\u00ed-nuevo-3.pdf","filesize":619764,"url":"https:\/\/www.editorialjuventud.es\/wp-content\/uploads\/Ficha-Un-paseo-con-el-se\u00f1or-Gaud\u00ed-nuevo-3.pdf","link":"https:\/\/www.editorialjuventud.es\/ca\/?attachment_id=33877","alt":"","author":"47","description":"","caption":"","name":"ficha-un-paseo-con-el-senor-gaudi-nuevo-4","status":"inherit","uploaded_to":6208,"date":"2019-10-31 08:20:06","modified":"2019-10-31 08:20:06","menu_order":0,"mime_type":"application\/pdf","type":"application","subtype":"pdf","icon":"https:\/\/www.editorialjuventud.es\/wp-includes\/images\/media\/document.png"},"ficheros":false,"titulo-fr":"","texto-fr":"","fecha_de_reimpresion":"01\/09\/2019","deshabilitar_compra":[]},"yoast_head":"<!-- This site is optimized with the Yoast SEO plugin v27.5 - https:\/\/yoast.com\/product\/yoast-seo-wordpress\/ -->\n<title>Ein spaziergang mit herrn Gaud\u00ed - Editorial Juventud<\/title>\n<meta name=\"description\" content=\"Herr Gaud\u00ef wohnt an einem besonderen Ort, im Park Guell, den er f\u00fcr den Grafen Guell gebaut hat. Jeden Morgen geht er aus dem Haus ,um die Bauarbeiten an\" \/>\n<meta name=\"robots\" content=\"index, follow, max-snippet:-1, max-image-preview:large, max-video-preview:-1\" \/>\n<link rel=\"canonical\" href=\"https:\/\/www.editorialjuventud.es\/ein-spaziergang-mit-herrn-gaudi-9788426143648\/\" \/>\n<meta property=\"og:locale\" content=\"ca_ES\" \/>\n<meta property=\"og:type\" content=\"article\" \/>\n<meta property=\"og:title\" content=\"Ein spaziergang mit herrn Gaud\u00ed - Editorial Juventud\" \/>\n<meta property=\"og:description\" content=\"Herr Gaud\u00ef wohnt an einem besonderen Ort, im Park Guell, den er f\u00fcr den Grafen Guell gebaut hat. Jeden Morgen geht er aus dem Haus ,um die Bauarbeiten an\" \/>\n<meta property=\"og:url\" content=\"https:\/\/www.editorialjuventud.es\/ein-spaziergang-mit-herrn-gaudi-9788426143648\/\" \/>\n<meta property=\"og:site_name\" content=\"Editorial Juventud\" \/>\n<meta property=\"article:modified_time\" content=\"2025-02-03T08:12:38+00:00\" \/>\n<meta property=\"og:image\" content=\"https:\/\/www.editorialjuventud.es\/wp-content\/uploads\/4364.jpg\" \/>\n\t<meta property=\"og:image:width\" content=\"350\" \/>\n\t<meta property=\"og:image:height\" content=\"450\" \/>\n\t<meta property=\"og:image:type\" content=\"image\/jpeg\" \/>\n<meta name=\"twitter:card\" content=\"summary_large_image\" \/>\n<meta name=\"twitter:label1\" content=\"Temps estimat de lectura\" \/>\n\t<meta name=\"twitter:data1\" content=\"1 minut\" \/>\n<script type=\"application\/ld+json\" class=\"yoast-schema-graph\">{\"@context\":\"https:\\\/\\\/schema.org\",\"@graph\":[{\"@type\":\"WebPage\",\"@id\":\"https:\\\/\\\/www.editorialjuventud.es\\\/ein-spaziergang-mit-herrn-gaudi-9788426143648\\\/\",\"url\":\"https:\\\/\\\/www.editorialjuventud.es\\\/ein-spaziergang-mit-herrn-gaudi-9788426143648\\\/\",\"name\":\"Ein spaziergang mit herrn Gaud\u00ed - Editorial Juventud\",\"isPartOf\":{\"@id\":\"https:\\\/\\\/www.editorialjuventud.es\\\/#website\"},\"primaryImageOfPage\":{\"@id\":\"https:\\\/\\\/www.editorialjuventud.es\\\/ein-spaziergang-mit-herrn-gaudi-9788426143648\\\/#primaryimage\"},\"image\":{\"@id\":\"https:\\\/\\\/www.editorialjuventud.es\\\/ein-spaziergang-mit-herrn-gaudi-9788426143648\\\/#primaryimage\"},\"thumbnailUrl\":\"https:\\\/\\\/www.editorialjuventud.es\\\/wp-content\\\/uploads\\\/4364.jpg\",\"datePublished\":\"2018-08-24T10:06:05+00:00\",\"dateModified\":\"2025-02-03T08:12:38+00:00\",\"description\":\"Herr Gaud\u00ef wohnt an einem besonderen Ort, im Park Guell, den er f\u00fcr den Grafen Guell gebaut hat. Jeden Morgen geht er aus dem Haus ,um die Bauarbeiten an\",\"breadcrumb\":{\"@id\":\"https:\\\/\\\/www.editorialjuventud.es\\\/ein-spaziergang-mit-herrn-gaudi-9788426143648\\\/#breadcrumb\"},\"inLanguage\":\"ca\",\"potentialAction\":[{\"@type\":\"ReadAction\",\"target\":[\"https:\\\/\\\/www.editorialjuventud.es\\\/ein-spaziergang-mit-herrn-gaudi-9788426143648\\\/\"]}]},{\"@type\":\"ImageObject\",\"inLanguage\":\"ca\",\"@id\":\"https:\\\/\\\/www.editorialjuventud.es\\\/ein-spaziergang-mit-herrn-gaudi-9788426143648\\\/#primaryimage\",\"url\":\"https:\\\/\\\/www.editorialjuventud.es\\\/wp-content\\\/uploads\\\/4364.jpg\",\"contentUrl\":\"https:\\\/\\\/www.editorialjuventud.es\\\/wp-content\\\/uploads\\\/4364.jpg\",\"width\":350,\"height\":450,\"caption\":\"4364.jpg\"},{\"@type\":\"BreadcrumbList\",\"@id\":\"https:\\\/\\\/www.editorialjuventud.es\\\/ein-spaziergang-mit-herrn-gaudi-9788426143648\\\/#breadcrumb\",\"itemListElement\":[{\"@type\":\"ListItem\",\"position\":1,\"name\":\"Portada\",\"item\":\"https:\\\/\\\/www.editorialjuventud.es\\\/\"},{\"@type\":\"ListItem\",\"position\":2,\"name\":\"cat\u00e1logo\",\"item\":\"https:\\\/\\\/www.editorialjuventud.es\\\/coleccion\\\/catalogo\\\/\"},{\"@type\":\"ListItem\",\"position\":3,\"name\":\"castellano\",\"item\":\"https:\\\/\\\/www.editorialjuventud.es\\\/coleccion\\\/castellano\\\/\"},{\"@type\":\"ListItem\",\"position\":4,\"name\":\"\u00c1lbumes Ilustrados\",\"item\":\"https:\\\/\\\/www.editorialjuventud.es\\\/coleccion\\\/albumes-ilustrados\\\/\"},{\"@type\":\"ListItem\",\"position\":5,\"name\":\"Arte y Creatividad\",\"item\":\"https:\\\/\\\/www.editorialjuventud.es\\\/ca\\\/coleccion\\\/arte-y-creatividad\\\/\"},{\"@type\":\"ListItem\",\"position\":6,\"name\":\"Ein spaziergang mit herrn Gaud\u00ed\"}]},{\"@type\":\"WebSite\",\"@id\":\"https:\\\/\\\/www.editorialjuventud.es\\\/#website\",\"url\":\"https:\\\/\\\/www.editorialjuventud.es\\\/\",\"name\":\"Editorial Juventud\",\"description\":\"\",\"potentialAction\":[{\"@type\":\"SearchAction\",\"target\":{\"@type\":\"EntryPoint\",\"urlTemplate\":\"https:\\\/\\\/www.editorialjuventud.es\\\/?s={search_term_string}\"},\"query-input\":{\"@type\":\"PropertyValueSpecification\",\"valueRequired\":true,\"valueName\":\"search_term_string\"}}],\"inLanguage\":\"ca\"}]}<\/script>\n<!-- \/ Yoast SEO plugin. -->","yoast_head_json":{"title":"Ein spaziergang mit herrn Gaud\u00ed - Editorial Juventud","description":"Herr Gaud\u00ef wohnt an einem besonderen Ort, im Park Guell, den er f\u00fcr den Grafen Guell gebaut hat. Jeden Morgen geht er aus dem Haus ,um die Bauarbeiten an","robots":{"index":"index","follow":"follow","max-snippet":"max-snippet:-1","max-image-preview":"max-image-preview:large","max-video-preview":"max-video-preview:-1"},"canonical":"https:\/\/www.editorialjuventud.es\/ein-spaziergang-mit-herrn-gaudi-9788426143648\/","og_locale":"ca_ES","og_type":"article","og_title":"Ein spaziergang mit herrn Gaud\u00ed - Editorial Juventud","og_description":"Herr Gaud\u00ef wohnt an einem besonderen Ort, im Park Guell, den er f\u00fcr den Grafen Guell gebaut hat. Jeden Morgen geht er aus dem Haus ,um die Bauarbeiten an","og_url":"https:\/\/www.editorialjuventud.es\/ein-spaziergang-mit-herrn-gaudi-9788426143648\/","og_site_name":"Editorial Juventud","article_modified_time":"2025-02-03T08:12:38+00:00","og_image":[{"width":350,"height":450,"url":"https:\/\/www.editorialjuventud.es\/wp-content\/uploads\/4364.jpg","type":"image\/jpeg"}],"twitter_card":"summary_large_image","twitter_misc":{"Temps estimat de lectura":"1 minut"},"schema":{"@context":"https:\/\/schema.org","@graph":[{"@type":"WebPage","@id":"https:\/\/www.editorialjuventud.es\/ein-spaziergang-mit-herrn-gaudi-9788426143648\/","url":"https:\/\/www.editorialjuventud.es\/ein-spaziergang-mit-herrn-gaudi-9788426143648\/","name":"Ein spaziergang mit herrn Gaud\u00ed - Editorial Juventud","isPartOf":{"@id":"https:\/\/www.editorialjuventud.es\/#website"},"primaryImageOfPage":{"@id":"https:\/\/www.editorialjuventud.es\/ein-spaziergang-mit-herrn-gaudi-9788426143648\/#primaryimage"},"image":{"@id":"https:\/\/www.editorialjuventud.es\/ein-spaziergang-mit-herrn-gaudi-9788426143648\/#primaryimage"},"thumbnailUrl":"https:\/\/www.editorialjuventud.es\/wp-content\/uploads\/4364.jpg","datePublished":"2018-08-24T10:06:05+00:00","dateModified":"2025-02-03T08:12:38+00:00","description":"Herr Gaud\u00ef wohnt an einem besonderen Ort, im Park Guell, den er f\u00fcr den Grafen Guell gebaut hat. Jeden Morgen geht er aus dem Haus ,um die Bauarbeiten an","breadcrumb":{"@id":"https:\/\/www.editorialjuventud.es\/ein-spaziergang-mit-herrn-gaudi-9788426143648\/#breadcrumb"},"inLanguage":"ca","potentialAction":[{"@type":"ReadAction","target":["https:\/\/www.editorialjuventud.es\/ein-spaziergang-mit-herrn-gaudi-9788426143648\/"]}]},{"@type":"ImageObject","inLanguage":"ca","@id":"https:\/\/www.editorialjuventud.es\/ein-spaziergang-mit-herrn-gaudi-9788426143648\/#primaryimage","url":"https:\/\/www.editorialjuventud.es\/wp-content\/uploads\/4364.jpg","contentUrl":"https:\/\/www.editorialjuventud.es\/wp-content\/uploads\/4364.jpg","width":350,"height":450,"caption":"4364.jpg"},{"@type":"BreadcrumbList","@id":"https:\/\/www.editorialjuventud.es\/ein-spaziergang-mit-herrn-gaudi-9788426143648\/#breadcrumb","itemListElement":[{"@type":"ListItem","position":1,"name":"Portada","item":"https:\/\/www.editorialjuventud.es\/"},{"@type":"ListItem","position":2,"name":"cat\u00e1logo","item":"https:\/\/www.editorialjuventud.es\/coleccion\/catalogo\/"},{"@type":"ListItem","position":3,"name":"castellano","item":"https:\/\/www.editorialjuventud.es\/coleccion\/castellano\/"},{"@type":"ListItem","position":4,"name":"\u00c1lbumes Ilustrados","item":"https:\/\/www.editorialjuventud.es\/coleccion\/albumes-ilustrados\/"},{"@type":"ListItem","position":5,"name":"Arte y Creatividad","item":"https:\/\/www.editorialjuventud.es\/ca\/coleccion\/arte-y-creatividad\/"},{"@type":"ListItem","position":6,"name":"Ein spaziergang mit herrn Gaud\u00ed"}]},{"@type":"WebSite","@id":"https:\/\/www.editorialjuventud.es\/#website","url":"https:\/\/www.editorialjuventud.es\/","name":"Editorial Juventud","description":"","potentialAction":[{"@type":"SearchAction","target":{"@type":"EntryPoint","urlTemplate":"https:\/\/www.editorialjuventud.es\/?s={search_term_string}"},"query-input":{"@type":"PropertyValueSpecification","valueRequired":true,"valueName":"search_term_string"}}],"inLanguage":"ca"}]}},"_links":{"self":[{"href":"https:\/\/www.editorialjuventud.es\/ca\/wp-json\/wp\/v2\/product\/6208","targetHints":{"allow":["GET"]}}],"collection":[{"href":"https:\/\/www.editorialjuventud.es\/ca\/wp-json\/wp\/v2\/product"}],"about":[{"href":"https:\/\/www.editorialjuventud.es\/ca\/wp-json\/wp\/v2\/types\/product"}],"wp:featuredmedia":[{"embeddable":true,"href":"https:\/\/www.editorialjuventud.es\/ca\/wp-json\/wp\/v2\/media\/16896"}],"wp:attachment":[{"href":"https:\/\/www.editorialjuventud.es\/ca\/wp-json\/wp\/v2\/media?parent=6208"}],"wp:term":[{"taxonomy":"product_brand","embeddable":true,"href":"https:\/\/www.editorialjuventud.es\/ca\/wp-json\/wp\/v2\/product_brand?post=6208"},{"taxonomy":"product_cat","embeddable":true,"href":"https:\/\/www.editorialjuventud.es\/ca\/wp-json\/wp\/v2\/product_cat?post=6208"},{"taxonomy":"product_tag","embeddable":true,"href":"https:\/\/www.editorialjuventud.es\/ca\/wp-json\/wp\/v2\/product_tag?post=6208"},{"taxonomy":"coleccion","embeddable":true,"href":"https:\/\/www.editorialjuventud.es\/ca\/wp-json\/wp\/v2\/coleccion?post=6208"}],"curies":[{"name":"wp","href":"https:\/\/api.w.org\/{rel}","templated":true}]}}