{"id":6207,"date":"2018-08-24T12:06:01","date_gmt":"2018-08-24T10:06:01","guid":{"rendered":"http:\/\/www.editorialjuventud.es\/una-passeggiata-con-il-signor-gaudi\/"},"modified":"2025-02-02T18:15:06","modified_gmt":"2025-02-02T17:15:06","slug":"una-passeggiata-con-il-signor-gaudi-9788426143631","status":"publish","type":"product","link":"https:\/\/www.editorialjuventud.es\/ca\/una-passeggiata-con-il-signor-gaudi-9788426143631\/","title":{"rendered":"Una passeggiata con il signor Gaud\u00ed"},"content":{"rendered":"<p>Il signor Gaud\u00ed vive in un luogo molto speciale, il ParkG\u00fcell, che ha costruito a Barcellona per il conte G\u00fcell. Ogni mattina esce per andare a lavorare e controllare il cantiere delle opere che gli hanno incaricato: la Pedrera, la Sagrada Familia, la Casa Batll\u00f3\u2026 Anche se dal suo aspetto non si direbbe, Antoni Gaud\u00ed \u00e8 uno degli architetti pi\u00f9 importanti della sua epoca, eppure, a volte, le persone pensano che le sue costruzioni siano piuttosto stravaganti.<\/p>\n","protected":false},"excerpt":{"rendered":"Il signor Gaud\u00ed vive in un luogo molto speciale, il ParkG\u00fcell, che ha costruito a Barcellona per il conte G\u00fcell. Ogni mattina esce per andare a lavorare e controllare il cantiere delle opere che gli hanno incaricato: la Pedrera, la [&hellip;]","protected":false},"featured_media":16894,"template":"","meta":{"_acf_changed":false,"_exactmetrics_skip_tracking":false,"_exactmetrics_sitenote_active":false,"_exactmetrics_sitenote_note":"","_exactmetrics_sitenote_category":0},"product_brand":[],"product_cat":[902,1121,1139,1125,1140,1123,1215],"product_tag":[],"coleccion":[928,986,916],"class_list":{"0":"post-6207","1":"product","2":"type-product","3":"status-publish","4":"has-post-thumbnail","6":"product_cat-a-partir-de-7-anos","7":"product_cat-albumes-ilustrados","8":"product_cat-arquitectura","9":"product_cat-arte","10":"product_cat-arte-y-creatividad","11":"product_cat-libros-informativos-infantil","12":"product_cat-profesiones-trabajo","13":"coleccion-albumes-ilustrados","14":"coleccion-arte-y-creatividad","15":"coleccion-castellano","17":"first","18":"instock","19":"taxable","20":"shipping-taxable","21":"purchasable","22":"product-type-simple"},"acf":{"autor":"Estrada, Pau","codart":"4363","ediciones":"4","encuadernacion":"Carton\u00e9","fecha_de_publicacion":"01\/07\/2016","novedad":"0","paginas":"40","subtitulo":"","texto_web_adicional":"","texto_web_novedad":"","orden":"999","portada":"0","texto_web_resaltado":"","indice":"","autores-libros":[16351],"ilustradores-libros":[16351],"traductores-libros":"","descripcion_corta":"","recomendamos":"","mas_vendido":"","idioma-libro":"","color":false,"formato":"","mas_informacion_del_producto":false,"premios":false,"texto_enlace_cubierta":"","enlace_cubierta":{"ID":23925,"id":23925,"title":"COVERUN-PASEO-CON-EL-SE\u00d1OR-GAUDI-ITALIANO-","filename":"COVERUN-PASEO-CON-EL-SE\u00d1OR-GAUDI-ITALIANO-.jpg","filesize":289001,"url":"https:\/\/www.editorialjuventud.es\/wp-content\/uploads\/COVERUN-PASEO-CON-EL-SE\u00d1OR-GAUDI-ITALIANO-.jpg","link":"https:\/\/www.editorialjuventud.es\/ca\/?attachment_id=23925","alt":"","author":"47","description":"","caption":"","name":"coverun-paseo-con-el-senor-gaudi-italiano","status":"inherit","uploaded_to":6207,"date":"2019-04-12 07:18:32","modified":"2019-04-12 07:18:32","menu_order":0,"mime_type":"image\/jpeg","type":"image","subtype":"jpeg","icon":"https:\/\/www.editorialjuventud.es\/wp-includes\/images\/media\/default.png","width":930,"height":1200,"sizes":{"thumbnail":"https:\/\/www.editorialjuventud.es\/wp-content\/uploads\/COVERUN-PASEO-CON-EL-SE\u00d1OR-GAUDI-ITALIANO--200x200.jpg","thumbnail-width":200,"thumbnail-height":200,"medium":"https:\/\/www.editorialjuventud.es\/wp-content\/uploads\/COVERUN-PASEO-CON-EL-SE\u00d1OR-GAUDI-ITALIANO-.jpg","medium-width":930,"medium-height":1200,"medium_large":"https:\/\/www.editorialjuventud.es\/wp-content\/uploads\/COVERUN-PASEO-CON-EL-SE\u00d1OR-GAUDI-ITALIANO--768x991.jpg","medium_large-width":768,"medium_large-height":991,"large":"https:\/\/www.editorialjuventud.es\/wp-content\/uploads\/COVERUN-PASEO-CON-EL-SE\u00d1OR-GAUDI-ITALIANO-.jpg","large-width":930,"large-height":1200,"1536x1536":"https:\/\/www.editorialjuventud.es\/wp-content\/uploads\/COVERUN-PASEO-CON-EL-SE\u00d1OR-GAUDI-ITALIANO-.jpg","1536x1536-width":930,"1536x1536-height":1200,"2048x2048":"https:\/\/www.editorialjuventud.es\/wp-content\/uploads\/COVERUN-PASEO-CON-EL-SE\u00d1OR-GAUDI-ITALIANO-.jpg","2048x2048-width":930,"2048x2048-height":1200,"woocommerce_thumbnail":"https:\/\/www.editorialjuventud.es\/wp-content\/uploads\/COVERUN-PASEO-CON-EL-SE\u00d1OR-GAUDI-ITALIANO--350x452.jpg","woocommerce_thumbnail-width":350,"woocommerce_thumbnail-height":452,"woocommerce_single":"https:\/\/www.editorialjuventud.es\/wp-content\/uploads\/COVERUN-PASEO-CON-EL-SE\u00d1OR-GAUDI-ITALIANO--900x1161.jpg","woocommerce_single-width":900,"woocommerce_single-height":1161,"woocommerce_gallery_thumbnail":"https:\/\/www.editorialjuventud.es\/wp-content\/uploads\/COVERUN-PASEO-CON-EL-SE\u00d1OR-GAUDI-ITALIANO--100x100.jpg","woocommerce_gallery_thumbnail-width":100,"woocommerce_gallery_thumbnail-height":100,"ppec_logo_image_size":"https:\/\/www.editorialjuventud.es\/wp-content\/uploads\/COVERUN-PASEO-CON-EL-SE\u00d1OR-GAUDI-ITALIANO-.jpg","ppec_logo_image_size-width":47,"ppec_logo_image_size-height":60,"ppec_header_image_size":"https:\/\/www.editorialjuventud.es\/wp-content\/uploads\/COVERUN-PASEO-CON-EL-SE\u00d1OR-GAUDI-ITALIANO-.jpg","ppec_header_image_size-width":70,"ppec_header_image_size-height":90}},"texto_enlace_ficha_tecnica":"","enlace_ficha_tecnica":{"ID":33885,"id":33885,"title":"Ficha Un paseo con el se\u00f1or Gaud\u00ed (nuevo)","filename":"Ficha-Un-paseo-con-el-se\u00f1or-Gaud\u00ed-nuevo-4.pdf","filesize":640625,"url":"https:\/\/www.editorialjuventud.es\/wp-content\/uploads\/Ficha-Un-paseo-con-el-se\u00f1or-Gaud\u00ed-nuevo-4.pdf","link":"https:\/\/www.editorialjuventud.es\/ca\/?attachment_id=33885","alt":"","author":"47","description":"","caption":"","name":"ficha-un-paseo-con-el-senor-gaudi-nuevo-5","status":"inherit","uploaded_to":6207,"date":"2019-10-31 09:51:58","modified":"2019-10-31 09:51:58","menu_order":0,"mime_type":"application\/pdf","type":"application","subtype":"pdf","icon":"https:\/\/www.editorialjuventud.es\/wp-includes\/images\/media\/document.png"},"ficheros":false,"titulo-fr":"","texto-fr":"","fecha_de_reimpresion":"01\/04\/2023","deshabilitar_compra":[]},"yoast_head":"<!-- This site is optimized with the Yoast SEO plugin v27.5 - https:\/\/yoast.com\/product\/yoast-seo-wordpress\/ -->\n<title>Una passeggiata con il signor Gaud\u00ed - Editorial Juventud<\/title>\n<meta name=\"description\" content=\"Il signor Gaud\u00ed vive in un luogo molto speciale, il ParkG\u00fcell, che ha costruito a Barcellona per il conte G\u00fcell. Ogni mattina esce per andare a lavorare e\" \/>\n<meta name=\"robots\" content=\"index, follow, max-snippet:-1, max-image-preview:large, max-video-preview:-1\" \/>\n<link rel=\"canonical\" href=\"https:\/\/www.editorialjuventud.es\/una-passeggiata-con-il-signor-gaudi-9788426143631\/\" \/>\n<meta property=\"og:locale\" content=\"ca_ES\" \/>\n<meta property=\"og:type\" content=\"article\" \/>\n<meta property=\"og:title\" content=\"Una passeggiata con il signor Gaud\u00ed - Editorial Juventud\" \/>\n<meta property=\"og:description\" content=\"Il signor Gaud\u00ed vive in un luogo molto speciale, il ParkG\u00fcell, che ha costruito a Barcellona per il conte G\u00fcell. Ogni mattina esce per andare a lavorare e\" \/>\n<meta property=\"og:url\" content=\"https:\/\/www.editorialjuventud.es\/una-passeggiata-con-il-signor-gaudi-9788426143631\/\" \/>\n<meta property=\"og:site_name\" content=\"Editorial Juventud\" \/>\n<meta property=\"article:modified_time\" content=\"2025-02-02T17:15:06+00:00\" \/>\n<meta property=\"og:image\" content=\"https:\/\/www.editorialjuventud.es\/wp-content\/uploads\/4363.jpg\" \/>\n\t<meta property=\"og:image:width\" content=\"349\" \/>\n\t<meta property=\"og:image:height\" content=\"450\" \/>\n\t<meta property=\"og:image:type\" content=\"image\/jpeg\" \/>\n<meta name=\"twitter:card\" content=\"summary_large_image\" \/>\n<script type=\"application\/ld+json\" class=\"yoast-schema-graph\">{\"@context\":\"https:\\\/\\\/schema.org\",\"@graph\":[{\"@type\":\"WebPage\",\"@id\":\"https:\\\/\\\/www.editorialjuventud.es\\\/una-passeggiata-con-il-signor-gaudi-9788426143631\\\/\",\"url\":\"https:\\\/\\\/www.editorialjuventud.es\\\/una-passeggiata-con-il-signor-gaudi-9788426143631\\\/\",\"name\":\"Una passeggiata con il signor Gaud\u00ed - Editorial Juventud\",\"isPartOf\":{\"@id\":\"https:\\\/\\\/www.editorialjuventud.es\\\/#website\"},\"primaryImageOfPage\":{\"@id\":\"https:\\\/\\\/www.editorialjuventud.es\\\/una-passeggiata-con-il-signor-gaudi-9788426143631\\\/#primaryimage\"},\"image\":{\"@id\":\"https:\\\/\\\/www.editorialjuventud.es\\\/una-passeggiata-con-il-signor-gaudi-9788426143631\\\/#primaryimage\"},\"thumbnailUrl\":\"https:\\\/\\\/www.editorialjuventud.es\\\/wp-content\\\/uploads\\\/4363.jpg\",\"datePublished\":\"2018-08-24T10:06:01+00:00\",\"dateModified\":\"2025-02-02T17:15:06+00:00\",\"description\":\"Il signor Gaud\u00ed vive in un luogo molto speciale, il ParkG\u00fcell, che ha costruito a Barcellona per il conte G\u00fcell. Ogni mattina esce per andare a lavorare e\",\"breadcrumb\":{\"@id\":\"https:\\\/\\\/www.editorialjuventud.es\\\/una-passeggiata-con-il-signor-gaudi-9788426143631\\\/#breadcrumb\"},\"inLanguage\":\"ca\",\"potentialAction\":[{\"@type\":\"ReadAction\",\"target\":[\"https:\\\/\\\/www.editorialjuventud.es\\\/una-passeggiata-con-il-signor-gaudi-9788426143631\\\/\"]}]},{\"@type\":\"ImageObject\",\"inLanguage\":\"ca\",\"@id\":\"https:\\\/\\\/www.editorialjuventud.es\\\/una-passeggiata-con-il-signor-gaudi-9788426143631\\\/#primaryimage\",\"url\":\"https:\\\/\\\/www.editorialjuventud.es\\\/wp-content\\\/uploads\\\/4363.jpg\",\"contentUrl\":\"https:\\\/\\\/www.editorialjuventud.es\\\/wp-content\\\/uploads\\\/4363.jpg\",\"width\":349,\"height\":450,\"caption\":\"old9788426143631.jpg\"},{\"@type\":\"BreadcrumbList\",\"@id\":\"https:\\\/\\\/www.editorialjuventud.es\\\/una-passeggiata-con-il-signor-gaudi-9788426143631\\\/#breadcrumb\",\"itemListElement\":[{\"@type\":\"ListItem\",\"position\":1,\"name\":\"Portada\",\"item\":\"https:\\\/\\\/www.editorialjuventud.es\\\/\"},{\"@type\":\"ListItem\",\"position\":2,\"name\":\"cat\u00e1logo\",\"item\":\"https:\\\/\\\/www.editorialjuventud.es\\\/coleccion\\\/catalogo\\\/\"},{\"@type\":\"ListItem\",\"position\":3,\"name\":\"castellano\",\"item\":\"https:\\\/\\\/www.editorialjuventud.es\\\/coleccion\\\/castellano\\\/\"},{\"@type\":\"ListItem\",\"position\":4,\"name\":\"\u00c1lbumes Ilustrados\",\"item\":\"https:\\\/\\\/www.editorialjuventud.es\\\/coleccion\\\/albumes-ilustrados\\\/\"},{\"@type\":\"ListItem\",\"position\":5,\"name\":\"Arte y Creatividad\",\"item\":\"https:\\\/\\\/www.editorialjuventud.es\\\/ca\\\/coleccion\\\/arte-y-creatividad\\\/\"},{\"@type\":\"ListItem\",\"position\":6,\"name\":\"Una passeggiata con il signor Gaud\u00ed\"}]},{\"@type\":\"WebSite\",\"@id\":\"https:\\\/\\\/www.editorialjuventud.es\\\/#website\",\"url\":\"https:\\\/\\\/www.editorialjuventud.es\\\/\",\"name\":\"Editorial Juventud\",\"description\":\"\",\"potentialAction\":[{\"@type\":\"SearchAction\",\"target\":{\"@type\":\"EntryPoint\",\"urlTemplate\":\"https:\\\/\\\/www.editorialjuventud.es\\\/?s={search_term_string}\"},\"query-input\":{\"@type\":\"PropertyValueSpecification\",\"valueRequired\":true,\"valueName\":\"search_term_string\"}}],\"inLanguage\":\"ca\"}]}<\/script>\n<!-- \/ Yoast SEO plugin. -->","yoast_head_json":{"title":"Una passeggiata con il signor Gaud\u00ed - Editorial Juventud","description":"Il signor Gaud\u00ed vive in un luogo molto speciale, il ParkG\u00fcell, che ha costruito a Barcellona per il conte G\u00fcell. Ogni mattina esce per andare a lavorare e","robots":{"index":"index","follow":"follow","max-snippet":"max-snippet:-1","max-image-preview":"max-image-preview:large","max-video-preview":"max-video-preview:-1"},"canonical":"https:\/\/www.editorialjuventud.es\/una-passeggiata-con-il-signor-gaudi-9788426143631\/","og_locale":"ca_ES","og_type":"article","og_title":"Una passeggiata con il signor Gaud\u00ed - Editorial Juventud","og_description":"Il signor Gaud\u00ed vive in un luogo molto speciale, il ParkG\u00fcell, che ha costruito a Barcellona per il conte G\u00fcell. Ogni mattina esce per andare a lavorare e","og_url":"https:\/\/www.editorialjuventud.es\/una-passeggiata-con-il-signor-gaudi-9788426143631\/","og_site_name":"Editorial Juventud","article_modified_time":"2025-02-02T17:15:06+00:00","og_image":[{"width":349,"height":450,"url":"https:\/\/www.editorialjuventud.es\/wp-content\/uploads\/4363.jpg","type":"image\/jpeg"}],"twitter_card":"summary_large_image","schema":{"@context":"https:\/\/schema.org","@graph":[{"@type":"WebPage","@id":"https:\/\/www.editorialjuventud.es\/una-passeggiata-con-il-signor-gaudi-9788426143631\/","url":"https:\/\/www.editorialjuventud.es\/una-passeggiata-con-il-signor-gaudi-9788426143631\/","name":"Una passeggiata con il signor Gaud\u00ed - Editorial Juventud","isPartOf":{"@id":"https:\/\/www.editorialjuventud.es\/#website"},"primaryImageOfPage":{"@id":"https:\/\/www.editorialjuventud.es\/una-passeggiata-con-il-signor-gaudi-9788426143631\/#primaryimage"},"image":{"@id":"https:\/\/www.editorialjuventud.es\/una-passeggiata-con-il-signor-gaudi-9788426143631\/#primaryimage"},"thumbnailUrl":"https:\/\/www.editorialjuventud.es\/wp-content\/uploads\/4363.jpg","datePublished":"2018-08-24T10:06:01+00:00","dateModified":"2025-02-02T17:15:06+00:00","description":"Il signor Gaud\u00ed vive in un luogo molto speciale, il ParkG\u00fcell, che ha costruito a Barcellona per il conte G\u00fcell. Ogni mattina esce per andare a lavorare e","breadcrumb":{"@id":"https:\/\/www.editorialjuventud.es\/una-passeggiata-con-il-signor-gaudi-9788426143631\/#breadcrumb"},"inLanguage":"ca","potentialAction":[{"@type":"ReadAction","target":["https:\/\/www.editorialjuventud.es\/una-passeggiata-con-il-signor-gaudi-9788426143631\/"]}]},{"@type":"ImageObject","inLanguage":"ca","@id":"https:\/\/www.editorialjuventud.es\/una-passeggiata-con-il-signor-gaudi-9788426143631\/#primaryimage","url":"https:\/\/www.editorialjuventud.es\/wp-content\/uploads\/4363.jpg","contentUrl":"https:\/\/www.editorialjuventud.es\/wp-content\/uploads\/4363.jpg","width":349,"height":450,"caption":"old9788426143631.jpg"},{"@type":"BreadcrumbList","@id":"https:\/\/www.editorialjuventud.es\/una-passeggiata-con-il-signor-gaudi-9788426143631\/#breadcrumb","itemListElement":[{"@type":"ListItem","position":1,"name":"Portada","item":"https:\/\/www.editorialjuventud.es\/"},{"@type":"ListItem","position":2,"name":"cat\u00e1logo","item":"https:\/\/www.editorialjuventud.es\/coleccion\/catalogo\/"},{"@type":"ListItem","position":3,"name":"castellano","item":"https:\/\/www.editorialjuventud.es\/coleccion\/castellano\/"},{"@type":"ListItem","position":4,"name":"\u00c1lbumes Ilustrados","item":"https:\/\/www.editorialjuventud.es\/coleccion\/albumes-ilustrados\/"},{"@type":"ListItem","position":5,"name":"Arte y Creatividad","item":"https:\/\/www.editorialjuventud.es\/ca\/coleccion\/arte-y-creatividad\/"},{"@type":"ListItem","position":6,"name":"Una passeggiata con il signor Gaud\u00ed"}]},{"@type":"WebSite","@id":"https:\/\/www.editorialjuventud.es\/#website","url":"https:\/\/www.editorialjuventud.es\/","name":"Editorial Juventud","description":"","potentialAction":[{"@type":"SearchAction","target":{"@type":"EntryPoint","urlTemplate":"https:\/\/www.editorialjuventud.es\/?s={search_term_string}"},"query-input":{"@type":"PropertyValueSpecification","valueRequired":true,"valueName":"search_term_string"}}],"inLanguage":"ca"}]}},"_links":{"self":[{"href":"https:\/\/www.editorialjuventud.es\/ca\/wp-json\/wp\/v2\/product\/6207","targetHints":{"allow":["GET"]}}],"collection":[{"href":"https:\/\/www.editorialjuventud.es\/ca\/wp-json\/wp\/v2\/product"}],"about":[{"href":"https:\/\/www.editorialjuventud.es\/ca\/wp-json\/wp\/v2\/types\/product"}],"wp:featuredmedia":[{"embeddable":true,"href":"https:\/\/www.editorialjuventud.es\/ca\/wp-json\/wp\/v2\/media\/16894"}],"wp:attachment":[{"href":"https:\/\/www.editorialjuventud.es\/ca\/wp-json\/wp\/v2\/media?parent=6207"}],"wp:term":[{"taxonomy":"product_brand","embeddable":true,"href":"https:\/\/www.editorialjuventud.es\/ca\/wp-json\/wp\/v2\/product_brand?post=6207"},{"taxonomy":"product_cat","embeddable":true,"href":"https:\/\/www.editorialjuventud.es\/ca\/wp-json\/wp\/v2\/product_cat?post=6207"},{"taxonomy":"product_tag","embeddable":true,"href":"https:\/\/www.editorialjuventud.es\/ca\/wp-json\/wp\/v2\/product_tag?post=6207"},{"taxonomy":"coleccion","embeddable":true,"href":"https:\/\/www.editorialjuventud.es\/ca\/wp-json\/wp\/v2\/coleccion?post=6207"}],"curies":[{"name":"wp","href":"https:\/\/api.w.org\/{rel}","templated":true}]}}