{"id":6202,"date":"2018-08-24T12:05:41","date_gmt":"2018-08-24T10:05:41","guid":{"rendered":"http:\/\/www.editorialjuventud.es\/el-gran-llibre-del-cos\/"},"modified":"2019-10-12T16:59:18","modified_gmt":"2019-10-12T14:59:18","slug":"el-gran-llibre-del-cos-9788426143594","status":"publish","type":"product","link":"https:\/\/www.editorialjuventud.es\/ca\/el-gran-llibre-del-cos-9788426143594\/","title":{"rendered":"El gran llibre del cos"},"content":{"rendered":"<p>Tots necessitem un cos. El nostre cos es presenta en totes les formes i mides, i va canviant al llarg de la nostra vida: quan som nadons, infants, adolescents, i potser mares i pares i avis. Cr\u00e9ixer i aprendre. Gran i petit. Estar en forma. Els cinc sentits. Fer servir la ment. Tots som iguals i diferents&#8230; Descobreix un munt de coses m\u00e9s! El nostre cos \u00e9s realment incre\u00efble!<\/p>\n","protected":false},"excerpt":{"rendered":"Tots necessitem un cos. El nostre cos es presenta en totes les formes i mides, i va canviant al llarg de la nostra vida: quan som nadons, infants, adolescents, i potser mares i pares i avis. Cr\u00e9ixer i aprendre. Gran [&hellip;]","protected":false},"featured_media":16886,"template":"","meta":{"_acf_changed":false,"_exactmetrics_skip_tracking":false,"_exactmetrics_sitenote_active":false,"_exactmetrics_sitenote_note":"","_exactmetrics_sitenote_category":0},"product_brand":[],"product_cat":[900,1159,892,1115,1123,1216,1128],"product_tag":[],"coleccion":[917,915,946,1038],"class_list":{"0":"post-6202","1":"product","2":"type-product","3":"status-publish","4":"has-post-thumbnail","6":"product_cat-a-partir-de-5-anos","7":"product_cat-cuerpo-humano-anatomia","8":"product_cat-edades","9":"product_cat-generos","10":"product_cat-libros-informativos-infantil","11":"product_cat-pubertad","12":"product_cat-tematica","13":"coleccion-albums-illustrats","14":"coleccion-catala","15":"coleccion-com-i-per-que","16":"coleccion-grans-llibres-de-mary-hoffman-i-ros-asquith","18":"first","19":"instock","20":"taxable","21":"shipping-taxable","22":"purchasable","23":"product-type-simple"},"acf":{"autor":"HOFFMAN - ASQUITH","codart":"4359","ediciones":"1","encuadernacion":"Carton\u00e9","fecha_de_publicacion":"07\/01\/2016","novedad":"0","paginas":"40","subtitulo":"","texto_web_adicional":"","texto_web_novedad":"","orden":"999","portada":"0","texto_web_resaltado":"","indice":"","autores-libros":[16416],"ilustradores-libros":[17367],"traductores-libros":[16364],"descripcion_corta":"","recomendamos":"","mas_vendido":"","idioma-libro":"","color":false,"formato":"","mas_informacion_del_producto":false,"premios":false,"texto_enlace_cubierta":"","enlace_cubierta":false,"texto_enlace_ficha_tecnica":"","enlace_ficha_tecnica":false,"ficheros":false,"titulo-fr":"","texto-fr":""},"yoast_head":"<!-- This site is optimized with the Yoast SEO plugin v27.5 - https:\/\/yoast.com\/product\/yoast-seo-wordpress\/ -->\n<title>El gran llibre del cos - Editorial Juventud<\/title>\n<meta name=\"description\" content=\"Tots necessitem un cos. El nostre cos es presenta en totes les formes i mides, i va canviant al llarg de la nostra vida: quan som nadons, infants,\" \/>\n<meta name=\"robots\" content=\"index, follow, max-snippet:-1, max-image-preview:large, max-video-preview:-1\" \/>\n<link rel=\"canonical\" href=\"https:\/\/www.editorialjuventud.es\/ca\/el-gran-llibre-del-cos-9788426143594\/\" \/>\n<meta property=\"og:locale\" content=\"ca_ES\" \/>\n<meta property=\"og:type\" content=\"article\" \/>\n<meta property=\"og:title\" content=\"El gran llibre del cos - Editorial Juventud\" \/>\n<meta property=\"og:description\" content=\"Tots necessitem un cos. El nostre cos es presenta en totes les formes i mides, i va canviant al llarg de la nostra vida: quan som nadons, infants,\" \/>\n<meta property=\"og:url\" content=\"https:\/\/www.editorialjuventud.es\/ca\/el-gran-llibre-del-cos-9788426143594\/\" \/>\n<meta property=\"og:site_name\" content=\"Editorial Juventud\" \/>\n<meta property=\"article:modified_time\" content=\"2019-10-12T14:59:18+00:00\" \/>\n<meta property=\"og:image\" content=\"https:\/\/www.editorialjuventud.es\/wp-content\/uploads\/4359.jpg\" \/>\n\t<meta property=\"og:image:width\" content=\"326\" \/>\n\t<meta property=\"og:image:height\" content=\"450\" \/>\n\t<meta property=\"og:image:type\" content=\"image\/jpeg\" \/>\n<meta name=\"twitter:card\" content=\"summary_large_image\" \/>\n<script type=\"application\/ld+json\" class=\"yoast-schema-graph\">{\"@context\":\"https:\\\/\\\/schema.org\",\"@graph\":[{\"@type\":\"WebPage\",\"@id\":\"https:\\\/\\\/www.editorialjuventud.es\\\/ca\\\/el-gran-llibre-del-cos-9788426143594\\\/\",\"url\":\"https:\\\/\\\/www.editorialjuventud.es\\\/ca\\\/el-gran-llibre-del-cos-9788426143594\\\/\",\"name\":\"El gran llibre del cos - Editorial Juventud\",\"isPartOf\":{\"@id\":\"https:\\\/\\\/www.editorialjuventud.es\\\/#website\"},\"primaryImageOfPage\":{\"@id\":\"https:\\\/\\\/www.editorialjuventud.es\\\/ca\\\/el-gran-llibre-del-cos-9788426143594\\\/#primaryimage\"},\"image\":{\"@id\":\"https:\\\/\\\/www.editorialjuventud.es\\\/ca\\\/el-gran-llibre-del-cos-9788426143594\\\/#primaryimage\"},\"thumbnailUrl\":\"https:\\\/\\\/www.editorialjuventud.es\\\/wp-content\\\/uploads\\\/4359.jpg\",\"datePublished\":\"2018-08-24T10:05:41+00:00\",\"dateModified\":\"2019-10-12T14:59:18+00:00\",\"description\":\"Tots necessitem un cos. El nostre cos es presenta en totes les formes i mides, i va canviant al llarg de la nostra vida: quan som nadons, infants,\",\"breadcrumb\":{\"@id\":\"https:\\\/\\\/www.editorialjuventud.es\\\/ca\\\/el-gran-llibre-del-cos-9788426143594\\\/#breadcrumb\"},\"inLanguage\":\"ca\",\"potentialAction\":[{\"@type\":\"ReadAction\",\"target\":[\"https:\\\/\\\/www.editorialjuventud.es\\\/ca\\\/el-gran-llibre-del-cos-9788426143594\\\/\"]}]},{\"@type\":\"ImageObject\",\"inLanguage\":\"ca\",\"@id\":\"https:\\\/\\\/www.editorialjuventud.es\\\/ca\\\/el-gran-llibre-del-cos-9788426143594\\\/#primaryimage\",\"url\":\"https:\\\/\\\/www.editorialjuventud.es\\\/wp-content\\\/uploads\\\/4359.jpg\",\"contentUrl\":\"https:\\\/\\\/www.editorialjuventud.es\\\/wp-content\\\/uploads\\\/4359.jpg\",\"width\":326,\"height\":450,\"caption\":\"4359.jpg\"},{\"@type\":\"BreadcrumbList\",\"@id\":\"https:\\\/\\\/www.editorialjuventud.es\\\/ca\\\/el-gran-llibre-del-cos-9788426143594\\\/#breadcrumb\",\"itemListElement\":[{\"@type\":\"ListItem\",\"position\":1,\"name\":\"Portada\",\"item\":\"https:\\\/\\\/www.editorialjuventud.es\\\/\"},{\"@type\":\"ListItem\",\"position\":2,\"name\":\"cat\u00e1logo\",\"item\":\"https:\\\/\\\/www.editorialjuventud.es\\\/coleccion\\\/catalogo\\\/\"},{\"@type\":\"ListItem\",\"position\":3,\"name\":\"catal\u00e0\",\"item\":\"https:\\\/\\\/www.editorialjuventud.es\\\/coleccion\\\/catala\\\/\"},{\"@type\":\"ListItem\",\"position\":4,\"name\":\"\u00c0lbums Il\u00b7lustrats\",\"item\":\"https:\\\/\\\/www.editorialjuventud.es\\\/coleccion\\\/albums-il%c2%b7lustrats\\\/\"},{\"@type\":\"ListItem\",\"position\":5,\"name\":\"Com i Per qu\u00e8\",\"item\":\"https:\\\/\\\/www.editorialjuventud.es\\\/coleccion\\\/com-i-per-que\\\/\"},{\"@type\":\"ListItem\",\"position\":6,\"name\":\"Grans Llibres de Mary Hoffman i Ros Asquith\",\"item\":\"https:\\\/\\\/www.editorialjuventud.es\\\/ca\\\/coleccion\\\/grans-llibres-de-mary-hoffman-i-ros-asquith\\\/\"},{\"@type\":\"ListItem\",\"position\":7,\"name\":\"El gran llibre del cos\"}]},{\"@type\":\"WebSite\",\"@id\":\"https:\\\/\\\/www.editorialjuventud.es\\\/#website\",\"url\":\"https:\\\/\\\/www.editorialjuventud.es\\\/\",\"name\":\"Editorial Juventud\",\"description\":\"\",\"potentialAction\":[{\"@type\":\"SearchAction\",\"target\":{\"@type\":\"EntryPoint\",\"urlTemplate\":\"https:\\\/\\\/www.editorialjuventud.es\\\/?s={search_term_string}\"},\"query-input\":{\"@type\":\"PropertyValueSpecification\",\"valueRequired\":true,\"valueName\":\"search_term_string\"}}],\"inLanguage\":\"ca\"}]}<\/script>\n<!-- \/ Yoast SEO plugin. -->","yoast_head_json":{"title":"El gran llibre del cos - Editorial Juventud","description":"Tots necessitem un cos. El nostre cos es presenta en totes les formes i mides, i va canviant al llarg de la nostra vida: quan som nadons, infants,","robots":{"index":"index","follow":"follow","max-snippet":"max-snippet:-1","max-image-preview":"max-image-preview:large","max-video-preview":"max-video-preview:-1"},"canonical":"https:\/\/www.editorialjuventud.es\/ca\/el-gran-llibre-del-cos-9788426143594\/","og_locale":"ca_ES","og_type":"article","og_title":"El gran llibre del cos - Editorial Juventud","og_description":"Tots necessitem un cos. El nostre cos es presenta en totes les formes i mides, i va canviant al llarg de la nostra vida: quan som nadons, infants,","og_url":"https:\/\/www.editorialjuventud.es\/ca\/el-gran-llibre-del-cos-9788426143594\/","og_site_name":"Editorial Juventud","article_modified_time":"2019-10-12T14:59:18+00:00","og_image":[{"width":326,"height":450,"url":"https:\/\/www.editorialjuventud.es\/wp-content\/uploads\/4359.jpg","type":"image\/jpeg"}],"twitter_card":"summary_large_image","schema":{"@context":"https:\/\/schema.org","@graph":[{"@type":"WebPage","@id":"https:\/\/www.editorialjuventud.es\/ca\/el-gran-llibre-del-cos-9788426143594\/","url":"https:\/\/www.editorialjuventud.es\/ca\/el-gran-llibre-del-cos-9788426143594\/","name":"El gran llibre del cos - Editorial Juventud","isPartOf":{"@id":"https:\/\/www.editorialjuventud.es\/#website"},"primaryImageOfPage":{"@id":"https:\/\/www.editorialjuventud.es\/ca\/el-gran-llibre-del-cos-9788426143594\/#primaryimage"},"image":{"@id":"https:\/\/www.editorialjuventud.es\/ca\/el-gran-llibre-del-cos-9788426143594\/#primaryimage"},"thumbnailUrl":"https:\/\/www.editorialjuventud.es\/wp-content\/uploads\/4359.jpg","datePublished":"2018-08-24T10:05:41+00:00","dateModified":"2019-10-12T14:59:18+00:00","description":"Tots necessitem un cos. El nostre cos es presenta en totes les formes i mides, i va canviant al llarg de la nostra vida: quan som nadons, infants,","breadcrumb":{"@id":"https:\/\/www.editorialjuventud.es\/ca\/el-gran-llibre-del-cos-9788426143594\/#breadcrumb"},"inLanguage":"ca","potentialAction":[{"@type":"ReadAction","target":["https:\/\/www.editorialjuventud.es\/ca\/el-gran-llibre-del-cos-9788426143594\/"]}]},{"@type":"ImageObject","inLanguage":"ca","@id":"https:\/\/www.editorialjuventud.es\/ca\/el-gran-llibre-del-cos-9788426143594\/#primaryimage","url":"https:\/\/www.editorialjuventud.es\/wp-content\/uploads\/4359.jpg","contentUrl":"https:\/\/www.editorialjuventud.es\/wp-content\/uploads\/4359.jpg","width":326,"height":450,"caption":"4359.jpg"},{"@type":"BreadcrumbList","@id":"https:\/\/www.editorialjuventud.es\/ca\/el-gran-llibre-del-cos-9788426143594\/#breadcrumb","itemListElement":[{"@type":"ListItem","position":1,"name":"Portada","item":"https:\/\/www.editorialjuventud.es\/"},{"@type":"ListItem","position":2,"name":"cat\u00e1logo","item":"https:\/\/www.editorialjuventud.es\/coleccion\/catalogo\/"},{"@type":"ListItem","position":3,"name":"catal\u00e0","item":"https:\/\/www.editorialjuventud.es\/coleccion\/catala\/"},{"@type":"ListItem","position":4,"name":"\u00c0lbums Il\u00b7lustrats","item":"https:\/\/www.editorialjuventud.es\/coleccion\/albums-il%c2%b7lustrats\/"},{"@type":"ListItem","position":5,"name":"Com i Per qu\u00e8","item":"https:\/\/www.editorialjuventud.es\/coleccion\/com-i-per-que\/"},{"@type":"ListItem","position":6,"name":"Grans Llibres de Mary Hoffman i Ros Asquith","item":"https:\/\/www.editorialjuventud.es\/ca\/coleccion\/grans-llibres-de-mary-hoffman-i-ros-asquith\/"},{"@type":"ListItem","position":7,"name":"El gran llibre del cos"}]},{"@type":"WebSite","@id":"https:\/\/www.editorialjuventud.es\/#website","url":"https:\/\/www.editorialjuventud.es\/","name":"Editorial Juventud","description":"","potentialAction":[{"@type":"SearchAction","target":{"@type":"EntryPoint","urlTemplate":"https:\/\/www.editorialjuventud.es\/?s={search_term_string}"},"query-input":{"@type":"PropertyValueSpecification","valueRequired":true,"valueName":"search_term_string"}}],"inLanguage":"ca"}]}},"_links":{"self":[{"href":"https:\/\/www.editorialjuventud.es\/ca\/wp-json\/wp\/v2\/product\/6202","targetHints":{"allow":["GET"]}}],"collection":[{"href":"https:\/\/www.editorialjuventud.es\/ca\/wp-json\/wp\/v2\/product"}],"about":[{"href":"https:\/\/www.editorialjuventud.es\/ca\/wp-json\/wp\/v2\/types\/product"}],"wp:featuredmedia":[{"embeddable":true,"href":"https:\/\/www.editorialjuventud.es\/ca\/wp-json\/wp\/v2\/media\/16886"}],"wp:attachment":[{"href":"https:\/\/www.editorialjuventud.es\/ca\/wp-json\/wp\/v2\/media?parent=6202"}],"wp:term":[{"taxonomy":"product_brand","embeddable":true,"href":"https:\/\/www.editorialjuventud.es\/ca\/wp-json\/wp\/v2\/product_brand?post=6202"},{"taxonomy":"product_cat","embeddable":true,"href":"https:\/\/www.editorialjuventud.es\/ca\/wp-json\/wp\/v2\/product_cat?post=6202"},{"taxonomy":"product_tag","embeddable":true,"href":"https:\/\/www.editorialjuventud.es\/ca\/wp-json\/wp\/v2\/product_tag?post=6202"},{"taxonomy":"coleccion","embeddable":true,"href":"https:\/\/www.editorialjuventud.es\/ca\/wp-json\/wp\/v2\/coleccion?post=6202"}],"curies":[{"name":"wp","href":"https:\/\/api.w.org\/{rel}","templated":true}]}}