{"id":6195,"date":"2018-08-24T12:05:12","date_gmt":"2018-08-24T10:05:12","guid":{"rendered":"http:\/\/www.editorialjuventud.es\/150-actividades-para-jugar-sin-pantallas\/"},"modified":"2025-01-22T13:07:02","modified_gmt":"2025-01-22T12:07:02","slug":"150-actividades-para-jugar-sin-pantallas-9788426143525","status":"publish","type":"product","link":"https:\/\/www.editorialjuventud.es\/ca\/150-actividades-para-jugar-sin-pantallas-9788426143525\/","title":{"rendered":"150 actividades para jugar sin pantallas"},"content":{"rendered":"<p>\u00a1Recupera la hora del juego de toda la vida! Un libro para recuperar el esp\u00edritu del juego imaginativo. Son m\u00e1s de 150 actividades pensadas para ayudar a desarrollar la creatividad y la habilidad de tus ni\u00f1os, sin ninguna pantalla a la vista y con un presupuesto ajustado. Los ni\u00f1os lo pasar\u00e1n bien y adem\u00e1s aprender\u00e1n nociones de ciencia. Un libro para padres y educadores al cuidado de beb\u00e9s y ni\u00f1os mayores: cada proyecto indica para qu\u00e9 edades es recomendada la actividad y qu\u00e9 ingredientes lleva, para ni\u00f1os que sean al\u00e9rgicos o intolerantes (categor\u00edas: sin gluten\/sin ma\u00edz\/sin tintes\/sin frutos secos\/sin huevo\/sin soja o inocuo para beb\u00e9s que se lleven todav\u00eda las cosas a la boca).<\/p>\n","protected":false},"excerpt":{"rendered":"\u00a1Recupera la hora del juego de toda la vida! Un libro para recuperar el esp\u00edritu del juego imaginativo. Son m\u00e1s de 150 actividades pensadas para ayudar a desarrollar la creatividad y la habilidad de tus ni\u00f1os, sin ninguna pantalla a [&hellip;]","protected":false},"featured_media":65874,"template":"","meta":{"_acf_changed":false,"_exactmetrics_skip_tracking":false,"_exactmetrics_sitenote_active":false,"_exactmetrics_sitenote_note":"","_exactmetrics_sitenote_category":0},"product_brand":[],"product_cat":[900,1140,1126,1192],"product_tag":[],"coleccion":[940],"class_list":{"0":"post-6195","1":"product","2":"type-product","3":"status-publish","4":"has-post-thumbnail","6":"product_cat-a-partir-de-5-anos","7":"product_cat-arte-y-creatividad","8":"product_cat-manualidades","9":"product_cat-manualidades-tematica","10":"coleccion-manos-creativas","12":"first","13":"outofstock","14":"taxable","15":"shipping-taxable","16":"purchasable","17":"product-type-simple"},"acf":{"autor":"Citro, Asia","codart":"4352","ediciones":"4","encuadernacion":"R\u00fastica","fecha_de_publicacion":"01\/02\/2016","novedad":"0","paginas":"256","subtitulo":"","texto_web_adicional":"","texto_web_novedad":"","orden":"999","portada":"0","texto_web_resaltado":"","indice":"","autores-libros":[16282],"ilustradores-libros":[16282],"traductores-libros":"","descripcion_corta":"","recomendamos":"","mas_vendido":"","idioma-libro":"","color":false,"formato":"","mas_informacion_del_producto":false,"premios":false,"texto_enlace_cubierta":"","enlace_cubierta":{"ID":21998,"id":21998,"title":"150_actividades","filename":"150_actividades.jpg","filesize":238436,"url":"https:\/\/www.editorialjuventud.es\/wp-content\/uploads\/150_actividades.jpg","link":"https:\/\/www.editorialjuventud.es\/ca\/?attachment_id=21998","alt":"","author":"47","description":"","caption":"","name":"150_actividades","status":"inherit","uploaded_to":6195,"date":"2019-03-11 12:21:37","modified":"2019-03-11 12:21:37","menu_order":0,"mime_type":"image\/jpeg","type":"image","subtype":"jpeg","icon":"https:\/\/www.editorialjuventud.es\/wp-includes\/images\/media\/default.png","width":1160,"height":1516,"sizes":{"thumbnail":"https:\/\/www.editorialjuventud.es\/wp-content\/uploads\/150_actividades-200x200.jpg","thumbnail-width":200,"thumbnail-height":200,"medium":"https:\/\/www.editorialjuventud.es\/wp-content\/uploads\/150_actividades.jpg","medium-width":1160,"medium-height":1516,"medium_large":"https:\/\/www.editorialjuventud.es\/wp-content\/uploads\/150_actividades-768x1004.jpg","medium_large-width":768,"medium_large-height":1004,"large":"https:\/\/www.editorialjuventud.es\/wp-content\/uploads\/150_actividades.jpg","large-width":1160,"large-height":1516,"1536x1536":"https:\/\/www.editorialjuventud.es\/wp-content\/uploads\/150_actividades.jpg","1536x1536-width":1160,"1536x1536-height":1516,"2048x2048":"https:\/\/www.editorialjuventud.es\/wp-content\/uploads\/150_actividades.jpg","2048x2048-width":1160,"2048x2048-height":1516,"woocommerce_thumbnail":"https:\/\/www.editorialjuventud.es\/wp-content\/uploads\/150_actividades-350x457.jpg","woocommerce_thumbnail-width":350,"woocommerce_thumbnail-height":457,"woocommerce_single":"https:\/\/www.editorialjuventud.es\/wp-content\/uploads\/150_actividades-900x1176.jpg","woocommerce_single-width":900,"woocommerce_single-height":1176,"woocommerce_gallery_thumbnail":"https:\/\/www.editorialjuventud.es\/wp-content\/uploads\/150_actividades-100x100.jpg","woocommerce_gallery_thumbnail-width":100,"woocommerce_gallery_thumbnail-height":100,"ppec_logo_image_size":"https:\/\/www.editorialjuventud.es\/wp-content\/uploads\/150_actividades.jpg","ppec_logo_image_size-width":46,"ppec_logo_image_size-height":60,"ppec_header_image_size":"https:\/\/www.editorialjuventud.es\/wp-content\/uploads\/150_actividades.jpg","ppec_header_image_size-width":69,"ppec_header_image_size-height":90}},"texto_enlace_ficha_tecnica":"","enlace_ficha_tecnica":{"ID":21996,"id":21996,"title":"150_actividades_para_jugar_sin_pantallas_Ficha","filename":"150_actividades_para_jugar_sin_pantallas_Ficha.pdf","filesize":498901,"url":"https:\/\/www.editorialjuventud.es\/wp-content\/uploads\/150_actividades_para_jugar_sin_pantallas_Ficha.pdf","link":"https:\/\/www.editorialjuventud.es\/ca\/?attachment_id=21996","alt":"","author":"47","description":"","caption":"","name":"150_actividades_para_jugar_sin_pantallas_ficha","status":"inherit","uploaded_to":6195,"date":"2019-03-11 12:19:51","modified":"2019-03-11 12:19:51","menu_order":0,"mime_type":"application\/pdf","type":"application","subtype":"pdf","icon":"https:\/\/www.editorialjuventud.es\/wp-includes\/images\/media\/document.png"},"ficheros":false,"titulo-fr":"","texto-fr":"","fecha_de_reimpresion":"01\/05\/2022","deshabilitar_compra":[]},"yoast_head":"<!-- This site is optimized with the Yoast SEO plugin v27.3 - https:\/\/yoast.com\/product\/yoast-seo-wordpress\/ -->\n<title>150 actividades para jugar sin pantallas - Editorial Juventud<\/title>\n<meta name=\"description\" content=\"\u00a1Recupera la hora del juego de toda la vida! Un libro para recuperar el esp\u00edritu del juego imaginativo. Son m\u00e1s de 150 actividades pensadas para ayudar a desarrollar la creatividad y la habilidad de tus ni\u00f1os, sin ninguna pantalla a la vista y con un presupuesto ajustado.\" \/>\n<meta name=\"robots\" content=\"index, follow, max-snippet:-1, max-image-preview:large, max-video-preview:-1\" \/>\n<link rel=\"canonical\" href=\"https:\/\/www.editorialjuventud.es\/150-actividades-para-jugar-sin-pantallas-9788426143525\/\" \/>\n<meta property=\"og:locale\" content=\"ca_ES\" \/>\n<meta property=\"og:type\" content=\"article\" \/>\n<meta property=\"og:title\" content=\"150 actividades para jugar sin pantallas - Editorial Juventud\" \/>\n<meta property=\"og:description\" content=\"\u00a1Recupera la hora del juego de toda la vida! Un libro para recuperar el esp\u00edritu del juego imaginativo. Son m\u00e1s de 150 actividades pensadas para ayudar a desarrollar la creatividad y la habilidad de tus ni\u00f1os, sin ninguna pantalla a la vista y con un presupuesto ajustado.\" \/>\n<meta property=\"og:url\" content=\"https:\/\/www.editorialjuventud.es\/150-actividades-para-jugar-sin-pantallas-9788426143525\/\" \/>\n<meta property=\"og:site_name\" content=\"Editorial Juventud\" \/>\n<meta property=\"article:modified_time\" content=\"2025-01-22T12:07:02+00:00\" \/>\n<meta property=\"og:image\" content=\"https:\/\/www.editorialjuventud.es\/wp-content\/uploads\/4352.jpg\" \/>\n\t<meta property=\"og:image:width\" content=\"343\" \/>\n\t<meta property=\"og:image:height\" content=\"450\" \/>\n\t<meta property=\"og:image:type\" content=\"image\/jpeg\" \/>\n<meta name=\"twitter:card\" content=\"summary_large_image\" \/>\n<meta name=\"twitter:label1\" content=\"Temps estimat de lectura\" \/>\n\t<meta name=\"twitter:data1\" content=\"1 minut\" \/>\n<script type=\"application\/ld+json\" class=\"yoast-schema-graph\">{\"@context\":\"https:\\\/\\\/schema.org\",\"@graph\":[{\"@type\":\"WebPage\",\"@id\":\"https:\\\/\\\/www.editorialjuventud.es\\\/150-actividades-para-jugar-sin-pantallas-9788426143525\\\/\",\"url\":\"https:\\\/\\\/www.editorialjuventud.es\\\/150-actividades-para-jugar-sin-pantallas-9788426143525\\\/\",\"name\":\"150 actividades para jugar sin pantallas - Editorial Juventud\",\"isPartOf\":{\"@id\":\"https:\\\/\\\/www.editorialjuventud.es\\\/#website\"},\"primaryImageOfPage\":{\"@id\":\"https:\\\/\\\/www.editorialjuventud.es\\\/150-actividades-para-jugar-sin-pantallas-9788426143525\\\/#primaryimage\"},\"image\":{\"@id\":\"https:\\\/\\\/www.editorialjuventud.es\\\/150-actividades-para-jugar-sin-pantallas-9788426143525\\\/#primaryimage\"},\"thumbnailUrl\":\"https:\\\/\\\/www.editorialjuventud.es\\\/wp-content\\\/uploads\\\/4352.jpg\",\"datePublished\":\"2018-08-24T10:05:12+00:00\",\"dateModified\":\"2025-01-22T12:07:02+00:00\",\"description\":\"\u00a1Recupera la hora del juego de toda la vida! Un libro para recuperar el esp\u00edritu del juego imaginativo. Son m\u00e1s de 150 actividades pensadas para ayudar a desarrollar la creatividad y la habilidad de tus ni\u00f1os, sin ninguna pantalla a la vista y con un presupuesto ajustado.\",\"breadcrumb\":{\"@id\":\"https:\\\/\\\/www.editorialjuventud.es\\\/150-actividades-para-jugar-sin-pantallas-9788426143525\\\/#breadcrumb\"},\"inLanguage\":\"ca\",\"potentialAction\":[{\"@type\":\"ReadAction\",\"target\":[\"https:\\\/\\\/www.editorialjuventud.es\\\/150-actividades-para-jugar-sin-pantallas-9788426143525\\\/\"]}]},{\"@type\":\"ImageObject\",\"inLanguage\":\"ca\",\"@id\":\"https:\\\/\\\/www.editorialjuventud.es\\\/150-actividades-para-jugar-sin-pantallas-9788426143525\\\/#primaryimage\",\"url\":\"https:\\\/\\\/www.editorialjuventud.es\\\/wp-content\\\/uploads\\\/4352.jpg\",\"contentUrl\":\"https:\\\/\\\/www.editorialjuventud.es\\\/wp-content\\\/uploads\\\/4352.jpg\",\"width\":343,\"height\":450,\"caption\":\"4352.jpg\"},{\"@type\":\"BreadcrumbList\",\"@id\":\"https:\\\/\\\/www.editorialjuventud.es\\\/150-actividades-para-jugar-sin-pantallas-9788426143525\\\/#breadcrumb\",\"itemListElement\":[{\"@type\":\"ListItem\",\"position\":1,\"name\":\"Portada\",\"item\":\"https:\\\/\\\/www.editorialjuventud.es\\\/\"},{\"@type\":\"ListItem\",\"position\":2,\"name\":\"cat\u00e1logo\",\"item\":\"https:\\\/\\\/www.editorialjuventud.es\\\/coleccion\\\/catalogo\\\/\"},{\"@type\":\"ListItem\",\"position\":3,\"name\":\"castellano\",\"item\":\"https:\\\/\\\/www.editorialjuventud.es\\\/coleccion\\\/castellano\\\/\"},{\"@type\":\"ListItem\",\"position\":4,\"name\":\"Manos Creativas\",\"item\":\"https:\\\/\\\/www.editorialjuventud.es\\\/coleccion\\\/manos-creativas\\\/\"},{\"@type\":\"ListItem\",\"position\":5,\"name\":\"150 actividades para jugar sin pantallas\"}]},{\"@type\":\"WebSite\",\"@id\":\"https:\\\/\\\/www.editorialjuventud.es\\\/#website\",\"url\":\"https:\\\/\\\/www.editorialjuventud.es\\\/\",\"name\":\"Editorial Juventud\",\"description\":\"\",\"potentialAction\":[{\"@type\":\"SearchAction\",\"target\":{\"@type\":\"EntryPoint\",\"urlTemplate\":\"https:\\\/\\\/www.editorialjuventud.es\\\/?s={search_term_string}\"},\"query-input\":{\"@type\":\"PropertyValueSpecification\",\"valueRequired\":true,\"valueName\":\"search_term_string\"}}],\"inLanguage\":\"ca\"}]}<\/script>\n<!-- \/ Yoast SEO plugin. -->","yoast_head_json":{"title":"150 actividades para jugar sin pantallas - Editorial Juventud","description":"\u00a1Recupera la hora del juego de toda la vida! Un libro para recuperar el esp\u00edritu del juego imaginativo. Son m\u00e1s de 150 actividades pensadas para ayudar a desarrollar la creatividad y la habilidad de tus ni\u00f1os, sin ninguna pantalla a la vista y con un presupuesto ajustado.","robots":{"index":"index","follow":"follow","max-snippet":"max-snippet:-1","max-image-preview":"max-image-preview:large","max-video-preview":"max-video-preview:-1"},"canonical":"https:\/\/www.editorialjuventud.es\/150-actividades-para-jugar-sin-pantallas-9788426143525\/","og_locale":"ca_ES","og_type":"article","og_title":"150 actividades para jugar sin pantallas - Editorial Juventud","og_description":"\u00a1Recupera la hora del juego de toda la vida! Un libro para recuperar el esp\u00edritu del juego imaginativo. Son m\u00e1s de 150 actividades pensadas para ayudar a desarrollar la creatividad y la habilidad de tus ni\u00f1os, sin ninguna pantalla a la vista y con un presupuesto ajustado.","og_url":"https:\/\/www.editorialjuventud.es\/150-actividades-para-jugar-sin-pantallas-9788426143525\/","og_site_name":"Editorial Juventud","article_modified_time":"2025-01-22T12:07:02+00:00","og_image":[{"width":343,"height":450,"url":"https:\/\/www.editorialjuventud.es\/wp-content\/uploads\/4352.jpg","type":"image\/jpeg"}],"twitter_card":"summary_large_image","twitter_misc":{"Temps estimat de lectura":"1 minut"},"schema":{"@context":"https:\/\/schema.org","@graph":[{"@type":"WebPage","@id":"https:\/\/www.editorialjuventud.es\/150-actividades-para-jugar-sin-pantallas-9788426143525\/","url":"https:\/\/www.editorialjuventud.es\/150-actividades-para-jugar-sin-pantallas-9788426143525\/","name":"150 actividades para jugar sin pantallas - Editorial Juventud","isPartOf":{"@id":"https:\/\/www.editorialjuventud.es\/#website"},"primaryImageOfPage":{"@id":"https:\/\/www.editorialjuventud.es\/150-actividades-para-jugar-sin-pantallas-9788426143525\/#primaryimage"},"image":{"@id":"https:\/\/www.editorialjuventud.es\/150-actividades-para-jugar-sin-pantallas-9788426143525\/#primaryimage"},"thumbnailUrl":"https:\/\/www.editorialjuventud.es\/wp-content\/uploads\/4352.jpg","datePublished":"2018-08-24T10:05:12+00:00","dateModified":"2025-01-22T12:07:02+00:00","description":"\u00a1Recupera la hora del juego de toda la vida! Un libro para recuperar el esp\u00edritu del juego imaginativo. Son m\u00e1s de 150 actividades pensadas para ayudar a desarrollar la creatividad y la habilidad de tus ni\u00f1os, sin ninguna pantalla a la vista y con un presupuesto ajustado.","breadcrumb":{"@id":"https:\/\/www.editorialjuventud.es\/150-actividades-para-jugar-sin-pantallas-9788426143525\/#breadcrumb"},"inLanguage":"ca","potentialAction":[{"@type":"ReadAction","target":["https:\/\/www.editorialjuventud.es\/150-actividades-para-jugar-sin-pantallas-9788426143525\/"]}]},{"@type":"ImageObject","inLanguage":"ca","@id":"https:\/\/www.editorialjuventud.es\/150-actividades-para-jugar-sin-pantallas-9788426143525\/#primaryimage","url":"https:\/\/www.editorialjuventud.es\/wp-content\/uploads\/4352.jpg","contentUrl":"https:\/\/www.editorialjuventud.es\/wp-content\/uploads\/4352.jpg","width":343,"height":450,"caption":"4352.jpg"},{"@type":"BreadcrumbList","@id":"https:\/\/www.editorialjuventud.es\/150-actividades-para-jugar-sin-pantallas-9788426143525\/#breadcrumb","itemListElement":[{"@type":"ListItem","position":1,"name":"Portada","item":"https:\/\/www.editorialjuventud.es\/"},{"@type":"ListItem","position":2,"name":"cat\u00e1logo","item":"https:\/\/www.editorialjuventud.es\/coleccion\/catalogo\/"},{"@type":"ListItem","position":3,"name":"castellano","item":"https:\/\/www.editorialjuventud.es\/coleccion\/castellano\/"},{"@type":"ListItem","position":4,"name":"Manos Creativas","item":"https:\/\/www.editorialjuventud.es\/coleccion\/manos-creativas\/"},{"@type":"ListItem","position":5,"name":"150 actividades para jugar sin pantallas"}]},{"@type":"WebSite","@id":"https:\/\/www.editorialjuventud.es\/#website","url":"https:\/\/www.editorialjuventud.es\/","name":"Editorial Juventud","description":"","potentialAction":[{"@type":"SearchAction","target":{"@type":"EntryPoint","urlTemplate":"https:\/\/www.editorialjuventud.es\/?s={search_term_string}"},"query-input":{"@type":"PropertyValueSpecification","valueRequired":true,"valueName":"search_term_string"}}],"inLanguage":"ca"}]}},"_links":{"self":[{"href":"https:\/\/www.editorialjuventud.es\/ca\/wp-json\/wp\/v2\/product\/6195","targetHints":{"allow":["GET"]}}],"collection":[{"href":"https:\/\/www.editorialjuventud.es\/ca\/wp-json\/wp\/v2\/product"}],"about":[{"href":"https:\/\/www.editorialjuventud.es\/ca\/wp-json\/wp\/v2\/types\/product"}],"wp:featuredmedia":[{"embeddable":true,"href":"https:\/\/www.editorialjuventud.es\/ca\/wp-json\/wp\/v2\/media\/65874"}],"wp:attachment":[{"href":"https:\/\/www.editorialjuventud.es\/ca\/wp-json\/wp\/v2\/media?parent=6195"}],"wp:term":[{"taxonomy":"product_brand","embeddable":true,"href":"https:\/\/www.editorialjuventud.es\/ca\/wp-json\/wp\/v2\/product_brand?post=6195"},{"taxonomy":"product_cat","embeddable":true,"href":"https:\/\/www.editorialjuventud.es\/ca\/wp-json\/wp\/v2\/product_cat?post=6195"},{"taxonomy":"product_tag","embeddable":true,"href":"https:\/\/www.editorialjuventud.es\/ca\/wp-json\/wp\/v2\/product_tag?post=6195"},{"taxonomy":"coleccion","embeddable":true,"href":"https:\/\/www.editorialjuventud.es\/ca\/wp-json\/wp\/v2\/coleccion?post=6195"}],"curies":[{"name":"wp","href":"https:\/\/api.w.org\/{rel}","templated":true}]}}