{"id":6189,"date":"2018-08-24T11:59:53","date_gmt":"2018-08-24T09:59:53","guid":{"rendered":"http:\/\/www.editorialjuventud.es\/arte-3d-en-accion\/"},"modified":"2019-10-12T15:09:26","modified_gmt":"2019-10-12T13:09:26","slug":"arte-3d-en-accion-9788426143488","status":"publish","type":"product","link":"https:\/\/www.editorialjuventud.es\/ca\/arte-3d-en-accion-9788426143488\/","title":{"rendered":"Arte 3D en acci\u00f3n"},"content":{"rendered":"<p>El arte tridimensional (ya sea escultura, cer\u00e1mica, instalaciones, textiles o collage) combina lo visual y lo f\u00edsico, y es ideal para los ni\u00f1os que disfrutan trabajando con las manos y ensuci\u00e1ndolo un poco todo. Este libro acerca a los j\u00f3venes artistas a las obras de arte en tres dimensiones de todos los tiempos como inspiraci\u00f3n para emocionantes ideas creativas. Los chicos podr\u00e1n crear una maceta con lunares influenciada por Yayoi Kusama, tejer un tapiz de inspiraci\u00f3n cubista, esculpir un retrato de arcilla inspirado en Picasso&#8230; \u00a1Y 33 fascinantes proyectos m\u00e1s para ponerse manos en acci\u00f3n!<\/p>\n","protected":false},"excerpt":{"rendered":"El arte tridimensional (ya sea escultura, cer\u00e1mica, instalaciones, textiles o collage) combina lo visual y lo f\u00edsico, y es ideal para los ni\u00f1os que disfrutan trabajando con las manos y ensuci\u00e1ndolo un poco todo. Este libro acerca a los j\u00f3venes [&hellip;]","protected":false},"featured_media":16868,"template":"","meta":{"_acf_changed":false,"_exactmetrics_skip_tracking":false,"_exactmetrics_sitenote_active":false,"_exactmetrics_sitenote_note":"","_exactmetrics_sitenote_category":0},"product_brand":[],"product_cat":[902,1140,892,1115,1126,1192,1128],"product_tag":[],"coleccion":[1009,916,940],"class_list":{"0":"post-6189","1":"product","2":"type-product","3":"status-publish","4":"has-post-thumbnail","6":"product_cat-a-partir-de-7-anos","7":"product_cat-arte-y-creatividad","8":"product_cat-edades","9":"product_cat-generos","10":"product_cat-manualidades","11":"product_cat-manualidades-tematica","12":"product_cat-tematica","13":"coleccion-arte-en-accion","14":"coleccion-castellano","15":"coleccion-manos-creativas","17":"first","18":"instock","19":"taxable","20":"shipping-taxable","21":"purchasable","22":"product-type-simple"},"acf":{"autor":"Pitamic, Maja","codart":"4348","ediciones":"1","encuadernacion":"R\u00fastica","fecha_de_publicacion":"05\/01\/2016","novedad":"0","paginas":"144","subtitulo":"","texto_web_adicional":"","texto_web_novedad":"","orden":"999","portada":"0","texto_web_resaltado":"","indice":"","autores-libros":[16450,16554],"ilustradores-libros":"","traductores-libros":"","descripcion_corta":"","recomendamos":"","mas_vendido":"","idioma-libro":"","color":false,"formato":"","mas_informacion_del_producto":false,"premios":false,"texto_enlace_cubierta":"","enlace_cubierta":false,"texto_enlace_ficha_tecnica":"","enlace_ficha_tecnica":false,"ficheros":false,"titulo-fr":"","texto-fr":""},"yoast_head":"<!-- This site is optimized with the Yoast SEO plugin v27.3 - https:\/\/yoast.com\/product\/yoast-seo-wordpress\/ -->\n<title>Arte 3D en acci\u00f3n - Editorial Juventud<\/title>\n<meta name=\"description\" content=\"El arte tridimensional (ya sea escultura, cer\u00e1mica, instalaciones, textiles o collage) combina lo visual y lo f\u00edsico, y es ideal para los ni\u00f1os que\" \/>\n<meta name=\"robots\" content=\"index, follow, max-snippet:-1, max-image-preview:large, max-video-preview:-1\" \/>\n<link rel=\"canonical\" href=\"https:\/\/www.editorialjuventud.es\/arte-3d-en-accion-9788426143488\/\" \/>\n<meta property=\"og:locale\" content=\"ca_ES\" \/>\n<meta property=\"og:type\" content=\"article\" \/>\n<meta property=\"og:title\" content=\"Arte 3D en acci\u00f3n - Editorial Juventud\" \/>\n<meta property=\"og:description\" content=\"El arte tridimensional (ya sea escultura, cer\u00e1mica, instalaciones, textiles o collage) combina lo visual y lo f\u00edsico, y es ideal para los ni\u00f1os que\" \/>\n<meta property=\"og:url\" content=\"https:\/\/www.editorialjuventud.es\/arte-3d-en-accion-9788426143488\/\" \/>\n<meta property=\"og:site_name\" content=\"Editorial Juventud\" \/>\n<meta property=\"article:modified_time\" content=\"2019-10-12T13:09:26+00:00\" \/>\n<meta property=\"og:image\" content=\"https:\/\/www.editorialjuventud.es\/wp-content\/uploads\/4348.jpg\" \/>\n\t<meta property=\"og:image:width\" content=\"376\" \/>\n\t<meta property=\"og:image:height\" content=\"450\" \/>\n\t<meta property=\"og:image:type\" content=\"image\/jpeg\" \/>\n<meta name=\"twitter:card\" content=\"summary_large_image\" \/>\n<meta name=\"twitter:label1\" content=\"Temps estimat de lectura\" \/>\n\t<meta name=\"twitter:data1\" content=\"1 minut\" \/>\n<script type=\"application\/ld+json\" class=\"yoast-schema-graph\">{\"@context\":\"https:\\\/\\\/schema.org\",\"@graph\":[{\"@type\":\"WebPage\",\"@id\":\"https:\\\/\\\/www.editorialjuventud.es\\\/arte-3d-en-accion-9788426143488\\\/\",\"url\":\"https:\\\/\\\/www.editorialjuventud.es\\\/arte-3d-en-accion-9788426143488\\\/\",\"name\":\"Arte 3D en acci\u00f3n - Editorial Juventud\",\"isPartOf\":{\"@id\":\"https:\\\/\\\/www.editorialjuventud.es\\\/#website\"},\"primaryImageOfPage\":{\"@id\":\"https:\\\/\\\/www.editorialjuventud.es\\\/arte-3d-en-accion-9788426143488\\\/#primaryimage\"},\"image\":{\"@id\":\"https:\\\/\\\/www.editorialjuventud.es\\\/arte-3d-en-accion-9788426143488\\\/#primaryimage\"},\"thumbnailUrl\":\"https:\\\/\\\/www.editorialjuventud.es\\\/wp-content\\\/uploads\\\/4348.jpg\",\"datePublished\":\"2018-08-24T09:59:53+00:00\",\"dateModified\":\"2019-10-12T13:09:26+00:00\",\"description\":\"El arte tridimensional (ya sea escultura, cer\u00e1mica, instalaciones, textiles o collage) combina lo visual y lo f\u00edsico, y es ideal para los ni\u00f1os que\",\"breadcrumb\":{\"@id\":\"https:\\\/\\\/www.editorialjuventud.es\\\/arte-3d-en-accion-9788426143488\\\/#breadcrumb\"},\"inLanguage\":\"ca\",\"potentialAction\":[{\"@type\":\"ReadAction\",\"target\":[\"https:\\\/\\\/www.editorialjuventud.es\\\/arte-3d-en-accion-9788426143488\\\/\"]}]},{\"@type\":\"ImageObject\",\"inLanguage\":\"ca\",\"@id\":\"https:\\\/\\\/www.editorialjuventud.es\\\/arte-3d-en-accion-9788426143488\\\/#primaryimage\",\"url\":\"https:\\\/\\\/www.editorialjuventud.es\\\/wp-content\\\/uploads\\\/4348.jpg\",\"contentUrl\":\"https:\\\/\\\/www.editorialjuventud.es\\\/wp-content\\\/uploads\\\/4348.jpg\",\"width\":376,\"height\":450,\"caption\":\"4348.jpg\"},{\"@type\":\"BreadcrumbList\",\"@id\":\"https:\\\/\\\/www.editorialjuventud.es\\\/arte-3d-en-accion-9788426143488\\\/#breadcrumb\",\"itemListElement\":[{\"@type\":\"ListItem\",\"position\":1,\"name\":\"Portada\",\"item\":\"https:\\\/\\\/www.editorialjuventud.es\\\/\"},{\"@type\":\"ListItem\",\"position\":2,\"name\":\"cat\u00e1logo\",\"item\":\"https:\\\/\\\/www.editorialjuventud.es\\\/coleccion\\\/catalogo\\\/\"},{\"@type\":\"ListItem\",\"position\":3,\"name\":\"castellano\",\"item\":\"https:\\\/\\\/www.editorialjuventud.es\\\/coleccion\\\/castellano\\\/\"},{\"@type\":\"ListItem\",\"position\":4,\"name\":\"Manos Creativas\",\"item\":\"https:\\\/\\\/www.editorialjuventud.es\\\/coleccion\\\/manos-creativas\\\/\"},{\"@type\":\"ListItem\",\"position\":5,\"name\":\"Arte en Acci\u00f3n\",\"item\":\"https:\\\/\\\/www.editorialjuventud.es\\\/coleccion\\\/arte-en-accion\\\/\"},{\"@type\":\"ListItem\",\"position\":6,\"name\":\"Arte 3D en acci\u00f3n\"}]},{\"@type\":\"WebSite\",\"@id\":\"https:\\\/\\\/www.editorialjuventud.es\\\/#website\",\"url\":\"https:\\\/\\\/www.editorialjuventud.es\\\/\",\"name\":\"Editorial Juventud\",\"description\":\"\",\"potentialAction\":[{\"@type\":\"SearchAction\",\"target\":{\"@type\":\"EntryPoint\",\"urlTemplate\":\"https:\\\/\\\/www.editorialjuventud.es\\\/?s={search_term_string}\"},\"query-input\":{\"@type\":\"PropertyValueSpecification\",\"valueRequired\":true,\"valueName\":\"search_term_string\"}}],\"inLanguage\":\"ca\"}]}<\/script>\n<!-- \/ Yoast SEO plugin. -->","yoast_head_json":{"title":"Arte 3D en acci\u00f3n - Editorial Juventud","description":"El arte tridimensional (ya sea escultura, cer\u00e1mica, instalaciones, textiles o collage) combina lo visual y lo f\u00edsico, y es ideal para los ni\u00f1os que","robots":{"index":"index","follow":"follow","max-snippet":"max-snippet:-1","max-image-preview":"max-image-preview:large","max-video-preview":"max-video-preview:-1"},"canonical":"https:\/\/www.editorialjuventud.es\/arte-3d-en-accion-9788426143488\/","og_locale":"ca_ES","og_type":"article","og_title":"Arte 3D en acci\u00f3n - Editorial Juventud","og_description":"El arte tridimensional (ya sea escultura, cer\u00e1mica, instalaciones, textiles o collage) combina lo visual y lo f\u00edsico, y es ideal para los ni\u00f1os que","og_url":"https:\/\/www.editorialjuventud.es\/arte-3d-en-accion-9788426143488\/","og_site_name":"Editorial Juventud","article_modified_time":"2019-10-12T13:09:26+00:00","og_image":[{"width":376,"height":450,"url":"https:\/\/www.editorialjuventud.es\/wp-content\/uploads\/4348.jpg","type":"image\/jpeg"}],"twitter_card":"summary_large_image","twitter_misc":{"Temps estimat de lectura":"1 minut"},"schema":{"@context":"https:\/\/schema.org","@graph":[{"@type":"WebPage","@id":"https:\/\/www.editorialjuventud.es\/arte-3d-en-accion-9788426143488\/","url":"https:\/\/www.editorialjuventud.es\/arte-3d-en-accion-9788426143488\/","name":"Arte 3D en acci\u00f3n - Editorial Juventud","isPartOf":{"@id":"https:\/\/www.editorialjuventud.es\/#website"},"primaryImageOfPage":{"@id":"https:\/\/www.editorialjuventud.es\/arte-3d-en-accion-9788426143488\/#primaryimage"},"image":{"@id":"https:\/\/www.editorialjuventud.es\/arte-3d-en-accion-9788426143488\/#primaryimage"},"thumbnailUrl":"https:\/\/www.editorialjuventud.es\/wp-content\/uploads\/4348.jpg","datePublished":"2018-08-24T09:59:53+00:00","dateModified":"2019-10-12T13:09:26+00:00","description":"El arte tridimensional (ya sea escultura, cer\u00e1mica, instalaciones, textiles o collage) combina lo visual y lo f\u00edsico, y es ideal para los ni\u00f1os que","breadcrumb":{"@id":"https:\/\/www.editorialjuventud.es\/arte-3d-en-accion-9788426143488\/#breadcrumb"},"inLanguage":"ca","potentialAction":[{"@type":"ReadAction","target":["https:\/\/www.editorialjuventud.es\/arte-3d-en-accion-9788426143488\/"]}]},{"@type":"ImageObject","inLanguage":"ca","@id":"https:\/\/www.editorialjuventud.es\/arte-3d-en-accion-9788426143488\/#primaryimage","url":"https:\/\/www.editorialjuventud.es\/wp-content\/uploads\/4348.jpg","contentUrl":"https:\/\/www.editorialjuventud.es\/wp-content\/uploads\/4348.jpg","width":376,"height":450,"caption":"4348.jpg"},{"@type":"BreadcrumbList","@id":"https:\/\/www.editorialjuventud.es\/arte-3d-en-accion-9788426143488\/#breadcrumb","itemListElement":[{"@type":"ListItem","position":1,"name":"Portada","item":"https:\/\/www.editorialjuventud.es\/"},{"@type":"ListItem","position":2,"name":"cat\u00e1logo","item":"https:\/\/www.editorialjuventud.es\/coleccion\/catalogo\/"},{"@type":"ListItem","position":3,"name":"castellano","item":"https:\/\/www.editorialjuventud.es\/coleccion\/castellano\/"},{"@type":"ListItem","position":4,"name":"Manos Creativas","item":"https:\/\/www.editorialjuventud.es\/coleccion\/manos-creativas\/"},{"@type":"ListItem","position":5,"name":"Arte en Acci\u00f3n","item":"https:\/\/www.editorialjuventud.es\/coleccion\/arte-en-accion\/"},{"@type":"ListItem","position":6,"name":"Arte 3D en acci\u00f3n"}]},{"@type":"WebSite","@id":"https:\/\/www.editorialjuventud.es\/#website","url":"https:\/\/www.editorialjuventud.es\/","name":"Editorial Juventud","description":"","potentialAction":[{"@type":"SearchAction","target":{"@type":"EntryPoint","urlTemplate":"https:\/\/www.editorialjuventud.es\/?s={search_term_string}"},"query-input":{"@type":"PropertyValueSpecification","valueRequired":true,"valueName":"search_term_string"}}],"inLanguage":"ca"}]}},"_links":{"self":[{"href":"https:\/\/www.editorialjuventud.es\/ca\/wp-json\/wp\/v2\/product\/6189","targetHints":{"allow":["GET"]}}],"collection":[{"href":"https:\/\/www.editorialjuventud.es\/ca\/wp-json\/wp\/v2\/product"}],"about":[{"href":"https:\/\/www.editorialjuventud.es\/ca\/wp-json\/wp\/v2\/types\/product"}],"wp:featuredmedia":[{"embeddable":true,"href":"https:\/\/www.editorialjuventud.es\/ca\/wp-json\/wp\/v2\/media\/16868"}],"wp:attachment":[{"href":"https:\/\/www.editorialjuventud.es\/ca\/wp-json\/wp\/v2\/media?parent=6189"}],"wp:term":[{"taxonomy":"product_brand","embeddable":true,"href":"https:\/\/www.editorialjuventud.es\/ca\/wp-json\/wp\/v2\/product_brand?post=6189"},{"taxonomy":"product_cat","embeddable":true,"href":"https:\/\/www.editorialjuventud.es\/ca\/wp-json\/wp\/v2\/product_cat?post=6189"},{"taxonomy":"product_tag","embeddable":true,"href":"https:\/\/www.editorialjuventud.es\/ca\/wp-json\/wp\/v2\/product_tag?post=6189"},{"taxonomy":"coleccion","embeddable":true,"href":"https:\/\/www.editorialjuventud.es\/ca\/wp-json\/wp\/v2\/coleccion?post=6189"}],"curies":[{"name":"wp","href":"https:\/\/api.w.org\/{rel}","templated":true}]}}