{"id":6187,"date":"2018-08-24T11:59:43","date_gmt":"2018-08-24T09:59:43","guid":{"rendered":"http:\/\/www.editorialjuventud.es\/el-gran-llibre-de-les-cuques\/"},"modified":"2024-11-20T12:15:12","modified_gmt":"2024-11-20T11:15:12","slug":"el-gran-llibre-de-les-cuques-9788426143464","status":"publish","type":"product","link":"https:\/\/www.editorialjuventud.es\/ca\/el-gran-llibre-de-les-cuques-9788426143464\/","title":{"rendered":"El gran llibre de les cuques"},"content":{"rendered":"<p>Des d&#8217;arnes a escarabats, cucs i aranyes, el m\u00f3n \u00e9s ple de bestioles fascinants! El gran llibre de les cuques \u00e9s ple de dades perqu\u00e8 els nens comencin a explorar l&#8217;\u00e0mplia gamma d&#8217;insectes que poblen la nostra Terra. A les primeres  p\u00e0gines, els nens aprenen que els insectes viuen gaireb\u00e9 a tot arreu del planeta i s&#8217;ensenyen alguns trucs perqu\u00e8 esdevinguin observadors de cuques. A mesura que el llibre avan\u00e7a es mostren els principals grups d&#8217;insectes, aix\u00ed com algunes de les seves peculiaritats: cuques que surten a la nit, cries de cuques, cicles de vida, cuques que s&#8217;amaguen o com \u00e9s la llar d&#8217;algunes d&#8217;elles. Amb un text divertit ple de fets contrastats i unes il\u00b7lustracions plenes de color, aquest llibre sorprendr\u00e0 tant a nens com a adults.<\/p>\n","protected":false},"excerpt":{"rendered":"Zommer, Yuval","protected":false},"featured_media":16864,"template":"","meta":{"_acf_changed":false,"_exactmetrics_skip_tracking":false,"_exactmetrics_sitenote_active":false,"_exactmetrics_sitenote_note":"","_exactmetrics_sitenote_category":0},"product_brand":[],"product_cat":[900,892,1187,1123,1128],"product_tag":[],"coleccion":[946,1032],"class_list":{"0":"post-6187","1":"product","2":"type-product","3":"status-publish","4":"has-post-thumbnail","6":"product_cat-a-partir-de-5-anos","7":"product_cat-edades","8":"product_cat-insectos","9":"product_cat-libros-informativos-infantil","10":"product_cat-tematica","11":"coleccion-com-i-per-que","12":"coleccion-fauna-i-flora","14":"first","15":"instock","16":"taxable","17":"shipping-taxable","18":"purchasable","19":"product-type-simple"},"acf":{"autor":"Zommer, Yuval","codart":"4346","ediciones":"6","encuadernacion":"Carton\u00e9","fecha_de_publicacion":"01\/04\/2016","novedad":"0","paginas":"64","subtitulo":"","texto_web_adicional":"","texto_web_novedad":"","orden":"999","portada":"0","texto_web_resaltado":"","indice":"","autores-libros":[16700],"ilustradores-libros":[16700],"traductores-libros":[18265],"descripcion_corta":"","recomendamos":"","mas_vendido":"","idioma-libro":"","color":false,"formato":"","mas_informacion_del_producto":false,"premios":false,"texto_enlace_cubierta":"","enlace_cubierta":false,"texto_enlace_ficha_tecnica":"","enlace_ficha_tecnica":false,"ficheros":false,"titulo-fr":"","texto-fr":"","fecha_de_reimpresion":"01\/09\/2022","deshabilitar_compra":[]},"yoast_head":"<!-- This site is optimized with the Yoast SEO plugin v27.3 - https:\/\/yoast.com\/product\/yoast-seo-wordpress\/ -->\n<title>El gran llibre de les cuques - Editorial Juventud<\/title>\n<meta name=\"description\" content=\"Zommer, Yuval\" \/>\n<meta name=\"robots\" content=\"index, follow, max-snippet:-1, max-image-preview:large, max-video-preview:-1\" \/>\n<link rel=\"canonical\" href=\"https:\/\/www.editorialjuventud.es\/el-gran-llibre-de-les-cuques-9788426143464\/\" \/>\n<meta property=\"og:locale\" content=\"ca_ES\" \/>\n<meta property=\"og:type\" content=\"article\" \/>\n<meta property=\"og:title\" content=\"El gran llibre de les cuques - Editorial Juventud\" \/>\n<meta property=\"og:description\" content=\"Zommer, Yuval\" \/>\n<meta property=\"og:url\" content=\"https:\/\/www.editorialjuventud.es\/el-gran-llibre-de-les-cuques-9788426143464\/\" \/>\n<meta property=\"og:site_name\" content=\"Editorial Juventud\" \/>\n<meta property=\"article:modified_time\" content=\"2024-11-20T11:15:12+00:00\" \/>\n<meta property=\"og:image\" content=\"https:\/\/www.editorialjuventud.es\/wp-content\/uploads\/4346.jpg\" \/>\n\t<meta property=\"og:image:width\" content=\"306\" \/>\n\t<meta property=\"og:image:height\" content=\"450\" \/>\n\t<meta property=\"og:image:type\" content=\"image\/jpeg\" \/>\n<meta name=\"twitter:card\" content=\"summary_large_image\" \/>\n<meta name=\"twitter:label1\" content=\"Temps estimat de lectura\" \/>\n\t<meta name=\"twitter:data1\" content=\"1 minut\" \/>\n<script type=\"application\/ld+json\" class=\"yoast-schema-graph\">{\"@context\":\"https:\\\/\\\/schema.org\",\"@graph\":[{\"@type\":\"WebPage\",\"@id\":\"https:\\\/\\\/www.editorialjuventud.es\\\/el-gran-llibre-de-les-cuques-9788426143464\\\/\",\"url\":\"https:\\\/\\\/www.editorialjuventud.es\\\/el-gran-llibre-de-les-cuques-9788426143464\\\/\",\"name\":\"El gran llibre de les cuques - Editorial Juventud\",\"isPartOf\":{\"@id\":\"https:\\\/\\\/www.editorialjuventud.es\\\/#website\"},\"primaryImageOfPage\":{\"@id\":\"https:\\\/\\\/www.editorialjuventud.es\\\/el-gran-llibre-de-les-cuques-9788426143464\\\/#primaryimage\"},\"image\":{\"@id\":\"https:\\\/\\\/www.editorialjuventud.es\\\/el-gran-llibre-de-les-cuques-9788426143464\\\/#primaryimage\"},\"thumbnailUrl\":\"https:\\\/\\\/www.editorialjuventud.es\\\/wp-content\\\/uploads\\\/4346.jpg\",\"datePublished\":\"2018-08-24T09:59:43+00:00\",\"dateModified\":\"2024-11-20T11:15:12+00:00\",\"description\":\"Zommer, Yuval\",\"breadcrumb\":{\"@id\":\"https:\\\/\\\/www.editorialjuventud.es\\\/el-gran-llibre-de-les-cuques-9788426143464\\\/#breadcrumb\"},\"inLanguage\":\"ca\",\"potentialAction\":[{\"@type\":\"ReadAction\",\"target\":[\"https:\\\/\\\/www.editorialjuventud.es\\\/el-gran-llibre-de-les-cuques-9788426143464\\\/\"]}]},{\"@type\":\"ImageObject\",\"inLanguage\":\"ca\",\"@id\":\"https:\\\/\\\/www.editorialjuventud.es\\\/el-gran-llibre-de-les-cuques-9788426143464\\\/#primaryimage\",\"url\":\"https:\\\/\\\/www.editorialjuventud.es\\\/wp-content\\\/uploads\\\/4346.jpg\",\"contentUrl\":\"https:\\\/\\\/www.editorialjuventud.es\\\/wp-content\\\/uploads\\\/4346.jpg\",\"width\":306,\"height\":450,\"caption\":\"4346.jpg\"},{\"@type\":\"BreadcrumbList\",\"@id\":\"https:\\\/\\\/www.editorialjuventud.es\\\/el-gran-llibre-de-les-cuques-9788426143464\\\/#breadcrumb\",\"itemListElement\":[{\"@type\":\"ListItem\",\"position\":1,\"name\":\"Portada\",\"item\":\"https:\\\/\\\/www.editorialjuventud.es\\\/\"},{\"@type\":\"ListItem\",\"position\":2,\"name\":\"cat\u00e1logo\",\"item\":\"https:\\\/\\\/www.editorialjuventud.es\\\/coleccion\\\/catalogo\\\/\"},{\"@type\":\"ListItem\",\"position\":3,\"name\":\"catal\u00e0\",\"item\":\"https:\\\/\\\/www.editorialjuventud.es\\\/coleccion\\\/catala\\\/\"},{\"@type\":\"ListItem\",\"position\":4,\"name\":\"\u00c0lbums Il\u00b7lustrats\",\"item\":\"https:\\\/\\\/www.editorialjuventud.es\\\/coleccion\\\/albums-il%c2%b7lustrats\\\/\"},{\"@type\":\"ListItem\",\"position\":5,\"name\":\"Com i Per qu\u00e8\",\"item\":\"https:\\\/\\\/www.editorialjuventud.es\\\/coleccion\\\/com-i-per-que\\\/\"},{\"@type\":\"ListItem\",\"position\":6,\"name\":\"Fauna i Flora\",\"item\":\"https:\\\/\\\/www.editorialjuventud.es\\\/coleccion\\\/fauna-i-flora\\\/\"},{\"@type\":\"ListItem\",\"position\":7,\"name\":\"El gran llibre de les cuques\"}]},{\"@type\":\"WebSite\",\"@id\":\"https:\\\/\\\/www.editorialjuventud.es\\\/#website\",\"url\":\"https:\\\/\\\/www.editorialjuventud.es\\\/\",\"name\":\"Editorial Juventud\",\"description\":\"\",\"potentialAction\":[{\"@type\":\"SearchAction\",\"target\":{\"@type\":\"EntryPoint\",\"urlTemplate\":\"https:\\\/\\\/www.editorialjuventud.es\\\/?s={search_term_string}\"},\"query-input\":{\"@type\":\"PropertyValueSpecification\",\"valueRequired\":true,\"valueName\":\"search_term_string\"}}],\"inLanguage\":\"ca\"}]}<\/script>\n<!-- \/ Yoast SEO plugin. -->","yoast_head_json":{"title":"El gran llibre de les cuques - Editorial Juventud","description":"Zommer, Yuval","robots":{"index":"index","follow":"follow","max-snippet":"max-snippet:-1","max-image-preview":"max-image-preview:large","max-video-preview":"max-video-preview:-1"},"canonical":"https:\/\/www.editorialjuventud.es\/el-gran-llibre-de-les-cuques-9788426143464\/","og_locale":"ca_ES","og_type":"article","og_title":"El gran llibre de les cuques - Editorial Juventud","og_description":"Zommer, Yuval","og_url":"https:\/\/www.editorialjuventud.es\/el-gran-llibre-de-les-cuques-9788426143464\/","og_site_name":"Editorial Juventud","article_modified_time":"2024-11-20T11:15:12+00:00","og_image":[{"width":306,"height":450,"url":"https:\/\/www.editorialjuventud.es\/wp-content\/uploads\/4346.jpg","type":"image\/jpeg"}],"twitter_card":"summary_large_image","twitter_misc":{"Temps estimat de lectura":"1 minut"},"schema":{"@context":"https:\/\/schema.org","@graph":[{"@type":"WebPage","@id":"https:\/\/www.editorialjuventud.es\/el-gran-llibre-de-les-cuques-9788426143464\/","url":"https:\/\/www.editorialjuventud.es\/el-gran-llibre-de-les-cuques-9788426143464\/","name":"El gran llibre de les cuques - Editorial Juventud","isPartOf":{"@id":"https:\/\/www.editorialjuventud.es\/#website"},"primaryImageOfPage":{"@id":"https:\/\/www.editorialjuventud.es\/el-gran-llibre-de-les-cuques-9788426143464\/#primaryimage"},"image":{"@id":"https:\/\/www.editorialjuventud.es\/el-gran-llibre-de-les-cuques-9788426143464\/#primaryimage"},"thumbnailUrl":"https:\/\/www.editorialjuventud.es\/wp-content\/uploads\/4346.jpg","datePublished":"2018-08-24T09:59:43+00:00","dateModified":"2024-11-20T11:15:12+00:00","description":"Zommer, Yuval","breadcrumb":{"@id":"https:\/\/www.editorialjuventud.es\/el-gran-llibre-de-les-cuques-9788426143464\/#breadcrumb"},"inLanguage":"ca","potentialAction":[{"@type":"ReadAction","target":["https:\/\/www.editorialjuventud.es\/el-gran-llibre-de-les-cuques-9788426143464\/"]}]},{"@type":"ImageObject","inLanguage":"ca","@id":"https:\/\/www.editorialjuventud.es\/el-gran-llibre-de-les-cuques-9788426143464\/#primaryimage","url":"https:\/\/www.editorialjuventud.es\/wp-content\/uploads\/4346.jpg","contentUrl":"https:\/\/www.editorialjuventud.es\/wp-content\/uploads\/4346.jpg","width":306,"height":450,"caption":"4346.jpg"},{"@type":"BreadcrumbList","@id":"https:\/\/www.editorialjuventud.es\/el-gran-llibre-de-les-cuques-9788426143464\/#breadcrumb","itemListElement":[{"@type":"ListItem","position":1,"name":"Portada","item":"https:\/\/www.editorialjuventud.es\/"},{"@type":"ListItem","position":2,"name":"cat\u00e1logo","item":"https:\/\/www.editorialjuventud.es\/coleccion\/catalogo\/"},{"@type":"ListItem","position":3,"name":"catal\u00e0","item":"https:\/\/www.editorialjuventud.es\/coleccion\/catala\/"},{"@type":"ListItem","position":4,"name":"\u00c0lbums Il\u00b7lustrats","item":"https:\/\/www.editorialjuventud.es\/coleccion\/albums-il%c2%b7lustrats\/"},{"@type":"ListItem","position":5,"name":"Com i Per qu\u00e8","item":"https:\/\/www.editorialjuventud.es\/coleccion\/com-i-per-que\/"},{"@type":"ListItem","position":6,"name":"Fauna i Flora","item":"https:\/\/www.editorialjuventud.es\/coleccion\/fauna-i-flora\/"},{"@type":"ListItem","position":7,"name":"El gran llibre de les cuques"}]},{"@type":"WebSite","@id":"https:\/\/www.editorialjuventud.es\/#website","url":"https:\/\/www.editorialjuventud.es\/","name":"Editorial Juventud","description":"","potentialAction":[{"@type":"SearchAction","target":{"@type":"EntryPoint","urlTemplate":"https:\/\/www.editorialjuventud.es\/?s={search_term_string}"},"query-input":{"@type":"PropertyValueSpecification","valueRequired":true,"valueName":"search_term_string"}}],"inLanguage":"ca"}]}},"_links":{"self":[{"href":"https:\/\/www.editorialjuventud.es\/ca\/wp-json\/wp\/v2\/product\/6187","targetHints":{"allow":["GET"]}}],"collection":[{"href":"https:\/\/www.editorialjuventud.es\/ca\/wp-json\/wp\/v2\/product"}],"about":[{"href":"https:\/\/www.editorialjuventud.es\/ca\/wp-json\/wp\/v2\/types\/product"}],"wp:featuredmedia":[{"embeddable":true,"href":"https:\/\/www.editorialjuventud.es\/ca\/wp-json\/wp\/v2\/media\/16864"}],"wp:attachment":[{"href":"https:\/\/www.editorialjuventud.es\/ca\/wp-json\/wp\/v2\/media?parent=6187"}],"wp:term":[{"taxonomy":"product_brand","embeddable":true,"href":"https:\/\/www.editorialjuventud.es\/ca\/wp-json\/wp\/v2\/product_brand?post=6187"},{"taxonomy":"product_cat","embeddable":true,"href":"https:\/\/www.editorialjuventud.es\/ca\/wp-json\/wp\/v2\/product_cat?post=6187"},{"taxonomy":"product_tag","embeddable":true,"href":"https:\/\/www.editorialjuventud.es\/ca\/wp-json\/wp\/v2\/product_tag?post=6187"},{"taxonomy":"coleccion","embeddable":true,"href":"https:\/\/www.editorialjuventud.es\/ca\/wp-json\/wp\/v2\/coleccion?post=6187"}],"curies":[{"name":"wp","href":"https:\/\/api.w.org\/{rel}","templated":true}]}}