{"id":6185,"date":"2018-08-24T11:59:34","date_gmt":"2018-08-24T09:59:34","guid":{"rendered":"http:\/\/www.editorialjuventud.es\/washi-tape-hazlo-con-cinta-japonesa\/"},"modified":"2021-10-27T21:26:59","modified_gmt":"2021-10-27T19:26:59","slug":"washi-tape-9788426143440","status":"publish","type":"product","link":"https:\/\/www.editorialjuventud.es\/ca\/washi-tape-9788426143440\/","title":{"rendered":"Washi tape"},"content":{"rendered":"<p>La washi tape, o cinta japonesa, se ha vuelto imprescindible para el amante de las manualidades. Preciosas y f\u00e1ciles de usar, estas decorativas cintas de papel procedentes de Jap\u00f3n han triunfado en el mundo del dise\u00f1o. Extremadamente vers\u00e1til y disponible en infinidad de modelos y en diferentes anchos, no hay l\u00edmite a lo que con ella se puede crear. Tanto si ya eres un enamorado de la washi tape o eres nuevo en el mundo de las cintas decorativas, este libro repleto de proyectos seguro que te inspirar\u00e1. Los bellos proyectos fotografiados paso a paso te ense\u00f1an nuevas t\u00e9cnicas para crear y decorar con estas populares cintas, con no menos de 101 creaciones para que las hagas t\u00fa mismo. Descubre c\u00f3mo sacar el m\u00e1ximo partido de las propiedades \u00fanicas de esta nueva cinta para manualidades. \u00a1Crea hermosas tarjetas, felicitaciones personalizadas, cajas de regalo originales, elegantes accesorios de fiesta, marcos de fotos, adornos, juguetes, joyas y mucho m\u00e1s!<\/p>\n","protected":false},"excerpt":{"rendered":"La washi tape, o cinta japonesa, se ha vuelto imprescindible para el amante de las manualidades. Preciosas y f\u00e1ciles de usar, estas decorativas cintas de papel procedentes de Jap\u00f3n han triunfado en el mundo del dise\u00f1o. Extremadamente vers\u00e1til y disponible [&hellip;]","protected":false},"featured_media":16860,"template":"","meta":{"_acf_changed":false,"_exactmetrics_skip_tracking":false,"_exactmetrics_sitenote_active":false,"_exactmetrics_sitenote_note":"","_exactmetrics_sitenote_category":0},"product_brand":[],"product_cat":[1140,892,1115,1126,1128,908],"product_tag":[],"coleccion":[916,940],"class_list":{"0":"post-6185","1":"product","2":"type-product","3":"status-publish","4":"has-post-thumbnail","6":"product_cat-arte-y-creatividad","7":"product_cat-edades","8":"product_cat-generos","9":"product_cat-manualidades","10":"product_cat-tematica","11":"product_cat-todas-las-edades","12":"coleccion-castellano","13":"coleccion-manos-creativas","15":"first","16":"instock","17":"taxable","18":"shipping-taxable","19":"purchasable","20":"product-type-simple"},"acf":{"autor":"EDGHILL, MARISA","codart":"4344","ediciones":"1","encuadernacion":"R\u00fastica","fecha_de_publicacion":"01\/02\/2016","novedad":"0","paginas":"128","subtitulo":"Hazlo con cinta japonesa","texto_web_adicional":"","texto_web_novedad":"","orden":"999","portada":"0","texto_web_resaltado":"","indice":"","autores-libros":[16342],"ilustradores-libros":"","traductores-libros":[58414],"descripcion_corta":"","recomendamos":"","mas_vendido":"","idioma-libro":"","color":false,"formato":"","mas_informacion_del_producto":false,"premios":false,"texto_enlace_cubierta":"","enlace_cubierta":false,"texto_enlace_ficha_tecnica":"","enlace_ficha_tecnica":false,"ficheros":false,"titulo-fr":"","texto-fr":""},"yoast_head":"<!-- This site is optimized with the Yoast SEO plugin v27.5 - https:\/\/yoast.com\/product\/yoast-seo-wordpress\/ -->\n<title>Washi tape - Editorial Juventud<\/title>\n<meta name=\"description\" content=\"La washi tape, o cinta japonesa, se ha vuelto imprescindible para el amante de las manualidades. Preciosas y f\u00e1ciles de usar, estas decorativas cintas de\" \/>\n<meta name=\"robots\" content=\"index, follow, max-snippet:-1, max-image-preview:large, max-video-preview:-1\" \/>\n<link rel=\"canonical\" href=\"https:\/\/www.editorialjuventud.es\/washi-tape-9788426143440\/\" \/>\n<meta property=\"og:locale\" content=\"ca_ES\" \/>\n<meta property=\"og:type\" content=\"article\" \/>\n<meta property=\"og:title\" content=\"Washi tape - Editorial Juventud\" \/>\n<meta property=\"og:description\" content=\"La washi tape, o cinta japonesa, se ha vuelto imprescindible para el amante de las manualidades. Preciosas y f\u00e1ciles de usar, estas decorativas cintas de\" \/>\n<meta property=\"og:url\" content=\"https:\/\/www.editorialjuventud.es\/washi-tape-9788426143440\/\" \/>\n<meta property=\"og:site_name\" content=\"Editorial Juventud\" \/>\n<meta property=\"article:modified_time\" content=\"2021-10-27T19:26:59+00:00\" \/>\n<meta property=\"og:image\" content=\"https:\/\/www.editorialjuventud.es\/wp-content\/uploads\/4344.jpg\" \/>\n\t<meta property=\"og:image:width\" content=\"446\" \/>\n\t<meta property=\"og:image:height\" content=\"450\" \/>\n\t<meta property=\"og:image:type\" content=\"image\/jpeg\" \/>\n<meta name=\"twitter:card\" content=\"summary_large_image\" \/>\n<meta name=\"twitter:label1\" content=\"Temps estimat de lectura\" \/>\n\t<meta name=\"twitter:data1\" content=\"1 minut\" \/>\n<script type=\"application\/ld+json\" class=\"yoast-schema-graph\">{\"@context\":\"https:\\\/\\\/schema.org\",\"@graph\":[{\"@type\":\"WebPage\",\"@id\":\"https:\\\/\\\/www.editorialjuventud.es\\\/washi-tape-9788426143440\\\/\",\"url\":\"https:\\\/\\\/www.editorialjuventud.es\\\/washi-tape-9788426143440\\\/\",\"name\":\"Washi tape - Editorial Juventud\",\"isPartOf\":{\"@id\":\"https:\\\/\\\/www.editorialjuventud.es\\\/#website\"},\"primaryImageOfPage\":{\"@id\":\"https:\\\/\\\/www.editorialjuventud.es\\\/washi-tape-9788426143440\\\/#primaryimage\"},\"image\":{\"@id\":\"https:\\\/\\\/www.editorialjuventud.es\\\/washi-tape-9788426143440\\\/#primaryimage\"},\"thumbnailUrl\":\"https:\\\/\\\/www.editorialjuventud.es\\\/wp-content\\\/uploads\\\/4344.jpg\",\"datePublished\":\"2018-08-24T09:59:34+00:00\",\"dateModified\":\"2021-10-27T19:26:59+00:00\",\"description\":\"La washi tape, o cinta japonesa, se ha vuelto imprescindible para el amante de las manualidades. Preciosas y f\u00e1ciles de usar, estas decorativas cintas de\",\"breadcrumb\":{\"@id\":\"https:\\\/\\\/www.editorialjuventud.es\\\/washi-tape-9788426143440\\\/#breadcrumb\"},\"inLanguage\":\"ca\",\"potentialAction\":[{\"@type\":\"ReadAction\",\"target\":[\"https:\\\/\\\/www.editorialjuventud.es\\\/washi-tape-9788426143440\\\/\"]}]},{\"@type\":\"ImageObject\",\"inLanguage\":\"ca\",\"@id\":\"https:\\\/\\\/www.editorialjuventud.es\\\/washi-tape-9788426143440\\\/#primaryimage\",\"url\":\"https:\\\/\\\/www.editorialjuventud.es\\\/wp-content\\\/uploads\\\/4344.jpg\",\"contentUrl\":\"https:\\\/\\\/www.editorialjuventud.es\\\/wp-content\\\/uploads\\\/4344.jpg\",\"width\":446,\"height\":450,\"caption\":\"4344.jpg\"},{\"@type\":\"BreadcrumbList\",\"@id\":\"https:\\\/\\\/www.editorialjuventud.es\\\/washi-tape-9788426143440\\\/#breadcrumb\",\"itemListElement\":[{\"@type\":\"ListItem\",\"position\":1,\"name\":\"Portada\",\"item\":\"https:\\\/\\\/www.editorialjuventud.es\\\/\"},{\"@type\":\"ListItem\",\"position\":2,\"name\":\"cat\u00e1logo\",\"item\":\"https:\\\/\\\/www.editorialjuventud.es\\\/coleccion\\\/catalogo\\\/\"},{\"@type\":\"ListItem\",\"position\":3,\"name\":\"castellano\",\"item\":\"https:\\\/\\\/www.editorialjuventud.es\\\/coleccion\\\/castellano\\\/\"},{\"@type\":\"ListItem\",\"position\":4,\"name\":\"Manos Creativas\",\"item\":\"https:\\\/\\\/www.editorialjuventud.es\\\/coleccion\\\/manos-creativas\\\/\"},{\"@type\":\"ListItem\",\"position\":5,\"name\":\"Washi tape\"}]},{\"@type\":\"WebSite\",\"@id\":\"https:\\\/\\\/www.editorialjuventud.es\\\/#website\",\"url\":\"https:\\\/\\\/www.editorialjuventud.es\\\/\",\"name\":\"Editorial Juventud\",\"description\":\"\",\"potentialAction\":[{\"@type\":\"SearchAction\",\"target\":{\"@type\":\"EntryPoint\",\"urlTemplate\":\"https:\\\/\\\/www.editorialjuventud.es\\\/?s={search_term_string}\"},\"query-input\":{\"@type\":\"PropertyValueSpecification\",\"valueRequired\":true,\"valueName\":\"search_term_string\"}}],\"inLanguage\":\"ca\"}]}<\/script>\n<!-- \/ Yoast SEO plugin. -->","yoast_head_json":{"title":"Washi tape - Editorial Juventud","description":"La washi tape, o cinta japonesa, se ha vuelto imprescindible para el amante de las manualidades. Preciosas y f\u00e1ciles de usar, estas decorativas cintas de","robots":{"index":"index","follow":"follow","max-snippet":"max-snippet:-1","max-image-preview":"max-image-preview:large","max-video-preview":"max-video-preview:-1"},"canonical":"https:\/\/www.editorialjuventud.es\/washi-tape-9788426143440\/","og_locale":"ca_ES","og_type":"article","og_title":"Washi tape - Editorial Juventud","og_description":"La washi tape, o cinta japonesa, se ha vuelto imprescindible para el amante de las manualidades. Preciosas y f\u00e1ciles de usar, estas decorativas cintas de","og_url":"https:\/\/www.editorialjuventud.es\/washi-tape-9788426143440\/","og_site_name":"Editorial Juventud","article_modified_time":"2021-10-27T19:26:59+00:00","og_image":[{"width":446,"height":450,"url":"https:\/\/www.editorialjuventud.es\/wp-content\/uploads\/4344.jpg","type":"image\/jpeg"}],"twitter_card":"summary_large_image","twitter_misc":{"Temps estimat de lectura":"1 minut"},"schema":{"@context":"https:\/\/schema.org","@graph":[{"@type":"WebPage","@id":"https:\/\/www.editorialjuventud.es\/washi-tape-9788426143440\/","url":"https:\/\/www.editorialjuventud.es\/washi-tape-9788426143440\/","name":"Washi tape - Editorial Juventud","isPartOf":{"@id":"https:\/\/www.editorialjuventud.es\/#website"},"primaryImageOfPage":{"@id":"https:\/\/www.editorialjuventud.es\/washi-tape-9788426143440\/#primaryimage"},"image":{"@id":"https:\/\/www.editorialjuventud.es\/washi-tape-9788426143440\/#primaryimage"},"thumbnailUrl":"https:\/\/www.editorialjuventud.es\/wp-content\/uploads\/4344.jpg","datePublished":"2018-08-24T09:59:34+00:00","dateModified":"2021-10-27T19:26:59+00:00","description":"La washi tape, o cinta japonesa, se ha vuelto imprescindible para el amante de las manualidades. Preciosas y f\u00e1ciles de usar, estas decorativas cintas de","breadcrumb":{"@id":"https:\/\/www.editorialjuventud.es\/washi-tape-9788426143440\/#breadcrumb"},"inLanguage":"ca","potentialAction":[{"@type":"ReadAction","target":["https:\/\/www.editorialjuventud.es\/washi-tape-9788426143440\/"]}]},{"@type":"ImageObject","inLanguage":"ca","@id":"https:\/\/www.editorialjuventud.es\/washi-tape-9788426143440\/#primaryimage","url":"https:\/\/www.editorialjuventud.es\/wp-content\/uploads\/4344.jpg","contentUrl":"https:\/\/www.editorialjuventud.es\/wp-content\/uploads\/4344.jpg","width":446,"height":450,"caption":"4344.jpg"},{"@type":"BreadcrumbList","@id":"https:\/\/www.editorialjuventud.es\/washi-tape-9788426143440\/#breadcrumb","itemListElement":[{"@type":"ListItem","position":1,"name":"Portada","item":"https:\/\/www.editorialjuventud.es\/"},{"@type":"ListItem","position":2,"name":"cat\u00e1logo","item":"https:\/\/www.editorialjuventud.es\/coleccion\/catalogo\/"},{"@type":"ListItem","position":3,"name":"castellano","item":"https:\/\/www.editorialjuventud.es\/coleccion\/castellano\/"},{"@type":"ListItem","position":4,"name":"Manos Creativas","item":"https:\/\/www.editorialjuventud.es\/coleccion\/manos-creativas\/"},{"@type":"ListItem","position":5,"name":"Washi tape"}]},{"@type":"WebSite","@id":"https:\/\/www.editorialjuventud.es\/#website","url":"https:\/\/www.editorialjuventud.es\/","name":"Editorial Juventud","description":"","potentialAction":[{"@type":"SearchAction","target":{"@type":"EntryPoint","urlTemplate":"https:\/\/www.editorialjuventud.es\/?s={search_term_string}"},"query-input":{"@type":"PropertyValueSpecification","valueRequired":true,"valueName":"search_term_string"}}],"inLanguage":"ca"}]}},"_links":{"self":[{"href":"https:\/\/www.editorialjuventud.es\/ca\/wp-json\/wp\/v2\/product\/6185","targetHints":{"allow":["GET"]}}],"collection":[{"href":"https:\/\/www.editorialjuventud.es\/ca\/wp-json\/wp\/v2\/product"}],"about":[{"href":"https:\/\/www.editorialjuventud.es\/ca\/wp-json\/wp\/v2\/types\/product"}],"wp:featuredmedia":[{"embeddable":true,"href":"https:\/\/www.editorialjuventud.es\/ca\/wp-json\/wp\/v2\/media\/16860"}],"wp:attachment":[{"href":"https:\/\/www.editorialjuventud.es\/ca\/wp-json\/wp\/v2\/media?parent=6185"}],"wp:term":[{"taxonomy":"product_brand","embeddable":true,"href":"https:\/\/www.editorialjuventud.es\/ca\/wp-json\/wp\/v2\/product_brand?post=6185"},{"taxonomy":"product_cat","embeddable":true,"href":"https:\/\/www.editorialjuventud.es\/ca\/wp-json\/wp\/v2\/product_cat?post=6185"},{"taxonomy":"product_tag","embeddable":true,"href":"https:\/\/www.editorialjuventud.es\/ca\/wp-json\/wp\/v2\/product_tag?post=6185"},{"taxonomy":"coleccion","embeddable":true,"href":"https:\/\/www.editorialjuventud.es\/ca\/wp-json\/wp\/v2\/coleccion?post=6185"}],"curies":[{"name":"wp","href":"https:\/\/api.w.org\/{rel}","templated":true}]}}