{"id":6179,"date":"2018-08-24T13:59:07","date_gmt":"2018-08-24T09:59:07","guid":{"rendered":"http:\/\/www.editorialjuventud.es\/rescat-animal\/"},"modified":"2023-02-01T13:06:05","modified_gmt":"2023-02-01T12:06:05","slug":"rescat-animal-9788426143396","status":"publish","type":"product","link":"https:\/\/www.editorialjuventud.es\/ca\/rescat-animal-9788426143396\/","title":{"rendered":"Rescat animal"},"content":{"rendered":"<p>Aquest llibre permet als primers lectors convertir-se en herois que rescaten animals tan sols passant de p\u00e0gina. Mitjan\u00e7ant la simple i enginyosa utilitzaci\u00f3 de transpar\u00e8ncies, colors vibrants i una hist\u00f2ria que no precisa de paraules per a entendre-la, els nens s\u00f3n els narradors d\u0092aquest llibre. Poden decidir el futur de cada animal, fent-lo canviar d\u0092escenari nom\u00e9s passant de p\u00e0gina: d\u0092un h\u00e0bitat clarament inapropiat per a la vida salvatge, retornem els animals al seu entorn natural. Una manera divertida i senzilla d\u0092introduir els nens i nenes a la import\u00e0ncia que tenen les nostres accions en la protecci\u00f3 i el benestar dels animals.<\/p>\n","protected":false},"excerpt":{"rendered":"Aquest llibre permet als primers lectors convertir-se en herois que rescaten animals tan sols passant de p\u00e0gina. Mitjan\u00e7ant la simple i enginyosa utilitzaci\u00f3 de transpar\u00e8ncies, colors vibrants i una hist\u00f2ria que no precisa de paraules per a entendre-la, els nens [&hellip;]","protected":false},"featured_media":16850,"template":"","meta":{"_acf_changed":false,"_exactmetrics_skip_tracking":false,"_exactmetrics_sitenote_active":false,"_exactmetrics_sitenote_note":"","_exactmetrics_sitenote_category":0},"product_brand":[],"product_cat":[899,1121,1138,1158,892,1172,1115,1190,1123,1128],"product_tag":[],"coleccion":[915,962,920],"class_list":{"0":"post-6179","1":"product","2":"type-product","3":"status-publish","4":"has-post-thumbnail","6":"product_cat-a-partir-de-3-anos","7":"product_cat-albumes-ilustrados","8":"product_cat-animales","9":"product_cat-critica-social","10":"product_cat-edades","11":"product_cat-emociones","12":"product_cat-generos","13":"product_cat-libertad","14":"product_cat-libros-informativos-infantil","15":"product_cat-tematica","16":"coleccion-catala","17":"coleccion-els-meus-primers-conceptes","18":"coleccion-els-meus-primers-llibres","20":"first","21":"instock","22":"taxable","23":"shipping-taxable","24":"purchasable","25":"product-type-simple"},"acf":{"autor":"PATRICK GEORGE","codart":"4339","ediciones":"2","encuadernacion":"Carton\u00e9","fecha_de_publicacion":"01\/01\/2016","novedad":"0","paginas":"32","subtitulo":"","texto_web_adicional":"","texto_web_novedad":"","orden":"999","portada":"0","texto_web_resaltado":"","indice":"","autores-libros":[17699],"ilustradores-libros":[17699],"traductores-libros":[58416],"descripcion_corta":"","recomendamos":"","mas_vendido":"","idioma-libro":"","color":false,"formato":"","mas_informacion_del_producto":false,"premios":[{"premio":"Junior Design Awards","anyo_del_premio":"2015","pais_del_premio":"Regne Unit"},{"premio":"","anyo_del_premio":"","pais_del_premio":""}],"texto_enlace_cubierta":"","enlace_cubierta":{"ID":24292,"id":24292,"title":"Exterior AnimalRescue_cover_01 v3.indd","filename":"cover-rescat-animal-CATALA.jpg","filesize":216942,"url":"https:\/\/www.editorialjuventud.es\/wp-content\/uploads\/cover-rescat-animal-CATALA.jpg","link":"https:\/\/www.editorialjuventud.es\/ca\/?attachment_id=24292","alt":"","author":"47","description":"","caption":"","name":"exterior-animalrescue_cover_01-v3-indd-2","status":"inherit","uploaded_to":6179,"date":"2019-04-16 06:50:13","modified":"2019-04-16 06:50:13","menu_order":0,"mime_type":"image\/jpeg","type":"image","subtype":"jpeg","icon":"https:\/\/www.editorialjuventud.es\/wp-includes\/images\/media\/default.png","width":2681,"height":2449,"sizes":{"thumbnail":"https:\/\/www.editorialjuventud.es\/wp-content\/uploads\/cover-rescat-animal-CATALA-200x200.jpg","thumbnail-width":200,"thumbnail-height":200,"medium":"https:\/\/www.editorialjuventud.es\/wp-content\/uploads\/cover-rescat-animal-CATALA.jpg","medium-width":2681,"medium-height":2449,"medium_large":"https:\/\/www.editorialjuventud.es\/wp-content\/uploads\/cover-rescat-animal-CATALA-768x702.jpg","medium_large-width":768,"medium_large-height":702,"large":"https:\/\/www.editorialjuventud.es\/wp-content\/uploads\/cover-rescat-animal-CATALA.jpg","large-width":2681,"large-height":2449,"1536x1536":"https:\/\/www.editorialjuventud.es\/wp-content\/uploads\/cover-rescat-animal-CATALA.jpg","1536x1536-width":1536,"1536x1536-height":1403,"2048x2048":"https:\/\/www.editorialjuventud.es\/wp-content\/uploads\/cover-rescat-animal-CATALA.jpg","2048x2048-width":2048,"2048x2048-height":1871,"woocommerce_thumbnail":"https:\/\/www.editorialjuventud.es\/wp-content\/uploads\/cover-rescat-animal-CATALA-350x320.jpg","woocommerce_thumbnail-width":350,"woocommerce_thumbnail-height":320,"woocommerce_single":"https:\/\/www.editorialjuventud.es\/wp-content\/uploads\/cover-rescat-animal-CATALA-900x822.jpg","woocommerce_single-width":900,"woocommerce_single-height":822,"woocommerce_gallery_thumbnail":"https:\/\/www.editorialjuventud.es\/wp-content\/uploads\/cover-rescat-animal-CATALA-100x100.jpg","woocommerce_gallery_thumbnail-width":100,"woocommerce_gallery_thumbnail-height":100,"ppec_logo_image_size":"https:\/\/www.editorialjuventud.es\/wp-content\/uploads\/cover-rescat-animal-CATALA.jpg","ppec_logo_image_size-width":66,"ppec_logo_image_size-height":60,"ppec_header_image_size":"https:\/\/www.editorialjuventud.es\/wp-content\/uploads\/cover-rescat-animal-CATALA.jpg","ppec_header_image_size-width":99,"ppec_header_image_size-height":90}},"texto_enlace_ficha_tecnica":"","enlace_ficha_tecnica":false,"ficheros":false,"titulo-fr":"","texto-fr":""},"yoast_head":"<!-- This site is optimized with the Yoast SEO plugin v27.5 - https:\/\/yoast.com\/product\/yoast-seo-wordpress\/ -->\n<title>Rescat animal - Editorial Juventud<\/title>\n<meta name=\"description\" content=\"Aquest llibre permet als primers lectors convertir-se en herois que rescaten animals tan sols passant de p\u00e0gina. Mitjan\u00e7ant la simple i enginyosa\" \/>\n<meta name=\"robots\" content=\"index, follow, max-snippet:-1, max-image-preview:large, max-video-preview:-1\" \/>\n<link rel=\"canonical\" href=\"https:\/\/www.editorialjuventud.es\/ca\/rescat-animal-9788426143396\/\" \/>\n<meta property=\"og:locale\" content=\"ca_ES\" \/>\n<meta property=\"og:type\" content=\"article\" \/>\n<meta property=\"og:title\" content=\"Rescat animal - Editorial Juventud\" \/>\n<meta property=\"og:description\" content=\"Aquest llibre permet als primers lectors convertir-se en herois que rescaten animals tan sols passant de p\u00e0gina. Mitjan\u00e7ant la simple i enginyosa\" \/>\n<meta property=\"og:url\" content=\"https:\/\/www.editorialjuventud.es\/ca\/rescat-animal-9788426143396\/\" \/>\n<meta property=\"og:site_name\" content=\"Editorial Juventud\" \/>\n<meta property=\"article:modified_time\" content=\"2023-02-01T12:06:05+00:00\" \/>\n<meta property=\"og:image\" content=\"https:\/\/www.editorialjuventud.es\/wp-content\/uploads\/4339.jpg\" \/>\n\t<meta property=\"og:image:width\" content=\"493\" \/>\n\t<meta property=\"og:image:height\" content=\"450\" \/>\n\t<meta property=\"og:image:type\" content=\"image\/jpeg\" \/>\n<meta name=\"twitter:card\" content=\"summary_large_image\" \/>\n<meta name=\"twitter:label1\" content=\"Temps estimat de lectura\" \/>\n\t<meta name=\"twitter:data1\" content=\"1 minut\" \/>\n<script type=\"application\/ld+json\" class=\"yoast-schema-graph\">{\"@context\":\"https:\\\/\\\/schema.org\",\"@graph\":[{\"@type\":\"WebPage\",\"@id\":\"https:\\\/\\\/www.editorialjuventud.es\\\/ca\\\/rescat-animal-9788426143396\\\/\",\"url\":\"https:\\\/\\\/www.editorialjuventud.es\\\/ca\\\/rescat-animal-9788426143396\\\/\",\"name\":\"Rescat animal - Editorial Juventud\",\"isPartOf\":{\"@id\":\"https:\\\/\\\/www.editorialjuventud.es\\\/#website\"},\"primaryImageOfPage\":{\"@id\":\"https:\\\/\\\/www.editorialjuventud.es\\\/ca\\\/rescat-animal-9788426143396\\\/#primaryimage\"},\"image\":{\"@id\":\"https:\\\/\\\/www.editorialjuventud.es\\\/ca\\\/rescat-animal-9788426143396\\\/#primaryimage\"},\"thumbnailUrl\":\"https:\\\/\\\/www.editorialjuventud.es\\\/wp-content\\\/uploads\\\/4339.jpg\",\"datePublished\":\"2018-08-24T09:59:07+00:00\",\"dateModified\":\"2023-02-01T12:06:05+00:00\",\"description\":\"Aquest llibre permet als primers lectors convertir-se en herois que rescaten animals tan sols passant de p\u00e0gina. Mitjan\u00e7ant la simple i enginyosa\",\"breadcrumb\":{\"@id\":\"https:\\\/\\\/www.editorialjuventud.es\\\/ca\\\/rescat-animal-9788426143396\\\/#breadcrumb\"},\"inLanguage\":\"ca\",\"potentialAction\":[{\"@type\":\"ReadAction\",\"target\":[\"https:\\\/\\\/www.editorialjuventud.es\\\/ca\\\/rescat-animal-9788426143396\\\/\"]}]},{\"@type\":\"ImageObject\",\"inLanguage\":\"ca\",\"@id\":\"https:\\\/\\\/www.editorialjuventud.es\\\/ca\\\/rescat-animal-9788426143396\\\/#primaryimage\",\"url\":\"https:\\\/\\\/www.editorialjuventud.es\\\/wp-content\\\/uploads\\\/4339.jpg\",\"contentUrl\":\"https:\\\/\\\/www.editorialjuventud.es\\\/wp-content\\\/uploads\\\/4339.jpg\",\"width\":493,\"height\":450,\"caption\":\"4339.jpg\"},{\"@type\":\"BreadcrumbList\",\"@id\":\"https:\\\/\\\/www.editorialjuventud.es\\\/ca\\\/rescat-animal-9788426143396\\\/#breadcrumb\",\"itemListElement\":[{\"@type\":\"ListItem\",\"position\":1,\"name\":\"Portada\",\"item\":\"https:\\\/\\\/www.editorialjuventud.es\\\/\"},{\"@type\":\"ListItem\",\"position\":2,\"name\":\"cat\u00e1logo\",\"item\":\"https:\\\/\\\/www.editorialjuventud.es\\\/coleccion\\\/catalogo\\\/\"},{\"@type\":\"ListItem\",\"position\":3,\"name\":\"catal\u00e0\",\"item\":\"https:\\\/\\\/www.editorialjuventud.es\\\/coleccion\\\/catala\\\/\"},{\"@type\":\"ListItem\",\"position\":4,\"name\":\"Els Meus Primers Llibres\",\"item\":\"https:\\\/\\\/www.editorialjuventud.es\\\/ca\\\/coleccion\\\/els-meus-primers-llibres\\\/\"},{\"@type\":\"ListItem\",\"position\":5,\"name\":\"Rescat animal\"}]},{\"@type\":\"WebSite\",\"@id\":\"https:\\\/\\\/www.editorialjuventud.es\\\/#website\",\"url\":\"https:\\\/\\\/www.editorialjuventud.es\\\/\",\"name\":\"Editorial Juventud\",\"description\":\"\",\"potentialAction\":[{\"@type\":\"SearchAction\",\"target\":{\"@type\":\"EntryPoint\",\"urlTemplate\":\"https:\\\/\\\/www.editorialjuventud.es\\\/?s={search_term_string}\"},\"query-input\":{\"@type\":\"PropertyValueSpecification\",\"valueRequired\":true,\"valueName\":\"search_term_string\"}}],\"inLanguage\":\"ca\"}]}<\/script>\n<!-- \/ Yoast SEO plugin. -->","yoast_head_json":{"title":"Rescat animal - Editorial Juventud","description":"Aquest llibre permet als primers lectors convertir-se en herois que rescaten animals tan sols passant de p\u00e0gina. Mitjan\u00e7ant la simple i enginyosa","robots":{"index":"index","follow":"follow","max-snippet":"max-snippet:-1","max-image-preview":"max-image-preview:large","max-video-preview":"max-video-preview:-1"},"canonical":"https:\/\/www.editorialjuventud.es\/ca\/rescat-animal-9788426143396\/","og_locale":"ca_ES","og_type":"article","og_title":"Rescat animal - Editorial Juventud","og_description":"Aquest llibre permet als primers lectors convertir-se en herois que rescaten animals tan sols passant de p\u00e0gina. Mitjan\u00e7ant la simple i enginyosa","og_url":"https:\/\/www.editorialjuventud.es\/ca\/rescat-animal-9788426143396\/","og_site_name":"Editorial Juventud","article_modified_time":"2023-02-01T12:06:05+00:00","og_image":[{"width":493,"height":450,"url":"https:\/\/www.editorialjuventud.es\/wp-content\/uploads\/4339.jpg","type":"image\/jpeg"}],"twitter_card":"summary_large_image","twitter_misc":{"Temps estimat de lectura":"1 minut"},"schema":{"@context":"https:\/\/schema.org","@graph":[{"@type":"WebPage","@id":"https:\/\/www.editorialjuventud.es\/ca\/rescat-animal-9788426143396\/","url":"https:\/\/www.editorialjuventud.es\/ca\/rescat-animal-9788426143396\/","name":"Rescat animal - Editorial Juventud","isPartOf":{"@id":"https:\/\/www.editorialjuventud.es\/#website"},"primaryImageOfPage":{"@id":"https:\/\/www.editorialjuventud.es\/ca\/rescat-animal-9788426143396\/#primaryimage"},"image":{"@id":"https:\/\/www.editorialjuventud.es\/ca\/rescat-animal-9788426143396\/#primaryimage"},"thumbnailUrl":"https:\/\/www.editorialjuventud.es\/wp-content\/uploads\/4339.jpg","datePublished":"2018-08-24T09:59:07+00:00","dateModified":"2023-02-01T12:06:05+00:00","description":"Aquest llibre permet als primers lectors convertir-se en herois que rescaten animals tan sols passant de p\u00e0gina. Mitjan\u00e7ant la simple i enginyosa","breadcrumb":{"@id":"https:\/\/www.editorialjuventud.es\/ca\/rescat-animal-9788426143396\/#breadcrumb"},"inLanguage":"ca","potentialAction":[{"@type":"ReadAction","target":["https:\/\/www.editorialjuventud.es\/ca\/rescat-animal-9788426143396\/"]}]},{"@type":"ImageObject","inLanguage":"ca","@id":"https:\/\/www.editorialjuventud.es\/ca\/rescat-animal-9788426143396\/#primaryimage","url":"https:\/\/www.editorialjuventud.es\/wp-content\/uploads\/4339.jpg","contentUrl":"https:\/\/www.editorialjuventud.es\/wp-content\/uploads\/4339.jpg","width":493,"height":450,"caption":"4339.jpg"},{"@type":"BreadcrumbList","@id":"https:\/\/www.editorialjuventud.es\/ca\/rescat-animal-9788426143396\/#breadcrumb","itemListElement":[{"@type":"ListItem","position":1,"name":"Portada","item":"https:\/\/www.editorialjuventud.es\/"},{"@type":"ListItem","position":2,"name":"cat\u00e1logo","item":"https:\/\/www.editorialjuventud.es\/coleccion\/catalogo\/"},{"@type":"ListItem","position":3,"name":"catal\u00e0","item":"https:\/\/www.editorialjuventud.es\/coleccion\/catala\/"},{"@type":"ListItem","position":4,"name":"Els Meus Primers Llibres","item":"https:\/\/www.editorialjuventud.es\/ca\/coleccion\/els-meus-primers-llibres\/"},{"@type":"ListItem","position":5,"name":"Rescat animal"}]},{"@type":"WebSite","@id":"https:\/\/www.editorialjuventud.es\/#website","url":"https:\/\/www.editorialjuventud.es\/","name":"Editorial Juventud","description":"","potentialAction":[{"@type":"SearchAction","target":{"@type":"EntryPoint","urlTemplate":"https:\/\/www.editorialjuventud.es\/?s={search_term_string}"},"query-input":{"@type":"PropertyValueSpecification","valueRequired":true,"valueName":"search_term_string"}}],"inLanguage":"ca"}]}},"_links":{"self":[{"href":"https:\/\/www.editorialjuventud.es\/ca\/wp-json\/wp\/v2\/product\/6179","targetHints":{"allow":["GET"]}}],"collection":[{"href":"https:\/\/www.editorialjuventud.es\/ca\/wp-json\/wp\/v2\/product"}],"about":[{"href":"https:\/\/www.editorialjuventud.es\/ca\/wp-json\/wp\/v2\/types\/product"}],"wp:featuredmedia":[{"embeddable":true,"href":"https:\/\/www.editorialjuventud.es\/ca\/wp-json\/wp\/v2\/media\/16850"}],"wp:attachment":[{"href":"https:\/\/www.editorialjuventud.es\/ca\/wp-json\/wp\/v2\/media?parent=6179"}],"wp:term":[{"taxonomy":"product_brand","embeddable":true,"href":"https:\/\/www.editorialjuventud.es\/ca\/wp-json\/wp\/v2\/product_brand?post=6179"},{"taxonomy":"product_cat","embeddable":true,"href":"https:\/\/www.editorialjuventud.es\/ca\/wp-json\/wp\/v2\/product_cat?post=6179"},{"taxonomy":"product_tag","embeddable":true,"href":"https:\/\/www.editorialjuventud.es\/ca\/wp-json\/wp\/v2\/product_tag?post=6179"},{"taxonomy":"coleccion","embeddable":true,"href":"https:\/\/www.editorialjuventud.es\/ca\/wp-json\/wp\/v2\/coleccion?post=6179"}],"curies":[{"name":"wp","href":"https:\/\/api.w.org\/{rel}","templated":true}]}}