{"id":6175,"date":"2018-08-24T11:58:50","date_gmt":"2018-08-24T09:58:50","guid":{"rendered":"http:\/\/www.editorialjuventud.es\/animals-del-bosc\/"},"modified":"2025-01-22T13:07:39","modified_gmt":"2025-01-22T12:07:39","slug":"animals-del-bosc-9788426143358","status":"publish","type":"product","link":"https:\/\/www.editorialjuventud.es\/ca\/animals-del-bosc-9788426143358\/","title":{"rendered":"Animals del bosc"},"content":{"rendered":"<p>El bosc \u00e9s un lloc fant\u00e0stic on habiten milions d\u2019animals i bestioles. Dalt dels arbres, a terra, i fins i tot sota terra, viuen uns \u00e9ssers interessant\u00edssims. Guineus, llebres, mussols i paparres s\u00f3n nom\u00e9s algunes de les meravelloses criatures que poblen els boscos; all\u00e0 neixen, dormen, juguen, s\u2019amaguen i lluiten per sobreviure.<br \/>Amb aquest llibre, descobrir\u00e0s una pila de coses sorprenents sobre alguns animals del bosc. Per exemple, quin \u00e9s l\u2019animal que pot arribar a cruspir-se 7000 formigues en una sola nit, o quin \u00e9s capa\u00e7 d\u2019excavar fins a 100 metres de t\u00fanels subterranis per tal de fer-se el cau. Tamb\u00e9 veur\u00e0s que n\u2019hi ha alguns que tenen la pell verinosa, i d\u2019altres que es desperten just quan la resta se\u2019n va a dormir. I ells mateixos t\u2019explicaran qu\u00e8 els agrada menjar i com se les maneguen per sobreviure a l\u2019hivern, quan tot el bosc est\u00e0 cobert de neu.<\/p>\n","protected":false},"excerpt":{"rendered":"El bosc \u00e9s un lloc fant\u00e0stic on habiten milions d\u2019animals i bestioles. Dalt dels arbres, a terra, i fins i tot sota terra, viuen uns \u00e9ssers interessant\u00edssims. Guineus, llebres, mussols i paparres s\u00f3n nom\u00e9s algunes de les meravelloses criatures que [&hellip;]","protected":false},"featured_media":16842,"template":"","meta":{"_acf_changed":false,"_exactmetrics_skip_tracking":false,"_exactmetrics_sitenote_active":false,"_exactmetrics_sitenote_note":"","_exactmetrics_sitenote_category":0},"product_brand":[],"product_cat":[900,1121,1138,1123],"product_tag":[],"coleccion":[917,915,946],"class_list":{"0":"post-6175","1":"product","2":"type-product","3":"status-publish","4":"has-post-thumbnail","6":"product_cat-a-partir-de-5-anos","7":"product_cat-albumes-ilustrados","8":"product_cat-animales","9":"product_cat-libros-informativos-infantil","10":"coleccion-albums-illustrats","11":"coleccion-catala","12":"coleccion-com-i-per-que","14":"first","15":"instock","16":"taxable","17":"shipping-taxable","18":"purchasable","19":"product-type-simple"},"acf":{"autor":"Sheppard, Sarah","codart":"4335","ediciones":"1","encuadernacion":"Carton\u00e9","fecha_de_publicacion":"01\/02\/2016","novedad":"0","paginas":"40","subtitulo":"","texto_web_adicional":"","texto_web_novedad":"","orden":"999","portada":"0","texto_web_resaltado":"","indice":"","autores-libros":[16615],"ilustradores-libros":[16615],"traductores-libros":[17909],"descripcion_corta":"","recomendamos":"","mas_vendido":"","idioma-libro":"","color":false,"formato":"","mas_informacion_del_producto":false,"premios":false,"texto_enlace_cubierta":"","enlace_cubierta":false,"texto_enlace_ficha_tecnica":"","enlace_ficha_tecnica":false,"ficheros":false,"titulo-fr":"","texto-fr":"","fecha_de_reimpresion":"","deshabilitar_compra":[]},"yoast_head":"<!-- This site is optimized with the Yoast SEO plugin v27.5 - https:\/\/yoast.com\/product\/yoast-seo-wordpress\/ -->\n<title>Animals del bosc - Editorial Juventud<\/title>\n<meta name=\"description\" content=\"El bosc \u00e9s un lloc fant\u00e0stic on habiten milions d\u2019animals i bestioles. Dalt dels arbres, a terra, i fins i tot sota terra, viuen uns \u00e9ssers\" \/>\n<meta name=\"robots\" content=\"index, follow, max-snippet:-1, max-image-preview:large, max-video-preview:-1\" \/>\n<link rel=\"canonical\" href=\"https:\/\/www.editorialjuventud.es\/animals-del-bosc-9788426143358\/\" \/>\n<meta property=\"og:locale\" content=\"ca_ES\" \/>\n<meta property=\"og:type\" content=\"article\" \/>\n<meta property=\"og:title\" content=\"Animals del bosc - Editorial Juventud\" \/>\n<meta property=\"og:description\" content=\"El bosc \u00e9s un lloc fant\u00e0stic on habiten milions d\u2019animals i bestioles. Dalt dels arbres, a terra, i fins i tot sota terra, viuen uns \u00e9ssers\" \/>\n<meta property=\"og:url\" content=\"https:\/\/www.editorialjuventud.es\/animals-del-bosc-9788426143358\/\" \/>\n<meta property=\"og:site_name\" content=\"Editorial Juventud\" \/>\n<meta property=\"article:modified_time\" content=\"2025-01-22T12:07:39+00:00\" \/>\n<meta property=\"og:image\" content=\"https:\/\/www.editorialjuventud.es\/wp-content\/uploads\/4335.jpg\" \/>\n\t<meta property=\"og:image:width\" content=\"438\" \/>\n\t<meta property=\"og:image:height\" content=\"450\" \/>\n\t<meta property=\"og:image:type\" content=\"image\/jpeg\" \/>\n<meta name=\"twitter:card\" content=\"summary_large_image\" \/>\n<meta name=\"twitter:label1\" content=\"Temps estimat de lectura\" \/>\n\t<meta name=\"twitter:data1\" content=\"1 minut\" \/>\n<script type=\"application\/ld+json\" class=\"yoast-schema-graph\">{\"@context\":\"https:\\\/\\\/schema.org\",\"@graph\":[{\"@type\":\"WebPage\",\"@id\":\"https:\\\/\\\/www.editorialjuventud.es\\\/animals-del-bosc-9788426143358\\\/\",\"url\":\"https:\\\/\\\/www.editorialjuventud.es\\\/animals-del-bosc-9788426143358\\\/\",\"name\":\"Animals del bosc - Editorial Juventud\",\"isPartOf\":{\"@id\":\"https:\\\/\\\/www.editorialjuventud.es\\\/#website\"},\"primaryImageOfPage\":{\"@id\":\"https:\\\/\\\/www.editorialjuventud.es\\\/animals-del-bosc-9788426143358\\\/#primaryimage\"},\"image\":{\"@id\":\"https:\\\/\\\/www.editorialjuventud.es\\\/animals-del-bosc-9788426143358\\\/#primaryimage\"},\"thumbnailUrl\":\"https:\\\/\\\/www.editorialjuventud.es\\\/wp-content\\\/uploads\\\/4335.jpg\",\"datePublished\":\"2018-08-24T09:58:50+00:00\",\"dateModified\":\"2025-01-22T12:07:39+00:00\",\"description\":\"El bosc \u00e9s un lloc fant\u00e0stic on habiten milions d\u2019animals i bestioles. Dalt dels arbres, a terra, i fins i tot sota terra, viuen uns \u00e9ssers\",\"breadcrumb\":{\"@id\":\"https:\\\/\\\/www.editorialjuventud.es\\\/animals-del-bosc-9788426143358\\\/#breadcrumb\"},\"inLanguage\":\"ca\",\"potentialAction\":[{\"@type\":\"ReadAction\",\"target\":[\"https:\\\/\\\/www.editorialjuventud.es\\\/animals-del-bosc-9788426143358\\\/\"]}]},{\"@type\":\"ImageObject\",\"inLanguage\":\"ca\",\"@id\":\"https:\\\/\\\/www.editorialjuventud.es\\\/animals-del-bosc-9788426143358\\\/#primaryimage\",\"url\":\"https:\\\/\\\/www.editorialjuventud.es\\\/wp-content\\\/uploads\\\/4335.jpg\",\"contentUrl\":\"https:\\\/\\\/www.editorialjuventud.es\\\/wp-content\\\/uploads\\\/4335.jpg\",\"width\":438,\"height\":450,\"caption\":\"4335.jpg\"},{\"@type\":\"BreadcrumbList\",\"@id\":\"https:\\\/\\\/www.editorialjuventud.es\\\/animals-del-bosc-9788426143358\\\/#breadcrumb\",\"itemListElement\":[{\"@type\":\"ListItem\",\"position\":1,\"name\":\"Portada\",\"item\":\"https:\\\/\\\/www.editorialjuventud.es\\\/\"},{\"@type\":\"ListItem\",\"position\":2,\"name\":\"cat\u00e1logo\",\"item\":\"https:\\\/\\\/www.editorialjuventud.es\\\/coleccion\\\/catalogo\\\/\"},{\"@type\":\"ListItem\",\"position\":3,\"name\":\"catal\u00e0\",\"item\":\"https:\\\/\\\/www.editorialjuventud.es\\\/coleccion\\\/catala\\\/\"},{\"@type\":\"ListItem\",\"position\":4,\"name\":\"\u00c0lbums Il\u00b7lustrats\",\"item\":\"https:\\\/\\\/www.editorialjuventud.es\\\/coleccion\\\/albums-il%c2%b7lustrats\\\/\"},{\"@type\":\"ListItem\",\"position\":5,\"name\":\"Com i Per qu\u00e8\",\"item\":\"https:\\\/\\\/www.editorialjuventud.es\\\/coleccion\\\/com-i-per-que\\\/\"},{\"@type\":\"ListItem\",\"position\":6,\"name\":\"Animals del bosc\"}]},{\"@type\":\"WebSite\",\"@id\":\"https:\\\/\\\/www.editorialjuventud.es\\\/#website\",\"url\":\"https:\\\/\\\/www.editorialjuventud.es\\\/\",\"name\":\"Editorial Juventud\",\"description\":\"\",\"potentialAction\":[{\"@type\":\"SearchAction\",\"target\":{\"@type\":\"EntryPoint\",\"urlTemplate\":\"https:\\\/\\\/www.editorialjuventud.es\\\/?s={search_term_string}\"},\"query-input\":{\"@type\":\"PropertyValueSpecification\",\"valueRequired\":true,\"valueName\":\"search_term_string\"}}],\"inLanguage\":\"ca\"}]}<\/script>\n<!-- \/ Yoast SEO plugin. -->","yoast_head_json":{"title":"Animals del bosc - Editorial Juventud","description":"El bosc \u00e9s un lloc fant\u00e0stic on habiten milions d\u2019animals i bestioles. Dalt dels arbres, a terra, i fins i tot sota terra, viuen uns \u00e9ssers","robots":{"index":"index","follow":"follow","max-snippet":"max-snippet:-1","max-image-preview":"max-image-preview:large","max-video-preview":"max-video-preview:-1"},"canonical":"https:\/\/www.editorialjuventud.es\/animals-del-bosc-9788426143358\/","og_locale":"ca_ES","og_type":"article","og_title":"Animals del bosc - Editorial Juventud","og_description":"El bosc \u00e9s un lloc fant\u00e0stic on habiten milions d\u2019animals i bestioles. Dalt dels arbres, a terra, i fins i tot sota terra, viuen uns \u00e9ssers","og_url":"https:\/\/www.editorialjuventud.es\/animals-del-bosc-9788426143358\/","og_site_name":"Editorial Juventud","article_modified_time":"2025-01-22T12:07:39+00:00","og_image":[{"width":438,"height":450,"url":"https:\/\/www.editorialjuventud.es\/wp-content\/uploads\/4335.jpg","type":"image\/jpeg"}],"twitter_card":"summary_large_image","twitter_misc":{"Temps estimat de lectura":"1 minut"},"schema":{"@context":"https:\/\/schema.org","@graph":[{"@type":"WebPage","@id":"https:\/\/www.editorialjuventud.es\/animals-del-bosc-9788426143358\/","url":"https:\/\/www.editorialjuventud.es\/animals-del-bosc-9788426143358\/","name":"Animals del bosc - Editorial Juventud","isPartOf":{"@id":"https:\/\/www.editorialjuventud.es\/#website"},"primaryImageOfPage":{"@id":"https:\/\/www.editorialjuventud.es\/animals-del-bosc-9788426143358\/#primaryimage"},"image":{"@id":"https:\/\/www.editorialjuventud.es\/animals-del-bosc-9788426143358\/#primaryimage"},"thumbnailUrl":"https:\/\/www.editorialjuventud.es\/wp-content\/uploads\/4335.jpg","datePublished":"2018-08-24T09:58:50+00:00","dateModified":"2025-01-22T12:07:39+00:00","description":"El bosc \u00e9s un lloc fant\u00e0stic on habiten milions d\u2019animals i bestioles. Dalt dels arbres, a terra, i fins i tot sota terra, viuen uns \u00e9ssers","breadcrumb":{"@id":"https:\/\/www.editorialjuventud.es\/animals-del-bosc-9788426143358\/#breadcrumb"},"inLanguage":"ca","potentialAction":[{"@type":"ReadAction","target":["https:\/\/www.editorialjuventud.es\/animals-del-bosc-9788426143358\/"]}]},{"@type":"ImageObject","inLanguage":"ca","@id":"https:\/\/www.editorialjuventud.es\/animals-del-bosc-9788426143358\/#primaryimage","url":"https:\/\/www.editorialjuventud.es\/wp-content\/uploads\/4335.jpg","contentUrl":"https:\/\/www.editorialjuventud.es\/wp-content\/uploads\/4335.jpg","width":438,"height":450,"caption":"4335.jpg"},{"@type":"BreadcrumbList","@id":"https:\/\/www.editorialjuventud.es\/animals-del-bosc-9788426143358\/#breadcrumb","itemListElement":[{"@type":"ListItem","position":1,"name":"Portada","item":"https:\/\/www.editorialjuventud.es\/"},{"@type":"ListItem","position":2,"name":"cat\u00e1logo","item":"https:\/\/www.editorialjuventud.es\/coleccion\/catalogo\/"},{"@type":"ListItem","position":3,"name":"catal\u00e0","item":"https:\/\/www.editorialjuventud.es\/coleccion\/catala\/"},{"@type":"ListItem","position":4,"name":"\u00c0lbums Il\u00b7lustrats","item":"https:\/\/www.editorialjuventud.es\/coleccion\/albums-il%c2%b7lustrats\/"},{"@type":"ListItem","position":5,"name":"Com i Per qu\u00e8","item":"https:\/\/www.editorialjuventud.es\/coleccion\/com-i-per-que\/"},{"@type":"ListItem","position":6,"name":"Animals del bosc"}]},{"@type":"WebSite","@id":"https:\/\/www.editorialjuventud.es\/#website","url":"https:\/\/www.editorialjuventud.es\/","name":"Editorial Juventud","description":"","potentialAction":[{"@type":"SearchAction","target":{"@type":"EntryPoint","urlTemplate":"https:\/\/www.editorialjuventud.es\/?s={search_term_string}"},"query-input":{"@type":"PropertyValueSpecification","valueRequired":true,"valueName":"search_term_string"}}],"inLanguage":"ca"}]}},"_links":{"self":[{"href":"https:\/\/www.editorialjuventud.es\/ca\/wp-json\/wp\/v2\/product\/6175","targetHints":{"allow":["GET"]}}],"collection":[{"href":"https:\/\/www.editorialjuventud.es\/ca\/wp-json\/wp\/v2\/product"}],"about":[{"href":"https:\/\/www.editorialjuventud.es\/ca\/wp-json\/wp\/v2\/types\/product"}],"wp:featuredmedia":[{"embeddable":true,"href":"https:\/\/www.editorialjuventud.es\/ca\/wp-json\/wp\/v2\/media\/16842"}],"wp:attachment":[{"href":"https:\/\/www.editorialjuventud.es\/ca\/wp-json\/wp\/v2\/media?parent=6175"}],"wp:term":[{"taxonomy":"product_brand","embeddable":true,"href":"https:\/\/www.editorialjuventud.es\/ca\/wp-json\/wp\/v2\/product_brand?post=6175"},{"taxonomy":"product_cat","embeddable":true,"href":"https:\/\/www.editorialjuventud.es\/ca\/wp-json\/wp\/v2\/product_cat?post=6175"},{"taxonomy":"product_tag","embeddable":true,"href":"https:\/\/www.editorialjuventud.es\/ca\/wp-json\/wp\/v2\/product_tag?post=6175"},{"taxonomy":"coleccion","embeddable":true,"href":"https:\/\/www.editorialjuventud.es\/ca\/wp-json\/wp\/v2\/coleccion?post=6175"}],"curies":[{"name":"wp","href":"https:\/\/api.w.org\/{rel}","templated":true}]}}