{"id":6174,"date":"2018-08-24T13:58:46","date_gmt":"2018-08-24T09:58:46","guid":{"rendered":"http:\/\/www.editorialjuventud.es\/animales-del-bosque\/"},"modified":"2025-01-22T13:07:33","modified_gmt":"2025-01-22T12:07:33","slug":"animales-del-bosque-9788426143341","status":"publish","type":"product","link":"https:\/\/www.editorialjuventud.es\/ca\/animales-del-bosque-9788426143341\/","title":{"rendered":"Animales del bosque"},"content":{"rendered":"<p>El bosque es un lugar fascinante donde habitan millones de animales. En los \u00e1rboles, en el suelo, incluso bajo tierra, viven unos seres interesant\u00edsimos. Zorros, liebres, b\u00fahos y garrapatas son solo algunos de las maravillosas criaturas cuya vida transcurre en el bosque: en \u00e9l nacen, duermen, juegan, se ocultan y luchan para sobrevivir. En este libro descubrir\u00e1s un mont\u00f3n de cosas sorprendentes sobre algunos animales del bosque. Por ejemplo, qu\u00e9 animal puede zamparse 7000 hormigas en una sola noche, o cu\u00e1l es capaz de excavar hasta 100 metros de galer\u00edas subterr\u00e1neas para hacer su guarida. Tambi\u00e9n ver\u00e1s que algunos de ellos tienen la piel venenosa, y que los hay que se despiertan justo cuando el resto se acuesta. Ellos mismos te contar\u00e1n qu\u00e9 es lo que m\u00e1s les gusta comer, y c\u00f3mo se las arreglan para sobrevivir en invierno, \u00a1cuando el bosque entero est\u00e1 cubierto de nieve!<\/p>\n","protected":false},"excerpt":{"rendered":"El bosque es un lugar fascinante donde habitan millones de animales. En los \u00e1rboles, en el suelo, incluso bajo tierra, viven unos seres interesant\u00edsimos. Zorros, liebres, b\u00fahos y garrapatas son solo algunos de las maravillosas criaturas cuya vida transcurre en [&hellip;]","protected":false},"featured_media":16840,"template":"","meta":{"_acf_changed":false,"_exactmetrics_skip_tracking":false,"_exactmetrics_sitenote_active":false,"_exactmetrics_sitenote_note":"","_exactmetrics_sitenote_category":0},"product_brand":[],"product_cat":[900,1138,1123,1201],"product_tag":[],"coleccion":[987],"class_list":{"0":"post-6174","1":"product","2":"type-product","3":"status-publish","4":"has-post-thumbnail","6":"product_cat-a-partir-de-5-anos","7":"product_cat-animales","8":"product_cat-libros-informativos-infantil","9":"product_cat-naturaleza-biodiversidad","10":"coleccion-conocer-y-comprender","12":"first","13":"instock","14":"taxable","15":"shipping-taxable","16":"purchasable","17":"product-type-simple"},"acf":{"autor":"Sheppard, Sarah","codart":"4334","ediciones":"1","encuadernacion":"Carton\u00e9","fecha_de_publicacion":"01\/02\/2016","novedad":"0","paginas":"40","subtitulo":"","texto_web_adicional":"","texto_web_novedad":"","orden":"999","portada":"0","texto_web_resaltado":"","indice":"","autores-libros":[16615],"ilustradores-libros":[16615],"traductores-libros":[17909],"descripcion_corta":"","recomendamos":"","mas_vendido":"","idioma-libro":"","color":false,"formato":"","mas_informacion_del_producto":false,"premios":false,"texto_enlace_cubierta":"","enlace_cubierta":{"ID":26027,"id":26027,"title":"ANIMALES-DEL-BOSQUE-alt1200","filename":"ANIMALES-DEL-BOSQUE-alt1200.jpg","filesize":218624,"url":"https:\/\/www.editorialjuventud.es\/wp-content\/uploads\/ANIMALES-DEL-BOSQUE-alt1200.jpg","link":"https:\/\/www.editorialjuventud.es\/ca\/?attachment_id=26027","alt":"","author":"47","description":"","caption":"","name":"animales-del-bosque-alt1200","status":"inherit","uploaded_to":6174,"date":"2019-05-23 11:30:29","modified":"2019-05-23 11:30:29","menu_order":0,"mime_type":"image\/jpeg","type":"image","subtype":"jpeg","icon":"https:\/\/www.editorialjuventud.es\/wp-includes\/images\/media\/default.png","width":1151,"height":1200,"sizes":{"thumbnail":"https:\/\/www.editorialjuventud.es\/wp-content\/uploads\/ANIMALES-DEL-BOSQUE-alt1200-200x200.jpg","thumbnail-width":200,"thumbnail-height":200,"medium":"https:\/\/www.editorialjuventud.es\/wp-content\/uploads\/ANIMALES-DEL-BOSQUE-alt1200.jpg","medium-width":1151,"medium-height":1200,"medium_large":"https:\/\/www.editorialjuventud.es\/wp-content\/uploads\/ANIMALES-DEL-BOSQUE-alt1200-768x801.jpg","medium_large-width":768,"medium_large-height":801,"large":"https:\/\/www.editorialjuventud.es\/wp-content\/uploads\/ANIMALES-DEL-BOSQUE-alt1200.jpg","large-width":1151,"large-height":1200,"1536x1536":"https:\/\/www.editorialjuventud.es\/wp-content\/uploads\/ANIMALES-DEL-BOSQUE-alt1200.jpg","1536x1536-width":1151,"1536x1536-height":1200,"2048x2048":"https:\/\/www.editorialjuventud.es\/wp-content\/uploads\/ANIMALES-DEL-BOSQUE-alt1200.jpg","2048x2048-width":1151,"2048x2048-height":1200,"woocommerce_thumbnail":"https:\/\/www.editorialjuventud.es\/wp-content\/uploads\/ANIMALES-DEL-BOSQUE-alt1200-350x365.jpg","woocommerce_thumbnail-width":350,"woocommerce_thumbnail-height":365,"woocommerce_single":"https:\/\/www.editorialjuventud.es\/wp-content\/uploads\/ANIMALES-DEL-BOSQUE-alt1200-900x938.jpg","woocommerce_single-width":900,"woocommerce_single-height":938,"woocommerce_gallery_thumbnail":"https:\/\/www.editorialjuventud.es\/wp-content\/uploads\/ANIMALES-DEL-BOSQUE-alt1200-100x100.jpg","woocommerce_gallery_thumbnail-width":100,"woocommerce_gallery_thumbnail-height":100,"ppec_logo_image_size":"https:\/\/www.editorialjuventud.es\/wp-content\/uploads\/ANIMALES-DEL-BOSQUE-alt1200.jpg","ppec_logo_image_size-width":58,"ppec_logo_image_size-height":60,"ppec_header_image_size":"https:\/\/www.editorialjuventud.es\/wp-content\/uploads\/ANIMALES-DEL-BOSQUE-alt1200.jpg","ppec_header_image_size-width":86,"ppec_header_image_size-height":90}},"texto_enlace_ficha_tecnica":"","enlace_ficha_tecnica":{"ID":26029,"id":26029,"title":"animales del bosque","filename":"animales-del-bosque.pdf","filesize":558798,"url":"https:\/\/www.editorialjuventud.es\/wp-content\/uploads\/animales-del-bosque.pdf","link":"https:\/\/www.editorialjuventud.es\/ca\/?attachment_id=26029","alt":"","author":"47","description":"","caption":"","name":"animales-del-bosque","status":"inherit","uploaded_to":6174,"date":"2019-05-23 11:30:44","modified":"2019-05-23 11:30:44","menu_order":0,"mime_type":"application\/pdf","type":"application","subtype":"pdf","icon":"https:\/\/www.editorialjuventud.es\/wp-includes\/images\/media\/document.png"},"ficheros":false,"titulo-fr":"","texto-fr":"","fecha_de_reimpresion":"","deshabilitar_compra":[]},"yoast_head":"<!-- This site is optimized with the Yoast SEO plugin v27.5 - https:\/\/yoast.com\/product\/yoast-seo-wordpress\/ -->\n<title>Animales del bosque - Editorial Juventud<\/title>\n<meta name=\"description\" content=\"El bosque es un lugar fascinante donde habitan millones de animales. En los \u00e1rboles, en el suelo, incluso bajo tierra, viven unos seres interesant\u00edsimos.\" \/>\n<meta name=\"robots\" content=\"index, follow, max-snippet:-1, max-image-preview:large, max-video-preview:-1\" \/>\n<link rel=\"canonical\" href=\"https:\/\/www.editorialjuventud.es\/animales-del-bosque-9788426143341\/\" \/>\n<meta property=\"og:locale\" content=\"ca_ES\" \/>\n<meta property=\"og:type\" content=\"article\" \/>\n<meta property=\"og:title\" content=\"Animales del bosque - Editorial Juventud\" \/>\n<meta property=\"og:description\" content=\"El bosque es un lugar fascinante donde habitan millones de animales. En los \u00e1rboles, en el suelo, incluso bajo tierra, viven unos seres interesant\u00edsimos.\" \/>\n<meta property=\"og:url\" content=\"https:\/\/www.editorialjuventud.es\/animales-del-bosque-9788426143341\/\" \/>\n<meta property=\"og:site_name\" content=\"Editorial Juventud\" \/>\n<meta property=\"article:modified_time\" content=\"2025-01-22T12:07:33+00:00\" \/>\n<meta property=\"og:image\" content=\"https:\/\/www.editorialjuventud.es\/wp-content\/uploads\/4334.jpg\" \/>\n\t<meta property=\"og:image:width\" content=\"432\" \/>\n\t<meta property=\"og:image:height\" content=\"450\" \/>\n\t<meta property=\"og:image:type\" content=\"image\/jpeg\" \/>\n<meta name=\"twitter:card\" content=\"summary_large_image\" \/>\n<meta name=\"twitter:label1\" content=\"Temps estimat de lectura\" \/>\n\t<meta name=\"twitter:data1\" content=\"1 minut\" \/>\n<script type=\"application\/ld+json\" class=\"yoast-schema-graph\">{\"@context\":\"https:\\\/\\\/schema.org\",\"@graph\":[{\"@type\":\"WebPage\",\"@id\":\"https:\\\/\\\/www.editorialjuventud.es\\\/animales-del-bosque-9788426143341\\\/\",\"url\":\"https:\\\/\\\/www.editorialjuventud.es\\\/animales-del-bosque-9788426143341\\\/\",\"name\":\"Animales del bosque - Editorial Juventud\",\"isPartOf\":{\"@id\":\"https:\\\/\\\/www.editorialjuventud.es\\\/#website\"},\"primaryImageOfPage\":{\"@id\":\"https:\\\/\\\/www.editorialjuventud.es\\\/animales-del-bosque-9788426143341\\\/#primaryimage\"},\"image\":{\"@id\":\"https:\\\/\\\/www.editorialjuventud.es\\\/animales-del-bosque-9788426143341\\\/#primaryimage\"},\"thumbnailUrl\":\"https:\\\/\\\/www.editorialjuventud.es\\\/wp-content\\\/uploads\\\/4334.jpg\",\"datePublished\":\"2018-08-24T09:58:46+00:00\",\"dateModified\":\"2025-01-22T12:07:33+00:00\",\"description\":\"El bosque es un lugar fascinante donde habitan millones de animales. En los \u00e1rboles, en el suelo, incluso bajo tierra, viven unos seres interesant\u00edsimos.\",\"breadcrumb\":{\"@id\":\"https:\\\/\\\/www.editorialjuventud.es\\\/animales-del-bosque-9788426143341\\\/#breadcrumb\"},\"inLanguage\":\"ca\",\"potentialAction\":[{\"@type\":\"ReadAction\",\"target\":[\"https:\\\/\\\/www.editorialjuventud.es\\\/animales-del-bosque-9788426143341\\\/\"]}]},{\"@type\":\"ImageObject\",\"inLanguage\":\"ca\",\"@id\":\"https:\\\/\\\/www.editorialjuventud.es\\\/animales-del-bosque-9788426143341\\\/#primaryimage\",\"url\":\"https:\\\/\\\/www.editorialjuventud.es\\\/wp-content\\\/uploads\\\/4334.jpg\",\"contentUrl\":\"https:\\\/\\\/www.editorialjuventud.es\\\/wp-content\\\/uploads\\\/4334.jpg\",\"width\":432,\"height\":450,\"caption\":\"4334.jpg\"},{\"@type\":\"BreadcrumbList\",\"@id\":\"https:\\\/\\\/www.editorialjuventud.es\\\/animales-del-bosque-9788426143341\\\/#breadcrumb\",\"itemListElement\":[{\"@type\":\"ListItem\",\"position\":1,\"name\":\"Portada\",\"item\":\"https:\\\/\\\/www.editorialjuventud.es\\\/\"},{\"@type\":\"ListItem\",\"position\":2,\"name\":\"cat\u00e1logo\",\"item\":\"https:\\\/\\\/www.editorialjuventud.es\\\/coleccion\\\/catalogo\\\/\"},{\"@type\":\"ListItem\",\"position\":3,\"name\":\"castellano\",\"item\":\"https:\\\/\\\/www.editorialjuventud.es\\\/coleccion\\\/castellano\\\/\"},{\"@type\":\"ListItem\",\"position\":4,\"name\":\"\u00c1lbumes Ilustrados\",\"item\":\"https:\\\/\\\/www.editorialjuventud.es\\\/coleccion\\\/albumes-ilustrados\\\/\"},{\"@type\":\"ListItem\",\"position\":5,\"name\":\"Conocer y Comprender\",\"item\":\"https:\\\/\\\/www.editorialjuventud.es\\\/coleccion\\\/conocer-y-comprender\\\/\"},{\"@type\":\"ListItem\",\"position\":6,\"name\":\"Animales del bosque\"}]},{\"@type\":\"WebSite\",\"@id\":\"https:\\\/\\\/www.editorialjuventud.es\\\/#website\",\"url\":\"https:\\\/\\\/www.editorialjuventud.es\\\/\",\"name\":\"Editorial Juventud\",\"description\":\"\",\"potentialAction\":[{\"@type\":\"SearchAction\",\"target\":{\"@type\":\"EntryPoint\",\"urlTemplate\":\"https:\\\/\\\/www.editorialjuventud.es\\\/?s={search_term_string}\"},\"query-input\":{\"@type\":\"PropertyValueSpecification\",\"valueRequired\":true,\"valueName\":\"search_term_string\"}}],\"inLanguage\":\"ca\"}]}<\/script>\n<!-- \/ Yoast SEO plugin. -->","yoast_head_json":{"title":"Animales del bosque - Editorial Juventud","description":"El bosque es un lugar fascinante donde habitan millones de animales. En los \u00e1rboles, en el suelo, incluso bajo tierra, viven unos seres interesant\u00edsimos.","robots":{"index":"index","follow":"follow","max-snippet":"max-snippet:-1","max-image-preview":"max-image-preview:large","max-video-preview":"max-video-preview:-1"},"canonical":"https:\/\/www.editorialjuventud.es\/animales-del-bosque-9788426143341\/","og_locale":"ca_ES","og_type":"article","og_title":"Animales del bosque - Editorial Juventud","og_description":"El bosque es un lugar fascinante donde habitan millones de animales. En los \u00e1rboles, en el suelo, incluso bajo tierra, viven unos seres interesant\u00edsimos.","og_url":"https:\/\/www.editorialjuventud.es\/animales-del-bosque-9788426143341\/","og_site_name":"Editorial Juventud","article_modified_time":"2025-01-22T12:07:33+00:00","og_image":[{"width":432,"height":450,"url":"https:\/\/www.editorialjuventud.es\/wp-content\/uploads\/4334.jpg","type":"image\/jpeg"}],"twitter_card":"summary_large_image","twitter_misc":{"Temps estimat de lectura":"1 minut"},"schema":{"@context":"https:\/\/schema.org","@graph":[{"@type":"WebPage","@id":"https:\/\/www.editorialjuventud.es\/animales-del-bosque-9788426143341\/","url":"https:\/\/www.editorialjuventud.es\/animales-del-bosque-9788426143341\/","name":"Animales del bosque - Editorial Juventud","isPartOf":{"@id":"https:\/\/www.editorialjuventud.es\/#website"},"primaryImageOfPage":{"@id":"https:\/\/www.editorialjuventud.es\/animales-del-bosque-9788426143341\/#primaryimage"},"image":{"@id":"https:\/\/www.editorialjuventud.es\/animales-del-bosque-9788426143341\/#primaryimage"},"thumbnailUrl":"https:\/\/www.editorialjuventud.es\/wp-content\/uploads\/4334.jpg","datePublished":"2018-08-24T09:58:46+00:00","dateModified":"2025-01-22T12:07:33+00:00","description":"El bosque es un lugar fascinante donde habitan millones de animales. En los \u00e1rboles, en el suelo, incluso bajo tierra, viven unos seres interesant\u00edsimos.","breadcrumb":{"@id":"https:\/\/www.editorialjuventud.es\/animales-del-bosque-9788426143341\/#breadcrumb"},"inLanguage":"ca","potentialAction":[{"@type":"ReadAction","target":["https:\/\/www.editorialjuventud.es\/animales-del-bosque-9788426143341\/"]}]},{"@type":"ImageObject","inLanguage":"ca","@id":"https:\/\/www.editorialjuventud.es\/animales-del-bosque-9788426143341\/#primaryimage","url":"https:\/\/www.editorialjuventud.es\/wp-content\/uploads\/4334.jpg","contentUrl":"https:\/\/www.editorialjuventud.es\/wp-content\/uploads\/4334.jpg","width":432,"height":450,"caption":"4334.jpg"},{"@type":"BreadcrumbList","@id":"https:\/\/www.editorialjuventud.es\/animales-del-bosque-9788426143341\/#breadcrumb","itemListElement":[{"@type":"ListItem","position":1,"name":"Portada","item":"https:\/\/www.editorialjuventud.es\/"},{"@type":"ListItem","position":2,"name":"cat\u00e1logo","item":"https:\/\/www.editorialjuventud.es\/coleccion\/catalogo\/"},{"@type":"ListItem","position":3,"name":"castellano","item":"https:\/\/www.editorialjuventud.es\/coleccion\/castellano\/"},{"@type":"ListItem","position":4,"name":"\u00c1lbumes Ilustrados","item":"https:\/\/www.editorialjuventud.es\/coleccion\/albumes-ilustrados\/"},{"@type":"ListItem","position":5,"name":"Conocer y Comprender","item":"https:\/\/www.editorialjuventud.es\/coleccion\/conocer-y-comprender\/"},{"@type":"ListItem","position":6,"name":"Animales del bosque"}]},{"@type":"WebSite","@id":"https:\/\/www.editorialjuventud.es\/#website","url":"https:\/\/www.editorialjuventud.es\/","name":"Editorial Juventud","description":"","potentialAction":[{"@type":"SearchAction","target":{"@type":"EntryPoint","urlTemplate":"https:\/\/www.editorialjuventud.es\/?s={search_term_string}"},"query-input":{"@type":"PropertyValueSpecification","valueRequired":true,"valueName":"search_term_string"}}],"inLanguage":"ca"}]}},"_links":{"self":[{"href":"https:\/\/www.editorialjuventud.es\/ca\/wp-json\/wp\/v2\/product\/6174","targetHints":{"allow":["GET"]}}],"collection":[{"href":"https:\/\/www.editorialjuventud.es\/ca\/wp-json\/wp\/v2\/product"}],"about":[{"href":"https:\/\/www.editorialjuventud.es\/ca\/wp-json\/wp\/v2\/types\/product"}],"wp:featuredmedia":[{"embeddable":true,"href":"https:\/\/www.editorialjuventud.es\/ca\/wp-json\/wp\/v2\/media\/16840"}],"wp:attachment":[{"href":"https:\/\/www.editorialjuventud.es\/ca\/wp-json\/wp\/v2\/media?parent=6174"}],"wp:term":[{"taxonomy":"product_brand","embeddable":true,"href":"https:\/\/www.editorialjuventud.es\/ca\/wp-json\/wp\/v2\/product_brand?post=6174"},{"taxonomy":"product_cat","embeddable":true,"href":"https:\/\/www.editorialjuventud.es\/ca\/wp-json\/wp\/v2\/product_cat?post=6174"},{"taxonomy":"product_tag","embeddable":true,"href":"https:\/\/www.editorialjuventud.es\/ca\/wp-json\/wp\/v2\/product_tag?post=6174"},{"taxonomy":"coleccion","embeddable":true,"href":"https:\/\/www.editorialjuventud.es\/ca\/wp-json\/wp\/v2\/coleccion?post=6174"}],"curies":[{"name":"wp","href":"https:\/\/api.w.org\/{rel}","templated":true}]}}