{"id":6170,"date":"2018-08-24T11:58:28","date_gmt":"2018-08-24T09:58:28","guid":{"rendered":"http:\/\/www.editorialjuventud.es\/els-cinc-al-turo-de-billycock\/"},"modified":"2025-01-22T13:08:10","modified_gmt":"2025-01-22T12:08:10","slug":"els-cinc-al-turo-de-billycock-9788426143303","status":"publish","type":"product","link":"https:\/\/www.editorialjuventud.es\/ca\/els-cinc-al-turo-de-billycock-9788426143303\/","title":{"rendered":"Els Cinc al tur\u00f3 de Billycock"},"content":{"rendered":"<p>B\u00e9! S\u00f3n vacances i els Cinc les estan passant en una granja al tur\u00f3 de Billycock. El m\u00e9s emocionant \u00e9s que han fet un nou amic, un pilot de veritat! Per\u00f2 quan desapareix amb material d&#8217;alt secret, els cinc queden desconcertats. Podria, el seu nou amic, ser un espia?<\/p>\n","protected":false},"excerpt":{"rendered":"B\u00e9! S\u00f3n vacances i els Cinc les estan passant en una granja al tur\u00f3 de Billycock. El m\u00e9s emocionant \u00e9s que han fet un nou amic, un pilot de veritat! Per\u00f2 quan desapareix amb material d&#8217;alt secret, els cinc queden [&hellip;]","protected":false},"featured_media":16834,"template":"","meta":{"_acf_changed":false,"_exactmetrics_skip_tracking":false,"_exactmetrics_sitenote_active":false,"_exactmetrics_sitenote_note":"","_exactmetrics_sitenote_category":0},"product_brand":[],"product_cat":[904,1142,1119,1128,1229],"product_tag":[],"coleccion":[981],"class_list":{"0":"post-6170","1":"product","2":"type-product","3":"status-publish","4":"has-post-thumbnail","6":"product_cat-a-partir-de-9-anos","7":"product_cat-aventura","8":"product_cat-narrativa-juvenil","9":"product_cat-tematica","10":"product_cat-vacaciones-viajes","11":"coleccion-els-cinc","13":"first","14":"instock","15":"taxable","16":"shipping-taxable","17":"purchasable","18":"product-type-simple"},"acf":{"autor":"Blyton, Enid","codart":"4330","ediciones":"1","encuadernacion":"Carton\u00e9","fecha_de_publicacion":"01\/04\/2016","novedad":"0","paginas":"208","subtitulo":"","texto_web_adicional":"","texto_web_novedad":"","orden":"999","portada":"0","texto_web_resaltado":"","indice":"","autores-libros":[16237],"ilustradores-libros":[18342],"traductores-libros":[17485],"descripcion_corta":"","recomendamos":"","mas_vendido":"","idioma-libro":"","color":false,"formato":"","mas_informacion_del_producto":false,"premios":false,"texto_enlace_cubierta":"","enlace_cubierta":false,"texto_enlace_ficha_tecnica":"","enlace_ficha_tecnica":false,"ficheros":false,"titulo-fr":"","texto-fr":"","fecha_de_reimpresion":"","deshabilitar_compra":[]},"yoast_head":"<!-- This site is optimized with the Yoast SEO plugin v27.5 - https:\/\/yoast.com\/product\/yoast-seo-wordpress\/ -->\n<title>Els Cinc al tur\u00f3 de Billycock - Editorial Juventud<\/title>\n<meta name=\"description\" content=\"B\u00e9! S\u00f3n vacances i els Cinc les estan passant en una granja al tur\u00f3 de Billycock. El m\u00e9s emocionant \u00e9s que han fet un nou amic, un pilot de veritat! Per\u00f2\" \/>\n<meta name=\"robots\" content=\"index, follow, max-snippet:-1, max-image-preview:large, max-video-preview:-1\" \/>\n<link rel=\"canonical\" href=\"https:\/\/www.editorialjuventud.es\/els-cinc-al-turo-de-billycock-9788426143303\/\" \/>\n<meta property=\"og:locale\" content=\"ca_ES\" \/>\n<meta property=\"og:type\" content=\"article\" \/>\n<meta property=\"og:title\" content=\"Els Cinc al tur\u00f3 de Billycock - Editorial Juventud\" \/>\n<meta property=\"og:description\" content=\"B\u00e9! S\u00f3n vacances i els Cinc les estan passant en una granja al tur\u00f3 de Billycock. El m\u00e9s emocionant \u00e9s que han fet un nou amic, un pilot de veritat! Per\u00f2\" \/>\n<meta property=\"og:url\" content=\"https:\/\/www.editorialjuventud.es\/els-cinc-al-turo-de-billycock-9788426143303\/\" \/>\n<meta property=\"og:site_name\" content=\"Editorial Juventud\" \/>\n<meta property=\"article:modified_time\" content=\"2025-01-22T12:08:10+00:00\" \/>\n<meta property=\"og:image\" content=\"https:\/\/www.editorialjuventud.es\/wp-content\/uploads\/4330.jpg\" \/>\n\t<meta property=\"og:image:width\" content=\"302\" \/>\n\t<meta property=\"og:image:height\" content=\"450\" \/>\n\t<meta property=\"og:image:type\" content=\"image\/jpeg\" \/>\n<meta name=\"twitter:card\" content=\"summary_large_image\" \/>\n<script type=\"application\/ld+json\" class=\"yoast-schema-graph\">{\"@context\":\"https:\\\/\\\/schema.org\",\"@graph\":[{\"@type\":\"WebPage\",\"@id\":\"https:\\\/\\\/www.editorialjuventud.es\\\/els-cinc-al-turo-de-billycock-9788426143303\\\/\",\"url\":\"https:\\\/\\\/www.editorialjuventud.es\\\/els-cinc-al-turo-de-billycock-9788426143303\\\/\",\"name\":\"Els Cinc al tur\u00f3 de Billycock - Editorial Juventud\",\"isPartOf\":{\"@id\":\"https:\\\/\\\/www.editorialjuventud.es\\\/#website\"},\"primaryImageOfPage\":{\"@id\":\"https:\\\/\\\/www.editorialjuventud.es\\\/els-cinc-al-turo-de-billycock-9788426143303\\\/#primaryimage\"},\"image\":{\"@id\":\"https:\\\/\\\/www.editorialjuventud.es\\\/els-cinc-al-turo-de-billycock-9788426143303\\\/#primaryimage\"},\"thumbnailUrl\":\"https:\\\/\\\/www.editorialjuventud.es\\\/wp-content\\\/uploads\\\/4330.jpg\",\"datePublished\":\"2018-08-24T09:58:28+00:00\",\"dateModified\":\"2025-01-22T12:08:10+00:00\",\"description\":\"B\u00e9! S\u00f3n vacances i els Cinc les estan passant en una granja al tur\u00f3 de Billycock. El m\u00e9s emocionant \u00e9s que han fet un nou amic, un pilot de veritat! Per\u00f2\",\"breadcrumb\":{\"@id\":\"https:\\\/\\\/www.editorialjuventud.es\\\/els-cinc-al-turo-de-billycock-9788426143303\\\/#breadcrumb\"},\"inLanguage\":\"ca\",\"potentialAction\":[{\"@type\":\"ReadAction\",\"target\":[\"https:\\\/\\\/www.editorialjuventud.es\\\/els-cinc-al-turo-de-billycock-9788426143303\\\/\"]}]},{\"@type\":\"ImageObject\",\"inLanguage\":\"ca\",\"@id\":\"https:\\\/\\\/www.editorialjuventud.es\\\/els-cinc-al-turo-de-billycock-9788426143303\\\/#primaryimage\",\"url\":\"https:\\\/\\\/www.editorialjuventud.es\\\/wp-content\\\/uploads\\\/4330.jpg\",\"contentUrl\":\"https:\\\/\\\/www.editorialjuventud.es\\\/wp-content\\\/uploads\\\/4330.jpg\",\"width\":302,\"height\":450,\"caption\":\"4330.jpg\"},{\"@type\":\"BreadcrumbList\",\"@id\":\"https:\\\/\\\/www.editorialjuventud.es\\\/els-cinc-al-turo-de-billycock-9788426143303\\\/#breadcrumb\",\"itemListElement\":[{\"@type\":\"ListItem\",\"position\":1,\"name\":\"Portada\",\"item\":\"https:\\\/\\\/www.editorialjuventud.es\\\/\"},{\"@type\":\"ListItem\",\"position\":2,\"name\":\"cat\u00e1logo\",\"item\":\"https:\\\/\\\/www.editorialjuventud.es\\\/coleccion\\\/catalogo\\\/\"},{\"@type\":\"ListItem\",\"position\":3,\"name\":\"catal\u00e0\",\"item\":\"https:\\\/\\\/www.editorialjuventud.es\\\/coleccion\\\/catala\\\/\"},{\"@type\":\"ListItem\",\"position\":4,\"name\":\"Narrativa Juvenil\",\"item\":\"https:\\\/\\\/www.editorialjuventud.es\\\/ca\\\/coleccion\\\/narrativa-juvenil\\\/\"},{\"@type\":\"ListItem\",\"position\":5,\"name\":\"Els Cinc\",\"item\":\"https:\\\/\\\/www.editorialjuventud.es\\\/coleccion\\\/els-cinc\\\/\"},{\"@type\":\"ListItem\",\"position\":6,\"name\":\"Els Cinc al tur\u00f3 de Billycock\"}]},{\"@type\":\"WebSite\",\"@id\":\"https:\\\/\\\/www.editorialjuventud.es\\\/#website\",\"url\":\"https:\\\/\\\/www.editorialjuventud.es\\\/\",\"name\":\"Editorial Juventud\",\"description\":\"\",\"potentialAction\":[{\"@type\":\"SearchAction\",\"target\":{\"@type\":\"EntryPoint\",\"urlTemplate\":\"https:\\\/\\\/www.editorialjuventud.es\\\/?s={search_term_string}\"},\"query-input\":{\"@type\":\"PropertyValueSpecification\",\"valueRequired\":true,\"valueName\":\"search_term_string\"}}],\"inLanguage\":\"ca\"}]}<\/script>\n<!-- \/ Yoast SEO plugin. -->","yoast_head_json":{"title":"Els Cinc al tur\u00f3 de Billycock - Editorial Juventud","description":"B\u00e9! S\u00f3n vacances i els Cinc les estan passant en una granja al tur\u00f3 de Billycock. El m\u00e9s emocionant \u00e9s que han fet un nou amic, un pilot de veritat! Per\u00f2","robots":{"index":"index","follow":"follow","max-snippet":"max-snippet:-1","max-image-preview":"max-image-preview:large","max-video-preview":"max-video-preview:-1"},"canonical":"https:\/\/www.editorialjuventud.es\/els-cinc-al-turo-de-billycock-9788426143303\/","og_locale":"ca_ES","og_type":"article","og_title":"Els Cinc al tur\u00f3 de Billycock - Editorial Juventud","og_description":"B\u00e9! S\u00f3n vacances i els Cinc les estan passant en una granja al tur\u00f3 de Billycock. El m\u00e9s emocionant \u00e9s que han fet un nou amic, un pilot de veritat! Per\u00f2","og_url":"https:\/\/www.editorialjuventud.es\/els-cinc-al-turo-de-billycock-9788426143303\/","og_site_name":"Editorial Juventud","article_modified_time":"2025-01-22T12:08:10+00:00","og_image":[{"width":302,"height":450,"url":"https:\/\/www.editorialjuventud.es\/wp-content\/uploads\/4330.jpg","type":"image\/jpeg"}],"twitter_card":"summary_large_image","schema":{"@context":"https:\/\/schema.org","@graph":[{"@type":"WebPage","@id":"https:\/\/www.editorialjuventud.es\/els-cinc-al-turo-de-billycock-9788426143303\/","url":"https:\/\/www.editorialjuventud.es\/els-cinc-al-turo-de-billycock-9788426143303\/","name":"Els Cinc al tur\u00f3 de Billycock - Editorial Juventud","isPartOf":{"@id":"https:\/\/www.editorialjuventud.es\/#website"},"primaryImageOfPage":{"@id":"https:\/\/www.editorialjuventud.es\/els-cinc-al-turo-de-billycock-9788426143303\/#primaryimage"},"image":{"@id":"https:\/\/www.editorialjuventud.es\/els-cinc-al-turo-de-billycock-9788426143303\/#primaryimage"},"thumbnailUrl":"https:\/\/www.editorialjuventud.es\/wp-content\/uploads\/4330.jpg","datePublished":"2018-08-24T09:58:28+00:00","dateModified":"2025-01-22T12:08:10+00:00","description":"B\u00e9! S\u00f3n vacances i els Cinc les estan passant en una granja al tur\u00f3 de Billycock. El m\u00e9s emocionant \u00e9s que han fet un nou amic, un pilot de veritat! Per\u00f2","breadcrumb":{"@id":"https:\/\/www.editorialjuventud.es\/els-cinc-al-turo-de-billycock-9788426143303\/#breadcrumb"},"inLanguage":"ca","potentialAction":[{"@type":"ReadAction","target":["https:\/\/www.editorialjuventud.es\/els-cinc-al-turo-de-billycock-9788426143303\/"]}]},{"@type":"ImageObject","inLanguage":"ca","@id":"https:\/\/www.editorialjuventud.es\/els-cinc-al-turo-de-billycock-9788426143303\/#primaryimage","url":"https:\/\/www.editorialjuventud.es\/wp-content\/uploads\/4330.jpg","contentUrl":"https:\/\/www.editorialjuventud.es\/wp-content\/uploads\/4330.jpg","width":302,"height":450,"caption":"4330.jpg"},{"@type":"BreadcrumbList","@id":"https:\/\/www.editorialjuventud.es\/els-cinc-al-turo-de-billycock-9788426143303\/#breadcrumb","itemListElement":[{"@type":"ListItem","position":1,"name":"Portada","item":"https:\/\/www.editorialjuventud.es\/"},{"@type":"ListItem","position":2,"name":"cat\u00e1logo","item":"https:\/\/www.editorialjuventud.es\/coleccion\/catalogo\/"},{"@type":"ListItem","position":3,"name":"catal\u00e0","item":"https:\/\/www.editorialjuventud.es\/coleccion\/catala\/"},{"@type":"ListItem","position":4,"name":"Narrativa Juvenil","item":"https:\/\/www.editorialjuventud.es\/ca\/coleccion\/narrativa-juvenil\/"},{"@type":"ListItem","position":5,"name":"Els Cinc","item":"https:\/\/www.editorialjuventud.es\/coleccion\/els-cinc\/"},{"@type":"ListItem","position":6,"name":"Els Cinc al tur\u00f3 de Billycock"}]},{"@type":"WebSite","@id":"https:\/\/www.editorialjuventud.es\/#website","url":"https:\/\/www.editorialjuventud.es\/","name":"Editorial Juventud","description":"","potentialAction":[{"@type":"SearchAction","target":{"@type":"EntryPoint","urlTemplate":"https:\/\/www.editorialjuventud.es\/?s={search_term_string}"},"query-input":{"@type":"PropertyValueSpecification","valueRequired":true,"valueName":"search_term_string"}}],"inLanguage":"ca"}]}},"_links":{"self":[{"href":"https:\/\/www.editorialjuventud.es\/ca\/wp-json\/wp\/v2\/product\/6170","targetHints":{"allow":["GET"]}}],"collection":[{"href":"https:\/\/www.editorialjuventud.es\/ca\/wp-json\/wp\/v2\/product"}],"about":[{"href":"https:\/\/www.editorialjuventud.es\/ca\/wp-json\/wp\/v2\/types\/product"}],"wp:featuredmedia":[{"embeddable":true,"href":"https:\/\/www.editorialjuventud.es\/ca\/wp-json\/wp\/v2\/media\/16834"}],"wp:attachment":[{"href":"https:\/\/www.editorialjuventud.es\/ca\/wp-json\/wp\/v2\/media?parent=6170"}],"wp:term":[{"taxonomy":"product_brand","embeddable":true,"href":"https:\/\/www.editorialjuventud.es\/ca\/wp-json\/wp\/v2\/product_brand?post=6170"},{"taxonomy":"product_cat","embeddable":true,"href":"https:\/\/www.editorialjuventud.es\/ca\/wp-json\/wp\/v2\/product_cat?post=6170"},{"taxonomy":"product_tag","embeddable":true,"href":"https:\/\/www.editorialjuventud.es\/ca\/wp-json\/wp\/v2\/product_tag?post=6170"},{"taxonomy":"coleccion","embeddable":true,"href":"https:\/\/www.editorialjuventud.es\/ca\/wp-json\/wp\/v2\/coleccion?post=6170"}],"curies":[{"name":"wp","href":"https:\/\/api.w.org\/{rel}","templated":true}]}}