{"id":6163,"date":"2018-08-24T11:57:56","date_gmt":"2018-08-24T09:57:56","guid":{"rendered":"http:\/\/www.editorialjuventud.es\/els-cinc-es-diverteixen-2\/"},"modified":"2025-01-22T13:08:46","modified_gmt":"2025-01-22T12:08:46","slug":"els-cinc-es-diverteixen-9788426143242","status":"publish","type":"product","link":"https:\/\/www.editorialjuventud.es\/ca\/els-cinc-es-diverteixen-9788426143242\/","title":{"rendered":"Els Cinc es diverteixen"},"content":{"rendered":"<p>Els Cinc han de protegir la Berta, filla d&#8217;un cient\u00edfic americ\u00e0, amena\u00e7ada de segrest per aconseguir les dades encara secretes de l&#8217;\u00faltim invent del seu pare. Els Cinc han d&#8217;exposar-se al perill per ajudar la nena. Aconsegueixen camuflar-la tan b\u00e9 que fins i tot els segrestadors es confonen&#8230;<\/p>\n","protected":false},"excerpt":{"rendered":"Els Cinc han de protegir la Berta, filla d&#8217;un cient\u00edfic americ\u00e0, amena\u00e7ada de segrest per aconseguir les dades encara secretes de l&#8217;\u00faltim invent del seu pare. Els Cinc han d&#8217;exposar-se al perill per ajudar la nena. Aconsegueixen camuflar-la tan b\u00e9 [&hellip;]","protected":false},"featured_media":16828,"template":"","meta":{"_acf_changed":false,"_exactmetrics_skip_tracking":false,"_exactmetrics_sitenote_active":false,"_exactmetrics_sitenote_note":"","_exactmetrics_sitenote_category":0},"product_brand":[],"product_cat":[904,1142,1119,1128,1229],"product_tag":[],"coleccion":[981],"class_list":{"0":"post-6163","1":"product","2":"type-product","3":"status-publish","4":"has-post-thumbnail","6":"product_cat-a-partir-de-9-anos","7":"product_cat-aventura","8":"product_cat-narrativa-juvenil","9":"product_cat-tematica","10":"product_cat-vacaciones-viajes","11":"coleccion-els-cinc","13":"first","14":"instock","15":"taxable","16":"shipping-taxable","17":"purchasable","18":"product-type-simple"},"acf":{"autor":"Blyton, Enid","codart":"4324","ediciones":"1","encuadernacion":"Carton\u00e9","fecha_de_publicacion":"01\/03\/2016","novedad":"0","paginas":"238","subtitulo":"","texto_web_adicional":"","texto_web_novedad":"","orden":"999","portada":"0","texto_web_resaltado":"","indice":"","autores-libros":[16237],"ilustradores-libros":[18342],"traductores-libros":[17666],"descripcion_corta":"","recomendamos":"","mas_vendido":"","idioma-libro":"","color":false,"formato":"","mas_informacion_del_producto":false,"premios":false,"texto_enlace_cubierta":"","enlace_cubierta":false,"texto_enlace_ficha_tecnica":"","enlace_ficha_tecnica":false,"ficheros":false,"titulo-fr":"","texto-fr":"","fecha_de_reimpresion":"","deshabilitar_compra":[]},"yoast_head":"<!-- This site is optimized with the Yoast SEO plugin v27.5 - https:\/\/yoast.com\/product\/yoast-seo-wordpress\/ -->\n<title>Els Cinc es diverteixen - Editorial Juventud<\/title>\n<meta name=\"description\" content=\"Els Cinc han de protegir la Berta, filla d&#039;un cient\u00edfic americ\u00e0, amena\u00e7ada de segrest per aconseguir les dades encara secretes de l&#039;\u00faltim invent del seu\" \/>\n<meta name=\"robots\" content=\"index, follow, max-snippet:-1, max-image-preview:large, max-video-preview:-1\" \/>\n<link rel=\"canonical\" href=\"https:\/\/www.editorialjuventud.es\/els-cinc-es-diverteixen-9788426143242\/\" \/>\n<meta property=\"og:locale\" content=\"ca_ES\" \/>\n<meta property=\"og:type\" content=\"article\" \/>\n<meta property=\"og:title\" content=\"Els Cinc es diverteixen - Editorial Juventud\" \/>\n<meta property=\"og:description\" content=\"Els Cinc han de protegir la Berta, filla d&#039;un cient\u00edfic americ\u00e0, amena\u00e7ada de segrest per aconseguir les dades encara secretes de l&#039;\u00faltim invent del seu\" \/>\n<meta property=\"og:url\" content=\"https:\/\/www.editorialjuventud.es\/els-cinc-es-diverteixen-9788426143242\/\" \/>\n<meta property=\"og:site_name\" content=\"Editorial Juventud\" \/>\n<meta property=\"article:modified_time\" content=\"2025-01-22T12:08:46+00:00\" \/>\n<meta property=\"og:image\" content=\"https:\/\/www.editorialjuventud.es\/wp-content\/uploads\/4324.jpg\" \/>\n\t<meta property=\"og:image:width\" content=\"295\" \/>\n\t<meta property=\"og:image:height\" content=\"450\" \/>\n\t<meta property=\"og:image:type\" content=\"image\/jpeg\" \/>\n<meta name=\"twitter:card\" content=\"summary_large_image\" \/>\n<script type=\"application\/ld+json\" class=\"yoast-schema-graph\">{\"@context\":\"https:\\\/\\\/schema.org\",\"@graph\":[{\"@type\":\"WebPage\",\"@id\":\"https:\\\/\\\/www.editorialjuventud.es\\\/els-cinc-es-diverteixen-9788426143242\\\/\",\"url\":\"https:\\\/\\\/www.editorialjuventud.es\\\/els-cinc-es-diverteixen-9788426143242\\\/\",\"name\":\"Els Cinc es diverteixen - Editorial Juventud\",\"isPartOf\":{\"@id\":\"https:\\\/\\\/www.editorialjuventud.es\\\/#website\"},\"primaryImageOfPage\":{\"@id\":\"https:\\\/\\\/www.editorialjuventud.es\\\/els-cinc-es-diverteixen-9788426143242\\\/#primaryimage\"},\"image\":{\"@id\":\"https:\\\/\\\/www.editorialjuventud.es\\\/els-cinc-es-diverteixen-9788426143242\\\/#primaryimage\"},\"thumbnailUrl\":\"https:\\\/\\\/www.editorialjuventud.es\\\/wp-content\\\/uploads\\\/4324.jpg\",\"datePublished\":\"2018-08-24T09:57:56+00:00\",\"dateModified\":\"2025-01-22T12:08:46+00:00\",\"description\":\"Els Cinc han de protegir la Berta, filla d'un cient\u00edfic americ\u00e0, amena\u00e7ada de segrest per aconseguir les dades encara secretes de l'\u00faltim invent del seu\",\"breadcrumb\":{\"@id\":\"https:\\\/\\\/www.editorialjuventud.es\\\/els-cinc-es-diverteixen-9788426143242\\\/#breadcrumb\"},\"inLanguage\":\"ca\",\"potentialAction\":[{\"@type\":\"ReadAction\",\"target\":[\"https:\\\/\\\/www.editorialjuventud.es\\\/els-cinc-es-diverteixen-9788426143242\\\/\"]}]},{\"@type\":\"ImageObject\",\"inLanguage\":\"ca\",\"@id\":\"https:\\\/\\\/www.editorialjuventud.es\\\/els-cinc-es-diverteixen-9788426143242\\\/#primaryimage\",\"url\":\"https:\\\/\\\/www.editorialjuventud.es\\\/wp-content\\\/uploads\\\/4324.jpg\",\"contentUrl\":\"https:\\\/\\\/www.editorialjuventud.es\\\/wp-content\\\/uploads\\\/4324.jpg\",\"width\":295,\"height\":450,\"caption\":\"4324.jpg\"},{\"@type\":\"BreadcrumbList\",\"@id\":\"https:\\\/\\\/www.editorialjuventud.es\\\/els-cinc-es-diverteixen-9788426143242\\\/#breadcrumb\",\"itemListElement\":[{\"@type\":\"ListItem\",\"position\":1,\"name\":\"Portada\",\"item\":\"https:\\\/\\\/www.editorialjuventud.es\\\/\"},{\"@type\":\"ListItem\",\"position\":2,\"name\":\"cat\u00e1logo\",\"item\":\"https:\\\/\\\/www.editorialjuventud.es\\\/coleccion\\\/catalogo\\\/\"},{\"@type\":\"ListItem\",\"position\":3,\"name\":\"catal\u00e0\",\"item\":\"https:\\\/\\\/www.editorialjuventud.es\\\/coleccion\\\/catala\\\/\"},{\"@type\":\"ListItem\",\"position\":4,\"name\":\"Narrativa Juvenil\",\"item\":\"https:\\\/\\\/www.editorialjuventud.es\\\/ca\\\/coleccion\\\/narrativa-juvenil\\\/\"},{\"@type\":\"ListItem\",\"position\":5,\"name\":\"Els Cinc\",\"item\":\"https:\\\/\\\/www.editorialjuventud.es\\\/coleccion\\\/els-cinc\\\/\"},{\"@type\":\"ListItem\",\"position\":6,\"name\":\"Els Cinc es diverteixen\"}]},{\"@type\":\"WebSite\",\"@id\":\"https:\\\/\\\/www.editorialjuventud.es\\\/#website\",\"url\":\"https:\\\/\\\/www.editorialjuventud.es\\\/\",\"name\":\"Editorial Juventud\",\"description\":\"\",\"potentialAction\":[{\"@type\":\"SearchAction\",\"target\":{\"@type\":\"EntryPoint\",\"urlTemplate\":\"https:\\\/\\\/www.editorialjuventud.es\\\/?s={search_term_string}\"},\"query-input\":{\"@type\":\"PropertyValueSpecification\",\"valueRequired\":true,\"valueName\":\"search_term_string\"}}],\"inLanguage\":\"ca\"}]}<\/script>\n<!-- \/ Yoast SEO plugin. -->","yoast_head_json":{"title":"Els Cinc es diverteixen - Editorial Juventud","description":"Els Cinc han de protegir la Berta, filla d'un cient\u00edfic americ\u00e0, amena\u00e7ada de segrest per aconseguir les dades encara secretes de l'\u00faltim invent del seu","robots":{"index":"index","follow":"follow","max-snippet":"max-snippet:-1","max-image-preview":"max-image-preview:large","max-video-preview":"max-video-preview:-1"},"canonical":"https:\/\/www.editorialjuventud.es\/els-cinc-es-diverteixen-9788426143242\/","og_locale":"ca_ES","og_type":"article","og_title":"Els Cinc es diverteixen - Editorial Juventud","og_description":"Els Cinc han de protegir la Berta, filla d'un cient\u00edfic americ\u00e0, amena\u00e7ada de segrest per aconseguir les dades encara secretes de l'\u00faltim invent del seu","og_url":"https:\/\/www.editorialjuventud.es\/els-cinc-es-diverteixen-9788426143242\/","og_site_name":"Editorial Juventud","article_modified_time":"2025-01-22T12:08:46+00:00","og_image":[{"width":295,"height":450,"url":"https:\/\/www.editorialjuventud.es\/wp-content\/uploads\/4324.jpg","type":"image\/jpeg"}],"twitter_card":"summary_large_image","schema":{"@context":"https:\/\/schema.org","@graph":[{"@type":"WebPage","@id":"https:\/\/www.editorialjuventud.es\/els-cinc-es-diverteixen-9788426143242\/","url":"https:\/\/www.editorialjuventud.es\/els-cinc-es-diverteixen-9788426143242\/","name":"Els Cinc es diverteixen - Editorial Juventud","isPartOf":{"@id":"https:\/\/www.editorialjuventud.es\/#website"},"primaryImageOfPage":{"@id":"https:\/\/www.editorialjuventud.es\/els-cinc-es-diverteixen-9788426143242\/#primaryimage"},"image":{"@id":"https:\/\/www.editorialjuventud.es\/els-cinc-es-diverteixen-9788426143242\/#primaryimage"},"thumbnailUrl":"https:\/\/www.editorialjuventud.es\/wp-content\/uploads\/4324.jpg","datePublished":"2018-08-24T09:57:56+00:00","dateModified":"2025-01-22T12:08:46+00:00","description":"Els Cinc han de protegir la Berta, filla d'un cient\u00edfic americ\u00e0, amena\u00e7ada de segrest per aconseguir les dades encara secretes de l'\u00faltim invent del seu","breadcrumb":{"@id":"https:\/\/www.editorialjuventud.es\/els-cinc-es-diverteixen-9788426143242\/#breadcrumb"},"inLanguage":"ca","potentialAction":[{"@type":"ReadAction","target":["https:\/\/www.editorialjuventud.es\/els-cinc-es-diverteixen-9788426143242\/"]}]},{"@type":"ImageObject","inLanguage":"ca","@id":"https:\/\/www.editorialjuventud.es\/els-cinc-es-diverteixen-9788426143242\/#primaryimage","url":"https:\/\/www.editorialjuventud.es\/wp-content\/uploads\/4324.jpg","contentUrl":"https:\/\/www.editorialjuventud.es\/wp-content\/uploads\/4324.jpg","width":295,"height":450,"caption":"4324.jpg"},{"@type":"BreadcrumbList","@id":"https:\/\/www.editorialjuventud.es\/els-cinc-es-diverteixen-9788426143242\/#breadcrumb","itemListElement":[{"@type":"ListItem","position":1,"name":"Portada","item":"https:\/\/www.editorialjuventud.es\/"},{"@type":"ListItem","position":2,"name":"cat\u00e1logo","item":"https:\/\/www.editorialjuventud.es\/coleccion\/catalogo\/"},{"@type":"ListItem","position":3,"name":"catal\u00e0","item":"https:\/\/www.editorialjuventud.es\/coleccion\/catala\/"},{"@type":"ListItem","position":4,"name":"Narrativa Juvenil","item":"https:\/\/www.editorialjuventud.es\/ca\/coleccion\/narrativa-juvenil\/"},{"@type":"ListItem","position":5,"name":"Els Cinc","item":"https:\/\/www.editorialjuventud.es\/coleccion\/els-cinc\/"},{"@type":"ListItem","position":6,"name":"Els Cinc es diverteixen"}]},{"@type":"WebSite","@id":"https:\/\/www.editorialjuventud.es\/#website","url":"https:\/\/www.editorialjuventud.es\/","name":"Editorial Juventud","description":"","potentialAction":[{"@type":"SearchAction","target":{"@type":"EntryPoint","urlTemplate":"https:\/\/www.editorialjuventud.es\/?s={search_term_string}"},"query-input":{"@type":"PropertyValueSpecification","valueRequired":true,"valueName":"search_term_string"}}],"inLanguage":"ca"}]}},"_links":{"self":[{"href":"https:\/\/www.editorialjuventud.es\/ca\/wp-json\/wp\/v2\/product\/6163","targetHints":{"allow":["GET"]}}],"collection":[{"href":"https:\/\/www.editorialjuventud.es\/ca\/wp-json\/wp\/v2\/product"}],"about":[{"href":"https:\/\/www.editorialjuventud.es\/ca\/wp-json\/wp\/v2\/types\/product"}],"wp:featuredmedia":[{"embeddable":true,"href":"https:\/\/www.editorialjuventud.es\/ca\/wp-json\/wp\/v2\/media\/16828"}],"wp:attachment":[{"href":"https:\/\/www.editorialjuventud.es\/ca\/wp-json\/wp\/v2\/media?parent=6163"}],"wp:term":[{"taxonomy":"product_brand","embeddable":true,"href":"https:\/\/www.editorialjuventud.es\/ca\/wp-json\/wp\/v2\/product_brand?post=6163"},{"taxonomy":"product_cat","embeddable":true,"href":"https:\/\/www.editorialjuventud.es\/ca\/wp-json\/wp\/v2\/product_cat?post=6163"},{"taxonomy":"product_tag","embeddable":true,"href":"https:\/\/www.editorialjuventud.es\/ca\/wp-json\/wp\/v2\/product_tag?post=6163"},{"taxonomy":"coleccion","embeddable":true,"href":"https:\/\/www.editorialjuventud.es\/ca\/wp-json\/wp\/v2\/coleccion?post=6163"}],"curies":[{"name":"wp","href":"https:\/\/api.w.org\/{rel}","templated":true}]}}