{"id":6145,"date":"2018-08-24T11:56:40","date_gmt":"2018-08-24T09:56:40","guid":{"rendered":"http:\/\/www.editorialjuventud.es\/los-cinco-en-peligro\/"},"modified":"2025-01-22T13:10:14","modified_gmt":"2025-01-22T12:10:14","slug":"los-cinco-en-peligro-9788426143082","status":"publish","type":"product","link":"https:\/\/www.editorialjuventud.es\/ca\/los-cinco-en-peligro-9788426143082\/","title":{"rendered":"Los Cinco en peligro"},"content":{"rendered":"<p>\u00a1Los Cinco se lo est\u00e1n pasando superbi\u00e9n en la nieve! Pero \u00bfqui\u00e9n vive en la misteriosa casa cerca del refugio donde est\u00e1n? El guarda dice que hace a\u00f1os que nadie vive all\u00ed, pero los Cinco est\u00e1n seguros de haber visto un rostro angustiado y atormentado en una de las ventanas.<\/p>\n","protected":false},"excerpt":{"rendered":"\u00a1Los Cinco se lo est\u00e1n pasando superbi\u00e9n en la nieve! Pero \u00bfqui\u00e9n vive en la misteriosa casa cerca del refugio donde est\u00e1n? El guarda dice que hace a\u00f1os que nadie vive all\u00ed, pero los Cinco est\u00e1n seguros de haber visto [&hellip;]","protected":false},"featured_media":16802,"template":"","meta":{"_acf_changed":false,"_exactmetrics_skip_tracking":false,"_exactmetrics_sitenote_active":false,"_exactmetrics_sitenote_note":"","_exactmetrics_sitenote_category":0},"product_brand":[],"product_cat":[904,1142,1119,1229],"product_tag":[],"coleccion":[1027],"class_list":{"0":"post-6145","1":"product","2":"type-product","3":"status-publish","4":"has-post-thumbnail","6":"product_cat-a-partir-de-9-anos","7":"product_cat-aventura","8":"product_cat-narrativa-juvenil","9":"product_cat-vacaciones-viajes","10":"coleccion-los-cinco","12":"first","13":"instock","14":"taxable","15":"shipping-taxable","16":"purchasable","17":"product-type-simple"},"acf":{"autor":"Blyton, Enid","codart":"4308","ediciones":"3","encuadernacion":"Carton\u00e9","fecha_de_publicacion":"01\/04\/2016","novedad":"0","paginas":"230","subtitulo":"","texto_web_adicional":"","texto_web_novedad":"","orden":"999","portada":"0","texto_web_resaltado":"","indice":"","autores-libros":[16237],"ilustradores-libros":[18342],"traductores-libros":[18289],"descripcion_corta":"","recomendamos":"","mas_vendido":"","idioma-libro":"","color":false,"formato":"","mas_informacion_del_producto":false,"premios":false,"texto_enlace_cubierta":"","enlace_cubierta":false,"texto_enlace_ficha_tecnica":"","enlace_ficha_tecnica":{"ID":29220,"id":29220,"title":"16 Los Cinco en Billycock Hill","filename":"16-Los-Cinco-en-Billycock-Hill.pdf","filesize":424943,"url":"https:\/\/www.editorialjuventud.es\/wp-content\/uploads\/16-Los-Cinco-en-Billycock-Hill.pdf","link":"https:\/\/www.editorialjuventud.es\/ca\/?attachment_id=29220","alt":"","author":"47","description":"","caption":"","name":"16-los-cinco-en-billycock-hill","status":"inherit","uploaded_to":6146,"date":"2019-06-20 08:54:13","modified":"2019-06-20 08:54:13","menu_order":0,"mime_type":"application\/pdf","type":"application","subtype":"pdf","icon":"https:\/\/www.editorialjuventud.es\/wp-includes\/images\/media\/document.png"},"ficheros":false,"titulo-fr":"","texto-fr":"","fecha_de_reimpresion":"01\/09\/2022","deshabilitar_compra":[]},"yoast_head":"<!-- This site is optimized with the Yoast SEO plugin v27.5 - https:\/\/yoast.com\/product\/yoast-seo-wordpress\/ -->\n<title>Los Cinco en peligro - Editorial Juventud<\/title>\n<meta name=\"description\" content=\"\u00a1Los Cinco se lo est\u00e1n pasando superbi\u00e9n en la nieve! Pero \u00bfqui\u00e9n vive en la misteriosa casa cerca del refugio donde est\u00e1n? El guarda dice que hace a\u00f1os\" \/>\n<meta name=\"robots\" content=\"index, follow, max-snippet:-1, max-image-preview:large, max-video-preview:-1\" \/>\n<link rel=\"canonical\" href=\"https:\/\/www.editorialjuventud.es\/los-cinco-en-peligro-9788426143082\/\" \/>\n<meta property=\"og:locale\" content=\"ca_ES\" \/>\n<meta property=\"og:type\" content=\"article\" \/>\n<meta property=\"og:title\" content=\"Los Cinco en peligro - Editorial Juventud\" \/>\n<meta property=\"og:description\" content=\"\u00a1Los Cinco se lo est\u00e1n pasando superbi\u00e9n en la nieve! Pero \u00bfqui\u00e9n vive en la misteriosa casa cerca del refugio donde est\u00e1n? El guarda dice que hace a\u00f1os\" \/>\n<meta property=\"og:url\" content=\"https:\/\/www.editorialjuventud.es\/los-cinco-en-peligro-9788426143082\/\" \/>\n<meta property=\"og:site_name\" content=\"Editorial Juventud\" \/>\n<meta property=\"article:modified_time\" content=\"2025-01-22T12:10:14+00:00\" \/>\n<meta property=\"og:image\" content=\"https:\/\/www.editorialjuventud.es\/wp-content\/uploads\/4308.jpg\" \/>\n\t<meta property=\"og:image:width\" content=\"298\" \/>\n\t<meta property=\"og:image:height\" content=\"450\" \/>\n\t<meta property=\"og:image:type\" content=\"image\/jpeg\" \/>\n<meta name=\"twitter:card\" content=\"summary_large_image\" \/>\n<script type=\"application\/ld+json\" class=\"yoast-schema-graph\">{\"@context\":\"https:\\\/\\\/schema.org\",\"@graph\":[{\"@type\":\"WebPage\",\"@id\":\"https:\\\/\\\/www.editorialjuventud.es\\\/los-cinco-en-peligro-9788426143082\\\/\",\"url\":\"https:\\\/\\\/www.editorialjuventud.es\\\/los-cinco-en-peligro-9788426143082\\\/\",\"name\":\"Los Cinco en peligro - Editorial Juventud\",\"isPartOf\":{\"@id\":\"https:\\\/\\\/www.editorialjuventud.es\\\/#website\"},\"primaryImageOfPage\":{\"@id\":\"https:\\\/\\\/www.editorialjuventud.es\\\/los-cinco-en-peligro-9788426143082\\\/#primaryimage\"},\"image\":{\"@id\":\"https:\\\/\\\/www.editorialjuventud.es\\\/los-cinco-en-peligro-9788426143082\\\/#primaryimage\"},\"thumbnailUrl\":\"https:\\\/\\\/www.editorialjuventud.es\\\/wp-content\\\/uploads\\\/4308.jpg\",\"datePublished\":\"2018-08-24T09:56:40+00:00\",\"dateModified\":\"2025-01-22T12:10:14+00:00\",\"description\":\"\u00a1Los Cinco se lo est\u00e1n pasando superbi\u00e9n en la nieve! Pero \u00bfqui\u00e9n vive en la misteriosa casa cerca del refugio donde est\u00e1n? El guarda dice que hace a\u00f1os\",\"breadcrumb\":{\"@id\":\"https:\\\/\\\/www.editorialjuventud.es\\\/los-cinco-en-peligro-9788426143082\\\/#breadcrumb\"},\"inLanguage\":\"ca\",\"potentialAction\":[{\"@type\":\"ReadAction\",\"target\":[\"https:\\\/\\\/www.editorialjuventud.es\\\/los-cinco-en-peligro-9788426143082\\\/\"]}]},{\"@type\":\"ImageObject\",\"inLanguage\":\"ca\",\"@id\":\"https:\\\/\\\/www.editorialjuventud.es\\\/los-cinco-en-peligro-9788426143082\\\/#primaryimage\",\"url\":\"https:\\\/\\\/www.editorialjuventud.es\\\/wp-content\\\/uploads\\\/4308.jpg\",\"contentUrl\":\"https:\\\/\\\/www.editorialjuventud.es\\\/wp-content\\\/uploads\\\/4308.jpg\",\"width\":298,\"height\":450,\"caption\":\"4308.jpg\"},{\"@type\":\"BreadcrumbList\",\"@id\":\"https:\\\/\\\/www.editorialjuventud.es\\\/los-cinco-en-peligro-9788426143082\\\/#breadcrumb\",\"itemListElement\":[{\"@type\":\"ListItem\",\"position\":1,\"name\":\"Portada\",\"item\":\"https:\\\/\\\/www.editorialjuventud.es\\\/\"},{\"@type\":\"ListItem\",\"position\":2,\"name\":\"cat\u00e1logo\",\"item\":\"https:\\\/\\\/www.editorialjuventud.es\\\/coleccion\\\/catalogo\\\/\"},{\"@type\":\"ListItem\",\"position\":3,\"name\":\"castellano\",\"item\":\"https:\\\/\\\/www.editorialjuventud.es\\\/coleccion\\\/castellano\\\/\"},{\"@type\":\"ListItem\",\"position\":4,\"name\":\"Narrativa Juvenil\",\"item\":\"https:\\\/\\\/www.editorialjuventud.es\\\/coleccion\\\/narrativa-juvenil-castellano\\\/\"},{\"@type\":\"ListItem\",\"position\":5,\"name\":\"Los Cinco\",\"item\":\"https:\\\/\\\/www.editorialjuventud.es\\\/coleccion\\\/los-cinco\\\/\"},{\"@type\":\"ListItem\",\"position\":6,\"name\":\"Los Cinco en peligro\"}]},{\"@type\":\"WebSite\",\"@id\":\"https:\\\/\\\/www.editorialjuventud.es\\\/#website\",\"url\":\"https:\\\/\\\/www.editorialjuventud.es\\\/\",\"name\":\"Editorial Juventud\",\"description\":\"\",\"potentialAction\":[{\"@type\":\"SearchAction\",\"target\":{\"@type\":\"EntryPoint\",\"urlTemplate\":\"https:\\\/\\\/www.editorialjuventud.es\\\/?s={search_term_string}\"},\"query-input\":{\"@type\":\"PropertyValueSpecification\",\"valueRequired\":true,\"valueName\":\"search_term_string\"}}],\"inLanguage\":\"ca\"}]}<\/script>\n<!-- \/ Yoast SEO plugin. -->","yoast_head_json":{"title":"Los Cinco en peligro - Editorial Juventud","description":"\u00a1Los Cinco se lo est\u00e1n pasando superbi\u00e9n en la nieve! Pero \u00bfqui\u00e9n vive en la misteriosa casa cerca del refugio donde est\u00e1n? El guarda dice que hace a\u00f1os","robots":{"index":"index","follow":"follow","max-snippet":"max-snippet:-1","max-image-preview":"max-image-preview:large","max-video-preview":"max-video-preview:-1"},"canonical":"https:\/\/www.editorialjuventud.es\/los-cinco-en-peligro-9788426143082\/","og_locale":"ca_ES","og_type":"article","og_title":"Los Cinco en peligro - Editorial Juventud","og_description":"\u00a1Los Cinco se lo est\u00e1n pasando superbi\u00e9n en la nieve! Pero \u00bfqui\u00e9n vive en la misteriosa casa cerca del refugio donde est\u00e1n? El guarda dice que hace a\u00f1os","og_url":"https:\/\/www.editorialjuventud.es\/los-cinco-en-peligro-9788426143082\/","og_site_name":"Editorial Juventud","article_modified_time":"2025-01-22T12:10:14+00:00","og_image":[{"width":298,"height":450,"url":"https:\/\/www.editorialjuventud.es\/wp-content\/uploads\/4308.jpg","type":"image\/jpeg"}],"twitter_card":"summary_large_image","schema":{"@context":"https:\/\/schema.org","@graph":[{"@type":"WebPage","@id":"https:\/\/www.editorialjuventud.es\/los-cinco-en-peligro-9788426143082\/","url":"https:\/\/www.editorialjuventud.es\/los-cinco-en-peligro-9788426143082\/","name":"Los Cinco en peligro - Editorial Juventud","isPartOf":{"@id":"https:\/\/www.editorialjuventud.es\/#website"},"primaryImageOfPage":{"@id":"https:\/\/www.editorialjuventud.es\/los-cinco-en-peligro-9788426143082\/#primaryimage"},"image":{"@id":"https:\/\/www.editorialjuventud.es\/los-cinco-en-peligro-9788426143082\/#primaryimage"},"thumbnailUrl":"https:\/\/www.editorialjuventud.es\/wp-content\/uploads\/4308.jpg","datePublished":"2018-08-24T09:56:40+00:00","dateModified":"2025-01-22T12:10:14+00:00","description":"\u00a1Los Cinco se lo est\u00e1n pasando superbi\u00e9n en la nieve! Pero \u00bfqui\u00e9n vive en la misteriosa casa cerca del refugio donde est\u00e1n? El guarda dice que hace a\u00f1os","breadcrumb":{"@id":"https:\/\/www.editorialjuventud.es\/los-cinco-en-peligro-9788426143082\/#breadcrumb"},"inLanguage":"ca","potentialAction":[{"@type":"ReadAction","target":["https:\/\/www.editorialjuventud.es\/los-cinco-en-peligro-9788426143082\/"]}]},{"@type":"ImageObject","inLanguage":"ca","@id":"https:\/\/www.editorialjuventud.es\/los-cinco-en-peligro-9788426143082\/#primaryimage","url":"https:\/\/www.editorialjuventud.es\/wp-content\/uploads\/4308.jpg","contentUrl":"https:\/\/www.editorialjuventud.es\/wp-content\/uploads\/4308.jpg","width":298,"height":450,"caption":"4308.jpg"},{"@type":"BreadcrumbList","@id":"https:\/\/www.editorialjuventud.es\/los-cinco-en-peligro-9788426143082\/#breadcrumb","itemListElement":[{"@type":"ListItem","position":1,"name":"Portada","item":"https:\/\/www.editorialjuventud.es\/"},{"@type":"ListItem","position":2,"name":"cat\u00e1logo","item":"https:\/\/www.editorialjuventud.es\/coleccion\/catalogo\/"},{"@type":"ListItem","position":3,"name":"castellano","item":"https:\/\/www.editorialjuventud.es\/coleccion\/castellano\/"},{"@type":"ListItem","position":4,"name":"Narrativa Juvenil","item":"https:\/\/www.editorialjuventud.es\/coleccion\/narrativa-juvenil-castellano\/"},{"@type":"ListItem","position":5,"name":"Los Cinco","item":"https:\/\/www.editorialjuventud.es\/coleccion\/los-cinco\/"},{"@type":"ListItem","position":6,"name":"Los Cinco en peligro"}]},{"@type":"WebSite","@id":"https:\/\/www.editorialjuventud.es\/#website","url":"https:\/\/www.editorialjuventud.es\/","name":"Editorial Juventud","description":"","potentialAction":[{"@type":"SearchAction","target":{"@type":"EntryPoint","urlTemplate":"https:\/\/www.editorialjuventud.es\/?s={search_term_string}"},"query-input":{"@type":"PropertyValueSpecification","valueRequired":true,"valueName":"search_term_string"}}],"inLanguage":"ca"}]}},"_links":{"self":[{"href":"https:\/\/www.editorialjuventud.es\/ca\/wp-json\/wp\/v2\/product\/6145","targetHints":{"allow":["GET"]}}],"collection":[{"href":"https:\/\/www.editorialjuventud.es\/ca\/wp-json\/wp\/v2\/product"}],"about":[{"href":"https:\/\/www.editorialjuventud.es\/ca\/wp-json\/wp\/v2\/types\/product"}],"wp:featuredmedia":[{"embeddable":true,"href":"https:\/\/www.editorialjuventud.es\/ca\/wp-json\/wp\/v2\/media\/16802"}],"wp:attachment":[{"href":"https:\/\/www.editorialjuventud.es\/ca\/wp-json\/wp\/v2\/media?parent=6145"}],"wp:term":[{"taxonomy":"product_brand","embeddable":true,"href":"https:\/\/www.editorialjuventud.es\/ca\/wp-json\/wp\/v2\/product_brand?post=6145"},{"taxonomy":"product_cat","embeddable":true,"href":"https:\/\/www.editorialjuventud.es\/ca\/wp-json\/wp\/v2\/product_cat?post=6145"},{"taxonomy":"product_tag","embeddable":true,"href":"https:\/\/www.editorialjuventud.es\/ca\/wp-json\/wp\/v2\/product_tag?post=6145"},{"taxonomy":"coleccion","embeddable":true,"href":"https:\/\/www.editorialjuventud.es\/ca\/wp-json\/wp\/v2\/coleccion?post=6145"}],"curies":[{"name":"wp","href":"https:\/\/api.w.org\/{rel}","templated":true}]}}