{"id":6141,"date":"2018-08-24T11:56:22","date_gmt":"2018-08-24T09:56:22","guid":{"rendered":"http:\/\/www.editorialjuventud.es\/los-cinco-en-el-paramo-misterioso-2\/"},"modified":"2025-01-22T13:10:40","modified_gmt":"2025-01-22T12:10:40","slug":"los-cinco-en-el-paramo-misterioso-9788426143044","status":"publish","type":"product","link":"https:\/\/www.editorialjuventud.es\/ca\/los-cinco-en-el-paramo-misterioso-9788426143044\/","title":{"rendered":"Los Cinco en el P\u00e1ramo Misterioso"},"content":{"rendered":"<p>\u00a1Los Cinco descubren que el P\u00e1ramo Misterioso tiene un nombre muy apropiado! Hay algo peligroso all\u00ed&#8230; Los Cinco necesitan ayuda para saber de qu\u00e9 se trata. Los viajeros que acampan en el p\u00e1ramo son poco amistosos, as\u00ed que los Cinco no tienen m\u00e1s remedio que arriesgarse por las nieblas traicioneras y seguir el rastro.<\/p>\n","protected":false},"excerpt":{"rendered":"\u00a1Los Cinco descubren que el P\u00e1ramo Misterioso tiene un nombre muy apropiado! Hay algo peligroso all\u00ed&#8230; Los Cinco necesitan ayuda para saber de qu\u00e9 se trata. Los viajeros que acampan en el p\u00e1ramo son poco amistosos, as\u00ed que los Cinco [&hellip;]","protected":false},"featured_media":16794,"template":"","meta":{"_acf_changed":false,"_exactmetrics_skip_tracking":false,"_exactmetrics_sitenote_active":false,"_exactmetrics_sitenote_note":"","_exactmetrics_sitenote_category":0},"product_brand":[],"product_cat":[904,1142,1119,1229],"product_tag":[],"coleccion":[1027],"class_list":{"0":"post-6141","1":"product","2":"type-product","3":"status-publish","4":"has-post-thumbnail","6":"product_cat-a-partir-de-9-anos","7":"product_cat-aventura","8":"product_cat-narrativa-juvenil","9":"product_cat-vacaciones-viajes","10":"coleccion-los-cinco","12":"first","13":"instock","14":"taxable","15":"shipping-taxable","16":"purchasable","17":"product-type-simple"},"acf":{"autor":"Blyton, Enid","codart":"4304","ediciones":"2","encuadernacion":"Carton\u00e9","fecha_de_publicacion":"01\/03\/2016","novedad":"0","paginas":"232","subtitulo":"","texto_web_adicional":"","texto_web_novedad":"","orden":"999","portada":"0","texto_web_resaltado":"","indice":"","autores-libros":[16237],"ilustradores-libros":[18342],"traductores-libros":[27124],"descripcion_corta":"\u00a1Los Cinco descubren que el P\u00e1ramo Misterioso tiene un nombre muy apropiado! Hay algo peligroso all\u00ed...","recomendamos":"","mas_vendido":"","idioma-libro":"","color":false,"formato":"","mas_informacion_del_producto":false,"premios":false,"texto_enlace_cubierta":"","enlace_cubierta":{"ID":30098,"id":30098,"title":"(13) COVER Los cinco en el paramo misterioso.indd","filename":"Los-Cinco-en-el-paramo-misterioso_300px_CAST.jpg","filesize":480840,"url":"https:\/\/www.editorialjuventud.es\/wp-content\/uploads\/Los-Cinco-en-el-paramo-misterioso_300px_CAST.jpg","link":"https:\/\/www.editorialjuventud.es\/ca\/?attachment_id=30098","alt":"","author":"50","description":"","caption":"","name":"13-cover-los-cinco-en-el-paramo-misterioso-indd","status":"inherit","uploaded_to":6141,"date":"2019-07-15 19:40:23","modified":"2019-07-15 19:40:23","menu_order":0,"mime_type":"image\/jpeg","type":"image","subtype":"jpeg","icon":"https:\/\/www.editorialjuventud.es\/wp-includes\/images\/media\/default.png","width":1652,"height":2479,"sizes":{"thumbnail":"https:\/\/www.editorialjuventud.es\/wp-content\/uploads\/Los-Cinco-en-el-paramo-misterioso_300px_CAST-200x200.jpg","thumbnail-width":200,"thumbnail-height":200,"medium":"https:\/\/www.editorialjuventud.es\/wp-content\/uploads\/Los-Cinco-en-el-paramo-misterioso_300px_CAST.jpg","medium-width":1652,"medium-height":2479,"medium_large":"https:\/\/www.editorialjuventud.es\/wp-content\/uploads\/Los-Cinco-en-el-paramo-misterioso_300px_CAST-768x1152.jpg","medium_large-width":768,"medium_large-height":1152,"large":"https:\/\/www.editorialjuventud.es\/wp-content\/uploads\/Los-Cinco-en-el-paramo-misterioso_300px_CAST.jpg","large-width":1652,"large-height":2479,"1536x1536":"https:\/\/www.editorialjuventud.es\/wp-content\/uploads\/Los-Cinco-en-el-paramo-misterioso_300px_CAST.jpg","1536x1536-width":1024,"1536x1536-height":1536,"2048x2048":"https:\/\/www.editorialjuventud.es\/wp-content\/uploads\/Los-Cinco-en-el-paramo-misterioso_300px_CAST.jpg","2048x2048-width":1365,"2048x2048-height":2048,"woocommerce_thumbnail":"https:\/\/www.editorialjuventud.es\/wp-content\/uploads\/Los-Cinco-en-el-paramo-misterioso_300px_CAST-350x525.jpg","woocommerce_thumbnail-width":350,"woocommerce_thumbnail-height":525,"woocommerce_single":"https:\/\/www.editorialjuventud.es\/wp-content\/uploads\/Los-Cinco-en-el-paramo-misterioso_300px_CAST-900x1351.jpg","woocommerce_single-width":900,"woocommerce_single-height":1351,"woocommerce_gallery_thumbnail":"https:\/\/www.editorialjuventud.es\/wp-content\/uploads\/Los-Cinco-en-el-paramo-misterioso_300px_CAST-100x100.jpg","woocommerce_gallery_thumbnail-width":100,"woocommerce_gallery_thumbnail-height":100,"ppec_logo_image_size":"https:\/\/www.editorialjuventud.es\/wp-content\/uploads\/Los-Cinco-en-el-paramo-misterioso_300px_CAST.jpg","ppec_logo_image_size-width":40,"ppec_logo_image_size-height":60,"ppec_header_image_size":"https:\/\/www.editorialjuventud.es\/wp-content\/uploads\/Los-Cinco-en-el-paramo-misterioso_300px_CAST.jpg","ppec_header_image_size-width":60,"ppec_header_image_size-height":90}},"texto_enlace_ficha_tecnica":"","enlace_ficha_tecnica":{"ID":29198,"id":29198,"title":"13 Los Cinco en el P\u00e1ramo Misterioso","filename":"13-Los-Cinco-en-el-P\u00e1ramo-Misterioso.pdf","filesize":507827,"url":"https:\/\/www.editorialjuventud.es\/wp-content\/uploads\/13-Los-Cinco-en-el-P\u00e1ramo-Misterioso.pdf","link":"https:\/\/www.editorialjuventud.es\/ca\/?attachment_id=29198","alt":"","author":"47","description":"","caption":"","name":"13-los-cinco-en-el-paramo-misterioso","status":"inherit","uploaded_to":6141,"date":"2019-06-20 08:41:41","modified":"2019-06-20 08:41:41","menu_order":0,"mime_type":"application\/pdf","type":"application","subtype":"pdf","icon":"https:\/\/www.editorialjuventud.es\/wp-includes\/images\/media\/document.png"},"ficheros":false,"titulo-fr":"","texto-fr":"","fecha_de_reimpresion":"01\/07\/2019","deshabilitar_compra":[]},"yoast_head":"<!-- This site is optimized with the Yoast SEO plugin v27.5 - https:\/\/yoast.com\/product\/yoast-seo-wordpress\/ -->\n<title>Los Cinco en el P\u00e1ramo Misterioso - Editorial Juventud<\/title>\n<meta name=\"description\" content=\"\u00a1Los Cinco descubren que el P\u00e1ramo Misterioso tiene un nombre muy apropiado! Hay algo peligroso all\u00ed...\" \/>\n<meta name=\"robots\" content=\"index, follow, max-snippet:-1, max-image-preview:large, max-video-preview:-1\" \/>\n<link rel=\"canonical\" href=\"https:\/\/www.editorialjuventud.es\/los-cinco-en-el-paramo-misterioso-9788426143044\/\" \/>\n<meta property=\"og:locale\" content=\"ca_ES\" \/>\n<meta property=\"og:type\" content=\"article\" \/>\n<meta property=\"og:title\" content=\"Los Cinco en el P\u00e1ramo Misterioso - Editorial Juventud\" \/>\n<meta property=\"og:description\" content=\"\u00a1Los Cinco descubren que el P\u00e1ramo Misterioso tiene un nombre muy apropiado! Hay algo peligroso all\u00ed...\" \/>\n<meta property=\"og:url\" content=\"https:\/\/www.editorialjuventud.es\/los-cinco-en-el-paramo-misterioso-9788426143044\/\" \/>\n<meta property=\"og:site_name\" content=\"Editorial Juventud\" \/>\n<meta property=\"article:modified_time\" content=\"2025-01-22T12:10:40+00:00\" \/>\n<meta property=\"og:image\" content=\"https:\/\/www.editorialjuventud.es\/wp-content\/uploads\/4304.jpg\" \/>\n\t<meta property=\"og:image:width\" content=\"279\" \/>\n\t<meta property=\"og:image:height\" content=\"450\" \/>\n\t<meta property=\"og:image:type\" content=\"image\/jpeg\" \/>\n<meta name=\"twitter:card\" content=\"summary_large_image\" \/>\n<script type=\"application\/ld+json\" class=\"yoast-schema-graph\">{\"@context\":\"https:\\\/\\\/schema.org\",\"@graph\":[{\"@type\":\"WebPage\",\"@id\":\"https:\\\/\\\/www.editorialjuventud.es\\\/los-cinco-en-el-paramo-misterioso-9788426143044\\\/\",\"url\":\"https:\\\/\\\/www.editorialjuventud.es\\\/los-cinco-en-el-paramo-misterioso-9788426143044\\\/\",\"name\":\"Los Cinco en el P\u00e1ramo Misterioso - Editorial Juventud\",\"isPartOf\":{\"@id\":\"https:\\\/\\\/www.editorialjuventud.es\\\/#website\"},\"primaryImageOfPage\":{\"@id\":\"https:\\\/\\\/www.editorialjuventud.es\\\/los-cinco-en-el-paramo-misterioso-9788426143044\\\/#primaryimage\"},\"image\":{\"@id\":\"https:\\\/\\\/www.editorialjuventud.es\\\/los-cinco-en-el-paramo-misterioso-9788426143044\\\/#primaryimage\"},\"thumbnailUrl\":\"https:\\\/\\\/www.editorialjuventud.es\\\/wp-content\\\/uploads\\\/4304.jpg\",\"datePublished\":\"2018-08-24T09:56:22+00:00\",\"dateModified\":\"2025-01-22T12:10:40+00:00\",\"description\":\"\u00a1Los Cinco descubren que el P\u00e1ramo Misterioso tiene un nombre muy apropiado! Hay algo peligroso all\u00ed...\",\"breadcrumb\":{\"@id\":\"https:\\\/\\\/www.editorialjuventud.es\\\/los-cinco-en-el-paramo-misterioso-9788426143044\\\/#breadcrumb\"},\"inLanguage\":\"ca\",\"potentialAction\":[{\"@type\":\"ReadAction\",\"target\":[\"https:\\\/\\\/www.editorialjuventud.es\\\/los-cinco-en-el-paramo-misterioso-9788426143044\\\/\"]}]},{\"@type\":\"ImageObject\",\"inLanguage\":\"ca\",\"@id\":\"https:\\\/\\\/www.editorialjuventud.es\\\/los-cinco-en-el-paramo-misterioso-9788426143044\\\/#primaryimage\",\"url\":\"https:\\\/\\\/www.editorialjuventud.es\\\/wp-content\\\/uploads\\\/4304.jpg\",\"contentUrl\":\"https:\\\/\\\/www.editorialjuventud.es\\\/wp-content\\\/uploads\\\/4304.jpg\",\"width\":279,\"height\":450,\"caption\":\"4304.jpg\"},{\"@type\":\"BreadcrumbList\",\"@id\":\"https:\\\/\\\/www.editorialjuventud.es\\\/los-cinco-en-el-paramo-misterioso-9788426143044\\\/#breadcrumb\",\"itemListElement\":[{\"@type\":\"ListItem\",\"position\":1,\"name\":\"Portada\",\"item\":\"https:\\\/\\\/www.editorialjuventud.es\\\/\"},{\"@type\":\"ListItem\",\"position\":2,\"name\":\"cat\u00e1logo\",\"item\":\"https:\\\/\\\/www.editorialjuventud.es\\\/coleccion\\\/catalogo\\\/\"},{\"@type\":\"ListItem\",\"position\":3,\"name\":\"castellano\",\"item\":\"https:\\\/\\\/www.editorialjuventud.es\\\/coleccion\\\/castellano\\\/\"},{\"@type\":\"ListItem\",\"position\":4,\"name\":\"Narrativa Juvenil\",\"item\":\"https:\\\/\\\/www.editorialjuventud.es\\\/coleccion\\\/narrativa-juvenil-castellano\\\/\"},{\"@type\":\"ListItem\",\"position\":5,\"name\":\"Los Cinco\",\"item\":\"https:\\\/\\\/www.editorialjuventud.es\\\/coleccion\\\/los-cinco\\\/\"},{\"@type\":\"ListItem\",\"position\":6,\"name\":\"Los Cinco en el P\u00e1ramo Misterioso\"}]},{\"@type\":\"WebSite\",\"@id\":\"https:\\\/\\\/www.editorialjuventud.es\\\/#website\",\"url\":\"https:\\\/\\\/www.editorialjuventud.es\\\/\",\"name\":\"Editorial Juventud\",\"description\":\"\",\"potentialAction\":[{\"@type\":\"SearchAction\",\"target\":{\"@type\":\"EntryPoint\",\"urlTemplate\":\"https:\\\/\\\/www.editorialjuventud.es\\\/?s={search_term_string}\"},\"query-input\":{\"@type\":\"PropertyValueSpecification\",\"valueRequired\":true,\"valueName\":\"search_term_string\"}}],\"inLanguage\":\"ca\"}]}<\/script>\n<!-- \/ Yoast SEO plugin. -->","yoast_head_json":{"title":"Los Cinco en el P\u00e1ramo Misterioso - Editorial Juventud","description":"\u00a1Los Cinco descubren que el P\u00e1ramo Misterioso tiene un nombre muy apropiado! Hay algo peligroso all\u00ed...","robots":{"index":"index","follow":"follow","max-snippet":"max-snippet:-1","max-image-preview":"max-image-preview:large","max-video-preview":"max-video-preview:-1"},"canonical":"https:\/\/www.editorialjuventud.es\/los-cinco-en-el-paramo-misterioso-9788426143044\/","og_locale":"ca_ES","og_type":"article","og_title":"Los Cinco en el P\u00e1ramo Misterioso - Editorial Juventud","og_description":"\u00a1Los Cinco descubren que el P\u00e1ramo Misterioso tiene un nombre muy apropiado! Hay algo peligroso all\u00ed...","og_url":"https:\/\/www.editorialjuventud.es\/los-cinco-en-el-paramo-misterioso-9788426143044\/","og_site_name":"Editorial Juventud","article_modified_time":"2025-01-22T12:10:40+00:00","og_image":[{"width":279,"height":450,"url":"https:\/\/www.editorialjuventud.es\/wp-content\/uploads\/4304.jpg","type":"image\/jpeg"}],"twitter_card":"summary_large_image","schema":{"@context":"https:\/\/schema.org","@graph":[{"@type":"WebPage","@id":"https:\/\/www.editorialjuventud.es\/los-cinco-en-el-paramo-misterioso-9788426143044\/","url":"https:\/\/www.editorialjuventud.es\/los-cinco-en-el-paramo-misterioso-9788426143044\/","name":"Los Cinco en el P\u00e1ramo Misterioso - Editorial Juventud","isPartOf":{"@id":"https:\/\/www.editorialjuventud.es\/#website"},"primaryImageOfPage":{"@id":"https:\/\/www.editorialjuventud.es\/los-cinco-en-el-paramo-misterioso-9788426143044\/#primaryimage"},"image":{"@id":"https:\/\/www.editorialjuventud.es\/los-cinco-en-el-paramo-misterioso-9788426143044\/#primaryimage"},"thumbnailUrl":"https:\/\/www.editorialjuventud.es\/wp-content\/uploads\/4304.jpg","datePublished":"2018-08-24T09:56:22+00:00","dateModified":"2025-01-22T12:10:40+00:00","description":"\u00a1Los Cinco descubren que el P\u00e1ramo Misterioso tiene un nombre muy apropiado! Hay algo peligroso all\u00ed...","breadcrumb":{"@id":"https:\/\/www.editorialjuventud.es\/los-cinco-en-el-paramo-misterioso-9788426143044\/#breadcrumb"},"inLanguage":"ca","potentialAction":[{"@type":"ReadAction","target":["https:\/\/www.editorialjuventud.es\/los-cinco-en-el-paramo-misterioso-9788426143044\/"]}]},{"@type":"ImageObject","inLanguage":"ca","@id":"https:\/\/www.editorialjuventud.es\/los-cinco-en-el-paramo-misterioso-9788426143044\/#primaryimage","url":"https:\/\/www.editorialjuventud.es\/wp-content\/uploads\/4304.jpg","contentUrl":"https:\/\/www.editorialjuventud.es\/wp-content\/uploads\/4304.jpg","width":279,"height":450,"caption":"4304.jpg"},{"@type":"BreadcrumbList","@id":"https:\/\/www.editorialjuventud.es\/los-cinco-en-el-paramo-misterioso-9788426143044\/#breadcrumb","itemListElement":[{"@type":"ListItem","position":1,"name":"Portada","item":"https:\/\/www.editorialjuventud.es\/"},{"@type":"ListItem","position":2,"name":"cat\u00e1logo","item":"https:\/\/www.editorialjuventud.es\/coleccion\/catalogo\/"},{"@type":"ListItem","position":3,"name":"castellano","item":"https:\/\/www.editorialjuventud.es\/coleccion\/castellano\/"},{"@type":"ListItem","position":4,"name":"Narrativa Juvenil","item":"https:\/\/www.editorialjuventud.es\/coleccion\/narrativa-juvenil-castellano\/"},{"@type":"ListItem","position":5,"name":"Los Cinco","item":"https:\/\/www.editorialjuventud.es\/coleccion\/los-cinco\/"},{"@type":"ListItem","position":6,"name":"Los Cinco en el P\u00e1ramo Misterioso"}]},{"@type":"WebSite","@id":"https:\/\/www.editorialjuventud.es\/#website","url":"https:\/\/www.editorialjuventud.es\/","name":"Editorial Juventud","description":"","potentialAction":[{"@type":"SearchAction","target":{"@type":"EntryPoint","urlTemplate":"https:\/\/www.editorialjuventud.es\/?s={search_term_string}"},"query-input":{"@type":"PropertyValueSpecification","valueRequired":true,"valueName":"search_term_string"}}],"inLanguage":"ca"}]}},"_links":{"self":[{"href":"https:\/\/www.editorialjuventud.es\/ca\/wp-json\/wp\/v2\/product\/6141","targetHints":{"allow":["GET"]}}],"collection":[{"href":"https:\/\/www.editorialjuventud.es\/ca\/wp-json\/wp\/v2\/product"}],"about":[{"href":"https:\/\/www.editorialjuventud.es\/ca\/wp-json\/wp\/v2\/types\/product"}],"wp:featuredmedia":[{"embeddable":true,"href":"https:\/\/www.editorialjuventud.es\/ca\/wp-json\/wp\/v2\/media\/16794"}],"wp:attachment":[{"href":"https:\/\/www.editorialjuventud.es\/ca\/wp-json\/wp\/v2\/media?parent=6141"}],"wp:term":[{"taxonomy":"product_brand","embeddable":true,"href":"https:\/\/www.editorialjuventud.es\/ca\/wp-json\/wp\/v2\/product_brand?post=6141"},{"taxonomy":"product_cat","embeddable":true,"href":"https:\/\/www.editorialjuventud.es\/ca\/wp-json\/wp\/v2\/product_cat?post=6141"},{"taxonomy":"product_tag","embeddable":true,"href":"https:\/\/www.editorialjuventud.es\/ca\/wp-json\/wp\/v2\/product_tag?post=6141"},{"taxonomy":"coleccion","embeddable":true,"href":"https:\/\/www.editorialjuventud.es\/ca\/wp-json\/wp\/v2\/coleccion?post=6141"}],"curies":[{"name":"wp","href":"https:\/\/api.w.org\/{rel}","templated":true}]}}