{"id":6132,"date":"2018-08-24T11:55:37","date_gmt":"2018-08-24T09:55:37","guid":{"rendered":"http:\/\/www.editorialjuventud.es\/los-cinco-otra-vez-en-la-isla-de-kirrin-2\/"},"modified":"2026-03-25T12:15:49","modified_gmt":"2026-03-25T11:15:49","slug":"los-cinco-otra-vez-en-la-isla-de-kirrin-9788426142962","status":"publish","type":"product","link":"https:\/\/www.editorialjuventud.es\/ca\/los-cinco-otra-vez-en-la-isla-de-kirrin-9788426142962\/","title":{"rendered":"Los Cinco otra vez en la isla de Kirrin"},"content":{"rendered":"<p>\u00bfQu\u00e9 est\u00e1 haciendo el t\u00edo Quint\u00edn, solo en la isla de Kirrin? Los Cinco no pueden pasar all\u00ed sus vacaciones ni Jorge puede ir a verlo a su isla, porque ha dado \u00f3rdenes estrictas para que nadie vaya. Aunque el t\u00edo Quint\u00edn no est\u00e1 realmente solo en la isla. Alguien est\u00e1 observando todos sus movimientos&#8230;<\/p>\n","protected":false},"excerpt":{"rendered":"\u00bfQu\u00e9 est\u00e1 haciendo el t\u00edo Quint\u00edn, solo en la isla de Kirrin? Los Cinco no pueden pasar all\u00ed sus vacaciones ni Jorge puede ir a verlo a su isla, porque ha dado \u00f3rdenes estrictas para que nadie vaya. Aunque el [&hellip;]","protected":false},"featured_media":16778,"template":"","meta":{"_acf_changed":false,"_exactmetrics_skip_tracking":false,"_exactmetrics_sitenote_active":false,"_exactmetrics_sitenote_note":"","_exactmetrics_sitenote_category":0},"product_brand":[],"product_cat":[904,1142,1119,1229],"product_tag":[],"coleccion":[1027],"class_list":{"0":"post-6132","1":"product","2":"type-product","3":"status-publish","4":"has-post-thumbnail","6":"product_cat-a-partir-de-9-anos","7":"product_cat-aventura","8":"product_cat-narrativa-juvenil","9":"product_cat-vacaciones-viajes","10":"coleccion-los-cinco","12":"first","13":"instock","14":"taxable","15":"shipping-taxable","16":"purchasable","17":"product-type-simple"},"acf":{"autor":"Blyton, Enid","codart":"4296","ediciones":"4","encuadernacion":"Carton\u00e9","fecha_de_publicacion":"01\/11\/2015","novedad":"0","paginas":"224","subtitulo":"","texto_web_adicional":"","texto_web_novedad":"","orden":"999","portada":"0","texto_web_resaltado":"","indice":"","autores-libros":[16237],"ilustradores-libros":[18342],"traductores-libros":[18291],"descripcion_corta":"","recomendamos":"","mas_vendido":"","idioma-libro":"","color":false,"formato":"","mas_informacion_del_producto":false,"premios":false,"texto_enlace_cubierta":"","enlace_cubierta":false,"texto_enlace_ficha_tecnica":"","enlace_ficha_tecnica":{"ID":29160,"id":29160,"title":"06 Los Cinco otra vez en la isla de Kirrin","filename":"06-Los-Cinco-otra-vez-en-la-isla-de-Kirrin.pdf","filesize":1537764,"url":"https:\/\/www.editorialjuventud.es\/wp-content\/uploads\/06-Los-Cinco-otra-vez-en-la-isla-de-Kirrin.pdf","link":"https:\/\/www.editorialjuventud.es\/ca\/?attachment_id=29160","alt":"","author":"47","description":"","caption":"","name":"06-los-cinco-otra-vez-en-la-isla-de-kirrin","status":"inherit","uploaded_to":6132,"date":"2019-06-20 08:19:08","modified":"2019-06-20 08:19:08","menu_order":0,"mime_type":"application\/pdf","type":"application","subtype":"pdf","icon":"https:\/\/www.editorialjuventud.es\/wp-includes\/images\/media\/document.png"},"ficheros":false,"titulo-fr":"","texto-fr":"","fecha_de_reimpresion":"01\/04\/2021","deshabilitar_compra":[]},"yoast_head":"<!-- This site is optimized with the Yoast SEO plugin v27.5 - https:\/\/yoast.com\/product\/yoast-seo-wordpress\/ -->\n<title>Los Cinco otra vez en la isla de Kirrin - Editorial Juventud<\/title>\n<meta name=\"description\" content=\"\u00bfQu\u00e9 est\u00e1 haciendo el t\u00edo Quint\u00edn, solo en la isla de Kirrin? Los Cinco no pueden pasar all\u00ed sus vacaciones ni Jorge puede ir a verlo a su isla, porque ha\" \/>\n<meta name=\"robots\" content=\"index, follow, max-snippet:-1, max-image-preview:large, max-video-preview:-1\" \/>\n<link rel=\"canonical\" href=\"https:\/\/www.editorialjuventud.es\/los-cinco-otra-vez-en-la-isla-de-kirrin-9788426142962\/\" \/>\n<meta property=\"og:locale\" content=\"ca_ES\" \/>\n<meta property=\"og:type\" content=\"article\" \/>\n<meta property=\"og:title\" content=\"Los Cinco otra vez en la isla de Kirrin - Editorial Juventud\" \/>\n<meta property=\"og:description\" content=\"\u00bfQu\u00e9 est\u00e1 haciendo el t\u00edo Quint\u00edn, solo en la isla de Kirrin? Los Cinco no pueden pasar all\u00ed sus vacaciones ni Jorge puede ir a verlo a su isla, porque ha\" \/>\n<meta property=\"og:url\" content=\"https:\/\/www.editorialjuventud.es\/los-cinco-otra-vez-en-la-isla-de-kirrin-9788426142962\/\" \/>\n<meta property=\"og:site_name\" content=\"Editorial Juventud\" \/>\n<meta property=\"article:modified_time\" content=\"2026-03-25T11:15:49+00:00\" \/>\n<meta property=\"og:image\" content=\"https:\/\/www.editorialjuventud.es\/wp-content\/uploads\/4296.jpg\" \/>\n\t<meta property=\"og:image:width\" content=\"295\" \/>\n\t<meta property=\"og:image:height\" content=\"450\" \/>\n\t<meta property=\"og:image:type\" content=\"image\/jpeg\" \/>\n<meta name=\"twitter:card\" content=\"summary_large_image\" \/>\n<meta name=\"twitter:label1\" content=\"Temps estimat de lectura\" \/>\n\t<meta name=\"twitter:data1\" content=\"1 minut\" \/>\n<script type=\"application\/ld+json\" class=\"yoast-schema-graph\">{\"@context\":\"https:\\\/\\\/schema.org\",\"@graph\":[{\"@type\":\"WebPage\",\"@id\":\"https:\\\/\\\/www.editorialjuventud.es\\\/los-cinco-otra-vez-en-la-isla-de-kirrin-9788426142962\\\/\",\"url\":\"https:\\\/\\\/www.editorialjuventud.es\\\/los-cinco-otra-vez-en-la-isla-de-kirrin-9788426142962\\\/\",\"name\":\"Los Cinco otra vez en la isla de Kirrin - Editorial Juventud\",\"isPartOf\":{\"@id\":\"https:\\\/\\\/www.editorialjuventud.es\\\/#website\"},\"primaryImageOfPage\":{\"@id\":\"https:\\\/\\\/www.editorialjuventud.es\\\/los-cinco-otra-vez-en-la-isla-de-kirrin-9788426142962\\\/#primaryimage\"},\"image\":{\"@id\":\"https:\\\/\\\/www.editorialjuventud.es\\\/los-cinco-otra-vez-en-la-isla-de-kirrin-9788426142962\\\/#primaryimage\"},\"thumbnailUrl\":\"https:\\\/\\\/www.editorialjuventud.es\\\/wp-content\\\/uploads\\\/4296.jpg\",\"datePublished\":\"2018-08-24T09:55:37+00:00\",\"dateModified\":\"2026-03-25T11:15:49+00:00\",\"description\":\"\u00bfQu\u00e9 est\u00e1 haciendo el t\u00edo Quint\u00edn, solo en la isla de Kirrin? Los Cinco no pueden pasar all\u00ed sus vacaciones ni Jorge puede ir a verlo a su isla, porque ha\",\"breadcrumb\":{\"@id\":\"https:\\\/\\\/www.editorialjuventud.es\\\/los-cinco-otra-vez-en-la-isla-de-kirrin-9788426142962\\\/#breadcrumb\"},\"inLanguage\":\"ca\",\"potentialAction\":[{\"@type\":\"ReadAction\",\"target\":[\"https:\\\/\\\/www.editorialjuventud.es\\\/los-cinco-otra-vez-en-la-isla-de-kirrin-9788426142962\\\/\"]}]},{\"@type\":\"ImageObject\",\"inLanguage\":\"ca\",\"@id\":\"https:\\\/\\\/www.editorialjuventud.es\\\/los-cinco-otra-vez-en-la-isla-de-kirrin-9788426142962\\\/#primaryimage\",\"url\":\"https:\\\/\\\/www.editorialjuventud.es\\\/wp-content\\\/uploads\\\/4296.jpg\",\"contentUrl\":\"https:\\\/\\\/www.editorialjuventud.es\\\/wp-content\\\/uploads\\\/4296.jpg\",\"width\":295,\"height\":450,\"caption\":\"4296.jpg\"},{\"@type\":\"BreadcrumbList\",\"@id\":\"https:\\\/\\\/www.editorialjuventud.es\\\/los-cinco-otra-vez-en-la-isla-de-kirrin-9788426142962\\\/#breadcrumb\",\"itemListElement\":[{\"@type\":\"ListItem\",\"position\":1,\"name\":\"Portada\",\"item\":\"https:\\\/\\\/www.editorialjuventud.es\\\/\"},{\"@type\":\"ListItem\",\"position\":2,\"name\":\"cat\u00e1logo\",\"item\":\"https:\\\/\\\/www.editorialjuventud.es\\\/coleccion\\\/catalogo\\\/\"},{\"@type\":\"ListItem\",\"position\":3,\"name\":\"castellano\",\"item\":\"https:\\\/\\\/www.editorialjuventud.es\\\/coleccion\\\/castellano\\\/\"},{\"@type\":\"ListItem\",\"position\":4,\"name\":\"Narrativa Juvenil\",\"item\":\"https:\\\/\\\/www.editorialjuventud.es\\\/coleccion\\\/narrativa-juvenil-castellano\\\/\"},{\"@type\":\"ListItem\",\"position\":5,\"name\":\"Los Cinco\",\"item\":\"https:\\\/\\\/www.editorialjuventud.es\\\/coleccion\\\/los-cinco\\\/\"},{\"@type\":\"ListItem\",\"position\":6,\"name\":\"Los Cinco otra vez en la isla de Kirrin\"}]},{\"@type\":\"WebSite\",\"@id\":\"https:\\\/\\\/www.editorialjuventud.es\\\/#website\",\"url\":\"https:\\\/\\\/www.editorialjuventud.es\\\/\",\"name\":\"Editorial Juventud\",\"description\":\"\",\"potentialAction\":[{\"@type\":\"SearchAction\",\"target\":{\"@type\":\"EntryPoint\",\"urlTemplate\":\"https:\\\/\\\/www.editorialjuventud.es\\\/?s={search_term_string}\"},\"query-input\":{\"@type\":\"PropertyValueSpecification\",\"valueRequired\":true,\"valueName\":\"search_term_string\"}}],\"inLanguage\":\"ca\"}]}<\/script>\n<!-- \/ Yoast SEO plugin. -->","yoast_head_json":{"title":"Los Cinco otra vez en la isla de Kirrin - Editorial Juventud","description":"\u00bfQu\u00e9 est\u00e1 haciendo el t\u00edo Quint\u00edn, solo en la isla de Kirrin? Los Cinco no pueden pasar all\u00ed sus vacaciones ni Jorge puede ir a verlo a su isla, porque ha","robots":{"index":"index","follow":"follow","max-snippet":"max-snippet:-1","max-image-preview":"max-image-preview:large","max-video-preview":"max-video-preview:-1"},"canonical":"https:\/\/www.editorialjuventud.es\/los-cinco-otra-vez-en-la-isla-de-kirrin-9788426142962\/","og_locale":"ca_ES","og_type":"article","og_title":"Los Cinco otra vez en la isla de Kirrin - Editorial Juventud","og_description":"\u00bfQu\u00e9 est\u00e1 haciendo el t\u00edo Quint\u00edn, solo en la isla de Kirrin? Los Cinco no pueden pasar all\u00ed sus vacaciones ni Jorge puede ir a verlo a su isla, porque ha","og_url":"https:\/\/www.editorialjuventud.es\/los-cinco-otra-vez-en-la-isla-de-kirrin-9788426142962\/","og_site_name":"Editorial Juventud","article_modified_time":"2026-03-25T11:15:49+00:00","og_image":[{"width":295,"height":450,"url":"https:\/\/www.editorialjuventud.es\/wp-content\/uploads\/4296.jpg","type":"image\/jpeg"}],"twitter_card":"summary_large_image","twitter_misc":{"Temps estimat de lectura":"1 minut"},"schema":{"@context":"https:\/\/schema.org","@graph":[{"@type":"WebPage","@id":"https:\/\/www.editorialjuventud.es\/los-cinco-otra-vez-en-la-isla-de-kirrin-9788426142962\/","url":"https:\/\/www.editorialjuventud.es\/los-cinco-otra-vez-en-la-isla-de-kirrin-9788426142962\/","name":"Los Cinco otra vez en la isla de Kirrin - Editorial Juventud","isPartOf":{"@id":"https:\/\/www.editorialjuventud.es\/#website"},"primaryImageOfPage":{"@id":"https:\/\/www.editorialjuventud.es\/los-cinco-otra-vez-en-la-isla-de-kirrin-9788426142962\/#primaryimage"},"image":{"@id":"https:\/\/www.editorialjuventud.es\/los-cinco-otra-vez-en-la-isla-de-kirrin-9788426142962\/#primaryimage"},"thumbnailUrl":"https:\/\/www.editorialjuventud.es\/wp-content\/uploads\/4296.jpg","datePublished":"2018-08-24T09:55:37+00:00","dateModified":"2026-03-25T11:15:49+00:00","description":"\u00bfQu\u00e9 est\u00e1 haciendo el t\u00edo Quint\u00edn, solo en la isla de Kirrin? Los Cinco no pueden pasar all\u00ed sus vacaciones ni Jorge puede ir a verlo a su isla, porque ha","breadcrumb":{"@id":"https:\/\/www.editorialjuventud.es\/los-cinco-otra-vez-en-la-isla-de-kirrin-9788426142962\/#breadcrumb"},"inLanguage":"ca","potentialAction":[{"@type":"ReadAction","target":["https:\/\/www.editorialjuventud.es\/los-cinco-otra-vez-en-la-isla-de-kirrin-9788426142962\/"]}]},{"@type":"ImageObject","inLanguage":"ca","@id":"https:\/\/www.editorialjuventud.es\/los-cinco-otra-vez-en-la-isla-de-kirrin-9788426142962\/#primaryimage","url":"https:\/\/www.editorialjuventud.es\/wp-content\/uploads\/4296.jpg","contentUrl":"https:\/\/www.editorialjuventud.es\/wp-content\/uploads\/4296.jpg","width":295,"height":450,"caption":"4296.jpg"},{"@type":"BreadcrumbList","@id":"https:\/\/www.editorialjuventud.es\/los-cinco-otra-vez-en-la-isla-de-kirrin-9788426142962\/#breadcrumb","itemListElement":[{"@type":"ListItem","position":1,"name":"Portada","item":"https:\/\/www.editorialjuventud.es\/"},{"@type":"ListItem","position":2,"name":"cat\u00e1logo","item":"https:\/\/www.editorialjuventud.es\/coleccion\/catalogo\/"},{"@type":"ListItem","position":3,"name":"castellano","item":"https:\/\/www.editorialjuventud.es\/coleccion\/castellano\/"},{"@type":"ListItem","position":4,"name":"Narrativa Juvenil","item":"https:\/\/www.editorialjuventud.es\/coleccion\/narrativa-juvenil-castellano\/"},{"@type":"ListItem","position":5,"name":"Los Cinco","item":"https:\/\/www.editorialjuventud.es\/coleccion\/los-cinco\/"},{"@type":"ListItem","position":6,"name":"Los Cinco otra vez en la isla de Kirrin"}]},{"@type":"WebSite","@id":"https:\/\/www.editorialjuventud.es\/#website","url":"https:\/\/www.editorialjuventud.es\/","name":"Editorial Juventud","description":"","potentialAction":[{"@type":"SearchAction","target":{"@type":"EntryPoint","urlTemplate":"https:\/\/www.editorialjuventud.es\/?s={search_term_string}"},"query-input":{"@type":"PropertyValueSpecification","valueRequired":true,"valueName":"search_term_string"}}],"inLanguage":"ca"}]}},"_links":{"self":[{"href":"https:\/\/www.editorialjuventud.es\/ca\/wp-json\/wp\/v2\/product\/6132","targetHints":{"allow":["GET"]}}],"collection":[{"href":"https:\/\/www.editorialjuventud.es\/ca\/wp-json\/wp\/v2\/product"}],"about":[{"href":"https:\/\/www.editorialjuventud.es\/ca\/wp-json\/wp\/v2\/types\/product"}],"wp:featuredmedia":[{"embeddable":true,"href":"https:\/\/www.editorialjuventud.es\/ca\/wp-json\/wp\/v2\/media\/16778"}],"wp:attachment":[{"href":"https:\/\/www.editorialjuventud.es\/ca\/wp-json\/wp\/v2\/media?parent=6132"}],"wp:term":[{"taxonomy":"product_brand","embeddable":true,"href":"https:\/\/www.editorialjuventud.es\/ca\/wp-json\/wp\/v2\/product_brand?post=6132"},{"taxonomy":"product_cat","embeddable":true,"href":"https:\/\/www.editorialjuventud.es\/ca\/wp-json\/wp\/v2\/product_cat?post=6132"},{"taxonomy":"product_tag","embeddable":true,"href":"https:\/\/www.editorialjuventud.es\/ca\/wp-json\/wp\/v2\/product_tag?post=6132"},{"taxonomy":"coleccion","embeddable":true,"href":"https:\/\/www.editorialjuventud.es\/ca\/wp-json\/wp\/v2\/coleccion?post=6132"}],"curies":[{"name":"wp","href":"https:\/\/api.w.org\/{rel}","templated":true}]}}