{"id":6128,"date":"2018-08-24T11:55:16","date_gmt":"2018-08-24T09:55:16","guid":{"rendered":"http:\/\/www.editorialjuventud.es\/los-cinco-y-el-tesoro-de-la-isla-2\/"},"modified":"2026-03-25T12:25:07","modified_gmt":"2026-03-25T11:25:07","slug":"los-cinco-y-el-tesoro-de-la-isla-9788426142924","status":"publish","type":"product","link":"https:\/\/www.editorialjuventud.es\/ca\/los-cinco-y-el-tesoro-de-la-isla-9788426142924\/","title":{"rendered":"Los Cinco y el tesoro de la isla"},"content":{"rendered":"<p>\u00a1Un temporal saca a la luz un antiguo barco naufragado junto a la isla de Kirrin!<br \/>\nLos Cinco se enteran de que llevaba un tesoro y est\u00e1n resueltos a encontrarlo. \u00a1Pero no son los \u00fanicos! Alguien m\u00e1s est\u00e1 sobre la pista. El tiempo se acaba para los Cinco. \u00bfConseguir\u00e1n llegar ellos primero al tesoro?<\/p>\n","protected":false},"excerpt":{"rendered":"\u00a1Un temporal saca a la luz un antiguo barco naufragado junto a la isla de Kirrin! Los Cinco se enteran de que llevaba un tesoro y est\u00e1n resueltos a encontrarlo. \u00a1Pero no son los \u00fanicos! Alguien m\u00e1s est\u00e1 sobre la [&hellip;]","protected":false},"featured_media":16770,"template":"","meta":{"_acf_changed":false,"_exactmetrics_skip_tracking":false,"_exactmetrics_sitenote_active":false,"_exactmetrics_sitenote_note":"","_exactmetrics_sitenote_category":0},"product_brand":[],"product_cat":[904,1142,1119,1229],"product_tag":[],"coleccion":[1027],"class_list":{"0":"post-6128","1":"product","2":"type-product","3":"status-publish","4":"has-post-thumbnail","6":"product_cat-a-partir-de-9-anos","7":"product_cat-aventura","8":"product_cat-narrativa-juvenil","9":"product_cat-vacaciones-viajes","10":"coleccion-los-cinco","12":"first","13":"instock","14":"taxable","15":"shipping-taxable","16":"purchasable","17":"product-type-simple"},"acf":{"autor":"Blyton, Enid","codart":"4292","ediciones":"12","encuadernacion":"Carton\u00e9","fecha_de_publicacion":"11\/01\/2016","novedad":"0","paginas":"214","subtitulo":" ","texto_web_adicional":"","texto_web_novedad":"","orden":"999","portada":"0","texto_web_resaltado":"","indice":"","autores-libros":[16237],"ilustradores-libros":[18342],"traductores-libros":[18046],"descripcion_corta":"","recomendamos":"","mas_vendido":"","idioma-libro":"","color":false,"formato":"","mas_informacion_del_producto":false,"premios":false,"texto_enlace_cubierta":"","enlace_cubierta":false,"texto_enlace_ficha_tecnica":"","enlace_ficha_tecnica":{"ID":24632,"id":24632,"title":"fitxa Los Cinco y el tesoro de la isla","filename":"fitxa-Los-Cinco-y-el-tesoro-de-la-isla.pdf","filesize":1577486,"url":"https:\/\/www.editorialjuventud.es\/wp-content\/uploads\/fitxa-Los-Cinco-y-el-tesoro-de-la-isla.pdf","link":"https:\/\/www.editorialjuventud.es\/ca\/?attachment_id=24632","alt":"","author":"47","description":"","caption":"","name":"fitxa-los-cinco-y-el-tesoro-de-la-isla","status":"inherit","uploaded_to":6128,"date":"2019-04-24 11:24:32","modified":"2019-04-24 11:24:32","menu_order":0,"mime_type":"application\/pdf","type":"application","subtype":"pdf","icon":"https:\/\/www.editorialjuventud.es\/wp-includes\/images\/media\/document.png"},"ficheros":false,"titulo-fr":"","texto-fr":"","fecha_de_reimpresion":"01\/02\/2023","deshabilitar_compra":[]},"yoast_head":"<!-- This site is optimized with the Yoast SEO plugin v27.5 - https:\/\/yoast.com\/product\/yoast-seo-wordpress\/ -->\n<title>Los Cinco y el tesoro de la isla - Editorial Juventud<\/title>\n<meta name=\"description\" content=\"\u00a1Un temporal saca a la luz un antiguo barco naufragado junto a la isla de Kirrin! Los Cinco se enteran de que llevaba un tesoro y est\u00e1n resueltos a\" \/>\n<meta name=\"robots\" content=\"index, follow, max-snippet:-1, max-image-preview:large, max-video-preview:-1\" \/>\n<link rel=\"canonical\" href=\"https:\/\/www.editorialjuventud.es\/los-cinco-y-el-tesoro-de-la-isla-9788426142924\/\" \/>\n<meta property=\"og:locale\" content=\"ca_ES\" \/>\n<meta property=\"og:type\" content=\"article\" \/>\n<meta property=\"og:title\" content=\"Los Cinco y el tesoro de la isla - Editorial Juventud\" \/>\n<meta property=\"og:description\" content=\"\u00a1Un temporal saca a la luz un antiguo barco naufragado junto a la isla de Kirrin! Los Cinco se enteran de que llevaba un tesoro y est\u00e1n resueltos a\" \/>\n<meta property=\"og:url\" content=\"https:\/\/www.editorialjuventud.es\/los-cinco-y-el-tesoro-de-la-isla-9788426142924\/\" \/>\n<meta property=\"og:site_name\" content=\"Editorial Juventud\" \/>\n<meta property=\"article:modified_time\" content=\"2026-03-25T11:25:07+00:00\" \/>\n<meta property=\"og:image\" content=\"https:\/\/www.editorialjuventud.es\/wp-content\/uploads\/4292.jpg\" \/>\n\t<meta property=\"og:image:width\" content=\"293\" \/>\n\t<meta property=\"og:image:height\" content=\"450\" \/>\n\t<meta property=\"og:image:type\" content=\"image\/jpeg\" \/>\n<meta name=\"twitter:card\" content=\"summary_large_image\" \/>\n<meta name=\"twitter:label1\" content=\"Temps estimat de lectura\" \/>\n\t<meta name=\"twitter:data1\" content=\"1 minut\" \/>\n<script type=\"application\/ld+json\" class=\"yoast-schema-graph\">{\"@context\":\"https:\\\/\\\/schema.org\",\"@graph\":[{\"@type\":\"WebPage\",\"@id\":\"https:\\\/\\\/www.editorialjuventud.es\\\/los-cinco-y-el-tesoro-de-la-isla-9788426142924\\\/\",\"url\":\"https:\\\/\\\/www.editorialjuventud.es\\\/los-cinco-y-el-tesoro-de-la-isla-9788426142924\\\/\",\"name\":\"Los Cinco y el tesoro de la isla - Editorial Juventud\",\"isPartOf\":{\"@id\":\"https:\\\/\\\/www.editorialjuventud.es\\\/#website\"},\"primaryImageOfPage\":{\"@id\":\"https:\\\/\\\/www.editorialjuventud.es\\\/los-cinco-y-el-tesoro-de-la-isla-9788426142924\\\/#primaryimage\"},\"image\":{\"@id\":\"https:\\\/\\\/www.editorialjuventud.es\\\/los-cinco-y-el-tesoro-de-la-isla-9788426142924\\\/#primaryimage\"},\"thumbnailUrl\":\"https:\\\/\\\/www.editorialjuventud.es\\\/wp-content\\\/uploads\\\/4292.jpg\",\"datePublished\":\"2018-08-24T09:55:16+00:00\",\"dateModified\":\"2026-03-25T11:25:07+00:00\",\"description\":\"\u00a1Un temporal saca a la luz un antiguo barco naufragado junto a la isla de Kirrin! Los Cinco se enteran de que llevaba un tesoro y est\u00e1n resueltos a\",\"breadcrumb\":{\"@id\":\"https:\\\/\\\/www.editorialjuventud.es\\\/los-cinco-y-el-tesoro-de-la-isla-9788426142924\\\/#breadcrumb\"},\"inLanguage\":\"ca\",\"potentialAction\":[{\"@type\":\"ReadAction\",\"target\":[\"https:\\\/\\\/www.editorialjuventud.es\\\/los-cinco-y-el-tesoro-de-la-isla-9788426142924\\\/\"]}]},{\"@type\":\"ImageObject\",\"inLanguage\":\"ca\",\"@id\":\"https:\\\/\\\/www.editorialjuventud.es\\\/los-cinco-y-el-tesoro-de-la-isla-9788426142924\\\/#primaryimage\",\"url\":\"https:\\\/\\\/www.editorialjuventud.es\\\/wp-content\\\/uploads\\\/4292.jpg\",\"contentUrl\":\"https:\\\/\\\/www.editorialjuventud.es\\\/wp-content\\\/uploads\\\/4292.jpg\",\"width\":293,\"height\":450,\"caption\":\"4292.jpg\"},{\"@type\":\"BreadcrumbList\",\"@id\":\"https:\\\/\\\/www.editorialjuventud.es\\\/los-cinco-y-el-tesoro-de-la-isla-9788426142924\\\/#breadcrumb\",\"itemListElement\":[{\"@type\":\"ListItem\",\"position\":1,\"name\":\"Portada\",\"item\":\"https:\\\/\\\/www.editorialjuventud.es\\\/\"},{\"@type\":\"ListItem\",\"position\":2,\"name\":\"cat\u00e1logo\",\"item\":\"https:\\\/\\\/www.editorialjuventud.es\\\/coleccion\\\/catalogo\\\/\"},{\"@type\":\"ListItem\",\"position\":3,\"name\":\"castellano\",\"item\":\"https:\\\/\\\/www.editorialjuventud.es\\\/coleccion\\\/castellano\\\/\"},{\"@type\":\"ListItem\",\"position\":4,\"name\":\"Narrativa Juvenil\",\"item\":\"https:\\\/\\\/www.editorialjuventud.es\\\/coleccion\\\/narrativa-juvenil-castellano\\\/\"},{\"@type\":\"ListItem\",\"position\":5,\"name\":\"Los Cinco\",\"item\":\"https:\\\/\\\/www.editorialjuventud.es\\\/coleccion\\\/los-cinco\\\/\"},{\"@type\":\"ListItem\",\"position\":6,\"name\":\"Los Cinco y el tesoro de la isla\"}]},{\"@type\":\"WebSite\",\"@id\":\"https:\\\/\\\/www.editorialjuventud.es\\\/#website\",\"url\":\"https:\\\/\\\/www.editorialjuventud.es\\\/\",\"name\":\"Editorial Juventud\",\"description\":\"\",\"potentialAction\":[{\"@type\":\"SearchAction\",\"target\":{\"@type\":\"EntryPoint\",\"urlTemplate\":\"https:\\\/\\\/www.editorialjuventud.es\\\/?s={search_term_string}\"},\"query-input\":{\"@type\":\"PropertyValueSpecification\",\"valueRequired\":true,\"valueName\":\"search_term_string\"}}],\"inLanguage\":\"ca\"}]}<\/script>\n<!-- \/ Yoast SEO plugin. -->","yoast_head_json":{"title":"Los Cinco y el tesoro de la isla - Editorial Juventud","description":"\u00a1Un temporal saca a la luz un antiguo barco naufragado junto a la isla de Kirrin! Los Cinco se enteran de que llevaba un tesoro y est\u00e1n resueltos a","robots":{"index":"index","follow":"follow","max-snippet":"max-snippet:-1","max-image-preview":"max-image-preview:large","max-video-preview":"max-video-preview:-1"},"canonical":"https:\/\/www.editorialjuventud.es\/los-cinco-y-el-tesoro-de-la-isla-9788426142924\/","og_locale":"ca_ES","og_type":"article","og_title":"Los Cinco y el tesoro de la isla - Editorial Juventud","og_description":"\u00a1Un temporal saca a la luz un antiguo barco naufragado junto a la isla de Kirrin! Los Cinco se enteran de que llevaba un tesoro y est\u00e1n resueltos a","og_url":"https:\/\/www.editorialjuventud.es\/los-cinco-y-el-tesoro-de-la-isla-9788426142924\/","og_site_name":"Editorial Juventud","article_modified_time":"2026-03-25T11:25:07+00:00","og_image":[{"width":293,"height":450,"url":"https:\/\/www.editorialjuventud.es\/wp-content\/uploads\/4292.jpg","type":"image\/jpeg"}],"twitter_card":"summary_large_image","twitter_misc":{"Temps estimat de lectura":"1 minut"},"schema":{"@context":"https:\/\/schema.org","@graph":[{"@type":"WebPage","@id":"https:\/\/www.editorialjuventud.es\/los-cinco-y-el-tesoro-de-la-isla-9788426142924\/","url":"https:\/\/www.editorialjuventud.es\/los-cinco-y-el-tesoro-de-la-isla-9788426142924\/","name":"Los Cinco y el tesoro de la isla - Editorial Juventud","isPartOf":{"@id":"https:\/\/www.editorialjuventud.es\/#website"},"primaryImageOfPage":{"@id":"https:\/\/www.editorialjuventud.es\/los-cinco-y-el-tesoro-de-la-isla-9788426142924\/#primaryimage"},"image":{"@id":"https:\/\/www.editorialjuventud.es\/los-cinco-y-el-tesoro-de-la-isla-9788426142924\/#primaryimage"},"thumbnailUrl":"https:\/\/www.editorialjuventud.es\/wp-content\/uploads\/4292.jpg","datePublished":"2018-08-24T09:55:16+00:00","dateModified":"2026-03-25T11:25:07+00:00","description":"\u00a1Un temporal saca a la luz un antiguo barco naufragado junto a la isla de Kirrin! Los Cinco se enteran de que llevaba un tesoro y est\u00e1n resueltos a","breadcrumb":{"@id":"https:\/\/www.editorialjuventud.es\/los-cinco-y-el-tesoro-de-la-isla-9788426142924\/#breadcrumb"},"inLanguage":"ca","potentialAction":[{"@type":"ReadAction","target":["https:\/\/www.editorialjuventud.es\/los-cinco-y-el-tesoro-de-la-isla-9788426142924\/"]}]},{"@type":"ImageObject","inLanguage":"ca","@id":"https:\/\/www.editorialjuventud.es\/los-cinco-y-el-tesoro-de-la-isla-9788426142924\/#primaryimage","url":"https:\/\/www.editorialjuventud.es\/wp-content\/uploads\/4292.jpg","contentUrl":"https:\/\/www.editorialjuventud.es\/wp-content\/uploads\/4292.jpg","width":293,"height":450,"caption":"4292.jpg"},{"@type":"BreadcrumbList","@id":"https:\/\/www.editorialjuventud.es\/los-cinco-y-el-tesoro-de-la-isla-9788426142924\/#breadcrumb","itemListElement":[{"@type":"ListItem","position":1,"name":"Portada","item":"https:\/\/www.editorialjuventud.es\/"},{"@type":"ListItem","position":2,"name":"cat\u00e1logo","item":"https:\/\/www.editorialjuventud.es\/coleccion\/catalogo\/"},{"@type":"ListItem","position":3,"name":"castellano","item":"https:\/\/www.editorialjuventud.es\/coleccion\/castellano\/"},{"@type":"ListItem","position":4,"name":"Narrativa Juvenil","item":"https:\/\/www.editorialjuventud.es\/coleccion\/narrativa-juvenil-castellano\/"},{"@type":"ListItem","position":5,"name":"Los Cinco","item":"https:\/\/www.editorialjuventud.es\/coleccion\/los-cinco\/"},{"@type":"ListItem","position":6,"name":"Los Cinco y el tesoro de la isla"}]},{"@type":"WebSite","@id":"https:\/\/www.editorialjuventud.es\/#website","url":"https:\/\/www.editorialjuventud.es\/","name":"Editorial Juventud","description":"","potentialAction":[{"@type":"SearchAction","target":{"@type":"EntryPoint","urlTemplate":"https:\/\/www.editorialjuventud.es\/?s={search_term_string}"},"query-input":{"@type":"PropertyValueSpecification","valueRequired":true,"valueName":"search_term_string"}}],"inLanguage":"ca"}]}},"_links":{"self":[{"href":"https:\/\/www.editorialjuventud.es\/ca\/wp-json\/wp\/v2\/product\/6128","targetHints":{"allow":["GET"]}}],"collection":[{"href":"https:\/\/www.editorialjuventud.es\/ca\/wp-json\/wp\/v2\/product"}],"about":[{"href":"https:\/\/www.editorialjuventud.es\/ca\/wp-json\/wp\/v2\/types\/product"}],"wp:featuredmedia":[{"embeddable":true,"href":"https:\/\/www.editorialjuventud.es\/ca\/wp-json\/wp\/v2\/media\/16770"}],"wp:attachment":[{"href":"https:\/\/www.editorialjuventud.es\/ca\/wp-json\/wp\/v2\/media?parent=6128"}],"wp:term":[{"taxonomy":"product_brand","embeddable":true,"href":"https:\/\/www.editorialjuventud.es\/ca\/wp-json\/wp\/v2\/product_brand?post=6128"},{"taxonomy":"product_cat","embeddable":true,"href":"https:\/\/www.editorialjuventud.es\/ca\/wp-json\/wp\/v2\/product_cat?post=6128"},{"taxonomy":"product_tag","embeddable":true,"href":"https:\/\/www.editorialjuventud.es\/ca\/wp-json\/wp\/v2\/product_tag?post=6128"},{"taxonomy":"coleccion","embeddable":true,"href":"https:\/\/www.editorialjuventud.es\/ca\/wp-json\/wp\/v2\/coleccion?post=6128"}],"curies":[{"name":"wp","href":"https:\/\/api.w.org\/{rel}","templated":true}]}}