{"id":6127,"date":"2018-08-24T13:55:11","date_gmt":"2018-08-24T09:55:11","guid":{"rendered":"http:\/\/www.editorialjuventud.es\/mis-museos-para-dibujar\/"},"modified":"2025-01-22T13:12:19","modified_gmt":"2025-01-22T12:12:19","slug":"mis-museos-para-dibujar-9788426142917","status":"publish","type":"product","link":"https:\/\/www.editorialjuventud.es\/ca\/mis-museos-para-dibujar-9788426142917\/","title":{"rendered":"Mis museos para dibujar"},"content":{"rendered":"<p>48 p\u00e1ginas para colorear, poner pegatinas y dise\u00f1ar museos tem\u00e1ticos. Un cuaderno para dar rienda suelta a la creatividad de nuestros ni\u00f1os. Desde el Museo de la Moda al Museo Marino, pasando por el Museo de Historia Natural, Emmanuelle Teyras nos ofrece una divertida excursi\u00f3n por todo tipo de museos \u00a1sin tener que hacer ninguna cola!<\/p>\n","protected":false},"excerpt":{"rendered":"48 p\u00e1ginas para colorear, poner pegatinas y dise\u00f1ar museos tem\u00e1ticos. Un cuaderno para dar rienda suelta a la creatividad de nuestros ni\u00f1os. Desde el Museo de la Moda al Museo Marino, pasando por el Museo de Historia Natural, Emmanuelle Teyras [&hellip;]","protected":false},"featured_media":16768,"template":"","meta":{"_acf_changed":false,"_exactmetrics_skip_tracking":false,"_exactmetrics_sitenote_active":false,"_exactmetrics_sitenote_note":"","_exactmetrics_sitenote_category":0},"product_brand":[],"product_cat":[900,1140,1126,1192],"product_tag":[],"coleccion":[916,940,1010],"class_list":{"0":"post-6127","1":"product","2":"type-product","3":"status-publish","4":"has-post-thumbnail","6":"product_cat-a-partir-de-5-anos","7":"product_cat-arte-y-creatividad","8":"product_cat-manualidades","9":"product_cat-manualidades-tematica","10":"coleccion-castellano","11":"coleccion-manos-creativas","12":"coleccion-mis-cuadernos-para-dibujar","14":"first","15":"instock","16":"taxable","17":"shipping-taxable","18":"purchasable","19":"product-type-simple"},"acf":{"autor":"Teyras, Emmanuelle","codart":"4291","ediciones":"1","encuadernacion":"R\u00fastica","fecha_de_publicacion":"01\/03\/2016","novedad":"0","paginas":"52","subtitulo":"","texto_web_adicional":"","texto_web_novedad":"","orden":"999","portada":"0","texto_web_resaltado":"","indice":"","autores-libros":[16640],"ilustradores-libros":[16640],"traductores-libros":"","descripcion_corta":"","recomendamos":"","mas_vendido":"","idioma-libro":"","color":false,"formato":"","mas_informacion_del_producto":false,"premios":false,"texto_enlace_cubierta":"","enlace_cubierta":false,"texto_enlace_ficha_tecnica":"","enlace_ficha_tecnica":false,"ficheros":false,"titulo-fr":"","texto-fr":""},"yoast_head":"<!-- This site is optimized with the Yoast SEO plugin v27.3 - https:\/\/yoast.com\/product\/yoast-seo-wordpress\/ -->\n<title>Mis museos para dibujar - Editorial Juventud<\/title>\n<meta name=\"description\" content=\"48 p\u00e1ginas para colorear, poner pegatinas y dise\u00f1ar museos tem\u00e1ticos. Un cuaderno para dar rienda suelta a la creatividad de nuestros ni\u00f1os. Desde el\" \/>\n<meta name=\"robots\" content=\"index, follow, max-snippet:-1, max-image-preview:large, max-video-preview:-1\" \/>\n<link rel=\"canonical\" href=\"https:\/\/www.editorialjuventud.es\/mis-museos-para-dibujar-9788426142917\/\" \/>\n<meta property=\"og:locale\" content=\"ca_ES\" \/>\n<meta property=\"og:type\" content=\"article\" \/>\n<meta property=\"og:title\" content=\"Mis museos para dibujar - Editorial Juventud\" \/>\n<meta property=\"og:description\" content=\"48 p\u00e1ginas para colorear, poner pegatinas y dise\u00f1ar museos tem\u00e1ticos. Un cuaderno para dar rienda suelta a la creatividad de nuestros ni\u00f1os. Desde el\" \/>\n<meta property=\"og:url\" content=\"https:\/\/www.editorialjuventud.es\/mis-museos-para-dibujar-9788426142917\/\" \/>\n<meta property=\"og:site_name\" content=\"Editorial Juventud\" \/>\n<meta property=\"article:modified_time\" content=\"2025-01-22T12:12:19+00:00\" \/>\n<meta property=\"og:image\" content=\"https:\/\/www.editorialjuventud.es\/wp-content\/uploads\/4291.jpg\" \/>\n\t<meta property=\"og:image:width\" content=\"344\" \/>\n\t<meta property=\"og:image:height\" content=\"450\" \/>\n\t<meta property=\"og:image:type\" content=\"image\/jpeg\" \/>\n<meta name=\"twitter:card\" content=\"summary_large_image\" \/>\n<script type=\"application\/ld+json\" class=\"yoast-schema-graph\">{\"@context\":\"https:\\\/\\\/schema.org\",\"@graph\":[{\"@type\":\"WebPage\",\"@id\":\"https:\\\/\\\/www.editorialjuventud.es\\\/mis-museos-para-dibujar-9788426142917\\\/\",\"url\":\"https:\\\/\\\/www.editorialjuventud.es\\\/mis-museos-para-dibujar-9788426142917\\\/\",\"name\":\"Mis museos para dibujar - Editorial Juventud\",\"isPartOf\":{\"@id\":\"https:\\\/\\\/www.editorialjuventud.es\\\/#website\"},\"primaryImageOfPage\":{\"@id\":\"https:\\\/\\\/www.editorialjuventud.es\\\/mis-museos-para-dibujar-9788426142917\\\/#primaryimage\"},\"image\":{\"@id\":\"https:\\\/\\\/www.editorialjuventud.es\\\/mis-museos-para-dibujar-9788426142917\\\/#primaryimage\"},\"thumbnailUrl\":\"https:\\\/\\\/www.editorialjuventud.es\\\/wp-content\\\/uploads\\\/4291.jpg\",\"datePublished\":\"2018-08-24T09:55:11+00:00\",\"dateModified\":\"2025-01-22T12:12:19+00:00\",\"description\":\"48 p\u00e1ginas para colorear, poner pegatinas y dise\u00f1ar museos tem\u00e1ticos. Un cuaderno para dar rienda suelta a la creatividad de nuestros ni\u00f1os. Desde el\",\"breadcrumb\":{\"@id\":\"https:\\\/\\\/www.editorialjuventud.es\\\/mis-museos-para-dibujar-9788426142917\\\/#breadcrumb\"},\"inLanguage\":\"ca\",\"potentialAction\":[{\"@type\":\"ReadAction\",\"target\":[\"https:\\\/\\\/www.editorialjuventud.es\\\/mis-museos-para-dibujar-9788426142917\\\/\"]}]},{\"@type\":\"ImageObject\",\"inLanguage\":\"ca\",\"@id\":\"https:\\\/\\\/www.editorialjuventud.es\\\/mis-museos-para-dibujar-9788426142917\\\/#primaryimage\",\"url\":\"https:\\\/\\\/www.editorialjuventud.es\\\/wp-content\\\/uploads\\\/4291.jpg\",\"contentUrl\":\"https:\\\/\\\/www.editorialjuventud.es\\\/wp-content\\\/uploads\\\/4291.jpg\",\"width\":344,\"height\":450,\"caption\":\"4291.jpg\"},{\"@type\":\"BreadcrumbList\",\"@id\":\"https:\\\/\\\/www.editorialjuventud.es\\\/mis-museos-para-dibujar-9788426142917\\\/#breadcrumb\",\"itemListElement\":[{\"@type\":\"ListItem\",\"position\":1,\"name\":\"Portada\",\"item\":\"https:\\\/\\\/www.editorialjuventud.es\\\/\"},{\"@type\":\"ListItem\",\"position\":2,\"name\":\"cat\u00e1logo\",\"item\":\"https:\\\/\\\/www.editorialjuventud.es\\\/coleccion\\\/catalogo\\\/\"},{\"@type\":\"ListItem\",\"position\":3,\"name\":\"castellano\",\"item\":\"https:\\\/\\\/www.editorialjuventud.es\\\/coleccion\\\/castellano\\\/\"},{\"@type\":\"ListItem\",\"position\":4,\"name\":\"Mis museos para dibujar\"}]},{\"@type\":\"WebSite\",\"@id\":\"https:\\\/\\\/www.editorialjuventud.es\\\/#website\",\"url\":\"https:\\\/\\\/www.editorialjuventud.es\\\/\",\"name\":\"Editorial Juventud\",\"description\":\"\",\"potentialAction\":[{\"@type\":\"SearchAction\",\"target\":{\"@type\":\"EntryPoint\",\"urlTemplate\":\"https:\\\/\\\/www.editorialjuventud.es\\\/?s={search_term_string}\"},\"query-input\":{\"@type\":\"PropertyValueSpecification\",\"valueRequired\":true,\"valueName\":\"search_term_string\"}}],\"inLanguage\":\"ca\"}]}<\/script>\n<!-- \/ Yoast SEO plugin. -->","yoast_head_json":{"title":"Mis museos para dibujar - Editorial Juventud","description":"48 p\u00e1ginas para colorear, poner pegatinas y dise\u00f1ar museos tem\u00e1ticos. Un cuaderno para dar rienda suelta a la creatividad de nuestros ni\u00f1os. Desde el","robots":{"index":"index","follow":"follow","max-snippet":"max-snippet:-1","max-image-preview":"max-image-preview:large","max-video-preview":"max-video-preview:-1"},"canonical":"https:\/\/www.editorialjuventud.es\/mis-museos-para-dibujar-9788426142917\/","og_locale":"ca_ES","og_type":"article","og_title":"Mis museos para dibujar - Editorial Juventud","og_description":"48 p\u00e1ginas para colorear, poner pegatinas y dise\u00f1ar museos tem\u00e1ticos. Un cuaderno para dar rienda suelta a la creatividad de nuestros ni\u00f1os. Desde el","og_url":"https:\/\/www.editorialjuventud.es\/mis-museos-para-dibujar-9788426142917\/","og_site_name":"Editorial Juventud","article_modified_time":"2025-01-22T12:12:19+00:00","og_image":[{"width":344,"height":450,"url":"https:\/\/www.editorialjuventud.es\/wp-content\/uploads\/4291.jpg","type":"image\/jpeg"}],"twitter_card":"summary_large_image","schema":{"@context":"https:\/\/schema.org","@graph":[{"@type":"WebPage","@id":"https:\/\/www.editorialjuventud.es\/mis-museos-para-dibujar-9788426142917\/","url":"https:\/\/www.editorialjuventud.es\/mis-museos-para-dibujar-9788426142917\/","name":"Mis museos para dibujar - Editorial Juventud","isPartOf":{"@id":"https:\/\/www.editorialjuventud.es\/#website"},"primaryImageOfPage":{"@id":"https:\/\/www.editorialjuventud.es\/mis-museos-para-dibujar-9788426142917\/#primaryimage"},"image":{"@id":"https:\/\/www.editorialjuventud.es\/mis-museos-para-dibujar-9788426142917\/#primaryimage"},"thumbnailUrl":"https:\/\/www.editorialjuventud.es\/wp-content\/uploads\/4291.jpg","datePublished":"2018-08-24T09:55:11+00:00","dateModified":"2025-01-22T12:12:19+00:00","description":"48 p\u00e1ginas para colorear, poner pegatinas y dise\u00f1ar museos tem\u00e1ticos. Un cuaderno para dar rienda suelta a la creatividad de nuestros ni\u00f1os. Desde el","breadcrumb":{"@id":"https:\/\/www.editorialjuventud.es\/mis-museos-para-dibujar-9788426142917\/#breadcrumb"},"inLanguage":"ca","potentialAction":[{"@type":"ReadAction","target":["https:\/\/www.editorialjuventud.es\/mis-museos-para-dibujar-9788426142917\/"]}]},{"@type":"ImageObject","inLanguage":"ca","@id":"https:\/\/www.editorialjuventud.es\/mis-museos-para-dibujar-9788426142917\/#primaryimage","url":"https:\/\/www.editorialjuventud.es\/wp-content\/uploads\/4291.jpg","contentUrl":"https:\/\/www.editorialjuventud.es\/wp-content\/uploads\/4291.jpg","width":344,"height":450,"caption":"4291.jpg"},{"@type":"BreadcrumbList","@id":"https:\/\/www.editorialjuventud.es\/mis-museos-para-dibujar-9788426142917\/#breadcrumb","itemListElement":[{"@type":"ListItem","position":1,"name":"Portada","item":"https:\/\/www.editorialjuventud.es\/"},{"@type":"ListItem","position":2,"name":"cat\u00e1logo","item":"https:\/\/www.editorialjuventud.es\/coleccion\/catalogo\/"},{"@type":"ListItem","position":3,"name":"castellano","item":"https:\/\/www.editorialjuventud.es\/coleccion\/castellano\/"},{"@type":"ListItem","position":4,"name":"Mis museos para dibujar"}]},{"@type":"WebSite","@id":"https:\/\/www.editorialjuventud.es\/#website","url":"https:\/\/www.editorialjuventud.es\/","name":"Editorial Juventud","description":"","potentialAction":[{"@type":"SearchAction","target":{"@type":"EntryPoint","urlTemplate":"https:\/\/www.editorialjuventud.es\/?s={search_term_string}"},"query-input":{"@type":"PropertyValueSpecification","valueRequired":true,"valueName":"search_term_string"}}],"inLanguage":"ca"}]}},"_links":{"self":[{"href":"https:\/\/www.editorialjuventud.es\/ca\/wp-json\/wp\/v2\/product\/6127","targetHints":{"allow":["GET"]}}],"collection":[{"href":"https:\/\/www.editorialjuventud.es\/ca\/wp-json\/wp\/v2\/product"}],"about":[{"href":"https:\/\/www.editorialjuventud.es\/ca\/wp-json\/wp\/v2\/types\/product"}],"wp:featuredmedia":[{"embeddable":true,"href":"https:\/\/www.editorialjuventud.es\/ca\/wp-json\/wp\/v2\/media\/16768"}],"wp:attachment":[{"href":"https:\/\/www.editorialjuventud.es\/ca\/wp-json\/wp\/v2\/media?parent=6127"}],"wp:term":[{"taxonomy":"product_brand","embeddable":true,"href":"https:\/\/www.editorialjuventud.es\/ca\/wp-json\/wp\/v2\/product_brand?post=6127"},{"taxonomy":"product_cat","embeddable":true,"href":"https:\/\/www.editorialjuventud.es\/ca\/wp-json\/wp\/v2\/product_cat?post=6127"},{"taxonomy":"product_tag","embeddable":true,"href":"https:\/\/www.editorialjuventud.es\/ca\/wp-json\/wp\/v2\/product_tag?post=6127"},{"taxonomy":"coleccion","embeddable":true,"href":"https:\/\/www.editorialjuventud.es\/ca\/wp-json\/wp\/v2\/coleccion?post=6127"}],"curies":[{"name":"wp","href":"https:\/\/api.w.org\/{rel}","templated":true}]}}