{"id":6117,"date":"2018-08-24T11:54:24","date_gmt":"2018-08-24T09:54:24","guid":{"rendered":"http:\/\/www.editorialjuventud.es\/bien-por-los-siete-secretos-2\/"},"modified":"2025-02-25T09:01:17","modified_gmt":"2025-02-25T08:01:17","slug":"bien-por-los-siete-secretos-9788426142580","status":"publish","type":"product","link":"https:\/\/www.editorialjuventud.es\/ca\/bien-por-los-siete-secretos-9788426142580\/","title":{"rendered":"\u00a1Bien por los Siete Secretos!"},"content":{"rendered":"<p>Los Siete Secretos tienen un nuevo punto de reuni\u00f3n secreto: \u00a1una caba\u00f1a en un \u00e1rbol! Pero parece que alguien ha descubierto su escondite y est\u00e1 uti lizando la caba\u00f1a&#8230; Tras la sorpresa inicial los Siete Secretos descubren que el intruso est\u00e1 en graves apuros y necesita su ayuda. \u00bfPodr\u00e1n ayudarle?<\/p>\n","protected":false},"excerpt":{"rendered":"Alguien ha robado un collar de valor incalculable y los Siete Secretos son los primeros en aportar pistas del ladr\u00f3n. \u00bfPor qu\u00e9? \u00a1Porque lo vieron escapar!<br \/>Ahora lo \u00fanico que tienen que averiguar es d\u00f3nde se encuentran el collar y el que lo rob\u00f3&#8230;","protected":false},"featured_media":17104,"template":"","meta":{"_acf_changed":false,"_exactmetrics_skip_tracking":false,"_exactmetrics_sitenote_active":false,"_exactmetrics_sitenote_note":"","_exactmetrics_sitenote_category":0},"product_brand":[],"product_cat":[903,1136,1142,1119,1229],"product_tag":[],"coleccion":[1028],"class_list":{"0":"post-6117","1":"product","2":"type-product","3":"status-publish","4":"has-post-thumbnail","6":"product_cat-a-partir-de-8-anos","7":"product_cat-amistad","8":"product_cat-aventura","9":"product_cat-narrativa-juvenil","10":"product_cat-vacaciones-viajes","11":"coleccion-siete-secretos","13":"first","14":"instock","15":"taxable","16":"shipping-taxable","17":"purchasable","18":"product-type-simple"},"acf":{"autor":"Blyton, Enid","codart":"4258","ediciones":"1","encuadernacion":"R\u00fastica","fecha_de_publicacion":"01\/06\/2015","novedad":"0","paginas":"128","subtitulo":"","texto_web_adicional":"","texto_web_novedad":"","orden":"999","portada":"0","texto_web_resaltado":"","indice":"","autores-libros":[16237],"ilustradores-libros":[18070],"traductores-libros":[18046],"descripcion_corta":"","recomendamos":"","mas_vendido":"","idioma-libro":"","color":false,"formato":"","mas_informacion_del_producto":false,"premios":false,"texto_enlace_cubierta":"","enlace_cubierta":false,"texto_enlace_ficha_tecnica":"","enlace_ficha_tecnica":false,"ficheros":false,"titulo-fr":"","texto-fr":"","fecha_de_reimpresion":"","deshabilitar_compra":["deshabilitar"]},"yoast_head":"<!-- This site is optimized with the Yoast SEO plugin v27.5 - https:\/\/yoast.com\/product\/yoast-seo-wordpress\/ -->\n<title>\u00a1Bien por los Siete Secretos! - Editorial Juventud<\/title>\n<meta name=\"description\" content=\"Alguien ha robado un collar de valor incalculable y los Siete Secretos son los primeros en aportar pistas del ladr\u00f3n. \u00bfPor qu\u00e9? \u00a1Porque lo vieron escapar!Ahora lo \u00fanico que tienen que averiguar es d\u00f3nde se encuentran el collar y el que lo rob\u00f3...\" \/>\n<meta name=\"robots\" content=\"index, follow, max-snippet:-1, max-image-preview:large, max-video-preview:-1\" \/>\n<link rel=\"canonical\" href=\"https:\/\/www.editorialjuventud.es\/bien-por-los-siete-secretos-9788426142580\/\" \/>\n<meta property=\"og:locale\" content=\"ca_ES\" \/>\n<meta property=\"og:type\" content=\"article\" \/>\n<meta property=\"og:title\" content=\"\u00a1Bien por los Siete Secretos! - Editorial Juventud\" \/>\n<meta property=\"og:description\" content=\"Alguien ha robado un collar de valor incalculable y los Siete Secretos son los primeros en aportar pistas del ladr\u00f3n. \u00bfPor qu\u00e9? \u00a1Porque lo vieron escapar!Ahora lo \u00fanico que tienen que averiguar es d\u00f3nde se encuentran el collar y el que lo rob\u00f3...\" \/>\n<meta property=\"og:url\" content=\"https:\/\/www.editorialjuventud.es\/bien-por-los-siete-secretos-9788426142580\/\" \/>\n<meta property=\"og:site_name\" content=\"Editorial Juventud\" \/>\n<meta property=\"article:modified_time\" content=\"2025-02-25T08:01:17+00:00\" \/>\n<meta property=\"og:image\" content=\"https:\/\/www.editorialjuventud.es\/wp-content\/uploads\/4258.gif\" \/>\n\t<meta property=\"og:image:width\" content=\"294\" \/>\n\t<meta property=\"og:image:height\" content=\"450\" \/>\n\t<meta property=\"og:image:type\" content=\"image\/gif\" \/>\n<meta name=\"twitter:card\" content=\"summary_large_image\" \/>\n<meta name=\"twitter:label1\" content=\"Temps estimat de lectura\" \/>\n\t<meta name=\"twitter:data1\" content=\"1 minut\" \/>\n<script type=\"application\/ld+json\" class=\"yoast-schema-graph\">{\"@context\":\"https:\\\/\\\/schema.org\",\"@graph\":[{\"@type\":\"WebPage\",\"@id\":\"https:\\\/\\\/www.editorialjuventud.es\\\/bien-por-los-siete-secretos-9788426142580\\\/\",\"url\":\"https:\\\/\\\/www.editorialjuventud.es\\\/bien-por-los-siete-secretos-9788426142580\\\/\",\"name\":\"\u00a1Bien por los Siete Secretos! - Editorial Juventud\",\"isPartOf\":{\"@id\":\"https:\\\/\\\/www.editorialjuventud.es\\\/#website\"},\"primaryImageOfPage\":{\"@id\":\"https:\\\/\\\/www.editorialjuventud.es\\\/bien-por-los-siete-secretos-9788426142580\\\/#primaryimage\"},\"image\":{\"@id\":\"https:\\\/\\\/www.editorialjuventud.es\\\/bien-por-los-siete-secretos-9788426142580\\\/#primaryimage\"},\"thumbnailUrl\":\"https:\\\/\\\/www.editorialjuventud.es\\\/wp-content\\\/uploads\\\/4258.gif\",\"datePublished\":\"2018-08-24T09:54:24+00:00\",\"dateModified\":\"2025-02-25T08:01:17+00:00\",\"description\":\"Alguien ha robado un collar de valor incalculable y los Siete Secretos son los primeros en aportar pistas del ladr\u00f3n. \u00bfPor qu\u00e9? \u00a1Porque lo vieron escapar!Ahora lo \u00fanico que tienen que averiguar es d\u00f3nde se encuentran el collar y el que lo rob\u00f3...\",\"breadcrumb\":{\"@id\":\"https:\\\/\\\/www.editorialjuventud.es\\\/bien-por-los-siete-secretos-9788426142580\\\/#breadcrumb\"},\"inLanguage\":\"ca\",\"potentialAction\":[{\"@type\":\"ReadAction\",\"target\":[\"https:\\\/\\\/www.editorialjuventud.es\\\/bien-por-los-siete-secretos-9788426142580\\\/\"]}]},{\"@type\":\"ImageObject\",\"inLanguage\":\"ca\",\"@id\":\"https:\\\/\\\/www.editorialjuventud.es\\\/bien-por-los-siete-secretos-9788426142580\\\/#primaryimage\",\"url\":\"https:\\\/\\\/www.editorialjuventud.es\\\/wp-content\\\/uploads\\\/4258.gif\",\"contentUrl\":\"https:\\\/\\\/www.editorialjuventud.es\\\/wp-content\\\/uploads\\\/4258.gif\",\"width\":294,\"height\":450,\"caption\":\"4258.gif\"},{\"@type\":\"BreadcrumbList\",\"@id\":\"https:\\\/\\\/www.editorialjuventud.es\\\/bien-por-los-siete-secretos-9788426142580\\\/#breadcrumb\",\"itemListElement\":[{\"@type\":\"ListItem\",\"position\":1,\"name\":\"Portada\",\"item\":\"https:\\\/\\\/www.editorialjuventud.es\\\/\"},{\"@type\":\"ListItem\",\"position\":2,\"name\":\"cat\u00e1logo\",\"item\":\"https:\\\/\\\/www.editorialjuventud.es\\\/coleccion\\\/catalogo\\\/\"},{\"@type\":\"ListItem\",\"position\":3,\"name\":\"castellano\",\"item\":\"https:\\\/\\\/www.editorialjuventud.es\\\/coleccion\\\/castellano\\\/\"},{\"@type\":\"ListItem\",\"position\":4,\"name\":\"Narrativa Juvenil\",\"item\":\"https:\\\/\\\/www.editorialjuventud.es\\\/coleccion\\\/narrativa-juvenil-castellano\\\/\"},{\"@type\":\"ListItem\",\"position\":5,\"name\":\"Siete Secretos\",\"item\":\"https:\\\/\\\/www.editorialjuventud.es\\\/ca\\\/coleccion\\\/siete-secretos\\\/\"},{\"@type\":\"ListItem\",\"position\":6,\"name\":\"\u00a1Bien por los Siete Secretos!\"}]},{\"@type\":\"WebSite\",\"@id\":\"https:\\\/\\\/www.editorialjuventud.es\\\/#website\",\"url\":\"https:\\\/\\\/www.editorialjuventud.es\\\/\",\"name\":\"Editorial Juventud\",\"description\":\"\",\"potentialAction\":[{\"@type\":\"SearchAction\",\"target\":{\"@type\":\"EntryPoint\",\"urlTemplate\":\"https:\\\/\\\/www.editorialjuventud.es\\\/?s={search_term_string}\"},\"query-input\":{\"@type\":\"PropertyValueSpecification\",\"valueRequired\":true,\"valueName\":\"search_term_string\"}}],\"inLanguage\":\"ca\"}]}<\/script>\n<!-- \/ Yoast SEO plugin. -->","yoast_head_json":{"title":"\u00a1Bien por los Siete Secretos! - Editorial Juventud","description":"Alguien ha robado un collar de valor incalculable y los Siete Secretos son los primeros en aportar pistas del ladr\u00f3n. \u00bfPor qu\u00e9? \u00a1Porque lo vieron escapar!Ahora lo \u00fanico que tienen que averiguar es d\u00f3nde se encuentran el collar y el que lo rob\u00f3...","robots":{"index":"index","follow":"follow","max-snippet":"max-snippet:-1","max-image-preview":"max-image-preview:large","max-video-preview":"max-video-preview:-1"},"canonical":"https:\/\/www.editorialjuventud.es\/bien-por-los-siete-secretos-9788426142580\/","og_locale":"ca_ES","og_type":"article","og_title":"\u00a1Bien por los Siete Secretos! - Editorial Juventud","og_description":"Alguien ha robado un collar de valor incalculable y los Siete Secretos son los primeros en aportar pistas del ladr\u00f3n. \u00bfPor qu\u00e9? \u00a1Porque lo vieron escapar!Ahora lo \u00fanico que tienen que averiguar es d\u00f3nde se encuentran el collar y el que lo rob\u00f3...","og_url":"https:\/\/www.editorialjuventud.es\/bien-por-los-siete-secretos-9788426142580\/","og_site_name":"Editorial Juventud","article_modified_time":"2025-02-25T08:01:17+00:00","og_image":[{"width":294,"height":450,"url":"https:\/\/www.editorialjuventud.es\/wp-content\/uploads\/4258.gif","type":"image\/gif"}],"twitter_card":"summary_large_image","twitter_misc":{"Temps estimat de lectura":"1 minut"},"schema":{"@context":"https:\/\/schema.org","@graph":[{"@type":"WebPage","@id":"https:\/\/www.editorialjuventud.es\/bien-por-los-siete-secretos-9788426142580\/","url":"https:\/\/www.editorialjuventud.es\/bien-por-los-siete-secretos-9788426142580\/","name":"\u00a1Bien por los Siete Secretos! - Editorial Juventud","isPartOf":{"@id":"https:\/\/www.editorialjuventud.es\/#website"},"primaryImageOfPage":{"@id":"https:\/\/www.editorialjuventud.es\/bien-por-los-siete-secretos-9788426142580\/#primaryimage"},"image":{"@id":"https:\/\/www.editorialjuventud.es\/bien-por-los-siete-secretos-9788426142580\/#primaryimage"},"thumbnailUrl":"https:\/\/www.editorialjuventud.es\/wp-content\/uploads\/4258.gif","datePublished":"2018-08-24T09:54:24+00:00","dateModified":"2025-02-25T08:01:17+00:00","description":"Alguien ha robado un collar de valor incalculable y los Siete Secretos son los primeros en aportar pistas del ladr\u00f3n. \u00bfPor qu\u00e9? \u00a1Porque lo vieron escapar!Ahora lo \u00fanico que tienen que averiguar es d\u00f3nde se encuentran el collar y el que lo rob\u00f3...","breadcrumb":{"@id":"https:\/\/www.editorialjuventud.es\/bien-por-los-siete-secretos-9788426142580\/#breadcrumb"},"inLanguage":"ca","potentialAction":[{"@type":"ReadAction","target":["https:\/\/www.editorialjuventud.es\/bien-por-los-siete-secretos-9788426142580\/"]}]},{"@type":"ImageObject","inLanguage":"ca","@id":"https:\/\/www.editorialjuventud.es\/bien-por-los-siete-secretos-9788426142580\/#primaryimage","url":"https:\/\/www.editorialjuventud.es\/wp-content\/uploads\/4258.gif","contentUrl":"https:\/\/www.editorialjuventud.es\/wp-content\/uploads\/4258.gif","width":294,"height":450,"caption":"4258.gif"},{"@type":"BreadcrumbList","@id":"https:\/\/www.editorialjuventud.es\/bien-por-los-siete-secretos-9788426142580\/#breadcrumb","itemListElement":[{"@type":"ListItem","position":1,"name":"Portada","item":"https:\/\/www.editorialjuventud.es\/"},{"@type":"ListItem","position":2,"name":"cat\u00e1logo","item":"https:\/\/www.editorialjuventud.es\/coleccion\/catalogo\/"},{"@type":"ListItem","position":3,"name":"castellano","item":"https:\/\/www.editorialjuventud.es\/coleccion\/castellano\/"},{"@type":"ListItem","position":4,"name":"Narrativa Juvenil","item":"https:\/\/www.editorialjuventud.es\/coleccion\/narrativa-juvenil-castellano\/"},{"@type":"ListItem","position":5,"name":"Siete Secretos","item":"https:\/\/www.editorialjuventud.es\/ca\/coleccion\/siete-secretos\/"},{"@type":"ListItem","position":6,"name":"\u00a1Bien por los Siete Secretos!"}]},{"@type":"WebSite","@id":"https:\/\/www.editorialjuventud.es\/#website","url":"https:\/\/www.editorialjuventud.es\/","name":"Editorial Juventud","description":"","potentialAction":[{"@type":"SearchAction","target":{"@type":"EntryPoint","urlTemplate":"https:\/\/www.editorialjuventud.es\/?s={search_term_string}"},"query-input":{"@type":"PropertyValueSpecification","valueRequired":true,"valueName":"search_term_string"}}],"inLanguage":"ca"}]}},"_links":{"self":[{"href":"https:\/\/www.editorialjuventud.es\/ca\/wp-json\/wp\/v2\/product\/6117","targetHints":{"allow":["GET"]}}],"collection":[{"href":"https:\/\/www.editorialjuventud.es\/ca\/wp-json\/wp\/v2\/product"}],"about":[{"href":"https:\/\/www.editorialjuventud.es\/ca\/wp-json\/wp\/v2\/types\/product"}],"wp:featuredmedia":[{"embeddable":true,"href":"https:\/\/www.editorialjuventud.es\/ca\/wp-json\/wp\/v2\/media\/17104"}],"wp:attachment":[{"href":"https:\/\/www.editorialjuventud.es\/ca\/wp-json\/wp\/v2\/media?parent=6117"}],"wp:term":[{"taxonomy":"product_brand","embeddable":true,"href":"https:\/\/www.editorialjuventud.es\/ca\/wp-json\/wp\/v2\/product_brand?post=6117"},{"taxonomy":"product_cat","embeddable":true,"href":"https:\/\/www.editorialjuventud.es\/ca\/wp-json\/wp\/v2\/product_cat?post=6117"},{"taxonomy":"product_tag","embeddable":true,"href":"https:\/\/www.editorialjuventud.es\/ca\/wp-json\/wp\/v2\/product_tag?post=6117"},{"taxonomy":"coleccion","embeddable":true,"href":"https:\/\/www.editorialjuventud.es\/ca\/wp-json\/wp\/v2\/coleccion?post=6117"}],"curies":[{"name":"wp","href":"https:\/\/api.w.org\/{rel}","templated":true}]}}