{"id":6115,"date":"2018-08-24T11:54:14","date_gmt":"2018-08-24T09:54:14","guid":{"rendered":"http:\/\/www.editorialjuventud.es\/el-club-de-los-siete-secretos-2\/"},"modified":"2025-01-22T13:12:45","modified_gmt":"2025-01-22T12:12:45","slug":"el-club-de-los-siete-secretos-9788426142566","status":"publish","type":"product","link":"https:\/\/www.editorialjuventud.es\/ca\/el-club-de-los-siete-secretos-9788426142566\/","title":{"rendered":"El club de los Siete Secretos"},"content":{"rendered":"<p>Es su primera aventura y los Siete Secretos ya est\u00e1n tras la pista de un misterio como aut\u00e9nticos detectives. Todos se han disfrazado para seguir el rastro en la nieve hasta una vieja casa donde se oyen gritos extra\u00f1os. \u00bfQui\u00e9n est\u00e1 encerrado all\u00ed contra su voluntad?<\/p>\n","protected":false},"excerpt":{"rendered":"Es su primera aventura y los Siete Secretos ya est\u00e1n tras la pista de un misterio como aut\u00e9nticos detectives. Todos se han disfrazado para seguir el rastro en la nieve hasta una vieja casa donde se oyen gritos extra\u00f1os. \u00bfQui\u00e9n [&hellip;]","protected":false},"featured_media":12565,"template":"","meta":{"_acf_changed":false,"_exactmetrics_skip_tracking":false,"_exactmetrics_sitenote_active":false,"_exactmetrics_sitenote_note":"","_exactmetrics_sitenote_category":0},"product_brand":[],"product_cat":[903,1136,1142,1119,1229],"product_tag":[],"coleccion":[1028],"class_list":{"0":"post-6115","1":"product","2":"type-product","3":"status-publish","4":"has-post-thumbnail","6":"product_cat-a-partir-de-8-anos","7":"product_cat-amistad","8":"product_cat-aventura","9":"product_cat-narrativa-juvenil","10":"product_cat-vacaciones-viajes","11":"coleccion-siete-secretos","13":"first","14":"instock","15":"taxable","16":"shipping-taxable","17":"purchasable","18":"product-type-simple"},"acf":{"autor":"Blyton, Enid","codart":"4256","ediciones":"2","encuadernacion":"R\u00fastica","fecha_de_publicacion":"01\/06\/2015","novedad":"0","paginas":"130","subtitulo":"","texto_web_adicional":"","texto_web_novedad":"","orden":"999","portada":"0","texto_web_resaltado":"","indice":"","autores-libros":[16237],"ilustradores-libros":[18070],"traductores-libros":[18291],"descripcion_corta":"","recomendamos":"","mas_vendido":"","idioma-libro":"","color":false,"formato":"","mas_informacion_del_producto":false,"premios":false,"texto_enlace_cubierta":"","enlace_cubierta":false,"texto_enlace_ficha_tecnica":"","enlace_ficha_tecnica":false,"ficheros":false,"titulo-fr":"","texto-fr":"","fecha_de_reimpresion":"01\/01\/2021","deshabilitar_compra":[]},"yoast_head":"<!-- This site is optimized with the Yoast SEO plugin v27.5 - https:\/\/yoast.com\/product\/yoast-seo-wordpress\/ -->\n<title>El club de los Siete Secretos - Editorial Juventud<\/title>\n<meta name=\"description\" content=\"Es su primera aventura y los Siete Secretos ya est\u00e1n tras la pista de un misterio como aut\u00e9nticos detectives. Todos se han disfrazado para seguir el\" \/>\n<meta name=\"robots\" content=\"index, follow, max-snippet:-1, max-image-preview:large, max-video-preview:-1\" \/>\n<link rel=\"canonical\" href=\"https:\/\/www.editorialjuventud.es\/el-club-de-los-siete-secretos-9788426142566\/\" \/>\n<meta property=\"og:locale\" content=\"ca_ES\" \/>\n<meta property=\"og:type\" content=\"article\" \/>\n<meta property=\"og:title\" content=\"El club de los Siete Secretos - Editorial Juventud\" \/>\n<meta property=\"og:description\" content=\"Es su primera aventura y los Siete Secretos ya est\u00e1n tras la pista de un misterio como aut\u00e9nticos detectives. Todos se han disfrazado para seguir el\" \/>\n<meta property=\"og:url\" content=\"https:\/\/www.editorialjuventud.es\/el-club-de-los-siete-secretos-9788426142566\/\" \/>\n<meta property=\"og:site_name\" content=\"Editorial Juventud\" \/>\n<meta property=\"article:modified_time\" content=\"2025-01-22T12:12:45+00:00\" \/>\n<meta property=\"og:image\" content=\"https:\/\/www.editorialjuventud.es\/wp-content\/uploads\/4256.jpg\" \/>\n\t<meta property=\"og:image:width\" content=\"292\" \/>\n\t<meta property=\"og:image:height\" content=\"450\" \/>\n\t<meta property=\"og:image:type\" content=\"image\/jpeg\" \/>\n<meta name=\"twitter:card\" content=\"summary_large_image\" \/>\n<script type=\"application\/ld+json\" class=\"yoast-schema-graph\">{\"@context\":\"https:\\\/\\\/schema.org\",\"@graph\":[{\"@type\":\"WebPage\",\"@id\":\"https:\\\/\\\/www.editorialjuventud.es\\\/el-club-de-los-siete-secretos-9788426142566\\\/\",\"url\":\"https:\\\/\\\/www.editorialjuventud.es\\\/el-club-de-los-siete-secretos-9788426142566\\\/\",\"name\":\"El club de los Siete Secretos - Editorial Juventud\",\"isPartOf\":{\"@id\":\"https:\\\/\\\/www.editorialjuventud.es\\\/#website\"},\"primaryImageOfPage\":{\"@id\":\"https:\\\/\\\/www.editorialjuventud.es\\\/el-club-de-los-siete-secretos-9788426142566\\\/#primaryimage\"},\"image\":{\"@id\":\"https:\\\/\\\/www.editorialjuventud.es\\\/el-club-de-los-siete-secretos-9788426142566\\\/#primaryimage\"},\"thumbnailUrl\":\"https:\\\/\\\/www.editorialjuventud.es\\\/wp-content\\\/uploads\\\/4256.jpg\",\"datePublished\":\"2018-08-24T09:54:14+00:00\",\"dateModified\":\"2025-01-22T12:12:45+00:00\",\"description\":\"Es su primera aventura y los Siete Secretos ya est\u00e1n tras la pista de un misterio como aut\u00e9nticos detectives. Todos se han disfrazado para seguir el\",\"breadcrumb\":{\"@id\":\"https:\\\/\\\/www.editorialjuventud.es\\\/el-club-de-los-siete-secretos-9788426142566\\\/#breadcrumb\"},\"inLanguage\":\"ca\",\"potentialAction\":[{\"@type\":\"ReadAction\",\"target\":[\"https:\\\/\\\/www.editorialjuventud.es\\\/el-club-de-los-siete-secretos-9788426142566\\\/\"]}]},{\"@type\":\"ImageObject\",\"inLanguage\":\"ca\",\"@id\":\"https:\\\/\\\/www.editorialjuventud.es\\\/el-club-de-los-siete-secretos-9788426142566\\\/#primaryimage\",\"url\":\"https:\\\/\\\/www.editorialjuventud.es\\\/wp-content\\\/uploads\\\/4256.jpg\",\"contentUrl\":\"https:\\\/\\\/www.editorialjuventud.es\\\/wp-content\\\/uploads\\\/4256.jpg\",\"width\":292,\"height\":450,\"caption\":\"4256.jpg\"},{\"@type\":\"BreadcrumbList\",\"@id\":\"https:\\\/\\\/www.editorialjuventud.es\\\/el-club-de-los-siete-secretos-9788426142566\\\/#breadcrumb\",\"itemListElement\":[{\"@type\":\"ListItem\",\"position\":1,\"name\":\"Portada\",\"item\":\"https:\\\/\\\/www.editorialjuventud.es\\\/\"},{\"@type\":\"ListItem\",\"position\":2,\"name\":\"cat\u00e1logo\",\"item\":\"https:\\\/\\\/www.editorialjuventud.es\\\/coleccion\\\/catalogo\\\/\"},{\"@type\":\"ListItem\",\"position\":3,\"name\":\"castellano\",\"item\":\"https:\\\/\\\/www.editorialjuventud.es\\\/coleccion\\\/castellano\\\/\"},{\"@type\":\"ListItem\",\"position\":4,\"name\":\"Narrativa Juvenil\",\"item\":\"https:\\\/\\\/www.editorialjuventud.es\\\/coleccion\\\/narrativa-juvenil-castellano\\\/\"},{\"@type\":\"ListItem\",\"position\":5,\"name\":\"Siete Secretos\",\"item\":\"https:\\\/\\\/www.editorialjuventud.es\\\/ca\\\/coleccion\\\/siete-secretos\\\/\"},{\"@type\":\"ListItem\",\"position\":6,\"name\":\"El club de los Siete Secretos\"}]},{\"@type\":\"WebSite\",\"@id\":\"https:\\\/\\\/www.editorialjuventud.es\\\/#website\",\"url\":\"https:\\\/\\\/www.editorialjuventud.es\\\/\",\"name\":\"Editorial Juventud\",\"description\":\"\",\"potentialAction\":[{\"@type\":\"SearchAction\",\"target\":{\"@type\":\"EntryPoint\",\"urlTemplate\":\"https:\\\/\\\/www.editorialjuventud.es\\\/?s={search_term_string}\"},\"query-input\":{\"@type\":\"PropertyValueSpecification\",\"valueRequired\":true,\"valueName\":\"search_term_string\"}}],\"inLanguage\":\"ca\"}]}<\/script>\n<!-- \/ Yoast SEO plugin. -->","yoast_head_json":{"title":"El club de los Siete Secretos - Editorial Juventud","description":"Es su primera aventura y los Siete Secretos ya est\u00e1n tras la pista de un misterio como aut\u00e9nticos detectives. Todos se han disfrazado para seguir el","robots":{"index":"index","follow":"follow","max-snippet":"max-snippet:-1","max-image-preview":"max-image-preview:large","max-video-preview":"max-video-preview:-1"},"canonical":"https:\/\/www.editorialjuventud.es\/el-club-de-los-siete-secretos-9788426142566\/","og_locale":"ca_ES","og_type":"article","og_title":"El club de los Siete Secretos - Editorial Juventud","og_description":"Es su primera aventura y los Siete Secretos ya est\u00e1n tras la pista de un misterio como aut\u00e9nticos detectives. Todos se han disfrazado para seguir el","og_url":"https:\/\/www.editorialjuventud.es\/el-club-de-los-siete-secretos-9788426142566\/","og_site_name":"Editorial Juventud","article_modified_time":"2025-01-22T12:12:45+00:00","og_image":[{"width":292,"height":450,"url":"https:\/\/www.editorialjuventud.es\/wp-content\/uploads\/4256.jpg","type":"image\/jpeg"}],"twitter_card":"summary_large_image","schema":{"@context":"https:\/\/schema.org","@graph":[{"@type":"WebPage","@id":"https:\/\/www.editorialjuventud.es\/el-club-de-los-siete-secretos-9788426142566\/","url":"https:\/\/www.editorialjuventud.es\/el-club-de-los-siete-secretos-9788426142566\/","name":"El club de los Siete Secretos - Editorial Juventud","isPartOf":{"@id":"https:\/\/www.editorialjuventud.es\/#website"},"primaryImageOfPage":{"@id":"https:\/\/www.editorialjuventud.es\/el-club-de-los-siete-secretos-9788426142566\/#primaryimage"},"image":{"@id":"https:\/\/www.editorialjuventud.es\/el-club-de-los-siete-secretos-9788426142566\/#primaryimage"},"thumbnailUrl":"https:\/\/www.editorialjuventud.es\/wp-content\/uploads\/4256.jpg","datePublished":"2018-08-24T09:54:14+00:00","dateModified":"2025-01-22T12:12:45+00:00","description":"Es su primera aventura y los Siete Secretos ya est\u00e1n tras la pista de un misterio como aut\u00e9nticos detectives. Todos se han disfrazado para seguir el","breadcrumb":{"@id":"https:\/\/www.editorialjuventud.es\/el-club-de-los-siete-secretos-9788426142566\/#breadcrumb"},"inLanguage":"ca","potentialAction":[{"@type":"ReadAction","target":["https:\/\/www.editorialjuventud.es\/el-club-de-los-siete-secretos-9788426142566\/"]}]},{"@type":"ImageObject","inLanguage":"ca","@id":"https:\/\/www.editorialjuventud.es\/el-club-de-los-siete-secretos-9788426142566\/#primaryimage","url":"https:\/\/www.editorialjuventud.es\/wp-content\/uploads\/4256.jpg","contentUrl":"https:\/\/www.editorialjuventud.es\/wp-content\/uploads\/4256.jpg","width":292,"height":450,"caption":"4256.jpg"},{"@type":"BreadcrumbList","@id":"https:\/\/www.editorialjuventud.es\/el-club-de-los-siete-secretos-9788426142566\/#breadcrumb","itemListElement":[{"@type":"ListItem","position":1,"name":"Portada","item":"https:\/\/www.editorialjuventud.es\/"},{"@type":"ListItem","position":2,"name":"cat\u00e1logo","item":"https:\/\/www.editorialjuventud.es\/coleccion\/catalogo\/"},{"@type":"ListItem","position":3,"name":"castellano","item":"https:\/\/www.editorialjuventud.es\/coleccion\/castellano\/"},{"@type":"ListItem","position":4,"name":"Narrativa Juvenil","item":"https:\/\/www.editorialjuventud.es\/coleccion\/narrativa-juvenil-castellano\/"},{"@type":"ListItem","position":5,"name":"Siete Secretos","item":"https:\/\/www.editorialjuventud.es\/ca\/coleccion\/siete-secretos\/"},{"@type":"ListItem","position":6,"name":"El club de los Siete Secretos"}]},{"@type":"WebSite","@id":"https:\/\/www.editorialjuventud.es\/#website","url":"https:\/\/www.editorialjuventud.es\/","name":"Editorial Juventud","description":"","potentialAction":[{"@type":"SearchAction","target":{"@type":"EntryPoint","urlTemplate":"https:\/\/www.editorialjuventud.es\/?s={search_term_string}"},"query-input":{"@type":"PropertyValueSpecification","valueRequired":true,"valueName":"search_term_string"}}],"inLanguage":"ca"}]}},"_links":{"self":[{"href":"https:\/\/www.editorialjuventud.es\/ca\/wp-json\/wp\/v2\/product\/6115","targetHints":{"allow":["GET"]}}],"collection":[{"href":"https:\/\/www.editorialjuventud.es\/ca\/wp-json\/wp\/v2\/product"}],"about":[{"href":"https:\/\/www.editorialjuventud.es\/ca\/wp-json\/wp\/v2\/types\/product"}],"wp:featuredmedia":[{"embeddable":true,"href":"https:\/\/www.editorialjuventud.es\/ca\/wp-json\/wp\/v2\/media\/12565"}],"wp:attachment":[{"href":"https:\/\/www.editorialjuventud.es\/ca\/wp-json\/wp\/v2\/media?parent=6115"}],"wp:term":[{"taxonomy":"product_brand","embeddable":true,"href":"https:\/\/www.editorialjuventud.es\/ca\/wp-json\/wp\/v2\/product_brand?post=6115"},{"taxonomy":"product_cat","embeddable":true,"href":"https:\/\/www.editorialjuventud.es\/ca\/wp-json\/wp\/v2\/product_cat?post=6115"},{"taxonomy":"product_tag","embeddable":true,"href":"https:\/\/www.editorialjuventud.es\/ca\/wp-json\/wp\/v2\/product_tag?post=6115"},{"taxonomy":"coleccion","embeddable":true,"href":"https:\/\/www.editorialjuventud.es\/ca\/wp-json\/wp\/v2\/coleccion?post=6115"}],"curies":[{"name":"wp","href":"https:\/\/api.w.org\/{rel}","templated":true}]}}