{"id":6114,"date":"2018-08-24T13:54:10","date_gmt":"2018-08-24T09:54:10","guid":{"rendered":"http:\/\/www.editorialjuventud.es\/el-cavaller-impetuos\/"},"modified":"2022-11-09T21:47:08","modified_gmt":"2022-11-09T20:47:08","slug":"el-cavaller-impetuos-9788426142559","status":"publish","type":"product","link":"https:\/\/www.editorialjuventud.es\/ca\/el-cavaller-impetuos-9788426142559\/","title":{"rendered":"El cavaller impetu\u00f3s"},"content":{"rendered":"<p>Quan un t\u00e9 una tasca urgent que complir, no es pot deixa distreure&#8230; I qu\u00e8 hi ha m\u00e9s urgent que defensar un parterre de maduixes amena\u00e7at per l&#8217;enemic? El cavaller Impetu\u00f3s se&#8217;n va cap a la batalla. B\u00e9&#8230; Encara no&#8230; Un \u00e0lbum ple d&#8217;humor en el qual descobrim l&#8217;h\u00e0bit d&#8217;ajornar les coses importants, ple de detalls c\u00f2mics en cada il\u00b7lustraci\u00f3.<\/p>\n","protected":false},"excerpt":{"rendered":"Quan un t\u00e9 una tasca urgent que complir, no es pot deixa distreure&#8230; I qu\u00e8 hi ha m\u00e9s urgent que defensar un parterre de maduixes amena\u00e7at per l&#8217;enemic? El cavaller Impetu\u00f3s se&#8217;n va cap a la batalla. B\u00e9&#8230; Encara no&#8230; [&hellip;]","protected":false},"featured_media":16758,"template":"","meta":{"_acf_changed":false,"_exactmetrics_skip_tracking":false,"_exactmetrics_sitenote_active":false,"_exactmetrics_sitenote_note":"","_exactmetrics_sitenote_category":0},"product_brand":[],"product_cat":[900,1121,892,1115,1204,1205,1128],"product_tag":[],"coleccion":[917,915,954],"class_list":{"0":"post-6114","1":"product","2":"type-product","3":"status-publish","4":"has-post-thumbnail","6":"product_cat-a-partir-de-5-anos","7":"product_cat-albumes-ilustrados","8":"product_cat-edades","9":"product_cat-generos","10":"product_cat-paciencia","11":"product_cat-padres","12":"product_cat-tematica","13":"coleccion-albums-illustrats","14":"coleccion-catala","15":"coleccion-llegir-entre-rialles","17":"first","18":"instock","19":"taxable","20":"shipping-taxable","21":"purchasable","22":"product-type-simple"},"acf":{"autor":"BACHELET, GILLES","codart":"4255","ediciones":"1","encuadernacion":"Carton\u00e9","fecha_de_publicacion":"01\/10\/2015","novedad":"0","paginas":"36","subtitulo":"","texto_web_adicional":"","texto_web_novedad":"","orden":"999","portada":"0","texto_web_resaltado":"","indice":"","autores-libros":[16202],"ilustradores-libros":[16202],"traductores-libros":[17773],"descripcion_corta":"","recomendamos":"","mas_vendido":"","idioma-libro":"","color":false,"formato":"","mas_informacion_del_producto":false,"premios":false,"texto_enlace_cubierta":"","enlace_cubierta":{"ID":21247,"id":21247,"title":"cover EL CAVALLER IMPETUOS catalan","filename":"cover-EL-CAVALLER-IMPETUOS-catalan.jpg","filesize":227224,"url":"https:\/\/www.editorialjuventud.es\/wp-content\/uploads\/cover-EL-CAVALLER-IMPETUOS-catalan.jpg","link":"https:\/\/www.editorialjuventud.es\/ca\/?attachment_id=21247","alt":"","author":"47","description":"","caption":"","name":"cover-el-cavaller-impetuos-catalan","status":"inherit","uploaded_to":6114,"date":"2019-02-15 10:32:02","modified":"2019-02-15 10:32:02","menu_order":0,"mime_type":"image\/jpeg","type":"image","subtype":"jpeg","icon":"https:\/\/www.editorialjuventud.es\/wp-includes\/images\/media\/default.png","width":1000,"height":1414,"sizes":{"thumbnail":"https:\/\/www.editorialjuventud.es\/wp-content\/uploads\/cover-EL-CAVALLER-IMPETUOS-catalan-200x200.jpg","thumbnail-width":200,"thumbnail-height":200,"medium":"https:\/\/www.editorialjuventud.es\/wp-content\/uploads\/cover-EL-CAVALLER-IMPETUOS-catalan.jpg","medium-width":1000,"medium-height":1414,"medium_large":"https:\/\/www.editorialjuventud.es\/wp-content\/uploads\/cover-EL-CAVALLER-IMPETUOS-catalan-768x1086.jpg","medium_large-width":768,"medium_large-height":1086,"large":"https:\/\/www.editorialjuventud.es\/wp-content\/uploads\/cover-EL-CAVALLER-IMPETUOS-catalan.jpg","large-width":1000,"large-height":1414,"1536x1536":"https:\/\/www.editorialjuventud.es\/wp-content\/uploads\/cover-EL-CAVALLER-IMPETUOS-catalan.jpg","1536x1536-width":1000,"1536x1536-height":1414,"2048x2048":"https:\/\/www.editorialjuventud.es\/wp-content\/uploads\/cover-EL-CAVALLER-IMPETUOS-catalan.jpg","2048x2048-width":1000,"2048x2048-height":1414,"woocommerce_thumbnail":"https:\/\/www.editorialjuventud.es\/wp-content\/uploads\/cover-EL-CAVALLER-IMPETUOS-catalan-350x495.jpg","woocommerce_thumbnail-width":350,"woocommerce_thumbnail-height":495,"woocommerce_single":"https:\/\/www.editorialjuventud.es\/wp-content\/uploads\/cover-EL-CAVALLER-IMPETUOS-catalan-900x1273.jpg","woocommerce_single-width":900,"woocommerce_single-height":1273,"woocommerce_gallery_thumbnail":"https:\/\/www.editorialjuventud.es\/wp-content\/uploads\/cover-EL-CAVALLER-IMPETUOS-catalan-100x100.jpg","woocommerce_gallery_thumbnail-width":100,"woocommerce_gallery_thumbnail-height":100,"ppec_logo_image_size":"https:\/\/www.editorialjuventud.es\/wp-content\/uploads\/cover-EL-CAVALLER-IMPETUOS-catalan.jpg","ppec_logo_image_size-width":42,"ppec_logo_image_size-height":60,"ppec_header_image_size":"https:\/\/www.editorialjuventud.es\/wp-content\/uploads\/cover-EL-CAVALLER-IMPETUOS-catalan.jpg","ppec_header_image_size-width":64,"ppec_header_image_size-height":90}},"texto_enlace_ficha_tecnica":"","enlace_ficha_tecnica":false,"ficheros":false,"titulo-fr":"","texto-fr":""},"yoast_head":"<!-- This site is optimized with the Yoast SEO plugin v27.5 - https:\/\/yoast.com\/product\/yoast-seo-wordpress\/ -->\n<title>El cavaller impetu\u00f3s - Editorial Juventud<\/title>\n<meta name=\"description\" content=\"Quan un t\u00e9 una tasca urgent que complir, no es pot deixa distreure... I qu\u00e8 hi ha m\u00e9s urgent que defensar un parterre de maduixes amena\u00e7at per l&#039;enemic? El cavaller Impetu\u00f3s se&#039;n va cap a la batalla. B\u00e9... Encara no...\" \/>\n<meta name=\"robots\" content=\"index, follow, max-snippet:-1, max-image-preview:large, max-video-preview:-1\" \/>\n<link rel=\"canonical\" href=\"https:\/\/www.editorialjuventud.es\/el-cavaller-impetuos-9788426142559\/\" \/>\n<meta property=\"og:locale\" content=\"ca_ES\" \/>\n<meta property=\"og:type\" content=\"article\" \/>\n<meta property=\"og:title\" content=\"El cavaller impetu\u00f3s - Editorial Juventud\" \/>\n<meta property=\"og:description\" content=\"Quan un t\u00e9 una tasca urgent que complir, no es pot deixa distreure... I qu\u00e8 hi ha m\u00e9s urgent que defensar un parterre de maduixes amena\u00e7at per l&#039;enemic? El cavaller Impetu\u00f3s se&#039;n va cap a la batalla. B\u00e9... Encara no...\" \/>\n<meta property=\"og:url\" content=\"https:\/\/www.editorialjuventud.es\/el-cavaller-impetuos-9788426142559\/\" \/>\n<meta property=\"og:site_name\" content=\"Editorial Juventud\" \/>\n<meta property=\"article:modified_time\" content=\"2022-11-09T20:47:08+00:00\" \/>\n<meta property=\"og:image\" content=\"https:\/\/www.editorialjuventud.es\/wp-content\/uploads\/4255.jpg\" \/>\n\t<meta property=\"og:image:width\" content=\"318\" \/>\n\t<meta property=\"og:image:height\" content=\"450\" \/>\n\t<meta property=\"og:image:type\" content=\"image\/jpeg\" \/>\n<meta name=\"twitter:card\" content=\"summary_large_image\" \/>\n<script type=\"application\/ld+json\" class=\"yoast-schema-graph\">{\"@context\":\"https:\\\/\\\/schema.org\",\"@graph\":[{\"@type\":\"WebPage\",\"@id\":\"https:\\\/\\\/www.editorialjuventud.es\\\/el-cavaller-impetuos-9788426142559\\\/\",\"url\":\"https:\\\/\\\/www.editorialjuventud.es\\\/el-cavaller-impetuos-9788426142559\\\/\",\"name\":\"El cavaller impetu\u00f3s - Editorial Juventud\",\"isPartOf\":{\"@id\":\"https:\\\/\\\/www.editorialjuventud.es\\\/#website\"},\"primaryImageOfPage\":{\"@id\":\"https:\\\/\\\/www.editorialjuventud.es\\\/el-cavaller-impetuos-9788426142559\\\/#primaryimage\"},\"image\":{\"@id\":\"https:\\\/\\\/www.editorialjuventud.es\\\/el-cavaller-impetuos-9788426142559\\\/#primaryimage\"},\"thumbnailUrl\":\"https:\\\/\\\/www.editorialjuventud.es\\\/wp-content\\\/uploads\\\/4255.jpg\",\"datePublished\":\"2018-08-24T09:54:10+00:00\",\"dateModified\":\"2022-11-09T20:47:08+00:00\",\"description\":\"Quan un t\u00e9 una tasca urgent que complir, no es pot deixa distreure... I qu\u00e8 hi ha m\u00e9s urgent que defensar un parterre de maduixes amena\u00e7at per l'enemic? El cavaller Impetu\u00f3s se'n va cap a la batalla. B\u00e9... Encara no...\",\"breadcrumb\":{\"@id\":\"https:\\\/\\\/www.editorialjuventud.es\\\/el-cavaller-impetuos-9788426142559\\\/#breadcrumb\"},\"inLanguage\":\"ca\",\"potentialAction\":[{\"@type\":\"ReadAction\",\"target\":[\"https:\\\/\\\/www.editorialjuventud.es\\\/el-cavaller-impetuos-9788426142559\\\/\"]}]},{\"@type\":\"ImageObject\",\"inLanguage\":\"ca\",\"@id\":\"https:\\\/\\\/www.editorialjuventud.es\\\/el-cavaller-impetuos-9788426142559\\\/#primaryimage\",\"url\":\"https:\\\/\\\/www.editorialjuventud.es\\\/wp-content\\\/uploads\\\/4255.jpg\",\"contentUrl\":\"https:\\\/\\\/www.editorialjuventud.es\\\/wp-content\\\/uploads\\\/4255.jpg\",\"width\":318,\"height\":450,\"caption\":\"4255.jpg\"},{\"@type\":\"BreadcrumbList\",\"@id\":\"https:\\\/\\\/www.editorialjuventud.es\\\/el-cavaller-impetuos-9788426142559\\\/#breadcrumb\",\"itemListElement\":[{\"@type\":\"ListItem\",\"position\":1,\"name\":\"Portada\",\"item\":\"https:\\\/\\\/www.editorialjuventud.es\\\/\"},{\"@type\":\"ListItem\",\"position\":2,\"name\":\"cat\u00e1logo\",\"item\":\"https:\\\/\\\/www.editorialjuventud.es\\\/coleccion\\\/catalogo\\\/\"},{\"@type\":\"ListItem\",\"position\":3,\"name\":\"catal\u00e0\",\"item\":\"https:\\\/\\\/www.editorialjuventud.es\\\/coleccion\\\/catala\\\/\"},{\"@type\":\"ListItem\",\"position\":4,\"name\":\"\u00c0lbums Il\u00b7lustrats\",\"item\":\"https:\\\/\\\/www.editorialjuventud.es\\\/coleccion\\\/albums-il%c2%b7lustrats\\\/\"},{\"@type\":\"ListItem\",\"position\":5,\"name\":\"Llegir entre Rialles\",\"item\":\"https:\\\/\\\/www.editorialjuventud.es\\\/coleccion\\\/llegir-entre-rialles\\\/\"},{\"@type\":\"ListItem\",\"position\":6,\"name\":\"El cavaller impetu\u00f3s\"}]},{\"@type\":\"WebSite\",\"@id\":\"https:\\\/\\\/www.editorialjuventud.es\\\/#website\",\"url\":\"https:\\\/\\\/www.editorialjuventud.es\\\/\",\"name\":\"Editorial Juventud\",\"description\":\"\",\"potentialAction\":[{\"@type\":\"SearchAction\",\"target\":{\"@type\":\"EntryPoint\",\"urlTemplate\":\"https:\\\/\\\/www.editorialjuventud.es\\\/?s={search_term_string}\"},\"query-input\":{\"@type\":\"PropertyValueSpecification\",\"valueRequired\":true,\"valueName\":\"search_term_string\"}}],\"inLanguage\":\"ca\"}]}<\/script>\n<!-- \/ Yoast SEO plugin. -->","yoast_head_json":{"title":"El cavaller impetu\u00f3s - Editorial Juventud","description":"Quan un t\u00e9 una tasca urgent que complir, no es pot deixa distreure... I qu\u00e8 hi ha m\u00e9s urgent que defensar un parterre de maduixes amena\u00e7at per l'enemic? El cavaller Impetu\u00f3s se'n va cap a la batalla. B\u00e9... Encara no...","robots":{"index":"index","follow":"follow","max-snippet":"max-snippet:-1","max-image-preview":"max-image-preview:large","max-video-preview":"max-video-preview:-1"},"canonical":"https:\/\/www.editorialjuventud.es\/el-cavaller-impetuos-9788426142559\/","og_locale":"ca_ES","og_type":"article","og_title":"El cavaller impetu\u00f3s - Editorial Juventud","og_description":"Quan un t\u00e9 una tasca urgent que complir, no es pot deixa distreure... I qu\u00e8 hi ha m\u00e9s urgent que defensar un parterre de maduixes amena\u00e7at per l'enemic? El cavaller Impetu\u00f3s se'n va cap a la batalla. B\u00e9... Encara no...","og_url":"https:\/\/www.editorialjuventud.es\/el-cavaller-impetuos-9788426142559\/","og_site_name":"Editorial Juventud","article_modified_time":"2022-11-09T20:47:08+00:00","og_image":[{"width":318,"height":450,"url":"https:\/\/www.editorialjuventud.es\/wp-content\/uploads\/4255.jpg","type":"image\/jpeg"}],"twitter_card":"summary_large_image","schema":{"@context":"https:\/\/schema.org","@graph":[{"@type":"WebPage","@id":"https:\/\/www.editorialjuventud.es\/el-cavaller-impetuos-9788426142559\/","url":"https:\/\/www.editorialjuventud.es\/el-cavaller-impetuos-9788426142559\/","name":"El cavaller impetu\u00f3s - Editorial Juventud","isPartOf":{"@id":"https:\/\/www.editorialjuventud.es\/#website"},"primaryImageOfPage":{"@id":"https:\/\/www.editorialjuventud.es\/el-cavaller-impetuos-9788426142559\/#primaryimage"},"image":{"@id":"https:\/\/www.editorialjuventud.es\/el-cavaller-impetuos-9788426142559\/#primaryimage"},"thumbnailUrl":"https:\/\/www.editorialjuventud.es\/wp-content\/uploads\/4255.jpg","datePublished":"2018-08-24T09:54:10+00:00","dateModified":"2022-11-09T20:47:08+00:00","description":"Quan un t\u00e9 una tasca urgent que complir, no es pot deixa distreure... I qu\u00e8 hi ha m\u00e9s urgent que defensar un parterre de maduixes amena\u00e7at per l'enemic? El cavaller Impetu\u00f3s se'n va cap a la batalla. B\u00e9... Encara no...","breadcrumb":{"@id":"https:\/\/www.editorialjuventud.es\/el-cavaller-impetuos-9788426142559\/#breadcrumb"},"inLanguage":"ca","potentialAction":[{"@type":"ReadAction","target":["https:\/\/www.editorialjuventud.es\/el-cavaller-impetuos-9788426142559\/"]}]},{"@type":"ImageObject","inLanguage":"ca","@id":"https:\/\/www.editorialjuventud.es\/el-cavaller-impetuos-9788426142559\/#primaryimage","url":"https:\/\/www.editorialjuventud.es\/wp-content\/uploads\/4255.jpg","contentUrl":"https:\/\/www.editorialjuventud.es\/wp-content\/uploads\/4255.jpg","width":318,"height":450,"caption":"4255.jpg"},{"@type":"BreadcrumbList","@id":"https:\/\/www.editorialjuventud.es\/el-cavaller-impetuos-9788426142559\/#breadcrumb","itemListElement":[{"@type":"ListItem","position":1,"name":"Portada","item":"https:\/\/www.editorialjuventud.es\/"},{"@type":"ListItem","position":2,"name":"cat\u00e1logo","item":"https:\/\/www.editorialjuventud.es\/coleccion\/catalogo\/"},{"@type":"ListItem","position":3,"name":"catal\u00e0","item":"https:\/\/www.editorialjuventud.es\/coleccion\/catala\/"},{"@type":"ListItem","position":4,"name":"\u00c0lbums Il\u00b7lustrats","item":"https:\/\/www.editorialjuventud.es\/coleccion\/albums-il%c2%b7lustrats\/"},{"@type":"ListItem","position":5,"name":"Llegir entre Rialles","item":"https:\/\/www.editorialjuventud.es\/coleccion\/llegir-entre-rialles\/"},{"@type":"ListItem","position":6,"name":"El cavaller impetu\u00f3s"}]},{"@type":"WebSite","@id":"https:\/\/www.editorialjuventud.es\/#website","url":"https:\/\/www.editorialjuventud.es\/","name":"Editorial Juventud","description":"","potentialAction":[{"@type":"SearchAction","target":{"@type":"EntryPoint","urlTemplate":"https:\/\/www.editorialjuventud.es\/?s={search_term_string}"},"query-input":{"@type":"PropertyValueSpecification","valueRequired":true,"valueName":"search_term_string"}}],"inLanguage":"ca"}]}},"_links":{"self":[{"href":"https:\/\/www.editorialjuventud.es\/ca\/wp-json\/wp\/v2\/product\/6114","targetHints":{"allow":["GET"]}}],"collection":[{"href":"https:\/\/www.editorialjuventud.es\/ca\/wp-json\/wp\/v2\/product"}],"about":[{"href":"https:\/\/www.editorialjuventud.es\/ca\/wp-json\/wp\/v2\/types\/product"}],"wp:featuredmedia":[{"embeddable":true,"href":"https:\/\/www.editorialjuventud.es\/ca\/wp-json\/wp\/v2\/media\/16758"}],"wp:attachment":[{"href":"https:\/\/www.editorialjuventud.es\/ca\/wp-json\/wp\/v2\/media?parent=6114"}],"wp:term":[{"taxonomy":"product_brand","embeddable":true,"href":"https:\/\/www.editorialjuventud.es\/ca\/wp-json\/wp\/v2\/product_brand?post=6114"},{"taxonomy":"product_cat","embeddable":true,"href":"https:\/\/www.editorialjuventud.es\/ca\/wp-json\/wp\/v2\/product_cat?post=6114"},{"taxonomy":"product_tag","embeddable":true,"href":"https:\/\/www.editorialjuventud.es\/ca\/wp-json\/wp\/v2\/product_tag?post=6114"},{"taxonomy":"coleccion","embeddable":true,"href":"https:\/\/www.editorialjuventud.es\/ca\/wp-json\/wp\/v2\/coleccion?post=6114"}],"curies":[{"name":"wp","href":"https:\/\/api.w.org\/{rel}","templated":true}]}}