{"id":6113,"date":"2018-08-24T11:54:05","date_gmt":"2018-08-24T09:54:05","guid":{"rendered":"http:\/\/www.editorialjuventud.es\/el-caballero-impetuoso\/"},"modified":"2019-11-27T10:50:55","modified_gmt":"2019-11-27T09:50:55","slug":"el-caballero-impetuoso-9788426142542","status":"publish","type":"product","link":"https:\/\/www.editorialjuventud.es\/ca\/el-caballero-impetuoso-9788426142542\/","title":{"rendered":"El caballero impetuoso"},"content":{"rendered":"<p>Mientras se tiene una tarea urgente que cumplir, uno no puede dejarse distraer\u0085 Y qu\u00e9 hay m\u00e1s urgente que defender un parterre de fresas amenazado por el enemigo.<br \/>\nEl caballero Impetuoso parte hacia la batalla. Bueno\u0085 Todav\u00eda no\u0085 Un \u00e1lbum lleno de humor en el que descubrimos el h\u00e1bito de aplazar las cosas importantes, lleno de detalles hilarantes en cada ilustraci\u00f3n.<\/p>\n","protected":false},"excerpt":{"rendered":"Mientras se tiene una tarea urgente que cumplir, uno no puede dejarse distraer\u0085 Y qu\u00e9 hay m\u00e1s urgente que defender un parterre de fresas amenazado por el enemigo. El caballero Impetuoso parte hacia la batalla. Bueno\u0085 Todav\u00eda no\u0085 Un \u00e1lbum [&hellip;]","protected":false},"featured_media":17102,"template":"","meta":{"_acf_changed":false,"_exactmetrics_skip_tracking":false,"_exactmetrics_sitenote_active":false,"_exactmetrics_sitenote_note":"","_exactmetrics_sitenote_category":0},"product_brand":[],"product_cat":[900,1121,892,1115,1204,1205,1128],"product_tag":[],"coleccion":[928,916,993],"class_list":{"0":"post-6113","1":"product","2":"type-product","3":"status-publish","4":"has-post-thumbnail","6":"product_cat-a-partir-de-5-anos","7":"product_cat-albumes-ilustrados","8":"product_cat-edades","9":"product_cat-generos","10":"product_cat-paciencia","11":"product_cat-padres","12":"product_cat-tematica","13":"coleccion-albumes-ilustrados","14":"coleccion-castellano","15":"coleccion-leer-entre-risas","17":"first","18":"instock","19":"taxable","20":"shipping-taxable","21":"purchasable","22":"product-type-simple"},"acf":{"autor":"BACHELET, GILLES","codart":"4254","ediciones":"1","encuadernacion":"Carton\u00e9","fecha_de_publicacion":"01\/10\/2015","novedad":"0","paginas":"36","subtitulo":"","texto_web_adicional":"","texto_web_novedad":"","orden":"999","portada":"0","texto_web_resaltado":"","indice":"","autores-libros":[16202],"ilustradores-libros":[16202],"traductores-libros":"","descripcion_corta":"","recomendamos":"","mas_vendido":"","idioma-libro":"","color":false,"formato":"","mas_informacion_del_producto":false,"premios":false,"texto_enlace_cubierta":"","enlace_cubierta":{"ID":21239,"id":21239,"title":"cover EL CABALLERO IMPETUOSO espan\u0303ol copiar","filename":"cover-EL-CABALLERO-IMPETUOSO-espan\u0303ol-copiar.jpg","filesize":1290286,"url":"https:\/\/www.editorialjuventud.es\/wp-content\/uploads\/cover-EL-CABALLERO-IMPETUOSO-espan\u0303ol-copiar.jpg","link":"https:\/\/www.editorialjuventud.es\/ca\/?attachment_id=21239","alt":"","author":"47","description":"","caption":"","name":"cover-el-caballero-impetuoso-espan%cc%83ol-copiar","status":"inherit","uploaded_to":6113,"date":"2019-02-15 10:16:38","modified":"2019-02-15 10:16:38","menu_order":0,"mime_type":"image\/jpeg","type":"image","subtype":"jpeg","icon":"https:\/\/www.editorialjuventud.es\/wp-includes\/images\/media\/default.png","width":2936,"height":4291,"sizes":{"thumbnail":"https:\/\/www.editorialjuventud.es\/wp-content\/uploads\/cover-EL-CABALLERO-IMPETUOSO-espan\u0303ol-copiar-200x200.jpg","thumbnail-width":200,"thumbnail-height":200,"medium":"https:\/\/www.editorialjuventud.es\/wp-content\/uploads\/cover-EL-CABALLERO-IMPETUOSO-espan\u0303ol-copiar.jpg","medium-width":2936,"medium-height":4291,"medium_large":"https:\/\/www.editorialjuventud.es\/wp-content\/uploads\/cover-EL-CABALLERO-IMPETUOSO-espan\u0303ol-copiar-768x1122.jpg","medium_large-width":768,"medium_large-height":1122,"large":"https:\/\/www.editorialjuventud.es\/wp-content\/uploads\/cover-EL-CABALLERO-IMPETUOSO-espan\u0303ol-copiar.jpg","large-width":2936,"large-height":4291,"1536x1536":"https:\/\/www.editorialjuventud.es\/wp-content\/uploads\/cover-EL-CABALLERO-IMPETUOSO-espan\u0303ol-copiar.jpg","1536x1536-width":1051,"1536x1536-height":1536,"2048x2048":"https:\/\/www.editorialjuventud.es\/wp-content\/uploads\/cover-EL-CABALLERO-IMPETUOSO-espan\u0303ol-copiar.jpg","2048x2048-width":1401,"2048x2048-height":2048,"woocommerce_thumbnail":"https:\/\/www.editorialjuventud.es\/wp-content\/uploads\/cover-EL-CABALLERO-IMPETUOSO-espan\u0303ol-copiar-350x512.jpg","woocommerce_thumbnail-width":350,"woocommerce_thumbnail-height":512,"woocommerce_single":"https:\/\/www.editorialjuventud.es\/wp-content\/uploads\/cover-EL-CABALLERO-IMPETUOSO-espan\u0303ol-copiar-900x1315.jpg","woocommerce_single-width":900,"woocommerce_single-height":1315,"woocommerce_gallery_thumbnail":"https:\/\/www.editorialjuventud.es\/wp-content\/uploads\/cover-EL-CABALLERO-IMPETUOSO-espan\u0303ol-copiar-100x100.jpg","woocommerce_gallery_thumbnail-width":100,"woocommerce_gallery_thumbnail-height":100,"ppec_logo_image_size":"https:\/\/www.editorialjuventud.es\/wp-content\/uploads\/cover-EL-CABALLERO-IMPETUOSO-espan\u0303ol-copiar.jpg","ppec_logo_image_size-width":41,"ppec_logo_image_size-height":60,"ppec_header_image_size":"https:\/\/www.editorialjuventud.es\/wp-content\/uploads\/cover-EL-CABALLERO-IMPETUOSO-espan\u0303ol-copiar.jpg","ppec_header_image_size-width":62,"ppec_header_image_size-height":90}},"texto_enlace_ficha_tecnica":"","enlace_ficha_tecnica":false,"ficheros":false,"titulo-fr":"","texto-fr":""},"yoast_head":"<!-- This site is optimized with the Yoast SEO plugin v27.5 - https:\/\/yoast.com\/product\/yoast-seo-wordpress\/ -->\n<title>El caballero impetuoso - Editorial Juventud<\/title>\n<meta name=\"description\" content=\"Mientras se tiene una tarea urgente que cumplir, uno no puede dejarse distraer\u0085 Y qu\u00e9 hay m\u00e1s urgente que defender un parterre de fresas amenazado por el enemigo.\" \/>\n<meta name=\"robots\" content=\"index, follow, max-snippet:-1, max-image-preview:large, max-video-preview:-1\" \/>\n<link rel=\"canonical\" href=\"https:\/\/www.editorialjuventud.es\/ca\/el-caballero-impetuoso-9788426142542\/\" \/>\n<meta property=\"og:locale\" content=\"ca_ES\" \/>\n<meta property=\"og:type\" content=\"article\" \/>\n<meta property=\"og:title\" content=\"El caballero impetuoso - Editorial Juventud\" \/>\n<meta property=\"og:description\" content=\"Mientras se tiene una tarea urgente que cumplir, uno no puede dejarse distraer\u0085 Y qu\u00e9 hay m\u00e1s urgente que defender un parterre de fresas amenazado por el enemigo.\" \/>\n<meta property=\"og:url\" content=\"https:\/\/www.editorialjuventud.es\/ca\/el-caballero-impetuoso-9788426142542\/\" \/>\n<meta property=\"og:site_name\" content=\"Editorial Juventud\" \/>\n<meta property=\"article:modified_time\" content=\"2019-11-27T09:50:55+00:00\" \/>\n<meta property=\"og:image\" content=\"https:\/\/www.editorialjuventud.es\/wp-content\/uploads\/4254.jpg\" \/>\n\t<meta property=\"og:image:width\" content=\"326\" \/>\n\t<meta property=\"og:image:height\" content=\"450\" \/>\n\t<meta property=\"og:image:type\" content=\"image\/jpeg\" \/>\n<meta name=\"twitter:card\" content=\"summary_large_image\" \/>\n<script type=\"application\/ld+json\" class=\"yoast-schema-graph\">{\"@context\":\"https:\\\/\\\/schema.org\",\"@graph\":[{\"@type\":\"WebPage\",\"@id\":\"https:\\\/\\\/www.editorialjuventud.es\\\/ca\\\/el-caballero-impetuoso-9788426142542\\\/\",\"url\":\"https:\\\/\\\/www.editorialjuventud.es\\\/ca\\\/el-caballero-impetuoso-9788426142542\\\/\",\"name\":\"El caballero impetuoso - Editorial Juventud\",\"isPartOf\":{\"@id\":\"https:\\\/\\\/www.editorialjuventud.es\\\/#website\"},\"primaryImageOfPage\":{\"@id\":\"https:\\\/\\\/www.editorialjuventud.es\\\/ca\\\/el-caballero-impetuoso-9788426142542\\\/#primaryimage\"},\"image\":{\"@id\":\"https:\\\/\\\/www.editorialjuventud.es\\\/ca\\\/el-caballero-impetuoso-9788426142542\\\/#primaryimage\"},\"thumbnailUrl\":\"https:\\\/\\\/www.editorialjuventud.es\\\/wp-content\\\/uploads\\\/4254.jpg\",\"datePublished\":\"2018-08-24T09:54:05+00:00\",\"dateModified\":\"2019-11-27T09:50:55+00:00\",\"description\":\"Mientras se tiene una tarea urgente que cumplir, uno no puede dejarse distraer\u0085 Y qu\u00e9 hay m\u00e1s urgente que defender un parterre de fresas amenazado por el enemigo.\",\"breadcrumb\":{\"@id\":\"https:\\\/\\\/www.editorialjuventud.es\\\/ca\\\/el-caballero-impetuoso-9788426142542\\\/#breadcrumb\"},\"inLanguage\":\"ca\",\"potentialAction\":[{\"@type\":\"ReadAction\",\"target\":[\"https:\\\/\\\/www.editorialjuventud.es\\\/ca\\\/el-caballero-impetuoso-9788426142542\\\/\"]}]},{\"@type\":\"ImageObject\",\"inLanguage\":\"ca\",\"@id\":\"https:\\\/\\\/www.editorialjuventud.es\\\/ca\\\/el-caballero-impetuoso-9788426142542\\\/#primaryimage\",\"url\":\"https:\\\/\\\/www.editorialjuventud.es\\\/wp-content\\\/uploads\\\/4254.jpg\",\"contentUrl\":\"https:\\\/\\\/www.editorialjuventud.es\\\/wp-content\\\/uploads\\\/4254.jpg\",\"width\":326,\"height\":450,\"caption\":\"4254.jpg\"},{\"@type\":\"BreadcrumbList\",\"@id\":\"https:\\\/\\\/www.editorialjuventud.es\\\/ca\\\/el-caballero-impetuoso-9788426142542\\\/#breadcrumb\",\"itemListElement\":[{\"@type\":\"ListItem\",\"position\":1,\"name\":\"Portada\",\"item\":\"https:\\\/\\\/www.editorialjuventud.es\\\/\"},{\"@type\":\"ListItem\",\"position\":2,\"name\":\"cat\u00e1logo\",\"item\":\"https:\\\/\\\/www.editorialjuventud.es\\\/coleccion\\\/catalogo\\\/\"},{\"@type\":\"ListItem\",\"position\":3,\"name\":\"castellano\",\"item\":\"https:\\\/\\\/www.editorialjuventud.es\\\/coleccion\\\/castellano\\\/\"},{\"@type\":\"ListItem\",\"position\":4,\"name\":\"\u00c1lbumes Ilustrados\",\"item\":\"https:\\\/\\\/www.editorialjuventud.es\\\/coleccion\\\/albumes-ilustrados\\\/\"},{\"@type\":\"ListItem\",\"position\":5,\"name\":\"Leer entre Risas\",\"item\":\"https:\\\/\\\/www.editorialjuventud.es\\\/coleccion\\\/leer-entre-risas\\\/\"},{\"@type\":\"ListItem\",\"position\":6,\"name\":\"El caballero impetuoso\"}]},{\"@type\":\"WebSite\",\"@id\":\"https:\\\/\\\/www.editorialjuventud.es\\\/#website\",\"url\":\"https:\\\/\\\/www.editorialjuventud.es\\\/\",\"name\":\"Editorial Juventud\",\"description\":\"\",\"potentialAction\":[{\"@type\":\"SearchAction\",\"target\":{\"@type\":\"EntryPoint\",\"urlTemplate\":\"https:\\\/\\\/www.editorialjuventud.es\\\/?s={search_term_string}\"},\"query-input\":{\"@type\":\"PropertyValueSpecification\",\"valueRequired\":true,\"valueName\":\"search_term_string\"}}],\"inLanguage\":\"ca\"}]}<\/script>\n<!-- \/ Yoast SEO plugin. -->","yoast_head_json":{"title":"El caballero impetuoso - Editorial Juventud","description":"Mientras se tiene una tarea urgente que cumplir, uno no puede dejarse distraer\u0085 Y qu\u00e9 hay m\u00e1s urgente que defender un parterre de fresas amenazado por el enemigo.","robots":{"index":"index","follow":"follow","max-snippet":"max-snippet:-1","max-image-preview":"max-image-preview:large","max-video-preview":"max-video-preview:-1"},"canonical":"https:\/\/www.editorialjuventud.es\/ca\/el-caballero-impetuoso-9788426142542\/","og_locale":"ca_ES","og_type":"article","og_title":"El caballero impetuoso - Editorial Juventud","og_description":"Mientras se tiene una tarea urgente que cumplir, uno no puede dejarse distraer\u0085 Y qu\u00e9 hay m\u00e1s urgente que defender un parterre de fresas amenazado por el enemigo.","og_url":"https:\/\/www.editorialjuventud.es\/ca\/el-caballero-impetuoso-9788426142542\/","og_site_name":"Editorial Juventud","article_modified_time":"2019-11-27T09:50:55+00:00","og_image":[{"width":326,"height":450,"url":"https:\/\/www.editorialjuventud.es\/wp-content\/uploads\/4254.jpg","type":"image\/jpeg"}],"twitter_card":"summary_large_image","schema":{"@context":"https:\/\/schema.org","@graph":[{"@type":"WebPage","@id":"https:\/\/www.editorialjuventud.es\/ca\/el-caballero-impetuoso-9788426142542\/","url":"https:\/\/www.editorialjuventud.es\/ca\/el-caballero-impetuoso-9788426142542\/","name":"El caballero impetuoso - Editorial Juventud","isPartOf":{"@id":"https:\/\/www.editorialjuventud.es\/#website"},"primaryImageOfPage":{"@id":"https:\/\/www.editorialjuventud.es\/ca\/el-caballero-impetuoso-9788426142542\/#primaryimage"},"image":{"@id":"https:\/\/www.editorialjuventud.es\/ca\/el-caballero-impetuoso-9788426142542\/#primaryimage"},"thumbnailUrl":"https:\/\/www.editorialjuventud.es\/wp-content\/uploads\/4254.jpg","datePublished":"2018-08-24T09:54:05+00:00","dateModified":"2019-11-27T09:50:55+00:00","description":"Mientras se tiene una tarea urgente que cumplir, uno no puede dejarse distraer\u0085 Y qu\u00e9 hay m\u00e1s urgente que defender un parterre de fresas amenazado por el enemigo.","breadcrumb":{"@id":"https:\/\/www.editorialjuventud.es\/ca\/el-caballero-impetuoso-9788426142542\/#breadcrumb"},"inLanguage":"ca","potentialAction":[{"@type":"ReadAction","target":["https:\/\/www.editorialjuventud.es\/ca\/el-caballero-impetuoso-9788426142542\/"]}]},{"@type":"ImageObject","inLanguage":"ca","@id":"https:\/\/www.editorialjuventud.es\/ca\/el-caballero-impetuoso-9788426142542\/#primaryimage","url":"https:\/\/www.editorialjuventud.es\/wp-content\/uploads\/4254.jpg","contentUrl":"https:\/\/www.editorialjuventud.es\/wp-content\/uploads\/4254.jpg","width":326,"height":450,"caption":"4254.jpg"},{"@type":"BreadcrumbList","@id":"https:\/\/www.editorialjuventud.es\/ca\/el-caballero-impetuoso-9788426142542\/#breadcrumb","itemListElement":[{"@type":"ListItem","position":1,"name":"Portada","item":"https:\/\/www.editorialjuventud.es\/"},{"@type":"ListItem","position":2,"name":"cat\u00e1logo","item":"https:\/\/www.editorialjuventud.es\/coleccion\/catalogo\/"},{"@type":"ListItem","position":3,"name":"castellano","item":"https:\/\/www.editorialjuventud.es\/coleccion\/castellano\/"},{"@type":"ListItem","position":4,"name":"\u00c1lbumes Ilustrados","item":"https:\/\/www.editorialjuventud.es\/coleccion\/albumes-ilustrados\/"},{"@type":"ListItem","position":5,"name":"Leer entre Risas","item":"https:\/\/www.editorialjuventud.es\/coleccion\/leer-entre-risas\/"},{"@type":"ListItem","position":6,"name":"El caballero impetuoso"}]},{"@type":"WebSite","@id":"https:\/\/www.editorialjuventud.es\/#website","url":"https:\/\/www.editorialjuventud.es\/","name":"Editorial Juventud","description":"","potentialAction":[{"@type":"SearchAction","target":{"@type":"EntryPoint","urlTemplate":"https:\/\/www.editorialjuventud.es\/?s={search_term_string}"},"query-input":{"@type":"PropertyValueSpecification","valueRequired":true,"valueName":"search_term_string"}}],"inLanguage":"ca"}]}},"_links":{"self":[{"href":"https:\/\/www.editorialjuventud.es\/ca\/wp-json\/wp\/v2\/product\/6113","targetHints":{"allow":["GET"]}}],"collection":[{"href":"https:\/\/www.editorialjuventud.es\/ca\/wp-json\/wp\/v2\/product"}],"about":[{"href":"https:\/\/www.editorialjuventud.es\/ca\/wp-json\/wp\/v2\/types\/product"}],"wp:featuredmedia":[{"embeddable":true,"href":"https:\/\/www.editorialjuventud.es\/ca\/wp-json\/wp\/v2\/media\/17102"}],"wp:attachment":[{"href":"https:\/\/www.editorialjuventud.es\/ca\/wp-json\/wp\/v2\/media?parent=6113"}],"wp:term":[{"taxonomy":"product_brand","embeddable":true,"href":"https:\/\/www.editorialjuventud.es\/ca\/wp-json\/wp\/v2\/product_brand?post=6113"},{"taxonomy":"product_cat","embeddable":true,"href":"https:\/\/www.editorialjuventud.es\/ca\/wp-json\/wp\/v2\/product_cat?post=6113"},{"taxonomy":"product_tag","embeddable":true,"href":"https:\/\/www.editorialjuventud.es\/ca\/wp-json\/wp\/v2\/product_tag?post=6113"},{"taxonomy":"coleccion","embeddable":true,"href":"https:\/\/www.editorialjuventud.es\/ca\/wp-json\/wp\/v2\/coleccion?post=6113"}],"curies":[{"name":"wp","href":"https:\/\/api.w.org\/{rel}","templated":true}]}}