{"id":6112,"date":"2018-08-24T11:54:01","date_gmt":"2018-08-24T09:54:01","guid":{"rendered":"http:\/\/www.editorialjuventud.es\/moletown-la-ciutat-dels-talps\/"},"modified":"2025-01-22T13:13:14","modified_gmt":"2025-01-22T12:13:14","slug":"moletown-la-ciutat-dels-talps-9788426142528","status":"publish","type":"product","link":"https:\/\/www.editorialjuventud.es\/ca\/moletown-la-ciutat-dels-talps-9788426142528\/","title":{"rendered":"Moletown. La ciutat dels talps"},"content":{"rendered":"<p>Al principi, sota aquell prat nom\u00e9s hi vivia un talp, i tot era abund\u00e0ncia. Per\u00f2 aviat arriben m\u00e9s i m\u00e9s talps: les senzilles talperes esdevenen caus intrincats, i el prat va desapareixent&#8230;<br \/>De l\u2019autor de Lindbergh. La incre\u00efble aventura d\u2019un ratol\u00ed volador, arriba aquest conte il\u00b7lustrat que, quasi sense paraules, ofereix una finestra fascinant a un mon imaginari, per\u00f2 inquietantment familiar, que s\u2019amaga sota els nostres peus. Kulhmann ens convida amb aquesta obra d\u2019art a una exploraci\u00f3 reflexiva sobre el precari equilibri entre progr\u00e9s i preservaci\u00f3.<\/p>\n","protected":false},"excerpt":{"rendered":"Al principi, sota aquell prat nom\u00e9s hi vivia un talp, i tot era abund\u00e0ncia. Per\u00f2 aviat arriben m\u00e9s i m\u00e9s talps: les senzilles talperes esdevenen caus intrincats, i el prat va desapareixent&#8230;De l\u2019autor de Lindbergh. La incre\u00efble aventura d\u2019un ratol\u00ed [&hellip;]","protected":false},"featured_media":16756,"template":"","meta":{"_acf_changed":false,"_exactmetrics_skip_tracking":false,"_exactmetrics_sitenote_active":false,"_exactmetrics_sitenote_note":"","_exactmetrics_sitenote_category":0},"product_brand":[],"product_cat":[902,1121,1167,1201,1128],"product_tag":[],"coleccion":[950],"class_list":{"0":"post-6112","1":"product","2":"type-product","3":"status-publish","4":"has-post-thumbnail","6":"product_cat-a-partir-de-7-anos","7":"product_cat-albumes-ilustrados","8":"product_cat-ecologia-medio-ambiente","9":"product_cat-naturaleza-biodiversidad","10":"product_cat-tematica","11":"coleccion-ecologia","13":"first","14":"instock","15":"taxable","16":"shipping-taxable","17":"purchasable","18":"product-type-simple"},"acf":{"autor":"Kuhlmann, Torben","codart":"4252","ediciones":"1","encuadernacion":"Carton\u00e9","fecha_de_publicacion":"01\/11\/2015","novedad":"0","paginas":"32","subtitulo":"","texto_web_adicional":"","texto_web_novedad":"","orden":"999","portada":"0","texto_web_resaltado":"","indice":"","autores-libros":[16448],"ilustradores-libros":[16448],"traductores-libros":[18265],"descripcion_corta":"","recomendamos":"","mas_vendido":"","idioma-libro":"","color":false,"formato":"","mas_informacion_del_producto":false,"premios":false,"texto_enlace_cubierta":"","enlace_cubierta":false,"texto_enlace_ficha_tecnica":"","enlace_ficha_tecnica":false,"ficheros":false,"titulo-fr":"","texto-fr":"","fecha_de_reimpresion":"","deshabilitar_compra":[]},"yoast_head":"<!-- This site is optimized with the Yoast SEO plugin v27.3 - https:\/\/yoast.com\/product\/yoast-seo-wordpress\/ -->\n<title>Moletown. La ciutat dels talps - Editorial Juventud<\/title>\n<meta name=\"description\" content=\"Al principi, sota aquell prat nom\u00e9s hi vivia un talp, i tot era abund\u00e0ncia. Per\u00f2 aviat arriben m\u00e9s i m\u00e9s talps: les senzilles talperes esdevenen caus\" \/>\n<meta name=\"robots\" content=\"index, follow, max-snippet:-1, max-image-preview:large, max-video-preview:-1\" \/>\n<link rel=\"canonical\" href=\"https:\/\/www.editorialjuventud.es\/moletown-la-ciutat-dels-talps-9788426142528\/\" \/>\n<meta property=\"og:locale\" content=\"ca_ES\" \/>\n<meta property=\"og:type\" content=\"article\" \/>\n<meta property=\"og:title\" content=\"Moletown. La ciutat dels talps - Editorial Juventud\" \/>\n<meta property=\"og:description\" content=\"Al principi, sota aquell prat nom\u00e9s hi vivia un talp, i tot era abund\u00e0ncia. Per\u00f2 aviat arriben m\u00e9s i m\u00e9s talps: les senzilles talperes esdevenen caus\" \/>\n<meta property=\"og:url\" content=\"https:\/\/www.editorialjuventud.es\/moletown-la-ciutat-dels-talps-9788426142528\/\" \/>\n<meta property=\"og:site_name\" content=\"Editorial Juventud\" \/>\n<meta property=\"article:modified_time\" content=\"2025-01-22T12:13:14+00:00\" \/>\n<meta property=\"og:image\" content=\"https:\/\/www.editorialjuventud.es\/wp-content\/uploads\/4252.jpg\" \/>\n\t<meta property=\"og:image:width\" content=\"347\" \/>\n\t<meta property=\"og:image:height\" content=\"450\" \/>\n\t<meta property=\"og:image:type\" content=\"image\/jpeg\" \/>\n<meta name=\"twitter:card\" content=\"summary_large_image\" \/>\n<script type=\"application\/ld+json\" class=\"yoast-schema-graph\">{\"@context\":\"https:\\\/\\\/schema.org\",\"@graph\":[{\"@type\":\"WebPage\",\"@id\":\"https:\\\/\\\/www.editorialjuventud.es\\\/moletown-la-ciutat-dels-talps-9788426142528\\\/\",\"url\":\"https:\\\/\\\/www.editorialjuventud.es\\\/moletown-la-ciutat-dels-talps-9788426142528\\\/\",\"name\":\"Moletown. La ciutat dels talps - Editorial Juventud\",\"isPartOf\":{\"@id\":\"https:\\\/\\\/www.editorialjuventud.es\\\/#website\"},\"primaryImageOfPage\":{\"@id\":\"https:\\\/\\\/www.editorialjuventud.es\\\/moletown-la-ciutat-dels-talps-9788426142528\\\/#primaryimage\"},\"image\":{\"@id\":\"https:\\\/\\\/www.editorialjuventud.es\\\/moletown-la-ciutat-dels-talps-9788426142528\\\/#primaryimage\"},\"thumbnailUrl\":\"https:\\\/\\\/www.editorialjuventud.es\\\/wp-content\\\/uploads\\\/4252.jpg\",\"datePublished\":\"2018-08-24T09:54:01+00:00\",\"dateModified\":\"2025-01-22T12:13:14+00:00\",\"description\":\"Al principi, sota aquell prat nom\u00e9s hi vivia un talp, i tot era abund\u00e0ncia. Per\u00f2 aviat arriben m\u00e9s i m\u00e9s talps: les senzilles talperes esdevenen caus\",\"breadcrumb\":{\"@id\":\"https:\\\/\\\/www.editorialjuventud.es\\\/moletown-la-ciutat-dels-talps-9788426142528\\\/#breadcrumb\"},\"inLanguage\":\"ca\",\"potentialAction\":[{\"@type\":\"ReadAction\",\"target\":[\"https:\\\/\\\/www.editorialjuventud.es\\\/moletown-la-ciutat-dels-talps-9788426142528\\\/\"]}]},{\"@type\":\"ImageObject\",\"inLanguage\":\"ca\",\"@id\":\"https:\\\/\\\/www.editorialjuventud.es\\\/moletown-la-ciutat-dels-talps-9788426142528\\\/#primaryimage\",\"url\":\"https:\\\/\\\/www.editorialjuventud.es\\\/wp-content\\\/uploads\\\/4252.jpg\",\"contentUrl\":\"https:\\\/\\\/www.editorialjuventud.es\\\/wp-content\\\/uploads\\\/4252.jpg\",\"width\":347,\"height\":450,\"caption\":\"4252.jpg\"},{\"@type\":\"BreadcrumbList\",\"@id\":\"https:\\\/\\\/www.editorialjuventud.es\\\/moletown-la-ciutat-dels-talps-9788426142528\\\/#breadcrumb\",\"itemListElement\":[{\"@type\":\"ListItem\",\"position\":1,\"name\":\"Portada\",\"item\":\"https:\\\/\\\/www.editorialjuventud.es\\\/\"},{\"@type\":\"ListItem\",\"position\":2,\"name\":\"cat\u00e1logo\",\"item\":\"https:\\\/\\\/www.editorialjuventud.es\\\/coleccion\\\/catalogo\\\/\"},{\"@type\":\"ListItem\",\"position\":3,\"name\":\"catal\u00e0\",\"item\":\"https:\\\/\\\/www.editorialjuventud.es\\\/coleccion\\\/catala\\\/\"},{\"@type\":\"ListItem\",\"position\":4,\"name\":\"\u00c0lbums Il\u00b7lustrats\",\"item\":\"https:\\\/\\\/www.editorialjuventud.es\\\/coleccion\\\/albums-il%c2%b7lustrats\\\/\"},{\"@type\":\"ListItem\",\"position\":5,\"name\":\"Ecologia\",\"item\":\"https:\\\/\\\/www.editorialjuventud.es\\\/coleccion\\\/ecologia\\\/\"},{\"@type\":\"ListItem\",\"position\":6,\"name\":\"Moletown. La ciutat dels talps\"}]},{\"@type\":\"WebSite\",\"@id\":\"https:\\\/\\\/www.editorialjuventud.es\\\/#website\",\"url\":\"https:\\\/\\\/www.editorialjuventud.es\\\/\",\"name\":\"Editorial Juventud\",\"description\":\"\",\"potentialAction\":[{\"@type\":\"SearchAction\",\"target\":{\"@type\":\"EntryPoint\",\"urlTemplate\":\"https:\\\/\\\/www.editorialjuventud.es\\\/?s={search_term_string}\"},\"query-input\":{\"@type\":\"PropertyValueSpecification\",\"valueRequired\":true,\"valueName\":\"search_term_string\"}}],\"inLanguage\":\"ca\"}]}<\/script>\n<!-- \/ Yoast SEO plugin. -->","yoast_head_json":{"title":"Moletown. La ciutat dels talps - Editorial Juventud","description":"Al principi, sota aquell prat nom\u00e9s hi vivia un talp, i tot era abund\u00e0ncia. Per\u00f2 aviat arriben m\u00e9s i m\u00e9s talps: les senzilles talperes esdevenen caus","robots":{"index":"index","follow":"follow","max-snippet":"max-snippet:-1","max-image-preview":"max-image-preview:large","max-video-preview":"max-video-preview:-1"},"canonical":"https:\/\/www.editorialjuventud.es\/moletown-la-ciutat-dels-talps-9788426142528\/","og_locale":"ca_ES","og_type":"article","og_title":"Moletown. La ciutat dels talps - Editorial Juventud","og_description":"Al principi, sota aquell prat nom\u00e9s hi vivia un talp, i tot era abund\u00e0ncia. Per\u00f2 aviat arriben m\u00e9s i m\u00e9s talps: les senzilles talperes esdevenen caus","og_url":"https:\/\/www.editorialjuventud.es\/moletown-la-ciutat-dels-talps-9788426142528\/","og_site_name":"Editorial Juventud","article_modified_time":"2025-01-22T12:13:14+00:00","og_image":[{"width":347,"height":450,"url":"https:\/\/www.editorialjuventud.es\/wp-content\/uploads\/4252.jpg","type":"image\/jpeg"}],"twitter_card":"summary_large_image","schema":{"@context":"https:\/\/schema.org","@graph":[{"@type":"WebPage","@id":"https:\/\/www.editorialjuventud.es\/moletown-la-ciutat-dels-talps-9788426142528\/","url":"https:\/\/www.editorialjuventud.es\/moletown-la-ciutat-dels-talps-9788426142528\/","name":"Moletown. La ciutat dels talps - Editorial Juventud","isPartOf":{"@id":"https:\/\/www.editorialjuventud.es\/#website"},"primaryImageOfPage":{"@id":"https:\/\/www.editorialjuventud.es\/moletown-la-ciutat-dels-talps-9788426142528\/#primaryimage"},"image":{"@id":"https:\/\/www.editorialjuventud.es\/moletown-la-ciutat-dels-talps-9788426142528\/#primaryimage"},"thumbnailUrl":"https:\/\/www.editorialjuventud.es\/wp-content\/uploads\/4252.jpg","datePublished":"2018-08-24T09:54:01+00:00","dateModified":"2025-01-22T12:13:14+00:00","description":"Al principi, sota aquell prat nom\u00e9s hi vivia un talp, i tot era abund\u00e0ncia. Per\u00f2 aviat arriben m\u00e9s i m\u00e9s talps: les senzilles talperes esdevenen caus","breadcrumb":{"@id":"https:\/\/www.editorialjuventud.es\/moletown-la-ciutat-dels-talps-9788426142528\/#breadcrumb"},"inLanguage":"ca","potentialAction":[{"@type":"ReadAction","target":["https:\/\/www.editorialjuventud.es\/moletown-la-ciutat-dels-talps-9788426142528\/"]}]},{"@type":"ImageObject","inLanguage":"ca","@id":"https:\/\/www.editorialjuventud.es\/moletown-la-ciutat-dels-talps-9788426142528\/#primaryimage","url":"https:\/\/www.editorialjuventud.es\/wp-content\/uploads\/4252.jpg","contentUrl":"https:\/\/www.editorialjuventud.es\/wp-content\/uploads\/4252.jpg","width":347,"height":450,"caption":"4252.jpg"},{"@type":"BreadcrumbList","@id":"https:\/\/www.editorialjuventud.es\/moletown-la-ciutat-dels-talps-9788426142528\/#breadcrumb","itemListElement":[{"@type":"ListItem","position":1,"name":"Portada","item":"https:\/\/www.editorialjuventud.es\/"},{"@type":"ListItem","position":2,"name":"cat\u00e1logo","item":"https:\/\/www.editorialjuventud.es\/coleccion\/catalogo\/"},{"@type":"ListItem","position":3,"name":"catal\u00e0","item":"https:\/\/www.editorialjuventud.es\/coleccion\/catala\/"},{"@type":"ListItem","position":4,"name":"\u00c0lbums Il\u00b7lustrats","item":"https:\/\/www.editorialjuventud.es\/coleccion\/albums-il%c2%b7lustrats\/"},{"@type":"ListItem","position":5,"name":"Ecologia","item":"https:\/\/www.editorialjuventud.es\/coleccion\/ecologia\/"},{"@type":"ListItem","position":6,"name":"Moletown. La ciutat dels talps"}]},{"@type":"WebSite","@id":"https:\/\/www.editorialjuventud.es\/#website","url":"https:\/\/www.editorialjuventud.es\/","name":"Editorial Juventud","description":"","potentialAction":[{"@type":"SearchAction","target":{"@type":"EntryPoint","urlTemplate":"https:\/\/www.editorialjuventud.es\/?s={search_term_string}"},"query-input":{"@type":"PropertyValueSpecification","valueRequired":true,"valueName":"search_term_string"}}],"inLanguage":"ca"}]}},"_links":{"self":[{"href":"https:\/\/www.editorialjuventud.es\/ca\/wp-json\/wp\/v2\/product\/6112","targetHints":{"allow":["GET"]}}],"collection":[{"href":"https:\/\/www.editorialjuventud.es\/ca\/wp-json\/wp\/v2\/product"}],"about":[{"href":"https:\/\/www.editorialjuventud.es\/ca\/wp-json\/wp\/v2\/types\/product"}],"wp:featuredmedia":[{"embeddable":true,"href":"https:\/\/www.editorialjuventud.es\/ca\/wp-json\/wp\/v2\/media\/16756"}],"wp:attachment":[{"href":"https:\/\/www.editorialjuventud.es\/ca\/wp-json\/wp\/v2\/media?parent=6112"}],"wp:term":[{"taxonomy":"product_brand","embeddable":true,"href":"https:\/\/www.editorialjuventud.es\/ca\/wp-json\/wp\/v2\/product_brand?post=6112"},{"taxonomy":"product_cat","embeddable":true,"href":"https:\/\/www.editorialjuventud.es\/ca\/wp-json\/wp\/v2\/product_cat?post=6112"},{"taxonomy":"product_tag","embeddable":true,"href":"https:\/\/www.editorialjuventud.es\/ca\/wp-json\/wp\/v2\/product_tag?post=6112"},{"taxonomy":"coleccion","embeddable":true,"href":"https:\/\/www.editorialjuventud.es\/ca\/wp-json\/wp\/v2\/coleccion?post=6112"}],"curies":[{"name":"wp","href":"https:\/\/api.w.org\/{rel}","templated":true}]}}