{"id":6111,"date":"2018-08-24T12:53:57","date_gmt":"2018-08-24T10:53:57","guid":{"rendered":"http:\/\/www.editorialjuventud.es\/moletown-la-ciudad-de-los-topos\/"},"modified":"2025-01-22T13:13:08","modified_gmt":"2025-01-22T12:13:08","slug":"moletown-la-ciudad-de-los-topos-9788426142511","status":"publish","type":"product","link":"https:\/\/www.editorialjuventud.es\/ca\/moletown-la-ciudad-de-los-topos-9788426142511\/","title":{"rendered":"Moletown. La ciudad de los topos"},"content":{"rendered":"<p>Al principio, bajo aquel prado solo viv\u00eda un topo. Todo era abundancia. Pronto llegan m\u00e1s y m\u00e1s topos: las simples toperas se convierten en intrincadas madrigueras, y el prado va desapareciendo&#8230;<br \/>Del autor de Lindbergh. La incre\u00edble aventura de un rat\u00f3n volador, llega este cuento ilustrado que, casi sin palabras, ofrece una ventana fascinante a un mundo imaginario, pero inquietantemente familiar, que se esconde bajo nuestros pies. Kulhmann nos alienta con esta obra de arte a una exploraci\u00f3n reflexiva sobre el precario equilibrio entre progreso y preservaci\u00f3n.<\/p>\n","protected":false},"excerpt":{"rendered":"Al principio, bajo aquel prado solo viv\u00eda un topo. Todo era abundancia. Pronto llegan m\u00e1s y m\u00e1s topos: las simples toperas se convierten en intrincadas madrigueras, y el prado va desapareciendo&#8230;Del autor de Lindbergh. La incre\u00edble aventura de un rat\u00f3n [&hellip;]","protected":false},"featured_media":16754,"template":"","meta":{"_acf_changed":false,"_exactmetrics_skip_tracking":false,"_exactmetrics_sitenote_active":false,"_exactmetrics_sitenote_note":"","_exactmetrics_sitenote_category":0},"product_brand":[],"product_cat":[902,1121,1167,1201],"product_tag":[],"coleccion":[991],"class_list":{"0":"post-6111","1":"product","2":"type-product","3":"status-publish","4":"has-post-thumbnail","6":"product_cat-a-partir-de-7-anos","7":"product_cat-albumes-ilustrados","8":"product_cat-ecologia-medio-ambiente","9":"product_cat-naturaleza-biodiversidad","10":"coleccion-ecologia-albumes-ilustrados","12":"first","13":"instock","14":"taxable","15":"shipping-taxable","16":"purchasable","17":"product-type-simple"},"acf":{"autor":"Kuhlmann, Torben","codart":"4251","ediciones":"1","encuadernacion":"Carton\u00e9","fecha_de_publicacion":"01\/11\/2015","novedad":"0","paginas":"32","subtitulo":"La ciudad de los topos","texto_web_adicional":"","texto_web_novedad":"","orden":"999","portada":"0","texto_web_resaltado":"","indice":"","autores-libros":[16448],"ilustradores-libros":[16448],"traductores-libros":"","descripcion_corta":"","recomendamos":"","mas_vendido":"","idioma-libro":"","color":false,"formato":"","mas_informacion_del_producto":false,"premios":false,"texto_enlace_cubierta":"","enlace_cubierta":false,"texto_enlace_ficha_tecnica":"","enlace_ficha_tecnica":{"ID":25909,"id":25909,"title":"moletown","filename":"moletown.pdf","filesize":1625890,"url":"https:\/\/www.editorialjuventud.es\/wp-content\/uploads\/moletown.pdf","link":"https:\/\/www.editorialjuventud.es\/ca\/?attachment_id=25909","alt":"","author":"47","description":"","caption":"","name":"moletown-2","status":"inherit","uploaded_to":6111,"date":"2019-05-22 07:46:10","modified":"2019-05-22 07:46:10","menu_order":0,"mime_type":"application\/pdf","type":"application","subtype":"pdf","icon":"https:\/\/www.editorialjuventud.es\/wp-includes\/images\/media\/document.png"},"ficheros":false,"titulo-fr":"","texto-fr":"","fecha_de_reimpresion":"","deshabilitar_compra":["deshabilitar"]},"yoast_head":"<!-- This site is optimized with the Yoast SEO plugin v27.3 - https:\/\/yoast.com\/product\/yoast-seo-wordpress\/ -->\n<title>Moletown. La ciudad de los topos - Editorial Juventud<\/title>\n<meta name=\"description\" content=\"Al principio, bajo aquel prado solo viv\u00eda un topo. Todo era abundancia. Pronto llegan m\u00e1s y m\u00e1s topos: las simples toperas se convierten en intrincadas\" \/>\n<meta name=\"robots\" content=\"index, follow, max-snippet:-1, max-image-preview:large, max-video-preview:-1\" \/>\n<link rel=\"canonical\" href=\"https:\/\/www.editorialjuventud.es\/moletown-la-ciudad-de-los-topos-9788426142511\/\" \/>\n<meta property=\"og:locale\" content=\"ca_ES\" \/>\n<meta property=\"og:type\" content=\"article\" \/>\n<meta property=\"og:title\" content=\"Moletown. La ciudad de los topos - Editorial Juventud\" \/>\n<meta property=\"og:description\" content=\"Al principio, bajo aquel prado solo viv\u00eda un topo. Todo era abundancia. Pronto llegan m\u00e1s y m\u00e1s topos: las simples toperas se convierten en intrincadas\" \/>\n<meta property=\"og:url\" content=\"https:\/\/www.editorialjuventud.es\/moletown-la-ciudad-de-los-topos-9788426142511\/\" \/>\n<meta property=\"og:site_name\" content=\"Editorial Juventud\" \/>\n<meta property=\"article:modified_time\" content=\"2025-01-22T12:13:08+00:00\" \/>\n<meta property=\"og:image\" content=\"https:\/\/www.editorialjuventud.es\/wp-content\/uploads\/4251.jpg\" \/>\n\t<meta property=\"og:image:width\" content=\"347\" \/>\n\t<meta property=\"og:image:height\" content=\"450\" \/>\n\t<meta property=\"og:image:type\" content=\"image\/jpeg\" \/>\n<meta name=\"twitter:card\" content=\"summary_large_image\" \/>\n<script type=\"application\/ld+json\" class=\"yoast-schema-graph\">{\"@context\":\"https:\\\/\\\/schema.org\",\"@graph\":[{\"@type\":\"WebPage\",\"@id\":\"https:\\\/\\\/www.editorialjuventud.es\\\/moletown-la-ciudad-de-los-topos-9788426142511\\\/\",\"url\":\"https:\\\/\\\/www.editorialjuventud.es\\\/moletown-la-ciudad-de-los-topos-9788426142511\\\/\",\"name\":\"Moletown. La ciudad de los topos - Editorial Juventud\",\"isPartOf\":{\"@id\":\"https:\\\/\\\/www.editorialjuventud.es\\\/#website\"},\"primaryImageOfPage\":{\"@id\":\"https:\\\/\\\/www.editorialjuventud.es\\\/moletown-la-ciudad-de-los-topos-9788426142511\\\/#primaryimage\"},\"image\":{\"@id\":\"https:\\\/\\\/www.editorialjuventud.es\\\/moletown-la-ciudad-de-los-topos-9788426142511\\\/#primaryimage\"},\"thumbnailUrl\":\"https:\\\/\\\/www.editorialjuventud.es\\\/wp-content\\\/uploads\\\/4251.jpg\",\"datePublished\":\"2018-08-24T10:53:57+00:00\",\"dateModified\":\"2025-01-22T12:13:08+00:00\",\"description\":\"Al principio, bajo aquel prado solo viv\u00eda un topo. Todo era abundancia. Pronto llegan m\u00e1s y m\u00e1s topos: las simples toperas se convierten en intrincadas\",\"breadcrumb\":{\"@id\":\"https:\\\/\\\/www.editorialjuventud.es\\\/moletown-la-ciudad-de-los-topos-9788426142511\\\/#breadcrumb\"},\"inLanguage\":\"ca\",\"potentialAction\":[{\"@type\":\"ReadAction\",\"target\":[\"https:\\\/\\\/www.editorialjuventud.es\\\/moletown-la-ciudad-de-los-topos-9788426142511\\\/\"]}]},{\"@type\":\"ImageObject\",\"inLanguage\":\"ca\",\"@id\":\"https:\\\/\\\/www.editorialjuventud.es\\\/moletown-la-ciudad-de-los-topos-9788426142511\\\/#primaryimage\",\"url\":\"https:\\\/\\\/www.editorialjuventud.es\\\/wp-content\\\/uploads\\\/4251.jpg\",\"contentUrl\":\"https:\\\/\\\/www.editorialjuventud.es\\\/wp-content\\\/uploads\\\/4251.jpg\",\"width\":347,\"height\":450,\"caption\":\"4251.jpg\"},{\"@type\":\"BreadcrumbList\",\"@id\":\"https:\\\/\\\/www.editorialjuventud.es\\\/moletown-la-ciudad-de-los-topos-9788426142511\\\/#breadcrumb\",\"itemListElement\":[{\"@type\":\"ListItem\",\"position\":1,\"name\":\"Portada\",\"item\":\"https:\\\/\\\/www.editorialjuventud.es\\\/\"},{\"@type\":\"ListItem\",\"position\":2,\"name\":\"cat\u00e1logo\",\"item\":\"https:\\\/\\\/www.editorialjuventud.es\\\/coleccion\\\/catalogo\\\/\"},{\"@type\":\"ListItem\",\"position\":3,\"name\":\"castellano\",\"item\":\"https:\\\/\\\/www.editorialjuventud.es\\\/coleccion\\\/castellano\\\/\"},{\"@type\":\"ListItem\",\"position\":4,\"name\":\"\u00c1lbumes Ilustrados\",\"item\":\"https:\\\/\\\/www.editorialjuventud.es\\\/coleccion\\\/albumes-ilustrados\\\/\"},{\"@type\":\"ListItem\",\"position\":5,\"name\":\"Ecolog\u00eda\",\"item\":\"https:\\\/\\\/www.editorialjuventud.es\\\/coleccion\\\/ecologia-albumes-ilustrados\\\/\"},{\"@type\":\"ListItem\",\"position\":6,\"name\":\"Moletown. La ciudad de los topos\"}]},{\"@type\":\"WebSite\",\"@id\":\"https:\\\/\\\/www.editorialjuventud.es\\\/#website\",\"url\":\"https:\\\/\\\/www.editorialjuventud.es\\\/\",\"name\":\"Editorial Juventud\",\"description\":\"\",\"potentialAction\":[{\"@type\":\"SearchAction\",\"target\":{\"@type\":\"EntryPoint\",\"urlTemplate\":\"https:\\\/\\\/www.editorialjuventud.es\\\/?s={search_term_string}\"},\"query-input\":{\"@type\":\"PropertyValueSpecification\",\"valueRequired\":true,\"valueName\":\"search_term_string\"}}],\"inLanguage\":\"ca\"}]}<\/script>\n<!-- \/ Yoast SEO plugin. -->","yoast_head_json":{"title":"Moletown. La ciudad de los topos - Editorial Juventud","description":"Al principio, bajo aquel prado solo viv\u00eda un topo. Todo era abundancia. Pronto llegan m\u00e1s y m\u00e1s topos: las simples toperas se convierten en intrincadas","robots":{"index":"index","follow":"follow","max-snippet":"max-snippet:-1","max-image-preview":"max-image-preview:large","max-video-preview":"max-video-preview:-1"},"canonical":"https:\/\/www.editorialjuventud.es\/moletown-la-ciudad-de-los-topos-9788426142511\/","og_locale":"ca_ES","og_type":"article","og_title":"Moletown. La ciudad de los topos - Editorial Juventud","og_description":"Al principio, bajo aquel prado solo viv\u00eda un topo. Todo era abundancia. Pronto llegan m\u00e1s y m\u00e1s topos: las simples toperas se convierten en intrincadas","og_url":"https:\/\/www.editorialjuventud.es\/moletown-la-ciudad-de-los-topos-9788426142511\/","og_site_name":"Editorial Juventud","article_modified_time":"2025-01-22T12:13:08+00:00","og_image":[{"width":347,"height":450,"url":"https:\/\/www.editorialjuventud.es\/wp-content\/uploads\/4251.jpg","type":"image\/jpeg"}],"twitter_card":"summary_large_image","schema":{"@context":"https:\/\/schema.org","@graph":[{"@type":"WebPage","@id":"https:\/\/www.editorialjuventud.es\/moletown-la-ciudad-de-los-topos-9788426142511\/","url":"https:\/\/www.editorialjuventud.es\/moletown-la-ciudad-de-los-topos-9788426142511\/","name":"Moletown. La ciudad de los topos - Editorial Juventud","isPartOf":{"@id":"https:\/\/www.editorialjuventud.es\/#website"},"primaryImageOfPage":{"@id":"https:\/\/www.editorialjuventud.es\/moletown-la-ciudad-de-los-topos-9788426142511\/#primaryimage"},"image":{"@id":"https:\/\/www.editorialjuventud.es\/moletown-la-ciudad-de-los-topos-9788426142511\/#primaryimage"},"thumbnailUrl":"https:\/\/www.editorialjuventud.es\/wp-content\/uploads\/4251.jpg","datePublished":"2018-08-24T10:53:57+00:00","dateModified":"2025-01-22T12:13:08+00:00","description":"Al principio, bajo aquel prado solo viv\u00eda un topo. Todo era abundancia. Pronto llegan m\u00e1s y m\u00e1s topos: las simples toperas se convierten en intrincadas","breadcrumb":{"@id":"https:\/\/www.editorialjuventud.es\/moletown-la-ciudad-de-los-topos-9788426142511\/#breadcrumb"},"inLanguage":"ca","potentialAction":[{"@type":"ReadAction","target":["https:\/\/www.editorialjuventud.es\/moletown-la-ciudad-de-los-topos-9788426142511\/"]}]},{"@type":"ImageObject","inLanguage":"ca","@id":"https:\/\/www.editorialjuventud.es\/moletown-la-ciudad-de-los-topos-9788426142511\/#primaryimage","url":"https:\/\/www.editorialjuventud.es\/wp-content\/uploads\/4251.jpg","contentUrl":"https:\/\/www.editorialjuventud.es\/wp-content\/uploads\/4251.jpg","width":347,"height":450,"caption":"4251.jpg"},{"@type":"BreadcrumbList","@id":"https:\/\/www.editorialjuventud.es\/moletown-la-ciudad-de-los-topos-9788426142511\/#breadcrumb","itemListElement":[{"@type":"ListItem","position":1,"name":"Portada","item":"https:\/\/www.editorialjuventud.es\/"},{"@type":"ListItem","position":2,"name":"cat\u00e1logo","item":"https:\/\/www.editorialjuventud.es\/coleccion\/catalogo\/"},{"@type":"ListItem","position":3,"name":"castellano","item":"https:\/\/www.editorialjuventud.es\/coleccion\/castellano\/"},{"@type":"ListItem","position":4,"name":"\u00c1lbumes Ilustrados","item":"https:\/\/www.editorialjuventud.es\/coleccion\/albumes-ilustrados\/"},{"@type":"ListItem","position":5,"name":"Ecolog\u00eda","item":"https:\/\/www.editorialjuventud.es\/coleccion\/ecologia-albumes-ilustrados\/"},{"@type":"ListItem","position":6,"name":"Moletown. La ciudad de los topos"}]},{"@type":"WebSite","@id":"https:\/\/www.editorialjuventud.es\/#website","url":"https:\/\/www.editorialjuventud.es\/","name":"Editorial Juventud","description":"","potentialAction":[{"@type":"SearchAction","target":{"@type":"EntryPoint","urlTemplate":"https:\/\/www.editorialjuventud.es\/?s={search_term_string}"},"query-input":{"@type":"PropertyValueSpecification","valueRequired":true,"valueName":"search_term_string"}}],"inLanguage":"ca"}]}},"_links":{"self":[{"href":"https:\/\/www.editorialjuventud.es\/ca\/wp-json\/wp\/v2\/product\/6111","targetHints":{"allow":["GET"]}}],"collection":[{"href":"https:\/\/www.editorialjuventud.es\/ca\/wp-json\/wp\/v2\/product"}],"about":[{"href":"https:\/\/www.editorialjuventud.es\/ca\/wp-json\/wp\/v2\/types\/product"}],"wp:featuredmedia":[{"embeddable":true,"href":"https:\/\/www.editorialjuventud.es\/ca\/wp-json\/wp\/v2\/media\/16754"}],"wp:attachment":[{"href":"https:\/\/www.editorialjuventud.es\/ca\/wp-json\/wp\/v2\/media?parent=6111"}],"wp:term":[{"taxonomy":"product_brand","embeddable":true,"href":"https:\/\/www.editorialjuventud.es\/ca\/wp-json\/wp\/v2\/product_brand?post=6111"},{"taxonomy":"product_cat","embeddable":true,"href":"https:\/\/www.editorialjuventud.es\/ca\/wp-json\/wp\/v2\/product_cat?post=6111"},{"taxonomy":"product_tag","embeddable":true,"href":"https:\/\/www.editorialjuventud.es\/ca\/wp-json\/wp\/v2\/product_tag?post=6111"},{"taxonomy":"coleccion","embeddable":true,"href":"https:\/\/www.editorialjuventud.es\/ca\/wp-json\/wp\/v2\/coleccion?post=6111"}],"curies":[{"name":"wp","href":"https:\/\/api.w.org\/{rel}","templated":true}]}}