{"id":6102,"date":"2018-08-24T11:53:15","date_gmt":"2018-08-24T09:53:15","guid":{"rendered":"http:\/\/www.editorialjuventud.es\/el-muro\/"},"modified":"2025-01-22T13:13:52","modified_gmt":"2025-01-22T12:13:52","slug":"el-muro-9788426142412","status":"publish","type":"product","link":"https:\/\/www.editorialjuventud.es\/ca\/el-muro-9788426142412\/","title":{"rendered":"El muro"},"content":{"rendered":"<p>Desde hace alg\u00fan tiempo, los elefantes de orejas peque\u00f1as y los elefantes de orejas grandes se miran unos a otros de forma un tanto extra\u00f1a e inquietante. Con los meses de sequ\u00eda, el alimento escasea en el Valle del Okavango, y los elefantes de orejas peque\u00f1as deciden construir un muro para preservar su tierra y su comida&#8230; Pero esta construcci\u00f3n desencadena una serie de desastres para el resto de habitantes de la sabana y para los mismos elefantes&#8230; Una bonita f\u00e1bula sobre los l\u00edmites de las fronteras y los prejuicios. En homenaje a su amigo e ilustrador David McKee y de su libro Tusk Tusk, Javier Sobrino ha hilado este cuento sobre la convivencia y como alegor\u00eda del mundo que ha creado el ser humano. Un libro para ayudar a los m\u00e1s j\u00f3venes a reflexionar sobre la convivencia, sus l\u00edmites y sobre la naturaleza intr\u00ednseca del hombre.                             Por cada libro vendido ser\u00e1n donados 0,50 \u20ac a la ONG Proactiva Open Arms.<\/p>\n","protected":false},"excerpt":{"rendered":"Desde hace alg\u00fan tiempo, los elefantes de orejas peque\u00f1as y los elefantes de orejas grandes se miran unos a otros de forma un tanto extra\u00f1a e inquietante. Con los meses de sequ\u00eda, el alimento escasea en el Valle del Okavango, [&hellip;]","protected":false},"featured_media":16736,"template":"","meta":{"_acf_changed":false,"_exactmetrics_skip_tracking":false,"_exactmetrics_sitenote_active":false,"_exactmetrics_sitenote_note":"","_exactmetrics_sitenote_category":0},"product_brand":[],"product_cat":[902,1132,1121,1156,1176],"product_tag":[],"coleccion":[988],"class_list":{"0":"post-6102","1":"product","2":"type-product","3":"status-publish","4":"has-post-thumbnail","6":"product_cat-a-partir-de-7-anos","7":"product_cat-africa","8":"product_cat-albumes-ilustrados","9":"product_cat-cooperacion","10":"product_cat-fronteras","11":"coleccion-convivencia-y-multiculturalidad","13":"first","14":"instock","15":"taxable","16":"shipping-taxable","17":"purchasable","18":"product-type-simple"},"acf":{"autor":"Sobrino, Javier. - Novi, Nathalie","codart":"4241","ediciones":"1","encuadernacion":"Carton\u00e9","fecha_de_publicacion":"01\/06\/2015","novedad":"0","paginas":"32","subtitulo":"","texto_web_adicional":"","texto_web_novedad":"","orden":"999","portada":"0","texto_web_resaltado":"","indice":"","autores-libros":[16623],"ilustradores-libros":[17954],"traductores-libros":"","descripcion_corta":"","recomendamos":"","mas_vendido":"","color":false,"formato":"","mas_informacion_del_producto":false,"premios":false,"texto_enlace_cubierta":"","enlace_cubierta":false,"texto_enlace_ficha_tecnica":"","enlace_ficha_tecnica":false,"ficheros":false,"titulo-fr":"The Wall","texto-fr":"<p><img loading=\"lazy\" decoding=\"async\" class=\"aligncenter size-full wp-image-24683\" src=\"http:\/\/www.editorialjuventud.es\/wp-content\/uploads\/7-1.png\" alt=\"\" width=\"43\" height=\"43\" \/><\/p>\n<p>For some time now, small-eared elephants and big-eared elephants have looked at each other<br \/>\nin a strange and disturbing way. During the dry season, it is not easy to find food in the valley of Okavango. All the animals fight for something to eat: giraffes fight with zebras, rhinos fight with hippos&#8230; But elephants fighting is the worst&#8230;<\/p>\n<hr \/>\n<h6><\/h6>\n<p><img loading=\"lazy\" decoding=\"async\" class=\"alignnone size-full wp-image-19165\" src=\"http:\/\/www.editorialjuventud.es\/wp-content\/uploads\/Javier-Sobrino-1.jpg\" alt=\"\" width=\"148\" height=\"147\" srcset=\"https:\/\/www.editorialjuventud.es\/wp-content\/uploads\/Javier-Sobrino-1.jpg 148w, https:\/\/www.editorialjuventud.es\/wp-content\/uploads\/Javier-Sobrino-1-100x100.jpg 100w\" sizes=\"auto, (max-width: 148px) 100vw, 148px\" \/><\/p>\n<h2><strong>Javier Sobrino<\/strong><\/h2>\n<h6><\/h6>\n<p>He is a national benchmark in child and youth Spanish literature and in the area of education. Every time he sees for the first time the images that illustrators paint with his words, and makes his dream of publishing a new book come true, he feels really lucky.<\/p>\n<hr \/>\n<h5><span style=\"text-decoration: underline;\"><strong>\u203a\u00a0<a href=\"http:\/\/www.editorialjuventud.es\/wp-content\/uploads\/Ficha-FR-The-Wall.pdf\" target=\"_blank\" rel=\"noopener\">Fact Sheet<\/a><\/strong><\/span><\/h5>\n","idioma-libro":""},"yoast_head":"<!-- This site is optimized with the Yoast SEO plugin v27.3 - https:\/\/yoast.com\/product\/yoast-seo-wordpress\/ -->\n<title>El muro - Editorial Juventud<\/title>\n<meta name=\"description\" content=\"Desde hace alg\u00fan tiempo, los elefantes de orejas peque\u00f1as y los elefantes de orejas grandes se miran unos a otros de forma un tanto extra\u00f1a e inquietante.\" \/>\n<meta name=\"robots\" content=\"index, follow, max-snippet:-1, max-image-preview:large, max-video-preview:-1\" \/>\n<link rel=\"canonical\" href=\"https:\/\/www.editorialjuventud.es\/el-muro-9788426142412\/\" \/>\n<meta property=\"og:locale\" content=\"ca_ES\" \/>\n<meta property=\"og:type\" content=\"article\" \/>\n<meta property=\"og:title\" content=\"El muro - Editorial Juventud\" \/>\n<meta property=\"og:description\" content=\"Desde hace alg\u00fan tiempo, los elefantes de orejas peque\u00f1as y los elefantes de orejas grandes se miran unos a otros de forma un tanto extra\u00f1a e inquietante.\" \/>\n<meta property=\"og:url\" content=\"https:\/\/www.editorialjuventud.es\/el-muro-9788426142412\/\" \/>\n<meta property=\"og:site_name\" content=\"Editorial Juventud\" \/>\n<meta property=\"article:modified_time\" content=\"2025-01-22T12:13:52+00:00\" \/>\n<meta property=\"og:image\" content=\"https:\/\/www.editorialjuventud.es\/wp-content\/uploads\/4241.jpg\" \/>\n\t<meta property=\"og:image:width\" content=\"315\" \/>\n\t<meta property=\"og:image:height\" content=\"450\" \/>\n\t<meta property=\"og:image:type\" content=\"image\/jpeg\" \/>\n<meta name=\"twitter:card\" content=\"summary_large_image\" \/>\n<meta name=\"twitter:label1\" content=\"Temps estimat de lectura\" \/>\n\t<meta name=\"twitter:data1\" content=\"1 minut\" \/>\n<script type=\"application\/ld+json\" class=\"yoast-schema-graph\">{\"@context\":\"https:\\\/\\\/schema.org\",\"@graph\":[{\"@type\":\"WebPage\",\"@id\":\"https:\\\/\\\/www.editorialjuventud.es\\\/el-muro-9788426142412\\\/\",\"url\":\"https:\\\/\\\/www.editorialjuventud.es\\\/el-muro-9788426142412\\\/\",\"name\":\"El muro - Editorial Juventud\",\"isPartOf\":{\"@id\":\"https:\\\/\\\/www.editorialjuventud.es\\\/#website\"},\"primaryImageOfPage\":{\"@id\":\"https:\\\/\\\/www.editorialjuventud.es\\\/el-muro-9788426142412\\\/#primaryimage\"},\"image\":{\"@id\":\"https:\\\/\\\/www.editorialjuventud.es\\\/el-muro-9788426142412\\\/#primaryimage\"},\"thumbnailUrl\":\"https:\\\/\\\/www.editorialjuventud.es\\\/wp-content\\\/uploads\\\/4241.jpg\",\"datePublished\":\"2018-08-24T09:53:15+00:00\",\"dateModified\":\"2025-01-22T12:13:52+00:00\",\"description\":\"Desde hace alg\u00fan tiempo, los elefantes de orejas peque\u00f1as y los elefantes de orejas grandes se miran unos a otros de forma un tanto extra\u00f1a e inquietante.\",\"breadcrumb\":{\"@id\":\"https:\\\/\\\/www.editorialjuventud.es\\\/el-muro-9788426142412\\\/#breadcrumb\"},\"inLanguage\":\"ca\",\"potentialAction\":[{\"@type\":\"ReadAction\",\"target\":[\"https:\\\/\\\/www.editorialjuventud.es\\\/el-muro-9788426142412\\\/\"]}]},{\"@type\":\"ImageObject\",\"inLanguage\":\"ca\",\"@id\":\"https:\\\/\\\/www.editorialjuventud.es\\\/el-muro-9788426142412\\\/#primaryimage\",\"url\":\"https:\\\/\\\/www.editorialjuventud.es\\\/wp-content\\\/uploads\\\/4241.jpg\",\"contentUrl\":\"https:\\\/\\\/www.editorialjuventud.es\\\/wp-content\\\/uploads\\\/4241.jpg\",\"width\":315,\"height\":450,\"caption\":\"4241.jpg\"},{\"@type\":\"BreadcrumbList\",\"@id\":\"https:\\\/\\\/www.editorialjuventud.es\\\/el-muro-9788426142412\\\/#breadcrumb\",\"itemListElement\":[{\"@type\":\"ListItem\",\"position\":1,\"name\":\"Portada\",\"item\":\"https:\\\/\\\/www.editorialjuventud.es\\\/\"},{\"@type\":\"ListItem\",\"position\":2,\"name\":\"cat\u00e1logo\",\"item\":\"https:\\\/\\\/www.editorialjuventud.es\\\/coleccion\\\/catalogo\\\/\"},{\"@type\":\"ListItem\",\"position\":3,\"name\":\"castellano\",\"item\":\"https:\\\/\\\/www.editorialjuventud.es\\\/coleccion\\\/castellano\\\/\"},{\"@type\":\"ListItem\",\"position\":4,\"name\":\"\u00c1lbumes Ilustrados\",\"item\":\"https:\\\/\\\/www.editorialjuventud.es\\\/coleccion\\\/albumes-ilustrados\\\/\"},{\"@type\":\"ListItem\",\"position\":5,\"name\":\"Convivencia y Multiculturalidad\",\"item\":\"https:\\\/\\\/www.editorialjuventud.es\\\/coleccion\\\/convivencia-y-multiculturalidad\\\/\"},{\"@type\":\"ListItem\",\"position\":6,\"name\":\"El muro\"}]},{\"@type\":\"WebSite\",\"@id\":\"https:\\\/\\\/www.editorialjuventud.es\\\/#website\",\"url\":\"https:\\\/\\\/www.editorialjuventud.es\\\/\",\"name\":\"Editorial Juventud\",\"description\":\"\",\"potentialAction\":[{\"@type\":\"SearchAction\",\"target\":{\"@type\":\"EntryPoint\",\"urlTemplate\":\"https:\\\/\\\/www.editorialjuventud.es\\\/?s={search_term_string}\"},\"query-input\":{\"@type\":\"PropertyValueSpecification\",\"valueRequired\":true,\"valueName\":\"search_term_string\"}}],\"inLanguage\":\"ca\"}]}<\/script>\n<!-- \/ Yoast SEO plugin. -->","yoast_head_json":{"title":"El muro - Editorial Juventud","description":"Desde hace alg\u00fan tiempo, los elefantes de orejas peque\u00f1as y los elefantes de orejas grandes se miran unos a otros de forma un tanto extra\u00f1a e inquietante.","robots":{"index":"index","follow":"follow","max-snippet":"max-snippet:-1","max-image-preview":"max-image-preview:large","max-video-preview":"max-video-preview:-1"},"canonical":"https:\/\/www.editorialjuventud.es\/el-muro-9788426142412\/","og_locale":"ca_ES","og_type":"article","og_title":"El muro - Editorial Juventud","og_description":"Desde hace alg\u00fan tiempo, los elefantes de orejas peque\u00f1as y los elefantes de orejas grandes se miran unos a otros de forma un tanto extra\u00f1a e inquietante.","og_url":"https:\/\/www.editorialjuventud.es\/el-muro-9788426142412\/","og_site_name":"Editorial Juventud","article_modified_time":"2025-01-22T12:13:52+00:00","og_image":[{"width":315,"height":450,"url":"https:\/\/www.editorialjuventud.es\/wp-content\/uploads\/4241.jpg","type":"image\/jpeg"}],"twitter_card":"summary_large_image","twitter_misc":{"Temps estimat de lectura":"1 minut"},"schema":{"@context":"https:\/\/schema.org","@graph":[{"@type":"WebPage","@id":"https:\/\/www.editorialjuventud.es\/el-muro-9788426142412\/","url":"https:\/\/www.editorialjuventud.es\/el-muro-9788426142412\/","name":"El muro - Editorial Juventud","isPartOf":{"@id":"https:\/\/www.editorialjuventud.es\/#website"},"primaryImageOfPage":{"@id":"https:\/\/www.editorialjuventud.es\/el-muro-9788426142412\/#primaryimage"},"image":{"@id":"https:\/\/www.editorialjuventud.es\/el-muro-9788426142412\/#primaryimage"},"thumbnailUrl":"https:\/\/www.editorialjuventud.es\/wp-content\/uploads\/4241.jpg","datePublished":"2018-08-24T09:53:15+00:00","dateModified":"2025-01-22T12:13:52+00:00","description":"Desde hace alg\u00fan tiempo, los elefantes de orejas peque\u00f1as y los elefantes de orejas grandes se miran unos a otros de forma un tanto extra\u00f1a e inquietante.","breadcrumb":{"@id":"https:\/\/www.editorialjuventud.es\/el-muro-9788426142412\/#breadcrumb"},"inLanguage":"ca","potentialAction":[{"@type":"ReadAction","target":["https:\/\/www.editorialjuventud.es\/el-muro-9788426142412\/"]}]},{"@type":"ImageObject","inLanguage":"ca","@id":"https:\/\/www.editorialjuventud.es\/el-muro-9788426142412\/#primaryimage","url":"https:\/\/www.editorialjuventud.es\/wp-content\/uploads\/4241.jpg","contentUrl":"https:\/\/www.editorialjuventud.es\/wp-content\/uploads\/4241.jpg","width":315,"height":450,"caption":"4241.jpg"},{"@type":"BreadcrumbList","@id":"https:\/\/www.editorialjuventud.es\/el-muro-9788426142412\/#breadcrumb","itemListElement":[{"@type":"ListItem","position":1,"name":"Portada","item":"https:\/\/www.editorialjuventud.es\/"},{"@type":"ListItem","position":2,"name":"cat\u00e1logo","item":"https:\/\/www.editorialjuventud.es\/coleccion\/catalogo\/"},{"@type":"ListItem","position":3,"name":"castellano","item":"https:\/\/www.editorialjuventud.es\/coleccion\/castellano\/"},{"@type":"ListItem","position":4,"name":"\u00c1lbumes Ilustrados","item":"https:\/\/www.editorialjuventud.es\/coleccion\/albumes-ilustrados\/"},{"@type":"ListItem","position":5,"name":"Convivencia y Multiculturalidad","item":"https:\/\/www.editorialjuventud.es\/coleccion\/convivencia-y-multiculturalidad\/"},{"@type":"ListItem","position":6,"name":"El muro"}]},{"@type":"WebSite","@id":"https:\/\/www.editorialjuventud.es\/#website","url":"https:\/\/www.editorialjuventud.es\/","name":"Editorial Juventud","description":"","potentialAction":[{"@type":"SearchAction","target":{"@type":"EntryPoint","urlTemplate":"https:\/\/www.editorialjuventud.es\/?s={search_term_string}"},"query-input":{"@type":"PropertyValueSpecification","valueRequired":true,"valueName":"search_term_string"}}],"inLanguage":"ca"}]}},"_links":{"self":[{"href":"https:\/\/www.editorialjuventud.es\/ca\/wp-json\/wp\/v2\/product\/6102","targetHints":{"allow":["GET"]}}],"collection":[{"href":"https:\/\/www.editorialjuventud.es\/ca\/wp-json\/wp\/v2\/product"}],"about":[{"href":"https:\/\/www.editorialjuventud.es\/ca\/wp-json\/wp\/v2\/types\/product"}],"wp:featuredmedia":[{"embeddable":true,"href":"https:\/\/www.editorialjuventud.es\/ca\/wp-json\/wp\/v2\/media\/16736"}],"wp:attachment":[{"href":"https:\/\/www.editorialjuventud.es\/ca\/wp-json\/wp\/v2\/media?parent=6102"}],"wp:term":[{"taxonomy":"product_brand","embeddable":true,"href":"https:\/\/www.editorialjuventud.es\/ca\/wp-json\/wp\/v2\/product_brand?post=6102"},{"taxonomy":"product_cat","embeddable":true,"href":"https:\/\/www.editorialjuventud.es\/ca\/wp-json\/wp\/v2\/product_cat?post=6102"},{"taxonomy":"product_tag","embeddable":true,"href":"https:\/\/www.editorialjuventud.es\/ca\/wp-json\/wp\/v2\/product_tag?post=6102"},{"taxonomy":"coleccion","embeddable":true,"href":"https:\/\/www.editorialjuventud.es\/ca\/wp-json\/wp\/v2\/coleccion?post=6102"}],"curies":[{"name":"wp","href":"https:\/\/api.w.org\/{rel}","templated":true}]}}