{"id":6091,"date":"2018-08-24T13:52:28","date_gmt":"2018-08-24T09:52:28","guid":{"rendered":"http:\/\/www.editorialjuventud.es\/ojo-de-pez\/"},"modified":"2023-07-04T13:33:21","modified_gmt":"2023-07-04T11:33:21","slug":"ojo-de-pez-9788426142283","status":"publish","type":"product","link":"https:\/\/www.editorialjuventud.es\/ca\/ojo-de-pez-9788426142283\/","title":{"rendered":"Ojo de pez"},"content":{"rendered":"<p>Un delito ecol\u00f3gico de alcance internacional. Un asesinato sin resolver. Una novela negra, de humor negro, en un lugar ennegrecido por la codicia humana. Una cicatriz en el mar. Como escenario una Cartagena portuaria, s\u00f3rdida, contaminada y oscura, que en nada pod\u00eda presagiar la hermosa ciudad que ser\u00eda tres d\u00e9cadas despu\u00e9s. Ojo de pez es una novela policiaca en la que se entrelaza la ficci\u00f3n y la realidad, y cuyo argumento se desarrolla alrededor del desastre medioambiental que supuso la colmataci\u00f3n de la bah\u00eda de Portm\u00e1n (La Uni\u00f3n, Murcia), causada por los continuos vertidos al Mediterr\u00e1neo que realizaba la &#8220;Sociedad Minero Metal\u00fargica de Pe\u00f1arroya&#8221;. El relato denuncia la herida causada al mar que ba\u00f1a la regi\u00f3n y la verg\u00fcenza que supone que, transcurridos treinta a\u00f1os desde la paralizaci\u00f3n de los vertidos, la llaga todav\u00eda permanezca abierta. Con una narrativa \u00e1gil y atrayente, con personajes muy bien marcados y enteramente veros\u00edmiles y con buenas dosis de humor negro, el autor nos traslada a la d\u00e9cada de los a\u00f1os ochenta del pasado siglo, adoptando la personalidad de Lucas Daireh, Inspector de la Brigada de Homicidios de la Polic\u00eda Nacional, al que le es asignada la investigaci\u00f3n de la muerte de una joven, cuyo cad\u00e1ver aparece sobre la arena de una playa. Conforme Daireh -buen polic\u00eda, aunque con un car\u00e1cter un tanto singular- avanza en su investigaci\u00f3n, adentr\u00e1ndose en el desastre y los enfrentamientos encabezados por organizaciones defensoras de la naturaleza, pescadores y simples ciudadanos contra la empresa responsable de los vertidos y, por ende, contra las fuerzas de seguridad, su justificada implicaci\u00f3n personal lo llevar\u00e1 a enfrentarse con determinados individuos de su misma profesi\u00f3n.<\/p>\n","protected":false},"excerpt":{"rendered":"Un delito ecol\u00f3gico de alcance internacional. Un asesinato sin resolver. Una novela negra, de humor negro, en un lugar ennegrecido por la codicia humana. Una cicatriz en el mar. Como escenario una Cartagena portuaria, s\u00f3rdida, contaminada y oscura, que en [&hellip;]","protected":false},"featured_media":17088,"template":"","meta":{"_acf_changed":false,"_exactmetrics_skip_tracking":false,"_exactmetrics_sitenote_active":false,"_exactmetrics_sitenote_note":"","_exactmetrics_sitenote_category":0},"product_brand":[],"product_cat":[905,892,1115,1120],"product_tag":[],"coleccion":[916,936,1088,1081],"class_list":{"0":"post-6091","1":"product","2":"type-product","3":"status-publish","4":"has-post-thumbnail","6":"product_cat-adulto","7":"product_cat-edades","8":"product_cat-generos","9":"product_cat-nautica","10":"coleccion-castellano","11":"coleccion-lecturas-en-torno-al-mar","12":"coleccion-narrativa-maritima-lecturas-entorno-al-mar","13":"coleccion-nostromo-la-aventura-maritima","15":"first","16":"instock","17":"taxable","18":"shipping-taxable","19":"purchasable","20":"product-type-simple"},"acf":{"autores-libros":[16592]},"yoast_head":"<!-- This site is optimized with the Yoast SEO plugin v27.5 - https:\/\/yoast.com\/product\/yoast-seo-wordpress\/ -->\n<title>Ojo de pez - Editorial Juventud<\/title>\n<meta name=\"description\" content=\"Un delito ecol\u00f3gico de alcance internacional. Un asesinato sin resolver. Una novela negra, de humor negro, en un lugar ennegrecido por la codicia humana.\" \/>\n<meta name=\"robots\" content=\"index, follow, max-snippet:-1, max-image-preview:large, max-video-preview:-1\" \/>\n<link rel=\"canonical\" href=\"https:\/\/www.editorialjuventud.es\/ojo-de-pez-9788426142283\/\" \/>\n<meta property=\"og:locale\" content=\"ca_ES\" \/>\n<meta property=\"og:type\" content=\"article\" \/>\n<meta property=\"og:title\" content=\"Ojo de pez - Editorial Juventud\" \/>\n<meta property=\"og:description\" content=\"Un delito ecol\u00f3gico de alcance internacional. Un asesinato sin resolver. Una novela negra, de humor negro, en un lugar ennegrecido por la codicia humana.\" \/>\n<meta property=\"og:url\" content=\"https:\/\/www.editorialjuventud.es\/ojo-de-pez-9788426142283\/\" \/>\n<meta property=\"og:site_name\" content=\"Editorial Juventud\" \/>\n<meta property=\"article:modified_time\" content=\"2023-07-04T11:33:21+00:00\" \/>\n<meta property=\"og:image\" content=\"https:\/\/www.editorialjuventud.es\/wp-content\/uploads\/4228.jpg\" \/>\n\t<meta property=\"og:image:width\" content=\"290\" \/>\n\t<meta property=\"og:image:height\" content=\"450\" \/>\n\t<meta property=\"og:image:type\" content=\"image\/jpeg\" \/>\n<meta name=\"twitter:card\" content=\"summary_large_image\" \/>\n<meta name=\"twitter:label1\" content=\"Temps estimat de lectura\" \/>\n\t<meta name=\"twitter:data1\" content=\"2 minuts\" \/>\n<script type=\"application\/ld+json\" class=\"yoast-schema-graph\">{\"@context\":\"https:\\\/\\\/schema.org\",\"@graph\":[{\"@type\":\"WebPage\",\"@id\":\"https:\\\/\\\/www.editorialjuventud.es\\\/ojo-de-pez-9788426142283\\\/\",\"url\":\"https:\\\/\\\/www.editorialjuventud.es\\\/ojo-de-pez-9788426142283\\\/\",\"name\":\"Ojo de pez - Editorial Juventud\",\"isPartOf\":{\"@id\":\"https:\\\/\\\/www.editorialjuventud.es\\\/#website\"},\"primaryImageOfPage\":{\"@id\":\"https:\\\/\\\/www.editorialjuventud.es\\\/ojo-de-pez-9788426142283\\\/#primaryimage\"},\"image\":{\"@id\":\"https:\\\/\\\/www.editorialjuventud.es\\\/ojo-de-pez-9788426142283\\\/#primaryimage\"},\"thumbnailUrl\":\"https:\\\/\\\/www.editorialjuventud.es\\\/wp-content\\\/uploads\\\/4228.jpg\",\"datePublished\":\"2018-08-24T09:52:28+00:00\",\"dateModified\":\"2023-07-04T11:33:21+00:00\",\"description\":\"Un delito ecol\u00f3gico de alcance internacional. Un asesinato sin resolver. Una novela negra, de humor negro, en un lugar ennegrecido por la codicia humana.\",\"breadcrumb\":{\"@id\":\"https:\\\/\\\/www.editorialjuventud.es\\\/ojo-de-pez-9788426142283\\\/#breadcrumb\"},\"inLanguage\":\"ca\",\"potentialAction\":[{\"@type\":\"ReadAction\",\"target\":[\"https:\\\/\\\/www.editorialjuventud.es\\\/ojo-de-pez-9788426142283\\\/\"]}]},{\"@type\":\"ImageObject\",\"inLanguage\":\"ca\",\"@id\":\"https:\\\/\\\/www.editorialjuventud.es\\\/ojo-de-pez-9788426142283\\\/#primaryimage\",\"url\":\"https:\\\/\\\/www.editorialjuventud.es\\\/wp-content\\\/uploads\\\/4228.jpg\",\"contentUrl\":\"https:\\\/\\\/www.editorialjuventud.es\\\/wp-content\\\/uploads\\\/4228.jpg\",\"width\":290,\"height\":450,\"caption\":\"4228.jpg\"},{\"@type\":\"BreadcrumbList\",\"@id\":\"https:\\\/\\\/www.editorialjuventud.es\\\/ojo-de-pez-9788426142283\\\/#breadcrumb\",\"itemListElement\":[{\"@type\":\"ListItem\",\"position\":1,\"name\":\"Portada\",\"item\":\"https:\\\/\\\/www.editorialjuventud.es\\\/\"},{\"@type\":\"ListItem\",\"position\":2,\"name\":\"cat\u00e1logo\",\"item\":\"https:\\\/\\\/www.editorialjuventud.es\\\/coleccion\\\/catalogo\\\/\"},{\"@type\":\"ListItem\",\"position\":3,\"name\":\"castellano\",\"item\":\"https:\\\/\\\/www.editorialjuventud.es\\\/coleccion\\\/castellano\\\/\"},{\"@type\":\"ListItem\",\"position\":4,\"name\":\"Lecturas En torno al Mar\",\"item\":\"https:\\\/\\\/www.editorialjuventud.es\\\/coleccion\\\/lecturas-en-torno-al-mar\\\/\"},{\"@type\":\"ListItem\",\"position\":5,\"name\":\"Narrativa Mar\u00edtima\",\"item\":\"https:\\\/\\\/www.editorialjuventud.es\\\/ca\\\/coleccion\\\/narrativa-maritima-lecturas-entorno-al-mar\\\/\"},{\"@type\":\"ListItem\",\"position\":6,\"name\":\"Nostromo. La Aventura Mar\u00edtima\",\"item\":\"https:\\\/\\\/www.editorialjuventud.es\\\/ca\\\/coleccion\\\/nostromo-la-aventura-maritima\\\/\"},{\"@type\":\"ListItem\",\"position\":7,\"name\":\"Ojo de pez\"}]},{\"@type\":\"WebSite\",\"@id\":\"https:\\\/\\\/www.editorialjuventud.es\\\/#website\",\"url\":\"https:\\\/\\\/www.editorialjuventud.es\\\/\",\"name\":\"Editorial Juventud\",\"description\":\"\",\"potentialAction\":[{\"@type\":\"SearchAction\",\"target\":{\"@type\":\"EntryPoint\",\"urlTemplate\":\"https:\\\/\\\/www.editorialjuventud.es\\\/?s={search_term_string}\"},\"query-input\":{\"@type\":\"PropertyValueSpecification\",\"valueRequired\":true,\"valueName\":\"search_term_string\"}}],\"inLanguage\":\"ca\"}]}<\/script>\n<!-- \/ Yoast SEO plugin. -->","yoast_head_json":{"title":"Ojo de pez - Editorial Juventud","description":"Un delito ecol\u00f3gico de alcance internacional. Un asesinato sin resolver. Una novela negra, de humor negro, en un lugar ennegrecido por la codicia humana.","robots":{"index":"index","follow":"follow","max-snippet":"max-snippet:-1","max-image-preview":"max-image-preview:large","max-video-preview":"max-video-preview:-1"},"canonical":"https:\/\/www.editorialjuventud.es\/ojo-de-pez-9788426142283\/","og_locale":"ca_ES","og_type":"article","og_title":"Ojo de pez - Editorial Juventud","og_description":"Un delito ecol\u00f3gico de alcance internacional. Un asesinato sin resolver. Una novela negra, de humor negro, en un lugar ennegrecido por la codicia humana.","og_url":"https:\/\/www.editorialjuventud.es\/ojo-de-pez-9788426142283\/","og_site_name":"Editorial Juventud","article_modified_time":"2023-07-04T11:33:21+00:00","og_image":[{"width":290,"height":450,"url":"https:\/\/www.editorialjuventud.es\/wp-content\/uploads\/4228.jpg","type":"image\/jpeg"}],"twitter_card":"summary_large_image","twitter_misc":{"Temps estimat de lectura":"2 minuts"},"schema":{"@context":"https:\/\/schema.org","@graph":[{"@type":"WebPage","@id":"https:\/\/www.editorialjuventud.es\/ojo-de-pez-9788426142283\/","url":"https:\/\/www.editorialjuventud.es\/ojo-de-pez-9788426142283\/","name":"Ojo de pez - Editorial Juventud","isPartOf":{"@id":"https:\/\/www.editorialjuventud.es\/#website"},"primaryImageOfPage":{"@id":"https:\/\/www.editorialjuventud.es\/ojo-de-pez-9788426142283\/#primaryimage"},"image":{"@id":"https:\/\/www.editorialjuventud.es\/ojo-de-pez-9788426142283\/#primaryimage"},"thumbnailUrl":"https:\/\/www.editorialjuventud.es\/wp-content\/uploads\/4228.jpg","datePublished":"2018-08-24T09:52:28+00:00","dateModified":"2023-07-04T11:33:21+00:00","description":"Un delito ecol\u00f3gico de alcance internacional. Un asesinato sin resolver. Una novela negra, de humor negro, en un lugar ennegrecido por la codicia humana.","breadcrumb":{"@id":"https:\/\/www.editorialjuventud.es\/ojo-de-pez-9788426142283\/#breadcrumb"},"inLanguage":"ca","potentialAction":[{"@type":"ReadAction","target":["https:\/\/www.editorialjuventud.es\/ojo-de-pez-9788426142283\/"]}]},{"@type":"ImageObject","inLanguage":"ca","@id":"https:\/\/www.editorialjuventud.es\/ojo-de-pez-9788426142283\/#primaryimage","url":"https:\/\/www.editorialjuventud.es\/wp-content\/uploads\/4228.jpg","contentUrl":"https:\/\/www.editorialjuventud.es\/wp-content\/uploads\/4228.jpg","width":290,"height":450,"caption":"4228.jpg"},{"@type":"BreadcrumbList","@id":"https:\/\/www.editorialjuventud.es\/ojo-de-pez-9788426142283\/#breadcrumb","itemListElement":[{"@type":"ListItem","position":1,"name":"Portada","item":"https:\/\/www.editorialjuventud.es\/"},{"@type":"ListItem","position":2,"name":"cat\u00e1logo","item":"https:\/\/www.editorialjuventud.es\/coleccion\/catalogo\/"},{"@type":"ListItem","position":3,"name":"castellano","item":"https:\/\/www.editorialjuventud.es\/coleccion\/castellano\/"},{"@type":"ListItem","position":4,"name":"Lecturas En torno al Mar","item":"https:\/\/www.editorialjuventud.es\/coleccion\/lecturas-en-torno-al-mar\/"},{"@type":"ListItem","position":5,"name":"Narrativa Mar\u00edtima","item":"https:\/\/www.editorialjuventud.es\/ca\/coleccion\/narrativa-maritima-lecturas-entorno-al-mar\/"},{"@type":"ListItem","position":6,"name":"Nostromo. La Aventura Mar\u00edtima","item":"https:\/\/www.editorialjuventud.es\/ca\/coleccion\/nostromo-la-aventura-maritima\/"},{"@type":"ListItem","position":7,"name":"Ojo de pez"}]},{"@type":"WebSite","@id":"https:\/\/www.editorialjuventud.es\/#website","url":"https:\/\/www.editorialjuventud.es\/","name":"Editorial Juventud","description":"","potentialAction":[{"@type":"SearchAction","target":{"@type":"EntryPoint","urlTemplate":"https:\/\/www.editorialjuventud.es\/?s={search_term_string}"},"query-input":{"@type":"PropertyValueSpecification","valueRequired":true,"valueName":"search_term_string"}}],"inLanguage":"ca"}]}},"_links":{"self":[{"href":"https:\/\/www.editorialjuventud.es\/ca\/wp-json\/wp\/v2\/product\/6091","targetHints":{"allow":["GET"]}}],"collection":[{"href":"https:\/\/www.editorialjuventud.es\/ca\/wp-json\/wp\/v2\/product"}],"about":[{"href":"https:\/\/www.editorialjuventud.es\/ca\/wp-json\/wp\/v2\/types\/product"}],"wp:featuredmedia":[{"embeddable":true,"href":"https:\/\/www.editorialjuventud.es\/ca\/wp-json\/wp\/v2\/media\/17088"}],"wp:attachment":[{"href":"https:\/\/www.editorialjuventud.es\/ca\/wp-json\/wp\/v2\/media?parent=6091"}],"wp:term":[{"taxonomy":"product_brand","embeddable":true,"href":"https:\/\/www.editorialjuventud.es\/ca\/wp-json\/wp\/v2\/product_brand?post=6091"},{"taxonomy":"product_cat","embeddable":true,"href":"https:\/\/www.editorialjuventud.es\/ca\/wp-json\/wp\/v2\/product_cat?post=6091"},{"taxonomy":"product_tag","embeddable":true,"href":"https:\/\/www.editorialjuventud.es\/ca\/wp-json\/wp\/v2\/product_tag?post=6091"},{"taxonomy":"coleccion","embeddable":true,"href":"https:\/\/www.editorialjuventud.es\/ca\/wp-json\/wp\/v2\/coleccion?post=6091"}],"curies":[{"name":"wp","href":"https:\/\/api.w.org\/{rel}","templated":true}]}}