{"id":6089,"date":"2018-08-24T11:52:21","date_gmt":"2018-08-24T09:52:21","guid":{"rendered":"http:\/\/www.editorialjuventud.es\/otto-los-de-llibre\/"},"modified":"2025-01-22T13:14:15","modified_gmt":"2025-01-22T12:14:15","slug":"panxa-de-balena-9788426142252","status":"publish","type":"product","link":"https:\/\/www.editorialjuventud.es\/ca\/panxa-de-balena-9788426142252\/","title":{"rendered":"Panxa de balena"},"content":{"rendered":"<p>Ja que els seus pares prefereixen quedar-se al llit una estoneta m\u00e9s abans que aprofitar un dia magn\u00edfic d\u2019estiu, la Sari decideix anar a la platja tota sola. All\u00e0 troba al petit Blau, que construeix un vaixell per navegar a la terra-on-MAI-NING\u00da-s\u2019avorreix. Junts salpen cap a l\u2019aventura, fins que els sorpr\u00e8n un temporal i la Sari va a parar dins de la panxa d\u2019una balena. En Blau, de tornada a la platja, troba una manera de rescatar-la, fent \u00fas de la seva millor inventiva. Jorge Antonio Gon\u00e7alves ens porta, en la seva estrena com a autor del text i il\u00b7lustrador, a un m\u00f3n magn\u00edfic en qu\u00e8 la temptaci\u00f3 pel desconegut, el desig d\u2019aventura i la construcci\u00f3 de l\u2019amistat, ens ensenyen la import\u00e0ncia de mantenir els petits brots d\u2019imaginaci\u00f3 per no perdre la capacitat de fascinar-se davant les petites meravelles que ens envolten.<\/p>\n<p>Un llibre sobre el poder de la imaginaci\u00f3 que habita en l\u2019\u00e9sser hum\u00e0 durant la inf\u00e0ncia i que, malauradament, sembla abandonar-lo a mesura que els anys passen&#8230;<\/p>\n","protected":false},"excerpt":{"rendered":"Ja que els seus pares prefereixen quedar-se al llit una estoneta m\u00e9s abans que aprofitar un dia magn\u00edfic d\u2019estiu, la Sari decideix anar a la platja tota sola. All\u00e0 troba al petit Blau, que construeix un vaixell per navegar a [&hellip;]","protected":false},"featured_media":22046,"template":"","meta":{"_acf_changed":false,"_exactmetrics_skip_tracking":false,"_exactmetrics_sitenote_active":false,"_exactmetrics_sitenote_note":"","_exactmetrics_sitenote_category":0},"product_brand":[],"product_cat":[900,1121,1142,1193],"product_tag":[],"coleccion":[917,915,957],"class_list":{"0":"post-6089","1":"product","2":"type-product","3":"status-publish","4":"has-post-thumbnail","6":"product_cat-a-partir-de-5-anos","7":"product_cat-albumes-ilustrados","8":"product_cat-aventura","9":"product_cat-mar-oceano","10":"coleccion-albums-illustrats","11":"coleccion-catala","12":"coleccion-mar-de-fantasia","14":"first","15":"instock","16":"taxable","17":"shipping-taxable","18":"purchasable","19":"product-type-simple"},"acf":{"autor":"Gon\u00e7alves, Ant\u00f3nio Jorge","codart":"4225","ediciones":"1","encuadernacion":"Carton\u00e9","fecha_de_publicacion":"01\/07\/2017","novedad":"0","paginas":"48","subtitulo":"","texto_web_adicional":"","texto_web_novedad":"","orden":"999","portada":"0","texto_web_resaltado":"","indice":"","autores-libros":[16374],"ilustradores-libros":[16374],"traductores-libros":"","descripcion_corta":"","recomendamos":"","mas_vendido":"","idioma-libro":"","color":false,"formato":"","mas_informacion_del_producto":false,"premios":false,"texto_enlace_cubierta":"","enlace_cubierta":{"ID":24502,"id":24502,"title":"Exterior Baleia v4.indd","filename":"cover-Panxa-de-balena.jpg","filesize":52282,"url":"https:\/\/www.editorialjuventud.es\/wp-content\/uploads\/cover-Panxa-de-balena.jpg","link":"https:\/\/www.editorialjuventud.es\/ca\/?attachment_id=24502","alt":"","author":"47","description":"","caption":"","name":"exterior-baleia-v4-indd","status":"inherit","uploaded_to":6089,"date":"2019-04-19 10:07:58","modified":"2019-04-19 10:07:58","menu_order":0,"mime_type":"image\/jpeg","type":"image","subtype":"jpeg","icon":"https:\/\/www.editorialjuventud.es\/wp-includes\/images\/media\/default.png","width":2658,"height":3374,"sizes":{"thumbnail":"https:\/\/www.editorialjuventud.es\/wp-content\/uploads\/cover-Panxa-de-balena-200x200.jpg","thumbnail-width":200,"thumbnail-height":200,"medium":"https:\/\/www.editorialjuventud.es\/wp-content\/uploads\/cover-Panxa-de-balena.jpg","medium-width":2658,"medium-height":3374,"medium_large":"https:\/\/www.editorialjuventud.es\/wp-content\/uploads\/cover-Panxa-de-balena-768x975.jpg","medium_large-width":768,"medium_large-height":975,"large":"https:\/\/www.editorialjuventud.es\/wp-content\/uploads\/cover-Panxa-de-balena.jpg","large-width":2658,"large-height":3374,"1536x1536":"https:\/\/www.editorialjuventud.es\/wp-content\/uploads\/cover-Panxa-de-balena.jpg","1536x1536-width":1210,"1536x1536-height":1536,"2048x2048":"https:\/\/www.editorialjuventud.es\/wp-content\/uploads\/cover-Panxa-de-balena.jpg","2048x2048-width":1613,"2048x2048-height":2048,"woocommerce_thumbnail":"https:\/\/www.editorialjuventud.es\/wp-content\/uploads\/cover-Panxa-de-balena-350x444.jpg","woocommerce_thumbnail-width":350,"woocommerce_thumbnail-height":444,"woocommerce_single":"https:\/\/www.editorialjuventud.es\/wp-content\/uploads\/cover-Panxa-de-balena-900x1142.jpg","woocommerce_single-width":900,"woocommerce_single-height":1142,"woocommerce_gallery_thumbnail":"https:\/\/www.editorialjuventud.es\/wp-content\/uploads\/cover-Panxa-de-balena-100x100.jpg","woocommerce_gallery_thumbnail-width":100,"woocommerce_gallery_thumbnail-height":100,"ppec_logo_image_size":"https:\/\/www.editorialjuventud.es\/wp-content\/uploads\/cover-Panxa-de-balena.jpg","ppec_logo_image_size-width":47,"ppec_logo_image_size-height":60,"ppec_header_image_size":"https:\/\/www.editorialjuventud.es\/wp-content\/uploads\/cover-Panxa-de-balena.jpg","ppec_header_image_size-width":71,"ppec_header_image_size-height":90}},"texto_enlace_ficha_tecnica":"","enlace_ficha_tecnica":{"ID":24504,"id":24504,"title":"Fitxa Panxa de balena (cat)","filename":"Fitxa-Panxa-de-balena-cat.pdf","filesize":270252,"url":"https:\/\/www.editorialjuventud.es\/wp-content\/uploads\/Fitxa-Panxa-de-balena-cat.pdf","link":"https:\/\/www.editorialjuventud.es\/ca\/?attachment_id=24504","alt":"","author":"47","description":"","caption":"","name":"fitxa-panxa-de-balena-cat","status":"inherit","uploaded_to":6089,"date":"2019-04-19 10:10:00","modified":"2019-04-19 10:10:00","menu_order":0,"mime_type":"application\/pdf","type":"application","subtype":"pdf","icon":"https:\/\/www.editorialjuventud.es\/wp-includes\/images\/media\/document.png"},"ficheros":false,"titulo-fr":"","texto-fr":""},"yoast_head":"<!-- This site is optimized with the Yoast SEO plugin v27.3 - https:\/\/yoast.com\/product\/yoast-seo-wordpress\/ -->\n<title>Panxa de balena - Editorial Juventud<\/title>\n<meta name=\"description\" content=\"Ja que els seus pares prefereixen quedar-se al llit una estoneta m\u00e9s abans que aprofitar un dia magn\u00edfic d\u2019estiu, la Sari decideix anar a la platja tota\" \/>\n<meta name=\"robots\" content=\"index, follow, max-snippet:-1, max-image-preview:large, max-video-preview:-1\" \/>\n<link rel=\"canonical\" href=\"https:\/\/www.editorialjuventud.es\/panxa-de-balena-9788426142252\/\" \/>\n<meta property=\"og:locale\" content=\"ca_ES\" \/>\n<meta property=\"og:type\" content=\"article\" \/>\n<meta property=\"og:title\" content=\"Panxa de balena - Editorial Juventud\" \/>\n<meta property=\"og:description\" content=\"Ja que els seus pares prefereixen quedar-se al llit una estoneta m\u00e9s abans que aprofitar un dia magn\u00edfic d\u2019estiu, la Sari decideix anar a la platja tota\" \/>\n<meta property=\"og:url\" content=\"https:\/\/www.editorialjuventud.es\/panxa-de-balena-9788426142252\/\" \/>\n<meta property=\"og:site_name\" content=\"Editorial Juventud\" \/>\n<meta property=\"article:modified_time\" content=\"2025-01-22T12:14:15+00:00\" \/>\n<meta property=\"og:image\" content=\"https:\/\/www.editorialjuventud.es\/wp-content\/uploads\/9788426142252.jpg\" \/>\n\t<meta property=\"og:image:width\" content=\"945\" \/>\n\t<meta property=\"og:image:height\" content=\"1200\" \/>\n\t<meta property=\"og:image:type\" content=\"image\/jpeg\" \/>\n<meta name=\"twitter:card\" content=\"summary_large_image\" \/>\n<meta name=\"twitter:label1\" content=\"Temps estimat de lectura\" \/>\n\t<meta name=\"twitter:data1\" content=\"1 minut\" \/>\n<script type=\"application\/ld+json\" class=\"yoast-schema-graph\">{\"@context\":\"https:\\\/\\\/schema.org\",\"@graph\":[{\"@type\":\"WebPage\",\"@id\":\"https:\\\/\\\/www.editorialjuventud.es\\\/panxa-de-balena-9788426142252\\\/\",\"url\":\"https:\\\/\\\/www.editorialjuventud.es\\\/panxa-de-balena-9788426142252\\\/\",\"name\":\"Panxa de balena - Editorial Juventud\",\"isPartOf\":{\"@id\":\"https:\\\/\\\/www.editorialjuventud.es\\\/#website\"},\"primaryImageOfPage\":{\"@id\":\"https:\\\/\\\/www.editorialjuventud.es\\\/panxa-de-balena-9788426142252\\\/#primaryimage\"},\"image\":{\"@id\":\"https:\\\/\\\/www.editorialjuventud.es\\\/panxa-de-balena-9788426142252\\\/#primaryimage\"},\"thumbnailUrl\":\"https:\\\/\\\/www.editorialjuventud.es\\\/wp-content\\\/uploads\\\/9788426142252.jpg\",\"datePublished\":\"2018-08-24T09:52:21+00:00\",\"dateModified\":\"2025-01-22T12:14:15+00:00\",\"description\":\"Ja que els seus pares prefereixen quedar-se al llit una estoneta m\u00e9s abans que aprofitar un dia magn\u00edfic d\u2019estiu, la Sari decideix anar a la platja tota\",\"breadcrumb\":{\"@id\":\"https:\\\/\\\/www.editorialjuventud.es\\\/panxa-de-balena-9788426142252\\\/#breadcrumb\"},\"inLanguage\":\"ca\",\"potentialAction\":[{\"@type\":\"ReadAction\",\"target\":[\"https:\\\/\\\/www.editorialjuventud.es\\\/panxa-de-balena-9788426142252\\\/\"]}]},{\"@type\":\"ImageObject\",\"inLanguage\":\"ca\",\"@id\":\"https:\\\/\\\/www.editorialjuventud.es\\\/panxa-de-balena-9788426142252\\\/#primaryimage\",\"url\":\"https:\\\/\\\/www.editorialjuventud.es\\\/wp-content\\\/uploads\\\/9788426142252.jpg\",\"contentUrl\":\"https:\\\/\\\/www.editorialjuventud.es\\\/wp-content\\\/uploads\\\/9788426142252.jpg\",\"width\":945,\"height\":1200,\"caption\":\"9788426142252.jpg\"},{\"@type\":\"BreadcrumbList\",\"@id\":\"https:\\\/\\\/www.editorialjuventud.es\\\/panxa-de-balena-9788426142252\\\/#breadcrumb\",\"itemListElement\":[{\"@type\":\"ListItem\",\"position\":1,\"name\":\"Portada\",\"item\":\"https:\\\/\\\/www.editorialjuventud.es\\\/\"},{\"@type\":\"ListItem\",\"position\":2,\"name\":\"cat\u00e1logo\",\"item\":\"https:\\\/\\\/www.editorialjuventud.es\\\/coleccion\\\/catalogo\\\/\"},{\"@type\":\"ListItem\",\"position\":3,\"name\":\"catal\u00e0\",\"item\":\"https:\\\/\\\/www.editorialjuventud.es\\\/coleccion\\\/catala\\\/\"},{\"@type\":\"ListItem\",\"position\":4,\"name\":\"\u00c0lbums Il\u00b7lustrats\",\"item\":\"https:\\\/\\\/www.editorialjuventud.es\\\/coleccion\\\/albums-il%c2%b7lustrats\\\/\"},{\"@type\":\"ListItem\",\"position\":5,\"name\":\"Mar de Fantasia\",\"item\":\"https:\\\/\\\/www.editorialjuventud.es\\\/coleccion\\\/mar-de-fantasia\\\/\"},{\"@type\":\"ListItem\",\"position\":6,\"name\":\"Panxa de balena\"}]},{\"@type\":\"WebSite\",\"@id\":\"https:\\\/\\\/www.editorialjuventud.es\\\/#website\",\"url\":\"https:\\\/\\\/www.editorialjuventud.es\\\/\",\"name\":\"Editorial Juventud\",\"description\":\"\",\"potentialAction\":[{\"@type\":\"SearchAction\",\"target\":{\"@type\":\"EntryPoint\",\"urlTemplate\":\"https:\\\/\\\/www.editorialjuventud.es\\\/?s={search_term_string}\"},\"query-input\":{\"@type\":\"PropertyValueSpecification\",\"valueRequired\":true,\"valueName\":\"search_term_string\"}}],\"inLanguage\":\"ca\"}]}<\/script>\n<!-- \/ Yoast SEO plugin. -->","yoast_head_json":{"title":"Panxa de balena - Editorial Juventud","description":"Ja que els seus pares prefereixen quedar-se al llit una estoneta m\u00e9s abans que aprofitar un dia magn\u00edfic d\u2019estiu, la Sari decideix anar a la platja tota","robots":{"index":"index","follow":"follow","max-snippet":"max-snippet:-1","max-image-preview":"max-image-preview:large","max-video-preview":"max-video-preview:-1"},"canonical":"https:\/\/www.editorialjuventud.es\/panxa-de-balena-9788426142252\/","og_locale":"ca_ES","og_type":"article","og_title":"Panxa de balena - Editorial Juventud","og_description":"Ja que els seus pares prefereixen quedar-se al llit una estoneta m\u00e9s abans que aprofitar un dia magn\u00edfic d\u2019estiu, la Sari decideix anar a la platja tota","og_url":"https:\/\/www.editorialjuventud.es\/panxa-de-balena-9788426142252\/","og_site_name":"Editorial Juventud","article_modified_time":"2025-01-22T12:14:15+00:00","og_image":[{"width":945,"height":1200,"url":"https:\/\/www.editorialjuventud.es\/wp-content\/uploads\/9788426142252.jpg","type":"image\/jpeg"}],"twitter_card":"summary_large_image","twitter_misc":{"Temps estimat de lectura":"1 minut"},"schema":{"@context":"https:\/\/schema.org","@graph":[{"@type":"WebPage","@id":"https:\/\/www.editorialjuventud.es\/panxa-de-balena-9788426142252\/","url":"https:\/\/www.editorialjuventud.es\/panxa-de-balena-9788426142252\/","name":"Panxa de balena - Editorial Juventud","isPartOf":{"@id":"https:\/\/www.editorialjuventud.es\/#website"},"primaryImageOfPage":{"@id":"https:\/\/www.editorialjuventud.es\/panxa-de-balena-9788426142252\/#primaryimage"},"image":{"@id":"https:\/\/www.editorialjuventud.es\/panxa-de-balena-9788426142252\/#primaryimage"},"thumbnailUrl":"https:\/\/www.editorialjuventud.es\/wp-content\/uploads\/9788426142252.jpg","datePublished":"2018-08-24T09:52:21+00:00","dateModified":"2025-01-22T12:14:15+00:00","description":"Ja que els seus pares prefereixen quedar-se al llit una estoneta m\u00e9s abans que aprofitar un dia magn\u00edfic d\u2019estiu, la Sari decideix anar a la platja tota","breadcrumb":{"@id":"https:\/\/www.editorialjuventud.es\/panxa-de-balena-9788426142252\/#breadcrumb"},"inLanguage":"ca","potentialAction":[{"@type":"ReadAction","target":["https:\/\/www.editorialjuventud.es\/panxa-de-balena-9788426142252\/"]}]},{"@type":"ImageObject","inLanguage":"ca","@id":"https:\/\/www.editorialjuventud.es\/panxa-de-balena-9788426142252\/#primaryimage","url":"https:\/\/www.editorialjuventud.es\/wp-content\/uploads\/9788426142252.jpg","contentUrl":"https:\/\/www.editorialjuventud.es\/wp-content\/uploads\/9788426142252.jpg","width":945,"height":1200,"caption":"9788426142252.jpg"},{"@type":"BreadcrumbList","@id":"https:\/\/www.editorialjuventud.es\/panxa-de-balena-9788426142252\/#breadcrumb","itemListElement":[{"@type":"ListItem","position":1,"name":"Portada","item":"https:\/\/www.editorialjuventud.es\/"},{"@type":"ListItem","position":2,"name":"cat\u00e1logo","item":"https:\/\/www.editorialjuventud.es\/coleccion\/catalogo\/"},{"@type":"ListItem","position":3,"name":"catal\u00e0","item":"https:\/\/www.editorialjuventud.es\/coleccion\/catala\/"},{"@type":"ListItem","position":4,"name":"\u00c0lbums Il\u00b7lustrats","item":"https:\/\/www.editorialjuventud.es\/coleccion\/albums-il%c2%b7lustrats\/"},{"@type":"ListItem","position":5,"name":"Mar de Fantasia","item":"https:\/\/www.editorialjuventud.es\/coleccion\/mar-de-fantasia\/"},{"@type":"ListItem","position":6,"name":"Panxa de balena"}]},{"@type":"WebSite","@id":"https:\/\/www.editorialjuventud.es\/#website","url":"https:\/\/www.editorialjuventud.es\/","name":"Editorial Juventud","description":"","potentialAction":[{"@type":"SearchAction","target":{"@type":"EntryPoint","urlTemplate":"https:\/\/www.editorialjuventud.es\/?s={search_term_string}"},"query-input":{"@type":"PropertyValueSpecification","valueRequired":true,"valueName":"search_term_string"}}],"inLanguage":"ca"}]}},"_links":{"self":[{"href":"https:\/\/www.editorialjuventud.es\/ca\/wp-json\/wp\/v2\/product\/6089","targetHints":{"allow":["GET"]}}],"collection":[{"href":"https:\/\/www.editorialjuventud.es\/ca\/wp-json\/wp\/v2\/product"}],"about":[{"href":"https:\/\/www.editorialjuventud.es\/ca\/wp-json\/wp\/v2\/types\/product"}],"wp:featuredmedia":[{"embeddable":true,"href":"https:\/\/www.editorialjuventud.es\/ca\/wp-json\/wp\/v2\/media\/22046"}],"wp:attachment":[{"href":"https:\/\/www.editorialjuventud.es\/ca\/wp-json\/wp\/v2\/media?parent=6089"}],"wp:term":[{"taxonomy":"product_brand","embeddable":true,"href":"https:\/\/www.editorialjuventud.es\/ca\/wp-json\/wp\/v2\/product_brand?post=6089"},{"taxonomy":"product_cat","embeddable":true,"href":"https:\/\/www.editorialjuventud.es\/ca\/wp-json\/wp\/v2\/product_cat?post=6089"},{"taxonomy":"product_tag","embeddable":true,"href":"https:\/\/www.editorialjuventud.es\/ca\/wp-json\/wp\/v2\/product_tag?post=6089"},{"taxonomy":"coleccion","embeddable":true,"href":"https:\/\/www.editorialjuventud.es\/ca\/wp-json\/wp\/v2\/coleccion?post=6089"}],"curies":[{"name":"wp","href":"https:\/\/api.w.org\/{rel}","templated":true}]}}