{"id":6088,"date":"2018-08-24T11:52:15","date_gmt":"2018-08-24T09:52:15","guid":{"rendered":"http:\/\/www.editorialjuventud.es\/barriga-de-ballena\/"},"modified":"2025-01-22T13:14:25","modified_gmt":"2025-01-22T12:14:25","slug":"barriga-de-ballena-9788426142245","status":"publish","type":"product","link":"https:\/\/www.editorialjuventud.es\/ca\/barriga-de-ballena-9788426142245\/","title":{"rendered":"Barriga de ballena"},"content":{"rendered":"<p>Ya que sus padres prefieren quedarse en la cama un ratito m\u00e1s antes que aprovechar un d\u00eda magn\u00edfico de verano, Sari decide ir a la playa sola. All\u00ed encuentra al peque\u00f1o Azul, que construye un barco para navegar hasta la tierra-donde-NUNCA-NADIE-se-aburre. Juntos zarpan hacia la aventura, hasta que les sorprende un temporal y Sari va a parar dentro de la barriga de una ballena. Azul, de regreso a la playa, encontrar\u00e1 una forma de traerla de vuelta, haciendo uso de su mejor inventiva. Jorge Antonio Gon\u00e7alves nos lleva, en su estreno como autor del texto e ilustrador, a un mundo magn\u00edfico en el que la tentaci\u00f3n por lo desconocido, el deseo de<br \/>aventura y la construcci\u00f3n de la amistad, nos ense\u00f1an lo importante que es mantener los peque\u00f1os brotes de imaginaci\u00f3n para no perder la capacidad de fascinarse<br \/>ante las peque\u00f1as maravillas que nos rodean.<br \/>Un libro sobre el poder de la imaginaci\u00f3n que habita en el ser humano durante la infancia y que, desgraciadamente, parece abandonarlo a medida que los a\u00f1os van pasando.<\/p>\n","protected":false},"excerpt":{"rendered":"Ya que sus padres prefieren quedarse en la cama un ratito m\u00e1s antes que aprovechar un d\u00eda magn\u00edfico de verano, Sari decide ir a la playa sola. All\u00ed encuentra al peque\u00f1o Azul, que construye un barco para navegar hasta la [&hellip;]","protected":false},"featured_media":16732,"template":"","meta":{"_acf_changed":false,"_exactmetrics_skip_tracking":false,"_exactmetrics_sitenote_active":false,"_exactmetrics_sitenote_note":"","_exactmetrics_sitenote_category":0},"product_brand":[],"product_cat":[900,1121,1136,1142,1193],"product_tag":[],"coleccion":[996],"class_list":{"0":"post-6088","1":"product","2":"type-product","3":"status-publish","4":"has-post-thumbnail","6":"product_cat-a-partir-de-5-anos","7":"product_cat-albumes-ilustrados","8":"product_cat-amistad","9":"product_cat-aventura","10":"product_cat-mar-oceano","11":"coleccion-mar-de-fantasia-albumes-ilustrados","13":"first","14":"instock","15":"taxable","16":"shipping-taxable","17":"purchasable","18":"product-type-simple"},"acf":{"autor":"Gon\u00e7alves, Antonio Jorge","codart":"4224","ediciones":"1","encuadernacion":"Carton\u00e9","fecha_de_publicacion":"01\/07\/2017","novedad":"0","paginas":"48","subtitulo":"","texto_web_adicional":"","texto_web_novedad":"","orden":"999","portada":"0","texto_web_resaltado":"","indice":"","autores-libros":[16374],"ilustradores-libros":[16374],"traductores-libros":"","descripcion_corta":"","recomendamos":"","mas_vendido":"","idioma-libro":"","color":false,"formato":"","mas_informacion_del_producto":false,"premios":[{"premio":"White Ravens List","anyo_del_premio":"2017","pais_del_premio":"Alema\u00f1a"}],"texto_enlace_cubierta":"","enlace_cubierta":{"ID":24079,"id":24079,"title":"cover-barriga-de-ballena","filename":"cover-barriga-de-ballena.jpg","filesize":52566,"url":"https:\/\/www.editorialjuventud.es\/wp-content\/uploads\/cover-barriga-de-ballena.jpg","link":"https:\/\/www.editorialjuventud.es\/ca\/?attachment_id=24079","alt":"","author":"47","description":"","caption":"","name":"cover-barriga-de-ballena","status":"inherit","uploaded_to":6088,"date":"2019-04-15 10:42:13","modified":"2019-04-15 10:42:13","menu_order":0,"mime_type":"image\/jpeg","type":"image","subtype":"jpeg","icon":"https:\/\/www.editorialjuventud.es\/wp-includes\/images\/media\/default.png","width":941,"height":1200,"sizes":{"thumbnail":"https:\/\/www.editorialjuventud.es\/wp-content\/uploads\/cover-barriga-de-ballena-200x200.jpg","thumbnail-width":200,"thumbnail-height":200,"medium":"https:\/\/www.editorialjuventud.es\/wp-content\/uploads\/cover-barriga-de-ballena.jpg","medium-width":941,"medium-height":1200,"medium_large":"https:\/\/www.editorialjuventud.es\/wp-content\/uploads\/cover-barriga-de-ballena-768x979.jpg","medium_large-width":768,"medium_large-height":979,"large":"https:\/\/www.editorialjuventud.es\/wp-content\/uploads\/cover-barriga-de-ballena.jpg","large-width":941,"large-height":1200,"1536x1536":"https:\/\/www.editorialjuventud.es\/wp-content\/uploads\/cover-barriga-de-ballena.jpg","1536x1536-width":941,"1536x1536-height":1200,"2048x2048":"https:\/\/www.editorialjuventud.es\/wp-content\/uploads\/cover-barriga-de-ballena.jpg","2048x2048-width":941,"2048x2048-height":1200,"woocommerce_thumbnail":"https:\/\/www.editorialjuventud.es\/wp-content\/uploads\/cover-barriga-de-ballena-350x446.jpg","woocommerce_thumbnail-width":350,"woocommerce_thumbnail-height":446,"woocommerce_single":"https:\/\/www.editorialjuventud.es\/wp-content\/uploads\/cover-barriga-de-ballena-900x1148.jpg","woocommerce_single-width":900,"woocommerce_single-height":1148,"woocommerce_gallery_thumbnail":"https:\/\/www.editorialjuventud.es\/wp-content\/uploads\/cover-barriga-de-ballena-100x100.jpg","woocommerce_gallery_thumbnail-width":100,"woocommerce_gallery_thumbnail-height":100,"ppec_logo_image_size":"https:\/\/www.editorialjuventud.es\/wp-content\/uploads\/cover-barriga-de-ballena.jpg","ppec_logo_image_size-width":47,"ppec_logo_image_size-height":60,"ppec_header_image_size":"https:\/\/www.editorialjuventud.es\/wp-content\/uploads\/cover-barriga-de-ballena.jpg","ppec_header_image_size-width":71,"ppec_header_image_size-height":90}},"texto_enlace_ficha_tecnica":"","enlace_ficha_tecnica":{"ID":24081,"id":24081,"title":"Ficha Barriga de ballena","filename":"Ficha-Barriga-de-ballena.pdf","filesize":244369,"url":"https:\/\/www.editorialjuventud.es\/wp-content\/uploads\/Ficha-Barriga-de-ballena.pdf","link":"https:\/\/www.editorialjuventud.es\/ca\/?attachment_id=24081","alt":"","author":"47","description":"","caption":"","name":"ficha-barriga-de-ballena","status":"inherit","uploaded_to":6088,"date":"2019-04-15 10:42:27","modified":"2019-04-15 10:42:27","menu_order":0,"mime_type":"application\/pdf","type":"application","subtype":"pdf","icon":"https:\/\/www.editorialjuventud.es\/wp-includes\/images\/media\/document.png"},"ficheros":false,"titulo-fr":"","texto-fr":"","fecha_de_reimpresion":"","deshabilitar_compra":[]},"yoast_head":"<!-- This site is optimized with the Yoast SEO plugin v27.5 - https:\/\/yoast.com\/product\/yoast-seo-wordpress\/ -->\n<title>Barriga de ballena - Editorial Juventud<\/title>\n<meta name=\"description\" content=\"Ya que sus padres prefieren quedarse en la cama un ratito m\u00e1s antes que aprovechar un d\u00eda magn\u00edfico de verano, Sari decide ir a la playa sola. All\u00ed\" \/>\n<meta name=\"robots\" content=\"index, follow, max-snippet:-1, max-image-preview:large, max-video-preview:-1\" \/>\n<link rel=\"canonical\" href=\"https:\/\/www.editorialjuventud.es\/barriga-de-ballena-9788426142245\/\" \/>\n<meta property=\"og:locale\" content=\"ca_ES\" \/>\n<meta property=\"og:type\" content=\"article\" \/>\n<meta property=\"og:title\" content=\"Barriga de ballena - Editorial Juventud\" \/>\n<meta property=\"og:description\" content=\"Ya que sus padres prefieren quedarse en la cama un ratito m\u00e1s antes que aprovechar un d\u00eda magn\u00edfico de verano, Sari decide ir a la playa sola. All\u00ed\" \/>\n<meta property=\"og:url\" content=\"https:\/\/www.editorialjuventud.es\/barriga-de-ballena-9788426142245\/\" \/>\n<meta property=\"og:site_name\" content=\"Editorial Juventud\" \/>\n<meta property=\"article:modified_time\" content=\"2025-01-22T12:14:25+00:00\" \/>\n<meta property=\"og:image\" content=\"https:\/\/www.editorialjuventud.es\/wp-content\/uploads\/4224.jpg\" \/>\n\t<meta property=\"og:image:width\" content=\"341\" \/>\n\t<meta property=\"og:image:height\" content=\"450\" \/>\n\t<meta property=\"og:image:type\" content=\"image\/jpeg\" \/>\n<meta name=\"twitter:card\" content=\"summary_large_image\" \/>\n<meta name=\"twitter:label1\" content=\"Temps estimat de lectura\" \/>\n\t<meta name=\"twitter:data1\" content=\"1 minut\" \/>\n<script type=\"application\/ld+json\" class=\"yoast-schema-graph\">{\"@context\":\"https:\\\/\\\/schema.org\",\"@graph\":[{\"@type\":\"WebPage\",\"@id\":\"https:\\\/\\\/www.editorialjuventud.es\\\/barriga-de-ballena-9788426142245\\\/\",\"url\":\"https:\\\/\\\/www.editorialjuventud.es\\\/barriga-de-ballena-9788426142245\\\/\",\"name\":\"Barriga de ballena - Editorial Juventud\",\"isPartOf\":{\"@id\":\"https:\\\/\\\/www.editorialjuventud.es\\\/#website\"},\"primaryImageOfPage\":{\"@id\":\"https:\\\/\\\/www.editorialjuventud.es\\\/barriga-de-ballena-9788426142245\\\/#primaryimage\"},\"image\":{\"@id\":\"https:\\\/\\\/www.editorialjuventud.es\\\/barriga-de-ballena-9788426142245\\\/#primaryimage\"},\"thumbnailUrl\":\"https:\\\/\\\/www.editorialjuventud.es\\\/wp-content\\\/uploads\\\/4224.jpg\",\"datePublished\":\"2018-08-24T09:52:15+00:00\",\"dateModified\":\"2025-01-22T12:14:25+00:00\",\"description\":\"Ya que sus padres prefieren quedarse en la cama un ratito m\u00e1s antes que aprovechar un d\u00eda magn\u00edfico de verano, Sari decide ir a la playa sola. All\u00ed\",\"breadcrumb\":{\"@id\":\"https:\\\/\\\/www.editorialjuventud.es\\\/barriga-de-ballena-9788426142245\\\/#breadcrumb\"},\"inLanguage\":\"ca\",\"potentialAction\":[{\"@type\":\"ReadAction\",\"target\":[\"https:\\\/\\\/www.editorialjuventud.es\\\/barriga-de-ballena-9788426142245\\\/\"]}]},{\"@type\":\"ImageObject\",\"inLanguage\":\"ca\",\"@id\":\"https:\\\/\\\/www.editorialjuventud.es\\\/barriga-de-ballena-9788426142245\\\/#primaryimage\",\"url\":\"https:\\\/\\\/www.editorialjuventud.es\\\/wp-content\\\/uploads\\\/4224.jpg\",\"contentUrl\":\"https:\\\/\\\/www.editorialjuventud.es\\\/wp-content\\\/uploads\\\/4224.jpg\",\"width\":341,\"height\":450,\"caption\":\"4224.jpg\"},{\"@type\":\"BreadcrumbList\",\"@id\":\"https:\\\/\\\/www.editorialjuventud.es\\\/barriga-de-ballena-9788426142245\\\/#breadcrumb\",\"itemListElement\":[{\"@type\":\"ListItem\",\"position\":1,\"name\":\"Portada\",\"item\":\"https:\\\/\\\/www.editorialjuventud.es\\\/\"},{\"@type\":\"ListItem\",\"position\":2,\"name\":\"cat\u00e1logo\",\"item\":\"https:\\\/\\\/www.editorialjuventud.es\\\/coleccion\\\/catalogo\\\/\"},{\"@type\":\"ListItem\",\"position\":3,\"name\":\"castellano\",\"item\":\"https:\\\/\\\/www.editorialjuventud.es\\\/coleccion\\\/castellano\\\/\"},{\"@type\":\"ListItem\",\"position\":4,\"name\":\"\u00c1lbumes Ilustrados\",\"item\":\"https:\\\/\\\/www.editorialjuventud.es\\\/coleccion\\\/albumes-ilustrados\\\/\"},{\"@type\":\"ListItem\",\"position\":5,\"name\":\"Mar de Fantas\u00eda\",\"item\":\"https:\\\/\\\/www.editorialjuventud.es\\\/coleccion\\\/mar-de-fantasia-albumes-ilustrados\\\/\"},{\"@type\":\"ListItem\",\"position\":6,\"name\":\"Barriga de ballena\"}]},{\"@type\":\"WebSite\",\"@id\":\"https:\\\/\\\/www.editorialjuventud.es\\\/#website\",\"url\":\"https:\\\/\\\/www.editorialjuventud.es\\\/\",\"name\":\"Editorial Juventud\",\"description\":\"\",\"potentialAction\":[{\"@type\":\"SearchAction\",\"target\":{\"@type\":\"EntryPoint\",\"urlTemplate\":\"https:\\\/\\\/www.editorialjuventud.es\\\/?s={search_term_string}\"},\"query-input\":{\"@type\":\"PropertyValueSpecification\",\"valueRequired\":true,\"valueName\":\"search_term_string\"}}],\"inLanguage\":\"ca\"}]}<\/script>\n<!-- \/ Yoast SEO plugin. -->","yoast_head_json":{"title":"Barriga de ballena - Editorial Juventud","description":"Ya que sus padres prefieren quedarse en la cama un ratito m\u00e1s antes que aprovechar un d\u00eda magn\u00edfico de verano, Sari decide ir a la playa sola. All\u00ed","robots":{"index":"index","follow":"follow","max-snippet":"max-snippet:-1","max-image-preview":"max-image-preview:large","max-video-preview":"max-video-preview:-1"},"canonical":"https:\/\/www.editorialjuventud.es\/barriga-de-ballena-9788426142245\/","og_locale":"ca_ES","og_type":"article","og_title":"Barriga de ballena - Editorial Juventud","og_description":"Ya que sus padres prefieren quedarse en la cama un ratito m\u00e1s antes que aprovechar un d\u00eda magn\u00edfico de verano, Sari decide ir a la playa sola. All\u00ed","og_url":"https:\/\/www.editorialjuventud.es\/barriga-de-ballena-9788426142245\/","og_site_name":"Editorial Juventud","article_modified_time":"2025-01-22T12:14:25+00:00","og_image":[{"width":341,"height":450,"url":"https:\/\/www.editorialjuventud.es\/wp-content\/uploads\/4224.jpg","type":"image\/jpeg"}],"twitter_card":"summary_large_image","twitter_misc":{"Temps estimat de lectura":"1 minut"},"schema":{"@context":"https:\/\/schema.org","@graph":[{"@type":"WebPage","@id":"https:\/\/www.editorialjuventud.es\/barriga-de-ballena-9788426142245\/","url":"https:\/\/www.editorialjuventud.es\/barriga-de-ballena-9788426142245\/","name":"Barriga de ballena - Editorial Juventud","isPartOf":{"@id":"https:\/\/www.editorialjuventud.es\/#website"},"primaryImageOfPage":{"@id":"https:\/\/www.editorialjuventud.es\/barriga-de-ballena-9788426142245\/#primaryimage"},"image":{"@id":"https:\/\/www.editorialjuventud.es\/barriga-de-ballena-9788426142245\/#primaryimage"},"thumbnailUrl":"https:\/\/www.editorialjuventud.es\/wp-content\/uploads\/4224.jpg","datePublished":"2018-08-24T09:52:15+00:00","dateModified":"2025-01-22T12:14:25+00:00","description":"Ya que sus padres prefieren quedarse en la cama un ratito m\u00e1s antes que aprovechar un d\u00eda magn\u00edfico de verano, Sari decide ir a la playa sola. All\u00ed","breadcrumb":{"@id":"https:\/\/www.editorialjuventud.es\/barriga-de-ballena-9788426142245\/#breadcrumb"},"inLanguage":"ca","potentialAction":[{"@type":"ReadAction","target":["https:\/\/www.editorialjuventud.es\/barriga-de-ballena-9788426142245\/"]}]},{"@type":"ImageObject","inLanguage":"ca","@id":"https:\/\/www.editorialjuventud.es\/barriga-de-ballena-9788426142245\/#primaryimage","url":"https:\/\/www.editorialjuventud.es\/wp-content\/uploads\/4224.jpg","contentUrl":"https:\/\/www.editorialjuventud.es\/wp-content\/uploads\/4224.jpg","width":341,"height":450,"caption":"4224.jpg"},{"@type":"BreadcrumbList","@id":"https:\/\/www.editorialjuventud.es\/barriga-de-ballena-9788426142245\/#breadcrumb","itemListElement":[{"@type":"ListItem","position":1,"name":"Portada","item":"https:\/\/www.editorialjuventud.es\/"},{"@type":"ListItem","position":2,"name":"cat\u00e1logo","item":"https:\/\/www.editorialjuventud.es\/coleccion\/catalogo\/"},{"@type":"ListItem","position":3,"name":"castellano","item":"https:\/\/www.editorialjuventud.es\/coleccion\/castellano\/"},{"@type":"ListItem","position":4,"name":"\u00c1lbumes Ilustrados","item":"https:\/\/www.editorialjuventud.es\/coleccion\/albumes-ilustrados\/"},{"@type":"ListItem","position":5,"name":"Mar de Fantas\u00eda","item":"https:\/\/www.editorialjuventud.es\/coleccion\/mar-de-fantasia-albumes-ilustrados\/"},{"@type":"ListItem","position":6,"name":"Barriga de ballena"}]},{"@type":"WebSite","@id":"https:\/\/www.editorialjuventud.es\/#website","url":"https:\/\/www.editorialjuventud.es\/","name":"Editorial Juventud","description":"","potentialAction":[{"@type":"SearchAction","target":{"@type":"EntryPoint","urlTemplate":"https:\/\/www.editorialjuventud.es\/?s={search_term_string}"},"query-input":{"@type":"PropertyValueSpecification","valueRequired":true,"valueName":"search_term_string"}}],"inLanguage":"ca"}]}},"_links":{"self":[{"href":"https:\/\/www.editorialjuventud.es\/ca\/wp-json\/wp\/v2\/product\/6088","targetHints":{"allow":["GET"]}}],"collection":[{"href":"https:\/\/www.editorialjuventud.es\/ca\/wp-json\/wp\/v2\/product"}],"about":[{"href":"https:\/\/www.editorialjuventud.es\/ca\/wp-json\/wp\/v2\/types\/product"}],"wp:featuredmedia":[{"embeddable":true,"href":"https:\/\/www.editorialjuventud.es\/ca\/wp-json\/wp\/v2\/media\/16732"}],"wp:attachment":[{"href":"https:\/\/www.editorialjuventud.es\/ca\/wp-json\/wp\/v2\/media?parent=6088"}],"wp:term":[{"taxonomy":"product_brand","embeddable":true,"href":"https:\/\/www.editorialjuventud.es\/ca\/wp-json\/wp\/v2\/product_brand?post=6088"},{"taxonomy":"product_cat","embeddable":true,"href":"https:\/\/www.editorialjuventud.es\/ca\/wp-json\/wp\/v2\/product_cat?post=6088"},{"taxonomy":"product_tag","embeddable":true,"href":"https:\/\/www.editorialjuventud.es\/ca\/wp-json\/wp\/v2\/product_tag?post=6088"},{"taxonomy":"coleccion","embeddable":true,"href":"https:\/\/www.editorialjuventud.es\/ca\/wp-json\/wp\/v2\/coleccion?post=6088"}],"curies":[{"name":"wp","href":"https:\/\/api.w.org\/{rel}","templated":true}]}}