{"id":6086,"date":"2018-08-24T11:52:06","date_gmt":"2018-08-24T09:52:06","guid":{"rendered":"http:\/\/www.editorialjuventud.es\/tan-ligero-tan-pesado\/"},"modified":"2026-03-26T14:25:18","modified_gmt":"2026-03-26T13:25:18","slug":"tan-ligero-tan-pesado-9788426142221","status":"publish","type":"product","link":"https:\/\/www.editorialjuventud.es\/ca\/tan-ligero-tan-pesado-9788426142221\/","title":{"rendered":"Tan ligero, tan pesado"},"content":{"rendered":"<p>El elefante quiere balancearse. Pero es tan pesado&#8230;<br \/>Entonces llega el ping\u00fcino, luego el mono, luego el avestruz y luego&#8230; Una divertida historia sobre un balanc\u00edn para los m\u00e1s peque\u00f1os. De la autora de El pastel est\u00e1 tan arriba, llega esta entra\u00f1able historia sobre la inestimable ayuda que ofrecen los buenos amigos.<\/p>\n","protected":false},"excerpt":{"rendered":"El elefante quiere balancearse. Pero es tan pesado&#8230;Entonces llega el ping\u00fcino, luego el mono, luego el avestruz y luego&#8230; Una divertida historia sobre un balanc\u00edn para los m\u00e1s peque\u00f1os. De la autora de El pastel est\u00e1 tan arriba, llega esta [&hellip;]","protected":false},"featured_media":17080,"template":"","meta":{"_acf_changed":false,"_exactmetrics_skip_tracking":false,"_exactmetrics_sitenote_active":false,"_exactmetrics_sitenote_note":"","_exactmetrics_sitenote_category":0},"product_brand":[],"product_cat":[898,1136,1156,907,1122],"product_tag":[],"coleccion":[916,1322,1296],"class_list":{"0":"post-6086","1":"product","2":"type-product","3":"status-publish","4":"has-post-thumbnail","6":"product_cat-a-partir-de-2-anos","7":"product_cat-amistad","8":"product_cat-cooperacion","9":"product_cat-de-0-a-2-anos","10":"product_cat-libros-de-carton","11":"coleccion-castellano","12":"coleccion-mejor-con-amigos","13":"coleccion-mis-primeros-libros","15":"first","16":"instock","17":"taxable","18":"shipping-taxable","19":"purchasable","20":"product-type-simple"},"acf":{"autor":"Stra\u00dfer, Susanne ","codart":"4222","ediciones":"2","encuadernacion":"Cart\u00f3n","fecha_de_publicacion":"01\/02\/2017","novedad":"0","paginas":"24","subtitulo":"","texto_web_adicional":"","texto_web_novedad":"","orden":"999","portada":"0","texto_web_resaltado":"","indice":"","autores-libros":[16631],"ilustradores-libros":[16631],"traductores-libros":[18265],"descripcion_corta":"","recomendamos":"","mas_vendido":"","idioma-libro":"","color":false,"formato":"","mas_informacion_del_producto":false,"premios":false,"texto_enlace_cubierta":"","enlace_cubierta":{"ID":24212,"id":24212,"title":"Cover-Tan-ligero-tan-pesado","filename":"Cover-Tan-ligero-tan-pesado.jpg","filesize":148974,"url":"https:\/\/www.editorialjuventud.es\/wp-content\/uploads\/Cover-Tan-ligero-tan-pesado.jpg","link":"https:\/\/www.editorialjuventud.es\/ca\/?attachment_id=24212","alt":"","author":"47","description":"","caption":"","name":"cover-tan-ligero-tan-pesado","status":"inherit","uploaded_to":6086,"date":"2019-04-15 17:02:27","modified":"2019-04-15 17:02:27","menu_order":0,"mime_type":"image\/jpeg","type":"image","subtype":"jpeg","icon":"https:\/\/www.editorialjuventud.es\/wp-includes\/images\/media\/default.png","width":1200,"height":1178,"sizes":{"thumbnail":"https:\/\/www.editorialjuventud.es\/wp-content\/uploads\/Cover-Tan-ligero-tan-pesado-200x200.jpg","thumbnail-width":200,"thumbnail-height":200,"medium":"https:\/\/www.editorialjuventud.es\/wp-content\/uploads\/Cover-Tan-ligero-tan-pesado.jpg","medium-width":1200,"medium-height":1178,"medium_large":"https:\/\/www.editorialjuventud.es\/wp-content\/uploads\/Cover-Tan-ligero-tan-pesado-768x754.jpg","medium_large-width":768,"medium_large-height":754,"large":"https:\/\/www.editorialjuventud.es\/wp-content\/uploads\/Cover-Tan-ligero-tan-pesado.jpg","large-width":1200,"large-height":1178,"1536x1536":"https:\/\/www.editorialjuventud.es\/wp-content\/uploads\/Cover-Tan-ligero-tan-pesado.jpg","1536x1536-width":1200,"1536x1536-height":1178,"2048x2048":"https:\/\/www.editorialjuventud.es\/wp-content\/uploads\/Cover-Tan-ligero-tan-pesado.jpg","2048x2048-width":1200,"2048x2048-height":1178,"woocommerce_thumbnail":"https:\/\/www.editorialjuventud.es\/wp-content\/uploads\/Cover-Tan-ligero-tan-pesado-350x344.jpg","woocommerce_thumbnail-width":350,"woocommerce_thumbnail-height":344,"woocommerce_single":"https:\/\/www.editorialjuventud.es\/wp-content\/uploads\/Cover-Tan-ligero-tan-pesado-900x884.jpg","woocommerce_single-width":900,"woocommerce_single-height":884,"woocommerce_gallery_thumbnail":"https:\/\/www.editorialjuventud.es\/wp-content\/uploads\/Cover-Tan-ligero-tan-pesado-100x100.jpg","woocommerce_gallery_thumbnail-width":100,"woocommerce_gallery_thumbnail-height":100,"ppec_logo_image_size":"https:\/\/www.editorialjuventud.es\/wp-content\/uploads\/Cover-Tan-ligero-tan-pesado.jpg","ppec_logo_image_size-width":61,"ppec_logo_image_size-height":60,"ppec_header_image_size":"https:\/\/www.editorialjuventud.es\/wp-content\/uploads\/Cover-Tan-ligero-tan-pesado.jpg","ppec_header_image_size-width":92,"ppec_header_image_size-height":90}},"texto_enlace_ficha_tecnica":"","enlace_ficha_tecnica":{"ID":24214,"id":24214,"title":"Ficha Tan ligero tan pesado","filename":"Ficha-Tan-ligero-tan-pesado.pdf","filesize":207293,"url":"https:\/\/www.editorialjuventud.es\/wp-content\/uploads\/Ficha-Tan-ligero-tan-pesado.pdf","link":"https:\/\/www.editorialjuventud.es\/ca\/?attachment_id=24214","alt":"","author":"47","description":"","caption":"","name":"ficha-tan-ligero-tan-pesado","status":"inherit","uploaded_to":6086,"date":"2019-04-15 17:02:39","modified":"2019-04-15 17:02:39","menu_order":0,"mime_type":"application\/pdf","type":"application","subtype":"pdf","icon":"https:\/\/www.editorialjuventud.es\/wp-includes\/images\/media\/document.png"},"ficheros":false,"titulo-fr":"","texto-fr":""},"yoast_head":"<!-- This site is optimized with the Yoast SEO plugin v27.3 - https:\/\/yoast.com\/product\/yoast-seo-wordpress\/ -->\n<title>Tan ligero, tan pesado - Editorial Juventud<\/title>\n<meta name=\"description\" content=\"El elefante quiere balancearse. Pero es tan pesado...Entonces llega el ping\u00fcino, luego el mono, luego el avestruz y luego... Una divertida historia sobre\" \/>\n<meta name=\"robots\" content=\"index, follow, max-snippet:-1, max-image-preview:large, max-video-preview:-1\" \/>\n<link rel=\"canonical\" href=\"https:\/\/www.editorialjuventud.es\/tan-ligero-tan-pesado-9788426142221\/\" \/>\n<meta property=\"og:locale\" content=\"ca_ES\" \/>\n<meta property=\"og:type\" content=\"article\" \/>\n<meta property=\"og:title\" content=\"Tan ligero, tan pesado - Editorial Juventud\" \/>\n<meta property=\"og:description\" content=\"El elefante quiere balancearse. Pero es tan pesado...Entonces llega el ping\u00fcino, luego el mono, luego el avestruz y luego... Una divertida historia sobre\" \/>\n<meta property=\"og:url\" content=\"https:\/\/www.editorialjuventud.es\/tan-ligero-tan-pesado-9788426142221\/\" \/>\n<meta property=\"og:site_name\" content=\"Editorial Juventud\" \/>\n<meta property=\"article:modified_time\" content=\"2026-03-26T13:25:18+00:00\" \/>\n<meta property=\"og:image\" content=\"https:\/\/www.editorialjuventud.es\/wp-content\/uploads\/4222.jpg\" \/>\n\t<meta property=\"og:image:width\" content=\"460\" \/>\n\t<meta property=\"og:image:height\" content=\"450\" \/>\n\t<meta property=\"og:image:type\" content=\"image\/jpeg\" \/>\n<meta name=\"twitter:card\" content=\"summary_large_image\" \/>\n<script type=\"application\/ld+json\" class=\"yoast-schema-graph\">{\"@context\":\"https:\\\/\\\/schema.org\",\"@graph\":[{\"@type\":\"WebPage\",\"@id\":\"https:\\\/\\\/www.editorialjuventud.es\\\/tan-ligero-tan-pesado-9788426142221\\\/\",\"url\":\"https:\\\/\\\/www.editorialjuventud.es\\\/tan-ligero-tan-pesado-9788426142221\\\/\",\"name\":\"Tan ligero, tan pesado - Editorial Juventud\",\"isPartOf\":{\"@id\":\"https:\\\/\\\/www.editorialjuventud.es\\\/#website\"},\"primaryImageOfPage\":{\"@id\":\"https:\\\/\\\/www.editorialjuventud.es\\\/tan-ligero-tan-pesado-9788426142221\\\/#primaryimage\"},\"image\":{\"@id\":\"https:\\\/\\\/www.editorialjuventud.es\\\/tan-ligero-tan-pesado-9788426142221\\\/#primaryimage\"},\"thumbnailUrl\":\"https:\\\/\\\/www.editorialjuventud.es\\\/wp-content\\\/uploads\\\/4222.jpg\",\"datePublished\":\"2018-08-24T09:52:06+00:00\",\"dateModified\":\"2026-03-26T13:25:18+00:00\",\"description\":\"El elefante quiere balancearse. Pero es tan pesado...Entonces llega el ping\u00fcino, luego el mono, luego el avestruz y luego... Una divertida historia sobre\",\"breadcrumb\":{\"@id\":\"https:\\\/\\\/www.editorialjuventud.es\\\/tan-ligero-tan-pesado-9788426142221\\\/#breadcrumb\"},\"inLanguage\":\"ca\",\"potentialAction\":[{\"@type\":\"ReadAction\",\"target\":[\"https:\\\/\\\/www.editorialjuventud.es\\\/tan-ligero-tan-pesado-9788426142221\\\/\"]}]},{\"@type\":\"ImageObject\",\"inLanguage\":\"ca\",\"@id\":\"https:\\\/\\\/www.editorialjuventud.es\\\/tan-ligero-tan-pesado-9788426142221\\\/#primaryimage\",\"url\":\"https:\\\/\\\/www.editorialjuventud.es\\\/wp-content\\\/uploads\\\/4222.jpg\",\"contentUrl\":\"https:\\\/\\\/www.editorialjuventud.es\\\/wp-content\\\/uploads\\\/4222.jpg\",\"width\":460,\"height\":450,\"caption\":\"4222.jpg\"},{\"@type\":\"BreadcrumbList\",\"@id\":\"https:\\\/\\\/www.editorialjuventud.es\\\/tan-ligero-tan-pesado-9788426142221\\\/#breadcrumb\",\"itemListElement\":[{\"@type\":\"ListItem\",\"position\":1,\"name\":\"Portada\",\"item\":\"https:\\\/\\\/www.editorialjuventud.es\\\/\"},{\"@type\":\"ListItem\",\"position\":2,\"name\":\"cat\u00e1logo\",\"item\":\"https:\\\/\\\/www.editorialjuventud.es\\\/coleccion\\\/catalogo\\\/\"},{\"@type\":\"ListItem\",\"position\":3,\"name\":\"castellano\",\"item\":\"https:\\\/\\\/www.editorialjuventud.es\\\/coleccion\\\/castellano\\\/\"},{\"@type\":\"ListItem\",\"position\":4,\"name\":\"Mis Primeros Libros\",\"item\":\"https:\\\/\\\/www.editorialjuventud.es\\\/coleccion\\\/mis-primeros-libros\\\/\"},{\"@type\":\"ListItem\",\"position\":5,\"name\":\"Mejor con Amigos\",\"item\":\"https:\\\/\\\/www.editorialjuventud.es\\\/ca\\\/coleccion\\\/mejor-con-amigos\\\/\"},{\"@type\":\"ListItem\",\"position\":6,\"name\":\"Tan ligero, tan pesado\"}]},{\"@type\":\"WebSite\",\"@id\":\"https:\\\/\\\/www.editorialjuventud.es\\\/#website\",\"url\":\"https:\\\/\\\/www.editorialjuventud.es\\\/\",\"name\":\"Editorial Juventud\",\"description\":\"\",\"potentialAction\":[{\"@type\":\"SearchAction\",\"target\":{\"@type\":\"EntryPoint\",\"urlTemplate\":\"https:\\\/\\\/www.editorialjuventud.es\\\/?s={search_term_string}\"},\"query-input\":{\"@type\":\"PropertyValueSpecification\",\"valueRequired\":true,\"valueName\":\"search_term_string\"}}],\"inLanguage\":\"ca\"}]}<\/script>\n<!-- \/ Yoast SEO plugin. -->","yoast_head_json":{"title":"Tan ligero, tan pesado - Editorial Juventud","description":"El elefante quiere balancearse. Pero es tan pesado...Entonces llega el ping\u00fcino, luego el mono, luego el avestruz y luego... Una divertida historia sobre","robots":{"index":"index","follow":"follow","max-snippet":"max-snippet:-1","max-image-preview":"max-image-preview:large","max-video-preview":"max-video-preview:-1"},"canonical":"https:\/\/www.editorialjuventud.es\/tan-ligero-tan-pesado-9788426142221\/","og_locale":"ca_ES","og_type":"article","og_title":"Tan ligero, tan pesado - Editorial Juventud","og_description":"El elefante quiere balancearse. Pero es tan pesado...Entonces llega el ping\u00fcino, luego el mono, luego el avestruz y luego... Una divertida historia sobre","og_url":"https:\/\/www.editorialjuventud.es\/tan-ligero-tan-pesado-9788426142221\/","og_site_name":"Editorial Juventud","article_modified_time":"2026-03-26T13:25:18+00:00","og_image":[{"width":460,"height":450,"url":"https:\/\/www.editorialjuventud.es\/wp-content\/uploads\/4222.jpg","type":"image\/jpeg"}],"twitter_card":"summary_large_image","schema":{"@context":"https:\/\/schema.org","@graph":[{"@type":"WebPage","@id":"https:\/\/www.editorialjuventud.es\/tan-ligero-tan-pesado-9788426142221\/","url":"https:\/\/www.editorialjuventud.es\/tan-ligero-tan-pesado-9788426142221\/","name":"Tan ligero, tan pesado - Editorial Juventud","isPartOf":{"@id":"https:\/\/www.editorialjuventud.es\/#website"},"primaryImageOfPage":{"@id":"https:\/\/www.editorialjuventud.es\/tan-ligero-tan-pesado-9788426142221\/#primaryimage"},"image":{"@id":"https:\/\/www.editorialjuventud.es\/tan-ligero-tan-pesado-9788426142221\/#primaryimage"},"thumbnailUrl":"https:\/\/www.editorialjuventud.es\/wp-content\/uploads\/4222.jpg","datePublished":"2018-08-24T09:52:06+00:00","dateModified":"2026-03-26T13:25:18+00:00","description":"El elefante quiere balancearse. Pero es tan pesado...Entonces llega el ping\u00fcino, luego el mono, luego el avestruz y luego... Una divertida historia sobre","breadcrumb":{"@id":"https:\/\/www.editorialjuventud.es\/tan-ligero-tan-pesado-9788426142221\/#breadcrumb"},"inLanguage":"ca","potentialAction":[{"@type":"ReadAction","target":["https:\/\/www.editorialjuventud.es\/tan-ligero-tan-pesado-9788426142221\/"]}]},{"@type":"ImageObject","inLanguage":"ca","@id":"https:\/\/www.editorialjuventud.es\/tan-ligero-tan-pesado-9788426142221\/#primaryimage","url":"https:\/\/www.editorialjuventud.es\/wp-content\/uploads\/4222.jpg","contentUrl":"https:\/\/www.editorialjuventud.es\/wp-content\/uploads\/4222.jpg","width":460,"height":450,"caption":"4222.jpg"},{"@type":"BreadcrumbList","@id":"https:\/\/www.editorialjuventud.es\/tan-ligero-tan-pesado-9788426142221\/#breadcrumb","itemListElement":[{"@type":"ListItem","position":1,"name":"Portada","item":"https:\/\/www.editorialjuventud.es\/"},{"@type":"ListItem","position":2,"name":"cat\u00e1logo","item":"https:\/\/www.editorialjuventud.es\/coleccion\/catalogo\/"},{"@type":"ListItem","position":3,"name":"castellano","item":"https:\/\/www.editorialjuventud.es\/coleccion\/castellano\/"},{"@type":"ListItem","position":4,"name":"Mis Primeros Libros","item":"https:\/\/www.editorialjuventud.es\/coleccion\/mis-primeros-libros\/"},{"@type":"ListItem","position":5,"name":"Mejor con Amigos","item":"https:\/\/www.editorialjuventud.es\/ca\/coleccion\/mejor-con-amigos\/"},{"@type":"ListItem","position":6,"name":"Tan ligero, tan pesado"}]},{"@type":"WebSite","@id":"https:\/\/www.editorialjuventud.es\/#website","url":"https:\/\/www.editorialjuventud.es\/","name":"Editorial Juventud","description":"","potentialAction":[{"@type":"SearchAction","target":{"@type":"EntryPoint","urlTemplate":"https:\/\/www.editorialjuventud.es\/?s={search_term_string}"},"query-input":{"@type":"PropertyValueSpecification","valueRequired":true,"valueName":"search_term_string"}}],"inLanguage":"ca"}]}},"_links":{"self":[{"href":"https:\/\/www.editorialjuventud.es\/ca\/wp-json\/wp\/v2\/product\/6086","targetHints":{"allow":["GET"]}}],"collection":[{"href":"https:\/\/www.editorialjuventud.es\/ca\/wp-json\/wp\/v2\/product"}],"about":[{"href":"https:\/\/www.editorialjuventud.es\/ca\/wp-json\/wp\/v2\/types\/product"}],"wp:featuredmedia":[{"embeddable":true,"href":"https:\/\/www.editorialjuventud.es\/ca\/wp-json\/wp\/v2\/media\/17080"}],"wp:attachment":[{"href":"https:\/\/www.editorialjuventud.es\/ca\/wp-json\/wp\/v2\/media?parent=6086"}],"wp:term":[{"taxonomy":"product_brand","embeddable":true,"href":"https:\/\/www.editorialjuventud.es\/ca\/wp-json\/wp\/v2\/product_brand?post=6086"},{"taxonomy":"product_cat","embeddable":true,"href":"https:\/\/www.editorialjuventud.es\/ca\/wp-json\/wp\/v2\/product_cat?post=6086"},{"taxonomy":"product_tag","embeddable":true,"href":"https:\/\/www.editorialjuventud.es\/ca\/wp-json\/wp\/v2\/product_tag?post=6086"},{"taxonomy":"coleccion","embeddable":true,"href":"https:\/\/www.editorialjuventud.es\/ca\/wp-json\/wp\/v2\/coleccion?post=6086"}],"curies":[{"name":"wp","href":"https:\/\/api.w.org\/{rel}","templated":true}]}}