{"id":6085,"date":"2018-08-24T13:52:02","date_gmt":"2018-08-24T09:52:02","guid":{"rendered":"http:\/\/www.editorialjuventud.es\/mama-quiero-ser-pastelero\/"},"modified":"2025-01-22T13:14:47","modified_gmt":"2025-01-22T12:14:47","slug":"mama-quiero-ser-pastelero-9788426142214","status":"publish","type":"product","link":"https:\/\/www.editorialjuventud.es\/ca\/mama-quiero-ser-pastelero-9788426142214\/","title":{"rendered":"\u00a1Mam\u00e1, quiero ser pastelero!"},"content":{"rendered":"<p>Libro de recetas de postres para ni\u00f1os a los que les gusta mancharse las manos amasando y pringarse de chocolate. M\u00e1s de 60 recetas sorprendentes de Sergi Vela adaptadas para los m\u00e1s peques de la casa: creaciones de alta pasteler\u00eda pero con una preparaci\u00f3n e ingredientes f\u00e1ciles de conseguir. Con contenidos de historia, t\u00e9rminos de pasteler\u00eda, utensilios, ingredientes, t\u00e9cnicas y consejos para conseguir ser un verdadero pastelero.<\/p>\n","protected":false},"excerpt":{"rendered":"Libro de recetas de postres para ni\u00f1os a los que les gusta mancharse las manos amasando y pringarse de chocolate. M\u00e1s de 60 recetas sorprendentes de Sergi Vela adaptadas para los m\u00e1s peques de la casa: creaciones de alta pasteler\u00eda [&hellip;]","protected":false},"featured_media":17078,"template":"","meta":{"_acf_changed":false,"_exactmetrics_skip_tracking":false,"_exactmetrics_sitenote_active":false,"_exactmetrics_sitenote_note":"","_exactmetrics_sitenote_category":0},"product_brand":[],"product_cat":[902,905,1151,1124],"product_tag":[],"coleccion":[1001,933],"class_list":{"0":"post-6085","1":"product","2":"type-product","3":"status-publish","4":"has-post-thumbnail","6":"product_cat-a-partir-de-7-anos","7":"product_cat-adulto","8":"product_cat-cocina-tematica","9":"product_cat-cocina","10":"coleccion-cocina-para-ninos","11":"coleccion-gastronomia-y-reposteria","13":"first","14":"instock","15":"taxable","16":"shipping-taxable","17":"purchasable","18":"product-type-simple"},"acf":{"autor":"Vela, Sergi","codart":"4221","ediciones":"1","encuadernacion":"R\u00fastica","fecha_de_publicacion":"01\/09\/2015","novedad":"0","paginas":"192","subtitulo":"Aprendiendo con Sergi Vela","texto_web_adicional":"","texto_web_novedad":"","orden":"999","portada":"0","texto_web_resaltado":"","indice":"","autores-libros":[16664],"ilustradores-libros":"","traductores-libros":"","descripcion_corta":"","recomendamos":"","mas_vendido":"","color":false,"formato":"","mas_informacion_del_producto":false,"premios":false,"texto_enlace_cubierta":"","enlace_cubierta":false,"texto_enlace_ficha_tecnica":"","enlace_ficha_tecnica":false,"ficheros":false,"titulo-fr":"Mum, I Want To Be A Pastry Chef!","texto-fr":"<p><img loading=\"lazy\" decoding=\"async\" class=\"aligncenter size-full wp-image-24765\" src=\"http:\/\/www.editorialjuventud.es\/wp-content\/uploads\/6.png\" alt=\"\" width=\"43\" height=\"43\" \/><\/p>\n<p><em>Mum, I want to be a pastry chef!<\/em> it\u2019s a book for children who love to cook and end up with chocolate everywhere discovering new flavours. Parents will also have a good time cooking with the younger ones sharing stoves and aprons.<\/p>\n<p>A book full of recipes with specific vocabulary, ingredients, tricks and tips\u2026, all explained in both professional and easy way for children to learn and enjoy cooking\u2026, as real pastry chefs!<\/p>\n<hr \/>\n<p><img loading=\"lazy\" decoding=\"async\" class=\"alignnone size-full wp-image-19181\" src=\"http:\/\/www.editorialjuventud.es\/wp-content\/uploads\/Sergi-Vela-1.jpg\" alt=\"\" width=\"189\" height=\"147\" \/><\/p>\n<h2><strong>Sergi Vela<\/strong><\/h2>\n<h6><\/h6>\n<p>Sergi Vela\u2019s mastery of pastry can be well expressed as accurate, scientific, and above all, excellent. He has developed his professional skills in the best bakeries of Barcelona, where he decided to focus on the art of confectionary and work as a chocolatier. Vela is also familiar with the restaurant industry due to his time with the emblematic Mart\u00edn Berasategui restaurant or his appointment as head pastry chef at Drolma de Ferm\u00ed Puig in Hotel Majestic. At the moment Sergi Vela is teaching at \u00abEscuela de Hoteler\u00eda y Turismo de Barcelona\u00bb. He also provides training and gives demonstrations on high-end patisserie products both in Spain and overseas.<\/p>\n<hr \/>\n<p>&nbsp;<\/p>\n<h5>\u00a0<span style=\"color: #008ca9;\">\u203a\u00a0<span style=\"text-decoration: underline;\"><strong><a href=\"http:\/\/www.editorialjuventud.es\/wp-content\/uploads\/Ficha-FR-Mum-I-Want-To-Be-a-Pastry-Chef.pdf\" target=\"_blank\" rel=\"noopener\">Fact Sheet<\/a><\/strong><\/span><\/span><\/h5>\n","idioma-libro":""},"yoast_head":"<!-- This site is optimized with the Yoast SEO plugin v27.5 - https:\/\/yoast.com\/product\/yoast-seo-wordpress\/ -->\n<title>\u00a1Mam\u00e1, quiero ser pastelero! - Editorial Juventud<\/title>\n<meta name=\"description\" content=\"Libro de recetas de postres para ni\u00f1os a los que les gusta mancharse las manos amasando y pringarse de chocolate. M\u00e1s de 60 recetas sorprendentes de Sergi\" \/>\n<meta name=\"robots\" content=\"index, follow, max-snippet:-1, max-image-preview:large, max-video-preview:-1\" \/>\n<link rel=\"canonical\" href=\"https:\/\/www.editorialjuventud.es\/mama-quiero-ser-pastelero-9788426142214\/\" \/>\n<meta property=\"og:locale\" content=\"ca_ES\" \/>\n<meta property=\"og:type\" content=\"article\" \/>\n<meta property=\"og:title\" content=\"\u00a1Mam\u00e1, quiero ser pastelero! - Editorial Juventud\" \/>\n<meta property=\"og:description\" content=\"Libro de recetas de postres para ni\u00f1os a los que les gusta mancharse las manos amasando y pringarse de chocolate. M\u00e1s de 60 recetas sorprendentes de Sergi\" \/>\n<meta property=\"og:url\" content=\"https:\/\/www.editorialjuventud.es\/mama-quiero-ser-pastelero-9788426142214\/\" \/>\n<meta property=\"og:site_name\" content=\"Editorial Juventud\" \/>\n<meta property=\"article:modified_time\" content=\"2025-01-22T12:14:47+00:00\" \/>\n<meta property=\"og:image\" content=\"https:\/\/www.editorialjuventud.es\/wp-content\/uploads\/4221.jpg\" \/>\n\t<meta property=\"og:image:width\" content=\"436\" \/>\n\t<meta property=\"og:image:height\" content=\"450\" \/>\n\t<meta property=\"og:image:type\" content=\"image\/jpeg\" \/>\n<meta name=\"twitter:card\" content=\"summary_large_image\" \/>\n<script type=\"application\/ld+json\" class=\"yoast-schema-graph\">{\"@context\":\"https:\\\/\\\/schema.org\",\"@graph\":[{\"@type\":\"WebPage\",\"@id\":\"https:\\\/\\\/www.editorialjuventud.es\\\/mama-quiero-ser-pastelero-9788426142214\\\/\",\"url\":\"https:\\\/\\\/www.editorialjuventud.es\\\/mama-quiero-ser-pastelero-9788426142214\\\/\",\"name\":\"\u00a1Mam\u00e1, quiero ser pastelero! - Editorial Juventud\",\"isPartOf\":{\"@id\":\"https:\\\/\\\/www.editorialjuventud.es\\\/#website\"},\"primaryImageOfPage\":{\"@id\":\"https:\\\/\\\/www.editorialjuventud.es\\\/mama-quiero-ser-pastelero-9788426142214\\\/#primaryimage\"},\"image\":{\"@id\":\"https:\\\/\\\/www.editorialjuventud.es\\\/mama-quiero-ser-pastelero-9788426142214\\\/#primaryimage\"},\"thumbnailUrl\":\"https:\\\/\\\/www.editorialjuventud.es\\\/wp-content\\\/uploads\\\/4221.jpg\",\"datePublished\":\"2018-08-24T09:52:02+00:00\",\"dateModified\":\"2025-01-22T12:14:47+00:00\",\"description\":\"Libro de recetas de postres para ni\u00f1os a los que les gusta mancharse las manos amasando y pringarse de chocolate. M\u00e1s de 60 recetas sorprendentes de Sergi\",\"breadcrumb\":{\"@id\":\"https:\\\/\\\/www.editorialjuventud.es\\\/mama-quiero-ser-pastelero-9788426142214\\\/#breadcrumb\"},\"inLanguage\":\"ca\",\"potentialAction\":[{\"@type\":\"ReadAction\",\"target\":[\"https:\\\/\\\/www.editorialjuventud.es\\\/mama-quiero-ser-pastelero-9788426142214\\\/\"]}]},{\"@type\":\"ImageObject\",\"inLanguage\":\"ca\",\"@id\":\"https:\\\/\\\/www.editorialjuventud.es\\\/mama-quiero-ser-pastelero-9788426142214\\\/#primaryimage\",\"url\":\"https:\\\/\\\/www.editorialjuventud.es\\\/wp-content\\\/uploads\\\/4221.jpg\",\"contentUrl\":\"https:\\\/\\\/www.editorialjuventud.es\\\/wp-content\\\/uploads\\\/4221.jpg\",\"width\":436,\"height\":450,\"caption\":\"4221.jpg\"},{\"@type\":\"BreadcrumbList\",\"@id\":\"https:\\\/\\\/www.editorialjuventud.es\\\/mama-quiero-ser-pastelero-9788426142214\\\/#breadcrumb\",\"itemListElement\":[{\"@type\":\"ListItem\",\"position\":1,\"name\":\"Portada\",\"item\":\"https:\\\/\\\/www.editorialjuventud.es\\\/\"},{\"@type\":\"ListItem\",\"position\":2,\"name\":\"cat\u00e1logo\",\"item\":\"https:\\\/\\\/www.editorialjuventud.es\\\/coleccion\\\/catalogo\\\/\"},{\"@type\":\"ListItem\",\"position\":3,\"name\":\"castellano\",\"item\":\"https:\\\/\\\/www.editorialjuventud.es\\\/coleccion\\\/castellano\\\/\"},{\"@type\":\"ListItem\",\"position\":4,\"name\":\"Gastronom\u00eda y Reposter\u00eda\",\"item\":\"https:\\\/\\\/www.editorialjuventud.es\\\/coleccion\\\/gastronomia-y-reposteria\\\/\"},{\"@type\":\"ListItem\",\"position\":5,\"name\":\"Cocina para Ni\u00f1os\",\"item\":\"https:\\\/\\\/www.editorialjuventud.es\\\/ca\\\/coleccion\\\/cocina-para-ninos\\\/\"},{\"@type\":\"ListItem\",\"position\":6,\"name\":\"\u00a1Mam\u00e1, quiero ser pastelero!\"}]},{\"@type\":\"WebSite\",\"@id\":\"https:\\\/\\\/www.editorialjuventud.es\\\/#website\",\"url\":\"https:\\\/\\\/www.editorialjuventud.es\\\/\",\"name\":\"Editorial Juventud\",\"description\":\"\",\"potentialAction\":[{\"@type\":\"SearchAction\",\"target\":{\"@type\":\"EntryPoint\",\"urlTemplate\":\"https:\\\/\\\/www.editorialjuventud.es\\\/?s={search_term_string}\"},\"query-input\":{\"@type\":\"PropertyValueSpecification\",\"valueRequired\":true,\"valueName\":\"search_term_string\"}}],\"inLanguage\":\"ca\"}]}<\/script>\n<!-- \/ Yoast SEO plugin. -->","yoast_head_json":{"title":"\u00a1Mam\u00e1, quiero ser pastelero! - Editorial Juventud","description":"Libro de recetas de postres para ni\u00f1os a los que les gusta mancharse las manos amasando y pringarse de chocolate. M\u00e1s de 60 recetas sorprendentes de Sergi","robots":{"index":"index","follow":"follow","max-snippet":"max-snippet:-1","max-image-preview":"max-image-preview:large","max-video-preview":"max-video-preview:-1"},"canonical":"https:\/\/www.editorialjuventud.es\/mama-quiero-ser-pastelero-9788426142214\/","og_locale":"ca_ES","og_type":"article","og_title":"\u00a1Mam\u00e1, quiero ser pastelero! - Editorial Juventud","og_description":"Libro de recetas de postres para ni\u00f1os a los que les gusta mancharse las manos amasando y pringarse de chocolate. M\u00e1s de 60 recetas sorprendentes de Sergi","og_url":"https:\/\/www.editorialjuventud.es\/mama-quiero-ser-pastelero-9788426142214\/","og_site_name":"Editorial Juventud","article_modified_time":"2025-01-22T12:14:47+00:00","og_image":[{"width":436,"height":450,"url":"https:\/\/www.editorialjuventud.es\/wp-content\/uploads\/4221.jpg","type":"image\/jpeg"}],"twitter_card":"summary_large_image","schema":{"@context":"https:\/\/schema.org","@graph":[{"@type":"WebPage","@id":"https:\/\/www.editorialjuventud.es\/mama-quiero-ser-pastelero-9788426142214\/","url":"https:\/\/www.editorialjuventud.es\/mama-quiero-ser-pastelero-9788426142214\/","name":"\u00a1Mam\u00e1, quiero ser pastelero! - Editorial Juventud","isPartOf":{"@id":"https:\/\/www.editorialjuventud.es\/#website"},"primaryImageOfPage":{"@id":"https:\/\/www.editorialjuventud.es\/mama-quiero-ser-pastelero-9788426142214\/#primaryimage"},"image":{"@id":"https:\/\/www.editorialjuventud.es\/mama-quiero-ser-pastelero-9788426142214\/#primaryimage"},"thumbnailUrl":"https:\/\/www.editorialjuventud.es\/wp-content\/uploads\/4221.jpg","datePublished":"2018-08-24T09:52:02+00:00","dateModified":"2025-01-22T12:14:47+00:00","description":"Libro de recetas de postres para ni\u00f1os a los que les gusta mancharse las manos amasando y pringarse de chocolate. M\u00e1s de 60 recetas sorprendentes de Sergi","breadcrumb":{"@id":"https:\/\/www.editorialjuventud.es\/mama-quiero-ser-pastelero-9788426142214\/#breadcrumb"},"inLanguage":"ca","potentialAction":[{"@type":"ReadAction","target":["https:\/\/www.editorialjuventud.es\/mama-quiero-ser-pastelero-9788426142214\/"]}]},{"@type":"ImageObject","inLanguage":"ca","@id":"https:\/\/www.editorialjuventud.es\/mama-quiero-ser-pastelero-9788426142214\/#primaryimage","url":"https:\/\/www.editorialjuventud.es\/wp-content\/uploads\/4221.jpg","contentUrl":"https:\/\/www.editorialjuventud.es\/wp-content\/uploads\/4221.jpg","width":436,"height":450,"caption":"4221.jpg"},{"@type":"BreadcrumbList","@id":"https:\/\/www.editorialjuventud.es\/mama-quiero-ser-pastelero-9788426142214\/#breadcrumb","itemListElement":[{"@type":"ListItem","position":1,"name":"Portada","item":"https:\/\/www.editorialjuventud.es\/"},{"@type":"ListItem","position":2,"name":"cat\u00e1logo","item":"https:\/\/www.editorialjuventud.es\/coleccion\/catalogo\/"},{"@type":"ListItem","position":3,"name":"castellano","item":"https:\/\/www.editorialjuventud.es\/coleccion\/castellano\/"},{"@type":"ListItem","position":4,"name":"Gastronom\u00eda y Reposter\u00eda","item":"https:\/\/www.editorialjuventud.es\/coleccion\/gastronomia-y-reposteria\/"},{"@type":"ListItem","position":5,"name":"Cocina para Ni\u00f1os","item":"https:\/\/www.editorialjuventud.es\/ca\/coleccion\/cocina-para-ninos\/"},{"@type":"ListItem","position":6,"name":"\u00a1Mam\u00e1, quiero ser pastelero!"}]},{"@type":"WebSite","@id":"https:\/\/www.editorialjuventud.es\/#website","url":"https:\/\/www.editorialjuventud.es\/","name":"Editorial Juventud","description":"","potentialAction":[{"@type":"SearchAction","target":{"@type":"EntryPoint","urlTemplate":"https:\/\/www.editorialjuventud.es\/?s={search_term_string}"},"query-input":{"@type":"PropertyValueSpecification","valueRequired":true,"valueName":"search_term_string"}}],"inLanguage":"ca"}]}},"_links":{"self":[{"href":"https:\/\/www.editorialjuventud.es\/ca\/wp-json\/wp\/v2\/product\/6085","targetHints":{"allow":["GET"]}}],"collection":[{"href":"https:\/\/www.editorialjuventud.es\/ca\/wp-json\/wp\/v2\/product"}],"about":[{"href":"https:\/\/www.editorialjuventud.es\/ca\/wp-json\/wp\/v2\/types\/product"}],"wp:featuredmedia":[{"embeddable":true,"href":"https:\/\/www.editorialjuventud.es\/ca\/wp-json\/wp\/v2\/media\/17078"}],"wp:attachment":[{"href":"https:\/\/www.editorialjuventud.es\/ca\/wp-json\/wp\/v2\/media?parent=6085"}],"wp:term":[{"taxonomy":"product_brand","embeddable":true,"href":"https:\/\/www.editorialjuventud.es\/ca\/wp-json\/wp\/v2\/product_brand?post=6085"},{"taxonomy":"product_cat","embeddable":true,"href":"https:\/\/www.editorialjuventud.es\/ca\/wp-json\/wp\/v2\/product_cat?post=6085"},{"taxonomy":"product_tag","embeddable":true,"href":"https:\/\/www.editorialjuventud.es\/ca\/wp-json\/wp\/v2\/product_tag?post=6085"},{"taxonomy":"coleccion","embeddable":true,"href":"https:\/\/www.editorialjuventud.es\/ca\/wp-json\/wp\/v2\/coleccion?post=6085"}],"curies":[{"name":"wp","href":"https:\/\/api.w.org\/{rel}","templated":true}]}}