{"id":6078,"date":"2018-08-24T10:51:30","date_gmt":"2018-08-24T08:51:30","guid":{"rendered":"http:\/\/www.editorialjuventud.es\/la-isla-del-tesoro-2\/"},"modified":"2020-03-09T12:11:24","modified_gmt":"2020-03-09T11:11:24","slug":"la-isla-del-tesoro-9788426142153","status":"publish","type":"product","link":"https:\/\/www.editorialjuventud.es\/ca\/la-isla-del-tesoro-9788426142153\/","title":{"rendered":"La Isla del Tesoro"},"content":{"rendered":"<p>Para Jim Hawkins todo empez\u00f3 a cambiar cuando un viejo lobo de mar, gran aficionado al ron, decidi\u00f3 instalarse en la posada de su padre. Aunque la aventura realmente comienza cuando Jim descubre el mapa del tesoro y conoce a John Silver. Robert Louis Stevenson public\u00f3 <em>La Isla del Tesoro<\/em> en 1883 y, desde entonces, se ha convertido en la novela de piratas por excelencia, y en la que se han inspirado todos los autores que han cultivado este g\u00e9nero literario.<\/p>\n<p>La magn\u00edfica traducci\u00f3n de Jos\u00e9 Torroba y las ilustraciones de Yorick hacen que la lectura de esta edici\u00f3n se convierta en un verdadero placer para lectores de todas las edades.<\/p>\n<p>Ilustraci\u00f3n de cubierta: Albert Asensio<\/p>\n","protected":false},"excerpt":{"rendered":"Para Jim Hawkins todo empez\u00f3 a cambiar cuando un viejo lobo de mar, gran aficionado al ron, decidi\u00f3 instalarse en la posada de su padre. Aunque la aventura realmente comienza cuando Jim descubre el mapa del tesoro y conoce a [&hellip;]","protected":false},"featured_media":13603,"template":"","meta":{"_acf_changed":false,"_exactmetrics_skip_tracking":false,"_exactmetrics_sitenote_active":false,"_exactmetrics_sitenote_note":"","_exactmetrics_sitenote_category":0},"product_brand":[],"product_cat":[897,1142,1143,892,1115,1193,1119,1128],"product_tag":[],"coleccion":[916,1025,1086],"class_list":{"0":"post-6078","1":"product","2":"type-product","3":"status-publish","4":"has-post-thumbnail","6":"product_cat-a-partir-de-13-anos","7":"product_cat-aventura","8":"product_cat-barcos","9":"product_cat-edades","10":"product_cat-generos","11":"product_cat-mar-oceano","12":"product_cat-narrativa-juvenil","13":"product_cat-tematica","14":"coleccion-castellano","15":"coleccion-coleccion-juventud","16":"coleccion-narrativa-juvenil-castellano","18":"first","19":"instock","20":"taxable","21":"shipping-taxable","22":"purchasable","23":"product-type-simple"},"acf":{"autor":"STEVENSON, ROBET L.","codart":"4215","ediciones":"3","encuadernacion":"Carton\u00e9","fecha_de_publicacion":"01\/05\/2015","novedad":"0","paginas":"296","subtitulo":"","texto_web_adicional":"","texto_web_novedad":"","orden":"999","portada":"0","texto_web_resaltado":"","indice":"","autores-libros":[16627],"ilustradores-libros":[35969],"traductores-libros":[18277],"fecha_de_reimpresion":"01\/03\/2020","descripcion_corta":"","recomendamos":"","mas_vendido":"","idioma-libro":"","color":false,"formato":"","mas_informacion_del_producto":false,"premios":false,"texto_enlace_cubierta":"","enlace_cubierta":false,"texto_enlace_ficha_tecnica":"","enlace_ficha_tecnica":false,"ficheros":false,"titulo-fr":"","texto-fr":""},"yoast_head":"<!-- This site is optimized with the Yoast SEO plugin v27.5 - https:\/\/yoast.com\/product\/yoast-seo-wordpress\/ -->\n<title>La Isla del Tesoro - Editorial Juventud<\/title>\n<meta name=\"description\" content=\"Para Jim Hawkins todo empez\u00f3 a cambiar cuando un viejo lobo de mar, gran aficionado al ron, decidi\u00f3 instalarse en la posada de su padre. Aunque la\" \/>\n<meta name=\"robots\" content=\"index, follow, max-snippet:-1, max-image-preview:large, max-video-preview:-1\" \/>\n<link rel=\"canonical\" href=\"https:\/\/www.editorialjuventud.es\/la-isla-del-tesoro-9788426142153\/\" \/>\n<meta property=\"og:locale\" content=\"ca_ES\" \/>\n<meta property=\"og:type\" content=\"article\" \/>\n<meta property=\"og:title\" content=\"La Isla del Tesoro - Editorial Juventud\" \/>\n<meta property=\"og:description\" content=\"Para Jim Hawkins todo empez\u00f3 a cambiar cuando un viejo lobo de mar, gran aficionado al ron, decidi\u00f3 instalarse en la posada de su padre. Aunque la\" \/>\n<meta property=\"og:url\" content=\"https:\/\/www.editorialjuventud.es\/la-isla-del-tesoro-9788426142153\/\" \/>\n<meta property=\"og:site_name\" content=\"Editorial Juventud\" \/>\n<meta property=\"article:modified_time\" content=\"2020-03-09T11:11:24+00:00\" \/>\n<meta property=\"og:image\" content=\"https:\/\/www.editorialjuventud.es\/wp-content\/uploads\/4215.jpg\" \/>\n\t<meta property=\"og:image:width\" content=\"284\" \/>\n\t<meta property=\"og:image:height\" content=\"450\" \/>\n\t<meta property=\"og:image:type\" content=\"image\/jpeg\" \/>\n<meta name=\"twitter:card\" content=\"summary_large_image\" \/>\n<meta name=\"twitter:label1\" content=\"Temps estimat de lectura\" \/>\n\t<meta name=\"twitter:data1\" content=\"1 minut\" \/>\n<script type=\"application\/ld+json\" class=\"yoast-schema-graph\">{\"@context\":\"https:\\\/\\\/schema.org\",\"@graph\":[{\"@type\":\"WebPage\",\"@id\":\"https:\\\/\\\/www.editorialjuventud.es\\\/la-isla-del-tesoro-9788426142153\\\/\",\"url\":\"https:\\\/\\\/www.editorialjuventud.es\\\/la-isla-del-tesoro-9788426142153\\\/\",\"name\":\"La Isla del Tesoro - Editorial Juventud\",\"isPartOf\":{\"@id\":\"https:\\\/\\\/www.editorialjuventud.es\\\/#website\"},\"primaryImageOfPage\":{\"@id\":\"https:\\\/\\\/www.editorialjuventud.es\\\/la-isla-del-tesoro-9788426142153\\\/#primaryimage\"},\"image\":{\"@id\":\"https:\\\/\\\/www.editorialjuventud.es\\\/la-isla-del-tesoro-9788426142153\\\/#primaryimage\"},\"thumbnailUrl\":\"https:\\\/\\\/www.editorialjuventud.es\\\/wp-content\\\/uploads\\\/4215.jpg\",\"datePublished\":\"2018-08-24T08:51:30+00:00\",\"dateModified\":\"2020-03-09T11:11:24+00:00\",\"description\":\"Para Jim Hawkins todo empez\u00f3 a cambiar cuando un viejo lobo de mar, gran aficionado al ron, decidi\u00f3 instalarse en la posada de su padre. Aunque la\",\"breadcrumb\":{\"@id\":\"https:\\\/\\\/www.editorialjuventud.es\\\/la-isla-del-tesoro-9788426142153\\\/#breadcrumb\"},\"inLanguage\":\"ca\",\"potentialAction\":[{\"@type\":\"ReadAction\",\"target\":[\"https:\\\/\\\/www.editorialjuventud.es\\\/la-isla-del-tesoro-9788426142153\\\/\"]}]},{\"@type\":\"ImageObject\",\"inLanguage\":\"ca\",\"@id\":\"https:\\\/\\\/www.editorialjuventud.es\\\/la-isla-del-tesoro-9788426142153\\\/#primaryimage\",\"url\":\"https:\\\/\\\/www.editorialjuventud.es\\\/wp-content\\\/uploads\\\/4215.jpg\",\"contentUrl\":\"https:\\\/\\\/www.editorialjuventud.es\\\/wp-content\\\/uploads\\\/4215.jpg\",\"width\":284,\"height\":450,\"caption\":\"4215.jpg\"},{\"@type\":\"BreadcrumbList\",\"@id\":\"https:\\\/\\\/www.editorialjuventud.es\\\/la-isla-del-tesoro-9788426142153\\\/#breadcrumb\",\"itemListElement\":[{\"@type\":\"ListItem\",\"position\":1,\"name\":\"Portada\",\"item\":\"https:\\\/\\\/www.editorialjuventud.es\\\/\"},{\"@type\":\"ListItem\",\"position\":2,\"name\":\"cat\u00e1logo\",\"item\":\"https:\\\/\\\/www.editorialjuventud.es\\\/coleccion\\\/catalogo\\\/\"},{\"@type\":\"ListItem\",\"position\":3,\"name\":\"castellano\",\"item\":\"https:\\\/\\\/www.editorialjuventud.es\\\/coleccion\\\/castellano\\\/\"},{\"@type\":\"ListItem\",\"position\":4,\"name\":\"Narrativa Juvenil\",\"item\":\"https:\\\/\\\/www.editorialjuventud.es\\\/coleccion\\\/narrativa-juvenil-castellano\\\/\"},{\"@type\":\"ListItem\",\"position\":5,\"name\":\"Colecci\u00f3n Juventud\",\"item\":\"https:\\\/\\\/www.editorialjuventud.es\\\/coleccion\\\/coleccion-juventud\\\/\"},{\"@type\":\"ListItem\",\"position\":6,\"name\":\"La Isla del Tesoro\"}]},{\"@type\":\"WebSite\",\"@id\":\"https:\\\/\\\/www.editorialjuventud.es\\\/#website\",\"url\":\"https:\\\/\\\/www.editorialjuventud.es\\\/\",\"name\":\"Editorial Juventud\",\"description\":\"\",\"potentialAction\":[{\"@type\":\"SearchAction\",\"target\":{\"@type\":\"EntryPoint\",\"urlTemplate\":\"https:\\\/\\\/www.editorialjuventud.es\\\/?s={search_term_string}\"},\"query-input\":{\"@type\":\"PropertyValueSpecification\",\"valueRequired\":true,\"valueName\":\"search_term_string\"}}],\"inLanguage\":\"ca\"}]}<\/script>\n<!-- \/ Yoast SEO plugin. -->","yoast_head_json":{"title":"La Isla del Tesoro - Editorial Juventud","description":"Para Jim Hawkins todo empez\u00f3 a cambiar cuando un viejo lobo de mar, gran aficionado al ron, decidi\u00f3 instalarse en la posada de su padre. Aunque la","robots":{"index":"index","follow":"follow","max-snippet":"max-snippet:-1","max-image-preview":"max-image-preview:large","max-video-preview":"max-video-preview:-1"},"canonical":"https:\/\/www.editorialjuventud.es\/la-isla-del-tesoro-9788426142153\/","og_locale":"ca_ES","og_type":"article","og_title":"La Isla del Tesoro - Editorial Juventud","og_description":"Para Jim Hawkins todo empez\u00f3 a cambiar cuando un viejo lobo de mar, gran aficionado al ron, decidi\u00f3 instalarse en la posada de su padre. Aunque la","og_url":"https:\/\/www.editorialjuventud.es\/la-isla-del-tesoro-9788426142153\/","og_site_name":"Editorial Juventud","article_modified_time":"2020-03-09T11:11:24+00:00","og_image":[{"width":284,"height":450,"url":"https:\/\/www.editorialjuventud.es\/wp-content\/uploads\/4215.jpg","type":"image\/jpeg"}],"twitter_card":"summary_large_image","twitter_misc":{"Temps estimat de lectura":"1 minut"},"schema":{"@context":"https:\/\/schema.org","@graph":[{"@type":"WebPage","@id":"https:\/\/www.editorialjuventud.es\/la-isla-del-tesoro-9788426142153\/","url":"https:\/\/www.editorialjuventud.es\/la-isla-del-tesoro-9788426142153\/","name":"La Isla del Tesoro - Editorial Juventud","isPartOf":{"@id":"https:\/\/www.editorialjuventud.es\/#website"},"primaryImageOfPage":{"@id":"https:\/\/www.editorialjuventud.es\/la-isla-del-tesoro-9788426142153\/#primaryimage"},"image":{"@id":"https:\/\/www.editorialjuventud.es\/la-isla-del-tesoro-9788426142153\/#primaryimage"},"thumbnailUrl":"https:\/\/www.editorialjuventud.es\/wp-content\/uploads\/4215.jpg","datePublished":"2018-08-24T08:51:30+00:00","dateModified":"2020-03-09T11:11:24+00:00","description":"Para Jim Hawkins todo empez\u00f3 a cambiar cuando un viejo lobo de mar, gran aficionado al ron, decidi\u00f3 instalarse en la posada de su padre. Aunque la","breadcrumb":{"@id":"https:\/\/www.editorialjuventud.es\/la-isla-del-tesoro-9788426142153\/#breadcrumb"},"inLanguage":"ca","potentialAction":[{"@type":"ReadAction","target":["https:\/\/www.editorialjuventud.es\/la-isla-del-tesoro-9788426142153\/"]}]},{"@type":"ImageObject","inLanguage":"ca","@id":"https:\/\/www.editorialjuventud.es\/la-isla-del-tesoro-9788426142153\/#primaryimage","url":"https:\/\/www.editorialjuventud.es\/wp-content\/uploads\/4215.jpg","contentUrl":"https:\/\/www.editorialjuventud.es\/wp-content\/uploads\/4215.jpg","width":284,"height":450,"caption":"4215.jpg"},{"@type":"BreadcrumbList","@id":"https:\/\/www.editorialjuventud.es\/la-isla-del-tesoro-9788426142153\/#breadcrumb","itemListElement":[{"@type":"ListItem","position":1,"name":"Portada","item":"https:\/\/www.editorialjuventud.es\/"},{"@type":"ListItem","position":2,"name":"cat\u00e1logo","item":"https:\/\/www.editorialjuventud.es\/coleccion\/catalogo\/"},{"@type":"ListItem","position":3,"name":"castellano","item":"https:\/\/www.editorialjuventud.es\/coleccion\/castellano\/"},{"@type":"ListItem","position":4,"name":"Narrativa Juvenil","item":"https:\/\/www.editorialjuventud.es\/coleccion\/narrativa-juvenil-castellano\/"},{"@type":"ListItem","position":5,"name":"Colecci\u00f3n Juventud","item":"https:\/\/www.editorialjuventud.es\/coleccion\/coleccion-juventud\/"},{"@type":"ListItem","position":6,"name":"La Isla del Tesoro"}]},{"@type":"WebSite","@id":"https:\/\/www.editorialjuventud.es\/#website","url":"https:\/\/www.editorialjuventud.es\/","name":"Editorial Juventud","description":"","potentialAction":[{"@type":"SearchAction","target":{"@type":"EntryPoint","urlTemplate":"https:\/\/www.editorialjuventud.es\/?s={search_term_string}"},"query-input":{"@type":"PropertyValueSpecification","valueRequired":true,"valueName":"search_term_string"}}],"inLanguage":"ca"}]}},"_links":{"self":[{"href":"https:\/\/www.editorialjuventud.es\/ca\/wp-json\/wp\/v2\/product\/6078","targetHints":{"allow":["GET"]}}],"collection":[{"href":"https:\/\/www.editorialjuventud.es\/ca\/wp-json\/wp\/v2\/product"}],"about":[{"href":"https:\/\/www.editorialjuventud.es\/ca\/wp-json\/wp\/v2\/types\/product"}],"wp:featuredmedia":[{"embeddable":true,"href":"https:\/\/www.editorialjuventud.es\/ca\/wp-json\/wp\/v2\/media\/13603"}],"wp:attachment":[{"href":"https:\/\/www.editorialjuventud.es\/ca\/wp-json\/wp\/v2\/media?parent=6078"}],"wp:term":[{"taxonomy":"product_brand","embeddable":true,"href":"https:\/\/www.editorialjuventud.es\/ca\/wp-json\/wp\/v2\/product_brand?post=6078"},{"taxonomy":"product_cat","embeddable":true,"href":"https:\/\/www.editorialjuventud.es\/ca\/wp-json\/wp\/v2\/product_cat?post=6078"},{"taxonomy":"product_tag","embeddable":true,"href":"https:\/\/www.editorialjuventud.es\/ca\/wp-json\/wp\/v2\/product_tag?post=6078"},{"taxonomy":"coleccion","embeddable":true,"href":"https:\/\/www.editorialjuventud.es\/ca\/wp-json\/wp\/v2\/coleccion?post=6078"}],"curies":[{"name":"wp","href":"https:\/\/api.w.org\/{rel}","templated":true}]}}