{"id":6077,"date":"2018-08-24T11:51:25","date_gmt":"2018-08-24T09:51:25","guid":{"rendered":"http:\/\/www.editorialjuventud.es\/el-primer-pas\/"},"modified":"2019-10-12T01:03:51","modified_gmt":"2019-10-11T23:03:51","slug":"el-primer-pas-9788426142146","status":"publish","type":"product","link":"https:\/\/www.editorialjuventud.es\/ca\/el-primer-pas-9788426142146\/","title":{"rendered":"El primer pas"},"content":{"rendered":"<p>Dijous al mat\u00ed, a les deu menys un minut, en Jonatan va fer el seu primer pas.<br \/>\nEn aquell mateix moment passaven moltes coses a les altres parts del m\u00f3n&#8230;<br \/>\nEn Bob Graham ens mostra una visi\u00f3 global del m\u00f3n en un sol minut, durant el temps que un beb\u00e8 d\u00f3na el seu primer pas\u0085 Amb un prisma original, com una c\u00e0mera que s&#8217;allunya del seu pla, descobrim tot el que passa en un barri, una ciutat, un pa\u00eds, i en el m\u00f3n\u0085<br \/>\nUn \u00e0lbum carregat d&#8217;emoci\u00f3 i de detalls a descobrir\u0085<\/p>\n","protected":false},"excerpt":{"rendered":"Dijous al mat\u00ed, a les deu menys un minut, en Jonatan va fer el seu primer pas. En aquell mateix moment passaven moltes coses a les altres parts del m\u00f3n&#8230; En Bob Graham ens mostra una visi\u00f3 global del m\u00f3n [&hellip;]","protected":false},"featured_media":16730,"template":"","meta":{"_acf_changed":false,"_exactmetrics_skip_tracking":false,"_exactmetrics_sitenote_active":false,"_exactmetrics_sitenote_note":"","_exactmetrics_sitenote_category":0},"product_brand":[],"product_cat":[900,1121,892,1115,1182,1128,1226],"product_tag":[],"coleccion":[917,915,958],"class_list":{"0":"post-6077","1":"product","2":"type-product","3":"status-publish","4":"has-post-thumbnail","6":"product_cat-a-partir-de-5-anos","7":"product_cat-albumes-ilustrados","8":"product_cat-edades","9":"product_cat-generos","10":"product_cat-hermanos","11":"product_cat-tematica","12":"product_cat-tiempo","13":"coleccion-albums-illustrats","14":"coleccion-catala","15":"coleccion-per-parlar-en-familia","17":"first","18":"instock","19":"taxable","20":"shipping-taxable","21":"purchasable","22":"product-type-simple"},"acf":{"autor":"GRAHAM. BOB","codart":"4214","ediciones":"1","encuadernacion":"Carton\u00e9","fecha_de_publicacion":"07\/01\/2015","novedad":"0","paginas":"32","subtitulo":"","texto_web_adicional":"","texto_web_novedad":"","orden":"999","portada":"0","texto_web_resaltado":"","indice":"","autores-libros":[16375],"ilustradores-libros":[16375],"traductores-libros":[16364],"descripcion_corta":"","recomendamos":"","mas_vendido":"","idioma-libro":"","color":false,"formato":"","mas_informacion_del_producto":false,"premios":false,"texto_enlace_cubierta":"","enlace_cubierta":false,"texto_enlace_ficha_tecnica":"","enlace_ficha_tecnica":false,"ficheros":false,"titulo-fr":"","texto-fr":""},"yoast_head":"<!-- This site is optimized with the Yoast SEO plugin v27.5 - https:\/\/yoast.com\/product\/yoast-seo-wordpress\/ -->\n<title>El primer pas - Editorial Juventud<\/title>\n<meta name=\"description\" content=\"Dijous al mat\u00ed, a les deu menys un minut, en Jonatan va fer el seu primer pas. En aquell mateix moment passaven moltes coses a les altres parts del m\u00f3n...\" \/>\n<meta name=\"robots\" content=\"index, follow, max-snippet:-1, max-image-preview:large, max-video-preview:-1\" \/>\n<link rel=\"canonical\" href=\"https:\/\/www.editorialjuventud.es\/el-primer-pas-9788426142146\/\" \/>\n<meta property=\"og:locale\" content=\"ca_ES\" \/>\n<meta property=\"og:type\" content=\"article\" \/>\n<meta property=\"og:title\" content=\"El primer pas - Editorial Juventud\" \/>\n<meta property=\"og:description\" content=\"Dijous al mat\u00ed, a les deu menys un minut, en Jonatan va fer el seu primer pas. En aquell mateix moment passaven moltes coses a les altres parts del m\u00f3n...\" \/>\n<meta property=\"og:url\" content=\"https:\/\/www.editorialjuventud.es\/el-primer-pas-9788426142146\/\" \/>\n<meta property=\"og:site_name\" content=\"Editorial Juventud\" \/>\n<meta property=\"article:modified_time\" content=\"2019-10-11T23:03:51+00:00\" \/>\n<meta property=\"og:image\" content=\"https:\/\/www.editorialjuventud.es\/wp-content\/uploads\/4214.jpg\" \/>\n\t<meta property=\"og:image:width\" content=\"385\" \/>\n\t<meta property=\"og:image:height\" content=\"450\" \/>\n\t<meta property=\"og:image:type\" content=\"image\/jpeg\" \/>\n<meta name=\"twitter:card\" content=\"summary_large_image\" \/>\n<script type=\"application\/ld+json\" class=\"yoast-schema-graph\">{\"@context\":\"https:\\\/\\\/schema.org\",\"@graph\":[{\"@type\":\"WebPage\",\"@id\":\"https:\\\/\\\/www.editorialjuventud.es\\\/el-primer-pas-9788426142146\\\/\",\"url\":\"https:\\\/\\\/www.editorialjuventud.es\\\/el-primer-pas-9788426142146\\\/\",\"name\":\"El primer pas - Editorial Juventud\",\"isPartOf\":{\"@id\":\"https:\\\/\\\/www.editorialjuventud.es\\\/#website\"},\"primaryImageOfPage\":{\"@id\":\"https:\\\/\\\/www.editorialjuventud.es\\\/el-primer-pas-9788426142146\\\/#primaryimage\"},\"image\":{\"@id\":\"https:\\\/\\\/www.editorialjuventud.es\\\/el-primer-pas-9788426142146\\\/#primaryimage\"},\"thumbnailUrl\":\"https:\\\/\\\/www.editorialjuventud.es\\\/wp-content\\\/uploads\\\/4214.jpg\",\"datePublished\":\"2018-08-24T09:51:25+00:00\",\"dateModified\":\"2019-10-11T23:03:51+00:00\",\"description\":\"Dijous al mat\u00ed, a les deu menys un minut, en Jonatan va fer el seu primer pas. En aquell mateix moment passaven moltes coses a les altres parts del m\u00f3n...\",\"breadcrumb\":{\"@id\":\"https:\\\/\\\/www.editorialjuventud.es\\\/el-primer-pas-9788426142146\\\/#breadcrumb\"},\"inLanguage\":\"ca\",\"potentialAction\":[{\"@type\":\"ReadAction\",\"target\":[\"https:\\\/\\\/www.editorialjuventud.es\\\/el-primer-pas-9788426142146\\\/\"]}]},{\"@type\":\"ImageObject\",\"inLanguage\":\"ca\",\"@id\":\"https:\\\/\\\/www.editorialjuventud.es\\\/el-primer-pas-9788426142146\\\/#primaryimage\",\"url\":\"https:\\\/\\\/www.editorialjuventud.es\\\/wp-content\\\/uploads\\\/4214.jpg\",\"contentUrl\":\"https:\\\/\\\/www.editorialjuventud.es\\\/wp-content\\\/uploads\\\/4214.jpg\",\"width\":385,\"height\":450,\"caption\":\"4214.jpg\"},{\"@type\":\"BreadcrumbList\",\"@id\":\"https:\\\/\\\/www.editorialjuventud.es\\\/el-primer-pas-9788426142146\\\/#breadcrumb\",\"itemListElement\":[{\"@type\":\"ListItem\",\"position\":1,\"name\":\"Portada\",\"item\":\"https:\\\/\\\/www.editorialjuventud.es\\\/\"},{\"@type\":\"ListItem\",\"position\":2,\"name\":\"cat\u00e1logo\",\"item\":\"https:\\\/\\\/www.editorialjuventud.es\\\/coleccion\\\/catalogo\\\/\"},{\"@type\":\"ListItem\",\"position\":3,\"name\":\"catal\u00e0\",\"item\":\"https:\\\/\\\/www.editorialjuventud.es\\\/coleccion\\\/catala\\\/\"},{\"@type\":\"ListItem\",\"position\":4,\"name\":\"\u00c0lbums Il\u00b7lustrats\",\"item\":\"https:\\\/\\\/www.editorialjuventud.es\\\/coleccion\\\/albums-il%c2%b7lustrats\\\/\"},{\"@type\":\"ListItem\",\"position\":5,\"name\":\"Per Parlar en Fam\u00edlia\",\"item\":\"https:\\\/\\\/www.editorialjuventud.es\\\/ca\\\/coleccion\\\/per-parlar-en-familia\\\/\"},{\"@type\":\"ListItem\",\"position\":6,\"name\":\"El primer pas\"}]},{\"@type\":\"WebSite\",\"@id\":\"https:\\\/\\\/www.editorialjuventud.es\\\/#website\",\"url\":\"https:\\\/\\\/www.editorialjuventud.es\\\/\",\"name\":\"Editorial Juventud\",\"description\":\"\",\"potentialAction\":[{\"@type\":\"SearchAction\",\"target\":{\"@type\":\"EntryPoint\",\"urlTemplate\":\"https:\\\/\\\/www.editorialjuventud.es\\\/?s={search_term_string}\"},\"query-input\":{\"@type\":\"PropertyValueSpecification\",\"valueRequired\":true,\"valueName\":\"search_term_string\"}}],\"inLanguage\":\"ca\"}]}<\/script>\n<!-- \/ Yoast SEO plugin. -->","yoast_head_json":{"title":"El primer pas - Editorial Juventud","description":"Dijous al mat\u00ed, a les deu menys un minut, en Jonatan va fer el seu primer pas. En aquell mateix moment passaven moltes coses a les altres parts del m\u00f3n...","robots":{"index":"index","follow":"follow","max-snippet":"max-snippet:-1","max-image-preview":"max-image-preview:large","max-video-preview":"max-video-preview:-1"},"canonical":"https:\/\/www.editorialjuventud.es\/el-primer-pas-9788426142146\/","og_locale":"ca_ES","og_type":"article","og_title":"El primer pas - Editorial Juventud","og_description":"Dijous al mat\u00ed, a les deu menys un minut, en Jonatan va fer el seu primer pas. En aquell mateix moment passaven moltes coses a les altres parts del m\u00f3n...","og_url":"https:\/\/www.editorialjuventud.es\/el-primer-pas-9788426142146\/","og_site_name":"Editorial Juventud","article_modified_time":"2019-10-11T23:03:51+00:00","og_image":[{"width":385,"height":450,"url":"https:\/\/www.editorialjuventud.es\/wp-content\/uploads\/4214.jpg","type":"image\/jpeg"}],"twitter_card":"summary_large_image","schema":{"@context":"https:\/\/schema.org","@graph":[{"@type":"WebPage","@id":"https:\/\/www.editorialjuventud.es\/el-primer-pas-9788426142146\/","url":"https:\/\/www.editorialjuventud.es\/el-primer-pas-9788426142146\/","name":"El primer pas - Editorial Juventud","isPartOf":{"@id":"https:\/\/www.editorialjuventud.es\/#website"},"primaryImageOfPage":{"@id":"https:\/\/www.editorialjuventud.es\/el-primer-pas-9788426142146\/#primaryimage"},"image":{"@id":"https:\/\/www.editorialjuventud.es\/el-primer-pas-9788426142146\/#primaryimage"},"thumbnailUrl":"https:\/\/www.editorialjuventud.es\/wp-content\/uploads\/4214.jpg","datePublished":"2018-08-24T09:51:25+00:00","dateModified":"2019-10-11T23:03:51+00:00","description":"Dijous al mat\u00ed, a les deu menys un minut, en Jonatan va fer el seu primer pas. En aquell mateix moment passaven moltes coses a les altres parts del m\u00f3n...","breadcrumb":{"@id":"https:\/\/www.editorialjuventud.es\/el-primer-pas-9788426142146\/#breadcrumb"},"inLanguage":"ca","potentialAction":[{"@type":"ReadAction","target":["https:\/\/www.editorialjuventud.es\/el-primer-pas-9788426142146\/"]}]},{"@type":"ImageObject","inLanguage":"ca","@id":"https:\/\/www.editorialjuventud.es\/el-primer-pas-9788426142146\/#primaryimage","url":"https:\/\/www.editorialjuventud.es\/wp-content\/uploads\/4214.jpg","contentUrl":"https:\/\/www.editorialjuventud.es\/wp-content\/uploads\/4214.jpg","width":385,"height":450,"caption":"4214.jpg"},{"@type":"BreadcrumbList","@id":"https:\/\/www.editorialjuventud.es\/el-primer-pas-9788426142146\/#breadcrumb","itemListElement":[{"@type":"ListItem","position":1,"name":"Portada","item":"https:\/\/www.editorialjuventud.es\/"},{"@type":"ListItem","position":2,"name":"cat\u00e1logo","item":"https:\/\/www.editorialjuventud.es\/coleccion\/catalogo\/"},{"@type":"ListItem","position":3,"name":"catal\u00e0","item":"https:\/\/www.editorialjuventud.es\/coleccion\/catala\/"},{"@type":"ListItem","position":4,"name":"\u00c0lbums Il\u00b7lustrats","item":"https:\/\/www.editorialjuventud.es\/coleccion\/albums-il%c2%b7lustrats\/"},{"@type":"ListItem","position":5,"name":"Per Parlar en Fam\u00edlia","item":"https:\/\/www.editorialjuventud.es\/ca\/coleccion\/per-parlar-en-familia\/"},{"@type":"ListItem","position":6,"name":"El primer pas"}]},{"@type":"WebSite","@id":"https:\/\/www.editorialjuventud.es\/#website","url":"https:\/\/www.editorialjuventud.es\/","name":"Editorial Juventud","description":"","potentialAction":[{"@type":"SearchAction","target":{"@type":"EntryPoint","urlTemplate":"https:\/\/www.editorialjuventud.es\/?s={search_term_string}"},"query-input":{"@type":"PropertyValueSpecification","valueRequired":true,"valueName":"search_term_string"}}],"inLanguage":"ca"}]}},"_links":{"self":[{"href":"https:\/\/www.editorialjuventud.es\/ca\/wp-json\/wp\/v2\/product\/6077","targetHints":{"allow":["GET"]}}],"collection":[{"href":"https:\/\/www.editorialjuventud.es\/ca\/wp-json\/wp\/v2\/product"}],"about":[{"href":"https:\/\/www.editorialjuventud.es\/ca\/wp-json\/wp\/v2\/types\/product"}],"wp:featuredmedia":[{"embeddable":true,"href":"https:\/\/www.editorialjuventud.es\/ca\/wp-json\/wp\/v2\/media\/16730"}],"wp:attachment":[{"href":"https:\/\/www.editorialjuventud.es\/ca\/wp-json\/wp\/v2\/media?parent=6077"}],"wp:term":[{"taxonomy":"product_brand","embeddable":true,"href":"https:\/\/www.editorialjuventud.es\/ca\/wp-json\/wp\/v2\/product_brand?post=6077"},{"taxonomy":"product_cat","embeddable":true,"href":"https:\/\/www.editorialjuventud.es\/ca\/wp-json\/wp\/v2\/product_cat?post=6077"},{"taxonomy":"product_tag","embeddable":true,"href":"https:\/\/www.editorialjuventud.es\/ca\/wp-json\/wp\/v2\/product_tag?post=6077"},{"taxonomy":"coleccion","embeddable":true,"href":"https:\/\/www.editorialjuventud.es\/ca\/wp-json\/wp\/v2\/coleccion?post=6077"}],"curies":[{"name":"wp","href":"https:\/\/api.w.org\/{rel}","templated":true}]}}