{"id":6075,"date":"2018-08-24T13:51:15","date_gmt":"2018-08-24T09:51:15","guid":{"rendered":"http:\/\/www.editorialjuventud.es\/tim-persigue-un-gato\/"},"modified":"2025-06-21T08:45:12","modified_gmt":"2025-06-21T06:45:12","slug":"tim-persigue-a-un-gato-9788426142122","status":"publish","type":"product","link":"https:\/\/www.editorialjuventud.es\/ca\/tim-persigue-a-un-gato-9788426142122\/","title":{"rendered":"Tim persigue a un gato"},"content":{"rendered":"<p>Los Cinco van hacia el cine cuando Tim descubre un gato y lo persigue, desviando de su camino al grupo hasta una casa vac\u00eda. Pero \u00bfest\u00e1 realmente vac\u00eda? Unos extra\u00f1os sonidos parecen indicar otra cosa&#8230;<br \/>\nEstos relatos in\u00e9ditos de Enid Blyton, con muchas ilustraciones a todo color, son una introducci\u00f3n ideal a la lectura con historias m\u00e1s cortas y f\u00e1ciles de leer.<\/p>\n","protected":false},"excerpt":{"rendered":"Los Cinco van hacia el cine cuando Tim descubre un gato y lo persigue, desviando de su camino al grupo hasta una casa vac\u00eda. Pero \u00bfest\u00e1 realmente vac\u00eda? Unos extra\u00f1os sonidos parecen indicar otra cosa&#8230; Estos relatos in\u00e9ditos de Enid [&hellip;]","protected":false},"featured_media":17074,"template":"","meta":{"_acf_changed":false,"_exactmetrics_skip_tracking":false,"_exactmetrics_sitenote_active":false,"_exactmetrics_sitenote_note":"","_exactmetrics_sitenote_category":0},"product_brand":[],"product_cat":[902,1142,1119,1229],"product_tag":[],"coleccion":[1026],"class_list":{"0":"post-6075","1":"product","2":"type-product","3":"status-publish","4":"has-post-thumbnail","6":"product_cat-a-partir-de-7-anos","7":"product_cat-aventura","8":"product_cat-narrativa-juvenil","9":"product_cat-vacaciones-viajes","10":"coleccion-historias-cortas-de-los-cinco","12":"first","13":"instock","14":"taxable","15":"shipping-taxable","16":"purchasable","17":"product-type-simple"},"acf":{"autor":"Blyton, Enid","codart":"4212","ediciones":"8","encuadernacion":"R\u00fastica","fecha_de_publicacion":"01\/09\/2015","novedad":"0","paginas":"80","subtitulo":"","texto_web_adicional":"","texto_web_novedad":"","orden":"999","portada":"0","texto_web_resaltado":"","indice":"","autores-libros":[16237],"ilustradores-libros":[17857],"traductores-libros":[18265],"descripcion_corta":"","recomendamos":"","mas_vendido":"","idioma-libro":"","color":false,"formato":"","mas_informacion_del_producto":false,"premios":false,"texto_enlace_cubierta":"","enlace_cubierta":{"ID":24689,"id":24689,"title":"Tim persigue un gato_COVER copiar","filename":"Tim-persigue-un-gato_COVER-copiar.jpg","filesize":905709,"url":"https:\/\/www.editorialjuventud.es\/wp-content\/uploads\/Tim-persigue-un-gato_COVER-copiar.jpg","link":"https:\/\/www.editorialjuventud.es\/ca\/?attachment_id=24689","alt":"","author":"47","description":"","caption":"","name":"tim-persigue-un-gato_cover-copiar","status":"inherit","uploaded_to":6075,"date":"2019-04-25 10:50:37","modified":"2019-04-25 10:50:37","menu_order":0,"mime_type":"image\/jpeg","type":"image","subtype":"jpeg","icon":"https:\/\/www.editorialjuventud.es\/wp-includes\/images\/media\/default.png","width":1518,"height":2339,"sizes":{"thumbnail":"https:\/\/www.editorialjuventud.es\/wp-content\/uploads\/Tim-persigue-un-gato_COVER-copiar-200x200.jpg","thumbnail-width":200,"thumbnail-height":200,"medium":"https:\/\/www.editorialjuventud.es\/wp-content\/uploads\/Tim-persigue-un-gato_COVER-copiar.jpg","medium-width":1518,"medium-height":2339,"medium_large":"https:\/\/www.editorialjuventud.es\/wp-content\/uploads\/Tim-persigue-un-gato_COVER-copiar-768x1183.jpg","medium_large-width":768,"medium_large-height":1183,"large":"https:\/\/www.editorialjuventud.es\/wp-content\/uploads\/Tim-persigue-un-gato_COVER-copiar.jpg","large-width":1518,"large-height":2339,"1536x1536":"https:\/\/www.editorialjuventud.es\/wp-content\/uploads\/Tim-persigue-un-gato_COVER-copiar.jpg","1536x1536-width":997,"1536x1536-height":1536,"2048x2048":"https:\/\/www.editorialjuventud.es\/wp-content\/uploads\/Tim-persigue-un-gato_COVER-copiar.jpg","2048x2048-width":1329,"2048x2048-height":2048,"woocommerce_thumbnail":"https:\/\/www.editorialjuventud.es\/wp-content\/uploads\/Tim-persigue-un-gato_COVER-copiar-350x539.jpg","woocommerce_thumbnail-width":350,"woocommerce_thumbnail-height":539,"woocommerce_single":"https:\/\/www.editorialjuventud.es\/wp-content\/uploads\/Tim-persigue-un-gato_COVER-copiar-900x1387.jpg","woocommerce_single-width":900,"woocommerce_single-height":1387,"woocommerce_gallery_thumbnail":"https:\/\/www.editorialjuventud.es\/wp-content\/uploads\/Tim-persigue-un-gato_COVER-copiar-100x100.jpg","woocommerce_gallery_thumbnail-width":100,"woocommerce_gallery_thumbnail-height":100,"ppec_logo_image_size":"https:\/\/www.editorialjuventud.es\/wp-content\/uploads\/Tim-persigue-un-gato_COVER-copiar.jpg","ppec_logo_image_size-width":39,"ppec_logo_image_size-height":60,"ppec_header_image_size":"https:\/\/www.editorialjuventud.es\/wp-content\/uploads\/Tim-persigue-un-gato_COVER-copiar.jpg","ppec_header_image_size-width":58,"ppec_header_image_size-height":90}},"texto_enlace_ficha_tecnica":"","enlace_ficha_tecnica":{"ID":24630,"id":24630,"title":"SERIE Historias Cortas de Los Cinco","filename":"SERIE-Historias-Cortas-de-Los-Cinco.pdf","filesize":902693,"url":"https:\/\/www.editorialjuventud.es\/wp-content\/uploads\/SERIE-Historias-Cortas-de-Los-Cinco.pdf","link":"https:\/\/www.editorialjuventud.es\/ca\/?attachment_id=24630","alt":"","author":"47","description":"","caption":"","name":"serie-historias-cortas-de-los-cinco","status":"inherit","uploaded_to":6070,"date":"2019-04-24 09:48:48","modified":"2019-04-24 09:48:48","menu_order":0,"mime_type":"application\/pdf","type":"application","subtype":"pdf","icon":"https:\/\/www.editorialjuventud.es\/wp-includes\/images\/media\/document.png"},"ficheros":false,"titulo-fr":"","texto-fr":"","fecha_de_reimpresion":"01\/04\/2021","deshabilitar_compra":[]},"yoast_head":"<!-- This site is optimized with the Yoast SEO plugin v27.5 - https:\/\/yoast.com\/product\/yoast-seo-wordpress\/ -->\n<title>Tim persigue a un gato - Editorial Juventud<\/title>\n<meta name=\"description\" content=\"Los Cinco van hacia el cine cuando Tim descubre un gato y lo persigue, desviando de su camino al grupo hasta una casa vac\u00eda. Pero \u00bfest\u00e1 realmente vac\u00eda?\" \/>\n<meta name=\"robots\" content=\"index, follow, max-snippet:-1, max-image-preview:large, max-video-preview:-1\" \/>\n<link rel=\"canonical\" href=\"https:\/\/www.editorialjuventud.es\/tim-persigue-a-un-gato-9788426142122\/\" \/>\n<meta property=\"og:locale\" content=\"ca_ES\" \/>\n<meta property=\"og:type\" content=\"article\" \/>\n<meta property=\"og:title\" content=\"Tim persigue a un gato - Editorial Juventud\" \/>\n<meta property=\"og:description\" content=\"Los Cinco van hacia el cine cuando Tim descubre un gato y lo persigue, desviando de su camino al grupo hasta una casa vac\u00eda. Pero \u00bfest\u00e1 realmente vac\u00eda?\" \/>\n<meta property=\"og:url\" content=\"https:\/\/www.editorialjuventud.es\/tim-persigue-a-un-gato-9788426142122\/\" \/>\n<meta property=\"og:site_name\" content=\"Editorial Juventud\" \/>\n<meta property=\"article:modified_time\" content=\"2025-06-21T06:45:12+00:00\" \/>\n<meta property=\"og:image\" content=\"https:\/\/www.editorialjuventud.es\/wp-content\/uploads\/4212.gif\" \/>\n\t<meta property=\"og:image:width\" content=\"292\" \/>\n\t<meta property=\"og:image:height\" content=\"450\" \/>\n\t<meta property=\"og:image:type\" content=\"image\/gif\" \/>\n<meta name=\"twitter:card\" content=\"summary_large_image\" \/>\n<meta name=\"twitter:label1\" content=\"Temps estimat de lectura\" \/>\n\t<meta name=\"twitter:data1\" content=\"1 minut\" \/>\n<script type=\"application\/ld+json\" class=\"yoast-schema-graph\">{\"@context\":\"https:\\\/\\\/schema.org\",\"@graph\":[{\"@type\":\"WebPage\",\"@id\":\"https:\\\/\\\/www.editorialjuventud.es\\\/tim-persigue-a-un-gato-9788426142122\\\/\",\"url\":\"https:\\\/\\\/www.editorialjuventud.es\\\/tim-persigue-a-un-gato-9788426142122\\\/\",\"name\":\"Tim persigue a un gato - Editorial Juventud\",\"isPartOf\":{\"@id\":\"https:\\\/\\\/www.editorialjuventud.es\\\/#website\"},\"primaryImageOfPage\":{\"@id\":\"https:\\\/\\\/www.editorialjuventud.es\\\/tim-persigue-a-un-gato-9788426142122\\\/#primaryimage\"},\"image\":{\"@id\":\"https:\\\/\\\/www.editorialjuventud.es\\\/tim-persigue-a-un-gato-9788426142122\\\/#primaryimage\"},\"thumbnailUrl\":\"https:\\\/\\\/www.editorialjuventud.es\\\/wp-content\\\/uploads\\\/4212.gif\",\"datePublished\":\"2018-08-24T09:51:15+00:00\",\"dateModified\":\"2025-06-21T06:45:12+00:00\",\"description\":\"Los Cinco van hacia el cine cuando Tim descubre un gato y lo persigue, desviando de su camino al grupo hasta una casa vac\u00eda. Pero \u00bfest\u00e1 realmente vac\u00eda?\",\"breadcrumb\":{\"@id\":\"https:\\\/\\\/www.editorialjuventud.es\\\/tim-persigue-a-un-gato-9788426142122\\\/#breadcrumb\"},\"inLanguage\":\"ca\",\"potentialAction\":[{\"@type\":\"ReadAction\",\"target\":[\"https:\\\/\\\/www.editorialjuventud.es\\\/tim-persigue-a-un-gato-9788426142122\\\/\"]}]},{\"@type\":\"ImageObject\",\"inLanguage\":\"ca\",\"@id\":\"https:\\\/\\\/www.editorialjuventud.es\\\/tim-persigue-a-un-gato-9788426142122\\\/#primaryimage\",\"url\":\"https:\\\/\\\/www.editorialjuventud.es\\\/wp-content\\\/uploads\\\/4212.gif\",\"contentUrl\":\"https:\\\/\\\/www.editorialjuventud.es\\\/wp-content\\\/uploads\\\/4212.gif\",\"width\":292,\"height\":450,\"caption\":\"4212.gif\"},{\"@type\":\"BreadcrumbList\",\"@id\":\"https:\\\/\\\/www.editorialjuventud.es\\\/tim-persigue-a-un-gato-9788426142122\\\/#breadcrumb\",\"itemListElement\":[{\"@type\":\"ListItem\",\"position\":1,\"name\":\"Portada\",\"item\":\"https:\\\/\\\/www.editorialjuventud.es\\\/\"},{\"@type\":\"ListItem\",\"position\":2,\"name\":\"cat\u00e1logo\",\"item\":\"https:\\\/\\\/www.editorialjuventud.es\\\/coleccion\\\/catalogo\\\/\"},{\"@type\":\"ListItem\",\"position\":3,\"name\":\"castellano\",\"item\":\"https:\\\/\\\/www.editorialjuventud.es\\\/coleccion\\\/castellano\\\/\"},{\"@type\":\"ListItem\",\"position\":4,\"name\":\"Narrativa Juvenil\",\"item\":\"https:\\\/\\\/www.editorialjuventud.es\\\/coleccion\\\/narrativa-juvenil-castellano\\\/\"},{\"@type\":\"ListItem\",\"position\":5,\"name\":\"Historias Cortas de los Cinco\",\"item\":\"https:\\\/\\\/www.editorialjuventud.es\\\/coleccion\\\/historias-cortas-de-los-cinco\\\/\"},{\"@type\":\"ListItem\",\"position\":6,\"name\":\"Tim persigue a un gato\"}]},{\"@type\":\"WebSite\",\"@id\":\"https:\\\/\\\/www.editorialjuventud.es\\\/#website\",\"url\":\"https:\\\/\\\/www.editorialjuventud.es\\\/\",\"name\":\"Editorial Juventud\",\"description\":\"\",\"potentialAction\":[{\"@type\":\"SearchAction\",\"target\":{\"@type\":\"EntryPoint\",\"urlTemplate\":\"https:\\\/\\\/www.editorialjuventud.es\\\/?s={search_term_string}\"},\"query-input\":{\"@type\":\"PropertyValueSpecification\",\"valueRequired\":true,\"valueName\":\"search_term_string\"}}],\"inLanguage\":\"ca\"}]}<\/script>\n<!-- \/ Yoast SEO plugin. -->","yoast_head_json":{"title":"Tim persigue a un gato - Editorial Juventud","description":"Los Cinco van hacia el cine cuando Tim descubre un gato y lo persigue, desviando de su camino al grupo hasta una casa vac\u00eda. Pero \u00bfest\u00e1 realmente vac\u00eda?","robots":{"index":"index","follow":"follow","max-snippet":"max-snippet:-1","max-image-preview":"max-image-preview:large","max-video-preview":"max-video-preview:-1"},"canonical":"https:\/\/www.editorialjuventud.es\/tim-persigue-a-un-gato-9788426142122\/","og_locale":"ca_ES","og_type":"article","og_title":"Tim persigue a un gato - Editorial Juventud","og_description":"Los Cinco van hacia el cine cuando Tim descubre un gato y lo persigue, desviando de su camino al grupo hasta una casa vac\u00eda. Pero \u00bfest\u00e1 realmente vac\u00eda?","og_url":"https:\/\/www.editorialjuventud.es\/tim-persigue-a-un-gato-9788426142122\/","og_site_name":"Editorial Juventud","article_modified_time":"2025-06-21T06:45:12+00:00","og_image":[{"width":292,"height":450,"url":"https:\/\/www.editorialjuventud.es\/wp-content\/uploads\/4212.gif","type":"image\/gif"}],"twitter_card":"summary_large_image","twitter_misc":{"Temps estimat de lectura":"1 minut"},"schema":{"@context":"https:\/\/schema.org","@graph":[{"@type":"WebPage","@id":"https:\/\/www.editorialjuventud.es\/tim-persigue-a-un-gato-9788426142122\/","url":"https:\/\/www.editorialjuventud.es\/tim-persigue-a-un-gato-9788426142122\/","name":"Tim persigue a un gato - Editorial Juventud","isPartOf":{"@id":"https:\/\/www.editorialjuventud.es\/#website"},"primaryImageOfPage":{"@id":"https:\/\/www.editorialjuventud.es\/tim-persigue-a-un-gato-9788426142122\/#primaryimage"},"image":{"@id":"https:\/\/www.editorialjuventud.es\/tim-persigue-a-un-gato-9788426142122\/#primaryimage"},"thumbnailUrl":"https:\/\/www.editorialjuventud.es\/wp-content\/uploads\/4212.gif","datePublished":"2018-08-24T09:51:15+00:00","dateModified":"2025-06-21T06:45:12+00:00","description":"Los Cinco van hacia el cine cuando Tim descubre un gato y lo persigue, desviando de su camino al grupo hasta una casa vac\u00eda. Pero \u00bfest\u00e1 realmente vac\u00eda?","breadcrumb":{"@id":"https:\/\/www.editorialjuventud.es\/tim-persigue-a-un-gato-9788426142122\/#breadcrumb"},"inLanguage":"ca","potentialAction":[{"@type":"ReadAction","target":["https:\/\/www.editorialjuventud.es\/tim-persigue-a-un-gato-9788426142122\/"]}]},{"@type":"ImageObject","inLanguage":"ca","@id":"https:\/\/www.editorialjuventud.es\/tim-persigue-a-un-gato-9788426142122\/#primaryimage","url":"https:\/\/www.editorialjuventud.es\/wp-content\/uploads\/4212.gif","contentUrl":"https:\/\/www.editorialjuventud.es\/wp-content\/uploads\/4212.gif","width":292,"height":450,"caption":"4212.gif"},{"@type":"BreadcrumbList","@id":"https:\/\/www.editorialjuventud.es\/tim-persigue-a-un-gato-9788426142122\/#breadcrumb","itemListElement":[{"@type":"ListItem","position":1,"name":"Portada","item":"https:\/\/www.editorialjuventud.es\/"},{"@type":"ListItem","position":2,"name":"cat\u00e1logo","item":"https:\/\/www.editorialjuventud.es\/coleccion\/catalogo\/"},{"@type":"ListItem","position":3,"name":"castellano","item":"https:\/\/www.editorialjuventud.es\/coleccion\/castellano\/"},{"@type":"ListItem","position":4,"name":"Narrativa Juvenil","item":"https:\/\/www.editorialjuventud.es\/coleccion\/narrativa-juvenil-castellano\/"},{"@type":"ListItem","position":5,"name":"Historias Cortas de los Cinco","item":"https:\/\/www.editorialjuventud.es\/coleccion\/historias-cortas-de-los-cinco\/"},{"@type":"ListItem","position":6,"name":"Tim persigue a un gato"}]},{"@type":"WebSite","@id":"https:\/\/www.editorialjuventud.es\/#website","url":"https:\/\/www.editorialjuventud.es\/","name":"Editorial Juventud","description":"","potentialAction":[{"@type":"SearchAction","target":{"@type":"EntryPoint","urlTemplate":"https:\/\/www.editorialjuventud.es\/?s={search_term_string}"},"query-input":{"@type":"PropertyValueSpecification","valueRequired":true,"valueName":"search_term_string"}}],"inLanguage":"ca"}]}},"_links":{"self":[{"href":"https:\/\/www.editorialjuventud.es\/ca\/wp-json\/wp\/v2\/product\/6075","targetHints":{"allow":["GET"]}}],"collection":[{"href":"https:\/\/www.editorialjuventud.es\/ca\/wp-json\/wp\/v2\/product"}],"about":[{"href":"https:\/\/www.editorialjuventud.es\/ca\/wp-json\/wp\/v2\/types\/product"}],"wp:featuredmedia":[{"embeddable":true,"href":"https:\/\/www.editorialjuventud.es\/ca\/wp-json\/wp\/v2\/media\/17074"}],"wp:attachment":[{"href":"https:\/\/www.editorialjuventud.es\/ca\/wp-json\/wp\/v2\/media?parent=6075"}],"wp:term":[{"taxonomy":"product_brand","embeddable":true,"href":"https:\/\/www.editorialjuventud.es\/ca\/wp-json\/wp\/v2\/product_brand?post=6075"},{"taxonomy":"product_cat","embeddable":true,"href":"https:\/\/www.editorialjuventud.es\/ca\/wp-json\/wp\/v2\/product_cat?post=6075"},{"taxonomy":"product_tag","embeddable":true,"href":"https:\/\/www.editorialjuventud.es\/ca\/wp-json\/wp\/v2\/product_tag?post=6075"},{"taxonomy":"coleccion","embeddable":true,"href":"https:\/\/www.editorialjuventud.es\/ca\/wp-json\/wp\/v2\/coleccion?post=6075"}],"curies":[{"name":"wp","href":"https:\/\/api.w.org\/{rel}","templated":true}]}}