{"id":6074,"date":"2018-08-24T13:51:08","date_gmt":"2018-08-24T09:51:08","guid":{"rendered":"http:\/\/www.editorialjuventud.es\/en-tim-persegueix-un-gat\/"},"modified":"2025-06-21T08:45:07","modified_gmt":"2025-06-21T06:45:07","slug":"en-tim-persegueix-un-gat-9788426142115","status":"publish","type":"product","link":"https:\/\/www.editorialjuventud.es\/ca\/en-tim-persegueix-un-gat-9788426142115\/","title":{"rendered":"En Tim persegueix un gat"},"content":{"rendered":"<p>Els Cinc van al cinema per\u00f2 en Tim veu un gat i corre per perseguir-lo. Amb aix\u00f2, la colla fa una volta i arriba a una casa buida. Per\u00f2 segur que est\u00e0 buida? Uns sorolls ben estranys, semblen indicar una altra cosa.<\/p>\n","protected":false},"excerpt":{"rendered":"Els Cinc van al cinema per\u00f2 en Tim veu un gat i corre per perseguir-lo. Amb aix\u00f2, la colla fa una volta i arriba a una casa buida. Per\u00f2 segur que est\u00e0 buida? Uns sorolls ben estranys, semblen indicar una [&hellip;]","protected":false},"featured_media":17072,"template":"","meta":{"_acf_changed":false,"_exactmetrics_skip_tracking":false,"_exactmetrics_sitenote_active":false,"_exactmetrics_sitenote_note":"","_exactmetrics_sitenote_category":0},"product_brand":[],"product_cat":[902,1136,1142,1119,1128,1229],"product_tag":[],"coleccion":[982],"class_list":{"0":"post-6074","1":"product","2":"type-product","3":"status-publish","4":"has-post-thumbnail","6":"product_cat-a-partir-de-7-anos","7":"product_cat-amistad","8":"product_cat-aventura","9":"product_cat-narrativa-juvenil","10":"product_cat-tematica","11":"product_cat-vacaciones-viajes","12":"coleccion-histories-curtes-dels-cinc","14":"first","15":"instock","16":"taxable","17":"shipping-taxable","18":"purchasable","19":"product-type-simple"},"acf":{"autor":"Blyton, Enid","codart":"4211","ediciones":"8","encuadernacion":"R\u00fastica","fecha_de_publicacion":"01\/09\/2015","novedad":"0","paginas":"80","subtitulo":"","texto_web_adicional":"","texto_web_novedad":"","orden":"999","portada":"0","texto_web_resaltado":"","indice":"","autores-libros":[16237],"ilustradores-libros":[17857],"traductores-libros":[58414],"descripcion_corta":"","recomendamos":"","mas_vendido":"","idioma-libro":"","color":false,"formato":"","mas_informacion_del_producto":false,"premios":false,"texto_enlace_cubierta":"","enlace_cubierta":false,"texto_enlace_ficha_tecnica":"","enlace_ficha_tecnica":false,"ficheros":false,"titulo-fr":"","texto-fr":""},"yoast_head":"<!-- This site is optimized with the Yoast SEO plugin v27.5 - https:\/\/yoast.com\/product\/yoast-seo-wordpress\/ -->\n<title>En Tim persegueix un gat - Editorial Juventud<\/title>\n<meta name=\"description\" content=\"Els Cinc van al cinema per\u00f2 en Tim veu un gat i corre per perseguir-lo. Amb aix\u00f2, la colla fa una volta i arriba a una casa buida. Per\u00f2 segur que est\u00e0\" \/>\n<meta name=\"robots\" content=\"index, follow, max-snippet:-1, max-image-preview:large, max-video-preview:-1\" \/>\n<link rel=\"canonical\" href=\"https:\/\/www.editorialjuventud.es\/en-tim-persegueix-un-gat-9788426142115\/\" \/>\n<meta property=\"og:locale\" content=\"ca_ES\" \/>\n<meta property=\"og:type\" content=\"article\" \/>\n<meta property=\"og:title\" content=\"En Tim persegueix un gat - Editorial Juventud\" \/>\n<meta property=\"og:description\" content=\"Els Cinc van al cinema per\u00f2 en Tim veu un gat i corre per perseguir-lo. Amb aix\u00f2, la colla fa una volta i arriba a una casa buida. Per\u00f2 segur que est\u00e0\" \/>\n<meta property=\"og:url\" content=\"https:\/\/www.editorialjuventud.es\/en-tim-persegueix-un-gat-9788426142115\/\" \/>\n<meta property=\"og:site_name\" content=\"Editorial Juventud\" \/>\n<meta property=\"article:modified_time\" content=\"2025-06-21T06:45:07+00:00\" \/>\n<meta property=\"og:image\" content=\"https:\/\/www.editorialjuventud.es\/wp-content\/uploads\/4211.gif\" \/>\n\t<meta property=\"og:image:width\" content=\"293\" \/>\n\t<meta property=\"og:image:height\" content=\"450\" \/>\n\t<meta property=\"og:image:type\" content=\"image\/gif\" \/>\n<meta name=\"twitter:card\" content=\"summary_large_image\" \/>\n<script type=\"application\/ld+json\" class=\"yoast-schema-graph\">{\"@context\":\"https:\\\/\\\/schema.org\",\"@graph\":[{\"@type\":\"WebPage\",\"@id\":\"https:\\\/\\\/www.editorialjuventud.es\\\/en-tim-persegueix-un-gat-9788426142115\\\/\",\"url\":\"https:\\\/\\\/www.editorialjuventud.es\\\/en-tim-persegueix-un-gat-9788426142115\\\/\",\"name\":\"En Tim persegueix un gat - Editorial Juventud\",\"isPartOf\":{\"@id\":\"https:\\\/\\\/www.editorialjuventud.es\\\/#website\"},\"primaryImageOfPage\":{\"@id\":\"https:\\\/\\\/www.editorialjuventud.es\\\/en-tim-persegueix-un-gat-9788426142115\\\/#primaryimage\"},\"image\":{\"@id\":\"https:\\\/\\\/www.editorialjuventud.es\\\/en-tim-persegueix-un-gat-9788426142115\\\/#primaryimage\"},\"thumbnailUrl\":\"https:\\\/\\\/www.editorialjuventud.es\\\/wp-content\\\/uploads\\\/4211.gif\",\"datePublished\":\"2018-08-24T09:51:08+00:00\",\"dateModified\":\"2025-06-21T06:45:07+00:00\",\"description\":\"Els Cinc van al cinema per\u00f2 en Tim veu un gat i corre per perseguir-lo. Amb aix\u00f2, la colla fa una volta i arriba a una casa buida. Per\u00f2 segur que est\u00e0\",\"breadcrumb\":{\"@id\":\"https:\\\/\\\/www.editorialjuventud.es\\\/en-tim-persegueix-un-gat-9788426142115\\\/#breadcrumb\"},\"inLanguage\":\"ca\",\"potentialAction\":[{\"@type\":\"ReadAction\",\"target\":[\"https:\\\/\\\/www.editorialjuventud.es\\\/en-tim-persegueix-un-gat-9788426142115\\\/\"]}]},{\"@type\":\"ImageObject\",\"inLanguage\":\"ca\",\"@id\":\"https:\\\/\\\/www.editorialjuventud.es\\\/en-tim-persegueix-un-gat-9788426142115\\\/#primaryimage\",\"url\":\"https:\\\/\\\/www.editorialjuventud.es\\\/wp-content\\\/uploads\\\/4211.gif\",\"contentUrl\":\"https:\\\/\\\/www.editorialjuventud.es\\\/wp-content\\\/uploads\\\/4211.gif\",\"width\":293,\"height\":450,\"caption\":\"4211.gif\"},{\"@type\":\"BreadcrumbList\",\"@id\":\"https:\\\/\\\/www.editorialjuventud.es\\\/en-tim-persegueix-un-gat-9788426142115\\\/#breadcrumb\",\"itemListElement\":[{\"@type\":\"ListItem\",\"position\":1,\"name\":\"Portada\",\"item\":\"https:\\\/\\\/www.editorialjuventud.es\\\/\"},{\"@type\":\"ListItem\",\"position\":2,\"name\":\"cat\u00e1logo\",\"item\":\"https:\\\/\\\/www.editorialjuventud.es\\\/coleccion\\\/catalogo\\\/\"},{\"@type\":\"ListItem\",\"position\":3,\"name\":\"catal\u00e0\",\"item\":\"https:\\\/\\\/www.editorialjuventud.es\\\/coleccion\\\/catala\\\/\"},{\"@type\":\"ListItem\",\"position\":4,\"name\":\"Narrativa Juvenil\",\"item\":\"https:\\\/\\\/www.editorialjuventud.es\\\/ca\\\/coleccion\\\/narrativa-juvenil\\\/\"},{\"@type\":\"ListItem\",\"position\":5,\"name\":\"Hist\u00f2ries Curtes dels Cinc\",\"item\":\"https:\\\/\\\/www.editorialjuventud.es\\\/ca\\\/coleccion\\\/histories-curtes-dels-cinc\\\/\"},{\"@type\":\"ListItem\",\"position\":6,\"name\":\"En Tim persegueix un gat\"}]},{\"@type\":\"WebSite\",\"@id\":\"https:\\\/\\\/www.editorialjuventud.es\\\/#website\",\"url\":\"https:\\\/\\\/www.editorialjuventud.es\\\/\",\"name\":\"Editorial Juventud\",\"description\":\"\",\"potentialAction\":[{\"@type\":\"SearchAction\",\"target\":{\"@type\":\"EntryPoint\",\"urlTemplate\":\"https:\\\/\\\/www.editorialjuventud.es\\\/?s={search_term_string}\"},\"query-input\":{\"@type\":\"PropertyValueSpecification\",\"valueRequired\":true,\"valueName\":\"search_term_string\"}}],\"inLanguage\":\"ca\"}]}<\/script>\n<!-- \/ Yoast SEO plugin. -->","yoast_head_json":{"title":"En Tim persegueix un gat - Editorial Juventud","description":"Els Cinc van al cinema per\u00f2 en Tim veu un gat i corre per perseguir-lo. Amb aix\u00f2, la colla fa una volta i arriba a una casa buida. Per\u00f2 segur que est\u00e0","robots":{"index":"index","follow":"follow","max-snippet":"max-snippet:-1","max-image-preview":"max-image-preview:large","max-video-preview":"max-video-preview:-1"},"canonical":"https:\/\/www.editorialjuventud.es\/en-tim-persegueix-un-gat-9788426142115\/","og_locale":"ca_ES","og_type":"article","og_title":"En Tim persegueix un gat - Editorial Juventud","og_description":"Els Cinc van al cinema per\u00f2 en Tim veu un gat i corre per perseguir-lo. Amb aix\u00f2, la colla fa una volta i arriba a una casa buida. Per\u00f2 segur que est\u00e0","og_url":"https:\/\/www.editorialjuventud.es\/en-tim-persegueix-un-gat-9788426142115\/","og_site_name":"Editorial Juventud","article_modified_time":"2025-06-21T06:45:07+00:00","og_image":[{"width":293,"height":450,"url":"https:\/\/www.editorialjuventud.es\/wp-content\/uploads\/4211.gif","type":"image\/gif"}],"twitter_card":"summary_large_image","schema":{"@context":"https:\/\/schema.org","@graph":[{"@type":"WebPage","@id":"https:\/\/www.editorialjuventud.es\/en-tim-persegueix-un-gat-9788426142115\/","url":"https:\/\/www.editorialjuventud.es\/en-tim-persegueix-un-gat-9788426142115\/","name":"En Tim persegueix un gat - Editorial Juventud","isPartOf":{"@id":"https:\/\/www.editorialjuventud.es\/#website"},"primaryImageOfPage":{"@id":"https:\/\/www.editorialjuventud.es\/en-tim-persegueix-un-gat-9788426142115\/#primaryimage"},"image":{"@id":"https:\/\/www.editorialjuventud.es\/en-tim-persegueix-un-gat-9788426142115\/#primaryimage"},"thumbnailUrl":"https:\/\/www.editorialjuventud.es\/wp-content\/uploads\/4211.gif","datePublished":"2018-08-24T09:51:08+00:00","dateModified":"2025-06-21T06:45:07+00:00","description":"Els Cinc van al cinema per\u00f2 en Tim veu un gat i corre per perseguir-lo. Amb aix\u00f2, la colla fa una volta i arriba a una casa buida. Per\u00f2 segur que est\u00e0","breadcrumb":{"@id":"https:\/\/www.editorialjuventud.es\/en-tim-persegueix-un-gat-9788426142115\/#breadcrumb"},"inLanguage":"ca","potentialAction":[{"@type":"ReadAction","target":["https:\/\/www.editorialjuventud.es\/en-tim-persegueix-un-gat-9788426142115\/"]}]},{"@type":"ImageObject","inLanguage":"ca","@id":"https:\/\/www.editorialjuventud.es\/en-tim-persegueix-un-gat-9788426142115\/#primaryimage","url":"https:\/\/www.editorialjuventud.es\/wp-content\/uploads\/4211.gif","contentUrl":"https:\/\/www.editorialjuventud.es\/wp-content\/uploads\/4211.gif","width":293,"height":450,"caption":"4211.gif"},{"@type":"BreadcrumbList","@id":"https:\/\/www.editorialjuventud.es\/en-tim-persegueix-un-gat-9788426142115\/#breadcrumb","itemListElement":[{"@type":"ListItem","position":1,"name":"Portada","item":"https:\/\/www.editorialjuventud.es\/"},{"@type":"ListItem","position":2,"name":"cat\u00e1logo","item":"https:\/\/www.editorialjuventud.es\/coleccion\/catalogo\/"},{"@type":"ListItem","position":3,"name":"catal\u00e0","item":"https:\/\/www.editorialjuventud.es\/coleccion\/catala\/"},{"@type":"ListItem","position":4,"name":"Narrativa Juvenil","item":"https:\/\/www.editorialjuventud.es\/ca\/coleccion\/narrativa-juvenil\/"},{"@type":"ListItem","position":5,"name":"Hist\u00f2ries Curtes dels Cinc","item":"https:\/\/www.editorialjuventud.es\/ca\/coleccion\/histories-curtes-dels-cinc\/"},{"@type":"ListItem","position":6,"name":"En Tim persegueix un gat"}]},{"@type":"WebSite","@id":"https:\/\/www.editorialjuventud.es\/#website","url":"https:\/\/www.editorialjuventud.es\/","name":"Editorial Juventud","description":"","potentialAction":[{"@type":"SearchAction","target":{"@type":"EntryPoint","urlTemplate":"https:\/\/www.editorialjuventud.es\/?s={search_term_string}"},"query-input":{"@type":"PropertyValueSpecification","valueRequired":true,"valueName":"search_term_string"}}],"inLanguage":"ca"}]}},"_links":{"self":[{"href":"https:\/\/www.editorialjuventud.es\/ca\/wp-json\/wp\/v2\/product\/6074","targetHints":{"allow":["GET"]}}],"collection":[{"href":"https:\/\/www.editorialjuventud.es\/ca\/wp-json\/wp\/v2\/product"}],"about":[{"href":"https:\/\/www.editorialjuventud.es\/ca\/wp-json\/wp\/v2\/types\/product"}],"wp:featuredmedia":[{"embeddable":true,"href":"https:\/\/www.editorialjuventud.es\/ca\/wp-json\/wp\/v2\/media\/17072"}],"wp:attachment":[{"href":"https:\/\/www.editorialjuventud.es\/ca\/wp-json\/wp\/v2\/media?parent=6074"}],"wp:term":[{"taxonomy":"product_brand","embeddable":true,"href":"https:\/\/www.editorialjuventud.es\/ca\/wp-json\/wp\/v2\/product_brand?post=6074"},{"taxonomy":"product_cat","embeddable":true,"href":"https:\/\/www.editorialjuventud.es\/ca\/wp-json\/wp\/v2\/product_cat?post=6074"},{"taxonomy":"product_tag","embeddable":true,"href":"https:\/\/www.editorialjuventud.es\/ca\/wp-json\/wp\/v2\/product_tag?post=6074"},{"taxonomy":"coleccion","embeddable":true,"href":"https:\/\/www.editorialjuventud.es\/ca\/wp-json\/wp\/v2\/coleccion?post=6074"}],"curies":[{"name":"wp","href":"https:\/\/api.w.org\/{rel}","templated":true}]}}