{"id":6073,"date":"2018-08-24T13:51:04","date_gmt":"2018-08-24T09:51:04","guid":{"rendered":"http:\/\/www.editorialjuventud.es\/la-navidad-de-los-cinco\/"},"modified":"2024-01-02T18:49:12","modified_gmt":"2024-01-02T17:49:12","slug":"la-navidad-de-los-cinco-9788426142108","status":"publish","type":"product","link":"https:\/\/www.editorialjuventud.es\/ca\/la-navidad-de-los-cinco-9788426142108\/","title":{"rendered":"La Navidad de los Cinco"},"content":{"rendered":"<p>\u00a1Es Nochebuena y los Cinco est\u00e1n muy entusiasmados! Empaquetan los regalos para los mayores y el padre de Jorge se prepara para enfundar el disfraz de Pap\u00e1 Noel\u2026Todo est\u00e1 listo para la gran noche\u2026 pero cuando Tim se pone a ladrar como un loco es expulsado a su caseta, y \u00a1no puede evitar que entre un ladr\u00f3n en la casa y se lleve todos los regalos! \u00bfPodr\u00e1 impedir Tim que se arruine la Navidad?<\/p>\n<p><strong>Nota del editor<\/strong>: Este libro habla de las costumbres navide\u00f1as del Reino Unido que son diferentes a las de otros pa\u00edses (en el Reino Unido el Pap\u00e1 Noel solo entrega regalos a los ni\u00f1os por eso los Cinco est\u00e1n empaquetando los regalos a los mayores), para los que crean a\u00fan en la magia de Navidad se aconseja poner a los ni\u00f1os en contexto.<\/p>\n","protected":false},"excerpt":{"rendered":"\u00a1Es Nochebuena y los Cinco est\u00e1n muy entusiasmados! Empaquetan los regalos para los mayores y el padre de Jorge se prepara para enfundar el disfraz de Pap\u00e1 Noel\u2026Todo est\u00e1 listo para la gran noche\u2026 pero cuando Tim se pone a [&hellip;]","protected":false},"featured_media":17070,"template":"","meta":{"_acf_changed":false,"_exactmetrics_skip_tracking":false,"_exactmetrics_sitenote_active":false,"_exactmetrics_sitenote_note":"","_exactmetrics_sitenote_category":0},"product_brand":[],"product_cat":[902,1136,1142,892,1115,1119,1202,1128,1229],"product_tag":[],"coleccion":[916,1026,1086],"class_list":{"0":"post-6073","1":"product","2":"type-product","3":"status-publish","4":"has-post-thumbnail","6":"product_cat-a-partir-de-7-anos","7":"product_cat-amistad","8":"product_cat-aventura","9":"product_cat-edades","10":"product_cat-generos","11":"product_cat-narrativa-juvenil","12":"product_cat-navidad","13":"product_cat-tematica","14":"product_cat-vacaciones-viajes","15":"coleccion-castellano","16":"coleccion-historias-cortas-de-los-cinco","17":"coleccion-narrativa-juvenil-castellano","19":"first","20":"instock","21":"taxable","22":"shipping-taxable","23":"purchasable","24":"product-type-simple"},"acf":{"autor":"BLYTON, ENID","codart":"4210","ediciones":"6","encuadernacion":"R\u00fastica","fecha_de_publicacion":"01\/09\/2015","novedad":"0","paginas":"80","subtitulo":"","texto_web_adicional":"","texto_web_novedad":"","orden":"999","portada":"0","texto_web_resaltado":"","indice":"","autores-libros":[16237],"ilustradores-libros":[17857],"traductores-libros":[18265],"descripcion_corta":"","recomendamos":"","mas_vendido":"","idioma-libro":"","color":false,"formato":"","mas_informacion_del_producto":false,"premios":false,"texto_enlace_cubierta":"","enlace_cubierta":false,"texto_enlace_ficha_tecnica":"","enlace_ficha_tecnica":{"ID":24630,"id":24630,"title":"SERIE Historias Cortas de Los Cinco","filename":"SERIE-Historias-Cortas-de-Los-Cinco.pdf","filesize":902693,"url":"https:\/\/www.editorialjuventud.es\/wp-content\/uploads\/SERIE-Historias-Cortas-de-Los-Cinco.pdf","link":"https:\/\/www.editorialjuventud.es\/ca\/?attachment_id=24630","alt":"","author":"47","description":"","caption":"","name":"serie-historias-cortas-de-los-cinco","status":"inherit","uploaded_to":6070,"date":"2019-04-24 09:48:48","modified":"2019-04-24 09:48:48","menu_order":0,"mime_type":"application\/pdf","type":"application","subtype":"pdf","icon":"https:\/\/www.editorialjuventud.es\/wp-includes\/images\/media\/document.png"},"ficheros":false,"titulo-fr":"","texto-fr":"","fecha_de_reimpresion":"01\/04\/2021","deshabilitar_compra":["deshabilitar"]},"yoast_head":"<!-- This site is optimized with the Yoast SEO plugin v27.3 - https:\/\/yoast.com\/product\/yoast-seo-wordpress\/ -->\n<title>La Navidad de los Cinco - Editorial Juventud<\/title>\n<meta name=\"description\" content=\"\u00a1Es Nochebuena y los Cinco est\u00e1n muy entusiasmados! Empaquetan los regalos para los mayores y el padre de Jorge se prepara para enfundar el disfraz de\" \/>\n<meta name=\"robots\" content=\"index, follow, max-snippet:-1, max-image-preview:large, max-video-preview:-1\" \/>\n<link rel=\"canonical\" href=\"https:\/\/www.editorialjuventud.es\/la-navidad-de-los-cinco-9788426142108\/\" \/>\n<meta property=\"og:locale\" content=\"ca_ES\" \/>\n<meta property=\"og:type\" content=\"article\" \/>\n<meta property=\"og:title\" content=\"La Navidad de los Cinco - Editorial Juventud\" \/>\n<meta property=\"og:description\" content=\"\u00a1Es Nochebuena y los Cinco est\u00e1n muy entusiasmados! Empaquetan los regalos para los mayores y el padre de Jorge se prepara para enfundar el disfraz de\" \/>\n<meta property=\"og:url\" content=\"https:\/\/www.editorialjuventud.es\/la-navidad-de-los-cinco-9788426142108\/\" \/>\n<meta property=\"og:site_name\" content=\"Editorial Juventud\" \/>\n<meta property=\"article:modified_time\" content=\"2024-01-02T17:49:12+00:00\" \/>\n<meta property=\"og:image\" content=\"https:\/\/www.editorialjuventud.es\/wp-content\/uploads\/4210.gif\" \/>\n\t<meta property=\"og:image:width\" content=\"292\" \/>\n\t<meta property=\"og:image:height\" content=\"450\" \/>\n\t<meta property=\"og:image:type\" content=\"image\/gif\" \/>\n<meta name=\"twitter:card\" content=\"summary_large_image\" \/>\n<meta name=\"twitter:label1\" content=\"Temps estimat de lectura\" \/>\n\t<meta name=\"twitter:data1\" content=\"1 minut\" \/>\n<script type=\"application\/ld+json\" class=\"yoast-schema-graph\">{\"@context\":\"https:\\\/\\\/schema.org\",\"@graph\":[{\"@type\":\"WebPage\",\"@id\":\"https:\\\/\\\/www.editorialjuventud.es\\\/la-navidad-de-los-cinco-9788426142108\\\/\",\"url\":\"https:\\\/\\\/www.editorialjuventud.es\\\/la-navidad-de-los-cinco-9788426142108\\\/\",\"name\":\"La Navidad de los Cinco - Editorial Juventud\",\"isPartOf\":{\"@id\":\"https:\\\/\\\/www.editorialjuventud.es\\\/#website\"},\"primaryImageOfPage\":{\"@id\":\"https:\\\/\\\/www.editorialjuventud.es\\\/la-navidad-de-los-cinco-9788426142108\\\/#primaryimage\"},\"image\":{\"@id\":\"https:\\\/\\\/www.editorialjuventud.es\\\/la-navidad-de-los-cinco-9788426142108\\\/#primaryimage\"},\"thumbnailUrl\":\"https:\\\/\\\/www.editorialjuventud.es\\\/wp-content\\\/uploads\\\/4210.gif\",\"datePublished\":\"2018-08-24T09:51:04+00:00\",\"dateModified\":\"2024-01-02T17:49:12+00:00\",\"description\":\"\u00a1Es Nochebuena y los Cinco est\u00e1n muy entusiasmados! Empaquetan los regalos para los mayores y el padre de Jorge se prepara para enfundar el disfraz de\",\"breadcrumb\":{\"@id\":\"https:\\\/\\\/www.editorialjuventud.es\\\/la-navidad-de-los-cinco-9788426142108\\\/#breadcrumb\"},\"inLanguage\":\"ca\",\"potentialAction\":[{\"@type\":\"ReadAction\",\"target\":[\"https:\\\/\\\/www.editorialjuventud.es\\\/la-navidad-de-los-cinco-9788426142108\\\/\"]}]},{\"@type\":\"ImageObject\",\"inLanguage\":\"ca\",\"@id\":\"https:\\\/\\\/www.editorialjuventud.es\\\/la-navidad-de-los-cinco-9788426142108\\\/#primaryimage\",\"url\":\"https:\\\/\\\/www.editorialjuventud.es\\\/wp-content\\\/uploads\\\/4210.gif\",\"contentUrl\":\"https:\\\/\\\/www.editorialjuventud.es\\\/wp-content\\\/uploads\\\/4210.gif\",\"width\":292,\"height\":450,\"caption\":\"4210.gif\"},{\"@type\":\"BreadcrumbList\",\"@id\":\"https:\\\/\\\/www.editorialjuventud.es\\\/la-navidad-de-los-cinco-9788426142108\\\/#breadcrumb\",\"itemListElement\":[{\"@type\":\"ListItem\",\"position\":1,\"name\":\"Portada\",\"item\":\"https:\\\/\\\/www.editorialjuventud.es\\\/\"},{\"@type\":\"ListItem\",\"position\":2,\"name\":\"cat\u00e1logo\",\"item\":\"https:\\\/\\\/www.editorialjuventud.es\\\/coleccion\\\/catalogo\\\/\"},{\"@type\":\"ListItem\",\"position\":3,\"name\":\"castellano\",\"item\":\"https:\\\/\\\/www.editorialjuventud.es\\\/coleccion\\\/castellano\\\/\"},{\"@type\":\"ListItem\",\"position\":4,\"name\":\"Narrativa Juvenil\",\"item\":\"https:\\\/\\\/www.editorialjuventud.es\\\/coleccion\\\/narrativa-juvenil-castellano\\\/\"},{\"@type\":\"ListItem\",\"position\":5,\"name\":\"Historias Cortas de los Cinco\",\"item\":\"https:\\\/\\\/www.editorialjuventud.es\\\/coleccion\\\/historias-cortas-de-los-cinco\\\/\"},{\"@type\":\"ListItem\",\"position\":6,\"name\":\"La Navidad de los Cinco\"}]},{\"@type\":\"WebSite\",\"@id\":\"https:\\\/\\\/www.editorialjuventud.es\\\/#website\",\"url\":\"https:\\\/\\\/www.editorialjuventud.es\\\/\",\"name\":\"Editorial Juventud\",\"description\":\"\",\"potentialAction\":[{\"@type\":\"SearchAction\",\"target\":{\"@type\":\"EntryPoint\",\"urlTemplate\":\"https:\\\/\\\/www.editorialjuventud.es\\\/?s={search_term_string}\"},\"query-input\":{\"@type\":\"PropertyValueSpecification\",\"valueRequired\":true,\"valueName\":\"search_term_string\"}}],\"inLanguage\":\"ca\"}]}<\/script>\n<!-- \/ Yoast SEO plugin. -->","yoast_head_json":{"title":"La Navidad de los Cinco - Editorial Juventud","description":"\u00a1Es Nochebuena y los Cinco est\u00e1n muy entusiasmados! Empaquetan los regalos para los mayores y el padre de Jorge se prepara para enfundar el disfraz de","robots":{"index":"index","follow":"follow","max-snippet":"max-snippet:-1","max-image-preview":"max-image-preview:large","max-video-preview":"max-video-preview:-1"},"canonical":"https:\/\/www.editorialjuventud.es\/la-navidad-de-los-cinco-9788426142108\/","og_locale":"ca_ES","og_type":"article","og_title":"La Navidad de los Cinco - Editorial Juventud","og_description":"\u00a1Es Nochebuena y los Cinco est\u00e1n muy entusiasmados! Empaquetan los regalos para los mayores y el padre de Jorge se prepara para enfundar el disfraz de","og_url":"https:\/\/www.editorialjuventud.es\/la-navidad-de-los-cinco-9788426142108\/","og_site_name":"Editorial Juventud","article_modified_time":"2024-01-02T17:49:12+00:00","og_image":[{"width":292,"height":450,"url":"https:\/\/www.editorialjuventud.es\/wp-content\/uploads\/4210.gif","type":"image\/gif"}],"twitter_card":"summary_large_image","twitter_misc":{"Temps estimat de lectura":"1 minut"},"schema":{"@context":"https:\/\/schema.org","@graph":[{"@type":"WebPage","@id":"https:\/\/www.editorialjuventud.es\/la-navidad-de-los-cinco-9788426142108\/","url":"https:\/\/www.editorialjuventud.es\/la-navidad-de-los-cinco-9788426142108\/","name":"La Navidad de los Cinco - Editorial Juventud","isPartOf":{"@id":"https:\/\/www.editorialjuventud.es\/#website"},"primaryImageOfPage":{"@id":"https:\/\/www.editorialjuventud.es\/la-navidad-de-los-cinco-9788426142108\/#primaryimage"},"image":{"@id":"https:\/\/www.editorialjuventud.es\/la-navidad-de-los-cinco-9788426142108\/#primaryimage"},"thumbnailUrl":"https:\/\/www.editorialjuventud.es\/wp-content\/uploads\/4210.gif","datePublished":"2018-08-24T09:51:04+00:00","dateModified":"2024-01-02T17:49:12+00:00","description":"\u00a1Es Nochebuena y los Cinco est\u00e1n muy entusiasmados! Empaquetan los regalos para los mayores y el padre de Jorge se prepara para enfundar el disfraz de","breadcrumb":{"@id":"https:\/\/www.editorialjuventud.es\/la-navidad-de-los-cinco-9788426142108\/#breadcrumb"},"inLanguage":"ca","potentialAction":[{"@type":"ReadAction","target":["https:\/\/www.editorialjuventud.es\/la-navidad-de-los-cinco-9788426142108\/"]}]},{"@type":"ImageObject","inLanguage":"ca","@id":"https:\/\/www.editorialjuventud.es\/la-navidad-de-los-cinco-9788426142108\/#primaryimage","url":"https:\/\/www.editorialjuventud.es\/wp-content\/uploads\/4210.gif","contentUrl":"https:\/\/www.editorialjuventud.es\/wp-content\/uploads\/4210.gif","width":292,"height":450,"caption":"4210.gif"},{"@type":"BreadcrumbList","@id":"https:\/\/www.editorialjuventud.es\/la-navidad-de-los-cinco-9788426142108\/#breadcrumb","itemListElement":[{"@type":"ListItem","position":1,"name":"Portada","item":"https:\/\/www.editorialjuventud.es\/"},{"@type":"ListItem","position":2,"name":"cat\u00e1logo","item":"https:\/\/www.editorialjuventud.es\/coleccion\/catalogo\/"},{"@type":"ListItem","position":3,"name":"castellano","item":"https:\/\/www.editorialjuventud.es\/coleccion\/castellano\/"},{"@type":"ListItem","position":4,"name":"Narrativa Juvenil","item":"https:\/\/www.editorialjuventud.es\/coleccion\/narrativa-juvenil-castellano\/"},{"@type":"ListItem","position":5,"name":"Historias Cortas de los Cinco","item":"https:\/\/www.editorialjuventud.es\/coleccion\/historias-cortas-de-los-cinco\/"},{"@type":"ListItem","position":6,"name":"La Navidad de los Cinco"}]},{"@type":"WebSite","@id":"https:\/\/www.editorialjuventud.es\/#website","url":"https:\/\/www.editorialjuventud.es\/","name":"Editorial Juventud","description":"","potentialAction":[{"@type":"SearchAction","target":{"@type":"EntryPoint","urlTemplate":"https:\/\/www.editorialjuventud.es\/?s={search_term_string}"},"query-input":{"@type":"PropertyValueSpecification","valueRequired":true,"valueName":"search_term_string"}}],"inLanguage":"ca"}]}},"_links":{"self":[{"href":"https:\/\/www.editorialjuventud.es\/ca\/wp-json\/wp\/v2\/product\/6073","targetHints":{"allow":["GET"]}}],"collection":[{"href":"https:\/\/www.editorialjuventud.es\/ca\/wp-json\/wp\/v2\/product"}],"about":[{"href":"https:\/\/www.editorialjuventud.es\/ca\/wp-json\/wp\/v2\/types\/product"}],"wp:featuredmedia":[{"embeddable":true,"href":"https:\/\/www.editorialjuventud.es\/ca\/wp-json\/wp\/v2\/media\/17070"}],"wp:attachment":[{"href":"https:\/\/www.editorialjuventud.es\/ca\/wp-json\/wp\/v2\/media?parent=6073"}],"wp:term":[{"taxonomy":"product_brand","embeddable":true,"href":"https:\/\/www.editorialjuventud.es\/ca\/wp-json\/wp\/v2\/product_brand?post=6073"},{"taxonomy":"product_cat","embeddable":true,"href":"https:\/\/www.editorialjuventud.es\/ca\/wp-json\/wp\/v2\/product_cat?post=6073"},{"taxonomy":"product_tag","embeddable":true,"href":"https:\/\/www.editorialjuventud.es\/ca\/wp-json\/wp\/v2\/product_tag?post=6073"},{"taxonomy":"coleccion","embeddable":true,"href":"https:\/\/www.editorialjuventud.es\/ca\/wp-json\/wp\/v2\/coleccion?post=6073"}],"curies":[{"name":"wp","href":"https:\/\/api.w.org\/{rel}","templated":true}]}}