{"id":6069,"date":"2018-08-24T13:50:43","date_gmt":"2018-08-24T09:50:43","guid":{"rendered":"http:\/\/www.editorialjuventud.es\/els-cinc-i-el-gran-enigma\/"},"modified":"2025-07-21T10:54:08","modified_gmt":"2025-07-21T08:54:08","slug":"els-cinc-i-el-gran-enigma-9788426142078","status":"publish","type":"product","link":"https:\/\/www.editorialjuventud.es\/ca\/els-cinc-i-el-gran-enigma-9788426142078\/","title":{"rendered":"Els Cinc i el gran enigma"},"content":{"rendered":"<p>La Jordi veu una llum a l\u0092illa de Kirrin en plena nit, i s\u0092adona que \u00e9s la primera pista que hi ha intrusos a la seva illa privada. Qui s\u00f3n els visitants misteriosos, i qu\u00e8 hi fan a l\u0092illa?<\/p>\n","protected":false},"excerpt":{"rendered":"La Jordi veu una llum a l\u0092illa de Kirrin en plena nit, i s\u0092adona que \u00e9s la primera pista que hi ha intrusos a la seva illa privada. Qui s\u00f3n els visitants misteriosos, i qu\u00e8 hi fan a l\u0092illa?","protected":false},"featured_media":17064,"template":"","meta":{"_acf_changed":false,"_exactmetrics_skip_tracking":false,"_exactmetrics_sitenote_active":false,"_exactmetrics_sitenote_note":"","_exactmetrics_sitenote_category":0},"product_brand":[],"product_cat":[902,1136,1142,892,1115,1119,1128,1229],"product_tag":[],"coleccion":[915,982,926],"class_list":{"0":"post-6069","1":"product","2":"type-product","3":"status-publish","4":"has-post-thumbnail","6":"product_cat-a-partir-de-7-anos","7":"product_cat-amistad","8":"product_cat-aventura","9":"product_cat-edades","10":"product_cat-generos","11":"product_cat-narrativa-juvenil","12":"product_cat-tematica","13":"product_cat-vacaciones-viajes","14":"coleccion-catala","15":"coleccion-histories-curtes-dels-cinc","16":"coleccion-narrativa-juvenil","18":"first","19":"instock","20":"taxable","21":"shipping-taxable","22":"purchasable","23":"product-type-simple"},"acf":{"autor":"BLYTON, ENID","codart":"4207","ediciones":"8","encuadernacion":"R\u00fastica","fecha_de_publicacion":"01\/09\/2015","novedad":"0","paginas":"80","subtitulo":"","texto_web_adicional":"","texto_web_novedad":"","orden":"999","portada":"0","texto_web_resaltado":"","indice":"","autores-libros":[16237],"ilustradores-libros":[17857],"traductores-libros":[58414],"descripcion_corta":"","recomendamos":"","mas_vendido":"","idioma-libro":"","color":false,"formato":"","mas_informacion_del_producto":false,"premios":false,"texto_enlace_cubierta":"","enlace_cubierta":false,"texto_enlace_ficha_tecnica":"","enlace_ficha_tecnica":false,"ficheros":false,"titulo-fr":"","texto-fr":"","fecha_de_reimpresion":"01\/12\/2023","deshabilitar_compra":["deshabilitar"]},"yoast_head":"<!-- This site is optimized with the Yoast SEO plugin v27.5 - https:\/\/yoast.com\/product\/yoast-seo-wordpress\/ -->\n<title>Els Cinc i el gran enigma - Editorial Juventud<\/title>\n<meta name=\"description\" content=\"La Jordi veu una llum a l\u0092illa de Kirrin en plena nit, i s\u0092adona que \u00e9s la primera pista que hi ha intrusos a la seva illa privada. Qui s\u00f3n els visitants\" \/>\n<meta name=\"robots\" content=\"index, follow, max-snippet:-1, max-image-preview:large, max-video-preview:-1\" \/>\n<link rel=\"canonical\" href=\"https:\/\/www.editorialjuventud.es\/els-cinc-i-el-gran-enigma-9788426142078\/\" \/>\n<meta property=\"og:locale\" content=\"ca_ES\" \/>\n<meta property=\"og:type\" content=\"article\" \/>\n<meta property=\"og:title\" content=\"Els Cinc i el gran enigma - Editorial Juventud\" \/>\n<meta property=\"og:description\" content=\"La Jordi veu una llum a l\u0092illa de Kirrin en plena nit, i s\u0092adona que \u00e9s la primera pista que hi ha intrusos a la seva illa privada. Qui s\u00f3n els visitants\" \/>\n<meta property=\"og:url\" content=\"https:\/\/www.editorialjuventud.es\/els-cinc-i-el-gran-enigma-9788426142078\/\" \/>\n<meta property=\"og:site_name\" content=\"Editorial Juventud\" \/>\n<meta property=\"article:modified_time\" content=\"2025-07-21T08:54:08+00:00\" \/>\n<meta property=\"og:image\" content=\"https:\/\/www.editorialjuventud.es\/wp-content\/uploads\/4207.gif\" \/>\n\t<meta property=\"og:image:width\" content=\"293\" \/>\n\t<meta property=\"og:image:height\" content=\"450\" \/>\n\t<meta property=\"og:image:type\" content=\"image\/gif\" \/>\n<meta name=\"twitter:card\" content=\"summary_large_image\" \/>\n<meta name=\"twitter:label1\" content=\"Temps estimat de lectura\" \/>\n\t<meta name=\"twitter:data1\" content=\"1 minut\" \/>\n<script type=\"application\/ld+json\" class=\"yoast-schema-graph\">{\"@context\":\"https:\\\/\\\/schema.org\",\"@graph\":[{\"@type\":\"WebPage\",\"@id\":\"https:\\\/\\\/www.editorialjuventud.es\\\/els-cinc-i-el-gran-enigma-9788426142078\\\/\",\"url\":\"https:\\\/\\\/www.editorialjuventud.es\\\/els-cinc-i-el-gran-enigma-9788426142078\\\/\",\"name\":\"Els Cinc i el gran enigma - Editorial Juventud\",\"isPartOf\":{\"@id\":\"https:\\\/\\\/www.editorialjuventud.es\\\/#website\"},\"primaryImageOfPage\":{\"@id\":\"https:\\\/\\\/www.editorialjuventud.es\\\/els-cinc-i-el-gran-enigma-9788426142078\\\/#primaryimage\"},\"image\":{\"@id\":\"https:\\\/\\\/www.editorialjuventud.es\\\/els-cinc-i-el-gran-enigma-9788426142078\\\/#primaryimage\"},\"thumbnailUrl\":\"https:\\\/\\\/www.editorialjuventud.es\\\/wp-content\\\/uploads\\\/4207.gif\",\"datePublished\":\"2018-08-24T09:50:43+00:00\",\"dateModified\":\"2025-07-21T08:54:08+00:00\",\"description\":\"La Jordi veu una llum a l\u0092illa de Kirrin en plena nit, i s\u0092adona que \u00e9s la primera pista que hi ha intrusos a la seva illa privada. Qui s\u00f3n els visitants\",\"breadcrumb\":{\"@id\":\"https:\\\/\\\/www.editorialjuventud.es\\\/els-cinc-i-el-gran-enigma-9788426142078\\\/#breadcrumb\"},\"inLanguage\":\"ca\",\"potentialAction\":[{\"@type\":\"ReadAction\",\"target\":[\"https:\\\/\\\/www.editorialjuventud.es\\\/els-cinc-i-el-gran-enigma-9788426142078\\\/\"]}]},{\"@type\":\"ImageObject\",\"inLanguage\":\"ca\",\"@id\":\"https:\\\/\\\/www.editorialjuventud.es\\\/els-cinc-i-el-gran-enigma-9788426142078\\\/#primaryimage\",\"url\":\"https:\\\/\\\/www.editorialjuventud.es\\\/wp-content\\\/uploads\\\/4207.gif\",\"contentUrl\":\"https:\\\/\\\/www.editorialjuventud.es\\\/wp-content\\\/uploads\\\/4207.gif\",\"width\":293,\"height\":450,\"caption\":\"4207.gif\"},{\"@type\":\"BreadcrumbList\",\"@id\":\"https:\\\/\\\/www.editorialjuventud.es\\\/els-cinc-i-el-gran-enigma-9788426142078\\\/#breadcrumb\",\"itemListElement\":[{\"@type\":\"ListItem\",\"position\":1,\"name\":\"Portada\",\"item\":\"https:\\\/\\\/www.editorialjuventud.es\\\/\"},{\"@type\":\"ListItem\",\"position\":2,\"name\":\"cat\u00e1logo\",\"item\":\"https:\\\/\\\/www.editorialjuventud.es\\\/coleccion\\\/catalogo\\\/\"},{\"@type\":\"ListItem\",\"position\":3,\"name\":\"catal\u00e0\",\"item\":\"https:\\\/\\\/www.editorialjuventud.es\\\/coleccion\\\/catala\\\/\"},{\"@type\":\"ListItem\",\"position\":4,\"name\":\"Narrativa Juvenil\",\"item\":\"https:\\\/\\\/www.editorialjuventud.es\\\/ca\\\/coleccion\\\/narrativa-juvenil\\\/\"},{\"@type\":\"ListItem\",\"position\":5,\"name\":\"Hist\u00f2ries Curtes dels Cinc\",\"item\":\"https:\\\/\\\/www.editorialjuventud.es\\\/ca\\\/coleccion\\\/histories-curtes-dels-cinc\\\/\"},{\"@type\":\"ListItem\",\"position\":6,\"name\":\"Els Cinc i el gran enigma\"}]},{\"@type\":\"WebSite\",\"@id\":\"https:\\\/\\\/www.editorialjuventud.es\\\/#website\",\"url\":\"https:\\\/\\\/www.editorialjuventud.es\\\/\",\"name\":\"Editorial Juventud\",\"description\":\"\",\"potentialAction\":[{\"@type\":\"SearchAction\",\"target\":{\"@type\":\"EntryPoint\",\"urlTemplate\":\"https:\\\/\\\/www.editorialjuventud.es\\\/?s={search_term_string}\"},\"query-input\":{\"@type\":\"PropertyValueSpecification\",\"valueRequired\":true,\"valueName\":\"search_term_string\"}}],\"inLanguage\":\"ca\"}]}<\/script>\n<!-- \/ Yoast SEO plugin. -->","yoast_head_json":{"title":"Els Cinc i el gran enigma - Editorial Juventud","description":"La Jordi veu una llum a l\u0092illa de Kirrin en plena nit, i s\u0092adona que \u00e9s la primera pista que hi ha intrusos a la seva illa privada. Qui s\u00f3n els visitants","robots":{"index":"index","follow":"follow","max-snippet":"max-snippet:-1","max-image-preview":"max-image-preview:large","max-video-preview":"max-video-preview:-1"},"canonical":"https:\/\/www.editorialjuventud.es\/els-cinc-i-el-gran-enigma-9788426142078\/","og_locale":"ca_ES","og_type":"article","og_title":"Els Cinc i el gran enigma - Editorial Juventud","og_description":"La Jordi veu una llum a l\u0092illa de Kirrin en plena nit, i s\u0092adona que \u00e9s la primera pista que hi ha intrusos a la seva illa privada. Qui s\u00f3n els visitants","og_url":"https:\/\/www.editorialjuventud.es\/els-cinc-i-el-gran-enigma-9788426142078\/","og_site_name":"Editorial Juventud","article_modified_time":"2025-07-21T08:54:08+00:00","og_image":[{"width":293,"height":450,"url":"https:\/\/www.editorialjuventud.es\/wp-content\/uploads\/4207.gif","type":"image\/gif"}],"twitter_card":"summary_large_image","twitter_misc":{"Temps estimat de lectura":"1 minut"},"schema":{"@context":"https:\/\/schema.org","@graph":[{"@type":"WebPage","@id":"https:\/\/www.editorialjuventud.es\/els-cinc-i-el-gran-enigma-9788426142078\/","url":"https:\/\/www.editorialjuventud.es\/els-cinc-i-el-gran-enigma-9788426142078\/","name":"Els Cinc i el gran enigma - Editorial Juventud","isPartOf":{"@id":"https:\/\/www.editorialjuventud.es\/#website"},"primaryImageOfPage":{"@id":"https:\/\/www.editorialjuventud.es\/els-cinc-i-el-gran-enigma-9788426142078\/#primaryimage"},"image":{"@id":"https:\/\/www.editorialjuventud.es\/els-cinc-i-el-gran-enigma-9788426142078\/#primaryimage"},"thumbnailUrl":"https:\/\/www.editorialjuventud.es\/wp-content\/uploads\/4207.gif","datePublished":"2018-08-24T09:50:43+00:00","dateModified":"2025-07-21T08:54:08+00:00","description":"La Jordi veu una llum a l\u0092illa de Kirrin en plena nit, i s\u0092adona que \u00e9s la primera pista que hi ha intrusos a la seva illa privada. Qui s\u00f3n els visitants","breadcrumb":{"@id":"https:\/\/www.editorialjuventud.es\/els-cinc-i-el-gran-enigma-9788426142078\/#breadcrumb"},"inLanguage":"ca","potentialAction":[{"@type":"ReadAction","target":["https:\/\/www.editorialjuventud.es\/els-cinc-i-el-gran-enigma-9788426142078\/"]}]},{"@type":"ImageObject","inLanguage":"ca","@id":"https:\/\/www.editorialjuventud.es\/els-cinc-i-el-gran-enigma-9788426142078\/#primaryimage","url":"https:\/\/www.editorialjuventud.es\/wp-content\/uploads\/4207.gif","contentUrl":"https:\/\/www.editorialjuventud.es\/wp-content\/uploads\/4207.gif","width":293,"height":450,"caption":"4207.gif"},{"@type":"BreadcrumbList","@id":"https:\/\/www.editorialjuventud.es\/els-cinc-i-el-gran-enigma-9788426142078\/#breadcrumb","itemListElement":[{"@type":"ListItem","position":1,"name":"Portada","item":"https:\/\/www.editorialjuventud.es\/"},{"@type":"ListItem","position":2,"name":"cat\u00e1logo","item":"https:\/\/www.editorialjuventud.es\/coleccion\/catalogo\/"},{"@type":"ListItem","position":3,"name":"catal\u00e0","item":"https:\/\/www.editorialjuventud.es\/coleccion\/catala\/"},{"@type":"ListItem","position":4,"name":"Narrativa Juvenil","item":"https:\/\/www.editorialjuventud.es\/ca\/coleccion\/narrativa-juvenil\/"},{"@type":"ListItem","position":5,"name":"Hist\u00f2ries Curtes dels Cinc","item":"https:\/\/www.editorialjuventud.es\/ca\/coleccion\/histories-curtes-dels-cinc\/"},{"@type":"ListItem","position":6,"name":"Els Cinc i el gran enigma"}]},{"@type":"WebSite","@id":"https:\/\/www.editorialjuventud.es\/#website","url":"https:\/\/www.editorialjuventud.es\/","name":"Editorial Juventud","description":"","potentialAction":[{"@type":"SearchAction","target":{"@type":"EntryPoint","urlTemplate":"https:\/\/www.editorialjuventud.es\/?s={search_term_string}"},"query-input":{"@type":"PropertyValueSpecification","valueRequired":true,"valueName":"search_term_string"}}],"inLanguage":"ca"}]}},"_links":{"self":[{"href":"https:\/\/www.editorialjuventud.es\/ca\/wp-json\/wp\/v2\/product\/6069","targetHints":{"allow":["GET"]}}],"collection":[{"href":"https:\/\/www.editorialjuventud.es\/ca\/wp-json\/wp\/v2\/product"}],"about":[{"href":"https:\/\/www.editorialjuventud.es\/ca\/wp-json\/wp\/v2\/types\/product"}],"wp:featuredmedia":[{"embeddable":true,"href":"https:\/\/www.editorialjuventud.es\/ca\/wp-json\/wp\/v2\/media\/17064"}],"wp:attachment":[{"href":"https:\/\/www.editorialjuventud.es\/ca\/wp-json\/wp\/v2\/media?parent=6069"}],"wp:term":[{"taxonomy":"product_brand","embeddable":true,"href":"https:\/\/www.editorialjuventud.es\/ca\/wp-json\/wp\/v2\/product_brand?post=6069"},{"taxonomy":"product_cat","embeddable":true,"href":"https:\/\/www.editorialjuventud.es\/ca\/wp-json\/wp\/v2\/product_cat?post=6069"},{"taxonomy":"product_tag","embeddable":true,"href":"https:\/\/www.editorialjuventud.es\/ca\/wp-json\/wp\/v2\/product_tag?post=6069"},{"taxonomy":"coleccion","embeddable":true,"href":"https:\/\/www.editorialjuventud.es\/ca\/wp-json\/wp\/v2\/coleccion?post=6069"}],"curies":[{"name":"wp","href":"https:\/\/api.w.org\/{rel}","templated":true}]}}